{"id":9215,"date":"2024-07-04T14:11:07","date_gmt":"2024-07-04T14:11:07","guid":{"rendered":"https:\/\/idakorea.ee\/?post_type=product&#038;p=9215"},"modified":"2026-03-07T12:31:24","modified_gmt":"2026-03-07T10:31:24","slug":"rahustav-komplekt-pyunkang-yul-calming-line-gift-set","status":"publish","type":"product","link":"https:\/\/idakorea.ee\/en\/product\/rahustav-komplekt-pyunkang-yul-calming-line-gift-set\/","title":{"rendered":"Calming Set Pyunkang Yul Calming Line Gift Set"},"content":{"rendered":"<p class=\"changeName\"><strong>Calming Set Pyunkang Yul Calming Line Gift Set <\/strong><span style=\"font-family: var(--global-body-font-family);\">excellent for oily or combination skin prone to breakouts.<\/span><\/p>\n<p><strong>Composition of the kit:<\/strong><\/p>\n<p><strong>1. Pyunkang Yul Calming Deep Moisture Toner for Daily Use, 150 ml<\/strong><\/p>\n<p><strong>Product features:<\/strong><\/p>\n<ul>\n<li>Gently softens the skin.<\/li>\n<li>Clogs pores.<\/li>\n<li>Nourishes and tones the skin.<\/li>\n<li>It soaks.<\/li>\n<\/ul>\n<p><strong>Main active ingredients:<\/strong><\/p>\n<ul>\n<li><strong>White willow bark extract:<\/strong> regulates sebum production, gently dissolves dirt and black spots, tightens pores, has anti-inflammatory properties.<\/li>\n<li><strong>Gluconolactone:<\/strong> has moisturizing properties, smoothes the complexion, protects against free radicals, suitable for sensitive skin.<\/li>\n<li><strong>Tea tree extract and Japanese honeysuckle extract:<\/strong> help soothe irritation, have antibacterial, wound-healing and soothing properties.<\/li>\n<li><strong>5 types of hyaluronic acid complex:<\/strong> deeply moisturises, helps to restore water balance and retain moisture in skin cells, eliminating scaling and dryness.<\/li>\n<li><strong>Asian watercress extract:<\/strong> helps to quickly relieve inflammation and irritation, speeds up the healing process and has a mildly rejuvenating effect.<\/li>\n<\/ul>\n<p><strong>How to use:<\/strong> After washing the face, apply a sufficient amount of toner to a cotton pad or your hands and gently \"pat\" the skin until the product is fully absorbed. Using a toner mask for topical application: apply toner to cotton pad, place on face, remove after 5-10 minutes.<\/p>\n<p>&nbsp;<\/p>\n<p><strong>2. Soothing Calming Moisture Serum, 30 ml<\/strong><\/p>\n<p><strong>Features:<\/strong><\/p>\n<ul>\n<li>Gently softens the skin.<\/li>\n<li>Restores water balance.<\/li>\n<li>Feeds.<\/li>\n<li>Eliminates scaling.<\/li>\n<li>It soaks.<\/li>\n<\/ul>\n<p><strong>Main active ingredients:<\/strong><\/p>\n<ul>\n<li><strong>CICA complex:<\/strong> increases skin elasticity and vitality, saturates the deep layers of the skin with moisture. Forms a barrier that protects the skin from ultraviolet rays and negative environmental factors.<\/li>\n<li><strong>Tea tree oil:<\/strong> is an effective antimicrobial and wound-healing agent. Fights pore congestion, normalizes sebaceous gland function and fat production, reduces greasy shine.<\/li>\n<li><strong>Puju extract:<\/strong> has soothing, anti-inflammatory, antioxidant and moisturising properties. Eliminates inflammation and redness, regulates sebum production, eliminates greasy shine.<\/li>\n<li><strong>Hyaluronic acid of different molecular weights:<\/strong> penetrates deep into the layers of the skin, actively moisturises cells, helps retain moisture. Forms a protective layer that prevents moisture evaporation.<\/li>\n<\/ul>\n<p><strong>How to use:<\/strong> Apply the required amount of serum after toning the skin.<\/p>\n<p>&nbsp;<\/p>\n<p><strong>3. Pyunkang Yul Calming Moisture Barrier Cream, 50 ml<\/strong><\/p>\n<p><strong>Features:<\/strong><\/p>\n<ul>\n<li>Soothes irritation, redness and inflammation.<\/li>\n<li>Soothes the skin.<\/li>\n<li>Intensely moisturising.<\/li>\n<li>Accelerates the healing process.<\/li>\n<li>Strengthens the protective barrier.<\/li>\n<\/ul>\n<p><strong>Main active ingredients:<\/strong><\/p>\n<ul>\n<li><strong>Extracts of Asian watercress and its derivatives:<\/strong> relieve inflammation and redness, soothe the skin, increase elasticity and have a mildly rejuvenating effect.<\/li>\n<li><strong>Ceramides:<\/strong> fill in lipid gaps, repair damaged areas and strengthen the protective barrier.<\/li>\n<li><strong>Tea tree extract:<\/strong> has antiseptic and antibacterial properties, soothes the skin.<\/li>\n<li><strong>Japanese honeysuckle extract:<\/strong> has an overall toning effect, combats acne and inflammation.<\/li>\n<li><strong>Skvala:<\/strong> prevents evaporation of moisture, softens the skin, eliminates dryness and scaling, slows down the ageing process.<\/li>\n<li><strong>Hyaluronic acid:<\/strong> intensively moisturises the skin, helps to retain moisture, eliminates dryness and scaling.<\/li>\n<li><strong>Sheav\u00f5i:<\/strong> intensively nourishes the skin, improves regeneration processes, has a strong protective action.<\/li>\n<li><strong>Pantenol:<\/strong> promotes rapid healing, speeds up the recovery process, moisturises and nourishes the skin, increases elasticity.<\/li>\n<\/ul>\n<p><strong>How to use:<\/strong> Apply the required amount of cream to cleansed and toned skin as the final step of the treatment.<\/p>","protected":false},"excerpt":{"rendered":"<p>The soothing Pyunkang Yul Calming Line Gift Set is perfect for oily or combination skin prone to breakouts. Set Composition. Moisturizing Toner. Moisturizes and tones the skin. Moisturizes the skin. Main active ingredients: white willow bark extract: regulates the production of sebum,...<\/p>","protected":false},"featured_media":9216,"comment_status":"open","ping_status":"closed","template":"","meta":{"_uf_show_specific_survey":0,"_uf_disable_surveys":false,"_bst_post_transparent":"default","_bst_post_title":"","_bst_post_layout":"default","_bst_post_sidebar_id":"","_bst_post_content_style":"default","_bst_post_vertical_padding":"default","_bst_post_feature":"","_bst_post_feature_position":"","_bst_post_header":false,"_bst_post_footer":false},"pwb-brand":[474],"product_brand":[],"product_cat":[95],"product_tag":[],"class_list":{"0":"post-9215","1":"product","2":"type-product","3":"status-publish","4":"has-post-thumbnail","6":"pwb-brand-pyunkang-yul","7":"product_cat-komplektid","9":"first","10":"outofstock","11":"sale","12":"shipping-taxable","13":"purchasable","14":"product-type-simple","15":"entry","16":"content-bg","17":"loop-entry"},"supplier_id":null,"supplier_sku":"","barcode":null,"atum_controlled":true,"out_stock_date":"2026-03-07 12:31:24","out_stock_threshold":null,"inheritable":false,"inbound_stock":0,"stock_on_hold":0,"sold_today":0,"sales_last_days":0,"out_stock_days":37,"lost_sales":216,"has_location":false,"update_date":"2026-04-14T00:05:06","atum_locations":[],"atum_stock_status":"outofstock","restock_status":false,"low_stock_amount":"","sales_update_date":"2026-04-14T00:05:06","calc_backorders":null,"yoast_head":"<!-- This site is optimized with the Yoast SEO plugin v27.2 - https:\/\/yoast.com\/product\/yoast-seo-wordpress\/ -->\n<title>Rahustav komplekt Pyunkang Yul Calming Line Gift Set - IDA.KOREA<\/title>\n<meta name=\"robots\" content=\"index, follow, max-snippet:-1, max-image-preview:large, max-video-preview:-1\" \/>\n<link rel=\"canonical\" href=\"https:\/\/idakorea.ee\/en\/product\/rahustav-komplekt-pyunkang-yul-calming-line-gift-set\/\" \/>\n<meta property=\"og:locale\" content=\"en_US\" \/>\n<meta property=\"og:type\" content=\"article\" \/>\n<meta property=\"og:title\" content=\"Rahustav komplekt Pyunkang Yul Calming Line Gift Set - IDA.KOREA\" \/>\n<meta property=\"og:description\" content=\"Rahustav komplekt Pyunkang Yul Calming Line Gift Set sobib suurep\u00e4raselt rasusele v\u00f5i kombineeritud nahale, mis on kalduv l\u00f6\u00f6bele. Komplekti koosseis: 1. Igap\u00e4evaseks kasutamiseks m\u00f5eldud niisutav toonik Pyunkang Yul Calming Deep Moisture Toner, 150 ml Toote omadused: Pehmendab \u00f5rnalt nahka. Ahendab poore. Toidab ja toniseerib nahka. Niisutab. Peamised toimeained: Valge paju koore ekstrakt: reguleerib rasu tootmist,...\" \/>\n<meta property=\"og:url\" content=\"https:\/\/idakorea.ee\/en\/product\/rahustav-komplekt-pyunkang-yul-calming-line-gift-set\/\" \/>\n<meta property=\"og:site_name\" content=\"IDA.KOREA\" \/>\n<meta property=\"article:modified_time\" content=\"2026-03-07T10:31:24+00:00\" \/>\n<meta property=\"og:image\" content=\"https:\/\/idakorea.ee\/wp-content\/uploads\/2024\/07\/pyunkang-yul-calming-line-gift-set.jpg\" \/>\n\t<meta property=\"og:image:width\" content=\"600\" \/>\n\t<meta property=\"og:image:height\" content=\"600\" \/>\n\t<meta property=\"og:image:type\" content=\"image\/jpeg\" \/>\n<meta name=\"twitter:card\" content=\"summary_large_image\" \/>\n<meta name=\"twitter:label1\" content=\"Est. reading time\" \/>\n\t<meta name=\"twitter:data1\" content=\"3 minutes\" \/>\n<script type=\"application\/ld+json\" class=\"yoast-schema-graph\">{\"@context\":\"https:\/\/schema.org\",\"@graph\":[{\"@type\":\"WebPage\",\"@id\":\"https:\/\/idakorea.ee\/product\/rahustav-komplekt-pyunkang-yul-calming-line-gift-set\/\",\"url\":\"https:\/\/idakorea.ee\/product\/rahustav-komplekt-pyunkang-yul-calming-line-gift-set\/\",\"name\":\"Rahustav komplekt Pyunkang Yul Calming Line Gift Set - IDA.KOREA\",\"isPartOf\":{\"@id\":\"https:\/\/idakorea.ee\/#website\"},\"primaryImageOfPage\":{\"@id\":\"https:\/\/idakorea.ee\/product\/rahustav-komplekt-pyunkang-yul-calming-line-gift-set\/#primaryimage\"},\"image\":{\"@id\":\"https:\/\/idakorea.ee\/product\/rahustav-komplekt-pyunkang-yul-calming-line-gift-set\/#primaryimage\"},\"thumbnailUrl\":\"https:\/\/idakorea.ee\/wp-content\/uploads\/2024\/07\/pyunkang-yul-calming-line-gift-set.jpg\",\"datePublished\":\"2024-07-04T14:11:07+00:00\",\"dateModified\":\"2026-03-07T10:31:24+00:00\",\"breadcrumb\":{\"@id\":\"https:\/\/idakorea.ee\/product\/rahustav-komplekt-pyunkang-yul-calming-line-gift-set\/#breadcrumb\"},\"inLanguage\":\"en-US\",\"potentialAction\":[{\"@type\":\"ReadAction\",\"target\":[\"https:\/\/idakorea.ee\/product\/rahustav-komplekt-pyunkang-yul-calming-line-gift-set\/\"]}]},{\"@type\":\"ImageObject\",\"inLanguage\":\"en-US\",\"@id\":\"https:\/\/idakorea.ee\/product\/rahustav-komplekt-pyunkang-yul-calming-line-gift-set\/#primaryimage\",\"url\":\"https:\/\/idakorea.ee\/wp-content\/uploads\/2024\/07\/pyunkang-yul-calming-line-gift-set.jpg\",\"contentUrl\":\"https:\/\/idakorea.ee\/wp-content\/uploads\/2024\/07\/pyunkang-yul-calming-line-gift-set.jpg\",\"width\":600,\"height\":600},{\"@type\":\"BreadcrumbList\",\"@id\":\"https:\/\/idakorea.ee\/product\/rahustav-komplekt-pyunkang-yul-calming-line-gift-set\/#breadcrumb\",\"itemListElement\":[{\"@type\":\"ListItem\",\"position\":1,\"name\":\"\u0413\u043b\u0430\u0432\u043d\u0430\u044f \u0441\u0442\u0440\u0430\u043d\u0438\u0446\u0430\",\"item\":\"https:\/\/idakorea.ee\/\"},{\"@type\":\"ListItem\",\"position\":2,\"name\":\"Shop\",\"item\":\"https:\/\/idakorea.ee\/shop-2\/\"},{\"@type\":\"ListItem\",\"position\":3,\"name\":\"Rahustav komplekt Pyunkang Yul Calming Line Gift Set\"}]},{\"@type\":\"WebSite\",\"@id\":\"https:\/\/idakorea.ee\/#website\",\"url\":\"https:\/\/idakorea.ee\/\",\"name\":\"IDA.KOREA\",\"description\":\"Korea kosmeetika e-pood\",\"publisher\":{\"@id\":\"https:\/\/idakorea.ee\/#organization\"},\"alternateName\":\"Beauty Shop\",\"potentialAction\":[{\"@type\":\"SearchAction\",\"target\":{\"@type\":\"EntryPoint\",\"urlTemplate\":\"https:\/\/idakorea.ee\/?s={search_term_string}\"},\"query-input\":{\"@type\":\"PropertyValueSpecification\",\"valueRequired\":true,\"valueName\":\"search_term_string\"}}],\"inLanguage\":\"en-US\"},{\"@type\":\"Organization\",\"@id\":\"https:\/\/idakorea.ee\/#organization\",\"name\":\"IDA.KOREA\",\"url\":\"https:\/\/idakorea.ee\/\",\"logo\":{\"@type\":\"ImageObject\",\"inLanguage\":\"en-US\",\"@id\":\"https:\/\/idakorea.ee\/#\/schema\/logo\/image\/\",\"url\":\"https:\/\/idakorea.ee\/wp-content\/uploads\/2024\/05\/cropped-korea3.png\",\"contentUrl\":\"https:\/\/idakorea.ee\/wp-content\/uploads\/2024\/05\/cropped-korea3.png\",\"width\":688,\"height\":126,\"caption\":\"IDA.KOREA\"},\"image\":{\"@id\":\"https:\/\/idakorea.ee\/#\/schema\/logo\/image\/\"},\"sameAs\":[\"https:\/\/www.instagram.com\/ida.korea\/\"]}]}<\/script>\n<!-- \/ Yoast SEO plugin. -->","yoast_head_json":{"title":"Pyunkang Yul Calming Line Gift Set - IDA.KOREA","robots":{"index":"index","follow":"follow","max-snippet":"max-snippet:-1","max-image-preview":"max-image-preview:large","max-video-preview":"max-video-preview:-1"},"canonical":"https:\/\/idakorea.ee\/en\/product\/rahustav-komplekt-pyunkang-yul-calming-line-gift-set\/","og_locale":"en_US","og_type":"article","og_title":"Rahustav komplekt Pyunkang Yul Calming Line Gift Set - IDA.KOREA","og_description":"Rahustav komplekt Pyunkang Yul Calming Line Gift Set sobib suurep\u00e4raselt rasusele v\u00f5i kombineeritud nahale, mis on kalduv l\u00f6\u00f6bele. Komplekti koosseis: 1. Igap\u00e4evaseks kasutamiseks m\u00f5eldud niisutav toonik Pyunkang Yul Calming Deep Moisture Toner, 150 ml Toote omadused: Pehmendab \u00f5rnalt nahka. Ahendab poore. Toidab ja toniseerib nahka. Niisutab. Peamised toimeained: Valge paju koore ekstrakt: reguleerib rasu tootmist,...","og_url":"https:\/\/idakorea.ee\/en\/product\/rahustav-komplekt-pyunkang-yul-calming-line-gift-set\/","og_site_name":"IDA.KOREA","article_modified_time":"2026-03-07T10:31:24+00:00","og_image":[{"width":600,"height":600,"url":"https:\/\/idakorea.ee\/wp-content\/uploads\/2024\/07\/pyunkang-yul-calming-line-gift-set.jpg","type":"image\/jpeg"}],"twitter_card":"summary_large_image","twitter_misc":{"Est. reading time":"3 minutes"},"schema":{"@context":"https:\/\/schema.org","@graph":[{"@type":"WebPage","@id":"https:\/\/idakorea.ee\/product\/rahustav-komplekt-pyunkang-yul-calming-line-gift-set\/","url":"https:\/\/idakorea.ee\/product\/rahustav-komplekt-pyunkang-yul-calming-line-gift-set\/","name":"Pyunkang Yul Calming Line Gift Set - IDA.KOREA","isPartOf":{"@id":"https:\/\/idakorea.ee\/#website"},"primaryImageOfPage":{"@id":"https:\/\/idakorea.ee\/product\/rahustav-komplekt-pyunkang-yul-calming-line-gift-set\/#primaryimage"},"image":{"@id":"https:\/\/idakorea.ee\/product\/rahustav-komplekt-pyunkang-yul-calming-line-gift-set\/#primaryimage"},"thumbnailUrl":"https:\/\/idakorea.ee\/wp-content\/uploads\/2024\/07\/pyunkang-yul-calming-line-gift-set.jpg","datePublished":"2024-07-04T14:11:07+00:00","dateModified":"2026-03-07T10:31:24+00:00","breadcrumb":{"@id":"https:\/\/idakorea.ee\/product\/rahustav-komplekt-pyunkang-yul-calming-line-gift-set\/#breadcrumb"},"inLanguage":"en-US","potentialAction":[{"@type":"ReadAction","target":["https:\/\/idakorea.ee\/product\/rahustav-komplekt-pyunkang-yul-calming-line-gift-set\/"]}]},{"@type":"ImageObject","inLanguage":"en-US","@id":"https:\/\/idakorea.ee\/product\/rahustav-komplekt-pyunkang-yul-calming-line-gift-set\/#primaryimage","url":"https:\/\/idakorea.ee\/wp-content\/uploads\/2024\/07\/pyunkang-yul-calming-line-gift-set.jpg","contentUrl":"https:\/\/idakorea.ee\/wp-content\/uploads\/2024\/07\/pyunkang-yul-calming-line-gift-set.jpg","width":600,"height":600},{"@type":"BreadcrumbList","@id":"https:\/\/idakorea.ee\/product\/rahustav-komplekt-pyunkang-yul-calming-line-gift-set\/#breadcrumb","itemListElement":[{"@type":"ListItem","position":1,"name":"\u0413\u043b\u0430\u0432\u043d\u0430\u044f \u0441\u0442\u0440\u0430\u043d\u0438\u0446\u0430","item":"https:\/\/idakorea.ee\/"},{"@type":"ListItem","position":2,"name":"Shop","item":"https:\/\/idakorea.ee\/shop-2\/"},{"@type":"ListItem","position":3,"name":"Rahustav komplekt Pyunkang Yul Calming Line Gift Set"}]},{"@type":"WebSite","@id":"https:\/\/idakorea.ee\/#website","url":"https:\/\/idakorea.ee\/","name":"IDA.KOREA","description":"Korean cosmetics e-shop","publisher":{"@id":"https:\/\/idakorea.ee\/#organization"},"alternateName":"Beauty Shop","potentialAction":[{"@type":"SearchAction","target":{"@type":"EntryPoint","urlTemplate":"https:\/\/idakorea.ee\/?s={search_term_string}"},"query-input":{"@type":"PropertyValueSpecification","valueRequired":true,"valueName":"search_term_string"}}],"inLanguage":"en-US"},{"@type":"Organization","@id":"https:\/\/idakorea.ee\/#organization","name":"IDA.KOREA","url":"https:\/\/idakorea.ee\/","logo":{"@type":"ImageObject","inLanguage":"en-US","@id":"https:\/\/idakorea.ee\/#\/schema\/logo\/image\/","url":"https:\/\/idakorea.ee\/wp-content\/uploads\/2024\/05\/cropped-korea3.png","contentUrl":"https:\/\/idakorea.ee\/wp-content\/uploads\/2024\/05\/cropped-korea3.png","width":688,"height":126,"caption":"IDA.KOREA"},"image":{"@id":"https:\/\/idakorea.ee\/#\/schema\/logo\/image\/"},"sameAs":["https:\/\/www.instagram.com\/ida.korea\/"]}]}},"jetpack_sharing_enabled":true,"brands":[{"id":474,"name":"PYUNKANG YUL","slug":"pyunkang-yul"}],"_links":{"self":[{"href":"https:\/\/idakorea.ee\/en\/wp-json\/wp\/v2\/product\/9215","targetHints":{"allow":["GET"]}}],"collection":[{"href":"https:\/\/idakorea.ee\/en\/wp-json\/wp\/v2\/product"}],"about":[{"href":"https:\/\/idakorea.ee\/en\/wp-json\/wp\/v2\/types\/product"}],"replies":[{"embeddable":true,"href":"https:\/\/idakorea.ee\/en\/wp-json\/wp\/v2\/comments?post=9215"}],"version-history":[{"count":1,"href":"https:\/\/idakorea.ee\/en\/wp-json\/wp\/v2\/product\/9215\/revisions"}],"predecessor-version":[{"id":13971,"href":"https:\/\/idakorea.ee\/en\/wp-json\/wp\/v2\/product\/9215\/revisions\/13971"}],"wp:featuredmedia":[{"embeddable":true,"href":"https:\/\/idakorea.ee\/en\/wp-json\/wp\/v2\/media\/9216"}],"wp:attachment":[{"href":"https:\/\/idakorea.ee\/en\/wp-json\/wp\/v2\/media?parent=9215"}],"wp:term":[{"taxonomy":"pwb-brand","embeddable":true,"href":"https:\/\/idakorea.ee\/en\/wp-json\/wp\/v2\/pwb-brand?post=9215"},{"taxonomy":"product_brand","embeddable":true,"href":"https:\/\/idakorea.ee\/en\/wp-json\/wp\/v2\/product_brand?post=9215"},{"taxonomy":"product_cat","embeddable":true,"href":"https:\/\/idakorea.ee\/en\/wp-json\/wp\/v2\/product_cat?post=9215"},{"taxonomy":"product_tag","embeddable":true,"href":"https:\/\/idakorea.ee\/en\/wp-json\/wp\/v2\/product_tag?post=9215"}],"curies":[{"name":"wp","href":"https:\/\/api.w.org\/{rel}","templated":true}]}}