{"id":9283,"date":"2024-07-05T16:00:19","date_gmt":"2024-07-05T13:00:19","guid":{"rendered":"https:\/\/idakorea.ee\/?post_type=product&#038;p=9283"},"modified":"2026-03-08T11:33:57","modified_gmt":"2026-03-08T09:33:57","slug":"huulemask-laneige-lip-sleeping-mask-mint-choco-20g","status":"publish","type":"product","link":"https:\/\/idakorea.ee\/en\/product\/huulemask-laneige-lip-sleeping-mask-mint-choco-20g\/","title":{"rendered":"Laneige Lip Sleeping Mask Mint Choco, 20g"},"content":{"rendered":"<div class=\"flex-shrink-0 flex flex-col relative items-end\">\n<div>\n<div class=\"pt-0.5 juice:pt-0\">\n<div class=\"gizmo-bot-avatar flex h-6 w-6 items-center justify-center overflow-hidden rounded-full juice:h-8 juice:w-8\">\n<div class=\"relative p-1 rounded-sm flex items-center justify-center bg-token-main-surface-primary text-token-text-primary h-8 w-8\"><\/div>\n<\/div>\n<\/div>\n<\/div>\n<\/div>\n<div class=\"group\/conversation-turn relative flex w-full min-w-0 flex-col agent-turn\">\n<div class=\"flex-col gap-1 md:gap-3\">\n<div class=\"flex flex-grow flex-col max-w-full\">\n<div class=\"min-h-[20px] text-message flex flex-col items-start whitespace-pre-wrap break-words [.text-message+&amp;]:mt-5 juice:w-full juice:items-end overflow-x-auto gap-2\" dir=\"auto\" data-message-author-role=\"assistant\" data-message-id=\"a15c0adb-1fa7-486d-9d49-be26ec2ac3b5\">\n<div class=\"flex w-full flex-col gap-1 juice:empty:hidden juice:first:pt-[3px]\">\n<div class=\"markdown prose w-full break-words dark:prose-invert light\">\n<p><strong>Laneige Lip Sleeping Mask Mint Choco<\/strong> on \u00f6ine huulemask, mis sisaldab piparm\u00fcnti ja \u0161okolaadi.<\/p>\n<p>See pehmendab ja toidab nahka, silub seda, rikastab vitamiinidega, k\u00f5rvaldab kuivuse, ketenduse ja ennetab enneaegset vananemist.<\/p>\n<p>Mask sisaldab Berry Mix Complex\u2122-i. Marjaekstrakt, mis on rikkalik C-vitamiini poolest ja omab antioks\u00fcdantseid omadusi, taastab kiiresti huulte sileduse ja elastsuse.<\/p>\n<p>MOISTURE WRAP\u2122 kompleks ehk niisutav kile, mis on moodustatud h\u00fcaluroonhappest, aitab hoida k\u00f5iki kasulikke toitaineid ja niiskust nahas kogu \u00f6\u00f6 jooksul. Balsam taastab hetkega huulte sileduse ja pehmuse, niisutab intensiivselt ja hoiab \u00e4ra kuivuse ja ketenduse.<\/p>\n<\/div>\n<\/div>\n<\/div>\n<\/div>\n<\/div>\n<\/div>\n","protected":false},"excerpt":{"rendered":"<p>Laneige Lip Sleeping Mask Mint Choco is a nighttime lip mask with mint and chocolate. It softens, nourishes and smoothes the skin, enriches it with vitamins, eliminates dryness, flakiness and prevents premature ageing. The mask contains Berry Mix Complex\u2122. Berry extract, rich in vitamin C and with antioxidant properties, quickly restores smoothness and elasticity to the lips. MOISTURE WRAP\u2122 Complex or...<\/p>","protected":false},"featured_media":9291,"comment_status":"open","ping_status":"closed","template":"","meta":{"_uf_show_specific_survey":0,"_uf_disable_surveys":false,"_bst_post_transparent":"default","_bst_post_title":"","_bst_post_layout":"default","_bst_post_sidebar_id":"","_bst_post_content_style":"default","_bst_post_vertical_padding":"default","_bst_post_feature":"","_bst_post_feature_position":"","_bst_post_header":false,"_bst_post_footer":false},"pwb-brand":[477],"product_brand":[],"product_cat":[368,92,99],"product_tag":[497,498],"class_list":{"0":"post-9283","1":"product","2":"type-product","3":"status-publish","4":"has-post-thumbnail","6":"pwb-brand-laneige","7":"product_cat-huulepalsamid-ja-hooldus","8":"product_cat-nagu","9":"product_cat-silmad-ja-huuled-2","10":"product_tag-laneige","11":"product_tag-sleeping-mask","13":"first","14":"instock","15":"sale","16":"shipping-taxable","17":"purchasable","18":"product-type-simple","19":"entry","20":"content-bg","21":"loop-entry"},"supplier_id":null,"supplier_sku":"","barcode":null,"atum_controlled":true,"out_stock_date":null,"out_stock_threshold":null,"inheritable":false,"inbound_stock":0,"stock_on_hold":0,"sold_today":0,"sales_last_days":0,"out_stock_days":0,"lost_sales":0,"has_location":false,"update_date":"2026-04-14T00:05:09","atum_locations":[],"atum_stock_status":"instock","restock_status":false,"low_stock_amount":"","sales_update_date":"2026-04-14T00:05:09","calc_backorders":null,"yoast_head":"<!-- This site is optimized with the Yoast SEO plugin v27.2 - https:\/\/yoast.com\/product\/yoast-seo-wordpress\/ -->\n<title>Huulemask Laneige Lip Sleeping Mask Mint Choco, 20g - IDA.KOREA<\/title>\n<meta name=\"robots\" content=\"index, follow, max-snippet:-1, max-image-preview:large, max-video-preview:-1\" \/>\n<link rel=\"canonical\" href=\"https:\/\/idakorea.ee\/en\/product\/huulemask-laneige-lip-sleeping-mask-mint-choco-20g\/\" \/>\n<meta property=\"og:locale\" content=\"en_US\" \/>\n<meta property=\"og:type\" content=\"article\" \/>\n<meta property=\"og:title\" content=\"Huulemask Laneige Lip Sleeping Mask Mint Choco, 20g - IDA.KOREA\" \/>\n<meta property=\"og:description\" content=\"Laneige Lip Sleeping Mask Mint Choco on \u00f6ine huulemask, mis sisaldab piparm\u00fcnti ja \u0161okolaadi. See pehmendab ja toidab nahka, silub seda, rikastab vitamiinidega, k\u00f5rvaldab kuivuse, ketenduse ja ennetab enneaegset vananemist. Mask sisaldab Berry Mix Complex\u2122-i. Marjaekstrakt, mis on rikkalik C-vitamiini poolest ja omab antioks\u00fcdantseid omadusi, taastab kiiresti huulte sileduse ja elastsuse. MOISTURE WRAP\u2122 kompleks ehk...\" \/>\n<meta property=\"og:url\" content=\"https:\/\/idakorea.ee\/en\/product\/huulemask-laneige-lip-sleeping-mask-mint-choco-20g\/\" \/>\n<meta property=\"og:site_name\" content=\"IDA.KOREA\" \/>\n<meta property=\"article:modified_time\" content=\"2026-03-08T09:33:57+00:00\" \/>\n<meta property=\"og:image\" content=\"https:\/\/idakorea.ee\/wp-content\/uploads\/2024\/07\/mint.jpg\" \/>\n\t<meta property=\"og:image:width\" content=\"1024\" \/>\n\t<meta property=\"og:image:height\" content=\"1024\" \/>\n\t<meta property=\"og:image:type\" content=\"image\/jpeg\" \/>\n<meta name=\"twitter:card\" content=\"summary_large_image\" \/>\n<meta name=\"twitter:label1\" content=\"Est. reading time\" \/>\n\t<meta name=\"twitter:data1\" content=\"1 minute\" \/>\n<script type=\"application\/ld+json\" class=\"yoast-schema-graph\">{\"@context\":\"https:\/\/schema.org\",\"@graph\":[{\"@type\":\"WebPage\",\"@id\":\"https:\/\/idakorea.ee\/product\/huulemask-laneige-lip-sleeping-mask-mint-choco-20g\/\",\"url\":\"https:\/\/idakorea.ee\/product\/huulemask-laneige-lip-sleeping-mask-mint-choco-20g\/\",\"name\":\"Huulemask Laneige Lip Sleeping Mask Mint Choco, 20g - IDA.KOREA\",\"isPartOf\":{\"@id\":\"https:\/\/idakorea.ee\/#website\"},\"primaryImageOfPage\":{\"@id\":\"https:\/\/idakorea.ee\/product\/huulemask-laneige-lip-sleeping-mask-mint-choco-20g\/#primaryimage\"},\"image\":{\"@id\":\"https:\/\/idakorea.ee\/product\/huulemask-laneige-lip-sleeping-mask-mint-choco-20g\/#primaryimage\"},\"thumbnailUrl\":\"https:\/\/idakorea.ee\/wp-content\/uploads\/2024\/07\/mint.jpg\",\"datePublished\":\"2024-07-05T13:00:19+00:00\",\"dateModified\":\"2026-03-08T09:33:57+00:00\",\"breadcrumb\":{\"@id\":\"https:\/\/idakorea.ee\/product\/huulemask-laneige-lip-sleeping-mask-mint-choco-20g\/#breadcrumb\"},\"inLanguage\":\"en-US\",\"potentialAction\":[{\"@type\":\"ReadAction\",\"target\":[\"https:\/\/idakorea.ee\/product\/huulemask-laneige-lip-sleeping-mask-mint-choco-20g\/\"]}]},{\"@type\":\"ImageObject\",\"inLanguage\":\"en-US\",\"@id\":\"https:\/\/idakorea.ee\/product\/huulemask-laneige-lip-sleeping-mask-mint-choco-20g\/#primaryimage\",\"url\":\"https:\/\/idakorea.ee\/wp-content\/uploads\/2024\/07\/mint.jpg\",\"contentUrl\":\"https:\/\/idakorea.ee\/wp-content\/uploads\/2024\/07\/mint.jpg\",\"width\":1024,\"height\":1024},{\"@type\":\"BreadcrumbList\",\"@id\":\"https:\/\/idakorea.ee\/product\/huulemask-laneige-lip-sleeping-mask-mint-choco-20g\/#breadcrumb\",\"itemListElement\":[{\"@type\":\"ListItem\",\"position\":1,\"name\":\"\u0413\u043b\u0430\u0432\u043d\u0430\u044f \u0441\u0442\u0440\u0430\u043d\u0438\u0446\u0430\",\"item\":\"https:\/\/idakorea.ee\/\"},{\"@type\":\"ListItem\",\"position\":2,\"name\":\"Shop\",\"item\":\"https:\/\/idakorea.ee\/shop-2\/\"},{\"@type\":\"ListItem\",\"position\":3,\"name\":\"Huulemask Laneige Lip Sleeping Mask Mint Choco, 20g\"}]},{\"@type\":\"WebSite\",\"@id\":\"https:\/\/idakorea.ee\/#website\",\"url\":\"https:\/\/idakorea.ee\/\",\"name\":\"IDA.KOREA\",\"description\":\"Korea kosmeetika e-pood\",\"publisher\":{\"@id\":\"https:\/\/idakorea.ee\/#organization\"},\"alternateName\":\"Beauty Shop\",\"potentialAction\":[{\"@type\":\"SearchAction\",\"target\":{\"@type\":\"EntryPoint\",\"urlTemplate\":\"https:\/\/idakorea.ee\/?s={search_term_string}\"},\"query-input\":{\"@type\":\"PropertyValueSpecification\",\"valueRequired\":true,\"valueName\":\"search_term_string\"}}],\"inLanguage\":\"en-US\"},{\"@type\":\"Organization\",\"@id\":\"https:\/\/idakorea.ee\/#organization\",\"name\":\"IDA.KOREA\",\"url\":\"https:\/\/idakorea.ee\/\",\"logo\":{\"@type\":\"ImageObject\",\"inLanguage\":\"en-US\",\"@id\":\"https:\/\/idakorea.ee\/#\/schema\/logo\/image\/\",\"url\":\"https:\/\/idakorea.ee\/wp-content\/uploads\/2024\/05\/cropped-korea3.png\",\"contentUrl\":\"https:\/\/idakorea.ee\/wp-content\/uploads\/2024\/05\/cropped-korea3.png\",\"width\":688,\"height\":126,\"caption\":\"IDA.KOREA\"},\"image\":{\"@id\":\"https:\/\/idakorea.ee\/#\/schema\/logo\/image\/\"},\"sameAs\":[\"https:\/\/www.instagram.com\/ida.korea\/\"]}]}<\/script>\n<!-- \/ Yoast SEO plugin. -->","yoast_head_json":{"title":"Lip mask Laneige Lip Sleeping Mask Mint Choco, 20g - IDA.KOREA","robots":{"index":"index","follow":"follow","max-snippet":"max-snippet:-1","max-image-preview":"max-image-preview:large","max-video-preview":"max-video-preview:-1"},"canonical":"https:\/\/idakorea.ee\/en\/product\/huulemask-laneige-lip-sleeping-mask-mint-choco-20g\/","og_locale":"en_US","og_type":"article","og_title":"Huulemask Laneige Lip Sleeping Mask Mint Choco, 20g - IDA.KOREA","og_description":"Laneige Lip Sleeping Mask Mint Choco on \u00f6ine huulemask, mis sisaldab piparm\u00fcnti ja \u0161okolaadi. See pehmendab ja toidab nahka, silub seda, rikastab vitamiinidega, k\u00f5rvaldab kuivuse, ketenduse ja ennetab enneaegset vananemist. Mask sisaldab Berry Mix Complex\u2122-i. Marjaekstrakt, mis on rikkalik C-vitamiini poolest ja omab antioks\u00fcdantseid omadusi, taastab kiiresti huulte sileduse ja elastsuse. MOISTURE WRAP\u2122 kompleks ehk...","og_url":"https:\/\/idakorea.ee\/en\/product\/huulemask-laneige-lip-sleeping-mask-mint-choco-20g\/","og_site_name":"IDA.KOREA","article_modified_time":"2026-03-08T09:33:57+00:00","og_image":[{"width":1024,"height":1024,"url":"https:\/\/idakorea.ee\/wp-content\/uploads\/2024\/07\/mint.jpg","type":"image\/jpeg"}],"twitter_card":"summary_large_image","twitter_misc":{"Est. reading time":"1 minute"},"schema":{"@context":"https:\/\/schema.org","@graph":[{"@type":"WebPage","@id":"https:\/\/idakorea.ee\/product\/huulemask-laneige-lip-sleeping-mask-mint-choco-20g\/","url":"https:\/\/idakorea.ee\/product\/huulemask-laneige-lip-sleeping-mask-mint-choco-20g\/","name":"Lip mask Laneige Lip Sleeping Mask Mint Choco, 20g - IDA.KOREA","isPartOf":{"@id":"https:\/\/idakorea.ee\/#website"},"primaryImageOfPage":{"@id":"https:\/\/idakorea.ee\/product\/huulemask-laneige-lip-sleeping-mask-mint-choco-20g\/#primaryimage"},"image":{"@id":"https:\/\/idakorea.ee\/product\/huulemask-laneige-lip-sleeping-mask-mint-choco-20g\/#primaryimage"},"thumbnailUrl":"https:\/\/idakorea.ee\/wp-content\/uploads\/2024\/07\/mint.jpg","datePublished":"2024-07-05T13:00:19+00:00","dateModified":"2026-03-08T09:33:57+00:00","breadcrumb":{"@id":"https:\/\/idakorea.ee\/product\/huulemask-laneige-lip-sleeping-mask-mint-choco-20g\/#breadcrumb"},"inLanguage":"en-US","potentialAction":[{"@type":"ReadAction","target":["https:\/\/idakorea.ee\/product\/huulemask-laneige-lip-sleeping-mask-mint-choco-20g\/"]}]},{"@type":"ImageObject","inLanguage":"en-US","@id":"https:\/\/idakorea.ee\/product\/huulemask-laneige-lip-sleeping-mask-mint-choco-20g\/#primaryimage","url":"https:\/\/idakorea.ee\/wp-content\/uploads\/2024\/07\/mint.jpg","contentUrl":"https:\/\/idakorea.ee\/wp-content\/uploads\/2024\/07\/mint.jpg","width":1024,"height":1024},{"@type":"BreadcrumbList","@id":"https:\/\/idakorea.ee\/product\/huulemask-laneige-lip-sleeping-mask-mint-choco-20g\/#breadcrumb","itemListElement":[{"@type":"ListItem","position":1,"name":"\u0413\u043b\u0430\u0432\u043d\u0430\u044f \u0441\u0442\u0440\u0430\u043d\u0438\u0446\u0430","item":"https:\/\/idakorea.ee\/"},{"@type":"ListItem","position":2,"name":"Shop","item":"https:\/\/idakorea.ee\/shop-2\/"},{"@type":"ListItem","position":3,"name":"Huulemask Laneige Lip Sleeping Mask Mint Choco, 20g"}]},{"@type":"WebSite","@id":"https:\/\/idakorea.ee\/#website","url":"https:\/\/idakorea.ee\/","name":"IDA.KOREA","description":"Korean cosmetics e-shop","publisher":{"@id":"https:\/\/idakorea.ee\/#organization"},"alternateName":"Beauty Shop","potentialAction":[{"@type":"SearchAction","target":{"@type":"EntryPoint","urlTemplate":"https:\/\/idakorea.ee\/?s={search_term_string}"},"query-input":{"@type":"PropertyValueSpecification","valueRequired":true,"valueName":"search_term_string"}}],"inLanguage":"en-US"},{"@type":"Organization","@id":"https:\/\/idakorea.ee\/#organization","name":"IDA.KOREA","url":"https:\/\/idakorea.ee\/","logo":{"@type":"ImageObject","inLanguage":"en-US","@id":"https:\/\/idakorea.ee\/#\/schema\/logo\/image\/","url":"https:\/\/idakorea.ee\/wp-content\/uploads\/2024\/05\/cropped-korea3.png","contentUrl":"https:\/\/idakorea.ee\/wp-content\/uploads\/2024\/05\/cropped-korea3.png","width":688,"height":126,"caption":"IDA.KOREA"},"image":{"@id":"https:\/\/idakorea.ee\/#\/schema\/logo\/image\/"},"sameAs":["https:\/\/www.instagram.com\/ida.korea\/"]}]}},"jetpack_sharing_enabled":true,"brands":[{"id":477,"name":"LANEIGE","slug":"laneige"}],"_links":{"self":[{"href":"https:\/\/idakorea.ee\/en\/wp-json\/wp\/v2\/product\/9283","targetHints":{"allow":["GET"]}}],"collection":[{"href":"https:\/\/idakorea.ee\/en\/wp-json\/wp\/v2\/product"}],"about":[{"href":"https:\/\/idakorea.ee\/en\/wp-json\/wp\/v2\/types\/product"}],"replies":[{"embeddable":true,"href":"https:\/\/idakorea.ee\/en\/wp-json\/wp\/v2\/comments?post=9283"}],"version-history":[{"count":1,"href":"https:\/\/idakorea.ee\/en\/wp-json\/wp\/v2\/product\/9283\/revisions"}],"predecessor-version":[{"id":14069,"href":"https:\/\/idakorea.ee\/en\/wp-json\/wp\/v2\/product\/9283\/revisions\/14069"}],"wp:featuredmedia":[{"embeddable":true,"href":"https:\/\/idakorea.ee\/en\/wp-json\/wp\/v2\/media\/9291"}],"wp:attachment":[{"href":"https:\/\/idakorea.ee\/en\/wp-json\/wp\/v2\/media?parent=9283"}],"wp:term":[{"taxonomy":"pwb-brand","embeddable":true,"href":"https:\/\/idakorea.ee\/en\/wp-json\/wp\/v2\/pwb-brand?post=9283"},{"taxonomy":"product_brand","embeddable":true,"href":"https:\/\/idakorea.ee\/en\/wp-json\/wp\/v2\/product_brand?post=9283"},{"taxonomy":"product_cat","embeddable":true,"href":"https:\/\/idakorea.ee\/en\/wp-json\/wp\/v2\/product_cat?post=9283"},{"taxonomy":"product_tag","embeddable":true,"href":"https:\/\/idakorea.ee\/en\/wp-json\/wp\/v2\/product_tag?post=9283"}],"curies":[{"name":"wp","href":"https:\/\/api.w.org\/{rel}","templated":true}]}}