{"id":9298,"date":"2024-07-06T11:00:13","date_gmt":"2024-07-06T08:00:13","guid":{"rendered":"https:\/\/idakorea.ee\/?post_type=product&#038;p=9298"},"modified":"2025-05-14T08:52:23","modified_gmt":"2025-05-14T06:52:23","slug":"niisutav-cushion-unleashia-dont-touch-glass-pink-cushion-spf50-pa","status":"publish","type":"product","link":"https:\/\/idakorea.ee\/en\/product\/niisutav-cushion-unleashia-dont-touch-glass-pink-cushion-spf50-pa\/","title":{"rendered":"Unleashia Don't Touch Glass Pink Cushion SPF50+ PA++++"},"content":{"rendered":"<div class=\"flex-shrink-0 flex flex-col relative items-end\">\n<div>\n<div class=\"pt-0.5 juice:pt-0\">\n<div class=\"gizmo-bot-avatar flex h-6 w-6 items-center justify-center overflow-hidden rounded-full juice:h-8 juice:w-8\">\n<div class=\"relative p-1 rounded-sm flex items-center justify-center bg-token-main-surface-primary text-token-text-primary h-8 w-8\"><strong style=\"font-family: var(--global-body-font-family);\">Niisutav jumestuskreem-cushion naha s\u00e4ramiseks Unleashia Don&#8217;t Touch Glass Pink Cushion SPF50+ PA++++<\/strong><span style=\"font-family: var(--global-body-font-family);\"> pakub keskmise katvusega, \u00fchtlustab naha tooni, parandab jumet ja annab loomuliku viimistluse. Varjab v\u00e4ikesed puudused ja k\u00f5rvaldab kuivuse. Ei j\u00e4ta maski tunnet, on v\u00e4ga p\u00fcsiv ja ei valgu p\u00e4eva jooksul laiali. Loob n\u00e4ole moeka glass-skin efekti.<\/span><\/div>\n<\/div>\n<\/div>\n<\/div>\n<\/div>\n<div class=\"group\/conversation-turn relative flex w-full min-w-0 flex-col agent-turn\">\n<div class=\"flex-col gap-1 md:gap-3\">\n<div class=\"flex flex-grow flex-col max-w-full\">\n<div class=\"min-h-[20px] text-message flex flex-col items-start whitespace-pre-wrap break-words [.text-message+&amp;]:mt-5 juice:w-full juice:items-end overflow-x-auto gap-2\" dir=\"auto\" data-message-author-role=\"assistant\" data-message-id=\"d8220ef1-3576-4ef9-bd3c-df022ef783f7\">\n<div class=\"flex w-full flex-col gap-1 juice:empty:hidden juice:first:pt-[3px]\">\n<div class=\"markdown prose w-full break-words dark:prose-invert light\">\n<p>Kushoni ebatavaline formaat v\u00f5imaldab mugavalt reguleerida toote kogust ja h\u00fcgieeniliselt seda kasutada. Vegan toode sobib isegi tundlikule nahale ja ei p\u00f5hjusta \u00e4rritust. Pakub usaldusv\u00e4\u00e4rset kaitset ultraviolettkiirguse eest, neutraliseerides selle agressiivse toime ja ennetades pigmendilaikude teket.<\/p>\n<p>Kushoni k\u00e4sn on tilgakujuline, mis v\u00f5imaldab \u00fchtlaselt jaotada tooni nahale ja p\u00f6\u00f6rata t\u00e4helepanu raskesti ligip\u00e4\u00e4setavatele aladele silmade, nina ja huulte \u00fcmber.<\/p>\n<p><strong>P\u00f5hilised toimeained:<\/strong><\/p>\n<ul>\n<li><strong>8 t\u00fc\u00fcpi h\u00fcaluroonhapet<\/strong> tungivad s\u00fcgavale epidermise kihtidesse, niisutavad aktiivselt rakke ja aitavad s\u00e4ilitada niiskust nahas. Moodustavad kaitsekihi, mis ei lase niiskusel aurustuda.<\/li>\n<li><strong>Roosiekstrakt<\/strong> pakub rakkudele antioks\u00fcdantset kaitset, aeglustab vananemisprotsessi, omab antimikroobset toimet.<\/li>\n<li><strong>Niasiiniamid<\/strong> suurendab tseramiidide s\u00fcnteesi, k\u00f5rvaldab kuivuse, kiskuvuse ja ketenduse. Aeglustab melaniini transporti epidermisesse, ennetab pigmendilaikude teket.<\/li>\n<li><strong>Hibiskuseekstrakt<\/strong> niisutab ja omab antioks\u00fcdantset toimet, takistab vananemist, soodustab naha s\u00fcgavpuhastust surnud rakkudest ja ahendab poore.<\/li>\n<li><strong>Pantenool<\/strong> omab v\u00e4ljendunud tervendavaid omadusi, stimuleerib naha terviklikkuse taastamist, peatab p\u00f5letikulised protsessid.<\/li>\n<li><strong>C-vitamiin<\/strong> v\u00f5itleb oks\u00fcdatsiooniprotsessiga, s\u00e4ilitades rakkude terviklikkuse, aitab toime tulla UV-kiirguse tagaj\u00e4rgedega, helendab nahatooni.<\/li>\n<\/ul>\n<p>Sobib kuivale, normaalsele ja kombineeritud nahale.<\/p>\n<p><strong>Kasutusjuhend:<\/strong> Vajutage nupule, et toode v\u00e4lja v\u00f5tta, kandke see spetsiaalse k\u00e4sna abil n\u00e4ole ja jaotage jumestuskreem \u00fchtlaselt kogu n\u00e4o pinnale, et anda \u00fchtlane jume.<\/p>\n<\/div>\n<\/div>\n<\/div>\n<\/div>\n<\/div>\n<\/div>\n","protected":false},"excerpt":{"rendered":"<p>Moisturising foundation-cushion for glowing skin Unleashia Don't Touch Glass Pink Cushion SPF50+ PA++++ provides medium coverage, evens skin tone, improves complexion and gives a natural finish. Conceals minor imperfections and eliminates dryness. Does not leave a mask feel, is very long-lasting and does not shed during the day. Creates a fashionable glass-skin effect on the face. Kushoni's unusual format allows the product to be comfortably...<\/p>","protected":false},"featured_media":9299,"comment_status":"open","ping_status":"closed","template":"","meta":{"_uf_show_specific_survey":0,"_uf_disable_surveys":false,"_bst_post_transparent":"default","_bst_post_title":"","_bst_post_layout":"default","_bst_post_sidebar_id":"","_bst_post_content_style":"default","_bst_post_vertical_padding":"default","_bst_post_feature":"","_bst_post_feature_position":"","_bst_post_header":false,"_bst_post_footer":false},"pwb-brand":[506],"product_brand":[],"product_cat":[500,499],"product_tag":[509,507,508],"class_list":{"0":"post-9298","1":"product","2":"type-product","3":"status-publish","4":"has-post-thumbnail","6":"pwb-brand-unleashia","7":"product_cat-jumestuskreemid","8":"product_cat-meik","9":"product_tag-tiktok","10":"product_tag-unleashia","11":"product_tag-viral-cushion","13":"first","14":"outofstock","15":"sale","16":"shipping-taxable","17":"purchasable","18":"product-type-variable","19":"entry","20":"content-bg","21":"loop-entry"},"supplier_id":null,"supplier_sku":"","barcode":null,"atum_controlled":true,"out_stock_date":null,"out_stock_threshold":null,"inheritable":false,"inbound_stock":0,"stock_on_hold":0,"sold_today":0,"sales_last_days":0,"out_stock_days":0,"lost_sales":0,"has_location":false,"update_date":"2026-04-14T00:05:06","atum_locations":[],"atum_stock_status":"outofstock","restock_status":false,"low_stock_amount":"","sales_update_date":"2026-04-14T00:05:06","calc_backorders":null,"yoast_head":"<!-- This site is optimized with the Yoast SEO plugin v27.2 - https:\/\/yoast.com\/product\/yoast-seo-wordpress\/ -->\n<title>Niisutav cushion Unleashia Don&#039;t Touch Glass Pink Cushion SPF50+ PA++++ - IDA.KOREA<\/title>\n<meta name=\"robots\" content=\"index, follow, max-snippet:-1, max-image-preview:large, max-video-preview:-1\" \/>\n<link rel=\"canonical\" href=\"https:\/\/idakorea.ee\/en\/product\/niisutav-cushion-unleashia-dont-touch-glass-pink-cushion-spf50-pa\/\" \/>\n<meta property=\"og:locale\" content=\"en_US\" \/>\n<meta property=\"og:type\" content=\"article\" \/>\n<meta property=\"og:title\" content=\"Niisutav cushion Unleashia Don&#039;t Touch Glass Pink Cushion SPF50+ PA++++ - IDA.KOREA\" \/>\n<meta property=\"og:description\" content=\"Niisutav jumestuskreem-cushion naha s\u00e4ramiseks Unleashia Don&#8217;t Touch Glass Pink Cushion SPF50+ PA++++ pakub keskmise katvusega, \u00fchtlustab naha tooni, parandab jumet ja annab loomuliku viimistluse. Varjab v\u00e4ikesed puudused ja k\u00f5rvaldab kuivuse. Ei j\u00e4ta maski tunnet, on v\u00e4ga p\u00fcsiv ja ei valgu p\u00e4eva jooksul laiali. Loob n\u00e4ole moeka glass-skin efekti. Kushoni ebatavaline formaat v\u00f5imaldab mugavalt reguleerida toote...\" \/>\n<meta property=\"og:url\" content=\"https:\/\/idakorea.ee\/en\/product\/niisutav-cushion-unleashia-dont-touch-glass-pink-cushion-spf50-pa\/\" \/>\n<meta property=\"og:site_name\" content=\"IDA.KOREA\" \/>\n<meta property=\"article:modified_time\" content=\"2025-05-14T06:52:23+00:00\" \/>\n<meta property=\"og:image\" content=\"https:\/\/idakorea.ee\/wp-content\/uploads\/2024\/07\/hollyshop-_-2024_02_14t110123.554-_1_.jpg\" \/>\n\t<meta property=\"og:image:width\" content=\"1000\" \/>\n\t<meta property=\"og:image:height\" content=\"1000\" \/>\n\t<meta property=\"og:image:type\" content=\"image\/jpeg\" \/>\n<meta name=\"twitter:card\" content=\"summary_large_image\" \/>\n<meta name=\"twitter:label1\" content=\"Est. reading time\" \/>\n\t<meta name=\"twitter:data1\" content=\"2 minutes\" \/>\n<script type=\"application\/ld+json\" class=\"yoast-schema-graph\">{\"@context\":\"https:\/\/schema.org\",\"@graph\":[{\"@type\":\"WebPage\",\"@id\":\"https:\/\/idakorea.ee\/product\/niisutav-cushion-unleashia-dont-touch-glass-pink-cushion-spf50-pa\/\",\"url\":\"https:\/\/idakorea.ee\/product\/niisutav-cushion-unleashia-dont-touch-glass-pink-cushion-spf50-pa\/\",\"name\":\"Niisutav cushion Unleashia Don't Touch Glass Pink Cushion SPF50+ PA++++ - IDA.KOREA\",\"isPartOf\":{\"@id\":\"https:\/\/idakorea.ee\/#website\"},\"primaryImageOfPage\":{\"@id\":\"https:\/\/idakorea.ee\/product\/niisutav-cushion-unleashia-dont-touch-glass-pink-cushion-spf50-pa\/#primaryimage\"},\"image\":{\"@id\":\"https:\/\/idakorea.ee\/product\/niisutav-cushion-unleashia-dont-touch-glass-pink-cushion-spf50-pa\/#primaryimage\"},\"thumbnailUrl\":\"https:\/\/idakorea.ee\/wp-content\/uploads\/2024\/07\/hollyshop-_-2024_02_14t110123.554-_1_.jpg\",\"datePublished\":\"2024-07-06T08:00:13+00:00\",\"dateModified\":\"2025-05-14T06:52:23+00:00\",\"breadcrumb\":{\"@id\":\"https:\/\/idakorea.ee\/product\/niisutav-cushion-unleashia-dont-touch-glass-pink-cushion-spf50-pa\/#breadcrumb\"},\"inLanguage\":\"en-US\",\"potentialAction\":[{\"@type\":\"ReadAction\",\"target\":[\"https:\/\/idakorea.ee\/product\/niisutav-cushion-unleashia-dont-touch-glass-pink-cushion-spf50-pa\/\"]}]},{\"@type\":\"ImageObject\",\"inLanguage\":\"en-US\",\"@id\":\"https:\/\/idakorea.ee\/product\/niisutav-cushion-unleashia-dont-touch-glass-pink-cushion-spf50-pa\/#primaryimage\",\"url\":\"https:\/\/idakorea.ee\/wp-content\/uploads\/2024\/07\/hollyshop-_-2024_02_14t110123.554-_1_.jpg\",\"contentUrl\":\"https:\/\/idakorea.ee\/wp-content\/uploads\/2024\/07\/hollyshop-_-2024_02_14t110123.554-_1_.jpg\",\"width\":1000,\"height\":1000},{\"@type\":\"BreadcrumbList\",\"@id\":\"https:\/\/idakorea.ee\/product\/niisutav-cushion-unleashia-dont-touch-glass-pink-cushion-spf50-pa\/#breadcrumb\",\"itemListElement\":[{\"@type\":\"ListItem\",\"position\":1,\"name\":\"\u0413\u043b\u0430\u0432\u043d\u0430\u044f \u0441\u0442\u0440\u0430\u043d\u0438\u0446\u0430\",\"item\":\"https:\/\/idakorea.ee\/\"},{\"@type\":\"ListItem\",\"position\":2,\"name\":\"Shop\",\"item\":\"https:\/\/idakorea.ee\/shop-2\/\"},{\"@type\":\"ListItem\",\"position\":3,\"name\":\"Niisutav cushion Unleashia Don&#8217;t Touch Glass Pink Cushion SPF50+ PA++++\"}]},{\"@type\":\"WebSite\",\"@id\":\"https:\/\/idakorea.ee\/#website\",\"url\":\"https:\/\/idakorea.ee\/\",\"name\":\"IDA.KOREA\",\"description\":\"Korea kosmeetika e-pood\",\"publisher\":{\"@id\":\"https:\/\/idakorea.ee\/#organization\"},\"alternateName\":\"Beauty Shop\",\"potentialAction\":[{\"@type\":\"SearchAction\",\"target\":{\"@type\":\"EntryPoint\",\"urlTemplate\":\"https:\/\/idakorea.ee\/?s={search_term_string}\"},\"query-input\":{\"@type\":\"PropertyValueSpecification\",\"valueRequired\":true,\"valueName\":\"search_term_string\"}}],\"inLanguage\":\"en-US\"},{\"@type\":\"Organization\",\"@id\":\"https:\/\/idakorea.ee\/#organization\",\"name\":\"IDA.KOREA\",\"url\":\"https:\/\/idakorea.ee\/\",\"logo\":{\"@type\":\"ImageObject\",\"inLanguage\":\"en-US\",\"@id\":\"https:\/\/idakorea.ee\/#\/schema\/logo\/image\/\",\"url\":\"https:\/\/idakorea.ee\/wp-content\/uploads\/2024\/05\/cropped-korea3.png\",\"contentUrl\":\"https:\/\/idakorea.ee\/wp-content\/uploads\/2024\/05\/cropped-korea3.png\",\"width\":688,\"height\":126,\"caption\":\"IDA.KOREA\"},\"image\":{\"@id\":\"https:\/\/idakorea.ee\/#\/schema\/logo\/image\/\"},\"sameAs\":[\"https:\/\/www.instagram.com\/ida.korea\/\"]}]}<\/script>\n<!-- \/ Yoast SEO plugin. -->","yoast_head_json":{"title":"Moisturising cushion Unleashia Don't Touch Glass Pink Cushion SPF50+ PA++++ - IDA.KOREA","robots":{"index":"index","follow":"follow","max-snippet":"max-snippet:-1","max-image-preview":"max-image-preview:large","max-video-preview":"max-video-preview:-1"},"canonical":"https:\/\/idakorea.ee\/en\/product\/niisutav-cushion-unleashia-dont-touch-glass-pink-cushion-spf50-pa\/","og_locale":"en_US","og_type":"article","og_title":"Niisutav cushion Unleashia Don't Touch Glass Pink Cushion SPF50+ PA++++ - IDA.KOREA","og_description":"Niisutav jumestuskreem-cushion naha s\u00e4ramiseks Unleashia Don&#8217;t Touch Glass Pink Cushion SPF50+ PA++++ pakub keskmise katvusega, \u00fchtlustab naha tooni, parandab jumet ja annab loomuliku viimistluse. Varjab v\u00e4ikesed puudused ja k\u00f5rvaldab kuivuse. Ei j\u00e4ta maski tunnet, on v\u00e4ga p\u00fcsiv ja ei valgu p\u00e4eva jooksul laiali. Loob n\u00e4ole moeka glass-skin efekti. Kushoni ebatavaline formaat v\u00f5imaldab mugavalt reguleerida toote...","og_url":"https:\/\/idakorea.ee\/en\/product\/niisutav-cushion-unleashia-dont-touch-glass-pink-cushion-spf50-pa\/","og_site_name":"IDA.KOREA","article_modified_time":"2025-05-14T06:52:23+00:00","og_image":[{"width":1000,"height":1000,"url":"https:\/\/idakorea.ee\/wp-content\/uploads\/2024\/07\/hollyshop-_-2024_02_14t110123.554-_1_.jpg","type":"image\/jpeg"}],"twitter_card":"summary_large_image","twitter_misc":{"Est. reading time":"2 minutes"},"schema":{"@context":"https:\/\/schema.org","@graph":[{"@type":"WebPage","@id":"https:\/\/idakorea.ee\/product\/niisutav-cushion-unleashia-dont-touch-glass-pink-cushion-spf50-pa\/","url":"https:\/\/idakorea.ee\/product\/niisutav-cushion-unleashia-dont-touch-glass-pink-cushion-spf50-pa\/","name":"Moisturising cushion Unleashia Don't Touch Glass Pink Cushion SPF50+ PA++++ - IDA.KOREA","isPartOf":{"@id":"https:\/\/idakorea.ee\/#website"},"primaryImageOfPage":{"@id":"https:\/\/idakorea.ee\/product\/niisutav-cushion-unleashia-dont-touch-glass-pink-cushion-spf50-pa\/#primaryimage"},"image":{"@id":"https:\/\/idakorea.ee\/product\/niisutav-cushion-unleashia-dont-touch-glass-pink-cushion-spf50-pa\/#primaryimage"},"thumbnailUrl":"https:\/\/idakorea.ee\/wp-content\/uploads\/2024\/07\/hollyshop-_-2024_02_14t110123.554-_1_.jpg","datePublished":"2024-07-06T08:00:13+00:00","dateModified":"2025-05-14T06:52:23+00:00","breadcrumb":{"@id":"https:\/\/idakorea.ee\/product\/niisutav-cushion-unleashia-dont-touch-glass-pink-cushion-spf50-pa\/#breadcrumb"},"inLanguage":"en-US","potentialAction":[{"@type":"ReadAction","target":["https:\/\/idakorea.ee\/product\/niisutav-cushion-unleashia-dont-touch-glass-pink-cushion-spf50-pa\/"]}]},{"@type":"ImageObject","inLanguage":"en-US","@id":"https:\/\/idakorea.ee\/product\/niisutav-cushion-unleashia-dont-touch-glass-pink-cushion-spf50-pa\/#primaryimage","url":"https:\/\/idakorea.ee\/wp-content\/uploads\/2024\/07\/hollyshop-_-2024_02_14t110123.554-_1_.jpg","contentUrl":"https:\/\/idakorea.ee\/wp-content\/uploads\/2024\/07\/hollyshop-_-2024_02_14t110123.554-_1_.jpg","width":1000,"height":1000},{"@type":"BreadcrumbList","@id":"https:\/\/idakorea.ee\/product\/niisutav-cushion-unleashia-dont-touch-glass-pink-cushion-spf50-pa\/#breadcrumb","itemListElement":[{"@type":"ListItem","position":1,"name":"\u0413\u043b\u0430\u0432\u043d\u0430\u044f \u0441\u0442\u0440\u0430\u043d\u0438\u0446\u0430","item":"https:\/\/idakorea.ee\/"},{"@type":"ListItem","position":2,"name":"Shop","item":"https:\/\/idakorea.ee\/shop-2\/"},{"@type":"ListItem","position":3,"name":"Niisutav cushion Unleashia Don&#8217;t Touch Glass Pink Cushion SPF50+ PA++++"}]},{"@type":"WebSite","@id":"https:\/\/idakorea.ee\/#website","url":"https:\/\/idakorea.ee\/","name":"IDA.KOREA","description":"Korean cosmetics e-shop","publisher":{"@id":"https:\/\/idakorea.ee\/#organization"},"alternateName":"Beauty Shop","potentialAction":[{"@type":"SearchAction","target":{"@type":"EntryPoint","urlTemplate":"https:\/\/idakorea.ee\/?s={search_term_string}"},"query-input":{"@type":"PropertyValueSpecification","valueRequired":true,"valueName":"search_term_string"}}],"inLanguage":"en-US"},{"@type":"Organization","@id":"https:\/\/idakorea.ee\/#organization","name":"IDA.KOREA","url":"https:\/\/idakorea.ee\/","logo":{"@type":"ImageObject","inLanguage":"en-US","@id":"https:\/\/idakorea.ee\/#\/schema\/logo\/image\/","url":"https:\/\/idakorea.ee\/wp-content\/uploads\/2024\/05\/cropped-korea3.png","contentUrl":"https:\/\/idakorea.ee\/wp-content\/uploads\/2024\/05\/cropped-korea3.png","width":688,"height":126,"caption":"IDA.KOREA"},"image":{"@id":"https:\/\/idakorea.ee\/#\/schema\/logo\/image\/"},"sameAs":["https:\/\/www.instagram.com\/ida.korea\/"]}]}},"jetpack_sharing_enabled":true,"brands":[{"id":506,"name":"UNLEASHIA","slug":"unleashia"}],"_links":{"self":[{"href":"https:\/\/idakorea.ee\/en\/wp-json\/wp\/v2\/product\/9298","targetHints":{"allow":["GET"]}}],"collection":[{"href":"https:\/\/idakorea.ee\/en\/wp-json\/wp\/v2\/product"}],"about":[{"href":"https:\/\/idakorea.ee\/en\/wp-json\/wp\/v2\/types\/product"}],"replies":[{"embeddable":true,"href":"https:\/\/idakorea.ee\/en\/wp-json\/wp\/v2\/comments?post=9298"}],"version-history":[{"count":1,"href":"https:\/\/idakorea.ee\/en\/wp-json\/wp\/v2\/product\/9298\/revisions"}],"predecessor-version":[{"id":10298,"href":"https:\/\/idakorea.ee\/en\/wp-json\/wp\/v2\/product\/9298\/revisions\/10298"}],"wp:featuredmedia":[{"embeddable":true,"href":"https:\/\/idakorea.ee\/en\/wp-json\/wp\/v2\/media\/9299"}],"wp:attachment":[{"href":"https:\/\/idakorea.ee\/en\/wp-json\/wp\/v2\/media?parent=9298"}],"wp:term":[{"taxonomy":"pwb-brand","embeddable":true,"href":"https:\/\/idakorea.ee\/en\/wp-json\/wp\/v2\/pwb-brand?post=9298"},{"taxonomy":"product_brand","embeddable":true,"href":"https:\/\/idakorea.ee\/en\/wp-json\/wp\/v2\/product_brand?post=9298"},{"taxonomy":"product_cat","embeddable":true,"href":"https:\/\/idakorea.ee\/en\/wp-json\/wp\/v2\/product_cat?post=9298"},{"taxonomy":"product_tag","embeddable":true,"href":"https:\/\/idakorea.ee\/en\/wp-json\/wp\/v2\/product_tag?post=9298"}],"curies":[{"name":"wp","href":"https:\/\/api.w.org\/{rel}","templated":true}]}}