{"id":9388,"date":"2024-07-09T10:05:41","date_gmt":"2024-07-09T07:05:41","guid":{"rendered":"https:\/\/idakorea.ee\/?post_type=product&#038;p=9388"},"modified":"2026-04-14T11:06:17","modified_gmt":"2026-04-14T09:06:17","slug":"vistriku-plaaster-medi-peel-phyto-cica-nol-b5-spot-patch-12tk","status":"publish","type":"product","link":"https:\/\/idakorea.ee\/en\/product\/vistriku-plaaster-medi-peel-phyto-cica-nol-b5-spot-patch-12tk\/","title":{"rendered":"Acne patch Medi-Peel Phyto CICA-Nol B5 Spot Patch, 12pcs EXP 31.08.2026"},"content":{"rendered":"<p><strong>Medi-Peel Phyto CICA-Nol B5 Spot Patch<\/strong> patches easily adhere to the inflamed area, reducing redness and speeding up pimple healing. The product protects the skin from harmful substances and reduces the expression of inflammation.<\/p>\n<p>Dotted patches ensure air permeability and water resistance. They cover the problem area, absorb pimple secretions and repair the damaged area. Suitable for sensitive skin.<\/p>\n<p>The thin semi-matte finish is not noticeable on the skin and can be used before make-up application.<\/p>\n<p>The product is based on the CICA-Nol B5 complex - a combination of Asian water extract and its 4 derivatives and panthenol. The complex soothes irritation and redness, provides excellent skin soothing, combats itching and redness, and offers comfort to sensitive skin.<\/p>\n<p>The formulation uses an Asian aqua-naba extract (734,995.5 ppm) grown in an ecologically clean area on Jeju Island. The extract is obtained through a low-temperature process (20-30\u00b0C) lasting 100 hours, which allows maximum retention of the beneficial substances and stabilisation of the active ingredients.<\/p>\n<p><strong>User manual:<\/strong> press the protective layer to which the patches are attached and remove the end of the patch. Apply the patch to cleansed skin, leave on for 8-12 hours. Replace the patch if the contents turn white.<\/p>","protected":false},"excerpt":{"rendered":"<p>Medi-Peel Phyto CICA-Nol B5 Spot Patches easily adhere to the inflamed area, reduce redness and speed up pimple healing. The product protects the skin from harmful substances and reduces the expression of inflammation. The full patches ensure air permeability and water resistance. They cover the problem area, absorb pimple secretions and repair the damaged area. Suitable for sensitive skin. The thin semi-matte finish material does not irritate the skin....<\/p>","protected":false},"featured_media":9389,"comment_status":"open","ping_status":"closed","template":"","meta":{"_uf_show_specific_survey":0,"_uf_disable_surveys":false,"_bst_post_transparent":"default","_bst_post_title":"","_bst_post_layout":"default","_bst_post_sidebar_id":"","_bst_post_content_style":"default","_bst_post_vertical_padding":"default","_bst_post_feature":"","_bst_post_feature_position":"","_bst_post_header":false,"_bst_post_footer":false},"pwb-brand":[107],"product_brand":[],"product_cat":[1122,92],"product_tag":[233,377,202,249,381,203],"class_list":{"0":"post-9388","1":"product","2":"type-product","3":"status-publish","4":"has-post-thumbnail","6":"pwb-brand-medipeel","7":"product_cat-lokaalne-hooldus","8":"product_cat-nagu","9":"product_tag-internet-pood-eesti","10":"product_tag-k-beauty-2","11":"product_tag-korea-kosmeetika","12":"product_tag-medi-peel","13":"product_tag-medipeel","14":"product_tag-korejskaya-kosmetika","16":"first","17":"instock","18":"sale","19":"shipping-taxable","20":"purchasable","21":"product-type-simple","22":"entry","23":"content-bg","24":"loop-entry"},"supplier_id":null,"supplier_sku":"","barcode":null,"atum_controlled":true,"out_stock_date":null,"out_stock_threshold":null,"inheritable":false,"inbound_stock":0,"stock_on_hold":0,"sold_today":0,"sales_last_days":4,"out_stock_days":0,"lost_sales":0,"has_location":false,"update_date":"2026-04-14T09:07:39","atum_locations":[],"atum_stock_status":"instock","restock_status":false,"low_stock_amount":"","sales_update_date":"2026-04-14T09:07:39","calc_backorders":null,"yoast_head":"<!-- This site is optimized with the Yoast SEO plugin v27.2 - https:\/\/yoast.com\/product\/yoast-seo-wordpress\/ -->\n<title>Vistriku plaaster Medi-Peel Phyto CICA-Nol B5 Spot Patch, 12tk EXP 31.08.2026 - IDA.KOREA<\/title>\n<meta name=\"description\" content=\"Medi-Peel Phyto CICA-Nol B5 Spot Patch plaastrid kinnituvad kergesti p\u00f5letikualale, v\u00e4hendavad punetust ja kiirendavad vistriku paranemist. Toode kaitseb nahka kahjulike ainete sattumise eest ja v\u00e4hendab p\u00f5letiku v\u00e4ljendust.\" \/>\n<meta name=\"robots\" content=\"index, follow, max-snippet:-1, max-image-preview:large, max-video-preview:-1\" \/>\n<link rel=\"canonical\" href=\"https:\/\/idakorea.ee\/en\/product\/vistriku-plaaster-medi-peel-phyto-cica-nol-b5-spot-patch-12tk\/\" \/>\n<meta property=\"og:locale\" content=\"en_US\" \/>\n<meta property=\"og:type\" content=\"article\" \/>\n<meta property=\"og:title\" content=\"Vistriku plaaster Medi-Peel Phyto CICA-Nol B5 Spot Patch, 12tk EXP 31.08.2026 - IDA.KOREA\" \/>\n<meta property=\"og:description\" content=\"Medi-Peel Phyto CICA-Nol B5 Spot Patch plaastrid kinnituvad kergesti p\u00f5letikualale, v\u00e4hendavad punetust ja kiirendavad vistriku paranemist. Toode kaitseb nahka kahjulike ainete sattumise eest ja v\u00e4hendab p\u00f5letiku v\u00e4ljendust.\" \/>\n<meta property=\"og:url\" content=\"https:\/\/idakorea.ee\/en\/product\/vistriku-plaaster-medi-peel-phyto-cica-nol-b5-spot-patch-12tk\/\" \/>\n<meta property=\"og:site_name\" content=\"IDA.KOREA\" \/>\n<meta property=\"article:modified_time\" content=\"2026-04-14T09:06:17+00:00\" \/>\n<meta property=\"og:image\" content=\"https:\/\/idakorea.ee\/wp-content\/uploads\/2024\/07\/medi_peel-phyto-cica_nol-b5-spot-patch.jpg\" \/>\n\t<meta property=\"og:image:width\" content=\"1000\" \/>\n\t<meta property=\"og:image:height\" content=\"1000\" \/>\n\t<meta property=\"og:image:type\" content=\"image\/jpeg\" \/>\n<meta name=\"twitter:card\" content=\"summary_large_image\" \/>\n<meta name=\"twitter:label1\" content=\"Est. reading time\" \/>\n\t<meta name=\"twitter:data1\" content=\"2 minutes\" \/>\n<script type=\"application\/ld+json\" class=\"yoast-schema-graph\">{\"@context\":\"https:\/\/schema.org\",\"@graph\":[{\"@type\":\"WebPage\",\"@id\":\"https:\/\/idakorea.ee\/product\/vistriku-plaaster-medi-peel-phyto-cica-nol-b5-spot-patch-12tk\/\",\"url\":\"https:\/\/idakorea.ee\/product\/vistriku-plaaster-medi-peel-phyto-cica-nol-b5-spot-patch-12tk\/\",\"name\":\"Vistriku plaaster Medi-Peel Phyto CICA-Nol B5 Spot Patch, 12tk EXP 31.08.2026 - IDA.KOREA\",\"isPartOf\":{\"@id\":\"https:\/\/idakorea.ee\/#website\"},\"primaryImageOfPage\":{\"@id\":\"https:\/\/idakorea.ee\/product\/vistriku-plaaster-medi-peel-phyto-cica-nol-b5-spot-patch-12tk\/#primaryimage\"},\"image\":{\"@id\":\"https:\/\/idakorea.ee\/product\/vistriku-plaaster-medi-peel-phyto-cica-nol-b5-spot-patch-12tk\/#primaryimage\"},\"thumbnailUrl\":\"https:\/\/idakorea.ee\/wp-content\/uploads\/2024\/07\/medi_peel-phyto-cica_nol-b5-spot-patch.jpg\",\"datePublished\":\"2024-07-09T07:05:41+00:00\",\"dateModified\":\"2026-04-14T09:06:17+00:00\",\"description\":\"Medi-Peel Phyto CICA-Nol B5 Spot Patch plaastrid kinnituvad kergesti p\u00f5letikualale, v\u00e4hendavad punetust ja kiirendavad vistriku paranemist. Toode kaitseb nahka kahjulike ainete sattumise eest ja v\u00e4hendab p\u00f5letiku v\u00e4ljendust.\",\"breadcrumb\":{\"@id\":\"https:\/\/idakorea.ee\/product\/vistriku-plaaster-medi-peel-phyto-cica-nol-b5-spot-patch-12tk\/#breadcrumb\"},\"inLanguage\":\"en-US\",\"potentialAction\":[{\"@type\":\"ReadAction\",\"target\":[\"https:\/\/idakorea.ee\/product\/vistriku-plaaster-medi-peel-phyto-cica-nol-b5-spot-patch-12tk\/\"]}]},{\"@type\":\"ImageObject\",\"inLanguage\":\"en-US\",\"@id\":\"https:\/\/idakorea.ee\/product\/vistriku-plaaster-medi-peel-phyto-cica-nol-b5-spot-patch-12tk\/#primaryimage\",\"url\":\"https:\/\/idakorea.ee\/wp-content\/uploads\/2024\/07\/medi_peel-phyto-cica_nol-b5-spot-patch.jpg\",\"contentUrl\":\"https:\/\/idakorea.ee\/wp-content\/uploads\/2024\/07\/medi_peel-phyto-cica_nol-b5-spot-patch.jpg\",\"width\":1000,\"height\":1000},{\"@type\":\"BreadcrumbList\",\"@id\":\"https:\/\/idakorea.ee\/product\/vistriku-plaaster-medi-peel-phyto-cica-nol-b5-spot-patch-12tk\/#breadcrumb\",\"itemListElement\":[{\"@type\":\"ListItem\",\"position\":1,\"name\":\"\u0413\u043b\u0430\u0432\u043d\u0430\u044f \u0441\u0442\u0440\u0430\u043d\u0438\u0446\u0430\",\"item\":\"https:\/\/idakorea.ee\/\"},{\"@type\":\"ListItem\",\"position\":2,\"name\":\"Shop\",\"item\":\"https:\/\/idakorea.ee\/shop-2\/\"},{\"@type\":\"ListItem\",\"position\":3,\"name\":\"Vistriku plaaster Medi-Peel Phyto CICA-Nol B5 Spot Patch, 12tk EXP 31.08.2026\"}]},{\"@type\":\"WebSite\",\"@id\":\"https:\/\/idakorea.ee\/#website\",\"url\":\"https:\/\/idakorea.ee\/\",\"name\":\"IDA.KOREA\",\"description\":\"Korea kosmeetika e-pood\",\"publisher\":{\"@id\":\"https:\/\/idakorea.ee\/#organization\"},\"alternateName\":\"Beauty Shop\",\"potentialAction\":[{\"@type\":\"SearchAction\",\"target\":{\"@type\":\"EntryPoint\",\"urlTemplate\":\"https:\/\/idakorea.ee\/?s={search_term_string}\"},\"query-input\":{\"@type\":\"PropertyValueSpecification\",\"valueRequired\":true,\"valueName\":\"search_term_string\"}}],\"inLanguage\":\"en-US\"},{\"@type\":\"Organization\",\"@id\":\"https:\/\/idakorea.ee\/#organization\",\"name\":\"IDA.KOREA\",\"url\":\"https:\/\/idakorea.ee\/\",\"logo\":{\"@type\":\"ImageObject\",\"inLanguage\":\"en-US\",\"@id\":\"https:\/\/idakorea.ee\/#\/schema\/logo\/image\/\",\"url\":\"https:\/\/idakorea.ee\/wp-content\/uploads\/2024\/05\/cropped-korea3.png\",\"contentUrl\":\"https:\/\/idakorea.ee\/wp-content\/uploads\/2024\/05\/cropped-korea3.png\",\"width\":688,\"height\":126,\"caption\":\"IDA.KOREA\"},\"image\":{\"@id\":\"https:\/\/idakorea.ee\/#\/schema\/logo\/image\/\"},\"sameAs\":[\"https:\/\/www.instagram.com\/ida.korea\/\"]}]}<\/script>\n<!-- \/ Yoast SEO plugin. -->","yoast_head_json":{"title":"Vistriku plaaster Medi-Peel Phyto CICA-Nol B5 Spot Patch, 12tk EXP 31.08.2026 - IDA.KOREA","description":"Medi-Peel Phyto CICA-Nol B5 Spot Patches easily adhere to the inflamed area, reduce redness and speed up pimple healing. The product protects the skin from harmful substances and reduces the expression of inflammation.","robots":{"index":"index","follow":"follow","max-snippet":"max-snippet:-1","max-image-preview":"max-image-preview:large","max-video-preview":"max-video-preview:-1"},"canonical":"https:\/\/idakorea.ee\/en\/product\/vistriku-plaaster-medi-peel-phyto-cica-nol-b5-spot-patch-12tk\/","og_locale":"en_US","og_type":"article","og_title":"Vistriku plaaster Medi-Peel Phyto CICA-Nol B5 Spot Patch, 12tk EXP 31.08.2026 - IDA.KOREA","og_description":"Medi-Peel Phyto CICA-Nol B5 Spot Patch plaastrid kinnituvad kergesti p\u00f5letikualale, v\u00e4hendavad punetust ja kiirendavad vistriku paranemist. Toode kaitseb nahka kahjulike ainete sattumise eest ja v\u00e4hendab p\u00f5letiku v\u00e4ljendust.","og_url":"https:\/\/idakorea.ee\/en\/product\/vistriku-plaaster-medi-peel-phyto-cica-nol-b5-spot-patch-12tk\/","og_site_name":"IDA.KOREA","article_modified_time":"2026-04-14T09:06:17+00:00","og_image":[{"width":1000,"height":1000,"url":"https:\/\/idakorea.ee\/wp-content\/uploads\/2024\/07\/medi_peel-phyto-cica_nol-b5-spot-patch.jpg","type":"image\/jpeg"}],"twitter_card":"summary_large_image","twitter_misc":{"Est. reading time":"2 minutes"},"schema":{"@context":"https:\/\/schema.org","@graph":[{"@type":"WebPage","@id":"https:\/\/idakorea.ee\/product\/vistriku-plaaster-medi-peel-phyto-cica-nol-b5-spot-patch-12tk\/","url":"https:\/\/idakorea.ee\/product\/vistriku-plaaster-medi-peel-phyto-cica-nol-b5-spot-patch-12tk\/","name":"Vistriku plaaster Medi-Peel Phyto CICA-Nol B5 Spot Patch, 12tk EXP 31.08.2026 - IDA.KOREA","isPartOf":{"@id":"https:\/\/idakorea.ee\/#website"},"primaryImageOfPage":{"@id":"https:\/\/idakorea.ee\/product\/vistriku-plaaster-medi-peel-phyto-cica-nol-b5-spot-patch-12tk\/#primaryimage"},"image":{"@id":"https:\/\/idakorea.ee\/product\/vistriku-plaaster-medi-peel-phyto-cica-nol-b5-spot-patch-12tk\/#primaryimage"},"thumbnailUrl":"https:\/\/idakorea.ee\/wp-content\/uploads\/2024\/07\/medi_peel-phyto-cica_nol-b5-spot-patch.jpg","datePublished":"2024-07-09T07:05:41+00:00","dateModified":"2026-04-14T09:06:17+00:00","description":"Medi-Peel Phyto CICA-Nol B5 Spot Patches easily adhere to the inflamed area, reduce redness and speed up pimple healing. The product protects the skin from harmful substances and reduces the expression of inflammation.","breadcrumb":{"@id":"https:\/\/idakorea.ee\/product\/vistriku-plaaster-medi-peel-phyto-cica-nol-b5-spot-patch-12tk\/#breadcrumb"},"inLanguage":"en-US","potentialAction":[{"@type":"ReadAction","target":["https:\/\/idakorea.ee\/product\/vistriku-plaaster-medi-peel-phyto-cica-nol-b5-spot-patch-12tk\/"]}]},{"@type":"ImageObject","inLanguage":"en-US","@id":"https:\/\/idakorea.ee\/product\/vistriku-plaaster-medi-peel-phyto-cica-nol-b5-spot-patch-12tk\/#primaryimage","url":"https:\/\/idakorea.ee\/wp-content\/uploads\/2024\/07\/medi_peel-phyto-cica_nol-b5-spot-patch.jpg","contentUrl":"https:\/\/idakorea.ee\/wp-content\/uploads\/2024\/07\/medi_peel-phyto-cica_nol-b5-spot-patch.jpg","width":1000,"height":1000},{"@type":"BreadcrumbList","@id":"https:\/\/idakorea.ee\/product\/vistriku-plaaster-medi-peel-phyto-cica-nol-b5-spot-patch-12tk\/#breadcrumb","itemListElement":[{"@type":"ListItem","position":1,"name":"\u0413\u043b\u0430\u0432\u043d\u0430\u044f \u0441\u0442\u0440\u0430\u043d\u0438\u0446\u0430","item":"https:\/\/idakorea.ee\/"},{"@type":"ListItem","position":2,"name":"Shop","item":"https:\/\/idakorea.ee\/shop-2\/"},{"@type":"ListItem","position":3,"name":"Vistriku plaaster Medi-Peel Phyto CICA-Nol B5 Spot Patch, 12tk EXP 31.08.2026"}]},{"@type":"WebSite","@id":"https:\/\/idakorea.ee\/#website","url":"https:\/\/idakorea.ee\/","name":"IDA.KOREA","description":"Korean cosmetics e-shop","publisher":{"@id":"https:\/\/idakorea.ee\/#organization"},"alternateName":"Beauty Shop","potentialAction":[{"@type":"SearchAction","target":{"@type":"EntryPoint","urlTemplate":"https:\/\/idakorea.ee\/?s={search_term_string}"},"query-input":{"@type":"PropertyValueSpecification","valueRequired":true,"valueName":"search_term_string"}}],"inLanguage":"en-US"},{"@type":"Organization","@id":"https:\/\/idakorea.ee\/#organization","name":"IDA.KOREA","url":"https:\/\/idakorea.ee\/","logo":{"@type":"ImageObject","inLanguage":"en-US","@id":"https:\/\/idakorea.ee\/#\/schema\/logo\/image\/","url":"https:\/\/idakorea.ee\/wp-content\/uploads\/2024\/05\/cropped-korea3.png","contentUrl":"https:\/\/idakorea.ee\/wp-content\/uploads\/2024\/05\/cropped-korea3.png","width":688,"height":126,"caption":"IDA.KOREA"},"image":{"@id":"https:\/\/idakorea.ee\/#\/schema\/logo\/image\/"},"sameAs":["https:\/\/www.instagram.com\/ida.korea\/"]}]}},"jetpack_sharing_enabled":true,"brands":[{"id":107,"name":"MEDIPEEL+","slug":"medipeel"}],"_links":{"self":[{"href":"https:\/\/idakorea.ee\/en\/wp-json\/wp\/v2\/product\/9388","targetHints":{"allow":["GET"]}}],"collection":[{"href":"https:\/\/idakorea.ee\/en\/wp-json\/wp\/v2\/product"}],"about":[{"href":"https:\/\/idakorea.ee\/en\/wp-json\/wp\/v2\/types\/product"}],"replies":[{"embeddable":true,"href":"https:\/\/idakorea.ee\/en\/wp-json\/wp\/v2\/comments?post=9388"}],"version-history":[{"count":3,"href":"https:\/\/idakorea.ee\/en\/wp-json\/wp\/v2\/product\/9388\/revisions"}],"predecessor-version":[{"id":17996,"href":"https:\/\/idakorea.ee\/en\/wp-json\/wp\/v2\/product\/9388\/revisions\/17996"}],"wp:featuredmedia":[{"embeddable":true,"href":"https:\/\/idakorea.ee\/en\/wp-json\/wp\/v2\/media\/9389"}],"wp:attachment":[{"href":"https:\/\/idakorea.ee\/en\/wp-json\/wp\/v2\/media?parent=9388"}],"wp:term":[{"taxonomy":"pwb-brand","embeddable":true,"href":"https:\/\/idakorea.ee\/en\/wp-json\/wp\/v2\/pwb-brand?post=9388"},{"taxonomy":"product_brand","embeddable":true,"href":"https:\/\/idakorea.ee\/en\/wp-json\/wp\/v2\/product_brand?post=9388"},{"taxonomy":"product_cat","embeddable":true,"href":"https:\/\/idakorea.ee\/en\/wp-json\/wp\/v2\/product_cat?post=9388"},{"taxonomy":"product_tag","embeddable":true,"href":"https:\/\/idakorea.ee\/en\/wp-json\/wp\/v2\/product_tag?post=9388"}],"curies":[{"name":"wp","href":"https:\/\/api.w.org\/{rel}","templated":true}]}}