{"id":9398,"date":"2024-07-09T11:13:07","date_gmt":"2024-07-09T08:13:07","guid":{"rendered":"https:\/\/idakorea.ee\/?post_type=product&#038;p=9398"},"modified":"2026-04-08T15:11:16","modified_gmt":"2026-04-08T13:11:16","slug":"vistriku-plaaster-petitfee-centella-clearing-spot-patch-23tk","status":"publish","type":"product","link":"https:\/\/idakorea.ee\/en\/product\/vistriku-plaaster-petitfee-centella-clearing-spot-patch-23tk\/","title":{"rendered":"Petitfee Centella Clearing Spot Patch, 23pcs"},"content":{"rendered":"<p><strong>Petitfee Centella Clearing Spot Patch <\/strong>\u2013 accelerates the resolution and healing of inflammation, leaving the skin free of redness and flaking.<\/p>\n<p>Patches allow precise targeting of problem areas, relieving discomfort and itching and preventing acne. Depending on the stage of development of the pimple, the patches can completely suppress the inflammation process or accelerate the development of pustules.<\/p>\n<p>The transparent patches adhere tightly to the skin, providing maximum antibacterial and drying action. The patches are available in different diameters, allowing them to be used for single pimples as well as for multiple infections.<\/p>\n<p><strong>Main active ingredients:<\/strong><\/p>\n<ul>\n<li><strong>Tea tree oil<\/strong> - has pronounced anti-inflammatory and antiseptic effects, promotes rapid skin healing. Combats pore congestion, normalises sebaceous glands and oil secretion, reduces shine.<\/li>\n<li><strong>CICA complex<\/strong> - increases skin elasticity and firmness, saturates dermis cells with moisture. Forms a protective barrier to protect the skin from UV rays and environmental aggressors.<\/li>\n<li><strong>Salicylic acid<\/strong> - has antibacterial and bactericidal properties, regulates the sebaceous glands, draws out dirt and grease and prevents new inflammations.<\/li>\n<\/ul>\n<p>Suitable for problem and oily skin.<\/p>\n<p><strong>User manual:<\/strong> Apply a patch of the appropriate size to previously cleansed, dry skin and press it into the area of inflammation. Leave the patches on for 12 hours, then carefully remove.<\/p>","protected":false},"excerpt":{"rendered":"<p>Petitfee Centella Clearing Spot Patch - speeds up the healing and healing of inflammation, leaving skin free from redness and scaling. The patches allow precise targeting of problem areas, relieving discomfort and itching and preventing acne. Depending on the stage of development of the pimple, the patches can completely suppress the inflammation process or accelerate the maturation of the pustule. Transparent patches adhere tightly to the skin, providing maximum antibacterial and drying...<\/p>","protected":false},"featured_media":12338,"comment_status":"open","ping_status":"closed","template":"","meta":{"_uf_show_specific_survey":0,"_uf_disable_surveys":false,"_bst_post_transparent":"default","_bst_post_title":"","_bst_post_layout":"default","_bst_post_sidebar_id":"","_bst_post_content_style":"default","_bst_post_vertical_padding":"default","_bst_post_feature":"","_bst_post_feature_position":"","_bst_post_header":false,"_bst_post_footer":false},"pwb-brand":[530],"product_brand":[],"product_cat":[1122],"product_tag":[532,531],"class_list":{"0":"post-9398","1":"product","2":"type-product","3":"status-publish","4":"has-post-thumbnail","6":"pwb-brand-petitfee","7":"product_cat-lokaalne-hooldus","8":"product_tag-petitfee","9":"product_tag-spot-patch","11":"first","12":"instock","13":"sale","14":"shipping-taxable","15":"purchasable","16":"product-type-simple","17":"entry","18":"content-bg","19":"loop-entry"},"supplier_id":null,"supplier_sku":"","barcode":null,"atum_controlled":true,"out_stock_date":null,"out_stock_threshold":null,"inheritable":false,"inbound_stock":0,"stock_on_hold":0,"sold_today":0,"sales_last_days":2,"out_stock_days":0,"lost_sales":0,"has_location":false,"update_date":"2026-04-14T00:05:10","atum_locations":[],"atum_stock_status":"instock","restock_status":false,"low_stock_amount":"","sales_update_date":"2026-04-14T00:05:10","calc_backorders":null,"yoast_head":"<!-- This site is optimized with the Yoast SEO plugin v27.2 - https:\/\/yoast.com\/product\/yoast-seo-wordpress\/ -->\n<title>Vistriku plaaster Petitfee Centella Clearing Spot Patch, 23tk - IDA.KOREA<\/title>\n<meta name=\"robots\" content=\"index, follow, max-snippet:-1, max-image-preview:large, max-video-preview:-1\" \/>\n<link rel=\"canonical\" href=\"https:\/\/idakorea.ee\/en\/product\/vistriku-plaaster-petitfee-centella-clearing-spot-patch-23tk\/\" \/>\n<meta property=\"og:locale\" content=\"en_US\" \/>\n<meta property=\"og:type\" content=\"article\" \/>\n<meta property=\"og:title\" content=\"Vistriku plaaster Petitfee Centella Clearing Spot Patch, 23tk - IDA.KOREA\" \/>\n<meta property=\"og:description\" content=\"Petitfee Centella Clearing Spot Patch &#8211; kiirendab p\u00f5letike valmimist ja paranemist, j\u00e4ttes naha ilma punetuse ja ketenduseta. Pat\u0161id v\u00f5imaldavad t\u00e4pselt m\u00f5jutada probleemseid piirkondi, leevendavad ebameeldivaid tundeid ja s\u00fcgelust ning takistavad akne teket. S\u00f5ltuvalt vistriku arengustaadiumist v\u00f5ivad plaastrid t\u00e4ielikult p\u00f5letikuprotsessi maha suruda v\u00f5i kiirendada m\u00e4dap\u00f5letiku valmimist. L\u00e4bipaistvad plaastrid kinnituvad nahale tihedalt, pakkudes maksimaalset antibakteriaalset ja kuivatavat...\" \/>\n<meta property=\"og:url\" content=\"https:\/\/idakorea.ee\/en\/product\/vistriku-plaaster-petitfee-centella-clearing-spot-patch-23tk\/\" \/>\n<meta property=\"og:site_name\" content=\"IDA.KOREA\" \/>\n<meta property=\"article:modified_time\" content=\"2026-04-08T13:11:16+00:00\" \/>\n<meta property=\"og:image\" content=\"https:\/\/idakorea.ee\/wp-content\/uploads\/2024\/07\/petitfee.spot_.jpg\" \/>\n\t<meta property=\"og:image:width\" content=\"1000\" \/>\n\t<meta property=\"og:image:height\" content=\"1000\" \/>\n\t<meta property=\"og:image:type\" content=\"image\/jpeg\" \/>\n<meta name=\"twitter:card\" content=\"summary_large_image\" \/>\n<meta name=\"twitter:label1\" content=\"Est. reading time\" \/>\n\t<meta name=\"twitter:data1\" content=\"2 minutes\" \/>\n<script type=\"application\/ld+json\" class=\"yoast-schema-graph\">{\"@context\":\"https:\/\/schema.org\",\"@graph\":[{\"@type\":\"WebPage\",\"@id\":\"https:\/\/idakorea.ee\/product\/vistriku-plaaster-petitfee-centella-clearing-spot-patch-23tk\/\",\"url\":\"https:\/\/idakorea.ee\/product\/vistriku-plaaster-petitfee-centella-clearing-spot-patch-23tk\/\",\"name\":\"Vistriku plaaster Petitfee Centella Clearing Spot Patch, 23tk - IDA.KOREA\",\"isPartOf\":{\"@id\":\"https:\/\/idakorea.ee\/#website\"},\"primaryImageOfPage\":{\"@id\":\"https:\/\/idakorea.ee\/product\/vistriku-plaaster-petitfee-centella-clearing-spot-patch-23tk\/#primaryimage\"},\"image\":{\"@id\":\"https:\/\/idakorea.ee\/product\/vistriku-plaaster-petitfee-centella-clearing-spot-patch-23tk\/#primaryimage\"},\"thumbnailUrl\":\"https:\/\/idakorea.ee\/wp-content\/uploads\/2024\/07\/petitfee.spot_.jpg\",\"datePublished\":\"2024-07-09T08:13:07+00:00\",\"dateModified\":\"2026-04-08T13:11:16+00:00\",\"breadcrumb\":{\"@id\":\"https:\/\/idakorea.ee\/product\/vistriku-plaaster-petitfee-centella-clearing-spot-patch-23tk\/#breadcrumb\"},\"inLanguage\":\"en-US\",\"potentialAction\":[{\"@type\":\"ReadAction\",\"target\":[\"https:\/\/idakorea.ee\/product\/vistriku-plaaster-petitfee-centella-clearing-spot-patch-23tk\/\"]}]},{\"@type\":\"ImageObject\",\"inLanguage\":\"en-US\",\"@id\":\"https:\/\/idakorea.ee\/product\/vistriku-plaaster-petitfee-centella-clearing-spot-patch-23tk\/#primaryimage\",\"url\":\"https:\/\/idakorea.ee\/wp-content\/uploads\/2024\/07\/petitfee.spot_.jpg\",\"contentUrl\":\"https:\/\/idakorea.ee\/wp-content\/uploads\/2024\/07\/petitfee.spot_.jpg\",\"width\":1000,\"height\":1000},{\"@type\":\"BreadcrumbList\",\"@id\":\"https:\/\/idakorea.ee\/product\/vistriku-plaaster-petitfee-centella-clearing-spot-patch-23tk\/#breadcrumb\",\"itemListElement\":[{\"@type\":\"ListItem\",\"position\":1,\"name\":\"\u0413\u043b\u0430\u0432\u043d\u0430\u044f \u0441\u0442\u0440\u0430\u043d\u0438\u0446\u0430\",\"item\":\"https:\/\/idakorea.ee\/\"},{\"@type\":\"ListItem\",\"position\":2,\"name\":\"Shop\",\"item\":\"https:\/\/idakorea.ee\/shop-2\/\"},{\"@type\":\"ListItem\",\"position\":3,\"name\":\"Vistriku plaaster Petitfee Centella Clearing Spot Patch, 23tk\"}]},{\"@type\":\"WebSite\",\"@id\":\"https:\/\/idakorea.ee\/#website\",\"url\":\"https:\/\/idakorea.ee\/\",\"name\":\"IDA.KOREA\",\"description\":\"Korea kosmeetika e-pood\",\"publisher\":{\"@id\":\"https:\/\/idakorea.ee\/#organization\"},\"alternateName\":\"Beauty Shop\",\"potentialAction\":[{\"@type\":\"SearchAction\",\"target\":{\"@type\":\"EntryPoint\",\"urlTemplate\":\"https:\/\/idakorea.ee\/?s={search_term_string}\"},\"query-input\":{\"@type\":\"PropertyValueSpecification\",\"valueRequired\":true,\"valueName\":\"search_term_string\"}}],\"inLanguage\":\"en-US\"},{\"@type\":\"Organization\",\"@id\":\"https:\/\/idakorea.ee\/#organization\",\"name\":\"IDA.KOREA\",\"url\":\"https:\/\/idakorea.ee\/\",\"logo\":{\"@type\":\"ImageObject\",\"inLanguage\":\"en-US\",\"@id\":\"https:\/\/idakorea.ee\/#\/schema\/logo\/image\/\",\"url\":\"https:\/\/idakorea.ee\/wp-content\/uploads\/2024\/05\/cropped-korea3.png\",\"contentUrl\":\"https:\/\/idakorea.ee\/wp-content\/uploads\/2024\/05\/cropped-korea3.png\",\"width\":688,\"height\":126,\"caption\":\"IDA.KOREA\"},\"image\":{\"@id\":\"https:\/\/idakorea.ee\/#\/schema\/logo\/image\/\"},\"sameAs\":[\"https:\/\/www.instagram.com\/ida.korea\/\"]}]}<\/script>\n<!-- \/ Yoast SEO plugin. -->","yoast_head_json":{"title":"Pimple Patch Petitfee Centella Clearing Spot Patch, 23pcs - IDA.KOREA","robots":{"index":"index","follow":"follow","max-snippet":"max-snippet:-1","max-image-preview":"max-image-preview:large","max-video-preview":"max-video-preview:-1"},"canonical":"https:\/\/idakorea.ee\/en\/product\/vistriku-plaaster-petitfee-centella-clearing-spot-patch-23tk\/","og_locale":"en_US","og_type":"article","og_title":"Vistriku plaaster Petitfee Centella Clearing Spot Patch, 23tk - IDA.KOREA","og_description":"Petitfee Centella Clearing Spot Patch &#8211; kiirendab p\u00f5letike valmimist ja paranemist, j\u00e4ttes naha ilma punetuse ja ketenduseta. Pat\u0161id v\u00f5imaldavad t\u00e4pselt m\u00f5jutada probleemseid piirkondi, leevendavad ebameeldivaid tundeid ja s\u00fcgelust ning takistavad akne teket. S\u00f5ltuvalt vistriku arengustaadiumist v\u00f5ivad plaastrid t\u00e4ielikult p\u00f5letikuprotsessi maha suruda v\u00f5i kiirendada m\u00e4dap\u00f5letiku valmimist. L\u00e4bipaistvad plaastrid kinnituvad nahale tihedalt, pakkudes maksimaalset antibakteriaalset ja kuivatavat...","og_url":"https:\/\/idakorea.ee\/en\/product\/vistriku-plaaster-petitfee-centella-clearing-spot-patch-23tk\/","og_site_name":"IDA.KOREA","article_modified_time":"2026-04-08T13:11:16+00:00","og_image":[{"width":1000,"height":1000,"url":"https:\/\/idakorea.ee\/wp-content\/uploads\/2024\/07\/petitfee.spot_.jpg","type":"image\/jpeg"}],"twitter_card":"summary_large_image","twitter_misc":{"Est. reading time":"2 minutes"},"schema":{"@context":"https:\/\/schema.org","@graph":[{"@type":"WebPage","@id":"https:\/\/idakorea.ee\/product\/vistriku-plaaster-petitfee-centella-clearing-spot-patch-23tk\/","url":"https:\/\/idakorea.ee\/product\/vistriku-plaaster-petitfee-centella-clearing-spot-patch-23tk\/","name":"Pimple Patch Petitfee Centella Clearing Spot Patch, 23pcs - IDA.KOREA","isPartOf":{"@id":"https:\/\/idakorea.ee\/#website"},"primaryImageOfPage":{"@id":"https:\/\/idakorea.ee\/product\/vistriku-plaaster-petitfee-centella-clearing-spot-patch-23tk\/#primaryimage"},"image":{"@id":"https:\/\/idakorea.ee\/product\/vistriku-plaaster-petitfee-centella-clearing-spot-patch-23tk\/#primaryimage"},"thumbnailUrl":"https:\/\/idakorea.ee\/wp-content\/uploads\/2024\/07\/petitfee.spot_.jpg","datePublished":"2024-07-09T08:13:07+00:00","dateModified":"2026-04-08T13:11:16+00:00","breadcrumb":{"@id":"https:\/\/idakorea.ee\/product\/vistriku-plaaster-petitfee-centella-clearing-spot-patch-23tk\/#breadcrumb"},"inLanguage":"en-US","potentialAction":[{"@type":"ReadAction","target":["https:\/\/idakorea.ee\/product\/vistriku-plaaster-petitfee-centella-clearing-spot-patch-23tk\/"]}]},{"@type":"ImageObject","inLanguage":"en-US","@id":"https:\/\/idakorea.ee\/product\/vistriku-plaaster-petitfee-centella-clearing-spot-patch-23tk\/#primaryimage","url":"https:\/\/idakorea.ee\/wp-content\/uploads\/2024\/07\/petitfee.spot_.jpg","contentUrl":"https:\/\/idakorea.ee\/wp-content\/uploads\/2024\/07\/petitfee.spot_.jpg","width":1000,"height":1000},{"@type":"BreadcrumbList","@id":"https:\/\/idakorea.ee\/product\/vistriku-plaaster-petitfee-centella-clearing-spot-patch-23tk\/#breadcrumb","itemListElement":[{"@type":"ListItem","position":1,"name":"\u0413\u043b\u0430\u0432\u043d\u0430\u044f \u0441\u0442\u0440\u0430\u043d\u0438\u0446\u0430","item":"https:\/\/idakorea.ee\/"},{"@type":"ListItem","position":2,"name":"Shop","item":"https:\/\/idakorea.ee\/shop-2\/"},{"@type":"ListItem","position":3,"name":"Vistriku plaaster Petitfee Centella Clearing Spot Patch, 23tk"}]},{"@type":"WebSite","@id":"https:\/\/idakorea.ee\/#website","url":"https:\/\/idakorea.ee\/","name":"IDA.KOREA","description":"Korean cosmetics e-shop","publisher":{"@id":"https:\/\/idakorea.ee\/#organization"},"alternateName":"Beauty Shop","potentialAction":[{"@type":"SearchAction","target":{"@type":"EntryPoint","urlTemplate":"https:\/\/idakorea.ee\/?s={search_term_string}"},"query-input":{"@type":"PropertyValueSpecification","valueRequired":true,"valueName":"search_term_string"}}],"inLanguage":"en-US"},{"@type":"Organization","@id":"https:\/\/idakorea.ee\/#organization","name":"IDA.KOREA","url":"https:\/\/idakorea.ee\/","logo":{"@type":"ImageObject","inLanguage":"en-US","@id":"https:\/\/idakorea.ee\/#\/schema\/logo\/image\/","url":"https:\/\/idakorea.ee\/wp-content\/uploads\/2024\/05\/cropped-korea3.png","contentUrl":"https:\/\/idakorea.ee\/wp-content\/uploads\/2024\/05\/cropped-korea3.png","width":688,"height":126,"caption":"IDA.KOREA"},"image":{"@id":"https:\/\/idakorea.ee\/#\/schema\/logo\/image\/"},"sameAs":["https:\/\/www.instagram.com\/ida.korea\/"]}]}},"jetpack_sharing_enabled":true,"brands":[{"id":530,"name":"PETITFEE","slug":"petitfee"}],"_links":{"self":[{"href":"https:\/\/idakorea.ee\/en\/wp-json\/wp\/v2\/product\/9398","targetHints":{"allow":["GET"]}}],"collection":[{"href":"https:\/\/idakorea.ee\/en\/wp-json\/wp\/v2\/product"}],"about":[{"href":"https:\/\/idakorea.ee\/en\/wp-json\/wp\/v2\/types\/product"}],"replies":[{"embeddable":true,"href":"https:\/\/idakorea.ee\/en\/wp-json\/wp\/v2\/comments?post=9398"}],"version-history":[{"count":2,"href":"https:\/\/idakorea.ee\/en\/wp-json\/wp\/v2\/product\/9398\/revisions"}],"predecessor-version":[{"id":17751,"href":"https:\/\/idakorea.ee\/en\/wp-json\/wp\/v2\/product\/9398\/revisions\/17751"}],"wp:featuredmedia":[{"embeddable":true,"href":"https:\/\/idakorea.ee\/en\/wp-json\/wp\/v2\/media\/12338"}],"wp:attachment":[{"href":"https:\/\/idakorea.ee\/en\/wp-json\/wp\/v2\/media?parent=9398"}],"wp:term":[{"taxonomy":"pwb-brand","embeddable":true,"href":"https:\/\/idakorea.ee\/en\/wp-json\/wp\/v2\/pwb-brand?post=9398"},{"taxonomy":"product_brand","embeddable":true,"href":"https:\/\/idakorea.ee\/en\/wp-json\/wp\/v2\/product_brand?post=9398"},{"taxonomy":"product_cat","embeddable":true,"href":"https:\/\/idakorea.ee\/en\/wp-json\/wp\/v2\/product_cat?post=9398"},{"taxonomy":"product_tag","embeddable":true,"href":"https:\/\/idakorea.ee\/en\/wp-json\/wp\/v2\/product_tag?post=9398"}],"curies":[{"name":"wp","href":"https:\/\/api.w.org\/{rel}","templated":true}]}}