{"id":9442,"date":"2024-07-11T10:07:38","date_gmt":"2024-07-11T07:07:38","guid":{"rendered":"https:\/\/idakorea.ee\/?post_type=product&#038;p=9442"},"modified":"2026-04-05T17:51:57","modified_gmt":"2026-04-05T15:51:57","slug":"silmaumbrusekreem-ahc-premier-ampoule-in-eye-cream-collagen-t4-12ml","status":"publish","type":"product","link":"https:\/\/idakorea.ee\/en\/product\/silmaumbrusekreem-ahc-premier-ampoule-in-eye-cream-collagen-t4-12ml\/","title":{"rendered":"AHC Premier Ampoule In Eye Cream Collagen T4, 12ml"},"content":{"rendered":"<div class=\"flex flex-grow flex-col max-w-full\">\n<div class=\"min-h-[20px] text-message flex flex-col items-start whitespace-pre-wrap break-words [.text-message+&amp;]:mt-5 juice:w-full juice:items-end overflow-x-auto gap-2\" dir=\"auto\" data-message-author-role=\"assistant\" data-message-id=\"fd9f6be3-13d3-4911-95d3-db4f418fead3\">\n<div class=\"flex w-full flex-col gap-1 juice:empty:hidden juice:first:pt-[3px]\">\n<div class=\"markdown prose w-full break-words dark:prose-invert light\">\n<p>K\u00f5rgetoitelise koostisega ampuulkreem silma\u00fcmbrusele kollageeniga <strong>AHC Premier Ampoule In Eye Cream Collagen T4<\/strong> pakub v\u00e4ljendunud pinguldavat toimet, silub peeneid miimikakortse ja aitab v\u00e4hendada tumedaid ringe.<\/p>\n<p>Kreemi aluseks on patenteeritud Collagen T4 valem, mis koosneb neljast erinevast kollageenit\u00fc\u00fcbist. See on paigutatud spetsiaalsetesse ampullidesse, mis on bio-koostise poolest sarnased inimese kollageeniga. See v\u00f5imaldab toimeainetel tungida s\u00fcgavamale epidermisesse, t\u00f5husalt integreeruda raku maatriksisse ja paremini imenduda. Selline valem omab tugevamat noorendavat toimet, v\u00e4hendab s\u00fcgavaid ja kuivusjooni. Stimuleerib elastiinikiudude s\u00fcnteesi ja tugevdab naha turgorit.<\/p>\n<p>Toode on rikkaliku kreemja tekstuuriga, toidab h\u00e4sti, k\u00f5rvaldab kuivust ja tihendab nahakudesid. Parandab naha barj\u00e4\u00e4rifunktsioone, kaitseb agressiivsete v\u00e4listegurite ja fotovananemise eest.<\/p>\n<p><strong>T\u00e4iendavad toimeained:<\/strong><\/p>\n<p><strong>Palmitoyl Pentapeptide-4<\/strong> parandab naha tekstuuri, stimuleerib kollageenikiudude kasvu ja hoiab \u00e4ra nende lagunemise, kiirendab regenereerimist, omab rakkude remodelleerivat toimet.<\/p>\n<\/div>\n<div class=\"markdown prose w-full break-words dark:prose-invert light\"><strong>H\u00fcaluroonhape<\/strong> tungib epidermise s\u00fcgavatesse kihtidesse, niisutab aktiivselt rakke, aitab niiskust s\u00e4ilitada. Moodustab kaitsva kihi, mis takistab niiskuse aurustumist.<\/div>\n<div class=\"markdown prose w-full break-words dark:prose-invert light\"><strong>Askorbiinhape<\/strong> omab v\u00e4ljendunud antioks\u00fcdantset toimet, kaitseb t\u00f5husalt nahka UV-kiirguse kahjustuste eest, algatab oma kollageeni tootmist, aitab parandada naha elastsust, tugevust ja niiskustaset. <strong>Probiootikumid<\/strong> taastavad epidermise mikrofloora, parandavad rakkude regenereerimist ja uuenemist, suurendavad kaitsev\u00f5imet ja moodustavad barj\u00e4\u00e4ri, mis takistab agressiivsete v\u00e4listegurite m\u00f5ju. <strong>Makadaamia\u00f5li<\/strong> omab pehmendavaid ja toitvaid omadusi, taastab nahka, omab antioks\u00fcdantset toimet.<\/div>\n<div class=\"markdown prose w-full break-words dark:prose-invert light\"><strong>Adenosiin<\/strong> m\u00f5jutab aktiivselt kollageeni tootmist, stimuleerib elastiini tootmist epidermise rakkudes, v\u00e4hendab vananemisega ilmnevaid kortse ja nende s\u00fcgavust.<\/div>\n<div class=\"markdown prose w-full break-words dark:prose-invert light\"><strong>Kuld<\/strong> kiirendab regenereerimisprotsesse, soodustab kortsude kiiret silumist, muutes naha elastseks, s\u00e4ravaks ja terveks.<\/div>\n<div><\/div>\n<div class=\"markdown prose w-full break-words dark:prose-invert light\">Sobib kuivale ja normaalsele nahale.<\/div>\n<div class=\"markdown prose w-full break-words dark:prose-invert light\">\n<p>&nbsp;<\/p>\n<p><strong>Kasutusjuhend:<\/strong> Kandke s\u00f5rmeotstega v\u00e4ike kogus kreemi puhastatud n\u00e4onahale ja silma\u00fcmbruse piirkonnale hoolduse l\u00f5ppfaasis, laske imenduda<\/p>\n<\/div>\n<\/div>\n<\/div>\n<\/div>\n<div class=\"mt-1 flex gap-3 empty:hidden juice:-ml-3\">\n<div class=\"items-center justify-start rounded-xl p-1 flex\">\n<div class=\"flex items-center\">\n<div class=\"flex flex-grow flex-col max-w-full\">\n<div class=\"min-h-[20px] text-message flex flex-col items-start whitespace-pre-wrap break-words [.text-message+&amp;]:mt-5 juice:w-full juice:items-end overflow-x-auto gap-2\" dir=\"auto\" data-message-author-role=\"assistant\" data-message-id=\"fd9f6be3-13d3-4911-95d3-db4f418fead3\">\n<div class=\"flex w-full flex-col gap-1 juice:empty:hidden juice:first:pt-[3px]\">\n<div class=\"markdown prose w-full break-words dark:prose-invert light\"><\/div>\n<\/div>\n<\/div>\n<\/div>\n<div class=\"mt-1 flex gap-3 empty:hidden juice:-ml-3\">\n<div class=\"items-center justify-start rounded-xl p-1 flex\">\n<div class=\"flex items-center\">\n<div class=\"flex items-center pb-0.5 juice:pb-0\"><\/div>\n<\/div>\n<\/div>\n<\/div>\n<\/div>\n<\/div>\n<\/div>\n","protected":false},"excerpt":{"rendered":"<p>Highly moisturising AHC Premier Ampoule In Eye Cream with Collagen T4 provides pronounced firming action, smoothes fine lines and helps reduce dark circles. The cream is based on the patented Collagen T4 formula, which is composed of four different types of collagen. It is packaged in special ampoules with a bio-composition similar to human collagen. This allows the active ingredients to penetrate deeper into the epidermis,...<\/p>","protected":false},"featured_media":9443,"comment_status":"open","ping_status":"closed","template":"","meta":{"_uf_show_specific_survey":0,"_uf_disable_surveys":false,"_bst_post_transparent":"default","_bst_post_title":"","_bst_post_layout":"default","_bst_post_sidebar_id":"","_bst_post_content_style":"default","_bst_post_vertical_padding":"default","_bst_post_feature":"","_bst_post_feature_position":"","_bst_post_header":false,"_bst_post_footer":false},"pwb-brand":[236],"product_brand":[],"product_cat":[92,99,201],"product_tag":[],"class_list":{"0":"post-9442","1":"product","2":"type-product","3":"status-publish","4":"has-post-thumbnail","6":"pwb-brand-ahc","7":"product_cat-nagu","8":"product_cat-silmad-ja-huuled-2","9":"product_cat-silmakreem","11":"first","12":"instock","13":"sale","14":"shipping-taxable","15":"purchasable","16":"product-type-simple","17":"entry","18":"content-bg","19":"loop-entry"},"supplier_id":null,"supplier_sku":"","barcode":null,"atum_controlled":true,"out_stock_date":null,"out_stock_threshold":null,"inheritable":false,"inbound_stock":0,"stock_on_hold":0,"sold_today":0,"sales_last_days":1,"out_stock_days":0,"lost_sales":0,"has_location":false,"update_date":"2026-04-15T00:05:16","atum_locations":[],"atum_stock_status":"instock","restock_status":false,"low_stock_amount":"","sales_update_date":"2026-04-15T00:05:16","calc_backorders":null,"yoast_head":"<!-- This site is optimized with the Yoast SEO plugin v27.2 - https:\/\/yoast.com\/product\/yoast-seo-wordpress\/ -->\n<title>Silma\u00fcmbrusekreem AHC Premier Ampoule In Eye Cream Collagen T4, 12ml - IDA.KOREA<\/title>\n<meta name=\"description\" content=\"K\u00f5rgetoitelise koostisega ampuulkreem silma\u00fcmbrusele kollageeniga AHC Premier Ampoule In Eye Cream Collagen T4 pakub v\u00e4ljendunud pinguldavat toimet, silub peeneid miimikakortse ja aitab v\u00e4hendada tumedaid ringe.\" \/>\n<meta name=\"robots\" content=\"index, follow, max-snippet:-1, max-image-preview:large, max-video-preview:-1\" \/>\n<link rel=\"canonical\" href=\"https:\/\/idakorea.ee\/en\/product\/silmaumbrusekreem-ahc-premier-ampoule-in-eye-cream-collagen-t4-12ml\/\" \/>\n<meta property=\"og:locale\" content=\"en_US\" \/>\n<meta property=\"og:type\" content=\"article\" \/>\n<meta property=\"og:title\" content=\"Silma\u00fcmbrusekreem AHC Premier Ampoule In Eye Cream Collagen T4, 12ml - IDA.KOREA\" \/>\n<meta property=\"og:description\" content=\"K\u00f5rgetoitelise koostisega ampuulkreem silma\u00fcmbrusele kollageeniga AHC Premier Ampoule In Eye Cream Collagen T4 pakub v\u00e4ljendunud pinguldavat toimet, silub peeneid miimikakortse ja aitab v\u00e4hendada tumedaid ringe.\" \/>\n<meta property=\"og:url\" content=\"https:\/\/idakorea.ee\/en\/product\/silmaumbrusekreem-ahc-premier-ampoule-in-eye-cream-collagen-t4-12ml\/\" \/>\n<meta property=\"og:site_name\" content=\"IDA.KOREA\" \/>\n<meta property=\"article:modified_time\" content=\"2026-04-05T15:51:57+00:00\" \/>\n<meta property=\"og:image\" content=\"https:\/\/idakorea.ee\/wp-content\/uploads\/2024\/07\/as.jpg\" \/>\n\t<meta property=\"og:image:width\" content=\"800\" \/>\n\t<meta property=\"og:image:height\" content=\"800\" \/>\n\t<meta property=\"og:image:type\" content=\"image\/jpeg\" \/>\n<meta name=\"twitter:card\" content=\"summary_large_image\" \/>\n<meta name=\"twitter:label1\" content=\"Est. reading time\" \/>\n\t<meta name=\"twitter:data1\" content=\"2 minutes\" \/>\n<script type=\"application\/ld+json\" class=\"yoast-schema-graph\">{\"@context\":\"https:\/\/schema.org\",\"@graph\":[{\"@type\":\"WebPage\",\"@id\":\"https:\/\/idakorea.ee\/product\/silmaumbrusekreem-ahc-premier-ampoule-in-eye-cream-collagen-t4-12ml\/\",\"url\":\"https:\/\/idakorea.ee\/product\/silmaumbrusekreem-ahc-premier-ampoule-in-eye-cream-collagen-t4-12ml\/\",\"name\":\"Silma\u00fcmbrusekreem AHC Premier Ampoule In Eye Cream Collagen T4, 12ml - IDA.KOREA\",\"isPartOf\":{\"@id\":\"https:\/\/idakorea.ee\/#website\"},\"primaryImageOfPage\":{\"@id\":\"https:\/\/idakorea.ee\/product\/silmaumbrusekreem-ahc-premier-ampoule-in-eye-cream-collagen-t4-12ml\/#primaryimage\"},\"image\":{\"@id\":\"https:\/\/idakorea.ee\/product\/silmaumbrusekreem-ahc-premier-ampoule-in-eye-cream-collagen-t4-12ml\/#primaryimage\"},\"thumbnailUrl\":\"https:\/\/idakorea.ee\/wp-content\/uploads\/2024\/07\/as.jpg\",\"datePublished\":\"2024-07-11T07:07:38+00:00\",\"dateModified\":\"2026-04-05T15:51:57+00:00\",\"description\":\"K\u00f5rgetoitelise koostisega ampuulkreem silma\u00fcmbrusele kollageeniga AHC Premier Ampoule In Eye Cream Collagen T4 pakub v\u00e4ljendunud pinguldavat toimet, silub peeneid miimikakortse ja aitab v\u00e4hendada tumedaid ringe.\",\"breadcrumb\":{\"@id\":\"https:\/\/idakorea.ee\/product\/silmaumbrusekreem-ahc-premier-ampoule-in-eye-cream-collagen-t4-12ml\/#breadcrumb\"},\"inLanguage\":\"en-US\",\"potentialAction\":[{\"@type\":\"ReadAction\",\"target\":[\"https:\/\/idakorea.ee\/product\/silmaumbrusekreem-ahc-premier-ampoule-in-eye-cream-collagen-t4-12ml\/\"]}]},{\"@type\":\"ImageObject\",\"inLanguage\":\"en-US\",\"@id\":\"https:\/\/idakorea.ee\/product\/silmaumbrusekreem-ahc-premier-ampoule-in-eye-cream-collagen-t4-12ml\/#primaryimage\",\"url\":\"https:\/\/idakorea.ee\/wp-content\/uploads\/2024\/07\/as.jpg\",\"contentUrl\":\"https:\/\/idakorea.ee\/wp-content\/uploads\/2024\/07\/as.jpg\",\"width\":800,\"height\":800},{\"@type\":\"BreadcrumbList\",\"@id\":\"https:\/\/idakorea.ee\/product\/silmaumbrusekreem-ahc-premier-ampoule-in-eye-cream-collagen-t4-12ml\/#breadcrumb\",\"itemListElement\":[{\"@type\":\"ListItem\",\"position\":1,\"name\":\"\u0413\u043b\u0430\u0432\u043d\u0430\u044f \u0441\u0442\u0440\u0430\u043d\u0438\u0446\u0430\",\"item\":\"https:\/\/idakorea.ee\/\"},{\"@type\":\"ListItem\",\"position\":2,\"name\":\"Shop\",\"item\":\"https:\/\/idakorea.ee\/shop-2\/\"},{\"@type\":\"ListItem\",\"position\":3,\"name\":\"Silma\u00fcmbrusekreem AHC Premier Ampoule In Eye Cream Collagen T4, 12ml\"}]},{\"@type\":\"WebSite\",\"@id\":\"https:\/\/idakorea.ee\/#website\",\"url\":\"https:\/\/idakorea.ee\/\",\"name\":\"IDA.KOREA\",\"description\":\"Korea kosmeetika e-pood\",\"publisher\":{\"@id\":\"https:\/\/idakorea.ee\/#organization\"},\"alternateName\":\"Beauty Shop\",\"potentialAction\":[{\"@type\":\"SearchAction\",\"target\":{\"@type\":\"EntryPoint\",\"urlTemplate\":\"https:\/\/idakorea.ee\/?s={search_term_string}\"},\"query-input\":{\"@type\":\"PropertyValueSpecification\",\"valueRequired\":true,\"valueName\":\"search_term_string\"}}],\"inLanguage\":\"en-US\"},{\"@type\":\"Organization\",\"@id\":\"https:\/\/idakorea.ee\/#organization\",\"name\":\"IDA.KOREA\",\"url\":\"https:\/\/idakorea.ee\/\",\"logo\":{\"@type\":\"ImageObject\",\"inLanguage\":\"en-US\",\"@id\":\"https:\/\/idakorea.ee\/#\/schema\/logo\/image\/\",\"url\":\"https:\/\/idakorea.ee\/wp-content\/uploads\/2024\/05\/cropped-korea3.png\",\"contentUrl\":\"https:\/\/idakorea.ee\/wp-content\/uploads\/2024\/05\/cropped-korea3.png\",\"width\":688,\"height\":126,\"caption\":\"IDA.KOREA\"},\"image\":{\"@id\":\"https:\/\/idakorea.ee\/#\/schema\/logo\/image\/\"},\"sameAs\":[\"https:\/\/www.instagram.com\/ida.korea\/\"]}]}<\/script>\n<!-- \/ Yoast SEO plugin. -->","yoast_head_json":{"title":"Eye Cream AHC Premier Ampoule In Eye Cream Collagen T4, 12ml - IDA.KOREA","description":"Highly moisturising AHC Premier Ampoule In Eye Cream with Collagen T4 provides pronounced firming action, smoothes fine lines and helps reduce dark circles.","robots":{"index":"index","follow":"follow","max-snippet":"max-snippet:-1","max-image-preview":"max-image-preview:large","max-video-preview":"max-video-preview:-1"},"canonical":"https:\/\/idakorea.ee\/en\/product\/silmaumbrusekreem-ahc-premier-ampoule-in-eye-cream-collagen-t4-12ml\/","og_locale":"en_US","og_type":"article","og_title":"Silma\u00fcmbrusekreem AHC Premier Ampoule In Eye Cream Collagen T4, 12ml - IDA.KOREA","og_description":"K\u00f5rgetoitelise koostisega ampuulkreem silma\u00fcmbrusele kollageeniga AHC Premier Ampoule In Eye Cream Collagen T4 pakub v\u00e4ljendunud pinguldavat toimet, silub peeneid miimikakortse ja aitab v\u00e4hendada tumedaid ringe.","og_url":"https:\/\/idakorea.ee\/en\/product\/silmaumbrusekreem-ahc-premier-ampoule-in-eye-cream-collagen-t4-12ml\/","og_site_name":"IDA.KOREA","article_modified_time":"2026-04-05T15:51:57+00:00","og_image":[{"width":800,"height":800,"url":"https:\/\/idakorea.ee\/wp-content\/uploads\/2024\/07\/as.jpg","type":"image\/jpeg"}],"twitter_card":"summary_large_image","twitter_misc":{"Est. reading time":"2 minutes"},"schema":{"@context":"https:\/\/schema.org","@graph":[{"@type":"WebPage","@id":"https:\/\/idakorea.ee\/product\/silmaumbrusekreem-ahc-premier-ampoule-in-eye-cream-collagen-t4-12ml\/","url":"https:\/\/idakorea.ee\/product\/silmaumbrusekreem-ahc-premier-ampoule-in-eye-cream-collagen-t4-12ml\/","name":"Eye Cream AHC Premier Ampoule In Eye Cream Collagen T4, 12ml - IDA.KOREA","isPartOf":{"@id":"https:\/\/idakorea.ee\/#website"},"primaryImageOfPage":{"@id":"https:\/\/idakorea.ee\/product\/silmaumbrusekreem-ahc-premier-ampoule-in-eye-cream-collagen-t4-12ml\/#primaryimage"},"image":{"@id":"https:\/\/idakorea.ee\/product\/silmaumbrusekreem-ahc-premier-ampoule-in-eye-cream-collagen-t4-12ml\/#primaryimage"},"thumbnailUrl":"https:\/\/idakorea.ee\/wp-content\/uploads\/2024\/07\/as.jpg","datePublished":"2024-07-11T07:07:38+00:00","dateModified":"2026-04-05T15:51:57+00:00","description":"Highly moisturising AHC Premier Ampoule In Eye Cream with Collagen T4 provides pronounced firming action, smoothes fine lines and helps reduce dark circles.","breadcrumb":{"@id":"https:\/\/idakorea.ee\/product\/silmaumbrusekreem-ahc-premier-ampoule-in-eye-cream-collagen-t4-12ml\/#breadcrumb"},"inLanguage":"en-US","potentialAction":[{"@type":"ReadAction","target":["https:\/\/idakorea.ee\/product\/silmaumbrusekreem-ahc-premier-ampoule-in-eye-cream-collagen-t4-12ml\/"]}]},{"@type":"ImageObject","inLanguage":"en-US","@id":"https:\/\/idakorea.ee\/product\/silmaumbrusekreem-ahc-premier-ampoule-in-eye-cream-collagen-t4-12ml\/#primaryimage","url":"https:\/\/idakorea.ee\/wp-content\/uploads\/2024\/07\/as.jpg","contentUrl":"https:\/\/idakorea.ee\/wp-content\/uploads\/2024\/07\/as.jpg","width":800,"height":800},{"@type":"BreadcrumbList","@id":"https:\/\/idakorea.ee\/product\/silmaumbrusekreem-ahc-premier-ampoule-in-eye-cream-collagen-t4-12ml\/#breadcrumb","itemListElement":[{"@type":"ListItem","position":1,"name":"\u0413\u043b\u0430\u0432\u043d\u0430\u044f \u0441\u0442\u0440\u0430\u043d\u0438\u0446\u0430","item":"https:\/\/idakorea.ee\/"},{"@type":"ListItem","position":2,"name":"Shop","item":"https:\/\/idakorea.ee\/shop-2\/"},{"@type":"ListItem","position":3,"name":"Silma\u00fcmbrusekreem AHC Premier Ampoule In Eye Cream Collagen T4, 12ml"}]},{"@type":"WebSite","@id":"https:\/\/idakorea.ee\/#website","url":"https:\/\/idakorea.ee\/","name":"IDA.KOREA","description":"Korean cosmetics e-shop","publisher":{"@id":"https:\/\/idakorea.ee\/#organization"},"alternateName":"Beauty Shop","potentialAction":[{"@type":"SearchAction","target":{"@type":"EntryPoint","urlTemplate":"https:\/\/idakorea.ee\/?s={search_term_string}"},"query-input":{"@type":"PropertyValueSpecification","valueRequired":true,"valueName":"search_term_string"}}],"inLanguage":"en-US"},{"@type":"Organization","@id":"https:\/\/idakorea.ee\/#organization","name":"IDA.KOREA","url":"https:\/\/idakorea.ee\/","logo":{"@type":"ImageObject","inLanguage":"en-US","@id":"https:\/\/idakorea.ee\/#\/schema\/logo\/image\/","url":"https:\/\/idakorea.ee\/wp-content\/uploads\/2024\/05\/cropped-korea3.png","contentUrl":"https:\/\/idakorea.ee\/wp-content\/uploads\/2024\/05\/cropped-korea3.png","width":688,"height":126,"caption":"IDA.KOREA"},"image":{"@id":"https:\/\/idakorea.ee\/#\/schema\/logo\/image\/"},"sameAs":["https:\/\/www.instagram.com\/ida.korea\/"]}]}},"jetpack_sharing_enabled":true,"brands":[{"id":236,"name":"AHC","slug":"ahc"}],"_links":{"self":[{"href":"https:\/\/idakorea.ee\/en\/wp-json\/wp\/v2\/product\/9442","targetHints":{"allow":["GET"]}}],"collection":[{"href":"https:\/\/idakorea.ee\/en\/wp-json\/wp\/v2\/product"}],"about":[{"href":"https:\/\/idakorea.ee\/en\/wp-json\/wp\/v2\/types\/product"}],"replies":[{"embeddable":true,"href":"https:\/\/idakorea.ee\/en\/wp-json\/wp\/v2\/comments?post=9442"}],"version-history":[{"count":4,"href":"https:\/\/idakorea.ee\/en\/wp-json\/wp\/v2\/product\/9442\/revisions"}],"predecessor-version":[{"id":9448,"href":"https:\/\/idakorea.ee\/en\/wp-json\/wp\/v2\/product\/9442\/revisions\/9448"}],"wp:featuredmedia":[{"embeddable":true,"href":"https:\/\/idakorea.ee\/en\/wp-json\/wp\/v2\/media\/9443"}],"wp:attachment":[{"href":"https:\/\/idakorea.ee\/en\/wp-json\/wp\/v2\/media?parent=9442"}],"wp:term":[{"taxonomy":"pwb-brand","embeddable":true,"href":"https:\/\/idakorea.ee\/en\/wp-json\/wp\/v2\/pwb-brand?post=9442"},{"taxonomy":"product_brand","embeddable":true,"href":"https:\/\/idakorea.ee\/en\/wp-json\/wp\/v2\/product_brand?post=9442"},{"taxonomy":"product_cat","embeddable":true,"href":"https:\/\/idakorea.ee\/en\/wp-json\/wp\/v2\/product_cat?post=9442"},{"taxonomy":"product_tag","embeddable":true,"href":"https:\/\/idakorea.ee\/en\/wp-json\/wp\/v2\/product_tag?post=9442"}],"curies":[{"name":"wp","href":"https:\/\/api.w.org\/{rel}","templated":true}]}}