{"id":9452,"date":"2024-07-11T14:16:02","date_gmt":"2024-07-11T11:16:02","guid":{"rendered":"https:\/\/idakorea.ee\/?post_type=product&#038;p=9452"},"modified":"2026-01-30T16:46:41","modified_gmt":"2026-01-30T14:46:41","slug":"niisutav-seerum-anua-birch-70-moisture-boosting-serum-30ml","status":"publish","type":"product","link":"https:\/\/idakorea.ee\/en\/product\/niisutav-seerum-anua-birch-70-moisture-boosting-serum-30ml\/","title":{"rendered":"ANUA Birch 70% Moisture Boosting Serum, 30ml"},"content":{"rendered":"<div class=\"flex flex-grow flex-col max-w-full\">\n<div class=\"min-h-[20px] text-message flex flex-col items-start whitespace-pre-wrap break-words [.text-message+&amp;]:mt-5 juice:w-full juice:items-end overflow-x-auto gap-2\" dir=\"auto\" data-message-author-role=\"assistant\" data-message-id=\"ae97c726-fdc1-4521-a288-2d225670ac73\">\n<div class=\"flex w-full flex-col gap-1 juice:empty:hidden juice:first:pt-[3px]\">\n<div class=\"markdown prose w-full break-words dark:prose-invert light\">\n<p>Niisutav n\u00e4oseerum kase mahlaga tagab aktiivse niiskuse tasakaalu taastamise, naha pehmuse ja toitmise.<\/p>\n<p><strong>Eelised:<\/strong><\/p>\n<ul>\n<li>S\u00fcgavniisutab nahka, k\u00f5rvaldades kuivuse ja ketenduse ning takistab nende tekkimist.<\/li>\n<li>Taastab niiskuse tasakaalu p\u00e4rast pesemist.<\/li>\n<li>Omab rahustavat ja pehmendavat toimet, aitab toime tulla \u00e4rrituste ja punetusega ning ennetada l\u00f6\u00f6beid.<\/li>\n<li>Aitab \u00fchtlustada naha tooni.<\/li>\n<\/ul>\n<p><strong>Peamised koostisosad:<\/strong><\/p>\n<ul>\n<li>Kase mahl omab v\u00e4rskendavat ja toniseerivat toimet, leevendab \u00e4rritusi ja kiirendab paranemisprotsesse.<\/li>\n<li>H\u00fcaluroonhape niisutab nahka s\u00fcgavalt, hoides niiskust sees, takistab deh\u00fcdratsiooni ja kuivust ning aitab s\u00e4ilitada naha siledust ja elastsust.<\/li>\n<li>Betaiin niisutab nahka s\u00fcgavalt, tugevdab naha kaitsefunktsiooni, omab pehmendavat toimet ja tugevdab rakumembraane.<\/li>\n<li>Gl\u00fckonolaktoon (PHA) omab \u00f5rna koorivat toimet, puhastades epidermise pealmist kihti sarvkihtidest, muudab naha siledamaks ja \u00fchtlasemaks, v\u00e4rskendades ja \u00fchtlustades naha tooni.<\/li>\n<li>Kurgiekstrakt omab pehmendavat ja niisutavat toimet, aitab reguleerida rasueritust ja takistab pooride laienemist, samuti \u00fchtlustab naha tooni.<\/li>\n<li>M\u00e4nni ekstrakt suurendab naha elastsust ja niisutust.<\/li>\n<\/ul>\n<\/div>\n<\/div>\n<\/div>\n<\/div>\n<div class=\"mt-1 flex gap-3 empty:hidden juice:-ml-3\">\n<div class=\"items-center justify-start rounded-xl p-1 flex\">\n<div class=\"flex items-center\">Sobib k\u00f5ikidele nahat\u00fc\u00fcpidele.<\/div>\n<\/div>\n<\/div>\n<div><\/div>\n<div><strong>Kasutamine<\/strong> kanna vajalik kogus toodet puhtale ja toniseeritud n\u00e4onahale, jaota \u00fchtlaselt kuni t\u00e4ieliku imendumiseni, seej\u00e4rel kinnita hooldus kreemiga.<\/div>\n","protected":false},"excerpt":{"rendered":"<p>Moisturising face serum with birch sap ensures active moisture rebalancing, skin softness and nourishment. Benefits. Restores moisture balance after washing. Soothes and softens the skin, helps to relieve irritation and redness and prevents rashes. Helps even skin tone. Main ingredients: Casea juice has a refreshing and toning...<\/p>","protected":false},"featured_media":9453,"comment_status":"open","ping_status":"closed","template":"","meta":{"_uf_show_specific_survey":0,"_uf_disable_surveys":false,"_bst_post_transparent":"default","_bst_post_title":"","_bst_post_layout":"default","_bst_post_sidebar_id":"","_bst_post_content_style":"default","_bst_post_vertical_padding":"default","_bst_post_feature":"","_bst_post_feature_position":"","_bst_post_header":false,"_bst_post_footer":false},"pwb-brand":[104],"product_brand":[],"product_cat":[92,97],"product_tag":[102,202,216,509,221,538],"class_list":{"0":"post-9452","1":"product","2":"type-product","3":"status-publish","4":"has-post-thumbnail","6":"pwb-brand-anua","7":"product_cat-nagu","8":"product_cat-naoseerumid-ja-olid","9":"product_tag-anua","10":"product_tag-korea-kosmeetika","11":"product_tag-kuiv-nahk","12":"product_tag-tiktok","13":"product_tag-tundlik-nahk","14":"product_tag-viral","16":"first","17":"instock","18":"sale","19":"shipping-taxable","20":"purchasable","21":"product-type-simple","22":"entry","23":"content-bg","24":"loop-entry"},"supplier_id":null,"supplier_sku":"","barcode":null,"atum_controlled":true,"out_stock_date":null,"out_stock_threshold":null,"inheritable":false,"inbound_stock":0,"stock_on_hold":0,"sold_today":0,"sales_last_days":0,"out_stock_days":0,"lost_sales":0,"has_location":false,"update_date":"2026-04-14T00:05:04","atum_locations":[],"atum_stock_status":"instock","restock_status":false,"low_stock_amount":"","sales_update_date":"2026-04-14T00:05:04","calc_backorders":null,"yoast_head":"<!-- This site is optimized with the Yoast SEO plugin v27.2 - https:\/\/yoast.com\/product\/yoast-seo-wordpress\/ -->\n<title>Niisutav seerum ANUA Birch 70% Moisture Boosting Serum, 30ml - IDA.KOREA<\/title>\n<meta name=\"description\" content=\"Niisutav n\u00e4oseerum kase mahlaga tagab aktiivse niiskuse tasakaalu taastamise, naha pehmuse ja toitmise.\" \/>\n<meta name=\"robots\" content=\"index, follow, max-snippet:-1, max-image-preview:large, max-video-preview:-1\" \/>\n<link rel=\"canonical\" href=\"https:\/\/idakorea.ee\/en\/product\/niisutav-seerum-anua-birch-70-moisture-boosting-serum-30ml\/\" \/>\n<meta property=\"og:locale\" content=\"en_US\" \/>\n<meta property=\"og:type\" content=\"article\" \/>\n<meta property=\"og:title\" content=\"Niisutav seerum ANUA Birch 70% Moisture Boosting Serum, 30ml - IDA.KOREA\" \/>\n<meta property=\"og:description\" content=\"Niisutav n\u00e4oseerum kase mahlaga tagab aktiivse niiskuse tasakaalu taastamise, naha pehmuse ja toitmise.\" \/>\n<meta property=\"og:url\" content=\"https:\/\/idakorea.ee\/en\/product\/niisutav-seerum-anua-birch-70-moisture-boosting-serum-30ml\/\" \/>\n<meta property=\"og:site_name\" content=\"IDA.KOREA\" \/>\n<meta property=\"article:modified_time\" content=\"2026-01-30T14:46:41+00:00\" \/>\n<meta property=\"og:image\" content=\"https:\/\/idakorea.ee\/wp-content\/uploads\/2024\/07\/vu.jpg\" \/>\n\t<meta property=\"og:image:width\" content=\"800\" \/>\n\t<meta property=\"og:image:height\" content=\"800\" \/>\n\t<meta property=\"og:image:type\" content=\"image\/jpeg\" \/>\n<meta name=\"twitter:card\" content=\"summary_large_image\" \/>\n<meta name=\"twitter:label1\" content=\"Est. reading time\" \/>\n\t<meta name=\"twitter:data1\" content=\"2 minutes\" \/>\n<script type=\"application\/ld+json\" class=\"yoast-schema-graph\">{\"@context\":\"https:\/\/schema.org\",\"@graph\":[{\"@type\":\"WebPage\",\"@id\":\"https:\/\/idakorea.ee\/product\/niisutav-seerum-anua-birch-70-moisture-boosting-serum-30ml\/\",\"url\":\"https:\/\/idakorea.ee\/product\/niisutav-seerum-anua-birch-70-moisture-boosting-serum-30ml\/\",\"name\":\"Niisutav seerum ANUA Birch 70% Moisture Boosting Serum, 30ml - IDA.KOREA\",\"isPartOf\":{\"@id\":\"https:\/\/idakorea.ee\/#website\"},\"primaryImageOfPage\":{\"@id\":\"https:\/\/idakorea.ee\/product\/niisutav-seerum-anua-birch-70-moisture-boosting-serum-30ml\/#primaryimage\"},\"image\":{\"@id\":\"https:\/\/idakorea.ee\/product\/niisutav-seerum-anua-birch-70-moisture-boosting-serum-30ml\/#primaryimage\"},\"thumbnailUrl\":\"https:\/\/idakorea.ee\/wp-content\/uploads\/2024\/07\/vu.jpg\",\"datePublished\":\"2024-07-11T11:16:02+00:00\",\"dateModified\":\"2026-01-30T14:46:41+00:00\",\"description\":\"Niisutav n\u00e4oseerum kase mahlaga tagab aktiivse niiskuse tasakaalu taastamise, naha pehmuse ja toitmise.\",\"breadcrumb\":{\"@id\":\"https:\/\/idakorea.ee\/product\/niisutav-seerum-anua-birch-70-moisture-boosting-serum-30ml\/#breadcrumb\"},\"inLanguage\":\"en-US\",\"potentialAction\":[{\"@type\":\"ReadAction\",\"target\":[\"https:\/\/idakorea.ee\/product\/niisutav-seerum-anua-birch-70-moisture-boosting-serum-30ml\/\"]}]},{\"@type\":\"ImageObject\",\"inLanguage\":\"en-US\",\"@id\":\"https:\/\/idakorea.ee\/product\/niisutav-seerum-anua-birch-70-moisture-boosting-serum-30ml\/#primaryimage\",\"url\":\"https:\/\/idakorea.ee\/wp-content\/uploads\/2024\/07\/vu.jpg\",\"contentUrl\":\"https:\/\/idakorea.ee\/wp-content\/uploads\/2024\/07\/vu.jpg\",\"width\":800,\"height\":800},{\"@type\":\"BreadcrumbList\",\"@id\":\"https:\/\/idakorea.ee\/product\/niisutav-seerum-anua-birch-70-moisture-boosting-serum-30ml\/#breadcrumb\",\"itemListElement\":[{\"@type\":\"ListItem\",\"position\":1,\"name\":\"\u0413\u043b\u0430\u0432\u043d\u0430\u044f \u0441\u0442\u0440\u0430\u043d\u0438\u0446\u0430\",\"item\":\"https:\/\/idakorea.ee\/\"},{\"@type\":\"ListItem\",\"position\":2,\"name\":\"Shop\",\"item\":\"https:\/\/idakorea.ee\/shop-2\/\"},{\"@type\":\"ListItem\",\"position\":3,\"name\":\"Niisutav seerum ANUA Birch 70% Moisture Boosting Serum, 30ml\"}]},{\"@type\":\"WebSite\",\"@id\":\"https:\/\/idakorea.ee\/#website\",\"url\":\"https:\/\/idakorea.ee\/\",\"name\":\"IDA.KOREA\",\"description\":\"Korea kosmeetika e-pood\",\"publisher\":{\"@id\":\"https:\/\/idakorea.ee\/#organization\"},\"alternateName\":\"Beauty Shop\",\"potentialAction\":[{\"@type\":\"SearchAction\",\"target\":{\"@type\":\"EntryPoint\",\"urlTemplate\":\"https:\/\/idakorea.ee\/?s={search_term_string}\"},\"query-input\":{\"@type\":\"PropertyValueSpecification\",\"valueRequired\":true,\"valueName\":\"search_term_string\"}}],\"inLanguage\":\"en-US\"},{\"@type\":\"Organization\",\"@id\":\"https:\/\/idakorea.ee\/#organization\",\"name\":\"IDA.KOREA\",\"url\":\"https:\/\/idakorea.ee\/\",\"logo\":{\"@type\":\"ImageObject\",\"inLanguage\":\"en-US\",\"@id\":\"https:\/\/idakorea.ee\/#\/schema\/logo\/image\/\",\"url\":\"https:\/\/idakorea.ee\/wp-content\/uploads\/2024\/05\/cropped-korea3.png\",\"contentUrl\":\"https:\/\/idakorea.ee\/wp-content\/uploads\/2024\/05\/cropped-korea3.png\",\"width\":688,\"height\":126,\"caption\":\"IDA.KOREA\"},\"image\":{\"@id\":\"https:\/\/idakorea.ee\/#\/schema\/logo\/image\/\"},\"sameAs\":[\"https:\/\/www.instagram.com\/ida.korea\/\"]}]}<\/script>\n<!-- \/ Yoast SEO plugin. -->","yoast_head_json":{"title":"Moisturizing serum ANUA Birch 70% Moisture Boosting Serum, 30ml - IDA.KOREA","description":"Moisturising face serum with birch sap ensures active moisture rebalancing, skin softness and nourishment.","robots":{"index":"index","follow":"follow","max-snippet":"max-snippet:-1","max-image-preview":"max-image-preview:large","max-video-preview":"max-video-preview:-1"},"canonical":"https:\/\/idakorea.ee\/en\/product\/niisutav-seerum-anua-birch-70-moisture-boosting-serum-30ml\/","og_locale":"en_US","og_type":"article","og_title":"Niisutav seerum ANUA Birch 70% Moisture Boosting Serum, 30ml - IDA.KOREA","og_description":"Niisutav n\u00e4oseerum kase mahlaga tagab aktiivse niiskuse tasakaalu taastamise, naha pehmuse ja toitmise.","og_url":"https:\/\/idakorea.ee\/en\/product\/niisutav-seerum-anua-birch-70-moisture-boosting-serum-30ml\/","og_site_name":"IDA.KOREA","article_modified_time":"2026-01-30T14:46:41+00:00","og_image":[{"width":800,"height":800,"url":"https:\/\/idakorea.ee\/wp-content\/uploads\/2024\/07\/vu.jpg","type":"image\/jpeg"}],"twitter_card":"summary_large_image","twitter_misc":{"Est. reading time":"2 minutes"},"schema":{"@context":"https:\/\/schema.org","@graph":[{"@type":"WebPage","@id":"https:\/\/idakorea.ee\/product\/niisutav-seerum-anua-birch-70-moisture-boosting-serum-30ml\/","url":"https:\/\/idakorea.ee\/product\/niisutav-seerum-anua-birch-70-moisture-boosting-serum-30ml\/","name":"Moisturizing serum ANUA Birch 70% Moisture Boosting Serum, 30ml - IDA.KOREA","isPartOf":{"@id":"https:\/\/idakorea.ee\/#website"},"primaryImageOfPage":{"@id":"https:\/\/idakorea.ee\/product\/niisutav-seerum-anua-birch-70-moisture-boosting-serum-30ml\/#primaryimage"},"image":{"@id":"https:\/\/idakorea.ee\/product\/niisutav-seerum-anua-birch-70-moisture-boosting-serum-30ml\/#primaryimage"},"thumbnailUrl":"https:\/\/idakorea.ee\/wp-content\/uploads\/2024\/07\/vu.jpg","datePublished":"2024-07-11T11:16:02+00:00","dateModified":"2026-01-30T14:46:41+00:00","description":"Moisturising face serum with birch sap ensures active moisture rebalancing, skin softness and nourishment.","breadcrumb":{"@id":"https:\/\/idakorea.ee\/product\/niisutav-seerum-anua-birch-70-moisture-boosting-serum-30ml\/#breadcrumb"},"inLanguage":"en-US","potentialAction":[{"@type":"ReadAction","target":["https:\/\/idakorea.ee\/product\/niisutav-seerum-anua-birch-70-moisture-boosting-serum-30ml\/"]}]},{"@type":"ImageObject","inLanguage":"en-US","@id":"https:\/\/idakorea.ee\/product\/niisutav-seerum-anua-birch-70-moisture-boosting-serum-30ml\/#primaryimage","url":"https:\/\/idakorea.ee\/wp-content\/uploads\/2024\/07\/vu.jpg","contentUrl":"https:\/\/idakorea.ee\/wp-content\/uploads\/2024\/07\/vu.jpg","width":800,"height":800},{"@type":"BreadcrumbList","@id":"https:\/\/idakorea.ee\/product\/niisutav-seerum-anua-birch-70-moisture-boosting-serum-30ml\/#breadcrumb","itemListElement":[{"@type":"ListItem","position":1,"name":"\u0413\u043b\u0430\u0432\u043d\u0430\u044f \u0441\u0442\u0440\u0430\u043d\u0438\u0446\u0430","item":"https:\/\/idakorea.ee\/"},{"@type":"ListItem","position":2,"name":"Shop","item":"https:\/\/idakorea.ee\/shop-2\/"},{"@type":"ListItem","position":3,"name":"Niisutav seerum ANUA Birch 70% Moisture Boosting Serum, 30ml"}]},{"@type":"WebSite","@id":"https:\/\/idakorea.ee\/#website","url":"https:\/\/idakorea.ee\/","name":"IDA.KOREA","description":"Korean cosmetics e-shop","publisher":{"@id":"https:\/\/idakorea.ee\/#organization"},"alternateName":"Beauty Shop","potentialAction":[{"@type":"SearchAction","target":{"@type":"EntryPoint","urlTemplate":"https:\/\/idakorea.ee\/?s={search_term_string}"},"query-input":{"@type":"PropertyValueSpecification","valueRequired":true,"valueName":"search_term_string"}}],"inLanguage":"en-US"},{"@type":"Organization","@id":"https:\/\/idakorea.ee\/#organization","name":"IDA.KOREA","url":"https:\/\/idakorea.ee\/","logo":{"@type":"ImageObject","inLanguage":"en-US","@id":"https:\/\/idakorea.ee\/#\/schema\/logo\/image\/","url":"https:\/\/idakorea.ee\/wp-content\/uploads\/2024\/05\/cropped-korea3.png","contentUrl":"https:\/\/idakorea.ee\/wp-content\/uploads\/2024\/05\/cropped-korea3.png","width":688,"height":126,"caption":"IDA.KOREA"},"image":{"@id":"https:\/\/idakorea.ee\/#\/schema\/logo\/image\/"},"sameAs":["https:\/\/www.instagram.com\/ida.korea\/"]}]}},"jetpack_sharing_enabled":true,"brands":[{"id":104,"name":"ANUA","slug":"anua"}],"_links":{"self":[{"href":"https:\/\/idakorea.ee\/en\/wp-json\/wp\/v2\/product\/9452","targetHints":{"allow":["GET"]}}],"collection":[{"href":"https:\/\/idakorea.ee\/en\/wp-json\/wp\/v2\/product"}],"about":[{"href":"https:\/\/idakorea.ee\/en\/wp-json\/wp\/v2\/types\/product"}],"replies":[{"embeddable":true,"href":"https:\/\/idakorea.ee\/en\/wp-json\/wp\/v2\/comments?post=9452"}],"version-history":[{"count":3,"href":"https:\/\/idakorea.ee\/en\/wp-json\/wp\/v2\/product\/9452\/revisions"}],"predecessor-version":[{"id":16027,"href":"https:\/\/idakorea.ee\/en\/wp-json\/wp\/v2\/product\/9452\/revisions\/16027"}],"wp:featuredmedia":[{"embeddable":true,"href":"https:\/\/idakorea.ee\/en\/wp-json\/wp\/v2\/media\/9453"}],"wp:attachment":[{"href":"https:\/\/idakorea.ee\/en\/wp-json\/wp\/v2\/media?parent=9452"}],"wp:term":[{"taxonomy":"pwb-brand","embeddable":true,"href":"https:\/\/idakorea.ee\/en\/wp-json\/wp\/v2\/pwb-brand?post=9452"},{"taxonomy":"product_brand","embeddable":true,"href":"https:\/\/idakorea.ee\/en\/wp-json\/wp\/v2\/product_brand?post=9452"},{"taxonomy":"product_cat","embeddable":true,"href":"https:\/\/idakorea.ee\/en\/wp-json\/wp\/v2\/product_cat?post=9452"},{"taxonomy":"product_tag","embeddable":true,"href":"https:\/\/idakorea.ee\/en\/wp-json\/wp\/v2\/product_tag?post=9452"}],"curies":[{"name":"wp","href":"https:\/\/api.w.org\/{rel}","templated":true}]}}