{"id":9456,"date":"2024-07-11T14:59:34","date_gmt":"2024-07-11T11:59:34","guid":{"rendered":"https:\/\/idakorea.ee\/?post_type=product&#038;p=9456"},"modified":"2026-04-14T00:24:07","modified_gmt":"2026-04-13T22:24:07","slug":"rahustav-oomask-laneige-cica-sleeping-mask-10ml","status":"publish","type":"product","link":"https:\/\/idakorea.ee\/en\/product\/rahustav-oomask-laneige-cica-sleeping-mask-10ml\/","title":{"rendered":"Laneige Cica Sleeping Mask, 10ml"},"content":{"rendered":"<div class=\"flex flex-grow flex-col max-w-full\">\n<div class=\"min-h-[20px] text-message flex flex-col items-start whitespace-pre-wrap break-words [.text-message+&amp;]:mt-5 juice:w-full juice:items-end overflow-x-auto gap-2\" dir=\"auto\" data-message-author-role=\"assistant\" data-message-id=\"cf80316f-4361-4da4-9d56-e91687043b76\">\n<div class=\"flex w-full flex-col gap-1 juice:empty:hidden juice:first:pt-[3px]\">\n<div class=\"markdown prose w-full break-words dark:prose-invert light\">\n<p>Rahustav \u00f6\u00f6mask tsentellaga <strong>Laneige Cica Sleeping Mask<\/strong> on m\u00f5eldud naha kaitsebarj\u00e4\u00e4ri taastamiseks ning naha rahustamiseks. Sobib isegi k\u00f5ige tundlikumale nahale. \u00d6\u00f6mask niisutab s\u00fcgavalt, toniseerib, toidab ja rahustab. Mask parandab naha tervist, k\u00f5rvaldab p\u00f5letikulised protsessid, \u00fchtlustab nahatooni ja parandab naha tekstuuri.<\/p>\n<p><strong>Peamised toimeained:<\/strong><\/p>\n<ul>\n<li><strong>Aasia vesinaba (tsentella asiatica)<\/strong> toimib probleemse naha puhul imeliselt. Mask sisaldab tsentella derivaate (Aziatikosiid, Madecassosiid ja Aasiatikahape), mis on t\u00f5husamad kui tsentella ise.<\/li>\n<li><strong>Metsap\u00e4rmi ekstrakt<\/strong> on patenteeritud koostisosa, mille efektiivsus on 111,9% k\u00f5rgem kui madecassosiidil \u00e4rritunud naha ja kahjustatud kaitsebarj\u00e4\u00e4ri puhul. Ekstraktil on v\u00f5imsad p\u00f5letikuvastased omadused, see \u00fchtlustab nahatooni ja taastab naha kaitsebarj\u00e4\u00e4ri.<\/li>\n<li><strong>Skvalaan<\/strong> \u2013 molekulid integreeruvad kergesti naha lipiidikihti ja tugevdavad seda, takistades niiskuse aurustumist. Tugevdab rakulist immuunsust, stimuleerib antikehade tootmist, mis v\u00f5itlevad bakteritega, omab seenevastast toimet.<\/li>\n<li><strong>Pantenool<\/strong> omab tervendavat, niisutavat ja siluvat toimet.<\/li>\n<li><strong>Shea v\u00f5i<\/strong> toidab ja niisutab nahka, stimuleerib s\u00fcgavat regeneratsiooni, stimuleerib loodusliku kollageeni s\u00fcnteesi, taastab nahatooni ja toimib samal ajal usaldusv\u00e4\u00e4rse kaitsekilbina UV-kiirte eest.<\/li>\n<\/ul>\n<p><strong>Kasutamine:<\/strong> Kandke v\u00e4ike kogus \u00f6\u00f6maski \u00f5htuse hoolduse viimases etapis kogu n\u00e4ole m\u00f6\u00f6da massaa\u017eijooni, v\u00e4ltides silmade ja huulte piirkonda. Soovitatav on kasutada \u00f6\u00f6maski 2-3 korda n\u00e4dalas, tund enne magamaminekut.<\/p>\n<\/div>\n<\/div>\n<\/div>\n<\/div>\n","protected":false},"excerpt":{"rendered":"<p>Laneige Cica Sleeping Mask is a soothing night mask with a centella designed to restore the skin's protective barrier and calm the skin. Suitable for even the most sensitive skin. It deeply moisturises, tones, nourishes and soothes. The mask improves skin health, eliminates inflammatory processes, evens skin tone and improves skin texture. Main active ingredients. The mask contains tsentella derivatives....<\/p>","protected":false},"featured_media":9457,"comment_status":"open","ping_status":"closed","template":"","meta":{"_uf_show_specific_survey":0,"_uf_disable_surveys":false,"_bst_post_transparent":"default","_bst_post_title":"","_bst_post_layout":"default","_bst_post_sidebar_id":"","_bst_post_content_style":"default","_bst_post_vertical_padding":"default","_bst_post_feature":"","_bst_post_feature_position":"","_bst_post_header":false,"_bst_post_footer":false},"pwb-brand":[477],"product_brand":[],"product_cat":[98],"product_tag":[233,377,202,246,473,216,497],"class_list":{"0":"post-9456","1":"product","2":"type-product","3":"status-publish","4":"has-post-thumbnail","6":"pwb-brand-laneige","7":"product_cat-naomaskid","8":"product_tag-internet-pood-eesti","9":"product_tag-k-beauty-2","10":"product_tag-korea-kosmeetika","11":"product_tag-korea-naomaskid","12":"product_tag-korea-premium","13":"product_tag-kuiv-nahk","14":"product_tag-laneige","16":"first","17":"instock","18":"sale","19":"shipping-taxable","20":"purchasable","21":"product-type-simple","22":"entry","23":"content-bg","24":"loop-entry"},"supplier_id":null,"supplier_sku":"","barcode":null,"atum_controlled":true,"out_stock_date":null,"out_stock_threshold":null,"inheritable":false,"inbound_stock":0,"stock_on_hold":0,"sold_today":0,"sales_last_days":0,"out_stock_days":0,"lost_sales":0,"has_location":false,"update_date":"2026-04-13T22:24:08","atum_locations":[],"atum_stock_status":"instock","restock_status":false,"low_stock_amount":"","sales_update_date":"2026-04-10T00:03:39","calc_backorders":null,"yoast_head":"<!-- This site is optimized with the Yoast SEO plugin v27.2 - https:\/\/yoast.com\/product\/yoast-seo-wordpress\/ -->\n<title>Rahustav \u00f6\u00f6mask Laneige Cica Sleeping Mask, 10ml - IDA.KOREA<\/title>\n<meta name=\"description\" content=\"Rahustav \u00f6\u00f6mask tsentellaga Laneige Cica Sleeping Mask on m\u00f5eldud naha kaitsebarj\u00e4\u00e4ri taastamiseks ning naha rahustamiseks.\" \/>\n<meta name=\"robots\" content=\"index, follow, max-snippet:-1, max-image-preview:large, max-video-preview:-1\" \/>\n<link rel=\"canonical\" href=\"https:\/\/idakorea.ee\/en\/product\/rahustav-oomask-laneige-cica-sleeping-mask-10ml\/\" \/>\n<meta property=\"og:locale\" content=\"en_US\" \/>\n<meta property=\"og:type\" content=\"article\" \/>\n<meta property=\"og:title\" content=\"Rahustav \u00f6\u00f6mask Laneige Cica Sleeping Mask, 10ml - IDA.KOREA\" \/>\n<meta property=\"og:description\" content=\"Rahustav \u00f6\u00f6mask tsentellaga Laneige Cica Sleeping Mask on m\u00f5eldud naha kaitsebarj\u00e4\u00e4ri taastamiseks ning naha rahustamiseks.\" \/>\n<meta property=\"og:url\" content=\"https:\/\/idakorea.ee\/en\/product\/rahustav-oomask-laneige-cica-sleeping-mask-10ml\/\" \/>\n<meta property=\"og:site_name\" content=\"IDA.KOREA\" \/>\n<meta property=\"article:modified_time\" content=\"2026-04-13T22:24:07+00:00\" \/>\n<meta property=\"og:image\" content=\"https:\/\/idakorea.ee\/wp-content\/uploads\/2024\/07\/image.jpg\" \/>\n\t<meta property=\"og:image:width\" content=\"1215\" \/>\n\t<meta property=\"og:image:height\" content=\"1215\" \/>\n\t<meta property=\"og:image:type\" content=\"image\/jpeg\" \/>\n<meta name=\"twitter:card\" content=\"summary_large_image\" \/>\n<meta name=\"twitter:label1\" content=\"Est. reading time\" \/>\n\t<meta name=\"twitter:data1\" content=\"2 minutes\" \/>\n<script type=\"application\/ld+json\" class=\"yoast-schema-graph\">{\"@context\":\"https:\/\/schema.org\",\"@graph\":[{\"@type\":\"WebPage\",\"@id\":\"https:\/\/idakorea.ee\/product\/rahustav-oomask-laneige-cica-sleeping-mask-10ml\/\",\"url\":\"https:\/\/idakorea.ee\/product\/rahustav-oomask-laneige-cica-sleeping-mask-10ml\/\",\"name\":\"Rahustav \u00f6\u00f6mask Laneige Cica Sleeping Mask, 10ml - IDA.KOREA\",\"isPartOf\":{\"@id\":\"https:\/\/idakorea.ee\/#website\"},\"primaryImageOfPage\":{\"@id\":\"https:\/\/idakorea.ee\/product\/rahustav-oomask-laneige-cica-sleeping-mask-10ml\/#primaryimage\"},\"image\":{\"@id\":\"https:\/\/idakorea.ee\/product\/rahustav-oomask-laneige-cica-sleeping-mask-10ml\/#primaryimage\"},\"thumbnailUrl\":\"https:\/\/idakorea.ee\/wp-content\/uploads\/2024\/07\/image.jpg\",\"datePublished\":\"2024-07-11T11:59:34+00:00\",\"dateModified\":\"2026-04-13T22:24:07+00:00\",\"description\":\"Rahustav \u00f6\u00f6mask tsentellaga Laneige Cica Sleeping Mask on m\u00f5eldud naha kaitsebarj\u00e4\u00e4ri taastamiseks ning naha rahustamiseks.\",\"breadcrumb\":{\"@id\":\"https:\/\/idakorea.ee\/product\/rahustav-oomask-laneige-cica-sleeping-mask-10ml\/#breadcrumb\"},\"inLanguage\":\"en-US\",\"potentialAction\":[{\"@type\":\"ReadAction\",\"target\":[\"https:\/\/idakorea.ee\/product\/rahustav-oomask-laneige-cica-sleeping-mask-10ml\/\"]}]},{\"@type\":\"ImageObject\",\"inLanguage\":\"en-US\",\"@id\":\"https:\/\/idakorea.ee\/product\/rahustav-oomask-laneige-cica-sleeping-mask-10ml\/#primaryimage\",\"url\":\"https:\/\/idakorea.ee\/wp-content\/uploads\/2024\/07\/image.jpg\",\"contentUrl\":\"https:\/\/idakorea.ee\/wp-content\/uploads\/2024\/07\/image.jpg\",\"width\":1215,\"height\":1215},{\"@type\":\"BreadcrumbList\",\"@id\":\"https:\/\/idakorea.ee\/product\/rahustav-oomask-laneige-cica-sleeping-mask-10ml\/#breadcrumb\",\"itemListElement\":[{\"@type\":\"ListItem\",\"position\":1,\"name\":\"\u0413\u043b\u0430\u0432\u043d\u0430\u044f \u0441\u0442\u0440\u0430\u043d\u0438\u0446\u0430\",\"item\":\"https:\/\/idakorea.ee\/\"},{\"@type\":\"ListItem\",\"position\":2,\"name\":\"Shop\",\"item\":\"https:\/\/idakorea.ee\/shop-2\/\"},{\"@type\":\"ListItem\",\"position\":3,\"name\":\"Rahustav \u00f6\u00f6mask Laneige Cica Sleeping Mask, 10ml\"}]},{\"@type\":\"WebSite\",\"@id\":\"https:\/\/idakorea.ee\/#website\",\"url\":\"https:\/\/idakorea.ee\/\",\"name\":\"IDA.KOREA\",\"description\":\"Korea kosmeetika e-pood\",\"publisher\":{\"@id\":\"https:\/\/idakorea.ee\/#organization\"},\"alternateName\":\"Beauty Shop\",\"potentialAction\":[{\"@type\":\"SearchAction\",\"target\":{\"@type\":\"EntryPoint\",\"urlTemplate\":\"https:\/\/idakorea.ee\/?s={search_term_string}\"},\"query-input\":{\"@type\":\"PropertyValueSpecification\",\"valueRequired\":true,\"valueName\":\"search_term_string\"}}],\"inLanguage\":\"en-US\"},{\"@type\":\"Organization\",\"@id\":\"https:\/\/idakorea.ee\/#organization\",\"name\":\"IDA.KOREA\",\"url\":\"https:\/\/idakorea.ee\/\",\"logo\":{\"@type\":\"ImageObject\",\"inLanguage\":\"en-US\",\"@id\":\"https:\/\/idakorea.ee\/#\/schema\/logo\/image\/\",\"url\":\"https:\/\/idakorea.ee\/wp-content\/uploads\/2024\/05\/cropped-korea3.png\",\"contentUrl\":\"https:\/\/idakorea.ee\/wp-content\/uploads\/2024\/05\/cropped-korea3.png\",\"width\":688,\"height\":126,\"caption\":\"IDA.KOREA\"},\"image\":{\"@id\":\"https:\/\/idakorea.ee\/#\/schema\/logo\/image\/\"},\"sameAs\":[\"https:\/\/www.instagram.com\/ida.korea\/\"]}]}<\/script>\n<!-- \/ Yoast SEO plugin. -->","yoast_head_json":{"title":"Soothing Night Mask Laneige Kitty Sleeping Mask, 10ml - IDA.KOREA","description":"Laneige Cica Sleeping Mask is a soothing night mask with centella that is designed to restore the skin&#039;s protective barrier and soothe the skin.","robots":{"index":"index","follow":"follow","max-snippet":"max-snippet:-1","max-image-preview":"max-image-preview:large","max-video-preview":"max-video-preview:-1"},"canonical":"https:\/\/idakorea.ee\/en\/product\/rahustav-oomask-laneige-cica-sleeping-mask-10ml\/","og_locale":"en_US","og_type":"article","og_title":"Rahustav \u00f6\u00f6mask Laneige Cica Sleeping Mask, 10ml - IDA.KOREA","og_description":"Rahustav \u00f6\u00f6mask tsentellaga Laneige Cica Sleeping Mask on m\u00f5eldud naha kaitsebarj\u00e4\u00e4ri taastamiseks ning naha rahustamiseks.","og_url":"https:\/\/idakorea.ee\/en\/product\/rahustav-oomask-laneige-cica-sleeping-mask-10ml\/","og_site_name":"IDA.KOREA","article_modified_time":"2026-04-13T22:24:07+00:00","og_image":[{"width":1215,"height":1215,"url":"https:\/\/idakorea.ee\/wp-content\/uploads\/2024\/07\/image.jpg","type":"image\/jpeg"}],"twitter_card":"summary_large_image","twitter_misc":{"Est. reading time":"2 minutes"},"schema":{"@context":"https:\/\/schema.org","@graph":[{"@type":"WebPage","@id":"https:\/\/idakorea.ee\/product\/rahustav-oomask-laneige-cica-sleeping-mask-10ml\/","url":"https:\/\/idakorea.ee\/product\/rahustav-oomask-laneige-cica-sleeping-mask-10ml\/","name":"Soothing Night Mask Laneige Kitty Sleeping Mask, 10ml - IDA.KOREA","isPartOf":{"@id":"https:\/\/idakorea.ee\/#website"},"primaryImageOfPage":{"@id":"https:\/\/idakorea.ee\/product\/rahustav-oomask-laneige-cica-sleeping-mask-10ml\/#primaryimage"},"image":{"@id":"https:\/\/idakorea.ee\/product\/rahustav-oomask-laneige-cica-sleeping-mask-10ml\/#primaryimage"},"thumbnailUrl":"https:\/\/idakorea.ee\/wp-content\/uploads\/2024\/07\/image.jpg","datePublished":"2024-07-11T11:59:34+00:00","dateModified":"2026-04-13T22:24:07+00:00","description":"Laneige Cica Sleeping Mask is a soothing night mask with centella that is designed to restore the skin&#039;s protective barrier and soothe the skin.","breadcrumb":{"@id":"https:\/\/idakorea.ee\/product\/rahustav-oomask-laneige-cica-sleeping-mask-10ml\/#breadcrumb"},"inLanguage":"en-US","potentialAction":[{"@type":"ReadAction","target":["https:\/\/idakorea.ee\/product\/rahustav-oomask-laneige-cica-sleeping-mask-10ml\/"]}]},{"@type":"ImageObject","inLanguage":"en-US","@id":"https:\/\/idakorea.ee\/product\/rahustav-oomask-laneige-cica-sleeping-mask-10ml\/#primaryimage","url":"https:\/\/idakorea.ee\/wp-content\/uploads\/2024\/07\/image.jpg","contentUrl":"https:\/\/idakorea.ee\/wp-content\/uploads\/2024\/07\/image.jpg","width":1215,"height":1215},{"@type":"BreadcrumbList","@id":"https:\/\/idakorea.ee\/product\/rahustav-oomask-laneige-cica-sleeping-mask-10ml\/#breadcrumb","itemListElement":[{"@type":"ListItem","position":1,"name":"\u0413\u043b\u0430\u0432\u043d\u0430\u044f \u0441\u0442\u0440\u0430\u043d\u0438\u0446\u0430","item":"https:\/\/idakorea.ee\/"},{"@type":"ListItem","position":2,"name":"Shop","item":"https:\/\/idakorea.ee\/shop-2\/"},{"@type":"ListItem","position":3,"name":"Rahustav \u00f6\u00f6mask Laneige Cica Sleeping Mask, 10ml"}]},{"@type":"WebSite","@id":"https:\/\/idakorea.ee\/#website","url":"https:\/\/idakorea.ee\/","name":"IDA.KOREA","description":"Korean cosmetics e-shop","publisher":{"@id":"https:\/\/idakorea.ee\/#organization"},"alternateName":"Beauty Shop","potentialAction":[{"@type":"SearchAction","target":{"@type":"EntryPoint","urlTemplate":"https:\/\/idakorea.ee\/?s={search_term_string}"},"query-input":{"@type":"PropertyValueSpecification","valueRequired":true,"valueName":"search_term_string"}}],"inLanguage":"en-US"},{"@type":"Organization","@id":"https:\/\/idakorea.ee\/#organization","name":"IDA.KOREA","url":"https:\/\/idakorea.ee\/","logo":{"@type":"ImageObject","inLanguage":"en-US","@id":"https:\/\/idakorea.ee\/#\/schema\/logo\/image\/","url":"https:\/\/idakorea.ee\/wp-content\/uploads\/2024\/05\/cropped-korea3.png","contentUrl":"https:\/\/idakorea.ee\/wp-content\/uploads\/2024\/05\/cropped-korea3.png","width":688,"height":126,"caption":"IDA.KOREA"},"image":{"@id":"https:\/\/idakorea.ee\/#\/schema\/logo\/image\/"},"sameAs":["https:\/\/www.instagram.com\/ida.korea\/"]}]}},"jetpack_sharing_enabled":true,"brands":[{"id":477,"name":"LANEIGE","slug":"laneige"}],"_links":{"self":[{"href":"https:\/\/idakorea.ee\/en\/wp-json\/wp\/v2\/product\/9456","targetHints":{"allow":["GET"]}}],"collection":[{"href":"https:\/\/idakorea.ee\/en\/wp-json\/wp\/v2\/product"}],"about":[{"href":"https:\/\/idakorea.ee\/en\/wp-json\/wp\/v2\/types\/product"}],"replies":[{"embeddable":true,"href":"https:\/\/idakorea.ee\/en\/wp-json\/wp\/v2\/comments?post=9456"}],"version-history":[{"count":6,"href":"https:\/\/idakorea.ee\/en\/wp-json\/wp\/v2\/product\/9456\/revisions"}],"predecessor-version":[{"id":16442,"href":"https:\/\/idakorea.ee\/en\/wp-json\/wp\/v2\/product\/9456\/revisions\/16442"}],"wp:featuredmedia":[{"embeddable":true,"href":"https:\/\/idakorea.ee\/en\/wp-json\/wp\/v2\/media\/9457"}],"wp:attachment":[{"href":"https:\/\/idakorea.ee\/en\/wp-json\/wp\/v2\/media?parent=9456"}],"wp:term":[{"taxonomy":"pwb-brand","embeddable":true,"href":"https:\/\/idakorea.ee\/en\/wp-json\/wp\/v2\/pwb-brand?post=9456"},{"taxonomy":"product_brand","embeddable":true,"href":"https:\/\/idakorea.ee\/en\/wp-json\/wp\/v2\/product_brand?post=9456"},{"taxonomy":"product_cat","embeddable":true,"href":"https:\/\/idakorea.ee\/en\/wp-json\/wp\/v2\/product_cat?post=9456"},{"taxonomy":"product_tag","embeddable":true,"href":"https:\/\/idakorea.ee\/en\/wp-json\/wp\/v2\/product_tag?post=9456"}],"curies":[{"name":"wp","href":"https:\/\/api.w.org\/{rel}","templated":true}]}}