{"id":9505,"date":"2024-07-18T12:43:07","date_gmt":"2024-07-18T09:43:07","guid":{"rendered":"https:\/\/idakorea.ee\/?post_type=product&#038;p=9505"},"modified":"2026-02-03T23:02:34","modified_gmt":"2026-02-03T21:02:34","slug":"mediheal-watermide-toner-pad","status":"publish","type":"product","link":"https:\/\/idakorea.ee\/en\/product\/mediheal-watermide-toner-pad\/","title":{"rendered":"Mediheal Watermide Toner Pad"},"content":{"rendered":"<p>Intensively moisturising <strong>Mediheal Watermide Toner Pad<\/strong> toner pads with glacial water quickly fill in moisture gaps after facewashing, normalising the skin's optimal acid balance. The product effectively combats dryness and dehydration, moisturises richly and removes the feeling of tugging.<\/p>\n<p>The pads have a mild cooling effect, instantly relieving itching and redness, soothing irritated skin.<\/p>\n<p>The main ingredient of the product is a high concentration of glacial water from Iceland, which has a long-lasting moisturizing effect and the ability to retain moisture in cells for up to 24 hours. The structure of this active ingredient is similar to hexagonal water, which is very beneficial for skin health. Contains a mineral complex for deep hydration. Glacier water has a hexagonal structure and high stability. This shape promotes deep cell penetration and boosts immunity. Rich in minerals and beneficial trace elements, it stimulates renewal and regeneration processes.<\/p>\n<p>A special liposome technology helps the active ingredients to penetrate deep into the epidermis, to be better absorbed and particularly effective on the skin.<\/p>\n<p><strong>Additional components:<\/strong><\/p>\n<ul>\n<li><strong>Antarcticine (Pseudoalteromonas Ferment Extract)<\/strong> - a component obtained by the fermentation of marine bacteria in the Antarctic Ocean. It regenerates the skin, has anti-inflammatory properties, prevents dryness and soothes irritation, regulates oil secretion.<\/li>\n<li><strong>Sodium PCA<\/strong> - one of the elements of the natural moisturising factor (NMF), which has the ability to supply the epidermis with moisture derived from the air, helping to maintain optimal moisture levels.<\/li>\n<li><strong>Betaine<\/strong> - moisturises, soothes, soothes irritation, restores barrier functions, conditions and improves skin appearance.<\/li>\n<li><strong>Uurea<\/strong> - maintains the natural moisture balance. Has antibacterial, antiviral and antimicrobial properties. Improves penetration of other ingredients.<\/li>\n<li><strong>Olive oil<\/strong> - deeply nourishes, supplies cells with beneficial microelements, leaves skin silky and soft.<\/li>\n<li><strong>Spearmint extract<\/strong> - soothes and blocks inflammatory processes, relieves itching and has strong anti-inflammatory properties.<\/li>\n<\/ul>\n<p>Suitable for normal, dry and combination skin.<\/p>\n<p><strong>User manual:<\/strong> After washing your face, carefully wipe your skin with a pad. Can be used daily morning and evening. For use as a topical mask: apply the pad to the required area, leave on for 10-15 minutes and remove.<\/p>","protected":false},"excerpt":{"rendered":"<p>Intensely moisturizing Mediheal Watermide Toner Pad with sandal water quickly fills the moisture deficit after face washing, normalizing the skin's optimal acid balance. The product effectively combats dryness and dehydration, moisturizes richly and removes a tugging sensation. The pads have a mild cooling effect, instantly relieving itching and redness, soothing irritated skin. The main ingredient of the product is a high concentration of glacial water from Iceland, which has a long-lasting moisturising...<\/p>","protected":false},"featured_media":9506,"comment_status":"open","ping_status":"closed","template":"","meta":{"_uf_show_specific_survey":0,"_uf_disable_surveys":false,"_bst_post_transparent":"default","_bst_post_title":"","_bst_post_layout":"default","_bst_post_sidebar_id":"","_bst_post_content_style":"default","_bst_post_vertical_padding":"default","_bst_post_feature":"","_bst_post_feature_position":"","_bst_post_header":false,"_bst_post_footer":false},"pwb-brand":[446],"product_brand":[],"product_cat":[158],"product_tag":[518,233,202,465,246,525,447,509,543,538],"class_list":{"0":"post-9505","1":"product","2":"type-product","3":"status-publish","4":"has-post-thumbnail","6":"pwb-brand-mediheal","7":"product_cat-toonik","8":"product_tag-enough-collagen","9":"product_tag-internet-pood-eesti","10":"product_tag-korea-kosmeetika","11":"product_tag-korea-lux","12":"product_tag-korea-naomaskid","13":"product_tag-korean-health","14":"product_tag-mediheal","15":"product_tag-tiktok","16":"product_tag-trend","17":"product_tag-viral","19":"first","20":"outofstock","21":"sale","22":"shipping-taxable","23":"purchasable","24":"product-type-simple","25":"entry","26":"content-bg","27":"loop-entry"},"supplier_id":null,"supplier_sku":"","barcode":null,"atum_controlled":true,"out_stock_date":"2026-02-03 23:02:34","out_stock_threshold":null,"inheritable":false,"inbound_stock":0,"stock_on_hold":0,"sold_today":0,"sales_last_days":0,"out_stock_days":69,"lost_sales":383,"has_location":false,"update_date":"2026-04-14T00:05:08","atum_locations":[],"atum_stock_status":"outofstock","restock_status":false,"low_stock_amount":"","sales_update_date":"2026-04-14T00:05:08","calc_backorders":null,"yoast_head":"<!-- This site is optimized with the Yoast SEO plugin v27.2 - https:\/\/yoast.com\/product\/yoast-seo-wordpress\/ -->\n<title>Intensiivselt niisutavad toonikpadjad Mediheal Watermide Toner Pad - IDA.KOREA<\/title>\n<meta name=\"description\" content=\"Intensiivselt niisutavad Mediheal Watermide Toner Pad toonikupadjad liustikuveega t\u00e4idavad kiiresti niiskuse puuduj\u00e4\u00e4gi p\u00e4rast n\u00e4opesu. Kiire tarne!\" \/>\n<meta name=\"robots\" content=\"index, follow, max-snippet:-1, max-image-preview:large, max-video-preview:-1\" \/>\n<link rel=\"canonical\" href=\"https:\/\/idakorea.ee\/en\/product\/mediheal-watermide-toner-pad\/\" \/>\n<meta property=\"og:locale\" content=\"en_US\" \/>\n<meta property=\"og:type\" content=\"article\" \/>\n<meta property=\"og:title\" content=\"Intensiivselt niisutavad toonikpadjad Mediheal Watermide Toner Pad - IDA.KOREA\" \/>\n<meta property=\"og:description\" content=\"Intensiivselt niisutavad Mediheal Watermide Toner Pad toonikupadjad liustikuveega t\u00e4idavad kiiresti niiskuse puuduj\u00e4\u00e4gi p\u00e4rast n\u00e4opesu. Kiire tarne!\" \/>\n<meta property=\"og:url\" content=\"https:\/\/idakorea.ee\/en\/product\/mediheal-watermide-toner-pad\/\" \/>\n<meta property=\"og:site_name\" content=\"IDA.KOREA\" \/>\n<meta property=\"article:modified_time\" content=\"2026-02-03T21:02:34+00:00\" \/>\n<meta property=\"og:image\" content=\"https:\/\/idakorea.ee\/wp-content\/uploads\/2024\/07\/watermide-_1_.png\" \/>\n\t<meta property=\"og:image:width\" content=\"1000\" \/>\n\t<meta property=\"og:image:height\" content=\"1000\" \/>\n\t<meta property=\"og:image:type\" content=\"image\/png\" \/>\n<meta name=\"twitter:card\" content=\"summary_large_image\" \/>\n<meta name=\"twitter:label1\" content=\"Est. reading time\" \/>\n\t<meta name=\"twitter:data1\" content=\"2 minutes\" \/>\n<script type=\"application\/ld+json\" class=\"yoast-schema-graph\">{\"@context\":\"https:\/\/schema.org\",\"@graph\":[{\"@type\":\"WebPage\",\"@id\":\"https:\/\/idakorea.ee\/product\/mediheal-watermide-toner-pad\/\",\"url\":\"https:\/\/idakorea.ee\/product\/mediheal-watermide-toner-pad\/\",\"name\":\"Intensiivselt niisutavad toonikpadjad Mediheal Watermide Toner Pad - IDA.KOREA\",\"isPartOf\":{\"@id\":\"https:\/\/idakorea.ee\/#website\"},\"primaryImageOfPage\":{\"@id\":\"https:\/\/idakorea.ee\/product\/mediheal-watermide-toner-pad\/#primaryimage\"},\"image\":{\"@id\":\"https:\/\/idakorea.ee\/product\/mediheal-watermide-toner-pad\/#primaryimage\"},\"thumbnailUrl\":\"https:\/\/idakorea.ee\/wp-content\/uploads\/2024\/07\/watermide-_1_.png\",\"datePublished\":\"2024-07-18T09:43:07+00:00\",\"dateModified\":\"2026-02-03T21:02:34+00:00\",\"description\":\"Intensiivselt niisutavad Mediheal Watermide Toner Pad toonikupadjad liustikuveega t\u00e4idavad kiiresti niiskuse puuduj\u00e4\u00e4gi p\u00e4rast n\u00e4opesu. Kiire tarne!\",\"breadcrumb\":{\"@id\":\"https:\/\/idakorea.ee\/product\/mediheal-watermide-toner-pad\/#breadcrumb\"},\"inLanguage\":\"en-US\",\"potentialAction\":[{\"@type\":\"ReadAction\",\"target\":[\"https:\/\/idakorea.ee\/product\/mediheal-watermide-toner-pad\/\"]}]},{\"@type\":\"ImageObject\",\"inLanguage\":\"en-US\",\"@id\":\"https:\/\/idakorea.ee\/product\/mediheal-watermide-toner-pad\/#primaryimage\",\"url\":\"https:\/\/idakorea.ee\/wp-content\/uploads\/2024\/07\/watermide-_1_.png\",\"contentUrl\":\"https:\/\/idakorea.ee\/wp-content\/uploads\/2024\/07\/watermide-_1_.png\",\"width\":1000,\"height\":1000},{\"@type\":\"BreadcrumbList\",\"@id\":\"https:\/\/idakorea.ee\/product\/mediheal-watermide-toner-pad\/#breadcrumb\",\"itemListElement\":[{\"@type\":\"ListItem\",\"position\":1,\"name\":\"\u0413\u043b\u0430\u0432\u043d\u0430\u044f \u0441\u0442\u0440\u0430\u043d\u0438\u0446\u0430\",\"item\":\"https:\/\/idakorea.ee\/\"},{\"@type\":\"ListItem\",\"position\":2,\"name\":\"Shop\",\"item\":\"https:\/\/idakorea.ee\/shop-2\/\"},{\"@type\":\"ListItem\",\"position\":3,\"name\":\"Intensiivselt niisutavad toonikpadjad Mediheal Watermide Toner Pad\"}]},{\"@type\":\"WebSite\",\"@id\":\"https:\/\/idakorea.ee\/#website\",\"url\":\"https:\/\/idakorea.ee\/\",\"name\":\"IDA.KOREA\",\"description\":\"Korea kosmeetika e-pood\",\"publisher\":{\"@id\":\"https:\/\/idakorea.ee\/#organization\"},\"alternateName\":\"Beauty Shop\",\"potentialAction\":[{\"@type\":\"SearchAction\",\"target\":{\"@type\":\"EntryPoint\",\"urlTemplate\":\"https:\/\/idakorea.ee\/?s={search_term_string}\"},\"query-input\":{\"@type\":\"PropertyValueSpecification\",\"valueRequired\":true,\"valueName\":\"search_term_string\"}}],\"inLanguage\":\"en-US\"},{\"@type\":\"Organization\",\"@id\":\"https:\/\/idakorea.ee\/#organization\",\"name\":\"IDA.KOREA\",\"url\":\"https:\/\/idakorea.ee\/\",\"logo\":{\"@type\":\"ImageObject\",\"inLanguage\":\"en-US\",\"@id\":\"https:\/\/idakorea.ee\/#\/schema\/logo\/image\/\",\"url\":\"https:\/\/idakorea.ee\/wp-content\/uploads\/2024\/05\/cropped-korea3.png\",\"contentUrl\":\"https:\/\/idakorea.ee\/wp-content\/uploads\/2024\/05\/cropped-korea3.png\",\"width\":688,\"height\":126,\"caption\":\"IDA.KOREA\"},\"image\":{\"@id\":\"https:\/\/idakorea.ee\/#\/schema\/logo\/image\/\"},\"sameAs\":[\"https:\/\/www.instagram.com\/ida.korea\/\"]}]}<\/script>\n<!-- \/ Yoast SEO plugin. -->","yoast_head_json":{"title":"Intensively moisturizing toner pads Mediheal Watermide Toner Pad - IDA.KOREA","description":"Intensively moisturizing Mediheal Watermide Toner Pads with glacial water quickly replenish moisture lost after washing your face. Fast delivery!","robots":{"index":"index","follow":"follow","max-snippet":"max-snippet:-1","max-image-preview":"max-image-preview:large","max-video-preview":"max-video-preview:-1"},"canonical":"https:\/\/idakorea.ee\/en\/product\/mediheal-watermide-toner-pad\/","og_locale":"en_US","og_type":"article","og_title":"Intensiivselt niisutavad toonikpadjad Mediheal Watermide Toner Pad - IDA.KOREA","og_description":"Intensiivselt niisutavad Mediheal Watermide Toner Pad toonikupadjad liustikuveega t\u00e4idavad kiiresti niiskuse puuduj\u00e4\u00e4gi p\u00e4rast n\u00e4opesu. Kiire tarne!","og_url":"https:\/\/idakorea.ee\/en\/product\/mediheal-watermide-toner-pad\/","og_site_name":"IDA.KOREA","article_modified_time":"2026-02-03T21:02:34+00:00","og_image":[{"width":1000,"height":1000,"url":"https:\/\/idakorea.ee\/wp-content\/uploads\/2024\/07\/watermide-_1_.png","type":"image\/png"}],"twitter_card":"summary_large_image","twitter_misc":{"Est. reading time":"2 minutes"},"schema":{"@context":"https:\/\/schema.org","@graph":[{"@type":"WebPage","@id":"https:\/\/idakorea.ee\/product\/mediheal-watermide-toner-pad\/","url":"https:\/\/idakorea.ee\/product\/mediheal-watermide-toner-pad\/","name":"Intensively moisturizing toner pads Mediheal Watermide Toner Pad - IDA.KOREA","isPartOf":{"@id":"https:\/\/idakorea.ee\/#website"},"primaryImageOfPage":{"@id":"https:\/\/idakorea.ee\/product\/mediheal-watermide-toner-pad\/#primaryimage"},"image":{"@id":"https:\/\/idakorea.ee\/product\/mediheal-watermide-toner-pad\/#primaryimage"},"thumbnailUrl":"https:\/\/idakorea.ee\/wp-content\/uploads\/2024\/07\/watermide-_1_.png","datePublished":"2024-07-18T09:43:07+00:00","dateModified":"2026-02-03T21:02:34+00:00","description":"Intensively moisturizing Mediheal Watermide Toner Pads with glacial water quickly replenish moisture lost after washing your face. Fast delivery!","breadcrumb":{"@id":"https:\/\/idakorea.ee\/product\/mediheal-watermide-toner-pad\/#breadcrumb"},"inLanguage":"en-US","potentialAction":[{"@type":"ReadAction","target":["https:\/\/idakorea.ee\/product\/mediheal-watermide-toner-pad\/"]}]},{"@type":"ImageObject","inLanguage":"en-US","@id":"https:\/\/idakorea.ee\/product\/mediheal-watermide-toner-pad\/#primaryimage","url":"https:\/\/idakorea.ee\/wp-content\/uploads\/2024\/07\/watermide-_1_.png","contentUrl":"https:\/\/idakorea.ee\/wp-content\/uploads\/2024\/07\/watermide-_1_.png","width":1000,"height":1000},{"@type":"BreadcrumbList","@id":"https:\/\/idakorea.ee\/product\/mediheal-watermide-toner-pad\/#breadcrumb","itemListElement":[{"@type":"ListItem","position":1,"name":"\u0413\u043b\u0430\u0432\u043d\u0430\u044f \u0441\u0442\u0440\u0430\u043d\u0438\u0446\u0430","item":"https:\/\/idakorea.ee\/"},{"@type":"ListItem","position":2,"name":"Shop","item":"https:\/\/idakorea.ee\/shop-2\/"},{"@type":"ListItem","position":3,"name":"Intensiivselt niisutavad toonikpadjad Mediheal Watermide Toner Pad"}]},{"@type":"WebSite","@id":"https:\/\/idakorea.ee\/#website","url":"https:\/\/idakorea.ee\/","name":"IDA.KOREA","description":"Korean cosmetics e-shop","publisher":{"@id":"https:\/\/idakorea.ee\/#organization"},"alternateName":"Beauty Shop","potentialAction":[{"@type":"SearchAction","target":{"@type":"EntryPoint","urlTemplate":"https:\/\/idakorea.ee\/?s={search_term_string}"},"query-input":{"@type":"PropertyValueSpecification","valueRequired":true,"valueName":"search_term_string"}}],"inLanguage":"en-US"},{"@type":"Organization","@id":"https:\/\/idakorea.ee\/#organization","name":"IDA.KOREA","url":"https:\/\/idakorea.ee\/","logo":{"@type":"ImageObject","inLanguage":"en-US","@id":"https:\/\/idakorea.ee\/#\/schema\/logo\/image\/","url":"https:\/\/idakorea.ee\/wp-content\/uploads\/2024\/05\/cropped-korea3.png","contentUrl":"https:\/\/idakorea.ee\/wp-content\/uploads\/2024\/05\/cropped-korea3.png","width":688,"height":126,"caption":"IDA.KOREA"},"image":{"@id":"https:\/\/idakorea.ee\/#\/schema\/logo\/image\/"},"sameAs":["https:\/\/www.instagram.com\/ida.korea\/"]}]}},"jetpack_sharing_enabled":true,"brands":[{"id":446,"name":"MEDIHEAL","slug":"mediheal"}],"_links":{"self":[{"href":"https:\/\/idakorea.ee\/en\/wp-json\/wp\/v2\/product\/9505","targetHints":{"allow":["GET"]}}],"collection":[{"href":"https:\/\/idakorea.ee\/en\/wp-json\/wp\/v2\/product"}],"about":[{"href":"https:\/\/idakorea.ee\/en\/wp-json\/wp\/v2\/types\/product"}],"replies":[{"embeddable":true,"href":"https:\/\/idakorea.ee\/en\/wp-json\/wp\/v2\/comments?post=9505"}],"version-history":[{"count":1,"href":"https:\/\/idakorea.ee\/en\/wp-json\/wp\/v2\/product\/9505\/revisions"}],"predecessor-version":[{"id":9512,"href":"https:\/\/idakorea.ee\/en\/wp-json\/wp\/v2\/product\/9505\/revisions\/9512"}],"wp:featuredmedia":[{"embeddable":true,"href":"https:\/\/idakorea.ee\/en\/wp-json\/wp\/v2\/media\/9506"}],"wp:attachment":[{"href":"https:\/\/idakorea.ee\/en\/wp-json\/wp\/v2\/media?parent=9505"}],"wp:term":[{"taxonomy":"pwb-brand","embeddable":true,"href":"https:\/\/idakorea.ee\/en\/wp-json\/wp\/v2\/pwb-brand?post=9505"},{"taxonomy":"product_brand","embeddable":true,"href":"https:\/\/idakorea.ee\/en\/wp-json\/wp\/v2\/product_brand?post=9505"},{"taxonomy":"product_cat","embeddable":true,"href":"https:\/\/idakorea.ee\/en\/wp-json\/wp\/v2\/product_cat?post=9505"},{"taxonomy":"product_tag","embeddable":true,"href":"https:\/\/idakorea.ee\/en\/wp-json\/wp\/v2\/product_tag?post=9505"}],"curies":[{"name":"wp","href":"https:\/\/api.w.org\/{rel}","templated":true}]}}