{"id":9513,"date":"2024-07-18T13:28:55","date_gmt":"2024-07-18T10:28:55","guid":{"rendered":"https:\/\/idakorea.ee\/?post_type=product&#038;p=9513"},"modified":"2026-01-30T16:39:24","modified_gmt":"2026-01-30T14:39:24","slug":"puhastavad-toonikpadjad-manyo-galactomy-clearskin-pad-60tk","status":"publish","type":"product","link":"https:\/\/idakorea.ee\/en\/product\/puhastavad-toonikpadjad-manyo-galactomy-clearskin-pad-60tk\/","title":{"rendered":"Manyo Galactomy Clearskin Pad, 60tk"},"content":{"rendered":"<p><strong>Manyo Galactomy Clearskin Pad<\/strong> cleansing pads with galactomycin gently exfoliate the skin, removing dirt and scaling, polishing the epidermal surface and preventing dryness.<\/p>\n<p>Pillows are the first stage of maintenance. They complete the cleansing of the skin, completely removing all dirt and normalising the water and oil balance, eliminating dryness and the feeling of tugging.<\/p>\n<p>They remove excess oil, even skin tone and help to brighten pigmentation.<\/p>\n<p><strong>Properties of cleaning pads:<\/strong><\/p>\n<ul>\n<li>Cleanse pores, remove excess oil and dissolve comedones;<\/li>\n<li>Normalise oil production and exfoliate the skin;<\/li>\n<li>Special formulation with fermented components for skin health;<\/li>\n<li>Safe for sensitive skin and does not cause irritation;<\/li>\n<li>Comfortable large cushion surface - 8 cm.<\/li>\n<\/ul>\n<p>The pad has two sides - smooth and textured. The textured side helps to finish cleansing and exfoliates, while the smooth side soothes and moisturises the skin. The large surface area of the pads allows them to be used not only on the face, but also on the body, such as elbows, knees, heels and neck.<\/p>\n<p><strong>Main active ingredients:<\/strong><\/p>\n<ul>\n<li><strong>White willow bark extract<\/strong> normalizes the sebaceous glands, tightens pores, stimulates cell renewal, cleanses the skin of dead cells, improves skin condition and complexion. Conditions and restores the skin's barrier functions.<\/li>\n<li><strong>10% galactomycidal fermentor<\/strong> nourishes and moisturizes the skin perfectly, accelerates cell renewal, regenerates, purifies, harmonizes the micro-layer, improves skin tone, rejuvenates, reduces inflammation, improves complexion.<\/li>\n<li><strong>Rice bran extract<\/strong> - a traditional Asian whitening agent. An excellent source of vitamins, potassium, calcium, magnesium, phosphorus, iron and other minerals and trace elements. Rice amino acids increase the synthesis of collagen, which is necessary to maintain skin elasticity.<\/li>\n<li><strong>PHA-hape<\/strong> evens skin tone and micro-texture, has a photoconductive effect, anti-inflammatory action and regulates the skin's natural keratinisation process.<\/li>\n<li><strong>LHA-hape<\/strong> - salicylic acid derivative. Larger molecules, therefore works slower and much more gently. Does not cause irritation. Slows down the process of cell keratinisation in pore ducts, has antibacterial action.<\/li>\n<\/ul>\n<p>Suitable for all skin types.<\/p>\n<p><strong>User manual<\/strong>: After washing your face, wipe your skin (except around the eyes) first with the textured side to remove any dirt and then with the smooth side of the pad.<\/p>","protected":false},"excerpt":{"rendered":"<p>Manyo Galactomy Clearskin Pad cleansing pads with galactomycin gently exfoliate the skin, remove dirt and scaling, polish the epidermal surface and prevent dryness. The pads are the first step in your skincare routine. They complete the cleansing of the skin, completely removing all impurities and normalising the water and oil balance, eliminating dryness and the feeling of tugging. They remove excess oil, even out skin tone and help to lighten pigmentation. Cleansing pads...<\/p>","protected":false},"featured_media":9514,"comment_status":"open","ping_status":"closed","template":"","meta":{"_uf_show_specific_survey":0,"_uf_disable_surveys":false,"_bst_post_transparent":"default","_bst_post_title":"","_bst_post_layout":"default","_bst_post_sidebar_id":"","_bst_post_content_style":"default","_bst_post_vertical_padding":"default","_bst_post_feature":"","_bst_post_feature_position":"","_bst_post_header":false,"_bst_post_footer":false},"pwb-brand":[448],"product_brand":[],"product_cat":[92,158],"product_tag":[233,377,202,465,473,450],"class_list":{"0":"post-9513","1":"product","2":"type-product","3":"status-publish","4":"has-post-thumbnail","6":"pwb-brand-manyo","7":"product_cat-nagu","8":"product_cat-toonik","9":"product_tag-internet-pood-eesti","10":"product_tag-k-beauty-2","11":"product_tag-korea-kosmeetika","12":"product_tag-korea-lux","13":"product_tag-korea-premium","14":"product_tag-manyo","16":"first","17":"instock","18":"sale","19":"shipping-taxable","20":"purchasable","21":"product-type-simple","22":"entry","23":"content-bg","24":"loop-entry"},"supplier_id":null,"supplier_sku":"","barcode":null,"atum_controlled":true,"out_stock_date":null,"out_stock_threshold":null,"inheritable":false,"inbound_stock":0,"stock_on_hold":0,"sold_today":0,"sales_last_days":0,"out_stock_days":0,"lost_sales":0,"has_location":false,"update_date":"2026-04-14T00:05:06","atum_locations":[],"atum_stock_status":"instock","restock_status":false,"low_stock_amount":"","sales_update_date":"2026-04-14T00:05:06","calc_backorders":null,"yoast_head":"<!-- This site is optimized with the Yoast SEO plugin v27.2 - https:\/\/yoast.com\/product\/yoast-seo-wordpress\/ -->\n<title>Puhastavad toonikpadjad Manyo Galactomy Clearskin Pad, 60tk - IDA.KOREA<\/title>\n<meta name=\"description\" content=\"Manyo Galactomy Clearskin Pad puhastavad padjad galaktom\u00fctsiidiga koorivad \u00f5rnalt nahka, eemaldavad mustuse ja ketenduse, poleerivad epidermise pinnakihti ja ennetavad kuivuse tekkimist.Padjad on esimene hooldusetapp. Need l\u00f5petavad naha puhastamise, eemaldades t\u00e4ielikult k\u00f5ik mustused ja normaliseerides vee- ja rasutasakaalu, k\u00f5rvaldades kuivuse ja kiskuva tunde.\" \/>\n<meta name=\"robots\" content=\"index, follow, max-snippet:-1, max-image-preview:large, max-video-preview:-1\" \/>\n<link rel=\"canonical\" href=\"https:\/\/idakorea.ee\/en\/product\/puhastavad-toonikpadjad-manyo-galactomy-clearskin-pad-60tk\/\" \/>\n<meta property=\"og:locale\" content=\"en_US\" \/>\n<meta property=\"og:type\" content=\"article\" \/>\n<meta property=\"og:title\" content=\"Puhastavad toonikpadjad Manyo Galactomy Clearskin Pad, 60tk - IDA.KOREA\" \/>\n<meta property=\"og:description\" content=\"Manyo Galactomy Clearskin Pad puhastavad padjad galaktom\u00fctsiidiga koorivad \u00f5rnalt nahka, eemaldavad mustuse ja ketenduse, poleerivad epidermise pinnakihti ja ennetavad kuivuse tekkimist.Padjad on esimene hooldusetapp. Need l\u00f5petavad naha puhastamise, eemaldades t\u00e4ielikult k\u00f5ik mustused ja normaliseerides vee- ja rasutasakaalu, k\u00f5rvaldades kuivuse ja kiskuva tunde.\" \/>\n<meta property=\"og:url\" content=\"https:\/\/idakorea.ee\/en\/product\/puhastavad-toonikpadjad-manyo-galactomy-clearskin-pad-60tk\/\" \/>\n<meta property=\"og:site_name\" content=\"IDA.KOREA\" \/>\n<meta property=\"article:modified_time\" content=\"2026-01-30T14:39:24+00:00\" \/>\n<meta property=\"og:image\" content=\"https:\/\/idakorea.ee\/wp-content\/uploads\/2024\/07\/manyo-galactomy-clearskin-pad-1.jpg\" \/>\n\t<meta property=\"og:image:width\" content=\"1000\" \/>\n\t<meta property=\"og:image:height\" content=\"1000\" \/>\n\t<meta property=\"og:image:type\" content=\"image\/jpeg\" \/>\n<meta name=\"twitter:card\" content=\"summary_large_image\" \/>\n<meta name=\"twitter:label1\" content=\"Est. reading time\" \/>\n\t<meta name=\"twitter:data1\" content=\"2 minutes\" \/>\n<script type=\"application\/ld+json\" class=\"yoast-schema-graph\">{\"@context\":\"https:\/\/schema.org\",\"@graph\":[{\"@type\":\"WebPage\",\"@id\":\"https:\/\/idakorea.ee\/product\/puhastavad-toonikpadjad-manyo-galactomy-clearskin-pad-60tk\/\",\"url\":\"https:\/\/idakorea.ee\/product\/puhastavad-toonikpadjad-manyo-galactomy-clearskin-pad-60tk\/\",\"name\":\"Puhastavad toonikpadjad Manyo Galactomy Clearskin Pad, 60tk - IDA.KOREA\",\"isPartOf\":{\"@id\":\"https:\/\/idakorea.ee\/#website\"},\"primaryImageOfPage\":{\"@id\":\"https:\/\/idakorea.ee\/product\/puhastavad-toonikpadjad-manyo-galactomy-clearskin-pad-60tk\/#primaryimage\"},\"image\":{\"@id\":\"https:\/\/idakorea.ee\/product\/puhastavad-toonikpadjad-manyo-galactomy-clearskin-pad-60tk\/#primaryimage\"},\"thumbnailUrl\":\"https:\/\/idakorea.ee\/wp-content\/uploads\/2024\/07\/manyo-galactomy-clearskin-pad-1.jpg\",\"datePublished\":\"2024-07-18T10:28:55+00:00\",\"dateModified\":\"2026-01-30T14:39:24+00:00\",\"description\":\"Manyo Galactomy Clearskin Pad puhastavad padjad galaktom\u00fctsiidiga koorivad \u00f5rnalt nahka, eemaldavad mustuse ja ketenduse, poleerivad epidermise pinnakihti ja ennetavad kuivuse tekkimist.Padjad on esimene hooldusetapp. Need l\u00f5petavad naha puhastamise, eemaldades t\u00e4ielikult k\u00f5ik mustused ja normaliseerides vee- ja rasutasakaalu, k\u00f5rvaldades kuivuse ja kiskuva tunde.\",\"breadcrumb\":{\"@id\":\"https:\/\/idakorea.ee\/product\/puhastavad-toonikpadjad-manyo-galactomy-clearskin-pad-60tk\/#breadcrumb\"},\"inLanguage\":\"en-US\",\"potentialAction\":[{\"@type\":\"ReadAction\",\"target\":[\"https:\/\/idakorea.ee\/product\/puhastavad-toonikpadjad-manyo-galactomy-clearskin-pad-60tk\/\"]}]},{\"@type\":\"ImageObject\",\"inLanguage\":\"en-US\",\"@id\":\"https:\/\/idakorea.ee\/product\/puhastavad-toonikpadjad-manyo-galactomy-clearskin-pad-60tk\/#primaryimage\",\"url\":\"https:\/\/idakorea.ee\/wp-content\/uploads\/2024\/07\/manyo-galactomy-clearskin-pad-1.jpg\",\"contentUrl\":\"https:\/\/idakorea.ee\/wp-content\/uploads\/2024\/07\/manyo-galactomy-clearskin-pad-1.jpg\",\"width\":1000,\"height\":1000},{\"@type\":\"BreadcrumbList\",\"@id\":\"https:\/\/idakorea.ee\/product\/puhastavad-toonikpadjad-manyo-galactomy-clearskin-pad-60tk\/#breadcrumb\",\"itemListElement\":[{\"@type\":\"ListItem\",\"position\":1,\"name\":\"\u0413\u043b\u0430\u0432\u043d\u0430\u044f \u0441\u0442\u0440\u0430\u043d\u0438\u0446\u0430\",\"item\":\"https:\/\/idakorea.ee\/\"},{\"@type\":\"ListItem\",\"position\":2,\"name\":\"Shop\",\"item\":\"https:\/\/idakorea.ee\/shop-2\/\"},{\"@type\":\"ListItem\",\"position\":3,\"name\":\"Puhastavad toonikpadjad Manyo Galactomy Clearskin Pad, 60tk\"}]},{\"@type\":\"WebSite\",\"@id\":\"https:\/\/idakorea.ee\/#website\",\"url\":\"https:\/\/idakorea.ee\/\",\"name\":\"IDA.KOREA\",\"description\":\"Korea kosmeetika e-pood\",\"publisher\":{\"@id\":\"https:\/\/idakorea.ee\/#organization\"},\"alternateName\":\"Beauty Shop\",\"potentialAction\":[{\"@type\":\"SearchAction\",\"target\":{\"@type\":\"EntryPoint\",\"urlTemplate\":\"https:\/\/idakorea.ee\/?s={search_term_string}\"},\"query-input\":{\"@type\":\"PropertyValueSpecification\",\"valueRequired\":true,\"valueName\":\"search_term_string\"}}],\"inLanguage\":\"en-US\"},{\"@type\":\"Organization\",\"@id\":\"https:\/\/idakorea.ee\/#organization\",\"name\":\"IDA.KOREA\",\"url\":\"https:\/\/idakorea.ee\/\",\"logo\":{\"@type\":\"ImageObject\",\"inLanguage\":\"en-US\",\"@id\":\"https:\/\/idakorea.ee\/#\/schema\/logo\/image\/\",\"url\":\"https:\/\/idakorea.ee\/wp-content\/uploads\/2024\/05\/cropped-korea3.png\",\"contentUrl\":\"https:\/\/idakorea.ee\/wp-content\/uploads\/2024\/05\/cropped-korea3.png\",\"width\":688,\"height\":126,\"caption\":\"IDA.KOREA\"},\"image\":{\"@id\":\"https:\/\/idakorea.ee\/#\/schema\/logo\/image\/\"},\"sameAs\":[\"https:\/\/www.instagram.com\/ida.korea\/\"]}]}<\/script>\n<!-- \/ Yoast SEO plugin. -->","yoast_head_json":{"title":"Manyo Galactomy Clearskin Cleansing Toning Pads, 60pcs - IDA.KOREA","description":"Manyo Galactomy Clearskin Pad cleansing pads with galactomycin gently exfoliate the skin, remove dirt and scaling, polish the epidermal surface and prevent dryness.The pads are the first step in skin care. They complete the cleansing of the skin, completely removing all impurities and normalising the water and oil balance, eliminating dryness and the feeling of tugging.","robots":{"index":"index","follow":"follow","max-snippet":"max-snippet:-1","max-image-preview":"max-image-preview:large","max-video-preview":"max-video-preview:-1"},"canonical":"https:\/\/idakorea.ee\/en\/product\/puhastavad-toonikpadjad-manyo-galactomy-clearskin-pad-60tk\/","og_locale":"en_US","og_type":"article","og_title":"Puhastavad toonikpadjad Manyo Galactomy Clearskin Pad, 60tk - IDA.KOREA","og_description":"Manyo Galactomy Clearskin Pad puhastavad padjad galaktom\u00fctsiidiga koorivad \u00f5rnalt nahka, eemaldavad mustuse ja ketenduse, poleerivad epidermise pinnakihti ja ennetavad kuivuse tekkimist.Padjad on esimene hooldusetapp. Need l\u00f5petavad naha puhastamise, eemaldades t\u00e4ielikult k\u00f5ik mustused ja normaliseerides vee- ja rasutasakaalu, k\u00f5rvaldades kuivuse ja kiskuva tunde.","og_url":"https:\/\/idakorea.ee\/en\/product\/puhastavad-toonikpadjad-manyo-galactomy-clearskin-pad-60tk\/","og_site_name":"IDA.KOREA","article_modified_time":"2026-01-30T14:39:24+00:00","og_image":[{"width":1000,"height":1000,"url":"https:\/\/idakorea.ee\/wp-content\/uploads\/2024\/07\/manyo-galactomy-clearskin-pad-1.jpg","type":"image\/jpeg"}],"twitter_card":"summary_large_image","twitter_misc":{"Est. reading time":"2 minutes"},"schema":{"@context":"https:\/\/schema.org","@graph":[{"@type":"WebPage","@id":"https:\/\/idakorea.ee\/product\/puhastavad-toonikpadjad-manyo-galactomy-clearskin-pad-60tk\/","url":"https:\/\/idakorea.ee\/product\/puhastavad-toonikpadjad-manyo-galactomy-clearskin-pad-60tk\/","name":"Manyo Galactomy Clearskin Cleansing Toning Pads, 60pcs - IDA.KOREA","isPartOf":{"@id":"https:\/\/idakorea.ee\/#website"},"primaryImageOfPage":{"@id":"https:\/\/idakorea.ee\/product\/puhastavad-toonikpadjad-manyo-galactomy-clearskin-pad-60tk\/#primaryimage"},"image":{"@id":"https:\/\/idakorea.ee\/product\/puhastavad-toonikpadjad-manyo-galactomy-clearskin-pad-60tk\/#primaryimage"},"thumbnailUrl":"https:\/\/idakorea.ee\/wp-content\/uploads\/2024\/07\/manyo-galactomy-clearskin-pad-1.jpg","datePublished":"2024-07-18T10:28:55+00:00","dateModified":"2026-01-30T14:39:24+00:00","description":"Manyo Galactomy Clearskin Pad cleansing pads with galactomycin gently exfoliate the skin, remove dirt and scaling, polish the epidermal surface and prevent dryness.The pads are the first step in skin care. They complete the cleansing of the skin, completely removing all impurities and normalising the water and oil balance, eliminating dryness and the feeling of tugging.","breadcrumb":{"@id":"https:\/\/idakorea.ee\/product\/puhastavad-toonikpadjad-manyo-galactomy-clearskin-pad-60tk\/#breadcrumb"},"inLanguage":"en-US","potentialAction":[{"@type":"ReadAction","target":["https:\/\/idakorea.ee\/product\/puhastavad-toonikpadjad-manyo-galactomy-clearskin-pad-60tk\/"]}]},{"@type":"ImageObject","inLanguage":"en-US","@id":"https:\/\/idakorea.ee\/product\/puhastavad-toonikpadjad-manyo-galactomy-clearskin-pad-60tk\/#primaryimage","url":"https:\/\/idakorea.ee\/wp-content\/uploads\/2024\/07\/manyo-galactomy-clearskin-pad-1.jpg","contentUrl":"https:\/\/idakorea.ee\/wp-content\/uploads\/2024\/07\/manyo-galactomy-clearskin-pad-1.jpg","width":1000,"height":1000},{"@type":"BreadcrumbList","@id":"https:\/\/idakorea.ee\/product\/puhastavad-toonikpadjad-manyo-galactomy-clearskin-pad-60tk\/#breadcrumb","itemListElement":[{"@type":"ListItem","position":1,"name":"\u0413\u043b\u0430\u0432\u043d\u0430\u044f \u0441\u0442\u0440\u0430\u043d\u0438\u0446\u0430","item":"https:\/\/idakorea.ee\/"},{"@type":"ListItem","position":2,"name":"Shop","item":"https:\/\/idakorea.ee\/shop-2\/"},{"@type":"ListItem","position":3,"name":"Puhastavad toonikpadjad Manyo Galactomy Clearskin Pad, 60tk"}]},{"@type":"WebSite","@id":"https:\/\/idakorea.ee\/#website","url":"https:\/\/idakorea.ee\/","name":"IDA.KOREA","description":"Korean cosmetics e-shop","publisher":{"@id":"https:\/\/idakorea.ee\/#organization"},"alternateName":"Beauty Shop","potentialAction":[{"@type":"SearchAction","target":{"@type":"EntryPoint","urlTemplate":"https:\/\/idakorea.ee\/?s={search_term_string}"},"query-input":{"@type":"PropertyValueSpecification","valueRequired":true,"valueName":"search_term_string"}}],"inLanguage":"en-US"},{"@type":"Organization","@id":"https:\/\/idakorea.ee\/#organization","name":"IDA.KOREA","url":"https:\/\/idakorea.ee\/","logo":{"@type":"ImageObject","inLanguage":"en-US","@id":"https:\/\/idakorea.ee\/#\/schema\/logo\/image\/","url":"https:\/\/idakorea.ee\/wp-content\/uploads\/2024\/05\/cropped-korea3.png","contentUrl":"https:\/\/idakorea.ee\/wp-content\/uploads\/2024\/05\/cropped-korea3.png","width":688,"height":126,"caption":"IDA.KOREA"},"image":{"@id":"https:\/\/idakorea.ee\/#\/schema\/logo\/image\/"},"sameAs":["https:\/\/www.instagram.com\/ida.korea\/"]}]}},"jetpack_sharing_enabled":true,"brands":[{"id":448,"name":"MANYO","slug":"manyo"}],"_links":{"self":[{"href":"https:\/\/idakorea.ee\/en\/wp-json\/wp\/v2\/product\/9513","targetHints":{"allow":["GET"]}}],"collection":[{"href":"https:\/\/idakorea.ee\/en\/wp-json\/wp\/v2\/product"}],"about":[{"href":"https:\/\/idakorea.ee\/en\/wp-json\/wp\/v2\/types\/product"}],"replies":[{"embeddable":true,"href":"https:\/\/idakorea.ee\/en\/wp-json\/wp\/v2\/comments?post=9513"}],"version-history":[{"count":1,"href":"https:\/\/idakorea.ee\/en\/wp-json\/wp\/v2\/product\/9513\/revisions"}],"predecessor-version":[{"id":9517,"href":"https:\/\/idakorea.ee\/en\/wp-json\/wp\/v2\/product\/9513\/revisions\/9517"}],"wp:featuredmedia":[{"embeddable":true,"href":"https:\/\/idakorea.ee\/en\/wp-json\/wp\/v2\/media\/9514"}],"wp:attachment":[{"href":"https:\/\/idakorea.ee\/en\/wp-json\/wp\/v2\/media?parent=9513"}],"wp:term":[{"taxonomy":"pwb-brand","embeddable":true,"href":"https:\/\/idakorea.ee\/en\/wp-json\/wp\/v2\/pwb-brand?post=9513"},{"taxonomy":"product_brand","embeddable":true,"href":"https:\/\/idakorea.ee\/en\/wp-json\/wp\/v2\/product_brand?post=9513"},{"taxonomy":"product_cat","embeddable":true,"href":"https:\/\/idakorea.ee\/en\/wp-json\/wp\/v2\/product_cat?post=9513"},{"taxonomy":"product_tag","embeddable":true,"href":"https:\/\/idakorea.ee\/en\/wp-json\/wp\/v2\/product_tag?post=9513"}],"curies":[{"name":"wp","href":"https:\/\/api.w.org\/{rel}","templated":true}]}}