{"id":9519,"date":"2024-07-19T13:12:30","date_gmt":"2024-07-19T10:12:30","guid":{"rendered":"https:\/\/idakorea.ee\/?post_type=product&#038;p=9519"},"modified":"2026-01-30T16:36:54","modified_gmt":"2026-01-30T14:36:54","slug":"kollageen-lyang-pharm-premium-pomegranate-collagen-exp-15-11-2024","status":"publish","type":"product","link":"https:\/\/idakorea.ee\/en\/product\/kollageen-lyang-pharm-premium-pomegranate-collagen-exp-15-11-2024\/","title":{"rendered":"LYang Pharm Premium Pomegranate Collagen"},"content":{"rendered":"<p><strong>LYang Pharm Premium Pomegranate Collagen<\/strong> is collagen (500 mg), which, when taken internally, helps the body form new collagen fibres and get rid of old ones. Effects on the skin and hair: gives the skin health and radiance, improves skin elasticity, improves the condition of hair and nails (especially thin and dry), reduces signs of ageing of the skin and hair. Effects on the whole body: strengthens bone tissue, reduces joint pain, supports dental health, strengthens muscles and vascular elasticity.<\/p>\n<p><strong>User manual: <\/strong>Take 1 packet on an empty stomach in the morning or at bedtime. At least 3 hours before bedtime after dinner. Each packet contains 500 mg of pure collagen. No mixing required.<\/p>\n<p>Pack of 2g*30pcs<\/p>","protected":false},"excerpt":{"rendered":"<p>LYang Pharm Premium Pomegranate Collagen is a collagen (500 mg) that, when taken internally, helps the body to form new collagen fibres and get rid of old ones. Effects on skin and hair: provides health and radiance to the skin, improves skin elasticity, improves the condition of hair and nails (especially thin and dry), reduces signs of ageing of skin and hair. Effects on the whole body: strengthens bone tissue, reduces joint pain,...<\/p>","protected":false},"featured_media":9520,"comment_status":"open","ping_status":"closed","template":"","meta":{"_uf_show_specific_survey":0,"_uf_disable_surveys":false,"_bst_post_transparent":"default","_bst_post_title":"","_bst_post_layout":"default","_bst_post_sidebar_id":"","_bst_post_content_style":"default","_bst_post_vertical_padding":"default","_bst_post_feature":"","_bst_post_feature_position":"","_bst_post_header":false,"_bst_post_footer":false},"pwb-brand":[],"product_brand":[],"product_cat":[370],"product_tag":[233,377,202,465,473],"class_list":{"0":"post-9519","1":"product","2":"type-product","3":"status-publish","4":"has-post-thumbnail","6":"product_cat-toidulisandid","7":"product_tag-internet-pood-eesti","8":"product_tag-k-beauty-2","9":"product_tag-korea-kosmeetika","10":"product_tag-korea-lux","11":"product_tag-korea-premium","13":"first","14":"outofstock","15":"sale","16":"shipping-taxable","17":"purchasable","18":"product-type-simple","19":"entry","20":"content-bg","21":"loop-entry"},"supplier_id":null,"supplier_sku":"","barcode":null,"atum_controlled":true,"out_stock_date":null,"out_stock_threshold":null,"inheritable":false,"inbound_stock":0,"stock_on_hold":0,"sold_today":0,"sales_last_days":0,"out_stock_days":0,"lost_sales":0,"has_location":false,"update_date":"2026-04-14T00:05:06","atum_locations":[],"atum_stock_status":"outofstock","restock_status":false,"low_stock_amount":"","sales_update_date":"2026-04-14T00:05:06","calc_backorders":null,"yoast_head":"<!-- This site is optimized with the Yoast SEO plugin v27.2 - https:\/\/yoast.com\/product\/yoast-seo-wordpress\/ -->\n<title>Kollageen LYang Pharm Premium Pomegranate Collagen - IDA.KOREA<\/title>\n<meta name=\"robots\" content=\"index, follow, max-snippet:-1, max-image-preview:large, max-video-preview:-1\" \/>\n<link rel=\"canonical\" href=\"https:\/\/idakorea.ee\/en\/product\/kollageen-lyang-pharm-premium-pomegranate-collagen-exp-15-11-2024\/\" \/>\n<meta property=\"og:locale\" content=\"en_US\" \/>\n<meta property=\"og:type\" content=\"article\" \/>\n<meta property=\"og:title\" content=\"Kollageen LYang Pharm Premium Pomegranate Collagen - IDA.KOREA\" \/>\n<meta property=\"og:description\" content=\"LYang Pharm Premium Pomegranate Collagen on kollageen (500 mg), mis sisemisel tarvitamisel aitab kehal moodustada uusi kollageenikiude ja vabaneda vanadest. M\u00f5ju nahale ja juustele: annab nahale tervise ja s\u00e4ra, muudab naha elastsemaks, parandab juuste ja k\u00fc\u00fcnte seisundit (eriti \u00f5hukeste ja kuivade puhul), v\u00e4hendab naha ja juuste vananemise m\u00e4rke. M\u00f5ju kogu organismile: tugevdab luukudet, v\u00e4hendab liigesevalu,...\" \/>\n<meta property=\"og:url\" content=\"https:\/\/idakorea.ee\/en\/product\/kollageen-lyang-pharm-premium-pomegranate-collagen-exp-15-11-2024\/\" \/>\n<meta property=\"og:site_name\" content=\"IDA.KOREA\" \/>\n<meta property=\"article:modified_time\" content=\"2026-01-30T14:36:54+00:00\" \/>\n<meta property=\"og:image\" content=\"https:\/\/idakorea.ee\/wp-content\/uploads\/2024\/07\/41bfqz90axl.jpg\" \/>\n\t<meta property=\"og:image:width\" content=\"800\" \/>\n\t<meta property=\"og:image:height\" content=\"800\" \/>\n\t<meta property=\"og:image:type\" content=\"image\/jpeg\" \/>\n<meta name=\"twitter:card\" content=\"summary_large_image\" \/>\n<meta name=\"twitter:label1\" content=\"Est. reading time\" \/>\n\t<meta name=\"twitter:data1\" content=\"1 minute\" \/>\n<script type=\"application\/ld+json\" class=\"yoast-schema-graph\">{\"@context\":\"https:\/\/schema.org\",\"@graph\":[{\"@type\":\"WebPage\",\"@id\":\"https:\/\/idakorea.ee\/product\/kollageen-lyang-pharm-premium-pomegranate-collagen-exp-15-11-2024\/\",\"url\":\"https:\/\/idakorea.ee\/product\/kollageen-lyang-pharm-premium-pomegranate-collagen-exp-15-11-2024\/\",\"name\":\"Kollageen LYang Pharm Premium Pomegranate Collagen - IDA.KOREA\",\"isPartOf\":{\"@id\":\"https:\/\/idakorea.ee\/#website\"},\"primaryImageOfPage\":{\"@id\":\"https:\/\/idakorea.ee\/product\/kollageen-lyang-pharm-premium-pomegranate-collagen-exp-15-11-2024\/#primaryimage\"},\"image\":{\"@id\":\"https:\/\/idakorea.ee\/product\/kollageen-lyang-pharm-premium-pomegranate-collagen-exp-15-11-2024\/#primaryimage\"},\"thumbnailUrl\":\"https:\/\/idakorea.ee\/wp-content\/uploads\/2024\/07\/41bfqz90axl.jpg\",\"datePublished\":\"2024-07-19T10:12:30+00:00\",\"dateModified\":\"2026-01-30T14:36:54+00:00\",\"breadcrumb\":{\"@id\":\"https:\/\/idakorea.ee\/product\/kollageen-lyang-pharm-premium-pomegranate-collagen-exp-15-11-2024\/#breadcrumb\"},\"inLanguage\":\"en-US\",\"potentialAction\":[{\"@type\":\"ReadAction\",\"target\":[\"https:\/\/idakorea.ee\/product\/kollageen-lyang-pharm-premium-pomegranate-collagen-exp-15-11-2024\/\"]}]},{\"@type\":\"ImageObject\",\"inLanguage\":\"en-US\",\"@id\":\"https:\/\/idakorea.ee\/product\/kollageen-lyang-pharm-premium-pomegranate-collagen-exp-15-11-2024\/#primaryimage\",\"url\":\"https:\/\/idakorea.ee\/wp-content\/uploads\/2024\/07\/41bfqz90axl.jpg\",\"contentUrl\":\"https:\/\/idakorea.ee\/wp-content\/uploads\/2024\/07\/41bfqz90axl.jpg\",\"width\":800,\"height\":800},{\"@type\":\"BreadcrumbList\",\"@id\":\"https:\/\/idakorea.ee\/product\/kollageen-lyang-pharm-premium-pomegranate-collagen-exp-15-11-2024\/#breadcrumb\",\"itemListElement\":[{\"@type\":\"ListItem\",\"position\":1,\"name\":\"\u0413\u043b\u0430\u0432\u043d\u0430\u044f \u0441\u0442\u0440\u0430\u043d\u0438\u0446\u0430\",\"item\":\"https:\/\/idakorea.ee\/\"},{\"@type\":\"ListItem\",\"position\":2,\"name\":\"Shop\",\"item\":\"https:\/\/idakorea.ee\/shop-2\/\"},{\"@type\":\"ListItem\",\"position\":3,\"name\":\"Kollageen LYang Pharm Premium Pomegranate Collagen\"}]},{\"@type\":\"WebSite\",\"@id\":\"https:\/\/idakorea.ee\/#website\",\"url\":\"https:\/\/idakorea.ee\/\",\"name\":\"IDA.KOREA\",\"description\":\"Korea kosmeetika e-pood\",\"publisher\":{\"@id\":\"https:\/\/idakorea.ee\/#organization\"},\"alternateName\":\"Beauty Shop\",\"potentialAction\":[{\"@type\":\"SearchAction\",\"target\":{\"@type\":\"EntryPoint\",\"urlTemplate\":\"https:\/\/idakorea.ee\/?s={search_term_string}\"},\"query-input\":{\"@type\":\"PropertyValueSpecification\",\"valueRequired\":true,\"valueName\":\"search_term_string\"}}],\"inLanguage\":\"en-US\"},{\"@type\":\"Organization\",\"@id\":\"https:\/\/idakorea.ee\/#organization\",\"name\":\"IDA.KOREA\",\"url\":\"https:\/\/idakorea.ee\/\",\"logo\":{\"@type\":\"ImageObject\",\"inLanguage\":\"en-US\",\"@id\":\"https:\/\/idakorea.ee\/#\/schema\/logo\/image\/\",\"url\":\"https:\/\/idakorea.ee\/wp-content\/uploads\/2024\/05\/cropped-korea3.png\",\"contentUrl\":\"https:\/\/idakorea.ee\/wp-content\/uploads\/2024\/05\/cropped-korea3.png\",\"width\":688,\"height\":126,\"caption\":\"IDA.KOREA\"},\"image\":{\"@id\":\"https:\/\/idakorea.ee\/#\/schema\/logo\/image\/\"},\"sameAs\":[\"https:\/\/www.instagram.com\/ida.korea\/\"]}]}<\/script>\n<!-- \/ Yoast SEO plugin. -->","yoast_head_json":{"title":"Collagen LYang Pharm Premium Pomegranate Collagen - IDA.KOREA","robots":{"index":"index","follow":"follow","max-snippet":"max-snippet:-1","max-image-preview":"max-image-preview:large","max-video-preview":"max-video-preview:-1"},"canonical":"https:\/\/idakorea.ee\/en\/product\/kollageen-lyang-pharm-premium-pomegranate-collagen-exp-15-11-2024\/","og_locale":"en_US","og_type":"article","og_title":"Kollageen LYang Pharm Premium Pomegranate Collagen - IDA.KOREA","og_description":"LYang Pharm Premium Pomegranate Collagen on kollageen (500 mg), mis sisemisel tarvitamisel aitab kehal moodustada uusi kollageenikiude ja vabaneda vanadest. M\u00f5ju nahale ja juustele: annab nahale tervise ja s\u00e4ra, muudab naha elastsemaks, parandab juuste ja k\u00fc\u00fcnte seisundit (eriti \u00f5hukeste ja kuivade puhul), v\u00e4hendab naha ja juuste vananemise m\u00e4rke. M\u00f5ju kogu organismile: tugevdab luukudet, v\u00e4hendab liigesevalu,...","og_url":"https:\/\/idakorea.ee\/en\/product\/kollageen-lyang-pharm-premium-pomegranate-collagen-exp-15-11-2024\/","og_site_name":"IDA.KOREA","article_modified_time":"2026-01-30T14:36:54+00:00","og_image":[{"width":800,"height":800,"url":"https:\/\/idakorea.ee\/wp-content\/uploads\/2024\/07\/41bfqz90axl.jpg","type":"image\/jpeg"}],"twitter_card":"summary_large_image","twitter_misc":{"Est. reading time":"1 minute"},"schema":{"@context":"https:\/\/schema.org","@graph":[{"@type":"WebPage","@id":"https:\/\/idakorea.ee\/product\/kollageen-lyang-pharm-premium-pomegranate-collagen-exp-15-11-2024\/","url":"https:\/\/idakorea.ee\/product\/kollageen-lyang-pharm-premium-pomegranate-collagen-exp-15-11-2024\/","name":"Collagen LYang Pharm Premium Pomegranate Collagen - IDA.KOREA","isPartOf":{"@id":"https:\/\/idakorea.ee\/#website"},"primaryImageOfPage":{"@id":"https:\/\/idakorea.ee\/product\/kollageen-lyang-pharm-premium-pomegranate-collagen-exp-15-11-2024\/#primaryimage"},"image":{"@id":"https:\/\/idakorea.ee\/product\/kollageen-lyang-pharm-premium-pomegranate-collagen-exp-15-11-2024\/#primaryimage"},"thumbnailUrl":"https:\/\/idakorea.ee\/wp-content\/uploads\/2024\/07\/41bfqz90axl.jpg","datePublished":"2024-07-19T10:12:30+00:00","dateModified":"2026-01-30T14:36:54+00:00","breadcrumb":{"@id":"https:\/\/idakorea.ee\/product\/kollageen-lyang-pharm-premium-pomegranate-collagen-exp-15-11-2024\/#breadcrumb"},"inLanguage":"en-US","potentialAction":[{"@type":"ReadAction","target":["https:\/\/idakorea.ee\/product\/kollageen-lyang-pharm-premium-pomegranate-collagen-exp-15-11-2024\/"]}]},{"@type":"ImageObject","inLanguage":"en-US","@id":"https:\/\/idakorea.ee\/product\/kollageen-lyang-pharm-premium-pomegranate-collagen-exp-15-11-2024\/#primaryimage","url":"https:\/\/idakorea.ee\/wp-content\/uploads\/2024\/07\/41bfqz90axl.jpg","contentUrl":"https:\/\/idakorea.ee\/wp-content\/uploads\/2024\/07\/41bfqz90axl.jpg","width":800,"height":800},{"@type":"BreadcrumbList","@id":"https:\/\/idakorea.ee\/product\/kollageen-lyang-pharm-premium-pomegranate-collagen-exp-15-11-2024\/#breadcrumb","itemListElement":[{"@type":"ListItem","position":1,"name":"\u0413\u043b\u0430\u0432\u043d\u0430\u044f \u0441\u0442\u0440\u0430\u043d\u0438\u0446\u0430","item":"https:\/\/idakorea.ee\/"},{"@type":"ListItem","position":2,"name":"Shop","item":"https:\/\/idakorea.ee\/shop-2\/"},{"@type":"ListItem","position":3,"name":"Kollageen LYang Pharm Premium Pomegranate Collagen"}]},{"@type":"WebSite","@id":"https:\/\/idakorea.ee\/#website","url":"https:\/\/idakorea.ee\/","name":"IDA.KOREA","description":"Korean cosmetics e-shop","publisher":{"@id":"https:\/\/idakorea.ee\/#organization"},"alternateName":"Beauty Shop","potentialAction":[{"@type":"SearchAction","target":{"@type":"EntryPoint","urlTemplate":"https:\/\/idakorea.ee\/?s={search_term_string}"},"query-input":{"@type":"PropertyValueSpecification","valueRequired":true,"valueName":"search_term_string"}}],"inLanguage":"en-US"},{"@type":"Organization","@id":"https:\/\/idakorea.ee\/#organization","name":"IDA.KOREA","url":"https:\/\/idakorea.ee\/","logo":{"@type":"ImageObject","inLanguage":"en-US","@id":"https:\/\/idakorea.ee\/#\/schema\/logo\/image\/","url":"https:\/\/idakorea.ee\/wp-content\/uploads\/2024\/05\/cropped-korea3.png","contentUrl":"https:\/\/idakorea.ee\/wp-content\/uploads\/2024\/05\/cropped-korea3.png","width":688,"height":126,"caption":"IDA.KOREA"},"image":{"@id":"https:\/\/idakorea.ee\/#\/schema\/logo\/image\/"},"sameAs":["https:\/\/www.instagram.com\/ida.korea\/"]}]}},"jetpack_sharing_enabled":true,"brands":[],"_links":{"self":[{"href":"https:\/\/idakorea.ee\/en\/wp-json\/wp\/v2\/product\/9519","targetHints":{"allow":["GET"]}}],"collection":[{"href":"https:\/\/idakorea.ee\/en\/wp-json\/wp\/v2\/product"}],"about":[{"href":"https:\/\/idakorea.ee\/en\/wp-json\/wp\/v2\/types\/product"}],"replies":[{"embeddable":true,"href":"https:\/\/idakorea.ee\/en\/wp-json\/wp\/v2\/comments?post=9519"}],"version-history":[{"count":2,"href":"https:\/\/idakorea.ee\/en\/wp-json\/wp\/v2\/product\/9519\/revisions"}],"predecessor-version":[{"id":10588,"href":"https:\/\/idakorea.ee\/en\/wp-json\/wp\/v2\/product\/9519\/revisions\/10588"}],"wp:featuredmedia":[{"embeddable":true,"href":"https:\/\/idakorea.ee\/en\/wp-json\/wp\/v2\/media\/9520"}],"wp:attachment":[{"href":"https:\/\/idakorea.ee\/en\/wp-json\/wp\/v2\/media?parent=9519"}],"wp:term":[{"taxonomy":"pwb-brand","embeddable":true,"href":"https:\/\/idakorea.ee\/en\/wp-json\/wp\/v2\/pwb-brand?post=9519"},{"taxonomy":"product_brand","embeddable":true,"href":"https:\/\/idakorea.ee\/en\/wp-json\/wp\/v2\/product_brand?post=9519"},{"taxonomy":"product_cat","embeddable":true,"href":"https:\/\/idakorea.ee\/en\/wp-json\/wp\/v2\/product_cat?post=9519"},{"taxonomy":"product_tag","embeddable":true,"href":"https:\/\/idakorea.ee\/en\/wp-json\/wp\/v2\/product_tag?post=9519"}],"curies":[{"name":"wp","href":"https:\/\/api.w.org\/{rel}","templated":true}]}}