{"id":9579,"date":"2024-07-23T10:21:43","date_gmt":"2024-07-23T07:21:43","guid":{"rendered":"https:\/\/idakorea.ee\/?post_type=product&#038;p=9579"},"modified":"2026-03-20T10:09:02","modified_gmt":"2026-03-20T08:09:02","slug":"minikomplekt-skin1004-madagascar-centella-travel-kit","status":"publish","type":"product","link":"https:\/\/idakorea.ee\/en\/product\/minikomplekt-skin1004-madagascar-centella-travel-kit\/","title":{"rendered":"SKIN1004 Madagascar Centella Travel Kit"},"content":{"rendered":"<p><strong>SKIN1004 Madagascar Centella Travel Kit consists of the following products from the Madagascar Centella skin care range: hydrophilic oil, cleansing foam, toner, ampoule and cream.<\/strong><\/p>\n<p>All the products contain high concentrations of Asian water baobab extract, sourced from an ecological area in Madagascar. The creators of the brand believe that it is important to use only the finest and purest ingredients when making cosmetic products.<\/p>\n<p>The compact mini-format allows you to get to know the legendary series by sampling SKIN1004's hit products. The products guarantee complete care when travelling.<\/p>\n<p>The set contains five mini products:<\/p>\n<p><strong>Soothing hydrophilic oil with centella SKIN1004 Madagascar Centella Light Cleansing Oil 30ml<\/strong><\/p>\n<p>The oil even removes permanent make-up and gently but effectively cleanses pores, preventing clogging and the formation of comedones. The product emulsifies quickly, absorbing dirt and sebum, reducing washing time. Contains 10% Asian water extract, sunflower oil, olive oil, jojoba oil and Damascus rose oil.<\/p>\n<p><strong>Soothing cleansing foam with centella SKIN1004 Madagascar Centella Ampoule Foam 20ml<\/strong><\/p>\n<p>Provides gentle cleansing, removing dirt, horns and excess oil from pores without drying the skin or leaving a tugging sensation. The mildly acidic formula is based on 30% Asian Water Naba extract and contains coconut-based surfactants that are non-irritating to the skin.<\/p>\n<p><strong>Gentle exfoliating toner with centella SKIN1004 Madagascar Centella Toning Toner 30ml<\/strong><\/p>\n<p>Soothes and softens, gently removes rough particles and oily residue, smoothes the skin surface and improves overall complexion, maintaining clean and smooth skin. The formula is based on 84% Asian water taffeta extract and contains niacinamide, PHA acid, adenosine and hyaluronic acid.<\/p>\n<p><strong>Ampoule 100% Asian water-lily extract SKIN1004 Madagascar Centella Ampoule 30ml<\/strong><\/p>\n<p>Soothes and restores sensitive skin, strengthens blood vessels and helps against rosacea, increases skin barrier functions, reduces redness and inflammation. The low-acid formulation, based on 100% Asian Water Naba extract grown in Madagascar, contains 7 times more asiaticoside, which regulates water and sebum balance, accelerates the synthesis of collagen and elastin fibres and boosts skin radiance.<\/p>\n<p><strong>Cooling protection cream with centella SKIN1004 Madagascar Centella Soothing Cream 30ml<\/strong><\/p>\n<p>Reduces irritation and redness, softens, stimulates the regeneration process and eliminates scaling, reinforces the skin's natural hydrolipidic layer. Contains Asiatic hydrocarbon extract, ceramides, tranexamic acid, phytosphingosine, trehalose and plant extracts.<\/p>\n<p><strong>Main active ingredients:<\/strong><\/p>\n<ul>\n<li><strong>Asian water-lily extract<\/strong> strengthens blood vessels, reduces inflammation, helps against eczema and rosacea, prevents the formation of vascular spots and reduces skin sensitivity.<\/li>\n<li><strong>Niacinamide (vitamin B3)<\/strong> has a multi-purpose action: it regulates sebum production by removing oily shine, brightens and prevents pigmentation, and stimulates collagen production, increasing skin radiance and elasticity.<\/li>\n<li><strong>Hyaluronic acid<\/strong> penetrates deep into the epidermis, actively moisturises cells and maintains optimal moisture levels. Forms a protective layer that prevents moisture evaporation.<\/li>\n<\/ul>\n<p>Suitable for all skin types.<\/p>\n<p><strong>User manual:<\/strong><\/p>\n<p>Remove make-up or sunscreen with Madagascar Centella Light Cleansing Oil: apply to dry skin, emulsify with water and rinse off. Then wash face using Madagascar Centella Ampoule Foam Cleanser, followed by Madagascar Centella Toning Toner. After the toner has absorbed, apply the concentrated Madagascar Centella Ampoule and finish with the moisturising Madagascar Centella Soothing Cream.<\/p>","protected":false},"excerpt":{"rendered":"<p>SKIN1004 Madagascar Centella Travel Kit consists of the following products from the Madagascar Centella skin care range: hydrophilic oil, cleansing foam, toner, ampoule and cream. All the products contain high concentrations of Asian water baobab extract from an ecological area in Madagascar. The creators of the brand believe that it is important to use only the finest and purest ingredients in cosmetic products. The compact mini-format allows you to discover the legendary range by trying...<\/p>","protected":false},"featured_media":9580,"comment_status":"open","ping_status":"closed","template":"","meta":{"_uf_show_specific_survey":0,"_uf_disable_surveys":false,"_bst_post_transparent":"default","_bst_post_title":"","_bst_post_layout":"default","_bst_post_sidebar_id":"","_bst_post_content_style":"default","_bst_post_vertical_padding":"default","_bst_post_feature":"","_bst_post_feature_position":"","_bst_post_header":false,"_bst_post_footer":false},"pwb-brand":[186],"product_brand":[],"product_cat":[95],"product_tag":[546,545,441,547,543,538],"class_list":{"0":"post-9579","1":"product","2":"type-product","3":"status-publish","4":"has-post-thumbnail","6":"pwb-brand-skin1004","7":"product_cat-komplektid","8":"product_tag-centella","9":"product_tag-cica","10":"product_tag-skin1004","11":"product_tag-travel-kit","12":"product_tag-trend","13":"product_tag-viral","15":"first","16":"instock","17":"sale","18":"shipping-taxable","19":"purchasable","20":"product-type-simple","21":"entry","22":"content-bg","23":"loop-entry"},"supplier_id":null,"supplier_sku":"","barcode":null,"atum_controlled":true,"out_stock_date":null,"out_stock_threshold":null,"inheritable":false,"inbound_stock":0,"stock_on_hold":0,"sold_today":0,"sales_last_days":0,"out_stock_days":0,"lost_sales":0,"has_location":false,"update_date":"2026-04-15T00:05:13","atum_locations":[],"atum_stock_status":"instock","restock_status":false,"low_stock_amount":"","sales_update_date":"2026-04-15T00:05:13","calc_backorders":null,"yoast_head":"<!-- This site is optimized with the Yoast SEO plugin v27.2 - https:\/\/yoast.com\/product\/yoast-seo-wordpress\/ -->\n<title>Minikomplekt SKIN1004 Madagascar Centella Travel Kit - IDA.KOREA<\/title>\n<meta name=\"description\" content=\"K\u00f5ik tooted sisaldavad k\u00f5rgeid kontsentratsioone Aasia vesinaba ekstraktist, mis on saadud \u00f6koloogilisest piirkonnast Madagaskaril. Br\u00e4ndi loojaid usuvad, et kosmeetikatoodete valmistamisel on oluline kasutada ainult parimaid ja puhtamaid koostisosi.\" \/>\n<meta name=\"robots\" content=\"index, follow, max-snippet:-1, max-image-preview:large, max-video-preview:-1\" \/>\n<link rel=\"canonical\" href=\"https:\/\/idakorea.ee\/en\/product\/minikomplekt-skin1004-madagascar-centella-travel-kit\/\" \/>\n<meta property=\"og:locale\" content=\"en_US\" \/>\n<meta property=\"og:type\" content=\"article\" \/>\n<meta property=\"og:title\" content=\"Minikomplekt SKIN1004 Madagascar Centella Travel Kit - IDA.KOREA\" \/>\n<meta property=\"og:description\" content=\"K\u00f5ik tooted sisaldavad k\u00f5rgeid kontsentratsioone Aasia vesinaba ekstraktist, mis on saadud \u00f6koloogilisest piirkonnast Madagaskaril. Br\u00e4ndi loojaid usuvad, et kosmeetikatoodete valmistamisel on oluline kasutada ainult parimaid ja puhtamaid koostisosi.\" \/>\n<meta property=\"og:url\" content=\"https:\/\/idakorea.ee\/en\/product\/minikomplekt-skin1004-madagascar-centella-travel-kit\/\" \/>\n<meta property=\"og:site_name\" content=\"IDA.KOREA\" \/>\n<meta property=\"article:modified_time\" content=\"2026-03-20T08:09:02+00:00\" \/>\n<meta property=\"og:image\" content=\"https:\/\/idakorea.ee\/wp-content\/uploads\/2024\/07\/skin1004-madagascar-centella-travel-kit.jpg\" \/>\n\t<meta property=\"og:image:width\" content=\"1000\" \/>\n\t<meta property=\"og:image:height\" content=\"1000\" \/>\n\t<meta property=\"og:image:type\" content=\"image\/jpeg\" \/>\n<meta name=\"twitter:card\" content=\"summary_large_image\" \/>\n<meta name=\"twitter:label1\" content=\"Est. reading time\" \/>\n\t<meta name=\"twitter:data1\" content=\"3 minutes\" \/>\n<script type=\"application\/ld+json\" class=\"yoast-schema-graph\">{\"@context\":\"https:\/\/schema.org\",\"@graph\":[{\"@type\":\"WebPage\",\"@id\":\"https:\/\/idakorea.ee\/product\/minikomplekt-skin1004-madagascar-centella-travel-kit\/\",\"url\":\"https:\/\/idakorea.ee\/product\/minikomplekt-skin1004-madagascar-centella-travel-kit\/\",\"name\":\"Minikomplekt SKIN1004 Madagascar Centella Travel Kit - IDA.KOREA\",\"isPartOf\":{\"@id\":\"https:\/\/idakorea.ee\/#website\"},\"primaryImageOfPage\":{\"@id\":\"https:\/\/idakorea.ee\/product\/minikomplekt-skin1004-madagascar-centella-travel-kit\/#primaryimage\"},\"image\":{\"@id\":\"https:\/\/idakorea.ee\/product\/minikomplekt-skin1004-madagascar-centella-travel-kit\/#primaryimage\"},\"thumbnailUrl\":\"https:\/\/idakorea.ee\/wp-content\/uploads\/2024\/07\/skin1004-madagascar-centella-travel-kit.jpg\",\"datePublished\":\"2024-07-23T07:21:43+00:00\",\"dateModified\":\"2026-03-20T08:09:02+00:00\",\"description\":\"K\u00f5ik tooted sisaldavad k\u00f5rgeid kontsentratsioone Aasia vesinaba ekstraktist, mis on saadud \u00f6koloogilisest piirkonnast Madagaskaril. Br\u00e4ndi loojaid usuvad, et kosmeetikatoodete valmistamisel on oluline kasutada ainult parimaid ja puhtamaid koostisosi.\",\"breadcrumb\":{\"@id\":\"https:\/\/idakorea.ee\/product\/minikomplekt-skin1004-madagascar-centella-travel-kit\/#breadcrumb\"},\"inLanguage\":\"en-US\",\"potentialAction\":[{\"@type\":\"ReadAction\",\"target\":[\"https:\/\/idakorea.ee\/product\/minikomplekt-skin1004-madagascar-centella-travel-kit\/\"]}]},{\"@type\":\"ImageObject\",\"inLanguage\":\"en-US\",\"@id\":\"https:\/\/idakorea.ee\/product\/minikomplekt-skin1004-madagascar-centella-travel-kit\/#primaryimage\",\"url\":\"https:\/\/idakorea.ee\/wp-content\/uploads\/2024\/07\/skin1004-madagascar-centella-travel-kit.jpg\",\"contentUrl\":\"https:\/\/idakorea.ee\/wp-content\/uploads\/2024\/07\/skin1004-madagascar-centella-travel-kit.jpg\",\"width\":1000,\"height\":1000},{\"@type\":\"BreadcrumbList\",\"@id\":\"https:\/\/idakorea.ee\/product\/minikomplekt-skin1004-madagascar-centella-travel-kit\/#breadcrumb\",\"itemListElement\":[{\"@type\":\"ListItem\",\"position\":1,\"name\":\"\u0413\u043b\u0430\u0432\u043d\u0430\u044f \u0441\u0442\u0440\u0430\u043d\u0438\u0446\u0430\",\"item\":\"https:\/\/idakorea.ee\/\"},{\"@type\":\"ListItem\",\"position\":2,\"name\":\"Shop\",\"item\":\"https:\/\/idakorea.ee\/shop-2\/\"},{\"@type\":\"ListItem\",\"position\":3,\"name\":\"Minikomplekt SKIN1004 Madagascar Centella Travel Kit\"}]},{\"@type\":\"WebSite\",\"@id\":\"https:\/\/idakorea.ee\/#website\",\"url\":\"https:\/\/idakorea.ee\/\",\"name\":\"IDA.KOREA\",\"description\":\"Korea kosmeetika e-pood\",\"publisher\":{\"@id\":\"https:\/\/idakorea.ee\/#organization\"},\"alternateName\":\"Beauty Shop\",\"potentialAction\":[{\"@type\":\"SearchAction\",\"target\":{\"@type\":\"EntryPoint\",\"urlTemplate\":\"https:\/\/idakorea.ee\/?s={search_term_string}\"},\"query-input\":{\"@type\":\"PropertyValueSpecification\",\"valueRequired\":true,\"valueName\":\"search_term_string\"}}],\"inLanguage\":\"en-US\"},{\"@type\":\"Organization\",\"@id\":\"https:\/\/idakorea.ee\/#organization\",\"name\":\"IDA.KOREA\",\"url\":\"https:\/\/idakorea.ee\/\",\"logo\":{\"@type\":\"ImageObject\",\"inLanguage\":\"en-US\",\"@id\":\"https:\/\/idakorea.ee\/#\/schema\/logo\/image\/\",\"url\":\"https:\/\/idakorea.ee\/wp-content\/uploads\/2024\/05\/cropped-korea3.png\",\"contentUrl\":\"https:\/\/idakorea.ee\/wp-content\/uploads\/2024\/05\/cropped-korea3.png\",\"width\":688,\"height\":126,\"caption\":\"IDA.KOREA\"},\"image\":{\"@id\":\"https:\/\/idakorea.ee\/#\/schema\/logo\/image\/\"},\"sameAs\":[\"https:\/\/www.instagram.com\/ida.korea\/\"]}]}<\/script>\n<!-- \/ Yoast SEO plugin. -->","yoast_head_json":{"title":"Mini kit SKIN1004 Madagascar Centella Travel Kit - IDA.KOREA","description":"All the products contain high concentrations of Asian water baobab extract, sourced from an ecological area in Madagascar. The creators of the brand believe that it is important to use only the finest and purest ingredients when making cosmetic products.","robots":{"index":"index","follow":"follow","max-snippet":"max-snippet:-1","max-image-preview":"max-image-preview:large","max-video-preview":"max-video-preview:-1"},"canonical":"https:\/\/idakorea.ee\/en\/product\/minikomplekt-skin1004-madagascar-centella-travel-kit\/","og_locale":"en_US","og_type":"article","og_title":"Minikomplekt SKIN1004 Madagascar Centella Travel Kit - IDA.KOREA","og_description":"K\u00f5ik tooted sisaldavad k\u00f5rgeid kontsentratsioone Aasia vesinaba ekstraktist, mis on saadud \u00f6koloogilisest piirkonnast Madagaskaril. Br\u00e4ndi loojaid usuvad, et kosmeetikatoodete valmistamisel on oluline kasutada ainult parimaid ja puhtamaid koostisosi.","og_url":"https:\/\/idakorea.ee\/en\/product\/minikomplekt-skin1004-madagascar-centella-travel-kit\/","og_site_name":"IDA.KOREA","article_modified_time":"2026-03-20T08:09:02+00:00","og_image":[{"width":1000,"height":1000,"url":"https:\/\/idakorea.ee\/wp-content\/uploads\/2024\/07\/skin1004-madagascar-centella-travel-kit.jpg","type":"image\/jpeg"}],"twitter_card":"summary_large_image","twitter_misc":{"Est. reading time":"3 minutes"},"schema":{"@context":"https:\/\/schema.org","@graph":[{"@type":"WebPage","@id":"https:\/\/idakorea.ee\/product\/minikomplekt-skin1004-madagascar-centella-travel-kit\/","url":"https:\/\/idakorea.ee\/product\/minikomplekt-skin1004-madagascar-centella-travel-kit\/","name":"Mini kit SKIN1004 Madagascar Centella Travel Kit - IDA.KOREA","isPartOf":{"@id":"https:\/\/idakorea.ee\/#website"},"primaryImageOfPage":{"@id":"https:\/\/idakorea.ee\/product\/minikomplekt-skin1004-madagascar-centella-travel-kit\/#primaryimage"},"image":{"@id":"https:\/\/idakorea.ee\/product\/minikomplekt-skin1004-madagascar-centella-travel-kit\/#primaryimage"},"thumbnailUrl":"https:\/\/idakorea.ee\/wp-content\/uploads\/2024\/07\/skin1004-madagascar-centella-travel-kit.jpg","datePublished":"2024-07-23T07:21:43+00:00","dateModified":"2026-03-20T08:09:02+00:00","description":"All the products contain high concentrations of Asian water baobab extract, sourced from an ecological area in Madagascar. The creators of the brand believe that it is important to use only the finest and purest ingredients when making cosmetic products.","breadcrumb":{"@id":"https:\/\/idakorea.ee\/product\/minikomplekt-skin1004-madagascar-centella-travel-kit\/#breadcrumb"},"inLanguage":"en-US","potentialAction":[{"@type":"ReadAction","target":["https:\/\/idakorea.ee\/product\/minikomplekt-skin1004-madagascar-centella-travel-kit\/"]}]},{"@type":"ImageObject","inLanguage":"en-US","@id":"https:\/\/idakorea.ee\/product\/minikomplekt-skin1004-madagascar-centella-travel-kit\/#primaryimage","url":"https:\/\/idakorea.ee\/wp-content\/uploads\/2024\/07\/skin1004-madagascar-centella-travel-kit.jpg","contentUrl":"https:\/\/idakorea.ee\/wp-content\/uploads\/2024\/07\/skin1004-madagascar-centella-travel-kit.jpg","width":1000,"height":1000},{"@type":"BreadcrumbList","@id":"https:\/\/idakorea.ee\/product\/minikomplekt-skin1004-madagascar-centella-travel-kit\/#breadcrumb","itemListElement":[{"@type":"ListItem","position":1,"name":"\u0413\u043b\u0430\u0432\u043d\u0430\u044f \u0441\u0442\u0440\u0430\u043d\u0438\u0446\u0430","item":"https:\/\/idakorea.ee\/"},{"@type":"ListItem","position":2,"name":"Shop","item":"https:\/\/idakorea.ee\/shop-2\/"},{"@type":"ListItem","position":3,"name":"Minikomplekt SKIN1004 Madagascar Centella Travel Kit"}]},{"@type":"WebSite","@id":"https:\/\/idakorea.ee\/#website","url":"https:\/\/idakorea.ee\/","name":"IDA.KOREA","description":"Korean cosmetics e-shop","publisher":{"@id":"https:\/\/idakorea.ee\/#organization"},"alternateName":"Beauty Shop","potentialAction":[{"@type":"SearchAction","target":{"@type":"EntryPoint","urlTemplate":"https:\/\/idakorea.ee\/?s={search_term_string}"},"query-input":{"@type":"PropertyValueSpecification","valueRequired":true,"valueName":"search_term_string"}}],"inLanguage":"en-US"},{"@type":"Organization","@id":"https:\/\/idakorea.ee\/#organization","name":"IDA.KOREA","url":"https:\/\/idakorea.ee\/","logo":{"@type":"ImageObject","inLanguage":"en-US","@id":"https:\/\/idakorea.ee\/#\/schema\/logo\/image\/","url":"https:\/\/idakorea.ee\/wp-content\/uploads\/2024\/05\/cropped-korea3.png","contentUrl":"https:\/\/idakorea.ee\/wp-content\/uploads\/2024\/05\/cropped-korea3.png","width":688,"height":126,"caption":"IDA.KOREA"},"image":{"@id":"https:\/\/idakorea.ee\/#\/schema\/logo\/image\/"},"sameAs":["https:\/\/www.instagram.com\/ida.korea\/"]}]}},"jetpack_sharing_enabled":true,"brands":[{"id":186,"name":"SKIN1004","slug":"skin1004"}],"_links":{"self":[{"href":"https:\/\/idakorea.ee\/en\/wp-json\/wp\/v2\/product\/9579","targetHints":{"allow":["GET"]}}],"collection":[{"href":"https:\/\/idakorea.ee\/en\/wp-json\/wp\/v2\/product"}],"about":[{"href":"https:\/\/idakorea.ee\/en\/wp-json\/wp\/v2\/types\/product"}],"replies":[{"embeddable":true,"href":"https:\/\/idakorea.ee\/en\/wp-json\/wp\/v2\/comments?post=9579"}],"version-history":[{"count":1,"href":"https:\/\/idakorea.ee\/en\/wp-json\/wp\/v2\/product\/9579\/revisions"}],"predecessor-version":[{"id":9583,"href":"https:\/\/idakorea.ee\/en\/wp-json\/wp\/v2\/product\/9579\/revisions\/9583"}],"wp:featuredmedia":[{"embeddable":true,"href":"https:\/\/idakorea.ee\/en\/wp-json\/wp\/v2\/media\/9580"}],"wp:attachment":[{"href":"https:\/\/idakorea.ee\/en\/wp-json\/wp\/v2\/media?parent=9579"}],"wp:term":[{"taxonomy":"pwb-brand","embeddable":true,"href":"https:\/\/idakorea.ee\/en\/wp-json\/wp\/v2\/pwb-brand?post=9579"},{"taxonomy":"product_brand","embeddable":true,"href":"https:\/\/idakorea.ee\/en\/wp-json\/wp\/v2\/product_brand?post=9579"},{"taxonomy":"product_cat","embeddable":true,"href":"https:\/\/idakorea.ee\/en\/wp-json\/wp\/v2\/product_cat?post=9579"},{"taxonomy":"product_tag","embeddable":true,"href":"https:\/\/idakorea.ee\/en\/wp-json\/wp\/v2\/product_tag?post=9579"}],"curies":[{"name":"wp","href":"https:\/\/api.w.org\/{rel}","templated":true}]}}