{"id":9602,"date":"2024-07-30T11:12:12","date_gmt":"2024-07-30T08:12:12","guid":{"rendered":"https:\/\/idakorea.ee\/?post_type=product&#038;p=9602"},"modified":"2026-04-13T14:54:02","modified_gmt":"2026-04-13T12:54:02","slug":"anua-heartleaf-quercetinol-pore-deep-cleansing-foam-150ml","status":"publish","type":"product","link":"https:\/\/idakorea.ee\/en\/product\/anua-heartleaf-quercetinol-pore-deep-cleansing-foam-150ml\/","title":{"rendered":"Anua Heartleaf Quercetinol Pore Deep Cleansing Foam, 150ml"},"content":{"rendered":"<div class=\"flex flex-grow flex-col max-w-full\">\n<div class=\"min-h-[20px] text-message flex w-full flex-col items-end gap-2 whitespace-pre-wrap break-words [.text-message+&amp;]:mt-5 overflow-x-auto\" dir=\"auto\" data-message-author-role=\"assistant\" data-message-id=\"d8d57405-eed7-4fc6-a140-16ec4f614530\">\n<div class=\"flex w-full flex-col gap-1 empty:hidden first:pt-[3px]\">\n<div class=\"markdown prose w-full break-words dark:prose-invert light\">\n<p>Vaht-koorija kvertsetinooliga pooride s\u00fcgavpuhastuseks <strong>Anua Heartleaf Quercetinol Pore Deep Cleansing Foam <\/strong>sobib ideaalselt rasusele kalduvale nahale.<\/p>\n<p>T\u00f5husalt eemaldab k\u00f5ik mustuse, absorbeerib liigset rasu ja pakub \u00f5rna kooriva toime. Poleerib ja \u00fchtlustab naha tekstuuri, pehmendab karedat nahka ja soodustab p\u00f5letike paranemist. Normaliseerib rasun\u00e4\u00e4rmete t\u00f6\u00f6d ja v\u00e4hendab p\u00e4eva jooksul naha rasusust.<\/p>\n<p>Toote peamine toimeaine on kvertsetinool \u2013 patenteeritud kvertsetiini vorm, mis on saadud s\u00fcdamelehe ekstraktist. Sellel on tugev p\u00f5letikuvastane ja bakteritsiidne toime, see p\u00e4rsib bakterite kasvu ja soodustab terve naha mikrofloora teket. Efektiivne akne ja teiste p\u00f5letikuliste protsesside ravis, rahustab \u00f5rnalt. V\u00e4hendab \u00e4rrituste ja kiskumistunde riski p\u00e4rast pesemist.<\/p>\n<p>Tootel on kreemjas konsistents koos abrasiivsete osakestega jahvatatud s\u00fcdamelehe lehtedest (3000 ppm), t\u00e4nu millele muutub nahk \u00f5rnaks ja siledaks ning laienenud poorid kitsenevad. Omab v\u00e4rskendavat eukal\u00fcpti l\u00f5hna.<\/p>\n<p>&nbsp;<\/p>\n<p><strong>Lisatoimeained:<\/strong><\/p>\n<ul>\n<li><strong>Anti-Sebum P<\/strong> \u2013 taimne kompleks, mis koosneb m\u00e4nni, jalaka, \u00f5htulille ja pueraria ekstraktidest. Kompleks p\u00e4rsib liigset rasun\u00e4\u00e4rmete aktiivsust, normaliseerib naha rasusust ja k\u00f5rvaldab rasuse l\u00e4ike.<\/li>\n<li><strong>S\u00fcdamelehe ekstrakt<\/strong> \u2013 normaliseerib naha seisundit, leevendab \u00e4rritust, v\u00e4hendab p\u00f5letikukoldeid. Tugevdab immuunsust, muudab epidermise v\u00e4hem tundlikuks ja reaktiivseks.<\/li>\n<li><strong>Salis\u00fc\u00fclhape<\/strong> \u2013 puhastab poorid: helendab mustpead ja rasuseid niite, hoiab \u00e4ra pooride ummistumise, normaliseerib rasu eritumist ja takistab rasuse l\u00e4ike tekkimist.<\/li>\n<li><strong>Eukal\u00fcpti ekstrakt<\/strong> \u2013 omab bakteritsiidset ja p\u00f5letikuvastast toimet, ennetab akne teket, rahustab \u00e4rritust.<\/li>\n<li><strong>Kompleks 8 erinevat t\u00fc\u00fcpi h\u00fcaluroonhappest<\/strong> \u2013 moodustab n\u00e4htamatu kaitsekihi, mis hoiab \u00e4ra niiskuse aurustumise ja tagab mugava v\u00e4rskuse ja niisutuse tunde n\u00e4ol.<\/li>\n<li><strong>\u00d5htulille ekstrakt<\/strong> \u2013 omab p\u00f5letikuvastast toimet, leevendab punetust ja muudab naha sametiseks.<\/li>\n<\/ul>\n<p>&nbsp;<\/p>\n<p>Sobib kombineeritud ja rasusele nahale.<\/p>\n<p>&nbsp;<\/p>\n<p><strong>Kasutamisjuhend:<\/strong> Kandke vajalik kogus toodet niiskele nahale, masseerige \u00f5rnalt, p\u00f6\u00f6rates erilist t\u00e4helepanu laienenud pooridega piirkondadele, ja loputage seej\u00e4rel sooja veega<\/p>\n<\/div>\n<\/div>\n<\/div>\n<\/div>\n","protected":false},"excerpt":{"rendered":"<p>Anua Heartleaf Quercetinol Pore Deep Cleansing Foam with Quercetinol is ideal for oily skin. It effectively removes all dirt, absorbs excess oil and provides a gentle exfoliating action. It polishes and evens skin texture, softens rough skin and promotes healing of inflammations. Normalises the sebaceous glands and reduces oiliness during the day. The main active ingredient of the product is quercetinol - a...<\/p>","protected":false},"featured_media":9603,"comment_status":"open","ping_status":"closed","template":"","meta":{"_uf_show_specific_survey":0,"_uf_disable_surveys":false,"_bst_post_transparent":"default","_bst_post_title":"","_bst_post_layout":"default","_bst_post_sidebar_id":"","_bst_post_content_style":"default","_bst_post_vertical_padding":"default","_bst_post_feature":"","_bst_post_feature_position":"","_bst_post_header":false,"_bst_post_footer":false},"pwb-brand":[104],"product_brand":[],"product_cat":[92,451,452,100],"product_tag":[102,233,377,202,465,473,214,221],"class_list":{"0":"post-9602","1":"product","2":"type-product","3":"status-publish","4":"has-post-thumbnail","6":"pwb-brand-anua","7":"product_cat-nagu","8":"product_cat-naokoorijad","9":"product_cat-naopuhastusgeelid","10":"product_cat-puhastusvahendid","11":"product_tag-anua","12":"product_tag-internet-pood-eesti","13":"product_tag-k-beauty-2","14":"product_tag-korea-kosmeetika","15":"product_tag-korea-lux","16":"product_tag-korea-premium","17":"product_tag-rasune-nahk","18":"product_tag-tundlik-nahk","20":"first","21":"instock","22":"sale","23":"shipping-taxable","24":"purchasable","25":"product-type-simple","26":"entry","27":"content-bg","28":"loop-entry"},"supplier_id":null,"supplier_sku":"","barcode":null,"atum_controlled":true,"out_stock_date":null,"out_stock_threshold":null,"inheritable":false,"inbound_stock":0,"stock_on_hold":0,"sold_today":0,"sales_last_days":2,"out_stock_days":0,"lost_sales":0,"has_location":false,"update_date":"2026-04-14T18:09:00","atum_locations":[],"atum_stock_status":"instock","restock_status":false,"low_stock_amount":"","sales_update_date":"2026-04-14T18:09:00","calc_backorders":null,"yoast_head":"<!-- This site is optimized with the Yoast SEO plugin v27.2 - https:\/\/yoast.com\/product\/yoast-seo-wordpress\/ -->\n<title>Anua Heartleaf Quercetinol Pore Deep Cleansing Foam, 150ml - IDA.KOREA<\/title>\n<meta name=\"description\" content=\"Anua s\u00fcgavpuhastav vaht viirpuu ja kvertsetiiniga \u2013 eemaldab mustuse ja rasu, ahendab poore, rahustab tundlikku nahka. Sobib igap\u00e4evaseks kasutamiseks.\" \/>\n<meta name=\"robots\" content=\"index, follow, max-snippet:-1, max-image-preview:large, max-video-preview:-1\" \/>\n<link rel=\"canonical\" href=\"https:\/\/idakorea.ee\/en\/product\/anua-heartleaf-quercetinol-pore-deep-cleansing-foam-150ml\/\" \/>\n<meta property=\"og:locale\" content=\"en_US\" \/>\n<meta property=\"og:type\" content=\"article\" \/>\n<meta property=\"og:title\" content=\"Anua Heartleaf Quercetinol Pore Deep Cleansing Foam, 150ml - IDA.KOREA\" \/>\n<meta property=\"og:description\" content=\"Anua s\u00fcgavpuhastav vaht viirpuu ja kvertsetiiniga \u2013 eemaldab mustuse ja rasu, ahendab poore, rahustab tundlikku nahka. Sobib igap\u00e4evaseks kasutamiseks.\" \/>\n<meta property=\"og:url\" content=\"https:\/\/idakorea.ee\/en\/product\/anua-heartleaf-quercetinol-pore-deep-cleansing-foam-150ml\/\" \/>\n<meta property=\"og:site_name\" content=\"IDA.KOREA\" \/>\n<meta property=\"article:modified_time\" content=\"2026-04-13T12:54:02+00:00\" \/>\n<meta property=\"og:image\" content=\"https:\/\/idakorea.ee\/wp-content\/uploads\/2024\/07\/hollyshop-_36_-_1_.png\" \/>\n\t<meta property=\"og:image:width\" content=\"1000\" \/>\n\t<meta property=\"og:image:height\" content=\"1000\" \/>\n\t<meta property=\"og:image:type\" content=\"image\/png\" \/>\n<meta name=\"twitter:card\" content=\"summary_large_image\" \/>\n<meta name=\"twitter:label1\" content=\"Est. reading time\" \/>\n\t<meta name=\"twitter:data1\" content=\"2 minutes\" \/>\n<script type=\"application\/ld+json\" class=\"yoast-schema-graph\">{\"@context\":\"https:\/\/schema.org\",\"@graph\":[{\"@type\":\"WebPage\",\"@id\":\"https:\/\/idakorea.ee\/product\/anua-heartleaf-quercetinol-pore-deep-cleansing-foam-150ml\/\",\"url\":\"https:\/\/idakorea.ee\/product\/anua-heartleaf-quercetinol-pore-deep-cleansing-foam-150ml\/\",\"name\":\"Anua Heartleaf Quercetinol Pore Deep Cleansing Foam, 150ml - IDA.KOREA\",\"isPartOf\":{\"@id\":\"https:\/\/idakorea.ee\/#website\"},\"primaryImageOfPage\":{\"@id\":\"https:\/\/idakorea.ee\/product\/anua-heartleaf-quercetinol-pore-deep-cleansing-foam-150ml\/#primaryimage\"},\"image\":{\"@id\":\"https:\/\/idakorea.ee\/product\/anua-heartleaf-quercetinol-pore-deep-cleansing-foam-150ml\/#primaryimage\"},\"thumbnailUrl\":\"https:\/\/idakorea.ee\/wp-content\/uploads\/2024\/07\/hollyshop-_36_-_1_.png\",\"datePublished\":\"2024-07-30T08:12:12+00:00\",\"dateModified\":\"2026-04-13T12:54:02+00:00\",\"description\":\"Anua s\u00fcgavpuhastav vaht viirpuu ja kvertsetiiniga \u2013 eemaldab mustuse ja rasu, ahendab poore, rahustab tundlikku nahka. Sobib igap\u00e4evaseks kasutamiseks.\",\"breadcrumb\":{\"@id\":\"https:\/\/idakorea.ee\/product\/anua-heartleaf-quercetinol-pore-deep-cleansing-foam-150ml\/#breadcrumb\"},\"inLanguage\":\"en-US\",\"potentialAction\":[{\"@type\":\"ReadAction\",\"target\":[\"https:\/\/idakorea.ee\/product\/anua-heartleaf-quercetinol-pore-deep-cleansing-foam-150ml\/\"]}]},{\"@type\":\"ImageObject\",\"inLanguage\":\"en-US\",\"@id\":\"https:\/\/idakorea.ee\/product\/anua-heartleaf-quercetinol-pore-deep-cleansing-foam-150ml\/#primaryimage\",\"url\":\"https:\/\/idakorea.ee\/wp-content\/uploads\/2024\/07\/hollyshop-_36_-_1_.png\",\"contentUrl\":\"https:\/\/idakorea.ee\/wp-content\/uploads\/2024\/07\/hollyshop-_36_-_1_.png\",\"width\":1000,\"height\":1000},{\"@type\":\"BreadcrumbList\",\"@id\":\"https:\/\/idakorea.ee\/product\/anua-heartleaf-quercetinol-pore-deep-cleansing-foam-150ml\/#breadcrumb\",\"itemListElement\":[{\"@type\":\"ListItem\",\"position\":1,\"name\":\"\u0413\u043b\u0430\u0432\u043d\u0430\u044f \u0441\u0442\u0440\u0430\u043d\u0438\u0446\u0430\",\"item\":\"https:\/\/idakorea.ee\/\"},{\"@type\":\"ListItem\",\"position\":2,\"name\":\"Shop\",\"item\":\"https:\/\/idakorea.ee\/shop-2\/\"},{\"@type\":\"ListItem\",\"position\":3,\"name\":\"N\u00e4ovaht-koorija Anua Heartleaf Quercetinol Pore Deep Cleansing Foam, 150ml\"}]},{\"@type\":\"WebSite\",\"@id\":\"https:\/\/idakorea.ee\/#website\",\"url\":\"https:\/\/idakorea.ee\/\",\"name\":\"IDA.KOREA\",\"description\":\"Korea kosmeetika e-pood\",\"publisher\":{\"@id\":\"https:\/\/idakorea.ee\/#organization\"},\"alternateName\":\"Beauty Shop\",\"potentialAction\":[{\"@type\":\"SearchAction\",\"target\":{\"@type\":\"EntryPoint\",\"urlTemplate\":\"https:\/\/idakorea.ee\/?s={search_term_string}\"},\"query-input\":{\"@type\":\"PropertyValueSpecification\",\"valueRequired\":true,\"valueName\":\"search_term_string\"}}],\"inLanguage\":\"en-US\"},{\"@type\":\"Organization\",\"@id\":\"https:\/\/idakorea.ee\/#organization\",\"name\":\"IDA.KOREA\",\"url\":\"https:\/\/idakorea.ee\/\",\"logo\":{\"@type\":\"ImageObject\",\"inLanguage\":\"en-US\",\"@id\":\"https:\/\/idakorea.ee\/#\/schema\/logo\/image\/\",\"url\":\"https:\/\/idakorea.ee\/wp-content\/uploads\/2024\/05\/cropped-korea3.png\",\"contentUrl\":\"https:\/\/idakorea.ee\/wp-content\/uploads\/2024\/05\/cropped-korea3.png\",\"width\":688,\"height\":126,\"caption\":\"IDA.KOREA\"},\"image\":{\"@id\":\"https:\/\/idakorea.ee\/#\/schema\/logo\/image\/\"},\"sameAs\":[\"https:\/\/www.instagram.com\/ida.korea\/\"]}]}<\/script>\n<!-- \/ Yoast SEO plugin. -->","yoast_head_json":{"title":"Anua Heartleaf Quercetinol Pore Deep Cleansing Foam, 150ml - IDA.KOREA","description":"Anua Deep Cleansing Foam with Hawthorn and Quercetin \u2013 removes dirt and oil, tightens pores, soothes sensitive skin. Suitable for daily use.","robots":{"index":"index","follow":"follow","max-snippet":"max-snippet:-1","max-image-preview":"max-image-preview:large","max-video-preview":"max-video-preview:-1"},"canonical":"https:\/\/idakorea.ee\/en\/product\/anua-heartleaf-quercetinol-pore-deep-cleansing-foam-150ml\/","og_locale":"en_US","og_type":"article","og_title":"Anua Heartleaf Quercetinol Pore Deep Cleansing Foam, 150ml - IDA.KOREA","og_description":"Anua s\u00fcgavpuhastav vaht viirpuu ja kvertsetiiniga \u2013 eemaldab mustuse ja rasu, ahendab poore, rahustab tundlikku nahka. Sobib igap\u00e4evaseks kasutamiseks.","og_url":"https:\/\/idakorea.ee\/en\/product\/anua-heartleaf-quercetinol-pore-deep-cleansing-foam-150ml\/","og_site_name":"IDA.KOREA","article_modified_time":"2026-04-13T12:54:02+00:00","og_image":[{"width":1000,"height":1000,"url":"https:\/\/idakorea.ee\/wp-content\/uploads\/2024\/07\/hollyshop-_36_-_1_.png","type":"image\/png"}],"twitter_card":"summary_large_image","twitter_misc":{"Est. reading time":"2 minutes"},"schema":{"@context":"https:\/\/schema.org","@graph":[{"@type":"WebPage","@id":"https:\/\/idakorea.ee\/product\/anua-heartleaf-quercetinol-pore-deep-cleansing-foam-150ml\/","url":"https:\/\/idakorea.ee\/product\/anua-heartleaf-quercetinol-pore-deep-cleansing-foam-150ml\/","name":"Anua Heartleaf Quercetinol Pore Deep Cleansing Foam, 150ml - IDA.KOREA","isPartOf":{"@id":"https:\/\/idakorea.ee\/#website"},"primaryImageOfPage":{"@id":"https:\/\/idakorea.ee\/product\/anua-heartleaf-quercetinol-pore-deep-cleansing-foam-150ml\/#primaryimage"},"image":{"@id":"https:\/\/idakorea.ee\/product\/anua-heartleaf-quercetinol-pore-deep-cleansing-foam-150ml\/#primaryimage"},"thumbnailUrl":"https:\/\/idakorea.ee\/wp-content\/uploads\/2024\/07\/hollyshop-_36_-_1_.png","datePublished":"2024-07-30T08:12:12+00:00","dateModified":"2026-04-13T12:54:02+00:00","description":"Anua Deep Cleansing Foam with Hawthorn and Quercetin \u2013 removes dirt and oil, tightens pores, soothes sensitive skin. Suitable for daily use.","breadcrumb":{"@id":"https:\/\/idakorea.ee\/product\/anua-heartleaf-quercetinol-pore-deep-cleansing-foam-150ml\/#breadcrumb"},"inLanguage":"en-US","potentialAction":[{"@type":"ReadAction","target":["https:\/\/idakorea.ee\/product\/anua-heartleaf-quercetinol-pore-deep-cleansing-foam-150ml\/"]}]},{"@type":"ImageObject","inLanguage":"en-US","@id":"https:\/\/idakorea.ee\/product\/anua-heartleaf-quercetinol-pore-deep-cleansing-foam-150ml\/#primaryimage","url":"https:\/\/idakorea.ee\/wp-content\/uploads\/2024\/07\/hollyshop-_36_-_1_.png","contentUrl":"https:\/\/idakorea.ee\/wp-content\/uploads\/2024\/07\/hollyshop-_36_-_1_.png","width":1000,"height":1000},{"@type":"BreadcrumbList","@id":"https:\/\/idakorea.ee\/product\/anua-heartleaf-quercetinol-pore-deep-cleansing-foam-150ml\/#breadcrumb","itemListElement":[{"@type":"ListItem","position":1,"name":"\u0413\u043b\u0430\u0432\u043d\u0430\u044f \u0441\u0442\u0440\u0430\u043d\u0438\u0446\u0430","item":"https:\/\/idakorea.ee\/"},{"@type":"ListItem","position":2,"name":"Shop","item":"https:\/\/idakorea.ee\/shop-2\/"},{"@type":"ListItem","position":3,"name":"N\u00e4ovaht-koorija Anua Heartleaf Quercetinol Pore Deep Cleansing Foam, 150ml"}]},{"@type":"WebSite","@id":"https:\/\/idakorea.ee\/#website","url":"https:\/\/idakorea.ee\/","name":"IDA.KOREA","description":"Korean cosmetics e-shop","publisher":{"@id":"https:\/\/idakorea.ee\/#organization"},"alternateName":"Beauty Shop","potentialAction":[{"@type":"SearchAction","target":{"@type":"EntryPoint","urlTemplate":"https:\/\/idakorea.ee\/?s={search_term_string}"},"query-input":{"@type":"PropertyValueSpecification","valueRequired":true,"valueName":"search_term_string"}}],"inLanguage":"en-US"},{"@type":"Organization","@id":"https:\/\/idakorea.ee\/#organization","name":"IDA.KOREA","url":"https:\/\/idakorea.ee\/","logo":{"@type":"ImageObject","inLanguage":"en-US","@id":"https:\/\/idakorea.ee\/#\/schema\/logo\/image\/","url":"https:\/\/idakorea.ee\/wp-content\/uploads\/2024\/05\/cropped-korea3.png","contentUrl":"https:\/\/idakorea.ee\/wp-content\/uploads\/2024\/05\/cropped-korea3.png","width":688,"height":126,"caption":"IDA.KOREA"},"image":{"@id":"https:\/\/idakorea.ee\/#\/schema\/logo\/image\/"},"sameAs":["https:\/\/www.instagram.com\/ida.korea\/"]}]}},"jetpack_sharing_enabled":true,"brands":[{"id":104,"name":"ANUA","slug":"anua"}],"_links":{"self":[{"href":"https:\/\/idakorea.ee\/en\/wp-json\/wp\/v2\/product\/9602","targetHints":{"allow":["GET"]}}],"collection":[{"href":"https:\/\/idakorea.ee\/en\/wp-json\/wp\/v2\/product"}],"about":[{"href":"https:\/\/idakorea.ee\/en\/wp-json\/wp\/v2\/types\/product"}],"replies":[{"embeddable":true,"href":"https:\/\/idakorea.ee\/en\/wp-json\/wp\/v2\/comments?post=9602"}],"version-history":[{"count":2,"href":"https:\/\/idakorea.ee\/en\/wp-json\/wp\/v2\/product\/9602\/revisions"}],"predecessor-version":[{"id":15668,"href":"https:\/\/idakorea.ee\/en\/wp-json\/wp\/v2\/product\/9602\/revisions\/15668"}],"wp:featuredmedia":[{"embeddable":true,"href":"https:\/\/idakorea.ee\/en\/wp-json\/wp\/v2\/media\/9603"}],"wp:attachment":[{"href":"https:\/\/idakorea.ee\/en\/wp-json\/wp\/v2\/media?parent=9602"}],"wp:term":[{"taxonomy":"pwb-brand","embeddable":true,"href":"https:\/\/idakorea.ee\/en\/wp-json\/wp\/v2\/pwb-brand?post=9602"},{"taxonomy":"product_brand","embeddable":true,"href":"https:\/\/idakorea.ee\/en\/wp-json\/wp\/v2\/product_brand?post=9602"},{"taxonomy":"product_cat","embeddable":true,"href":"https:\/\/idakorea.ee\/en\/wp-json\/wp\/v2\/product_cat?post=9602"},{"taxonomy":"product_tag","embeddable":true,"href":"https:\/\/idakorea.ee\/en\/wp-json\/wp\/v2\/product_tag?post=9602"}],"curies":[{"name":"wp","href":"https:\/\/api.w.org\/{rel}","templated":true}]}}