{"id":9761,"date":"2024-08-14T09:31:28","date_gmt":"2024-08-14T07:31:28","guid":{"rendered":"https:\/\/idakorea.ee\/?post_type=product&#038;p=9761"},"modified":"2026-02-10T14:16:27","modified_gmt":"2026-02-10T12:16:27","slug":"naomask-medi-peel-peptide-9-volume-lifting-mask","status":"publish","type":"product","link":"https:\/\/idakorea.ee\/en\/product\/naomask-medi-peel-peptide-9-volume-lifting-mask\/","title":{"rendered":"Medi-Peel Peptide 9 Volume Lifting Mask"},"content":{"rendered":"<p>See innovatiivne mask lubab muuta teie naha, t\u00e4ites selle eluj\u00f5u ja elastsusega.<\/p>\n<p>Kasutage regulaarselt, et saavutada n\u00e4htav kortsude v\u00e4henemine, toonuse paranemine ja s\u00fcgav niisutus.<\/p>\n<p><strong>Intensiivne naha mahu taastamine:<\/strong> T\u00e4nu k\u00f5rge efektiivsusega peptiidide kompleksile ja Zimo juure ekstraktile parandab mask m\u00e4rkimisv\u00e4\u00e4rselt naha mahtu ja elastsust, mis visuaalselt v\u00e4hendab vananemise ja l\u00f5tvumise m\u00e4rke.<br \/>\n<strong>S\u00fcgav niisutus:<\/strong> Nelja erineva h\u00fcaluroonhappe sisaldusega tagatakse mitmetasandiline niisutus, t\u00e4iendades niiskusvarusid nii naha pinnal kui ka s\u00fcgavamates kihtides.<br \/>\n<strong>Efektiivne toimeainete imendumine:<\/strong> Madala molekulmassiga kollageen (300 Daltonit) tungib kergesti l\u00e4bi naha pooride, parandades naha elastsust ja toitumist, muutes naha siledamaks ja pehmemaks.<br \/>\n<strong>Pinguldav ja liftiv efekt:<\/strong> T\u00fc\u00fcmiani juure ekstrakt ja teised aktiivsed koostisosad avaldavad liftivat toimet, parandades m\u00e4rgatavalt n\u00e4o kontuure ja andes nahale pinguldavama ja nooruslikuma v\u00e4limuse.<br \/>\n<strong>Eriti v\u00e4lja t\u00f6\u00f6tatud maski materjal:<\/strong> L\u00fc\u00fcotsellriie tagab maski ideaalse sobivuse nahaga, aidates kaasa essentsi s\u00fcgavamale ja \u00fchtlasemale jaotumisele kogu n\u00e4ol.<br \/>\n<strong>Vananemisvastane toime:<\/strong> Laminaria ekstrakt aitab v\u00f5idelda vananemise m\u00e4rkidega, soodustades naha uuenemist ja noorenemist.<br \/>\n<strong>H\u00fcpoallergeenne koostis:<\/strong> Mask sobib k\u00f5ikidele nahat\u00fc\u00fcpidele, sealhulgas tundlikule nahale, kuna see sisaldab \u00f5rnaid ja pehmeid koostisosi, mis ei p\u00f5hjusta \u00e4rritust.<br \/>\nSelle maski kasutamine on suurep\u00e4rane t\u00e4iendus kodusele nahahooldusele, eriti neile, kes soovivad m\u00e4rgatavalt parandada oma naha seisundit professionaalsete ja innovaatiliste lahenduste abil.<\/p>\n<div class=\"flex-shrink-0 flex flex-col relative items-end\">\n<div>\n<div class=\"pt-0\">\n<div class=\"gizmo-bot-avatar flex h-8 w-8 items-center justify-center overflow-hidden rounded-full\">\n<div class=\"relative p-1 rounded-sm flex items-center justify-center bg-token-main-surface-primary text-token-text-primary h-8 w-8\"><\/div>\n<\/div>\n<\/div>\n<\/div>\n<\/div>\n<div class=\"group\/conversation-turn relative flex w-full min-w-0 flex-col agent-turn\">\n<div class=\"flex-col gap-1 md:gap-3\">\n<div class=\"flex max-w-full flex-col flex-grow\">\n<div class=\"min-h-[20px] text-message flex w-full flex-col items-end gap-2 whitespace-pre-wrap break-words [.text-message+&amp;]:mt-5 overflow-x-auto\" dir=\"auto\" data-message-author-role=\"assistant\" data-message-id=\"1c65d553-1890-4902-9b15-d84bebfb0e5b\">\n<div class=\"flex w-full flex-col gap-1 empty:hidden first:pt-[3px]\">\n<div class=\"markdown prose w-full break-words dark:prose-invert light\">\n<p><strong>Koostisosad:<\/strong><\/p>\n<p><strong>9 peptiidi kompleks ja Zimo juure ekstrakt<\/strong>: Need aktiivsed koostisosad t\u00f6\u00f6tavad koos, et taastada kaotatud nahamahtu ja parandada naha elastsust, muutes selle m\u00e4rgatavalt pringimaks.<\/p>\n<\/div>\n<div class=\"markdown prose w-full break-words dark:prose-invert light\"><strong>300 Daltoni kollageen:<\/strong> V\u00e4ikese suurusega kollageen tungib kiiresti ja s\u00fcgavalt nahka, parandades selle elastsust ja toitmist.<\/div>\n<div class=\"markdown prose w-full break-words dark:prose-invert light\"><strong>Neli t\u00fc\u00fcpi h\u00fcaluroonhapet:<\/strong> Nende hapete kombinatsioon t\u00e4idab t\u00f5husalt naha niiskustaseme nii seest kui ka v\u00e4ljast.<\/div>\n<div class=\"markdown prose w-full break-words dark:prose-invert light\"><strong>T\u00fc\u00fcmiani juure ekstrakt:<\/strong> See koostisosa parandab naha mahtu ja pakub liftivat hooldust, pinguldades l\u00f5tvunud nahka.<\/div>\n<div class=\"markdown prose w-full break-words dark:prose-invert light\"><strong>L\u00fc\u00fcotsell:<\/strong> Maski materjal sobitub ideaalselt nahale, v\u00f5imaldades aktiivsetel koostisosadel s\u00fcgavamale nahka tungida, olles samas pehme ja mitte\u00e4rritav.<\/div>\n<div class=\"markdown prose w-full break-words dark:prose-invert light\"><strong>Laminaria ekstrakt:<\/strong> Aitab v\u00f5idelda naha vananemise m\u00e4rkidega.<\/div>\n<div><\/div>\n<\/div>\n<\/div>\n<\/div>\n<\/div>\n<div>\n<div class=\"flex-shrink-0 flex flex-col relative items-end\">\n<div>\n<div class=\"relative p-1 rounded-sm flex items-center justify-center bg-token-main-surface-primary text-token-text-primary h-8 w-8\"><\/div>\n<\/div>\n<\/div>\n<div class=\"group\/conversation-turn relative flex w-full min-w-0 flex-col agent-turn\">\n<div class=\"flex-col gap-1 md:gap-3\">\n<div class=\"flex max-w-full flex-col flex-grow\">\n<div class=\"min-h-[20px] text-message flex w-full flex-col items-end gap-2 whitespace-pre-wrap break-words [.text-message+&amp;]:mt-5 overflow-x-auto\" dir=\"auto\" data-message-author-role=\"assistant\" data-message-id=\"89b1f772-eb0f-48ee-ab4a-ac72fe67ab04\">\n<div class=\"flex w-full flex-col gap-1 empty:hidden first:pt-[3px]\">\n<div class=\"markdown prose w-full break-words dark:prose-invert light\">\n<p><strong>Kasutamisjuhend: <\/strong>P\u00e4rast n\u00e4o pesemist valmistage nahk ette tooniku abil. V\u00f5tke mask v\u00e4lja ja kandke see \u00fchtlaselt kogu n\u00e4ole, v\u00e4ltides silmade ja suu piirkonda. Eemaldage mask umbes 10-20 minuti p\u00e4rast. Masseerige \u00f5rnalt naha sisse allesj\u00e4\u00e4nud essents, et see t\u00e4ielikult imenduks.<\/p>\n<\/div>\n<\/div>\n<\/div>\n<\/div>\n<\/div>\n<\/div>\n<\/div>\n<\/div>\n","protected":false},"excerpt":{"rendered":"<p>This innovative mask promises to transform your skin, filling it with vitality and elasticity. Use regularly for visible wrinkle reduction, improved tone and deep hydration. Intense skin volume restoration: thanks to a highly effective peptide complex and Zimo root extract, the mask significantly improves skin volume and elasticity, visibly reducing signs of ageing and sagging. Deep moisturizing....<\/p>","protected":false},"featured_media":9762,"comment_status":"open","ping_status":"closed","template":"","meta":{"_uf_show_specific_survey":0,"_uf_disable_surveys":false,"_bst_post_transparent":"default","_bst_post_title":"","_bst_post_layout":"default","_bst_post_sidebar_id":"","_bst_post_content_style":"default","_bst_post_vertical_padding":"default","_bst_post_feature":"","_bst_post_feature_position":"","_bst_post_header":false,"_bst_post_footer":false},"pwb-brand":[107],"product_brand":[],"product_cat":[98],"product_tag":[246,614,249,381],"class_list":{"0":"post-9761","1":"product","2":"type-product","3":"status-publish","4":"has-post-thumbnail","6":"pwb-brand-medipeel","7":"product_cat-naomaskid","8":"product_tag-korea-naomaskid","9":"product_tag-mask","10":"product_tag-medi-peel","11":"product_tag-medipeel","13":"first","14":"instock","15":"sale","16":"shipping-taxable","17":"purchasable","18":"product-type-simple","19":"entry","20":"content-bg","21":"loop-entry"},"supplier_id":null,"supplier_sku":"","barcode":null,"atum_controlled":true,"out_stock_date":null,"out_stock_threshold":null,"inheritable":false,"inbound_stock":0,"stock_on_hold":0,"sold_today":0,"sales_last_days":0,"out_stock_days":0,"lost_sales":0,"has_location":false,"update_date":"2026-04-14T00:05:07","atum_locations":[],"atum_stock_status":"instock","restock_status":false,"low_stock_amount":"","sales_update_date":"2026-04-14T00:05:07","calc_backorders":null,"yoast_head":"<!-- This site is optimized with the Yoast SEO plugin v27.2 - https:\/\/yoast.com\/product\/yoast-seo-wordpress\/ -->\n<title>N\u00e4omask Medi-Peel Peptide 9 Volume Lifting Mask - IDA.KOREA<\/title>\n<meta name=\"description\" content=\"Intensiivne naha mahu taastamine: T\u00e4nu k\u00f5rge efektiivsusega peptiidide kompleksile ja Zimo juure ekstraktile parandab mask m\u00e4rkimisv\u00e4\u00e4rselt naha mahtu ja elastsust.\" \/>\n<meta name=\"robots\" content=\"index, follow, max-snippet:-1, max-image-preview:large, max-video-preview:-1\" \/>\n<link rel=\"canonical\" href=\"https:\/\/idakorea.ee\/en\/product\/naomask-medi-peel-peptide-9-volume-lifting-mask\/\" \/>\n<meta property=\"og:locale\" content=\"en_US\" \/>\n<meta property=\"og:type\" content=\"article\" \/>\n<meta property=\"og:title\" content=\"N\u00e4omask Medi-Peel Peptide 9 Volume Lifting Mask - IDA.KOREA\" \/>\n<meta property=\"og:description\" content=\"Intensiivne naha mahu taastamine: T\u00e4nu k\u00f5rge efektiivsusega peptiidide kompleksile ja Zimo juure ekstraktile parandab mask m\u00e4rkimisv\u00e4\u00e4rselt naha mahtu ja elastsust.\" \/>\n<meta property=\"og:url\" content=\"https:\/\/idakorea.ee\/en\/product\/naomask-medi-peel-peptide-9-volume-lifting-mask\/\" \/>\n<meta property=\"og:site_name\" content=\"IDA.KOREA\" \/>\n<meta property=\"article:modified_time\" content=\"2026-02-10T12:16:27+00:00\" \/>\n<meta property=\"og:image\" content=\"https:\/\/idakorea.ee\/wp-content\/uploads\/2024\/08\/medipeel_500366-650x650-1.jpg\" \/>\n\t<meta property=\"og:image:width\" content=\"650\" \/>\n\t<meta property=\"og:image:height\" content=\"650\" \/>\n\t<meta property=\"og:image:type\" content=\"image\/jpeg\" \/>\n<meta name=\"twitter:card\" content=\"summary_large_image\" \/>\n<meta name=\"twitter:label1\" content=\"Est. reading time\" \/>\n\t<meta name=\"twitter:data1\" content=\"2 minutes\" \/>\n<script type=\"application\/ld+json\" class=\"yoast-schema-graph\">{\"@context\":\"https:\/\/schema.org\",\"@graph\":[{\"@type\":\"WebPage\",\"@id\":\"https:\/\/idakorea.ee\/product\/naomask-medi-peel-peptide-9-volume-lifting-mask\/\",\"url\":\"https:\/\/idakorea.ee\/product\/naomask-medi-peel-peptide-9-volume-lifting-mask\/\",\"name\":\"N\u00e4omask Medi-Peel Peptide 9 Volume Lifting Mask - IDA.KOREA\",\"isPartOf\":{\"@id\":\"https:\/\/idakorea.ee\/#website\"},\"primaryImageOfPage\":{\"@id\":\"https:\/\/idakorea.ee\/product\/naomask-medi-peel-peptide-9-volume-lifting-mask\/#primaryimage\"},\"image\":{\"@id\":\"https:\/\/idakorea.ee\/product\/naomask-medi-peel-peptide-9-volume-lifting-mask\/#primaryimage\"},\"thumbnailUrl\":\"https:\/\/idakorea.ee\/wp-content\/uploads\/2024\/08\/medipeel_500366-650x650-1.jpg\",\"datePublished\":\"2024-08-14T07:31:28+00:00\",\"dateModified\":\"2026-02-10T12:16:27+00:00\",\"description\":\"Intensiivne naha mahu taastamine: T\u00e4nu k\u00f5rge efektiivsusega peptiidide kompleksile ja Zimo juure ekstraktile parandab mask m\u00e4rkimisv\u00e4\u00e4rselt naha mahtu ja elastsust.\",\"breadcrumb\":{\"@id\":\"https:\/\/idakorea.ee\/product\/naomask-medi-peel-peptide-9-volume-lifting-mask\/#breadcrumb\"},\"inLanguage\":\"en-US\",\"potentialAction\":[{\"@type\":\"ReadAction\",\"target\":[\"https:\/\/idakorea.ee\/product\/naomask-medi-peel-peptide-9-volume-lifting-mask\/\"]}]},{\"@type\":\"ImageObject\",\"inLanguage\":\"en-US\",\"@id\":\"https:\/\/idakorea.ee\/product\/naomask-medi-peel-peptide-9-volume-lifting-mask\/#primaryimage\",\"url\":\"https:\/\/idakorea.ee\/wp-content\/uploads\/2024\/08\/medipeel_500366-650x650-1.jpg\",\"contentUrl\":\"https:\/\/idakorea.ee\/wp-content\/uploads\/2024\/08\/medipeel_500366-650x650-1.jpg\",\"width\":650,\"height\":650},{\"@type\":\"BreadcrumbList\",\"@id\":\"https:\/\/idakorea.ee\/product\/naomask-medi-peel-peptide-9-volume-lifting-mask\/#breadcrumb\",\"itemListElement\":[{\"@type\":\"ListItem\",\"position\":1,\"name\":\"\u0413\u043b\u0430\u0432\u043d\u0430\u044f \u0441\u0442\u0440\u0430\u043d\u0438\u0446\u0430\",\"item\":\"https:\/\/idakorea.ee\/\"},{\"@type\":\"ListItem\",\"position\":2,\"name\":\"Shop\",\"item\":\"https:\/\/idakorea.ee\/shop-2\/\"},{\"@type\":\"ListItem\",\"position\":3,\"name\":\"N\u00e4omask Medi-Peel Peptide 9 Volume Lifting Mask\"}]},{\"@type\":\"WebSite\",\"@id\":\"https:\/\/idakorea.ee\/#website\",\"url\":\"https:\/\/idakorea.ee\/\",\"name\":\"IDA.KOREA\",\"description\":\"Korea kosmeetika e-pood\",\"publisher\":{\"@id\":\"https:\/\/idakorea.ee\/#organization\"},\"alternateName\":\"Beauty Shop\",\"potentialAction\":[{\"@type\":\"SearchAction\",\"target\":{\"@type\":\"EntryPoint\",\"urlTemplate\":\"https:\/\/idakorea.ee\/?s={search_term_string}\"},\"query-input\":{\"@type\":\"PropertyValueSpecification\",\"valueRequired\":true,\"valueName\":\"search_term_string\"}}],\"inLanguage\":\"en-US\"},{\"@type\":\"Organization\",\"@id\":\"https:\/\/idakorea.ee\/#organization\",\"name\":\"IDA.KOREA\",\"url\":\"https:\/\/idakorea.ee\/\",\"logo\":{\"@type\":\"ImageObject\",\"inLanguage\":\"en-US\",\"@id\":\"https:\/\/idakorea.ee\/#\/schema\/logo\/image\/\",\"url\":\"https:\/\/idakorea.ee\/wp-content\/uploads\/2024\/05\/cropped-korea3.png\",\"contentUrl\":\"https:\/\/idakorea.ee\/wp-content\/uploads\/2024\/05\/cropped-korea3.png\",\"width\":688,\"height\":126,\"caption\":\"IDA.KOREA\"},\"image\":{\"@id\":\"https:\/\/idakorea.ee\/#\/schema\/logo\/image\/\"},\"sameAs\":[\"https:\/\/www.instagram.com\/ida.korea\/\"]}]}<\/script>\n<!-- \/ Yoast SEO plugin. -->","yoast_head_json":{"title":"Face Mask Medi-Peel Peptide 9 Volume Lifting Mask - IDA.KOREA","description":"Intensive skin volume restoration: Thanks to the highly effective peptide complex and Zimo root extract, the mask significantly improves skin volume and elasticity.","robots":{"index":"index","follow":"follow","max-snippet":"max-snippet:-1","max-image-preview":"max-image-preview:large","max-video-preview":"max-video-preview:-1"},"canonical":"https:\/\/idakorea.ee\/en\/product\/naomask-medi-peel-peptide-9-volume-lifting-mask\/","og_locale":"en_US","og_type":"article","og_title":"N\u00e4omask Medi-Peel Peptide 9 Volume Lifting Mask - IDA.KOREA","og_description":"Intensiivne naha mahu taastamine: T\u00e4nu k\u00f5rge efektiivsusega peptiidide kompleksile ja Zimo juure ekstraktile parandab mask m\u00e4rkimisv\u00e4\u00e4rselt naha mahtu ja elastsust.","og_url":"https:\/\/idakorea.ee\/en\/product\/naomask-medi-peel-peptide-9-volume-lifting-mask\/","og_site_name":"IDA.KOREA","article_modified_time":"2026-02-10T12:16:27+00:00","og_image":[{"width":650,"height":650,"url":"https:\/\/idakorea.ee\/wp-content\/uploads\/2024\/08\/medipeel_500366-650x650-1.jpg","type":"image\/jpeg"}],"twitter_card":"summary_large_image","twitter_misc":{"Est. reading time":"2 minutes"},"schema":{"@context":"https:\/\/schema.org","@graph":[{"@type":"WebPage","@id":"https:\/\/idakorea.ee\/product\/naomask-medi-peel-peptide-9-volume-lifting-mask\/","url":"https:\/\/idakorea.ee\/product\/naomask-medi-peel-peptide-9-volume-lifting-mask\/","name":"Face Mask Medi-Peel Peptide 9 Volume Lifting Mask - IDA.KOREA","isPartOf":{"@id":"https:\/\/idakorea.ee\/#website"},"primaryImageOfPage":{"@id":"https:\/\/idakorea.ee\/product\/naomask-medi-peel-peptide-9-volume-lifting-mask\/#primaryimage"},"image":{"@id":"https:\/\/idakorea.ee\/product\/naomask-medi-peel-peptide-9-volume-lifting-mask\/#primaryimage"},"thumbnailUrl":"https:\/\/idakorea.ee\/wp-content\/uploads\/2024\/08\/medipeel_500366-650x650-1.jpg","datePublished":"2024-08-14T07:31:28+00:00","dateModified":"2026-02-10T12:16:27+00:00","description":"Intensive skin volume restoration: Thanks to the highly effective peptide complex and Zimo root extract, the mask significantly improves skin volume and elasticity.","breadcrumb":{"@id":"https:\/\/idakorea.ee\/product\/naomask-medi-peel-peptide-9-volume-lifting-mask\/#breadcrumb"},"inLanguage":"en-US","potentialAction":[{"@type":"ReadAction","target":["https:\/\/idakorea.ee\/product\/naomask-medi-peel-peptide-9-volume-lifting-mask\/"]}]},{"@type":"ImageObject","inLanguage":"en-US","@id":"https:\/\/idakorea.ee\/product\/naomask-medi-peel-peptide-9-volume-lifting-mask\/#primaryimage","url":"https:\/\/idakorea.ee\/wp-content\/uploads\/2024\/08\/medipeel_500366-650x650-1.jpg","contentUrl":"https:\/\/idakorea.ee\/wp-content\/uploads\/2024\/08\/medipeel_500366-650x650-1.jpg","width":650,"height":650},{"@type":"BreadcrumbList","@id":"https:\/\/idakorea.ee\/product\/naomask-medi-peel-peptide-9-volume-lifting-mask\/#breadcrumb","itemListElement":[{"@type":"ListItem","position":1,"name":"\u0413\u043b\u0430\u0432\u043d\u0430\u044f \u0441\u0442\u0440\u0430\u043d\u0438\u0446\u0430","item":"https:\/\/idakorea.ee\/"},{"@type":"ListItem","position":2,"name":"Shop","item":"https:\/\/idakorea.ee\/shop-2\/"},{"@type":"ListItem","position":3,"name":"N\u00e4omask Medi-Peel Peptide 9 Volume Lifting Mask"}]},{"@type":"WebSite","@id":"https:\/\/idakorea.ee\/#website","url":"https:\/\/idakorea.ee\/","name":"IDA.KOREA","description":"Korean cosmetics e-shop","publisher":{"@id":"https:\/\/idakorea.ee\/#organization"},"alternateName":"Beauty Shop","potentialAction":[{"@type":"SearchAction","target":{"@type":"EntryPoint","urlTemplate":"https:\/\/idakorea.ee\/?s={search_term_string}"},"query-input":{"@type":"PropertyValueSpecification","valueRequired":true,"valueName":"search_term_string"}}],"inLanguage":"en-US"},{"@type":"Organization","@id":"https:\/\/idakorea.ee\/#organization","name":"IDA.KOREA","url":"https:\/\/idakorea.ee\/","logo":{"@type":"ImageObject","inLanguage":"en-US","@id":"https:\/\/idakorea.ee\/#\/schema\/logo\/image\/","url":"https:\/\/idakorea.ee\/wp-content\/uploads\/2024\/05\/cropped-korea3.png","contentUrl":"https:\/\/idakorea.ee\/wp-content\/uploads\/2024\/05\/cropped-korea3.png","width":688,"height":126,"caption":"IDA.KOREA"},"image":{"@id":"https:\/\/idakorea.ee\/#\/schema\/logo\/image\/"},"sameAs":["https:\/\/www.instagram.com\/ida.korea\/"]}]}},"jetpack_sharing_enabled":true,"brands":[{"id":107,"name":"MEDIPEEL+","slug":"medipeel"}],"_links":{"self":[{"href":"https:\/\/idakorea.ee\/en\/wp-json\/wp\/v2\/product\/9761","targetHints":{"allow":["GET"]}}],"collection":[{"href":"https:\/\/idakorea.ee\/en\/wp-json\/wp\/v2\/product"}],"about":[{"href":"https:\/\/idakorea.ee\/en\/wp-json\/wp\/v2\/types\/product"}],"replies":[{"embeddable":true,"href":"https:\/\/idakorea.ee\/en\/wp-json\/wp\/v2\/comments?post=9761"}],"version-history":[{"count":2,"href":"https:\/\/idakorea.ee\/en\/wp-json\/wp\/v2\/product\/9761\/revisions"}],"predecessor-version":[{"id":9765,"href":"https:\/\/idakorea.ee\/en\/wp-json\/wp\/v2\/product\/9761\/revisions\/9765"}],"wp:featuredmedia":[{"embeddable":true,"href":"https:\/\/idakorea.ee\/en\/wp-json\/wp\/v2\/media\/9762"}],"wp:attachment":[{"href":"https:\/\/idakorea.ee\/en\/wp-json\/wp\/v2\/media?parent=9761"}],"wp:term":[{"taxonomy":"pwb-brand","embeddable":true,"href":"https:\/\/idakorea.ee\/en\/wp-json\/wp\/v2\/pwb-brand?post=9761"},{"taxonomy":"product_brand","embeddable":true,"href":"https:\/\/idakorea.ee\/en\/wp-json\/wp\/v2\/product_brand?post=9761"},{"taxonomy":"product_cat","embeddable":true,"href":"https:\/\/idakorea.ee\/en\/wp-json\/wp\/v2\/product_cat?post=9761"},{"taxonomy":"product_tag","embeddable":true,"href":"https:\/\/idakorea.ee\/en\/wp-json\/wp\/v2\/product_tag?post=9761"}],"curies":[{"name":"wp","href":"https:\/\/api.w.org\/{rel}","templated":true}]}}