{"id":9787,"date":"2024-08-15T08:44:52","date_gmt":"2024-08-15T06:44:52","guid":{"rendered":"https:\/\/idakorea.ee\/?post_type=product&#038;p=9787"},"modified":"2026-04-09T09:45:31","modified_gmt":"2026-04-09T07:45:31","slug":"vegan-futo-kreem-5-pantenooliga-medi-peel-phyto-cica-nol-b5-repair-cream","status":"publish","type":"product","link":"https:\/\/idakorea.ee\/en\/product\/vegan-futo-kreem-5-pantenooliga-medi-peel-phyto-cica-nol-b5-repair-cream\/","title":{"rendered":"Vegan phyto-cream 5% with panthenol Medi-Peel Phyto Cica-Nol B5 Repair Cream, 50ml"},"content":{"rendered":"<p><strong>Vegan phyto-cream 5% with panthenol Medi-Peel Phyto Cica-Nol B5 Repair Cream<\/strong> effectively restores the epidermal hydro-lipid barrier and strengthens the skin's protective functions. The cream has a pronounced soothing effect, relieves itching and irritation, eliminates dryness and peeling. Gently exfoliates dead skin cells, softens and activates regeneration processes.<\/p>\n<p>The cream strengthens the epidermis's protective functions and lipid barrier, reduces skin sensitivity and eliminates redness. By reinforcing the lipid layer created, a barrier is formed on the skin's surface to prevent moisture loss and dehydration, keeping the skin nourished and hydrated.<\/p>\n<p>The cream is also excellent for fighting rosacea, as it strengthens the walls of blood vessels, reduces skin sensitivity and reduces the visibility of capillary clots.<\/p>\n<p>The main component of the cream is <strong>63% \"Cica-Nol\"<\/strong> a complex containing five types of centella extract (Asian centella extract, madecassoside, asiaticoside, asiatic acid and madecassoic acid) and D-panthenol. This complex provides a gentle exfoliating action, accelerates the skin's regeneration and healing processes, intensively moisturises and helps to maintain the necessary moisture levels in the epidermal cells. Soothes irritated skin and combats inflammation.<\/p>\n<p>The product also contains natural AHA and PHA acids, which activate the renewal process and remove dead skin cells. This gentle exfoliation restores the epidermis's optimal acid-base balance, improves skin tone, eliminates redness and dullness, dissolves comedones and tightens pores.<\/p>\n<p>&nbsp;<\/p>\n<p><strong>Key components:<\/strong><br \/>\n<strong>CICA complex<\/strong> provides a pronounced restorative and soothing effect. Restores and softens the skin surface, eliminates redness and peeling, nourishes and strengthens the skin's protective barrier. Regulates epidermal water balance, accelerates the synthesis of collagen and elastin fibres, increases skin elasticity.<br \/>\n<strong>D-pantenool<\/strong> stimulates the restoration of skin integrity, soothes redness and irritation, has wound healing properties.<br \/>\n<strong>Plant collagen<\/strong> restores the epidermal structure from the inside, strengthens cell walls and improves protein metabolism. Supports skin matrix, smoothes wrinkles and folds.<br \/>\n<strong>Camellia oil<\/strong> is a unique oil that acts not only on the surface of the skin, but also on the deep layers of the epidermis, activating the synthesis of procollagen and restoring the barrier functions of the cells and the protective properties of the epidermis.<br \/>\n<strong>Purslane extract<\/strong> stimulates skin cell regeneration and wound healing, has a strong antitoxic effect, tightens pores and reduces sebum production.<br \/>\n<strong>Sesame seed extract<\/strong> moisturises and strengthens the skin, restores the protective barrier, increases skin elasticity and suppleness.<\/p>\n<p>Suitable for dry and sensitive skin.<\/p>\n<p><strong>Instructions for use:<\/strong> Apply the required amount of cream as the last step of the treatment.<\/p>","protected":false},"excerpt":{"rendered":"<p>Medi-Peel Phyto Cica-Nol B5 Repair Cream with 5% panthenol effectively restores the epidermal hydro-lipid barrier and strengthens the skin's protective functions. The cream has a pronounced soothing effect, relieves itching and irritation, eliminates dryness and peeling. Gently exfoliates dead skin cells, softens and activates regeneration processes. The cream strengthens the epidermis's protective functions and lipid barrier, reduces skin sensitivity and eliminates redness. By reinforcing the lipid barrier created, the...<\/p>","protected":false},"featured_media":9788,"comment_status":"open","ping_status":"closed","template":"","meta":{"_uf_show_specific_survey":0,"_uf_disable_surveys":false,"_bst_post_transparent":"default","_bst_post_title":"","_bst_post_layout":"default","_bst_post_sidebar_id":"","_bst_post_content_style":"default","_bst_post_vertical_padding":"default","_bst_post_feature":"","_bst_post_feature_position":"","_bst_post_header":false,"_bst_post_footer":false},"pwb-brand":[107],"product_brand":[],"product_cat":[92,96],"product_tag":[233,202,216,249,381,439,221],"class_list":{"0":"post-9787","1":"product","2":"type-product","3":"status-publish","4":"has-post-thumbnail","6":"pwb-brand-medipeel","7":"product_cat-nagu","8":"product_cat-naokreemid","9":"product_tag-internet-pood-eesti","10":"product_tag-korea-kosmeetika","11":"product_tag-kuiv-nahk","12":"product_tag-medi-peel","13":"product_tag-medipeel","14":"product_tag-rahustav","15":"product_tag-tundlik-nahk","17":"first","18":"instock","19":"sale","20":"shipping-taxable","21":"purchasable","22":"product-type-simple","23":"entry","24":"content-bg","25":"loop-entry"},"supplier_id":null,"supplier_sku":"","barcode":null,"atum_controlled":true,"out_stock_date":null,"out_stock_threshold":null,"inheritable":false,"inbound_stock":0,"stock_on_hold":0,"sold_today":0,"sales_last_days":0,"out_stock_days":0,"lost_sales":0,"has_location":false,"update_date":"2026-04-15T00:05:17","atum_locations":[],"atum_stock_status":"instock","restock_status":false,"low_stock_amount":"","sales_update_date":"2026-04-15T00:05:17","calc_backorders":null,"yoast_head":"<!-- This site is optimized with the Yoast SEO plugin v27.2 - https:\/\/yoast.com\/product\/yoast-seo-wordpress\/ -->\n<title>Medi-Peel Phyto Cica-Nol B5 Repair Cream - IDA.KOREA<\/title>\n<meta name=\"description\" content=\"Vegan kreem 5% pantenooliga Medi-Peel Phyto Cica-Nol B5 Repair Cream taastab t\u00f5husalt epidermise h\u00fcdro-lipiidbarj\u00e4\u00e4ri ja tugevdab naha kaitsefunktsioone.\" \/>\n<meta name=\"robots\" content=\"index, follow, max-snippet:-1, max-image-preview:large, max-video-preview:-1\" \/>\n<link rel=\"canonical\" href=\"https:\/\/idakorea.ee\/en\/product\/vegan-futo-kreem-5-pantenooliga-medi-peel-phyto-cica-nol-b5-repair-cream\/\" \/>\n<meta property=\"og:locale\" content=\"en_US\" \/>\n<meta property=\"og:type\" content=\"article\" \/>\n<meta property=\"og:title\" content=\"Medi-Peel Phyto Cica-Nol B5 Repair Cream - IDA.KOREA\" \/>\n<meta property=\"og:description\" content=\"Vegan kreem 5% pantenooliga Medi-Peel Phyto Cica-Nol B5 Repair Cream taastab t\u00f5husalt epidermise h\u00fcdro-lipiidbarj\u00e4\u00e4ri ja tugevdab naha kaitsefunktsioone.\" \/>\n<meta property=\"og:url\" content=\"https:\/\/idakorea.ee\/en\/product\/vegan-futo-kreem-5-pantenooliga-medi-peel-phyto-cica-nol-b5-repair-cream\/\" \/>\n<meta property=\"og:site_name\" content=\"IDA.KOREA\" \/>\n<meta property=\"article:modified_time\" content=\"2026-04-09T07:45:31+00:00\" \/>\n<meta property=\"og:image\" content=\"https:\/\/idakorea.ee\/wp-content\/uploads\/2024\/08\/medi_peel-phyto-cica_nol-cream.jpg\" \/>\n\t<meta property=\"og:image:width\" content=\"1000\" \/>\n\t<meta property=\"og:image:height\" content=\"1000\" \/>\n\t<meta property=\"og:image:type\" content=\"image\/jpeg\" \/>\n<meta name=\"twitter:card\" content=\"summary_large_image\" \/>\n<meta name=\"twitter:label1\" content=\"Est. reading time\" \/>\n\t<meta name=\"twitter:data1\" content=\"2 minutes\" \/>\n<script type=\"application\/ld+json\" class=\"yoast-schema-graph\">{\"@context\":\"https:\/\/schema.org\",\"@graph\":[{\"@type\":\"WebPage\",\"@id\":\"https:\/\/idakorea.ee\/product\/vegan-futo-kreem-5-pantenooliga-medi-peel-phyto-cica-nol-b5-repair-cream\/\",\"url\":\"https:\/\/idakorea.ee\/product\/vegan-futo-kreem-5-pantenooliga-medi-peel-phyto-cica-nol-b5-repair-cream\/\",\"name\":\"Medi-Peel Phyto Cica-Nol B5 Repair Cream - IDA.KOREA\",\"isPartOf\":{\"@id\":\"https:\/\/idakorea.ee\/#website\"},\"primaryImageOfPage\":{\"@id\":\"https:\/\/idakorea.ee\/product\/vegan-futo-kreem-5-pantenooliga-medi-peel-phyto-cica-nol-b5-repair-cream\/#primaryimage\"},\"image\":{\"@id\":\"https:\/\/idakorea.ee\/product\/vegan-futo-kreem-5-pantenooliga-medi-peel-phyto-cica-nol-b5-repair-cream\/#primaryimage\"},\"thumbnailUrl\":\"https:\/\/idakorea.ee\/wp-content\/uploads\/2024\/08\/medi_peel-phyto-cica_nol-cream.jpg\",\"datePublished\":\"2024-08-15T06:44:52+00:00\",\"dateModified\":\"2026-04-09T07:45:31+00:00\",\"description\":\"Vegan kreem 5% pantenooliga Medi-Peel Phyto Cica-Nol B5 Repair Cream taastab t\u00f5husalt epidermise h\u00fcdro-lipiidbarj\u00e4\u00e4ri ja tugevdab naha kaitsefunktsioone.\",\"breadcrumb\":{\"@id\":\"https:\/\/idakorea.ee\/product\/vegan-futo-kreem-5-pantenooliga-medi-peel-phyto-cica-nol-b5-repair-cream\/#breadcrumb\"},\"inLanguage\":\"en-US\",\"potentialAction\":[{\"@type\":\"ReadAction\",\"target\":[\"https:\/\/idakorea.ee\/product\/vegan-futo-kreem-5-pantenooliga-medi-peel-phyto-cica-nol-b5-repair-cream\/\"]}]},{\"@type\":\"ImageObject\",\"inLanguage\":\"en-US\",\"@id\":\"https:\/\/idakorea.ee\/product\/vegan-futo-kreem-5-pantenooliga-medi-peel-phyto-cica-nol-b5-repair-cream\/#primaryimage\",\"url\":\"https:\/\/idakorea.ee\/wp-content\/uploads\/2024\/08\/medi_peel-phyto-cica_nol-cream.jpg\",\"contentUrl\":\"https:\/\/idakorea.ee\/wp-content\/uploads\/2024\/08\/medi_peel-phyto-cica_nol-cream.jpg\",\"width\":1000,\"height\":1000},{\"@type\":\"BreadcrumbList\",\"@id\":\"https:\/\/idakorea.ee\/product\/vegan-futo-kreem-5-pantenooliga-medi-peel-phyto-cica-nol-b5-repair-cream\/#breadcrumb\",\"itemListElement\":[{\"@type\":\"ListItem\",\"position\":1,\"name\":\"\u0413\u043b\u0430\u0432\u043d\u0430\u044f \u0441\u0442\u0440\u0430\u043d\u0438\u0446\u0430\",\"item\":\"https:\/\/idakorea.ee\/\"},{\"@type\":\"ListItem\",\"position\":2,\"name\":\"Shop\",\"item\":\"https:\/\/idakorea.ee\/shop-2\/\"},{\"@type\":\"ListItem\",\"position\":3,\"name\":\"Vegan f\u00fcto-kreem 5% pantenooliga Medi-Peel Phyto Cica-Nol B5 Repair Cream, 50ml\"}]},{\"@type\":\"WebSite\",\"@id\":\"https:\/\/idakorea.ee\/#website\",\"url\":\"https:\/\/idakorea.ee\/\",\"name\":\"IDA.KOREA\",\"description\":\"Korea kosmeetika e-pood\",\"publisher\":{\"@id\":\"https:\/\/idakorea.ee\/#organization\"},\"alternateName\":\"Beauty Shop\",\"potentialAction\":[{\"@type\":\"SearchAction\",\"target\":{\"@type\":\"EntryPoint\",\"urlTemplate\":\"https:\/\/idakorea.ee\/?s={search_term_string}\"},\"query-input\":{\"@type\":\"PropertyValueSpecification\",\"valueRequired\":true,\"valueName\":\"search_term_string\"}}],\"inLanguage\":\"en-US\"},{\"@type\":\"Organization\",\"@id\":\"https:\/\/idakorea.ee\/#organization\",\"name\":\"IDA.KOREA\",\"url\":\"https:\/\/idakorea.ee\/\",\"logo\":{\"@type\":\"ImageObject\",\"inLanguage\":\"en-US\",\"@id\":\"https:\/\/idakorea.ee\/#\/schema\/logo\/image\/\",\"url\":\"https:\/\/idakorea.ee\/wp-content\/uploads\/2024\/05\/cropped-korea3.png\",\"contentUrl\":\"https:\/\/idakorea.ee\/wp-content\/uploads\/2024\/05\/cropped-korea3.png\",\"width\":688,\"height\":126,\"caption\":\"IDA.KOREA\"},\"image\":{\"@id\":\"https:\/\/idakorea.ee\/#\/schema\/logo\/image\/\"},\"sameAs\":[\"https:\/\/www.instagram.com\/ida.korea\/\"]}]}<\/script>\n<!-- \/ Yoast SEO plugin. -->","yoast_head_json":{"title":"Medi-Peel Phyto Cica-Nol B5 Repair Cream - IDA.KOREA","description":"Vegan cream 5% with panthenol Medi-Peel Phyto Cica-Nol B5 Repair Cream effectively restores the epidermal hydro-lipid barrier and strengthens the skin&#039;s protective functions.","robots":{"index":"index","follow":"follow","max-snippet":"max-snippet:-1","max-image-preview":"max-image-preview:large","max-video-preview":"max-video-preview:-1"},"canonical":"https:\/\/idakorea.ee\/en\/product\/vegan-futo-kreem-5-pantenooliga-medi-peel-phyto-cica-nol-b5-repair-cream\/","og_locale":"en_US","og_type":"article","og_title":"Medi-Peel Phyto Cica-Nol B5 Repair Cream - IDA.KOREA","og_description":"Vegan kreem 5% pantenooliga Medi-Peel Phyto Cica-Nol B5 Repair Cream taastab t\u00f5husalt epidermise h\u00fcdro-lipiidbarj\u00e4\u00e4ri ja tugevdab naha kaitsefunktsioone.","og_url":"https:\/\/idakorea.ee\/en\/product\/vegan-futo-kreem-5-pantenooliga-medi-peel-phyto-cica-nol-b5-repair-cream\/","og_site_name":"IDA.KOREA","article_modified_time":"2026-04-09T07:45:31+00:00","og_image":[{"width":1000,"height":1000,"url":"https:\/\/idakorea.ee\/wp-content\/uploads\/2024\/08\/medi_peel-phyto-cica_nol-cream.jpg","type":"image\/jpeg"}],"twitter_card":"summary_large_image","twitter_misc":{"Est. reading time":"2 minutes"},"schema":{"@context":"https:\/\/schema.org","@graph":[{"@type":"WebPage","@id":"https:\/\/idakorea.ee\/product\/vegan-futo-kreem-5-pantenooliga-medi-peel-phyto-cica-nol-b5-repair-cream\/","url":"https:\/\/idakorea.ee\/product\/vegan-futo-kreem-5-pantenooliga-medi-peel-phyto-cica-nol-b5-repair-cream\/","name":"Medi-Peel Phyto Cica-Nol B5 Repair Cream - IDA.KOREA","isPartOf":{"@id":"https:\/\/idakorea.ee\/#website"},"primaryImageOfPage":{"@id":"https:\/\/idakorea.ee\/product\/vegan-futo-kreem-5-pantenooliga-medi-peel-phyto-cica-nol-b5-repair-cream\/#primaryimage"},"image":{"@id":"https:\/\/idakorea.ee\/product\/vegan-futo-kreem-5-pantenooliga-medi-peel-phyto-cica-nol-b5-repair-cream\/#primaryimage"},"thumbnailUrl":"https:\/\/idakorea.ee\/wp-content\/uploads\/2024\/08\/medi_peel-phyto-cica_nol-cream.jpg","datePublished":"2024-08-15T06:44:52+00:00","dateModified":"2026-04-09T07:45:31+00:00","description":"Vegan cream 5% with panthenol Medi-Peel Phyto Cica-Nol B5 Repair Cream effectively restores the epidermal hydro-lipid barrier and strengthens the skin&#039;s protective functions.","breadcrumb":{"@id":"https:\/\/idakorea.ee\/product\/vegan-futo-kreem-5-pantenooliga-medi-peel-phyto-cica-nol-b5-repair-cream\/#breadcrumb"},"inLanguage":"en-US","potentialAction":[{"@type":"ReadAction","target":["https:\/\/idakorea.ee\/product\/vegan-futo-kreem-5-pantenooliga-medi-peel-phyto-cica-nol-b5-repair-cream\/"]}]},{"@type":"ImageObject","inLanguage":"en-US","@id":"https:\/\/idakorea.ee\/product\/vegan-futo-kreem-5-pantenooliga-medi-peel-phyto-cica-nol-b5-repair-cream\/#primaryimage","url":"https:\/\/idakorea.ee\/wp-content\/uploads\/2024\/08\/medi_peel-phyto-cica_nol-cream.jpg","contentUrl":"https:\/\/idakorea.ee\/wp-content\/uploads\/2024\/08\/medi_peel-phyto-cica_nol-cream.jpg","width":1000,"height":1000},{"@type":"BreadcrumbList","@id":"https:\/\/idakorea.ee\/product\/vegan-futo-kreem-5-pantenooliga-medi-peel-phyto-cica-nol-b5-repair-cream\/#breadcrumb","itemListElement":[{"@type":"ListItem","position":1,"name":"\u0413\u043b\u0430\u0432\u043d\u0430\u044f \u0441\u0442\u0440\u0430\u043d\u0438\u0446\u0430","item":"https:\/\/idakorea.ee\/"},{"@type":"ListItem","position":2,"name":"Shop","item":"https:\/\/idakorea.ee\/shop-2\/"},{"@type":"ListItem","position":3,"name":"Vegan f\u00fcto-kreem 5% pantenooliga Medi-Peel Phyto Cica-Nol B5 Repair Cream, 50ml"}]},{"@type":"WebSite","@id":"https:\/\/idakorea.ee\/#website","url":"https:\/\/idakorea.ee\/","name":"IDA.KOREA","description":"Korean cosmetics e-shop","publisher":{"@id":"https:\/\/idakorea.ee\/#organization"},"alternateName":"Beauty Shop","potentialAction":[{"@type":"SearchAction","target":{"@type":"EntryPoint","urlTemplate":"https:\/\/idakorea.ee\/?s={search_term_string}"},"query-input":{"@type":"PropertyValueSpecification","valueRequired":true,"valueName":"search_term_string"}}],"inLanguage":"en-US"},{"@type":"Organization","@id":"https:\/\/idakorea.ee\/#organization","name":"IDA.KOREA","url":"https:\/\/idakorea.ee\/","logo":{"@type":"ImageObject","inLanguage":"en-US","@id":"https:\/\/idakorea.ee\/#\/schema\/logo\/image\/","url":"https:\/\/idakorea.ee\/wp-content\/uploads\/2024\/05\/cropped-korea3.png","contentUrl":"https:\/\/idakorea.ee\/wp-content\/uploads\/2024\/05\/cropped-korea3.png","width":688,"height":126,"caption":"IDA.KOREA"},"image":{"@id":"https:\/\/idakorea.ee\/#\/schema\/logo\/image\/"},"sameAs":["https:\/\/www.instagram.com\/ida.korea\/"]}]}},"jetpack_sharing_enabled":true,"brands":[{"id":107,"name":"MEDIPEEL+","slug":"medipeel"}],"_links":{"self":[{"href":"https:\/\/idakorea.ee\/en\/wp-json\/wp\/v2\/product\/9787","targetHints":{"allow":["GET"]}}],"collection":[{"href":"https:\/\/idakorea.ee\/en\/wp-json\/wp\/v2\/product"}],"about":[{"href":"https:\/\/idakorea.ee\/en\/wp-json\/wp\/v2\/types\/product"}],"replies":[{"embeddable":true,"href":"https:\/\/idakorea.ee\/en\/wp-json\/wp\/v2\/comments?post=9787"}],"version-history":[{"count":4,"href":"https:\/\/idakorea.ee\/en\/wp-json\/wp\/v2\/product\/9787\/revisions"}],"predecessor-version":[{"id":9793,"href":"https:\/\/idakorea.ee\/en\/wp-json\/wp\/v2\/product\/9787\/revisions\/9793"}],"wp:featuredmedia":[{"embeddable":true,"href":"https:\/\/idakorea.ee\/en\/wp-json\/wp\/v2\/media\/9788"}],"wp:attachment":[{"href":"https:\/\/idakorea.ee\/en\/wp-json\/wp\/v2\/media?parent=9787"}],"wp:term":[{"taxonomy":"pwb-brand","embeddable":true,"href":"https:\/\/idakorea.ee\/en\/wp-json\/wp\/v2\/pwb-brand?post=9787"},{"taxonomy":"product_brand","embeddable":true,"href":"https:\/\/idakorea.ee\/en\/wp-json\/wp\/v2\/product_brand?post=9787"},{"taxonomy":"product_cat","embeddable":true,"href":"https:\/\/idakorea.ee\/en\/wp-json\/wp\/v2\/product_cat?post=9787"},{"taxonomy":"product_tag","embeddable":true,"href":"https:\/\/idakorea.ee\/en\/wp-json\/wp\/v2\/product_tag?post=9787"}],"curies":[{"name":"wp","href":"https:\/\/api.w.org\/{rel}","templated":true}]}}