{"id":9932,"date":"2024-08-16T10:10:49","date_gmt":"2024-08-16T08:10:49","guid":{"rendered":"https:\/\/idakorea.ee\/?post_type=product&#038;p=9932"},"modified":"2026-03-28T11:22:01","modified_gmt":"2026-03-28T09:22:01","slug":"valgendav-seerum-axis-y-dark-spot-correcting-glow-serum-50ml","status":"publish","type":"product","link":"https:\/\/idakorea.ee\/en\/product\/valgendav-seerum-axis-y-dark-spot-correcting-glow-serum-50ml\/","title":{"rendered":"Whitening serum AXIS-Y Dark Spot Correcting Glow Serum, 50ml"},"content":{"rendered":"<div class=\"flex-shrink-0 flex flex-col relative items-end\">\n<div>\n<div class=\"pt-0\">\n<div class=\"gizmo-bot-avatar flex h-8 w-8 items-center justify-center overflow-hidden rounded-full\">\n<div class=\"relative p-1 rounded-sm flex items-center justify-center bg-token-main-surface-primary text-token-text-primary h-8 w-8\"><\/div>\n<\/div>\n<\/div>\n<\/div>\n<\/div>\n<div class=\"group\/conversation-turn relative flex w-full min-w-0 flex-col agent-turn\">\n<div class=\"flex-col gap-1 md:gap-3\">\n<div class=\"flex max-w-full flex-col flex-grow\">\n<div class=\"min-h-[20px] text-message flex w-full flex-col items-end gap-2 whitespace-pre-wrap break-words [.text-message+&amp;]:mt-5 overflow-x-auto\" dir=\"auto\" data-message-author-role=\"assistant\" data-message-id=\"6a9afd82-e7d7-4709-a3fe-81c342170bf8\">\n<div class=\"flex w-full flex-col gap-1 empty:hidden first:pt-[3px]\">\n<div class=\"markdown prose w-full break-words dark:prose-invert light\">\n<p><strong>Valgendav seerum AXIS-Y Dark Spot Correcting Glow Serum<\/strong> \u00fchtlustab n\u00e4onahatooni, helendab h\u00fcperpigmentatsiooni, tedret\u00e4ppe, aknearme ja fotovananemise m\u00e4rke.<\/p>\n<p>Niisutab ja pehmendab nahka, p\u00f5hjustamata \u00e4rritust, toimides \u00f5rnalt. Annab \u00fchtlase jume ja tervisliku s\u00e4ra, parandab naha tekstuuri. Hoiab \u00e4ra uute pigmendilaikude tekkimise.<\/p>\n<p>Seerumil on kerge tekstuur ja see imendub suurep\u00e4raselt. Toode on pakendatud doseerimistorusse, mis muudab selle kasutamise h\u00fcgieeniliseks ja mugavaks.<\/p>\n<p>Seerumi peamine toimeaine on 5% niatsiinamiidi, mis on universaalne koostisosa valgendava toimega efektiivses kontsentratsioonis. Niatsiinamiid takistab melaniini pigmendi transportimist naha \u00fclemistesse kihtidesse, helendades nahka, tugevdades epidermise loomulikku kaitsebarj\u00e4\u00e4ri, normaliseerides rasueritust ja stimuleerides kollageeni tootmist.<\/p>\n<p><strong>T\u00e4iendavad toimeained:<\/strong><\/p>\n<p><strong>Er\u00fctritool<\/strong> annab tootele jahutava efekti, omab tugevat rahustavat toimet, v\u00f5itleb t\u00f5husalt s\u00fcgeluse ja \u00e4rritusega, aitab niiskust s\u00e4ilitada.<\/p>\n<\/div>\n<div class=\"markdown prose w-full break-words dark:prose-invert light\"><strong>Taimne skvalaan<\/strong> \u2014 antioks\u00fcdant, niisutab intensiivselt ja hoiab \u00e4ra kuivuse, kiirendab paranemist ja ennetab enneaegset vananemist.<\/div>\n<div class=\"markdown prose w-full break-words dark:prose-invert light\"><strong>Astelpaju ekstrakt<\/strong> on rikas C-vitamiini poolest. See helendab \u00f5rnalt ja \u00fchtlustab jumet, pakkudes rakkudele antioks\u00fcdantset kaitset.<\/div>\n<div class=\"markdown prose w-full break-words dark:prose-invert light\"><strong>Papaiaekstrakt<\/strong> pakub \u00f5rna, kuid t\u00f5husat puhastust ja koorimist. Sellel on valgendav toime, mis \u00fchtlustab \u00fcldist tooni ja parandab jume.<\/div>\n<div class=\"markdown prose w-full break-words dark:prose-invert light\"><strong>Glutatioon<\/strong> \u2014 antioks\u00fcdant ja valgendav aine, mis helendab pigmendilaike ja aknearme, silub kortse, parandab naha elastsust, stimuleerib taastumist, aeglustab vananemisprotsesse ja v\u00f5itleb punetusega.<\/div>\n<div class=\"markdown prose w-full break-words dark:prose-invert light\"><strong>Acerola (Barbadosi kirsiekstrakt)<\/strong> on rikas C-vitamiini, mineraalsoolade, valkude ja flavonoidide poolest. Sellel on k\u00f5rge antioks\u00fcdantne aktiivsus. T\u00f5stab naha elastsust ja aeglustab vananemisprotsesse, eemaldab punetust, tugevdab veresooni, helendab pigmendilaike ja parandab naha \u00fcldist tooni.<\/div>\n<div class=\"markdown prose w-full break-words dark:prose-invert light\"><strong>Riisikliiekstrakt<\/strong> \u00fchtlustab tooni, v\u00e4hendab punetust, s\u00e4ilitab naha puhtuse ja elastsuse.<\/div>\n<div class=\"markdown prose w-full break-words dark:prose-invert light\"><strong>Allantoiin<\/strong> pehmendab nahka, kiirendab paranemist, omab antioks\u00fcdantset toimet ja aitab v\u00e4hendada nahareaktiivsust.<\/div>\n<div class=\"markdown prose w-full break-words dark:prose-invert light\"><strong>Arginiin<\/strong> \u2014 aminohape, mis parandab vereringet, suurendab kaitsefunktsioone, annab elastsuse, aktiveerib kollageeni ja elastiini tootmist ning soodustab haavade paranemist.<\/div>\n<div class=\"markdown prose w-full break-words dark:prose-invert light\"><strong>Naatriumh\u00fcaluronaat<\/strong> \u2014 madala molekulmassiga h\u00fcaluroonhape. Tungib s\u00fcgavale sarvkihti, niisutab intensiivselt, parandab elastsust ja silub naha pinda.<\/div>\n<div><\/div>\n<div><\/div>\n<div class=\"markdown prose w-full break-words dark:prose-invert light\">Sobib k\u00f5igile nahat\u00fc\u00fcpidele.<\/div>\n<div class=\"markdown prose w-full break-words dark:prose-invert light\">\n<p>&nbsp;<\/p>\n<p><strong>Kasutusjuhend:<\/strong> P\u00e4rast n\u00e4o puhastamist ja tooniku kasutamist kandke seerum n\u00e4ole ja jaotage see \u00fchtlaselt nahale.<\/p>\n<\/div>\n<\/div>\n<\/div>\n<\/div>\n<\/div>\n<\/div>\n","protected":false},"excerpt":{"rendered":"<p>AXIS-Y Dark Spot Correcting Glow Serum evens the complexion, brightens hyperpigmentation, dark spots, acne scars and signs of photo-ageing. Moisturizes and softens the skin without causing irritation, acting gently. Provides an even complexion and healthy glow, improves skin texture. Prevents the appearance of new pigmentation spots. The serum has a light texture and is perfectly absorbed. The product is packaged in a dosage tube, which makes it easy to use....<\/p>","protected":false},"featured_media":9933,"comment_status":"open","ping_status":"closed","template":"","meta":{"_uf_show_specific_survey":0,"_uf_disable_surveys":false,"_bst_post_transparent":"default","_bst_post_title":"","_bst_post_layout":"default","_bst_post_sidebar_id":"","_bst_post_content_style":"default","_bst_post_vertical_padding":"default","_bst_post_feature":"","_bst_post_feature_position":"","_bst_post_header":false,"_bst_post_footer":false},"pwb-brand":[565],"product_brand":[],"product_cat":[92,97],"product_tag":[566,567,568,230],"class_list":{"0":"post-9932","1":"product","2":"type-product","3":"status-publish","4":"has-post-thumbnail","6":"pwb-brand-axis-y","7":"product_cat-nagu","8":"product_cat-naoseerumid-ja-olid","9":"product_tag-axis","10":"product_tag-glow","11":"product_tag-korea","12":"product_tag-pigment","14":"first","15":"instock","16":"sale","17":"shipping-taxable","18":"purchasable","19":"product-type-simple","20":"entry","21":"content-bg","22":"loop-entry"},"supplier_id":null,"supplier_sku":"","barcode":null,"atum_controlled":true,"out_stock_date":null,"out_stock_threshold":null,"inheritable":false,"inbound_stock":0,"stock_on_hold":0,"sold_today":0,"sales_last_days":1,"out_stock_days":0,"lost_sales":0,"has_location":false,"update_date":"2026-04-14T00:05:12","atum_locations":[],"atum_stock_status":"instock","restock_status":false,"low_stock_amount":"","sales_update_date":"2026-04-14T00:05:12","calc_backorders":null,"yoast_head":"<!-- This site is optimized with the Yoast SEO plugin v27.2 - https:\/\/yoast.com\/product\/yoast-seo-wordpress\/ -->\n<title>Valgendav seerum AXIS-Y Dark Spot Correcting Glow Serum, 50ml - IDA.KOREA<\/title>\n<meta name=\"description\" content=\"Valgendav seerum AXIS-Y Dark Spot Correcting Glow Serum \u00fchtlustab n\u00e4onahatooni, helendab h\u00fcperpigmentatsiooni, tedret\u00e4ppe, aknearme ja fotovananemise m\u00e4rke.\" \/>\n<meta name=\"robots\" content=\"index, follow, max-snippet:-1, max-image-preview:large, max-video-preview:-1\" \/>\n<link rel=\"canonical\" href=\"https:\/\/idakorea.ee\/en\/product\/valgendav-seerum-axis-y-dark-spot-correcting-glow-serum-50ml\/\" \/>\n<meta property=\"og:locale\" content=\"en_US\" \/>\n<meta property=\"og:type\" content=\"article\" \/>\n<meta property=\"og:title\" content=\"Valgendav seerum AXIS-Y Dark Spot Correcting Glow Serum, 50ml - IDA.KOREA\" \/>\n<meta property=\"og:description\" content=\"Valgendav seerum AXIS-Y Dark Spot Correcting Glow Serum \u00fchtlustab n\u00e4onahatooni, helendab h\u00fcperpigmentatsiooni, tedret\u00e4ppe, aknearme ja fotovananemise m\u00e4rke.\" \/>\n<meta property=\"og:url\" content=\"https:\/\/idakorea.ee\/en\/product\/valgendav-seerum-axis-y-dark-spot-correcting-glow-serum-50ml\/\" \/>\n<meta property=\"og:site_name\" content=\"IDA.KOREA\" \/>\n<meta property=\"article:modified_time\" content=\"2026-03-28T09:22:01+00:00\" \/>\n<meta property=\"og:image\" content=\"https:\/\/idakorea.ee\/wp-content\/uploads\/2024\/08\/axis_y-dark-spot-correcting-glow-serum.jpg\" \/>\n\t<meta property=\"og:image:width\" content=\"1000\" \/>\n\t<meta property=\"og:image:height\" content=\"1000\" \/>\n\t<meta property=\"og:image:type\" content=\"image\/jpeg\" \/>\n<meta name=\"twitter:card\" content=\"summary_large_image\" \/>\n<meta name=\"twitter:label1\" content=\"Est. reading time\" \/>\n\t<meta name=\"twitter:data1\" content=\"2 minutes\" \/>\n<script type=\"application\/ld+json\" class=\"yoast-schema-graph\">{\"@context\":\"https:\/\/schema.org\",\"@graph\":[{\"@type\":\"WebPage\",\"@id\":\"https:\/\/idakorea.ee\/product\/valgendav-seerum-axis-y-dark-spot-correcting-glow-serum-50ml\/\",\"url\":\"https:\/\/idakorea.ee\/product\/valgendav-seerum-axis-y-dark-spot-correcting-glow-serum-50ml\/\",\"name\":\"Valgendav seerum AXIS-Y Dark Spot Correcting Glow Serum, 50ml - IDA.KOREA\",\"isPartOf\":{\"@id\":\"https:\/\/idakorea.ee\/#website\"},\"primaryImageOfPage\":{\"@id\":\"https:\/\/idakorea.ee\/product\/valgendav-seerum-axis-y-dark-spot-correcting-glow-serum-50ml\/#primaryimage\"},\"image\":{\"@id\":\"https:\/\/idakorea.ee\/product\/valgendav-seerum-axis-y-dark-spot-correcting-glow-serum-50ml\/#primaryimage\"},\"thumbnailUrl\":\"https:\/\/idakorea.ee\/wp-content\/uploads\/2024\/08\/axis_y-dark-spot-correcting-glow-serum.jpg\",\"datePublished\":\"2024-08-16T08:10:49+00:00\",\"dateModified\":\"2026-03-28T09:22:01+00:00\",\"description\":\"Valgendav seerum AXIS-Y Dark Spot Correcting Glow Serum \u00fchtlustab n\u00e4onahatooni, helendab h\u00fcperpigmentatsiooni, tedret\u00e4ppe, aknearme ja fotovananemise m\u00e4rke.\",\"breadcrumb\":{\"@id\":\"https:\/\/idakorea.ee\/product\/valgendav-seerum-axis-y-dark-spot-correcting-glow-serum-50ml\/#breadcrumb\"},\"inLanguage\":\"en-US\",\"potentialAction\":[{\"@type\":\"ReadAction\",\"target\":[\"https:\/\/idakorea.ee\/product\/valgendav-seerum-axis-y-dark-spot-correcting-glow-serum-50ml\/\"]}]},{\"@type\":\"ImageObject\",\"inLanguage\":\"en-US\",\"@id\":\"https:\/\/idakorea.ee\/product\/valgendav-seerum-axis-y-dark-spot-correcting-glow-serum-50ml\/#primaryimage\",\"url\":\"https:\/\/idakorea.ee\/wp-content\/uploads\/2024\/08\/axis_y-dark-spot-correcting-glow-serum.jpg\",\"contentUrl\":\"https:\/\/idakorea.ee\/wp-content\/uploads\/2024\/08\/axis_y-dark-spot-correcting-glow-serum.jpg\",\"width\":1000,\"height\":1000},{\"@type\":\"BreadcrumbList\",\"@id\":\"https:\/\/idakorea.ee\/product\/valgendav-seerum-axis-y-dark-spot-correcting-glow-serum-50ml\/#breadcrumb\",\"itemListElement\":[{\"@type\":\"ListItem\",\"position\":1,\"name\":\"\u0413\u043b\u0430\u0432\u043d\u0430\u044f \u0441\u0442\u0440\u0430\u043d\u0438\u0446\u0430\",\"item\":\"https:\/\/idakorea.ee\/\"},{\"@type\":\"ListItem\",\"position\":2,\"name\":\"Shop\",\"item\":\"https:\/\/idakorea.ee\/shop-2\/\"},{\"@type\":\"ListItem\",\"position\":3,\"name\":\"Valgendav seerum AXIS-Y Dark Spot Correcting Glow Serum, 50ml\"}]},{\"@type\":\"WebSite\",\"@id\":\"https:\/\/idakorea.ee\/#website\",\"url\":\"https:\/\/idakorea.ee\/\",\"name\":\"IDA.KOREA\",\"description\":\"Korea kosmeetika e-pood\",\"publisher\":{\"@id\":\"https:\/\/idakorea.ee\/#organization\"},\"alternateName\":\"Beauty Shop\",\"potentialAction\":[{\"@type\":\"SearchAction\",\"target\":{\"@type\":\"EntryPoint\",\"urlTemplate\":\"https:\/\/idakorea.ee\/?s={search_term_string}\"},\"query-input\":{\"@type\":\"PropertyValueSpecification\",\"valueRequired\":true,\"valueName\":\"search_term_string\"}}],\"inLanguage\":\"en-US\"},{\"@type\":\"Organization\",\"@id\":\"https:\/\/idakorea.ee\/#organization\",\"name\":\"IDA.KOREA\",\"url\":\"https:\/\/idakorea.ee\/\",\"logo\":{\"@type\":\"ImageObject\",\"inLanguage\":\"en-US\",\"@id\":\"https:\/\/idakorea.ee\/#\/schema\/logo\/image\/\",\"url\":\"https:\/\/idakorea.ee\/wp-content\/uploads\/2024\/05\/cropped-korea3.png\",\"contentUrl\":\"https:\/\/idakorea.ee\/wp-content\/uploads\/2024\/05\/cropped-korea3.png\",\"width\":688,\"height\":126,\"caption\":\"IDA.KOREA\"},\"image\":{\"@id\":\"https:\/\/idakorea.ee\/#\/schema\/logo\/image\/\"},\"sameAs\":[\"https:\/\/www.instagram.com\/ida.korea\/\"]}]}<\/script>\n<!-- \/ Yoast SEO plugin. -->","yoast_head_json":{"title":"AXIS-Y Dark Spot Correcting Glow Serum, 50ml - IDA.KOREA","description":"AXIS-Y Dark Spot Correcting Glow Serum evens the complexion, brightens hyperpigmentation, dark spots, acne scars and signs of photo-ageing.","robots":{"index":"index","follow":"follow","max-snippet":"max-snippet:-1","max-image-preview":"max-image-preview:large","max-video-preview":"max-video-preview:-1"},"canonical":"https:\/\/idakorea.ee\/en\/product\/valgendav-seerum-axis-y-dark-spot-correcting-glow-serum-50ml\/","og_locale":"en_US","og_type":"article","og_title":"Valgendav seerum AXIS-Y Dark Spot Correcting Glow Serum, 50ml - IDA.KOREA","og_description":"Valgendav seerum AXIS-Y Dark Spot Correcting Glow Serum \u00fchtlustab n\u00e4onahatooni, helendab h\u00fcperpigmentatsiooni, tedret\u00e4ppe, aknearme ja fotovananemise m\u00e4rke.","og_url":"https:\/\/idakorea.ee\/en\/product\/valgendav-seerum-axis-y-dark-spot-correcting-glow-serum-50ml\/","og_site_name":"IDA.KOREA","article_modified_time":"2026-03-28T09:22:01+00:00","og_image":[{"width":1000,"height":1000,"url":"https:\/\/idakorea.ee\/wp-content\/uploads\/2024\/08\/axis_y-dark-spot-correcting-glow-serum.jpg","type":"image\/jpeg"}],"twitter_card":"summary_large_image","twitter_misc":{"Est. reading time":"2 minutes"},"schema":{"@context":"https:\/\/schema.org","@graph":[{"@type":"WebPage","@id":"https:\/\/idakorea.ee\/product\/valgendav-seerum-axis-y-dark-spot-correcting-glow-serum-50ml\/","url":"https:\/\/idakorea.ee\/product\/valgendav-seerum-axis-y-dark-spot-correcting-glow-serum-50ml\/","name":"AXIS-Y Dark Spot Correcting Glow Serum, 50ml - IDA.KOREA","isPartOf":{"@id":"https:\/\/idakorea.ee\/#website"},"primaryImageOfPage":{"@id":"https:\/\/idakorea.ee\/product\/valgendav-seerum-axis-y-dark-spot-correcting-glow-serum-50ml\/#primaryimage"},"image":{"@id":"https:\/\/idakorea.ee\/product\/valgendav-seerum-axis-y-dark-spot-correcting-glow-serum-50ml\/#primaryimage"},"thumbnailUrl":"https:\/\/idakorea.ee\/wp-content\/uploads\/2024\/08\/axis_y-dark-spot-correcting-glow-serum.jpg","datePublished":"2024-08-16T08:10:49+00:00","dateModified":"2026-03-28T09:22:01+00:00","description":"AXIS-Y Dark Spot Correcting Glow Serum evens the complexion, brightens hyperpigmentation, dark spots, acne scars and signs of photo-ageing.","breadcrumb":{"@id":"https:\/\/idakorea.ee\/product\/valgendav-seerum-axis-y-dark-spot-correcting-glow-serum-50ml\/#breadcrumb"},"inLanguage":"en-US","potentialAction":[{"@type":"ReadAction","target":["https:\/\/idakorea.ee\/product\/valgendav-seerum-axis-y-dark-spot-correcting-glow-serum-50ml\/"]}]},{"@type":"ImageObject","inLanguage":"en-US","@id":"https:\/\/idakorea.ee\/product\/valgendav-seerum-axis-y-dark-spot-correcting-glow-serum-50ml\/#primaryimage","url":"https:\/\/idakorea.ee\/wp-content\/uploads\/2024\/08\/axis_y-dark-spot-correcting-glow-serum.jpg","contentUrl":"https:\/\/idakorea.ee\/wp-content\/uploads\/2024\/08\/axis_y-dark-spot-correcting-glow-serum.jpg","width":1000,"height":1000},{"@type":"BreadcrumbList","@id":"https:\/\/idakorea.ee\/product\/valgendav-seerum-axis-y-dark-spot-correcting-glow-serum-50ml\/#breadcrumb","itemListElement":[{"@type":"ListItem","position":1,"name":"\u0413\u043b\u0430\u0432\u043d\u0430\u044f \u0441\u0442\u0440\u0430\u043d\u0438\u0446\u0430","item":"https:\/\/idakorea.ee\/"},{"@type":"ListItem","position":2,"name":"Shop","item":"https:\/\/idakorea.ee\/shop-2\/"},{"@type":"ListItem","position":3,"name":"Valgendav seerum AXIS-Y Dark Spot Correcting Glow Serum, 50ml"}]},{"@type":"WebSite","@id":"https:\/\/idakorea.ee\/#website","url":"https:\/\/idakorea.ee\/","name":"IDA.KOREA","description":"Korean cosmetics e-shop","publisher":{"@id":"https:\/\/idakorea.ee\/#organization"},"alternateName":"Beauty Shop","potentialAction":[{"@type":"SearchAction","target":{"@type":"EntryPoint","urlTemplate":"https:\/\/idakorea.ee\/?s={search_term_string}"},"query-input":{"@type":"PropertyValueSpecification","valueRequired":true,"valueName":"search_term_string"}}],"inLanguage":"en-US"},{"@type":"Organization","@id":"https:\/\/idakorea.ee\/#organization","name":"IDA.KOREA","url":"https:\/\/idakorea.ee\/","logo":{"@type":"ImageObject","inLanguage":"en-US","@id":"https:\/\/idakorea.ee\/#\/schema\/logo\/image\/","url":"https:\/\/idakorea.ee\/wp-content\/uploads\/2024\/05\/cropped-korea3.png","contentUrl":"https:\/\/idakorea.ee\/wp-content\/uploads\/2024\/05\/cropped-korea3.png","width":688,"height":126,"caption":"IDA.KOREA"},"image":{"@id":"https:\/\/idakorea.ee\/#\/schema\/logo\/image\/"},"sameAs":["https:\/\/www.instagram.com\/ida.korea\/"]}]}},"jetpack_sharing_enabled":true,"brands":[{"id":565,"name":"AXIS-Y","slug":"axis-y"}],"_links":{"self":[{"href":"https:\/\/idakorea.ee\/en\/wp-json\/wp\/v2\/product\/9932","targetHints":{"allow":["GET"]}}],"collection":[{"href":"https:\/\/idakorea.ee\/en\/wp-json\/wp\/v2\/product"}],"about":[{"href":"https:\/\/idakorea.ee\/en\/wp-json\/wp\/v2\/types\/product"}],"replies":[{"embeddable":true,"href":"https:\/\/idakorea.ee\/en\/wp-json\/wp\/v2\/comments?post=9932"}],"version-history":[{"count":3,"href":"https:\/\/idakorea.ee\/en\/wp-json\/wp\/v2\/product\/9932\/revisions"}],"predecessor-version":[{"id":15733,"href":"https:\/\/idakorea.ee\/en\/wp-json\/wp\/v2\/product\/9932\/revisions\/15733"}],"wp:featuredmedia":[{"embeddable":true,"href":"https:\/\/idakorea.ee\/en\/wp-json\/wp\/v2\/media\/9933"}],"wp:attachment":[{"href":"https:\/\/idakorea.ee\/en\/wp-json\/wp\/v2\/media?parent=9932"}],"wp:term":[{"taxonomy":"pwb-brand","embeddable":true,"href":"https:\/\/idakorea.ee\/en\/wp-json\/wp\/v2\/pwb-brand?post=9932"},{"taxonomy":"product_brand","embeddable":true,"href":"https:\/\/idakorea.ee\/en\/wp-json\/wp\/v2\/product_brand?post=9932"},{"taxonomy":"product_cat","embeddable":true,"href":"https:\/\/idakorea.ee\/en\/wp-json\/wp\/v2\/product_cat?post=9932"},{"taxonomy":"product_tag","embeddable":true,"href":"https:\/\/idakorea.ee\/en\/wp-json\/wp\/v2\/product_tag?post=9932"}],"curies":[{"name":"wp","href":"https:\/\/api.w.org\/{rel}","templated":true}]}}