{"id":2,"date":"2024-05-14T18:16:25","date_gmt":"2024-05-14T18:16:25","guid":{"rendered":"https:\/\/idakorea.ee\/?page_id=2"},"modified":"2025-08-27T10:42:57","modified_gmt":"2025-08-27T07:42:57","slug":"muugitingimused","status":"publish","type":"page","link":"https:\/\/idakorea.ee\/fi\/muugitingimused\/","title":{"rendered":"Myyntiehdot"},"content":{"rendered":"<p><\/p>\n\n\n\n<p class=\"has-text-align-center has-larger-font-size\"><strong>Myyntiehdot<\/strong><\/p>\n\n\n\n<p><\/p>\n\n\n\n<h4 class=\"wp-block-heading\" id=\"h-uldtingimused\"><strong>Yleiset ehdot<\/strong><\/h4>\n\n\n\n<p>Myyntiehdot koskevat Idakorea.ee-verkkokaupan asiakkaiden (j\u00e4ljemp\u00e4n\u00e4 Asiakas) ja Nova8 O\u00dc:n (j\u00e4ljemp\u00e4n\u00e4 Idakorea.ee) v\u00e4lisi\u00e4 tavaroiden ostoon liittyvi\u00e4 oikeuksia ja velvollisuuksia.<\/p>\n\n\n\n<p>Rekister\u00f6itym\u00e4ll\u00e4 Idakorea.ee:n k\u00e4ytt\u00e4j\u00e4ksi ja\/tai ostamalla tuotteita sovelletaan t\u00e4m\u00e4n sopimuksen ehtoja ja Viron tasavallan lains\u00e4\u00e4d\u00e4nn\u00f6st\u00e4 johtuvia oikeuksia ja velvollisuuksia.<\/p>\n\n\n\n<p>Idakorea.ee pid\u00e4tt\u00e4\u00e4 oikeuden tehd\u00e4 muutoksia myyntiehtoihin ja myyntihintoihin. N\u00e4m\u00e4 muutokset n\u00e4kyv\u00e4t Idakorea.ee-sivustolla.<\/p>\n\n\n\n<hr class=\"wp-block-separator has-alpha-channel-opacity\"\/>\n\n\n\n<h4 class=\"wp-block-heading\" id=\"h-muugilepingu-joustumine\"><strong>Kauppasopimuksen voimaantulo<\/strong><\/h4>\n\n\n\n<p>Idakorea.ee myy ja Asiakas ostaa verkkokaupassa tarjottuja tuotteita.<\/p>\n\n\n\n<p>Idakorea.ee:n ja Asiakkaan v\u00e4linen myyntisopimus tulee voimaan, kun tilausvahvistuksen mukainen maksu on saapunut Nova8 O\u00dc:n pankkitilille.<\/p>\n\n\n\n<p>Tehdess\u00e4\u00e4n tilauksen ja suorittaessaan maksun Idakorea.ee-verkkokaupassa asiakas vahvistaa, ett\u00e4 h\u00e4n on lukenut ja hyv\u00e4ksyy myyntiehdot.<\/p>\n\n\n\n<hr class=\"wp-block-separator has-alpha-channel-opacity\"\/>\n\n\n\n<h4 class=\"wp-block-heading\" id=\"h-hinnad\"><strong>Hinnat<\/strong><\/h4>\n\n\n\n<p>Kaikki Idakorea.ee-verkkokaupan hinnat ovat euroissa.<\/p>\n\n\n\n<p>Idakorea.ee pid\u00e4tt\u00e4\u00e4 oikeuden hintojen mukauttamiseen. Jos asiakas tekee tilauksen ennen hinnanmuutosten voimaantuloa, sovelletaan laskussa tilauksen tekohetkell\u00e4 n\u00e4kyv\u00e4\u00e4 hintaa. Asiakkaalla ei ole oikeutta vaatia korvausta hintaerosta.<\/p>\n\n\n\n<hr class=\"wp-block-separator has-alpha-channel-opacity\"\/>\n\n\n\n<h4 class=\"wp-block-heading\" id=\"h-tellimuse-eest-vormistamine-ja-kauba-eest-tasumine\"><strong>Tilauksen tekeminen ja tavaroiden maksaminen<\/strong><\/h4>\n\n\n\n<p>Tilausta maksaessaan asiakas voi valita itselleen sopivan maksutavan. Asiakas maksaa 100% tilaussummasta tilauksen vahvistamiseksi.<\/p>\n\n\n\n<p>Myyntisopimus katsotaan tehdyksi ja tilaus toteutetaan heti, kun asiakas on maksanut 100%-tilausvahvistuksen.<\/p>\n\n\n\n<hr class=\"wp-block-separator has-alpha-channel-opacity\"\/>\n\n\n\n<h4 class=\"wp-block-heading\" id=\"h-kohaletoimetamine\"><strong>Toimitus osoitteeseen<\/strong><\/h4>\n\n\n\n<p>Kun myyntisopimus on tullut voimaan (asiakas on maksanut laskun), Idakorea.ee niputtaa tilauksen ja luovuttaa sen logistiikkakumppaneillemme toimitusta varten.<\/p>\n\n\n\n<p>Idakorea.ee-sivustolla ilmoitetut toimitusajat ovat voimassa laskun maksuhetkest\u00e4 alkaen.<\/p>\n\n\n\n<p>Asiakas on velvollinen ilmoittamaan Idakorea.ee:lle m\u00e4\u00e4r\u00e4np\u00e4\u00e4n tai sovitun ajankohdan muutoksista v\u00e4litt\u00f6m\u00e4sti ennen tavaroiden toimittamista.<\/p>\n\n\n\n<p>Tilauksessa annettujen tietojen tarkkuus ja oikeellisuus on ratkaisevan t\u00e4rke\u00e4\u00e4, jotta v\u00e4ltet\u00e4\u00e4n viiv\u00e4stykset ja v\u00e4\u00e4rink\u00e4sitykset tavaroiden toimituksessa. Idakorea.ee ei ole vastuussa tavaroiden toimituksen viiv\u00e4stymisest\u00e4 eik\u00e4 mahdollisista v\u00e4\u00e4rink\u00e4sityksist\u00e4, jos viiv\u00e4stys tai v\u00e4\u00e4rink\u00e4sitys johtuu asiakkaan tilausta tehdess\u00e4\u00e4n antamien tietojen ep\u00e4tarkkuudesta.<\/p>\n\n\n\n<hr class=\"wp-block-separator has-alpha-channel-opacity\"\/>\n\n\n\n<h4 class=\"wp-block-heading\" id=\"h-tagastamisoigus\"><strong>Palautusoikeus<\/strong><\/h4>\n\n\n\n<p>LOA:n 56 \u00a7:n 1 momentin mukaan asiakkaalla on oikeus peruuttaa sopimus 14 p\u00e4iv\u00e4n kuluessa tavaran vastaanottamisesta.<\/p>\n\n\n\n<p>Palautettujen tavaroiden on oltava k\u00e4ytt\u00e4m\u00e4tt\u00f6mi\u00e4, vahingoittumattomia ja alkuper\u00e4ispakkauksessa.<\/p>\n\n\n\n<p>Tavaroiden palauttaminen tapahtuu asiakkaan kustannuksella, ellei palautuksen syyn\u00e4 ole tilauksen vastainen tai viallinen tavara.<\/p>\n\n\n\n<p>Tavaroiden palauttamiseksi on l\u00e4hetett\u00e4v\u00e4 vapaamuotoinen palautuspyynt\u00f6 s\u00e4hk\u00f6postitse osoitteeseen info@idakorea.ee 14 p\u00e4iv\u00e4n kuluessa tavaroiden vastaanottamisesta. Palautuspyynn\u00f6ss\u00e4 on mainittava asiakkaan nimi, tuotteen nimi ja laskun tai tilauksen numero. <\/p>\n\n\n\n<p>Asiakkaalle palautetaan rahat palautetuista tavaroista v\u00e4litt\u00f6m\u00e4sti, mutta viimeist\u00e4\u00e4n 14 p\u00e4iv\u00e4n kuluessa peruutuksen vastaanottamisesta. Palautettujen tavaroiden kustannusten lis\u00e4ksi palautetaan my\u00f6s toimituskulut.<\/p>\n\n\n\n<hr class=\"wp-block-separator has-alpha-channel-opacity\"\/>\n\n\n\n<h4 class=\"wp-block-heading\" id=\"h-pretensioonide-esitamise-kord\"><strong>Valitusmenettely<\/strong><\/h4>\n\n\n\n<p>Velvoiteoikeuslain mukaan asiakkaalla on oikeus tehd\u00e4 reklamaatio tuotteen sopimusehtojen vastaisuudesta kahden vuoden kuluessa tavaran vastaanottamisesta, josta ensimm\u00e4isten kuuden kuukauden aikana virheen oletetaan olleen olemassa ostohetkell\u00e4, ja myyj\u00e4n on selvitett\u00e4v\u00e4 virheen luonne.<\/p>\n\n\n\n<p>Jos tuotteessa ilmenee vika, asiakas sitoutuu ilmoittamaan ongelmasta Idakorea.ee:lle s\u00e4hk\u00f6postitse osoitteeseen info@idakorea.ee ja antamaan seuraavat tiedot: nimi, yhteystiedot ja tuotteen vika. Vastaava selvitys on l\u00e4hetett\u00e4v\u00e4 viimeist\u00e4\u00e4n 2 kuukauden kuluessa vian havaitsemisesta.<\/p>\n\n\n\n<p>Idakorea.ee ei ole vastuussa:<\/p>\n\n\n\n<ul class=\"wp-block-list\">\n<li>Asiakkaan virheest\u00e4 tai huolimattomuudesta johtuvasta tuotteen vahingoittumisesta.<\/li>\n\n\n\n<li>Tuotteen virheellisest\u00e4 k\u00e4yt\u00f6st\u00e4 johtuvat viat.<\/li>\n\n\n\n<li>Tuotteen luonnollisesta fyysisest\u00e4 kulumisesta normaalissa k\u00e4yt\u00f6ss\u00e4.<\/li>\n<\/ul>\n\n\n\n<hr class=\"wp-block-separator has-alpha-channel-opacity\"\/>\n\n\n\n<h4 class=\"wp-block-heading\" id=\"h-vastutus-ja-vaaramatu-joud\"><strong>Vastuu ja ylivoimainen este<\/strong><\/h4>\n\n\n\n<p>Idakorea.ee on vastuussa Asiakkaalle ja Asiakas on vastuussa Idakorea.ee:lle kaikista vahingoista, jotka aiheutuvat toiselle osapuolelle n\u00e4iden ehtojen rikkomisesta Viron tasavallassa voimassa olevan lains\u00e4\u00e4d\u00e4nn\u00f6n mukaisissa tapauksissa ja siin\u00e4 laajuudessa.<\/p>\n\n\n\n<p>Idakorea.ee ei ole vastuussa Asiakkaalle aiheutuneista vahingoista tai tuotteen toimituksen viiv\u00e4stymisest\u00e4, jos vahinko tai tuotteen toimituksen viiv\u00e4styminen johtuu olosuhteesta, jota Loverte.com ei ole voinut ennakoida.<\/p>\n\n\n\n<hr class=\"wp-block-separator has-alpha-channel-opacity\"\/>\n\n\n\n<h4 class=\"wp-block-heading\" id=\"h-privaatsus\"><strong>Tietosuojak\u00e4yt\u00e4nt\u00f6<\/strong><\/h4>\n\n\n\n<p>K\u00e4ytt\u00e4m\u00e4ll\u00e4 Idakorea.ee-sivustoa asiakas antaa nimenomaisen ja tietoon perustuvan suostumuksensa sille, ett\u00e4 Idakorea.ee k\u00e4sittelee h\u00e4nen henkil\u00f6tietojaan.<\/p>\n\n\n\n<p>Idakorea.ee k\u00e4ytt\u00e4\u00e4 Asiakkaan antamia tietoja ainoastaan Asiakkaan tilauksen t\u00e4ytt\u00e4miseen eik\u00e4 luovuta niit\u00e4 kolmansille osapuolille.<\/p>\n\n\n\n<hr class=\"wp-block-separator has-alpha-channel-opacity\"\/>\n\n\n\n<h4 class=\"wp-block-heading\" id=\"h-muud-tingimused\"><strong>Muut olosuhteet<\/strong><\/h4>\n\n\n\n<p>Osapuolet ratkaisevat kaikki n\u00e4ist\u00e4 ehdoista johtuvat erimielisyydet tai riidat erityisesti neuvottelemalla. Jos sopimuksesta johtuvia erimielisyyksi\u00e4 ei voida ratkaista osapuolten v\u00e4lisill\u00e4 neuvotteluilla, asiakkaalla on oikeus hakea muutosta kuluttajansuojalautakunnalta tai tuomioistuimelta. Idakorea.ee:ll\u00e4 on oikeus ryhty\u00e4 oikeustoimiin oikeuksiensa puolustamiseksi.<\/p>\n\n\n\n<p><\/p>\n\n\n\n<p><\/p>\n\n\n\n<p><\/p>","protected":false},"excerpt":{"rendered":"<p>Myyntiehdot Yleiset ehdot Myyntiehdot koskevat Idakorea.ee-verkkokaupan asiakkaiden (j\u00e4ljemp\u00e4n\u00e4 Asiakas) ja Nova8 O\u00dc:n (j\u00e4ljemp\u00e4n\u00e4 Idakorea.ee) v\u00e4lisi\u00e4 oikeuksia ja velvollisuuksia, jotka johtuvat tavaroiden ostamisesta. Rekister\u00f6ityess\u00e4si Idakorea.ee:n k\u00e4ytt\u00e4j\u00e4ksi ja\/tai tuotteita ostettaessa sovelletaan t\u00e4m\u00e4n sopimuksen ehtoja sek\u00e4 Viron tasavallan lains\u00e4\u00e4d\u00e4nn\u00f6st\u00e4 johtuvia oikeuksia ja velvollisuuksia. Idakorea.ee pid\u00e4tt\u00e4\u00e4 oikeuden tehd\u00e4 muutoksia myyntiehtoihin ja myyntihintoihin. N\u00e4m\u00e4 muutokset n\u00e4kyv\u00e4t Idakorea.ee-verkkosivustolla. Myyntisopimuksen ehdot\u2026<\/p>","protected":false},"author":1,"featured_media":0,"parent":0,"menu_order":0,"comment_status":"closed","ping_status":"closed","template":"","meta":{"_uf_show_specific_survey":0,"_uf_disable_surveys":false,"_bst_post_transparent":"","_bst_post_title":"","_bst_post_layout":"","_bst_post_sidebar_id":"","_bst_post_content_style":"","_bst_post_vertical_padding":"","_bst_post_feature":"","_bst_post_feature_position":"","_bst_post_header":false,"_bst_post_footer":false,"footnotes":""},"class_list":["post-2","page","type-page","status-publish","hentry"],"yoast_head":"<!-- This site is optimized with the Yoast SEO plugin v27.2 - https:\/\/yoast.com\/product\/yoast-seo-wordpress\/ -->\n<title>M\u00fc\u00fcgitingimused - IDA.KOREA<\/title>\n<meta name=\"robots\" content=\"index, follow, max-snippet:-1, max-image-preview:large, max-video-preview:-1\" \/>\n<link rel=\"canonical\" href=\"https:\/\/idakorea.ee\/fi\/muugitingimused\/\" \/>\n<meta property=\"og:locale\" content=\"fi_FI\" \/>\n<meta property=\"og:type\" content=\"article\" \/>\n<meta property=\"og:title\" content=\"M\u00fc\u00fcgitingimused - IDA.KOREA\" \/>\n<meta property=\"og:description\" content=\"M\u00fc\u00fcgitingimused \u00dcldtingimused M\u00fc\u00fcgitingimused kehtivad Idakorea.ee veebipoe klientide (edaspidi Klient) ja Nova8 O\u00dc (edaspidi Idakorea.ee) vahel kaupade ostmisel tekkivate \u00f5iguste ja kohustuste kohta. Idakorea.ee kasutajaks registreerides ja\/v\u00f5i toodete ostmiseks kohalduvad k\u00e4esoleva lepingu tingimused ja Eesti Vabariigi \u00f5igusaktidest tulenevad \u00f5igused ja kohustused. Idakorea.ee j\u00e4tab endale \u00f5iguse teha muudatusi m\u00fc\u00fcgitingimustes ja m\u00fc\u00fcgihindades. Nimetatud muudatusi kajastatakse Idakorea.ee veebilehel. M\u00fc\u00fcgilepingu...\" \/>\n<meta property=\"og:url\" content=\"https:\/\/idakorea.ee\/fi\/muugitingimused\/\" \/>\n<meta property=\"og:site_name\" content=\"IDA.KOREA\" \/>\n<meta property=\"article:modified_time\" content=\"2025-08-27T07:42:57+00:00\" \/>\n<meta property=\"og:image\" content=\"https:\/\/idakorea.ee\/wp-content\/uploads\/2024\/07\/logo.png\" \/>\n\t<meta property=\"og:image:width\" content=\"813\" \/>\n\t<meta property=\"og:image:height\" content=\"813\" \/>\n\t<meta property=\"og:image:type\" content=\"image\/png\" \/>\n<meta name=\"twitter:card\" content=\"summary_large_image\" \/>\n<meta name=\"twitter:label1\" content=\"Arvioitu lukuaika\" \/>\n\t<meta name=\"twitter:data1\" content=\"4 minuuttia\" \/>\n<script type=\"application\/ld+json\" class=\"yoast-schema-graph\">{\"@context\":\"https:\/\/schema.org\",\"@graph\":[{\"@type\":\"WebPage\",\"@id\":\"https:\/\/idakorea.ee\/muugitingimused\/\",\"url\":\"https:\/\/idakorea.ee\/muugitingimused\/\",\"name\":\"M\u00fc\u00fcgitingimused - IDA.KOREA\",\"isPartOf\":{\"@id\":\"https:\/\/idakorea.ee\/#website\"},\"datePublished\":\"2024-05-14T18:16:25+00:00\",\"dateModified\":\"2025-08-27T07:42:57+00:00\",\"breadcrumb\":{\"@id\":\"https:\/\/idakorea.ee\/muugitingimused\/#breadcrumb\"},\"inLanguage\":\"fi\",\"potentialAction\":[{\"@type\":\"ReadAction\",\"target\":[\"https:\/\/idakorea.ee\/muugitingimused\/\"]}]},{\"@type\":\"BreadcrumbList\",\"@id\":\"https:\/\/idakorea.ee\/muugitingimused\/#breadcrumb\",\"itemListElement\":[{\"@type\":\"ListItem\",\"position\":1,\"name\":\"\u0413\u043b\u0430\u0432\u043d\u0430\u044f \u0441\u0442\u0440\u0430\u043d\u0438\u0446\u0430\",\"item\":\"https:\/\/idakorea.ee\/\"},{\"@type\":\"ListItem\",\"position\":2,\"name\":\"M\u00fc\u00fcgitingimused\"}]},{\"@type\":\"WebSite\",\"@id\":\"https:\/\/idakorea.ee\/#website\",\"url\":\"https:\/\/idakorea.ee\/\",\"name\":\"IDA.KOREA\",\"description\":\"Korea kosmeetika e-pood\",\"publisher\":{\"@id\":\"https:\/\/idakorea.ee\/#organization\"},\"alternateName\":\"Beauty Shop\",\"potentialAction\":[{\"@type\":\"SearchAction\",\"target\":{\"@type\":\"EntryPoint\",\"urlTemplate\":\"https:\/\/idakorea.ee\/?s={search_term_string}\"},\"query-input\":{\"@type\":\"PropertyValueSpecification\",\"valueRequired\":true,\"valueName\":\"search_term_string\"}}],\"inLanguage\":\"fi\"},{\"@type\":\"Organization\",\"@id\":\"https:\/\/idakorea.ee\/#organization\",\"name\":\"IDA.KOREA\",\"url\":\"https:\/\/idakorea.ee\/\",\"logo\":{\"@type\":\"ImageObject\",\"inLanguage\":\"fi\",\"@id\":\"https:\/\/idakorea.ee\/#\/schema\/logo\/image\/\",\"url\":\"https:\/\/idakorea.ee\/wp-content\/uploads\/2024\/05\/cropped-korea3.png\",\"contentUrl\":\"https:\/\/idakorea.ee\/wp-content\/uploads\/2024\/05\/cropped-korea3.png\",\"width\":688,\"height\":126,\"caption\":\"IDA.KOREA\"},\"image\":{\"@id\":\"https:\/\/idakorea.ee\/#\/schema\/logo\/image\/\"},\"sameAs\":[\"https:\/\/www.instagram.com\/ida.korea\/\"]}]}<\/script>\n<!-- \/ Yoast SEO plugin. -->","yoast_head_json":{"title":"Myyntiehdot - IDA.KOREA","robots":{"index":"index","follow":"follow","max-snippet":"max-snippet:-1","max-image-preview":"max-image-preview:large","max-video-preview":"max-video-preview:-1"},"canonical":"https:\/\/idakorea.ee\/fi\/muugitingimused\/","og_locale":"fi_FI","og_type":"article","og_title":"M\u00fc\u00fcgitingimused - IDA.KOREA","og_description":"M\u00fc\u00fcgitingimused \u00dcldtingimused M\u00fc\u00fcgitingimused kehtivad Idakorea.ee veebipoe klientide (edaspidi Klient) ja Nova8 O\u00dc (edaspidi Idakorea.ee) vahel kaupade ostmisel tekkivate \u00f5iguste ja kohustuste kohta. Idakorea.ee kasutajaks registreerides ja\/v\u00f5i toodete ostmiseks kohalduvad k\u00e4esoleva lepingu tingimused ja Eesti Vabariigi \u00f5igusaktidest tulenevad \u00f5igused ja kohustused. Idakorea.ee j\u00e4tab endale \u00f5iguse teha muudatusi m\u00fc\u00fcgitingimustes ja m\u00fc\u00fcgihindades. Nimetatud muudatusi kajastatakse Idakorea.ee veebilehel. M\u00fc\u00fcgilepingu...","og_url":"https:\/\/idakorea.ee\/fi\/muugitingimused\/","og_site_name":"IDA.KOREA","article_modified_time":"2025-08-27T07:42:57+00:00","og_image":[{"width":813,"height":813,"url":"https:\/\/idakorea.ee\/wp-content\/uploads\/2024\/07\/logo.png","type":"image\/png"}],"twitter_card":"summary_large_image","twitter_misc":{"Arvioitu lukuaika":"4 minuuttia"},"schema":{"@context":"https:\/\/schema.org","@graph":[{"@type":"WebPage","@id":"https:\/\/idakorea.ee\/muugitingimused\/","url":"https:\/\/idakorea.ee\/muugitingimused\/","name":"Myyntiehdot - IDA.KOREA","isPartOf":{"@id":"https:\/\/idakorea.ee\/#website"},"datePublished":"2024-05-14T18:16:25+00:00","dateModified":"2025-08-27T07:42:57+00:00","breadcrumb":{"@id":"https:\/\/idakorea.ee\/muugitingimused\/#breadcrumb"},"inLanguage":"fi","potentialAction":[{"@type":"ReadAction","target":["https:\/\/idakorea.ee\/muugitingimused\/"]}]},{"@type":"BreadcrumbList","@id":"https:\/\/idakorea.ee\/muugitingimused\/#breadcrumb","itemListElement":[{"@type":"ListItem","position":1,"name":"\u0413\u043b\u0430\u0432\u043d\u0430\u044f \u0441\u0442\u0440\u0430\u043d\u0438\u0446\u0430","item":"https:\/\/idakorea.ee\/"},{"@type":"ListItem","position":2,"name":"M\u00fc\u00fcgitingimused"}]},{"@type":"WebSite","@id":"https:\/\/idakorea.ee\/#website","url":"https:\/\/idakorea.ee\/","name":"IDA.KOREA","description":"Korean kosmetiikan verkkokauppa","publisher":{"@id":"https:\/\/idakorea.ee\/#organization"},"alternateName":"Beauty Shop","potentialAction":[{"@type":"SearchAction","target":{"@type":"EntryPoint","urlTemplate":"https:\/\/idakorea.ee\/?s={search_term_string}"},"query-input":{"@type":"PropertyValueSpecification","valueRequired":true,"valueName":"search_term_string"}}],"inLanguage":"fi"},{"@type":"Organization","@id":"https:\/\/idakorea.ee\/#organization","name":"IDA.KOREA","url":"https:\/\/idakorea.ee\/","logo":{"@type":"ImageObject","inLanguage":"fi","@id":"https:\/\/idakorea.ee\/#\/schema\/logo\/image\/","url":"https:\/\/idakorea.ee\/wp-content\/uploads\/2024\/05\/cropped-korea3.png","contentUrl":"https:\/\/idakorea.ee\/wp-content\/uploads\/2024\/05\/cropped-korea3.png","width":688,"height":126,"caption":"IDA.KOREA"},"image":{"@id":"https:\/\/idakorea.ee\/#\/schema\/logo\/image\/"},"sameAs":["https:\/\/www.instagram.com\/ida.korea\/"]}]}},"jetpack_sharing_enabled":true,"_links":{"self":[{"href":"https:\/\/idakorea.ee\/fi\/wp-json\/wp\/v2\/pages\/2","targetHints":{"allow":["GET"]}}],"collection":[{"href":"https:\/\/idakorea.ee\/fi\/wp-json\/wp\/v2\/pages"}],"about":[{"href":"https:\/\/idakorea.ee\/fi\/wp-json\/wp\/v2\/types\/page"}],"author":[{"embeddable":true,"href":"https:\/\/idakorea.ee\/fi\/wp-json\/wp\/v2\/users\/1"}],"replies":[{"embeddable":true,"href":"https:\/\/idakorea.ee\/fi\/wp-json\/wp\/v2\/comments?post=2"}],"version-history":[{"count":2,"href":"https:\/\/idakorea.ee\/fi\/wp-json\/wp\/v2\/pages\/2\/revisions"}],"predecessor-version":[{"id":15667,"href":"https:\/\/idakorea.ee\/fi\/wp-json\/wp\/v2\/pages\/2\/revisions\/15667"}],"wp:attachment":[{"href":"https:\/\/idakorea.ee\/fi\/wp-json\/wp\/v2\/media?parent=2"}],"curies":[{"name":"wp","href":"https:\/\/api.w.org\/{rel}","templated":true}]}}