{"id":3,"date":"2024-05-14T18:16:25","date_gmt":"2024-05-14T18:16:25","guid":{"rendered":"https:\/\/idakorea.ee\/?page_id=3"},"modified":"2025-08-27T10:41:47","modified_gmt":"2025-08-27T07:41:47","slug":"privaatsuspoliitika","status":"publish","type":"page","link":"https:\/\/idakorea.ee\/fi\/privaatsuspoliitika\/","title":{"rendered":"Henkil\u00f6tietojen k\u00e4sittely"},"content":{"rendered":"<p class=\"has-text-align-center has-larger-font-size\"><strong>Henkil\u00f6tietojen k\u00e4sittely<\/strong><\/p>\n\n\n\n<p>Verkkokaupan Idakorea.ee henkil\u00f6tietojen rekisterinpit\u00e4j\u00e4 on Nova8 O\u00dc, rekisteritunnus 17198963, osoite 2.Tartu P\u00f5ik 2d, J\u00f5hvi ja s\u00e4hk\u00f6posti info@idakorea.ee (j\u00e4ljemp\u00e4n\u00e4 \u201c<strong>kauppias<\/strong>\u201c&quot;).<\/p>\n\n\n\n<h4 class=\"wp-block-heading\" id=\"h-milliseid-isikuandmeid-toodeldakse\"><strong>Mit\u00e4 henkil\u00f6tietoja k\u00e4sitell\u00e4\u00e4n<\/strong><\/h4>\n\n\n\n<ul class=\"wp-block-list\">\n<li>nimi;<\/li>\n\n\n\n<li>yhteystiedot, kuten puhelinnumero ja s\u00e4hk\u00f6postiosoite;<\/li>\n\n\n\n<li>maksaja ja toimitusosoite;<\/li>\n\n\n\n<li>pankkitilin numero;<\/li>\n\n\n\n<li>tavaroiden ja palvelujen kustannukset ja maksutiedot (ostohistoria);<\/li>\n\n\n\n<li>asiakastuen tiedot;<\/li>\n\n\n\n<li>muut asiakaskyselyihin ja\/tai tarjouksiin liittyv\u00e4t tiedot.<\/li>\n<\/ul>\n\n\n\n<hr class=\"wp-block-separator has-alpha-channel-opacity\"\/>\n\n\n\n<h4 class=\"wp-block-heading\" id=\"h-mis-eesmargil-isikuandmeid-toodeldakse\"><strong>Henkil\u00f6tietojen k\u00e4sittelyn tarkoitukset<\/strong><\/h4>\n\n\n\n<p>Henkil\u00f6tietojen k\u00e4sittely suoritetaan asiakkaan kanssa tehdyn sopimuksen t\u00e4ytt\u00e4miseksi. Henkil\u00f6tietojen k\u00e4sittely oikeudellisen velvoitteen t\u00e4ytt\u00e4miseksi (esim. kirjanpito ja kuluttajariitojen ratkaiseminen).&nbsp;<br>Henkil\u00f6tietoja k\u00e4ytet\u00e4\u00e4n asiakastilausten hallinnointiin ja tavaroiden toimittamiseen.&nbsp;<br>Ostohistoriatietoja (ostop\u00e4iv\u00e4m\u00e4\u00e4r\u00e4, tavarat, m\u00e4\u00e4r\u00e4, asiakastiedot) k\u00e4ytet\u00e4\u00e4n yleiskuvan laatimiseen ostetuista tavaroista ja palveluista sek\u00e4 asiakkaiden mieltymysten analysointiin.&nbsp;<br>Pankkitilin numeroa k\u00e4ytet\u00e4\u00e4n maksujen palauttamiseen asiakkaalle.&nbsp;<br>Henkil\u00f6tietoja, kuten s\u00e4hk\u00f6postiosoitetta, puhelinnumeroa ja asiakkaan nime\u00e4, k\u00e4sitell\u00e4\u00e4n tavaroiden ja palvelujen toimittamiseen liittyvien ongelmien ratkaisemiseksi (asiakastuki).&nbsp;<br>Verkkokaupan k\u00e4ytt\u00e4j\u00e4n IP-osoitetta tai muita verkkotunnisteita k\u00e4sitell\u00e4\u00e4n verkkokaupan tarjoamiseksi tietoyhteiskunnan palveluna ja verkkok\u00e4ytt\u00f6tilastoja varten.&nbsp;<\/p>\n\n\n\n<hr class=\"wp-block-separator has-alpha-channel-opacity\"\/>\n\n\n\n<h4 class=\"wp-block-heading\" id=\"h-isikuandmed-edastamine-volitatud-tootlejatele\"><strong>Henkil\u00f6tietojen siirt\u00e4minen henkil\u00f6tietojen k\u00e4sittelij\u00f6ille<\/strong><\/h4>\n\n\n\n<p>Kauppias pit\u00e4\u00e4 luottamuksellisina Asiakkaan henkil\u00f6tiedot, jotka ovat tulleet sen tietoon K\u00e4ytt\u00e4j\u00e4tilin rekister\u00f6innin ja k\u00e4yt\u00f6n yhteydess\u00e4, ja luovuttaa niit\u00e4 kolmansille osapuolille vain Asiakkaan suostumuksella, ellei laki edellyt\u00e4 velvollisuutta tai oikeutta luovuttaa tietoja. Verkkokaupan k\u00e4ytt\u00e4j\u00e4 hyv\u00e4ksyy, ett\u00e4 elinkeinonharjoittajalla on oikeus k\u00e4sitell\u00e4 h\u00e4nen henkil\u00f6tietojaan voidakseen tarjota asiakkaalle asianmukaisia palveluja, mukaan lukien asiakkaan tietojen v\u00e4litt\u00e4minen henkil\u00f6ille, jotka liittyv\u00e4t elinkeinonharjoittajan asiakkaalle tarjoaman palvelun tarjoamiseen. Luettelo tietojen k\u00e4sittelij\u00f6ist\u00e4:<\/p>\n\n\n\n<p>Yritysohjelmistot - kirjanpitotapahtumia varten<\/p>\n\n\n\n<ol class=\"wp-block-list\">\n<li>Merit-ohjelmisto<\/li>\n<\/ol>\n\n\n\n<p>Toimittajat - toimittavat tilaukset asiakkaalle:<\/p>\n\n\n\n<ol class=\"wp-block-list\">\n<li>DPD<\/li>\n\n\n\n<li>Itella<\/li>\n\n\n\n<li>Omniva<\/li>\n<\/ol>\n\n\n\n<p>Maksujen v\u00e4litt\u00e4j\u00e4t - tilausten maksaminen<\/p>\n\n\n\n<ol class=\"wp-block-list\">\n<li>Swedbank<\/li>\n\n\n\n<li>SEB<\/li>\n\n\n\n<li>Luminor<\/li>\n\n\n\n<li>LHV<\/li>\n\n\n\n<li>Coop<\/li>\n\n\n\n<li>Montonio Finance UAB<\/li>\n\n\n\n<li>PayPal<\/li>\n<\/ol>\n\n\n\n<p>Tilastojen ker\u00e4\u00e4minen - tietojen ker\u00e4\u00e4minen verkkokaupan k\u00e4ytt\u00e4j\u00e4kokemuksen parantamiseksi:<\/p>\n\n\n\n<ol class=\"wp-block-list\">\n<li>Google Analytics<\/li>\n\n\n\n<li>Facebook<\/li>\n<\/ol>\n\n\n\n<hr class=\"wp-block-separator has-alpha-channel-opacity\"\/>\n\n\n\n<h4 class=\"wp-block-heading\" id=\"h-isikuandmetega-tutvumine-ja-parandamine\"><strong>P\u00e4\u00e4sy henkil\u00f6tietoihin ja niiden korjaaminen<\/strong><\/h4>\n\n\n\n<p>Verkkokauppaan tallennettuja henkil\u00f6tietoja voi tarkastella ja korjata verkkokaupan tilinhallinnassa. Jos ostos tehd\u00e4\u00e4n vieraana (ilman k\u00e4ytt\u00e4j\u00e4tili\u00e4), henkil\u00f6tietoja voi pyyt\u00e4\u00e4 tietopyynt\u00f6lomakkeella.&nbsp;<\/p>\n\n\n\n<hr class=\"wp-block-separator has-alpha-channel-opacity\"\/>\n\n\n\n<h4 class=\"wp-block-heading\" id=\"h-nousoleku-tagasivotmine\"><strong>Suostumuksen peruuttaminen<\/strong><\/h4>\n\n\n\n<p>Jos henkil\u00f6tietojen k\u00e4sittely perustuu asiakkaan suostumukseen.<\/p>\n\n\n\n<hr class=\"wp-block-separator has-alpha-channel-opacity\"\/>\n\n\n\n<h4 class=\"wp-block-heading\" id=\"h-sailitamine\"><strong>Varastointi osoitteessa<\/strong><\/h4>\n\n\n\n<p>Kun suljet verkkokaupan asiakastilisi, henkil\u00f6tietosi poistetaan, ellei niit\u00e4 tarvitse s\u00e4ilytt\u00e4\u00e4 kirjanpitotarkoituksiin tai kuluttajariitojen ratkaisemiseksi.&nbsp;<\/p>\n\n\n\n<p>Jos ostos tehd\u00e4\u00e4n verkossa vieraana (ilman k\u00e4ytt\u00e4j\u00e4tili\u00e4), henkil\u00f6kohtainen ostohistoria s\u00e4ilytet\u00e4\u00e4n kolme vuotta.&nbsp;<\/p>\n\n\n\n<p>Maksuja ja kuluttajariitoja koskevissa riita-asioissa henkil\u00f6tietoja s\u00e4ilytet\u00e4\u00e4n, kunnes vaatimus on ratkaistu tai vanhentumisaika p\u00e4\u00e4ttyy (kolme vuotta).&nbsp;<\/p>\n\n\n\n<p>Kirjanpitoa varten tarvittavat henkil\u00f6tiedot s\u00e4ilytet\u00e4\u00e4n seitsem\u00e4n vuotta.&nbsp;<\/p>\n\n\n\n<hr class=\"wp-block-separator has-alpha-channel-opacity\"\/>\n\n\n\n<h4 class=\"wp-block-heading\" id=\"h-kustutamine\"><strong>Poistaminen<\/strong><\/h4>\n\n\n\n<p>Voit l\u00e4hett\u00e4\u00e4 pyynn\u00f6n verkkokaupassa tallennettujen henkil\u00f6tietojen poistamiseksi osoitteeseen info@idakorea.ee. Tietojen poistopyynt\u00f6\u00f6n vastataan viimeist\u00e4\u00e4n kuukauden kuluessa ja tarvittaessa m\u00e4\u00e4ritet\u00e4\u00e4n tietojen poistoaika.<\/p>\n\n\n\n<hr class=\"wp-block-separator has-alpha-channel-opacity\"\/>\n\n\n\n<h4 class=\"wp-block-heading\" id=\"h-otseturustusteated\"><strong>Suoramarkkinointiviestint\u00e4<\/strong><\/h4>\n\n\n\n<p>S\u00e4hk\u00f6postiosoitetta ja puhelinnumeroa k\u00e4ytet\u00e4\u00e4n suoramarkkinointiviestien l\u00e4hett\u00e4miseen. Jos asiakas ei halua vastaanottaa suoramarkkinointiviestej\u00e4, h\u00e4nen on valittava asianmukainen maininta s\u00e4hk\u00f6postin alatunnisteesta tai puhelinviestist\u00e4 tai otettava yhteytt\u00e4 asiakaspalveluun.&nbsp;<\/p>\n\n\n\n<p>Jos henkil\u00f6tietoja k\u00e4sitell\u00e4\u00e4n suoramarkkinointitarkoituksiin (profilointi), asiakkaalla on oikeus milloin tahansa vastustaa sek\u00e4 henkil\u00f6tietojensa alkuper\u00e4ist\u00e4 ett\u00e4 my\u00f6hemp\u00e4\u00e4 k\u00e4sittely\u00e4, mukaan lukien suoramarkkinointiin liittyv\u00e4 profilointi, ilmoittamalla siit\u00e4 asiakastukeen s\u00e4hk\u00f6postitse.&nbsp;<\/p>\n\n\n\n<hr class=\"wp-block-separator has-alpha-channel-opacity\"\/>\n\n\n\n<h4 class=\"wp-block-heading\" id=\"h-vaidluste-lahendamine\"><strong>Riitojen ratkaiseminen<\/strong><\/h4>\n\n\n\n<p>Henkil\u00f6tietojen k\u00e4sittelyyn liittyv\u00e4t riidat ratkaistaan asiakastuen kautta. Valvontaviranomaisena toimii Viron tietosuojavaltuutettu (<a href=\"mailto:info@aki.ee\">info@aki.ee<\/a>).&nbsp;<a href=\"https:\/\/komisjon.ee\/et\" target=\"_blank\" rel=\"noreferrer noopener\">Kuluttajansuojakomitea<\/a>&nbsp;ja&nbsp;<a href=\"https:\/\/ec.europa.eu\/consumers\/odr\/main\/index.cfm?event=main.home2.show&amp;lng=ET\" target=\"_blank\" rel=\"noreferrer noopener\">ODR-foorumi<\/a>&nbsp;<\/p>\n\n\n\n<p><\/p>\n\n\n\n<p><\/p>\n\n\n\n<p><\/p>\n\n\n\n<p><\/p>","protected":false},"excerpt":{"rendered":"<p>Henkil\u00f6tietojen k\u00e4sittely Idakorea.ee-verkkokaupan henkil\u00f6tietojen rekisterinpit\u00e4j\u00e4 on Nova8 O\u00dc, rekisterinumero 17198963, osoite 2.Tartu P\u00f5ik 2d, J\u00f5hvi ja s\u00e4hk\u00f6postiosoite info@idakorea.ee (j\u00e4ljemp\u00e4n\u00e4 \u201dkauppias\u201d). Mit\u00e4 henkil\u00f6tietoja k\u00e4sitell\u00e4\u00e4n? Mihin tarkoitukseen henkil\u00f6tietoja k\u00e4sitell\u00e4\u00e4n? Henkil\u00f6tietoja k\u00e4sitell\u00e4\u00e4n asiakkaan kanssa tehdyn sopimuksen t\u00e4yt\u00e4nt\u00f6\u00f6n panemiseksi. Henkil\u00f6tietoja k\u00e4sitell\u00e4\u00e4n lakis\u00e4\u00e4teisen velvoitteen t\u00e4ytt\u00e4miseksi (esim. kirjanpito ja kuluttajariitojen ratkaiseminen). Henkil\u00f6tietoja k\u00e4ytet\u00e4\u00e4n asiakkaiden tilausten hallinnointiin ja tavaroiden toimittamiseen. Ostohistoriatiedot\u2026<\/p>","protected":false},"author":1,"featured_media":0,"parent":0,"menu_order":0,"comment_status":"closed","ping_status":"closed","template":"","meta":{"_uf_show_specific_survey":0,"_uf_disable_surveys":false,"_bst_post_transparent":"","_bst_post_title":"","_bst_post_layout":"","_bst_post_sidebar_id":"","_bst_post_content_style":"","_bst_post_vertical_padding":"","_bst_post_feature":"","_bst_post_feature_position":"","_bst_post_header":false,"_bst_post_footer":false,"footnotes":""},"class_list":["post-3","page","type-page","status-publish","hentry"],"yoast_head":"<!-- This site is optimized with the Yoast SEO plugin v27.2 - https:\/\/yoast.com\/product\/yoast-seo-wordpress\/ -->\n<title>Isikuandmete t\u00f6\u00f6tlemine - IDA.KOREA<\/title>\n<meta name=\"robots\" content=\"index, follow, max-snippet:-1, max-image-preview:large, max-video-preview:-1\" \/>\n<link rel=\"canonical\" href=\"https:\/\/idakorea.ee\/fi\/privaatsuspoliitika\/\" \/>\n<meta property=\"og:locale\" content=\"fi_FI\" \/>\n<meta property=\"og:type\" content=\"article\" \/>\n<meta property=\"og:title\" content=\"Isikuandmete t\u00f6\u00f6tlemine - IDA.KOREA\" \/>\n<meta property=\"og:description\" content=\"Isikuandmete t\u00f6\u00f6tlemine E-poe Idakorea.ee isikuandmete vastutav t\u00f6\u00f6tleja on Nova8 O\u00dc, registrikood 17198963, aadress 2.Tartu P\u00f5ik 2d, J\u00f5hvi ja e-post info@idakorea.ee (edaspidi &#8220;kaupmees&#8220;). Milliseid isikuandmeid t\u00f6\u00f6deldakse Mis eesm\u00e4rgil isikuandmeid t\u00f6\u00f6deldakse Isikuandmete t\u00f6\u00f6tlemine toimub kliendiga s\u00f5lmitud lepingu t\u00e4itmise eesm\u00e4rgil.&nbsp;Isikuandmete t\u00f6\u00f6tlemine toimub juriidilise kohustuse t\u00e4itmiseks (nt raamatupidamine ja tarbijavaidluste lahendamine).&nbsp;Isikuandmeid kasutatakse kliendi tellimuste haldamiseks ja kauba kohaletoimetamiseks.&nbsp;Ostuajaloo andmeid...\" \/>\n<meta property=\"og:url\" content=\"https:\/\/idakorea.ee\/fi\/privaatsuspoliitika\/\" \/>\n<meta property=\"og:site_name\" content=\"IDA.KOREA\" \/>\n<meta property=\"article:modified_time\" content=\"2025-08-27T07:41:47+00:00\" \/>\n<meta property=\"og:image\" content=\"https:\/\/idakorea.ee\/wp-content\/uploads\/2024\/07\/logo.png\" \/>\n\t<meta property=\"og:image:width\" content=\"813\" \/>\n\t<meta property=\"og:image:height\" content=\"813\" \/>\n\t<meta property=\"og:image:type\" content=\"image\/png\" \/>\n<meta name=\"twitter:card\" content=\"summary_large_image\" \/>\n<meta name=\"twitter:label1\" content=\"Arvioitu lukuaika\" \/>\n\t<meta name=\"twitter:data1\" content=\"3 minuuttia\" \/>\n<script type=\"application\/ld+json\" class=\"yoast-schema-graph\">{\"@context\":\"https:\/\/schema.org\",\"@graph\":[{\"@type\":\"WebPage\",\"@id\":\"https:\/\/idakorea.ee\/privaatsuspoliitika\/\",\"url\":\"https:\/\/idakorea.ee\/privaatsuspoliitika\/\",\"name\":\"Isikuandmete t\u00f6\u00f6tlemine - IDA.KOREA\",\"isPartOf\":{\"@id\":\"https:\/\/idakorea.ee\/#website\"},\"datePublished\":\"2024-05-14T18:16:25+00:00\",\"dateModified\":\"2025-08-27T07:41:47+00:00\",\"breadcrumb\":{\"@id\":\"https:\/\/idakorea.ee\/privaatsuspoliitika\/#breadcrumb\"},\"inLanguage\":\"fi\",\"potentialAction\":[{\"@type\":\"ReadAction\",\"target\":[\"https:\/\/idakorea.ee\/privaatsuspoliitika\/\"]}]},{\"@type\":\"BreadcrumbList\",\"@id\":\"https:\/\/idakorea.ee\/privaatsuspoliitika\/#breadcrumb\",\"itemListElement\":[{\"@type\":\"ListItem\",\"position\":1,\"name\":\"\u0413\u043b\u0430\u0432\u043d\u0430\u044f \u0441\u0442\u0440\u0430\u043d\u0438\u0446\u0430\",\"item\":\"https:\/\/idakorea.ee\/\"},{\"@type\":\"ListItem\",\"position\":2,\"name\":\"Isikuandmete t\u00f6\u00f6tlemine\"}]},{\"@type\":\"WebSite\",\"@id\":\"https:\/\/idakorea.ee\/#website\",\"url\":\"https:\/\/idakorea.ee\/\",\"name\":\"IDA.KOREA\",\"description\":\"Korea kosmeetika e-pood\",\"publisher\":{\"@id\":\"https:\/\/idakorea.ee\/#organization\"},\"alternateName\":\"Beauty Shop\",\"potentialAction\":[{\"@type\":\"SearchAction\",\"target\":{\"@type\":\"EntryPoint\",\"urlTemplate\":\"https:\/\/idakorea.ee\/?s={search_term_string}\"},\"query-input\":{\"@type\":\"PropertyValueSpecification\",\"valueRequired\":true,\"valueName\":\"search_term_string\"}}],\"inLanguage\":\"fi\"},{\"@type\":\"Organization\",\"@id\":\"https:\/\/idakorea.ee\/#organization\",\"name\":\"IDA.KOREA\",\"url\":\"https:\/\/idakorea.ee\/\",\"logo\":{\"@type\":\"ImageObject\",\"inLanguage\":\"fi\",\"@id\":\"https:\/\/idakorea.ee\/#\/schema\/logo\/image\/\",\"url\":\"https:\/\/idakorea.ee\/wp-content\/uploads\/2024\/05\/cropped-korea3.png\",\"contentUrl\":\"https:\/\/idakorea.ee\/wp-content\/uploads\/2024\/05\/cropped-korea3.png\",\"width\":688,\"height\":126,\"caption\":\"IDA.KOREA\"},\"image\":{\"@id\":\"https:\/\/idakorea.ee\/#\/schema\/logo\/image\/\"},\"sameAs\":[\"https:\/\/www.instagram.com\/ida.korea\/\"]}]}<\/script>\n<!-- \/ Yoast SEO plugin. -->","yoast_head_json":{"title":"Henkil\u00f6tietojen k\u00e4sittely - IDA.KOREA","robots":{"index":"index","follow":"follow","max-snippet":"max-snippet:-1","max-image-preview":"max-image-preview:large","max-video-preview":"max-video-preview:-1"},"canonical":"https:\/\/idakorea.ee\/fi\/privaatsuspoliitika\/","og_locale":"fi_FI","og_type":"article","og_title":"Isikuandmete t\u00f6\u00f6tlemine - IDA.KOREA","og_description":"Isikuandmete t\u00f6\u00f6tlemine E-poe Idakorea.ee isikuandmete vastutav t\u00f6\u00f6tleja on Nova8 O\u00dc, registrikood 17198963, aadress 2.Tartu P\u00f5ik 2d, J\u00f5hvi ja e-post info@idakorea.ee (edaspidi &#8220;kaupmees&#8220;). Milliseid isikuandmeid t\u00f6\u00f6deldakse Mis eesm\u00e4rgil isikuandmeid t\u00f6\u00f6deldakse Isikuandmete t\u00f6\u00f6tlemine toimub kliendiga s\u00f5lmitud lepingu t\u00e4itmise eesm\u00e4rgil.&nbsp;Isikuandmete t\u00f6\u00f6tlemine toimub juriidilise kohustuse t\u00e4itmiseks (nt raamatupidamine ja tarbijavaidluste lahendamine).&nbsp;Isikuandmeid kasutatakse kliendi tellimuste haldamiseks ja kauba kohaletoimetamiseks.&nbsp;Ostuajaloo andmeid...","og_url":"https:\/\/idakorea.ee\/fi\/privaatsuspoliitika\/","og_site_name":"IDA.KOREA","article_modified_time":"2025-08-27T07:41:47+00:00","og_image":[{"width":813,"height":813,"url":"https:\/\/idakorea.ee\/wp-content\/uploads\/2024\/07\/logo.png","type":"image\/png"}],"twitter_card":"summary_large_image","twitter_misc":{"Arvioitu lukuaika":"3 minuuttia"},"schema":{"@context":"https:\/\/schema.org","@graph":[{"@type":"WebPage","@id":"https:\/\/idakorea.ee\/privaatsuspoliitika\/","url":"https:\/\/idakorea.ee\/privaatsuspoliitika\/","name":"Henkil\u00f6tietojen k\u00e4sittely - IDA.KOREA","isPartOf":{"@id":"https:\/\/idakorea.ee\/#website"},"datePublished":"2024-05-14T18:16:25+00:00","dateModified":"2025-08-27T07:41:47+00:00","breadcrumb":{"@id":"https:\/\/idakorea.ee\/privaatsuspoliitika\/#breadcrumb"},"inLanguage":"fi","potentialAction":[{"@type":"ReadAction","target":["https:\/\/idakorea.ee\/privaatsuspoliitika\/"]}]},{"@type":"BreadcrumbList","@id":"https:\/\/idakorea.ee\/privaatsuspoliitika\/#breadcrumb","itemListElement":[{"@type":"ListItem","position":1,"name":"\u0413\u043b\u0430\u0432\u043d\u0430\u044f \u0441\u0442\u0440\u0430\u043d\u0438\u0446\u0430","item":"https:\/\/idakorea.ee\/"},{"@type":"ListItem","position":2,"name":"Isikuandmete t\u00f6\u00f6tlemine"}]},{"@type":"WebSite","@id":"https:\/\/idakorea.ee\/#website","url":"https:\/\/idakorea.ee\/","name":"IDA.KOREA","description":"Korean kosmetiikan verkkokauppa","publisher":{"@id":"https:\/\/idakorea.ee\/#organization"},"alternateName":"Beauty Shop","potentialAction":[{"@type":"SearchAction","target":{"@type":"EntryPoint","urlTemplate":"https:\/\/idakorea.ee\/?s={search_term_string}"},"query-input":{"@type":"PropertyValueSpecification","valueRequired":true,"valueName":"search_term_string"}}],"inLanguage":"fi"},{"@type":"Organization","@id":"https:\/\/idakorea.ee\/#organization","name":"IDA.KOREA","url":"https:\/\/idakorea.ee\/","logo":{"@type":"ImageObject","inLanguage":"fi","@id":"https:\/\/idakorea.ee\/#\/schema\/logo\/image\/","url":"https:\/\/idakorea.ee\/wp-content\/uploads\/2024\/05\/cropped-korea3.png","contentUrl":"https:\/\/idakorea.ee\/wp-content\/uploads\/2024\/05\/cropped-korea3.png","width":688,"height":126,"caption":"IDA.KOREA"},"image":{"@id":"https:\/\/idakorea.ee\/#\/schema\/logo\/image\/"},"sameAs":["https:\/\/www.instagram.com\/ida.korea\/"]}]}},"jetpack_sharing_enabled":true,"_links":{"self":[{"href":"https:\/\/idakorea.ee\/fi\/wp-json\/wp\/v2\/pages\/3","targetHints":{"allow":["GET"]}}],"collection":[{"href":"https:\/\/idakorea.ee\/fi\/wp-json\/wp\/v2\/pages"}],"about":[{"href":"https:\/\/idakorea.ee\/fi\/wp-json\/wp\/v2\/types\/page"}],"author":[{"embeddable":true,"href":"https:\/\/idakorea.ee\/fi\/wp-json\/wp\/v2\/users\/1"}],"replies":[{"embeddable":true,"href":"https:\/\/idakorea.ee\/fi\/wp-json\/wp\/v2\/comments?post=3"}],"version-history":[{"count":2,"href":"https:\/\/idakorea.ee\/fi\/wp-json\/wp\/v2\/pages\/3\/revisions"}],"predecessor-version":[{"id":15665,"href":"https:\/\/idakorea.ee\/fi\/wp-json\/wp\/v2\/pages\/3\/revisions\/15665"}],"wp:attachment":[{"href":"https:\/\/idakorea.ee\/fi\/wp-json\/wp\/v2\/media?parent=3"}],"curies":[{"name":"wp","href":"https:\/\/api.w.org\/{rel}","templated":true}]}}