{"id":4812,"date":"2024-06-11T12:07:11","date_gmt":"2024-06-11T12:07:11","guid":{"rendered":"https:\/\/idakorea.ee\/?page_id=4812"},"modified":"2026-01-21T16:01:29","modified_gmt":"2026-01-21T14:01:29","slug":"kohaletoimetamine-2","status":"publish","type":"page","link":"https:\/\/idakorea.ee\/fi\/kohaletoimetamine-2\/","title":{"rendered":"Toimitus osoitteeseen"},"content":{"rendered":"<p class=\"has-text-align-center has-larger-font-size\"><strong>Toimitus osoitteeseen<\/strong><\/p>\n\n\n\n<h4 class=\"wp-block-heading\" id=\"h-ida-korea-showroom\"><strong>Ida.korea showroom<\/strong><\/h4>\n\n\n\n<p>Maksuton<\/p>\n\n\n\n<p>Tule hakemaan pakkaus itsellesi n\u00e4yttelytilastamme. Olemme osoitteessa Tartu P\u00f5ik 2d, J\u00f5hvi. Saat s\u00e4hk\u00f6postitse ilmoituksen, kun tilauksesi saapuu. Showroom on avoinna ajanvarauksella.<\/p>\n\n\n\n<hr class=\"wp-block-separator has-alpha-channel-opacity\"\/>\n\n\n\n<h4 class=\"wp-block-heading\" id=\"h-omniva-pakiautomaat\"><strong>Omniva-pakettiautomaatti<\/strong><\/h4>\n\n\n\n<p><strong>Viro<\/strong><\/p>\n\n\n\n<p>3,10 \u20ac \/ Ilmainen toimitus yli 45 \u20ac ostoksille<\/p>\n\n\n\n<p><strong>Latvia\/Liettua <\/strong><\/p>\n\n\n\n<p>4,95\u20ac \/ Ilmainen toimitus ostoksista 55\u20ac yl\u00f6sp\u00e4in.<\/p>\n\n\n\n<p><\/p>\n\n\n\n<hr class=\"wp-block-separator has-alpha-channel-opacity\"\/>\n\n\n\n<h4 class=\"wp-block-heading\" id=\"h-smartpost-pakiautomaat\"><strong>Smartpost-pakettiautomaatti<\/strong><\/h4>\n\n\n\n<p><strong>Viro<\/strong> <\/p>\n\n\n\n<p>2,55 \u20ac \/ Ilmainen toimitus yli 45 \u20ac ostoksille<\/p>\n\n\n\n<p><strong>Suomi<\/strong><\/p>\n\n\n\n<p>9,90 \u20ac \/ Ilmainen toimitus yli 85 \u20ac ostoksille<\/p>\n\n\n\n<p><\/p>\n\n\n\n<hr class=\"wp-block-separator has-alpha-channel-opacity\"\/>\n\n\n\n<h4 class=\"wp-block-heading\" id=\"h-unisend-pakiautomaat\"><strong>Unisend-pakettiterminaali<\/strong><\/h4>\n\n\n\n<p><strong>Viro<\/strong><\/p>\n\n\n\n<p>2,50 \u20ac \/ Ilmainen toimitus yli 45 \u20ac ostoksille<\/p>\n\n\n\n<p><strong>Latvia\/Liettua<\/strong><\/p>\n\n\n\n<p>3,55\u20ac \/ Ilmainen toimitus ostoksille 55\u20ac yl\u00f6sp\u00e4in.<\/p>\n\n\n\n<hr class=\"wp-block-separator has-alpha-channel-opacity\"\/>\n\n\n\n<h4 class=\"wp-block-heading\" id=\"h-rahvusvaheline-tarne\"><strong>Kansainv\u00e4linen toimitus<\/strong><\/h4>\n\n\n\n<ul class=\"wp-block-list\">\n<li>It\u00e4valta<\/li>\n\n\n\n<li>T\u0161ekin tasavalta<\/li>\n\n\n\n<li>Saksa<\/li>\n\n\n\n<li>Espanja<\/li>\n\n\n\n<li>Unkari<\/li>\n\n\n\n<li>Italia<\/li>\n\n\n\n<li>Alankomaat<\/li>\n\n\n\n<li>Puola<\/li>\n\n\n\n<li>Slovakia<\/li>\n<\/ul>\n\n\n\n<p>Alkaen 9,9 \u20ac \/ Ilmainen toimitus yli 150 \u20ac ostoksille<\/p>\n\n\n\n<p><\/p>\n\n\n\n<p><\/p>\n\n\n\n<p><\/p>\n\n\n\n<p><\/p>\n\n\n\n<p><\/p>\n\n\n\n<p><\/p>","protected":false},"excerpt":{"rendered":"<p>Kohaletoimetamine Ida.korea showroom Tasuta Tule pakile meie showroomi ise j\u00e4rgi. Asume aadressil 2.Tartu P\u00f5ik 2d, J\u00f5hvi. Tellimuse saabumisest teavitatakse e-posti teel. Showroom on avatud kokkuleppel. Omniva pakiautomaat Eesti 3,10\u20ac \/ Tasuta transport ostudel alates 45\u20ac L\u00e4ti\/Leedu 4,95\u20ac \/ Tasuta transport ostudel alates 55\u20ac Smartpost pakiautomaat Eesti 2,55\u20ac \/ Tasuta transport ostudel alates 45\u20ac Soome 9,90\u20ac&#8230;<\/p>","protected":false},"author":1,"featured_media":0,"parent":0,"menu_order":0,"comment_status":"closed","ping_status":"closed","template":"","meta":{"_uf_show_specific_survey":0,"_uf_disable_surveys":false,"_bst_post_transparent":"","_bst_post_title":"","_bst_post_layout":"","_bst_post_sidebar_id":"","_bst_post_content_style":"","_bst_post_vertical_padding":"","_bst_post_feature":"","_bst_post_feature_position":"","_bst_post_header":false,"_bst_post_footer":false,"footnotes":""},"class_list":["post-4812","page","type-page","status-publish","hentry"],"yoast_head":"<!-- This site is optimized with the Yoast SEO plugin v27.2 - https:\/\/yoast.com\/product\/yoast-seo-wordpress\/ -->\n<title>Kohaletoimetamine - IDA.KOREA<\/title>\n<meta name=\"description\" content=\"Tasuta tarne Eesti piires tellimustele al. 48\u20ac, L\u00e4ti ja Leedu al. 50\u20ac\" \/>\n<meta name=\"robots\" content=\"index, follow, max-snippet:-1, max-image-preview:large, max-video-preview:-1\" \/>\n<link rel=\"canonical\" href=\"https:\/\/idakorea.ee\/fi\/kohaletoimetamine-2\/\" \/>\n<meta property=\"og:locale\" content=\"fi_FI\" \/>\n<meta property=\"og:type\" content=\"article\" \/>\n<meta property=\"og:title\" content=\"Kohaletoimetamine - IDA.KOREA\" \/>\n<meta property=\"og:description\" content=\"Tasuta tarne Eesti piires tellimustele al. 48\u20ac, L\u00e4ti ja Leedu al. 50\u20ac\" \/>\n<meta property=\"og:url\" content=\"https:\/\/idakorea.ee\/fi\/kohaletoimetamine-2\/\" \/>\n<meta property=\"og:site_name\" content=\"IDA.KOREA\" \/>\n<meta property=\"article:modified_time\" content=\"2026-01-21T14:01:29+00:00\" \/>\n<meta property=\"og:image\" content=\"https:\/\/idakorea.ee\/wp-content\/uploads\/2024\/07\/logo.png\" \/>\n\t<meta property=\"og:image:width\" content=\"813\" \/>\n\t<meta property=\"og:image:height\" content=\"813\" \/>\n\t<meta property=\"og:image:type\" content=\"image\/png\" \/>\n<meta name=\"twitter:card\" content=\"summary_large_image\" \/>\n<meta name=\"twitter:label1\" content=\"Arvioitu lukuaika\" \/>\n\t<meta name=\"twitter:data1\" content=\"1 minuutti\" \/>\n<script type=\"application\/ld+json\" class=\"yoast-schema-graph\">{\"@context\":\"https:\/\/schema.org\",\"@graph\":[{\"@type\":\"WebPage\",\"@id\":\"https:\/\/idakorea.ee\/kohaletoimetamine-2\/\",\"url\":\"https:\/\/idakorea.ee\/kohaletoimetamine-2\/\",\"name\":\"Kohaletoimetamine - IDA.KOREA\",\"isPartOf\":{\"@id\":\"https:\/\/idakorea.ee\/#website\"},\"datePublished\":\"2024-06-11T12:07:11+00:00\",\"dateModified\":\"2026-01-21T14:01:29+00:00\",\"description\":\"Tasuta tarne Eesti piires tellimustele al. 48\u20ac, L\u00e4ti ja Leedu al. 50\u20ac\",\"breadcrumb\":{\"@id\":\"https:\/\/idakorea.ee\/kohaletoimetamine-2\/#breadcrumb\"},\"inLanguage\":\"fi\",\"potentialAction\":[{\"@type\":\"ReadAction\",\"target\":[\"https:\/\/idakorea.ee\/kohaletoimetamine-2\/\"]}]},{\"@type\":\"BreadcrumbList\",\"@id\":\"https:\/\/idakorea.ee\/kohaletoimetamine-2\/#breadcrumb\",\"itemListElement\":[{\"@type\":\"ListItem\",\"position\":1,\"name\":\"\u0413\u043b\u0430\u0432\u043d\u0430\u044f \u0441\u0442\u0440\u0430\u043d\u0438\u0446\u0430\",\"item\":\"https:\/\/idakorea.ee\/\"},{\"@type\":\"ListItem\",\"position\":2,\"name\":\"Kohaletoimetamine\"}]},{\"@type\":\"WebSite\",\"@id\":\"https:\/\/idakorea.ee\/#website\",\"url\":\"https:\/\/idakorea.ee\/\",\"name\":\"IDA.KOREA\",\"description\":\"Korea kosmeetika e-pood\",\"publisher\":{\"@id\":\"https:\/\/idakorea.ee\/#organization\"},\"alternateName\":\"Beauty Shop\",\"potentialAction\":[{\"@type\":\"SearchAction\",\"target\":{\"@type\":\"EntryPoint\",\"urlTemplate\":\"https:\/\/idakorea.ee\/?s={search_term_string}\"},\"query-input\":{\"@type\":\"PropertyValueSpecification\",\"valueRequired\":true,\"valueName\":\"search_term_string\"}}],\"inLanguage\":\"fi\"},{\"@type\":\"Organization\",\"@id\":\"https:\/\/idakorea.ee\/#organization\",\"name\":\"IDA.KOREA\",\"url\":\"https:\/\/idakorea.ee\/\",\"logo\":{\"@type\":\"ImageObject\",\"inLanguage\":\"fi\",\"@id\":\"https:\/\/idakorea.ee\/#\/schema\/logo\/image\/\",\"url\":\"https:\/\/idakorea.ee\/wp-content\/uploads\/2024\/05\/cropped-korea3.png\",\"contentUrl\":\"https:\/\/idakorea.ee\/wp-content\/uploads\/2024\/05\/cropped-korea3.png\",\"width\":688,\"height\":126,\"caption\":\"IDA.KOREA\"},\"image\":{\"@id\":\"https:\/\/idakorea.ee\/#\/schema\/logo\/image\/\"},\"sameAs\":[\"https:\/\/www.instagram.com\/ida.korea\/\"]}]}<\/script>\n<!-- \/ Yoast SEO plugin. -->","yoast_head_json":{"title":"Toimitus - IDA.KOREA","description":"Ilmainen toimitus Viron sis\u00e4ll\u00e4 48 \u20ac:sta alkaen, Latviassa ja Liettuassa 50 \u20ac:sta alkaen.","robots":{"index":"index","follow":"follow","max-snippet":"max-snippet:-1","max-image-preview":"max-image-preview:large","max-video-preview":"max-video-preview:-1"},"canonical":"https:\/\/idakorea.ee\/fi\/kohaletoimetamine-2\/","og_locale":"fi_FI","og_type":"article","og_title":"Kohaletoimetamine - IDA.KOREA","og_description":"Tasuta tarne Eesti piires tellimustele al. 48\u20ac, L\u00e4ti ja Leedu al. 50\u20ac","og_url":"https:\/\/idakorea.ee\/fi\/kohaletoimetamine-2\/","og_site_name":"IDA.KOREA","article_modified_time":"2026-01-21T14:01:29+00:00","og_image":[{"width":813,"height":813,"url":"https:\/\/idakorea.ee\/wp-content\/uploads\/2024\/07\/logo.png","type":"image\/png"}],"twitter_card":"summary_large_image","twitter_misc":{"Arvioitu lukuaika":"1 minuutti"},"schema":{"@context":"https:\/\/schema.org","@graph":[{"@type":"WebPage","@id":"https:\/\/idakorea.ee\/kohaletoimetamine-2\/","url":"https:\/\/idakorea.ee\/kohaletoimetamine-2\/","name":"Toimitus - IDA.KOREA","isPartOf":{"@id":"https:\/\/idakorea.ee\/#website"},"datePublished":"2024-06-11T12:07:11+00:00","dateModified":"2026-01-21T14:01:29+00:00","description":"Ilmainen toimitus Viron sis\u00e4ll\u00e4 48 \u20ac:sta alkaen, Latviassa ja Liettuassa 50 \u20ac:sta alkaen.","breadcrumb":{"@id":"https:\/\/idakorea.ee\/kohaletoimetamine-2\/#breadcrumb"},"inLanguage":"fi","potentialAction":[{"@type":"ReadAction","target":["https:\/\/idakorea.ee\/kohaletoimetamine-2\/"]}]},{"@type":"BreadcrumbList","@id":"https:\/\/idakorea.ee\/kohaletoimetamine-2\/#breadcrumb","itemListElement":[{"@type":"ListItem","position":1,"name":"\u0413\u043b\u0430\u0432\u043d\u0430\u044f \u0441\u0442\u0440\u0430\u043d\u0438\u0446\u0430","item":"https:\/\/idakorea.ee\/"},{"@type":"ListItem","position":2,"name":"Kohaletoimetamine"}]},{"@type":"WebSite","@id":"https:\/\/idakorea.ee\/#website","url":"https:\/\/idakorea.ee\/","name":"IDA.KOREA","description":"Korean kosmetiikan verkkokauppa","publisher":{"@id":"https:\/\/idakorea.ee\/#organization"},"alternateName":"Beauty Shop","potentialAction":[{"@type":"SearchAction","target":{"@type":"EntryPoint","urlTemplate":"https:\/\/idakorea.ee\/?s={search_term_string}"},"query-input":{"@type":"PropertyValueSpecification","valueRequired":true,"valueName":"search_term_string"}}],"inLanguage":"fi"},{"@type":"Organization","@id":"https:\/\/idakorea.ee\/#organization","name":"IDA.KOREA","url":"https:\/\/idakorea.ee\/","logo":{"@type":"ImageObject","inLanguage":"fi","@id":"https:\/\/idakorea.ee\/#\/schema\/logo\/image\/","url":"https:\/\/idakorea.ee\/wp-content\/uploads\/2024\/05\/cropped-korea3.png","contentUrl":"https:\/\/idakorea.ee\/wp-content\/uploads\/2024\/05\/cropped-korea3.png","width":688,"height":126,"caption":"IDA.KOREA"},"image":{"@id":"https:\/\/idakorea.ee\/#\/schema\/logo\/image\/"},"sameAs":["https:\/\/www.instagram.com\/ida.korea\/"]}]}},"jetpack_sharing_enabled":true,"_links":{"self":[{"href":"https:\/\/idakorea.ee\/fi\/wp-json\/wp\/v2\/pages\/4812","targetHints":{"allow":["GET"]}}],"collection":[{"href":"https:\/\/idakorea.ee\/fi\/wp-json\/wp\/v2\/pages"}],"about":[{"href":"https:\/\/idakorea.ee\/fi\/wp-json\/wp\/v2\/types\/page"}],"author":[{"embeddable":true,"href":"https:\/\/idakorea.ee\/fi\/wp-json\/wp\/v2\/users\/1"}],"replies":[{"embeddable":true,"href":"https:\/\/idakorea.ee\/fi\/wp-json\/wp\/v2\/comments?post=4812"}],"version-history":[{"count":12,"href":"https:\/\/idakorea.ee\/fi\/wp-json\/wp\/v2\/pages\/4812\/revisions"}],"predecessor-version":[{"id":17356,"href":"https:\/\/idakorea.ee\/fi\/wp-json\/wp\/v2\/pages\/4812\/revisions\/17356"}],"wp:attachment":[{"href":"https:\/\/idakorea.ee\/fi\/wp-json\/wp\/v2\/media?parent=4812"}],"curies":[{"name":"wp","href":"https:\/\/api.w.org\/{rel}","templated":true}]}}