{"id":4818,"date":"2024-06-11T12:24:00","date_gmt":"2024-06-11T12:24:00","guid":{"rendered":"https:\/\/idakorea.ee\/?page_id=4818"},"modified":"2024-06-11T12:31:14","modified_gmt":"2024-06-11T12:31:14","slug":"tagastamisoigus","status":"publish","type":"page","link":"https:\/\/idakorea.ee\/fi\/tagastamisoigus\/","title":{"rendered":"Palautusoikeus"},"content":{"rendered":"<p class=\"has-text-align-center has-larger-font-size\"><strong>Palautusoikeus<\/strong><\/p>\n\n\n\n<p><\/p>\n\n\n\n<p>Idakorea.ee-verkkokaupasta ostettuihin tuotteisiin sovelletaan Viron tasavallan lakien mukaista takuu- ja palautusoikeutta.<\/p>\n\n\n\n<p>Ostetuilla tavaroilla on 14 p\u00e4iv\u00e4n palautusoikeus niiden vastaanottamisesta.<\/p>\n\n\n\n<hr class=\"wp-block-separator has-alpha-channel-opacity\"\/>\n\n\n\n<h4 class=\"wp-block-heading\">Tuotteen palauttaminen:<\/h4>\n\n\n\n<ul class=\"wp-block-list\">\n<li>Asiakkaan on ilmoitettava palautushalukkuudestaan 14 p\u00e4iv\u00e4n kuluessa tavaran vastaanottamisesta kirjallisesti osoitteeseen info@idakorea.ee.<\/li>\n\n\n\n<li>Palautettujen tavaroiden on oltava k\u00e4ytt\u00e4m\u00e4tt\u00f6mi\u00e4, vahingoittumattomia ja alkuper\u00e4ispakkauksessa.<\/li>\n\n\n\n<li>Tavaroiden palauttaminen tapahtuu asiakkaan kustannuksella, ellei palautuksen syyn\u00e4 ole tilauksen vastainen tai viallinen tavara.<\/li>\n\n\n\n<li>Asiakkaalle palautetaan rahat palautetuista tavaroista v\u00e4litt\u00f6m\u00e4sti, mutta viimeist\u00e4\u00e4n 14 p\u00e4iv\u00e4n kuluessa peruutuksen vastaanottamisesta. Palautettujen tavaroiden kustannusten lis\u00e4ksi palautetaan my\u00f6s toimituskulut.<\/li>\n\n\n\n<li>Avoimissa pakkauksissa olevia kosmetiikkatuotteita ja hajuvesi\u00e4 ei palauteta. Tuotteita, joiden k\u00e4ytt\u00f6\u00e4 (tai k\u00e4ytt\u00e4m\u00e4tt\u00f6myytt\u00e4) ei voida tarkistaa, ei my\u00f6sk\u00e4\u00e4n palauteta. Esimerkiksi ripsiv\u00e4ri, jonka s\u00e4ilyvyysaika on suhteellisen lyhyt ja suoraan sidoksissa avaamisajankohtaan.<\/li>\n\n\n\n<li>Asiakas voi saattaa asian kuluttajansuojaneuvoston kuluttajavalituslautakunnan k\u00e4sitelt\u00e4v\u00e4ksi, joka on toimivaltainen ratkaisemaan sopimuksesta johtuvat riidat, jos riidanalaisten tavaroiden arvo ylitt\u00e4\u00e4 20 euroa (valituksen k\u00e4sittely lautakunnassa on maksutonta).<\/li>\n<\/ul>\n\n\n\n<p><\/p>\n\n\n\n<p>Verona Baltic O\u00dc<\/p>\n\n\n\n<p><\/p>\n\n\n\n<p><\/p>","protected":false},"excerpt":{"rendered":"<p>Palautusoikeus Idakorea.ee-verkkokaupasta ostettuihin tavaroihin sovelletaan Viron tasavallan lains\u00e4\u00e4d\u00e4nn\u00f6ss\u00e4 s\u00e4\u00e4dettyj\u00e4 takuu- ja palautusmenettelyj\u00e4. Ostettuihin tavaroihin sovelletaan 14 p\u00e4iv\u00e4n palautusoikeutta niiden vastaanottop\u00e4iv\u00e4st\u00e4 alkaen. Verona Baltic O\u00dc<\/p>","protected":false},"author":1,"featured_media":0,"parent":0,"menu_order":0,"comment_status":"closed","ping_status":"closed","template":"","meta":{"_uf_show_specific_survey":0,"_uf_disable_surveys":false,"_bst_post_transparent":"","_bst_post_title":"","_bst_post_layout":"","_bst_post_sidebar_id":"","_bst_post_content_style":"","_bst_post_vertical_padding":"","_bst_post_feature":"","_bst_post_feature_position":"","_bst_post_header":false,"_bst_post_footer":false,"footnotes":""},"class_list":["post-4818","page","type-page","status-publish","hentry"],"yoast_head":"<!-- This site is optimized with the Yoast SEO plugin v27.2 - https:\/\/yoast.com\/product\/yoast-seo-wordpress\/ -->\n<title>Tagastamis\u00f5igus - IDA.KOREA<\/title>\n<meta name=\"robots\" content=\"index, follow, max-snippet:-1, max-image-preview:large, max-video-preview:-1\" \/>\n<link rel=\"canonical\" href=\"https:\/\/idakorea.ee\/fi\/tagastamisoigus\/\" \/>\n<meta property=\"og:locale\" content=\"fi_FI\" \/>\n<meta property=\"og:type\" content=\"article\" \/>\n<meta property=\"og:title\" content=\"Tagastamis\u00f5igus - IDA.KOREA\" \/>\n<meta property=\"og:description\" content=\"Tagastamis\u00f5igus Idakorea.ee veebipoest ostetud kaubale kehtivad Eesti Vabariigi seadustes etten\u00e4htud garantii ja tagastamise kord. Ostetud kaubale kehtib alates kauba k\u00e4ttesaamisest 14 p\u00e4evane kauba tagastamis\u00f5igus. Toote tagastamine: Verona Baltic O\u00dc\" \/>\n<meta property=\"og:url\" content=\"https:\/\/idakorea.ee\/fi\/tagastamisoigus\/\" \/>\n<meta property=\"og:site_name\" content=\"IDA.KOREA\" \/>\n<meta property=\"article:modified_time\" content=\"2024-06-11T12:31:14+00:00\" \/>\n<meta property=\"og:image\" content=\"https:\/\/idakorea.ee\/wp-content\/uploads\/2024\/07\/logo.png\" \/>\n\t<meta property=\"og:image:width\" content=\"813\" \/>\n\t<meta property=\"og:image:height\" content=\"813\" \/>\n\t<meta property=\"og:image:type\" content=\"image\/png\" \/>\n<meta name=\"twitter:card\" content=\"summary_large_image\" \/>\n<meta name=\"twitter:label1\" content=\"Arvioitu lukuaika\" \/>\n\t<meta name=\"twitter:data1\" content=\"1 minuutti\" \/>\n<script type=\"application\/ld+json\" class=\"yoast-schema-graph\">{\"@context\":\"https:\/\/schema.org\",\"@graph\":[{\"@type\":\"WebPage\",\"@id\":\"https:\/\/idakorea.ee\/tagastamisoigus\/\",\"url\":\"https:\/\/idakorea.ee\/tagastamisoigus\/\",\"name\":\"Tagastamis\u00f5igus - IDA.KOREA\",\"isPartOf\":{\"@id\":\"https:\/\/idakorea.ee\/#website\"},\"datePublished\":\"2024-06-11T12:24:00+00:00\",\"dateModified\":\"2024-06-11T12:31:14+00:00\",\"breadcrumb\":{\"@id\":\"https:\/\/idakorea.ee\/tagastamisoigus\/#breadcrumb\"},\"inLanguage\":\"fi\",\"potentialAction\":[{\"@type\":\"ReadAction\",\"target\":[\"https:\/\/idakorea.ee\/tagastamisoigus\/\"]}]},{\"@type\":\"BreadcrumbList\",\"@id\":\"https:\/\/idakorea.ee\/tagastamisoigus\/#breadcrumb\",\"itemListElement\":[{\"@type\":\"ListItem\",\"position\":1,\"name\":\"\u0413\u043b\u0430\u0432\u043d\u0430\u044f \u0441\u0442\u0440\u0430\u043d\u0438\u0446\u0430\",\"item\":\"https:\/\/idakorea.ee\/\"},{\"@type\":\"ListItem\",\"position\":2,\"name\":\"Tagastamis\u00f5igus\"}]},{\"@type\":\"WebSite\",\"@id\":\"https:\/\/idakorea.ee\/#website\",\"url\":\"https:\/\/idakorea.ee\/\",\"name\":\"IDA.KOREA\",\"description\":\"Korea kosmeetika e-pood\",\"publisher\":{\"@id\":\"https:\/\/idakorea.ee\/#organization\"},\"alternateName\":\"Beauty Shop\",\"potentialAction\":[{\"@type\":\"SearchAction\",\"target\":{\"@type\":\"EntryPoint\",\"urlTemplate\":\"https:\/\/idakorea.ee\/?s={search_term_string}\"},\"query-input\":{\"@type\":\"PropertyValueSpecification\",\"valueRequired\":true,\"valueName\":\"search_term_string\"}}],\"inLanguage\":\"fi\"},{\"@type\":\"Organization\",\"@id\":\"https:\/\/idakorea.ee\/#organization\",\"name\":\"IDA.KOREA\",\"url\":\"https:\/\/idakorea.ee\/\",\"logo\":{\"@type\":\"ImageObject\",\"inLanguage\":\"fi\",\"@id\":\"https:\/\/idakorea.ee\/#\/schema\/logo\/image\/\",\"url\":\"https:\/\/idakorea.ee\/wp-content\/uploads\/2024\/05\/cropped-korea3.png\",\"contentUrl\":\"https:\/\/idakorea.ee\/wp-content\/uploads\/2024\/05\/cropped-korea3.png\",\"width\":688,\"height\":126,\"caption\":\"IDA.KOREA\"},\"image\":{\"@id\":\"https:\/\/idakorea.ee\/#\/schema\/logo\/image\/\"},\"sameAs\":[\"https:\/\/www.instagram.com\/ida.korea\/\"]}]}<\/script>\n<!-- \/ Yoast SEO plugin. -->","yoast_head_json":{"title":"Palauttamisoikeus - IDA.KOREA","robots":{"index":"index","follow":"follow","max-snippet":"max-snippet:-1","max-image-preview":"max-image-preview:large","max-video-preview":"max-video-preview:-1"},"canonical":"https:\/\/idakorea.ee\/fi\/tagastamisoigus\/","og_locale":"fi_FI","og_type":"article","og_title":"Tagastamis\u00f5igus - IDA.KOREA","og_description":"Tagastamis\u00f5igus Idakorea.ee veebipoest ostetud kaubale kehtivad Eesti Vabariigi seadustes etten\u00e4htud garantii ja tagastamise kord. Ostetud kaubale kehtib alates kauba k\u00e4ttesaamisest 14 p\u00e4evane kauba tagastamis\u00f5igus. Toote tagastamine: Verona Baltic O\u00dc","og_url":"https:\/\/idakorea.ee\/fi\/tagastamisoigus\/","og_site_name":"IDA.KOREA","article_modified_time":"2024-06-11T12:31:14+00:00","og_image":[{"width":813,"height":813,"url":"https:\/\/idakorea.ee\/wp-content\/uploads\/2024\/07\/logo.png","type":"image\/png"}],"twitter_card":"summary_large_image","twitter_misc":{"Arvioitu lukuaika":"1 minuutti"},"schema":{"@context":"https:\/\/schema.org","@graph":[{"@type":"WebPage","@id":"https:\/\/idakorea.ee\/tagastamisoigus\/","url":"https:\/\/idakorea.ee\/tagastamisoigus\/","name":"Palauttamisoikeus - IDA.KOREA","isPartOf":{"@id":"https:\/\/idakorea.ee\/#website"},"datePublished":"2024-06-11T12:24:00+00:00","dateModified":"2024-06-11T12:31:14+00:00","breadcrumb":{"@id":"https:\/\/idakorea.ee\/tagastamisoigus\/#breadcrumb"},"inLanguage":"fi","potentialAction":[{"@type":"ReadAction","target":["https:\/\/idakorea.ee\/tagastamisoigus\/"]}]},{"@type":"BreadcrumbList","@id":"https:\/\/idakorea.ee\/tagastamisoigus\/#breadcrumb","itemListElement":[{"@type":"ListItem","position":1,"name":"\u0413\u043b\u0430\u0432\u043d\u0430\u044f \u0441\u0442\u0440\u0430\u043d\u0438\u0446\u0430","item":"https:\/\/idakorea.ee\/"},{"@type":"ListItem","position":2,"name":"Tagastamis\u00f5igus"}]},{"@type":"WebSite","@id":"https:\/\/idakorea.ee\/#website","url":"https:\/\/idakorea.ee\/","name":"IDA.KOREA","description":"Korean kosmetiikan verkkokauppa","publisher":{"@id":"https:\/\/idakorea.ee\/#organization"},"alternateName":"Beauty Shop","potentialAction":[{"@type":"SearchAction","target":{"@type":"EntryPoint","urlTemplate":"https:\/\/idakorea.ee\/?s={search_term_string}"},"query-input":{"@type":"PropertyValueSpecification","valueRequired":true,"valueName":"search_term_string"}}],"inLanguage":"fi"},{"@type":"Organization","@id":"https:\/\/idakorea.ee\/#organization","name":"IDA.KOREA","url":"https:\/\/idakorea.ee\/","logo":{"@type":"ImageObject","inLanguage":"fi","@id":"https:\/\/idakorea.ee\/#\/schema\/logo\/image\/","url":"https:\/\/idakorea.ee\/wp-content\/uploads\/2024\/05\/cropped-korea3.png","contentUrl":"https:\/\/idakorea.ee\/wp-content\/uploads\/2024\/05\/cropped-korea3.png","width":688,"height":126,"caption":"IDA.KOREA"},"image":{"@id":"https:\/\/idakorea.ee\/#\/schema\/logo\/image\/"},"sameAs":["https:\/\/www.instagram.com\/ida.korea\/"]}]}},"jetpack_sharing_enabled":true,"_links":{"self":[{"href":"https:\/\/idakorea.ee\/fi\/wp-json\/wp\/v2\/pages\/4818","targetHints":{"allow":["GET"]}}],"collection":[{"href":"https:\/\/idakorea.ee\/fi\/wp-json\/wp\/v2\/pages"}],"about":[{"href":"https:\/\/idakorea.ee\/fi\/wp-json\/wp\/v2\/types\/page"}],"author":[{"embeddable":true,"href":"https:\/\/idakorea.ee\/fi\/wp-json\/wp\/v2\/users\/1"}],"replies":[{"embeddable":true,"href":"https:\/\/idakorea.ee\/fi\/wp-json\/wp\/v2\/comments?post=4818"}],"version-history":[{"count":0,"href":"https:\/\/idakorea.ee\/fi\/wp-json\/wp\/v2\/pages\/4818\/revisions"}],"wp:attachment":[{"href":"https:\/\/idakorea.ee\/fi\/wp-json\/wp\/v2\/media?parent=4818"}],"curies":[{"name":"wp","href":"https:\/\/api.w.org\/{rel}","templated":true}]}}