{"id":9059,"date":"2024-07-01T10:00:26","date_gmt":"2024-07-01T10:00:26","guid":{"rendered":"https:\/\/idakorea.ee\/?page_id=9059"},"modified":"2024-10-04T16:04:00","modified_gmt":"2024-10-04T13:04:00","slug":"miniatuurid","status":"publish","type":"page","link":"https:\/\/idakorea.ee\/fi\/miniatuurid\/","title":{"rendered":"Pienoismallit"},"content":{"rendered":"<p><\/p>\n\n\n\n<p><img fetchpriority=\"high\" decoding=\"async\" src=\"https:\/\/idakorea.ee\/wp-content\/uploads\/2024\/07\/ftyggf.png\" alt=\"Kas olete kunagi m\u00f5elnud, mis tunne oleks proovida Korea tooteid, ostmata kohe t\u00e4ism\u00f5\u00f5dus pakendit? Idakorea.ee siin selleks, et muuta see protsess v\u00f5imalikult mugavaks ja meeldivaks!\" width=\"2106\" height=\"738\"><\/p>\n\n\n\n<h3 class=\"wp-block-heading\">Miksi valita miniatyyri?<\/h3>\n\n\n\n<p><\/p>\n\n\n\n<p><strong>Miniatyyrit:<\/strong> Otamme alkuper\u00e4ispakkaukset ja pakkaamme tuotteet 20 ml:n, 10 ml:n tai 5 ml:n miniatyyreihin. N\u00e4in voit testata tuotetta ennen t\u00e4ysikokoisen pakkauksen ostamista.<\/p>\n\n\n\n<p><strong>Sterilointi ja turvallisuus:<\/strong> Kaikki miniatyyrit pakataan steriileihin olosuhteisiin sen varmistamiseksi, ett\u00e4 kaikki hy\u00f6dylliset ominaisuudet s\u00e4ilyv\u00e4t ja ovat turvallisia k\u00e4ytt\u00e4\u00e4.<\/p>\n\n\n\n<p><strong>Mukavuus ja s\u00e4\u00e4st\u00f6t:<\/strong> Nyt sinun ei tarvitse k\u00e4ytt\u00e4\u00e4 suuria summia rahaa t\u00e4ysikokoisiin tuotteisiin, jotka eiv\u00e4t v\u00e4ltt\u00e4m\u00e4tt\u00e4 sovi sinulle. Miniatyyrien avulla voit s\u00e4\u00e4st\u00e4\u00e4 rahaa ja valita ihollesi t\u00e4ydellisesti sopivat tuotteet.<\/p>\n\n\n\n<h3 class=\"wp-block-heading\">\u00a0<\/h3>\n<h3>Milt\u00e4 miniatyyrit n\u00e4ytt\u00e4v\u00e4t?<\/h3>\n<p>\u00a0<\/p>\n<p><img decoding=\"async\" src=\"https:\/\/idakorea.ee\/wp-content\/uploads\/2024\/07\/41vd83jvl9s._ac_uf8941000_ql80_-1-555x132.jpg\" alt=\"\" width=\"555\" height=\"132\" \/><\/p>\n\n\n\n<p>&nbsp;<\/p>\n\n\n\n<h3 class=\"wp-block-heading\">Miten se toimii?<\/h3>\n\n\n\n<ol class=\"wp-block-list\">\n<li><strong>Valitse tuote:<\/strong> Luettelostamme l\u00f6yd\u00e4t laajan valikoiman tunnettuja ja hyv\u00e4ksi havaittuja kasvojenhoitomerkkej\u00e4.<\/li>\n\n\n\n<li><strong>Valitse \u00e4\u00e4nenvoimakkuus:<\/strong> Tarjoamme 20 ml:n, 10 ml:n ja 5 ml:n miniatyyrej\u00e4. T\u00e4m\u00e4 on k\u00e4tev\u00e4 tapa kokeilla useita tuotteita kerralla.<\/li>\n\n\n\n<li><strong>Hae reppusi:<\/strong> Pakkaamme tilauksesi huolellisesti ja toimitamme sen sinulle mahdollisimman nopeasti.<\/li>\n<\/ol>\n\n\n\n<h3 class=\"wp-block-heading\">\u00a0<\/h3>\n<h3>Pienoismallien edut<\/h3>\n\n\n\n<ul class=\"wp-block-list\">\n<li><strong>Talous:<\/strong> Voit kokeilla useita tuotteita kuluttamatta paljon rahaa, jolloin voit l\u00f6yt\u00e4\u00e4 ihollesi t\u00e4ydellisen hoidon kuluttamatta liikaa rahaa.<\/li>\n\n\n\n<li><strong>Joustavuus:<\/strong> Pienoismallien avulla voit testata eri tuotteita ja valita ne, joista todella pid\u00e4t, ilman ett\u00e4 sinun tarvitsee ostaa t\u00e4ysikokoisia versioita.<\/li>\n\n\n\n<li><strong>Siirrett\u00e4vyys:<\/strong> Pienoismallien kompaktin koon ansiosta ne sopivat erinomaisesti kosmetiikkalaukkuihin, matkoille ja jokap\u00e4iv\u00e4iseen k\u00e4ytt\u00f6\u00f6n.<\/li>\n<\/ul>\n\n\n\n<h3 class=\"wp-block-heading\">\u00a0<\/h3>\n<h3>Kokeile ja p\u00e4\u00e4t\u00e4<\/h3>\n\n\n\n<p>Nyt voit olla varma valinnastasi ennen kuin ostat t\u00e4ysikokoisen tuotteen. Nauti laadukkaan kosmetiikan k\u00e4yt\u00f6st\u00e4 ja l\u00f6yd\u00e4 ihollesi t\u00e4ydellinen hoito!<\/p>\n\n\n\n<p>&nbsp;<\/p>\n\n\n\n<h3>Olemme iloisia n\u00e4hdess\u00e4mme sinut verkkokaupassamme ja olemme varmoja, ett\u00e4 olet tyytyv\u00e4inen palveluumme ja tuotteisiimme!<\/h3>\n<p><strong>\n\n\n\n<\/strong><\/p>\n<p>\u00a0<\/p>\n<p><strong>\n\n\n\n<\/strong><\/p>\n<p>\u00a0<\/p>\n\n\n\n<p>&nbsp;<\/p>\n\n\n\n<p><\/p>","protected":false},"excerpt":{"rendered":"<p>Miksi valita miniatyyri? Miniatyyrit: Otamme alkuper\u00e4ispakkauksen ja pakkaamme tuotteet miniatyyreihin, joiden tilavuus on 20 ml, 10 ml tai 5 ml. N\u00e4in voit testata tuotetta ennen t\u00e4ysikokoisen pakkauksen ostamista. Sterilointi ja turvallisuus: Kaikki miniatyyrit pakataan steriileiss\u00e4 olosuhteissa, jotta kaikki hy\u00f6dylliset ominaisuudet s\u00e4ilyv\u00e4t ja k\u00e4ytt\u00f6 on turvallista. K\u00e4tevyys ja s\u00e4\u00e4st\u00f6t: Nyt sinun ei tarvitse k\u00e4ytt\u00e4\u00e4 suuria summia rahaa\u2026<\/p>","protected":false},"author":1,"featured_media":9070,"parent":0,"menu_order":0,"comment_status":"closed","ping_status":"closed","template":"","meta":{"_uf_show_specific_survey":0,"_uf_disable_surveys":false,"_bst_post_transparent":"","_bst_post_title":"","_bst_post_layout":"","_bst_post_sidebar_id":"","_bst_post_content_style":"","_bst_post_vertical_padding":"","_bst_post_feature":"","_bst_post_feature_position":"","_bst_post_header":false,"_bst_post_footer":false,"footnotes":""},"class_list":["post-9059","page","type-page","status-publish","has-post-thumbnail","hentry"],"yoast_head":"<!-- This site is optimized with the Yoast SEO plugin v27.2 - https:\/\/yoast.com\/product\/yoast-seo-wordpress\/ -->\n<title>Miniatuurid - IDA.KOREA<\/title>\n<meta name=\"description\" content=\"N\u00fc\u00fcd saate olla oma valikus kindel enne t\u00e4ism\u00f5\u00f5dus toote ostmist. Nautige kvaliteetse kosmeetika kasutamist ja leidke oma nahale ideaalne hooldus!\" \/>\n<meta name=\"robots\" content=\"index, follow, max-snippet:-1, max-image-preview:large, max-video-preview:-1\" \/>\n<link rel=\"canonical\" href=\"https:\/\/idakorea.ee\/fi\/miniatuurid\/\" \/>\n<meta property=\"og:locale\" content=\"fi_FI\" \/>\n<meta property=\"og:type\" content=\"article\" \/>\n<meta property=\"og:title\" content=\"Miniatuurid - IDA.KOREA\" \/>\n<meta property=\"og:description\" content=\"N\u00fc\u00fcd saate olla oma valikus kindel enne t\u00e4ism\u00f5\u00f5dus toote ostmist. Nautige kvaliteetse kosmeetika kasutamist ja leidke oma nahale ideaalne hooldus!\" \/>\n<meta property=\"og:url\" content=\"https:\/\/idakorea.ee\/fi\/miniatuurid\/\" \/>\n<meta property=\"og:site_name\" content=\"IDA.KOREA\" \/>\n<meta property=\"article:modified_time\" content=\"2024-10-04T13:04:00+00:00\" \/>\n<meta property=\"og:image\" content=\"https:\/\/idakorea.ee\/wp-content\/uploads\/2024\/07\/ddsaa-e1725444218132.png\" \/>\n\t<meta property=\"og:image:width\" content=\"997\" \/>\n\t<meta property=\"og:image:height\" content=\"744\" \/>\n\t<meta property=\"og:image:type\" content=\"image\/png\" \/>\n<meta name=\"twitter:card\" content=\"summary_large_image\" \/>\n<meta name=\"twitter:label1\" content=\"Arvioitu lukuaika\" \/>\n\t<meta name=\"twitter:data1\" content=\"2 minuuttia\" \/>\n<script type=\"application\/ld+json\" class=\"yoast-schema-graph\">{\"@context\":\"https:\/\/schema.org\",\"@graph\":[{\"@type\":\"WebPage\",\"@id\":\"https:\/\/idakorea.ee\/miniatuurid\/\",\"url\":\"https:\/\/idakorea.ee\/miniatuurid\/\",\"name\":\"Miniatuurid - IDA.KOREA\",\"isPartOf\":{\"@id\":\"https:\/\/idakorea.ee\/#website\"},\"primaryImageOfPage\":{\"@id\":\"https:\/\/idakorea.ee\/miniatuurid\/#primaryimage\"},\"image\":{\"@id\":\"https:\/\/idakorea.ee\/miniatuurid\/#primaryimage\"},\"thumbnailUrl\":\"https:\/\/idakorea.ee\/wp-content\/uploads\/2024\/07\/ddsaa-e1725444218132.png\",\"datePublished\":\"2024-07-01T10:00:26+00:00\",\"dateModified\":\"2024-10-04T13:04:00+00:00\",\"description\":\"N\u00fc\u00fcd saate olla oma valikus kindel enne t\u00e4ism\u00f5\u00f5dus toote ostmist. Nautige kvaliteetse kosmeetika kasutamist ja leidke oma nahale ideaalne hooldus!\",\"breadcrumb\":{\"@id\":\"https:\/\/idakorea.ee\/miniatuurid\/#breadcrumb\"},\"inLanguage\":\"fi\",\"potentialAction\":[{\"@type\":\"ReadAction\",\"target\":[\"https:\/\/idakorea.ee\/miniatuurid\/\"]}]},{\"@type\":\"ImageObject\",\"inLanguage\":\"fi\",\"@id\":\"https:\/\/idakorea.ee\/miniatuurid\/#primaryimage\",\"url\":\"https:\/\/idakorea.ee\/wp-content\/uploads\/2024\/07\/ddsaa-e1725444218132.png\",\"contentUrl\":\"https:\/\/idakorea.ee\/wp-content\/uploads\/2024\/07\/ddsaa-e1725444218132.png\",\"width\":997,\"height\":744,\"caption\":\"miniatuurid Korea\"},{\"@type\":\"BreadcrumbList\",\"@id\":\"https:\/\/idakorea.ee\/miniatuurid\/#breadcrumb\",\"itemListElement\":[{\"@type\":\"ListItem\",\"position\":1,\"name\":\"\u0413\u043b\u0430\u0432\u043d\u0430\u044f \u0441\u0442\u0440\u0430\u043d\u0438\u0446\u0430\",\"item\":\"https:\/\/idakorea.ee\/\"},{\"@type\":\"ListItem\",\"position\":2,\"name\":\"Miniatuurid\"}]},{\"@type\":\"WebSite\",\"@id\":\"https:\/\/idakorea.ee\/#website\",\"url\":\"https:\/\/idakorea.ee\/\",\"name\":\"IDA.KOREA\",\"description\":\"Korea kosmeetika e-pood\",\"publisher\":{\"@id\":\"https:\/\/idakorea.ee\/#organization\"},\"alternateName\":\"Beauty Shop\",\"potentialAction\":[{\"@type\":\"SearchAction\",\"target\":{\"@type\":\"EntryPoint\",\"urlTemplate\":\"https:\/\/idakorea.ee\/?s={search_term_string}\"},\"query-input\":{\"@type\":\"PropertyValueSpecification\",\"valueRequired\":true,\"valueName\":\"search_term_string\"}}],\"inLanguage\":\"fi\"},{\"@type\":\"Organization\",\"@id\":\"https:\/\/idakorea.ee\/#organization\",\"name\":\"IDA.KOREA\",\"url\":\"https:\/\/idakorea.ee\/\",\"logo\":{\"@type\":\"ImageObject\",\"inLanguage\":\"fi\",\"@id\":\"https:\/\/idakorea.ee\/#\/schema\/logo\/image\/\",\"url\":\"https:\/\/idakorea.ee\/wp-content\/uploads\/2024\/05\/cropped-korea3.png\",\"contentUrl\":\"https:\/\/idakorea.ee\/wp-content\/uploads\/2024\/05\/cropped-korea3.png\",\"width\":688,\"height\":126,\"caption\":\"IDA.KOREA\"},\"image\":{\"@id\":\"https:\/\/idakorea.ee\/#\/schema\/logo\/image\/\"},\"sameAs\":[\"https:\/\/www.instagram.com\/ida.korea\/\"]}]}<\/script>\n<!-- \/ Yoast SEO plugin. -->","yoast_head_json":{"title":"Miniatyyrit - IDA.KOREA","description":"Nyt voit olla varma valinnastasi ennen kuin ostat t\u00e4ysikokoisen tuotteen. Nauti laadukkaan kosmetiikan k\u00e4yt\u00f6st\u00e4 ja l\u00f6yd\u00e4 ihollesi t\u00e4ydellinen hoito!","robots":{"index":"index","follow":"follow","max-snippet":"max-snippet:-1","max-image-preview":"max-image-preview:large","max-video-preview":"max-video-preview:-1"},"canonical":"https:\/\/idakorea.ee\/fi\/miniatuurid\/","og_locale":"fi_FI","og_type":"article","og_title":"Miniatuurid - IDA.KOREA","og_description":"N\u00fc\u00fcd saate olla oma valikus kindel enne t\u00e4ism\u00f5\u00f5dus toote ostmist. Nautige kvaliteetse kosmeetika kasutamist ja leidke oma nahale ideaalne hooldus!","og_url":"https:\/\/idakorea.ee\/fi\/miniatuurid\/","og_site_name":"IDA.KOREA","article_modified_time":"2024-10-04T13:04:00+00:00","og_image":[{"width":997,"height":744,"url":"https:\/\/idakorea.ee\/wp-content\/uploads\/2024\/07\/ddsaa-e1725444218132.png","type":"image\/png"}],"twitter_card":"summary_large_image","twitter_misc":{"Arvioitu lukuaika":"2 minuuttia"},"schema":{"@context":"https:\/\/schema.org","@graph":[{"@type":"WebPage","@id":"https:\/\/idakorea.ee\/miniatuurid\/","url":"https:\/\/idakorea.ee\/miniatuurid\/","name":"Miniatyyrit - IDA.KOREA","isPartOf":{"@id":"https:\/\/idakorea.ee\/#website"},"primaryImageOfPage":{"@id":"https:\/\/idakorea.ee\/miniatuurid\/#primaryimage"},"image":{"@id":"https:\/\/idakorea.ee\/miniatuurid\/#primaryimage"},"thumbnailUrl":"https:\/\/idakorea.ee\/wp-content\/uploads\/2024\/07\/ddsaa-e1725444218132.png","datePublished":"2024-07-01T10:00:26+00:00","dateModified":"2024-10-04T13:04:00+00:00","description":"Nyt voit olla varma valinnastasi ennen kuin ostat t\u00e4ysikokoisen tuotteen. Nauti laadukkaan kosmetiikan k\u00e4yt\u00f6st\u00e4 ja l\u00f6yd\u00e4 ihollesi t\u00e4ydellinen hoito!","breadcrumb":{"@id":"https:\/\/idakorea.ee\/miniatuurid\/#breadcrumb"},"inLanguage":"fi","potentialAction":[{"@type":"ReadAction","target":["https:\/\/idakorea.ee\/miniatuurid\/"]}]},{"@type":"ImageObject","inLanguage":"fi","@id":"https:\/\/idakorea.ee\/miniatuurid\/#primaryimage","url":"https:\/\/idakorea.ee\/wp-content\/uploads\/2024\/07\/ddsaa-e1725444218132.png","contentUrl":"https:\/\/idakorea.ee\/wp-content\/uploads\/2024\/07\/ddsaa-e1725444218132.png","width":997,"height":744,"caption":"miniatuurid Korea"},{"@type":"BreadcrumbList","@id":"https:\/\/idakorea.ee\/miniatuurid\/#breadcrumb","itemListElement":[{"@type":"ListItem","position":1,"name":"\u0413\u043b\u0430\u0432\u043d\u0430\u044f \u0441\u0442\u0440\u0430\u043d\u0438\u0446\u0430","item":"https:\/\/idakorea.ee\/"},{"@type":"ListItem","position":2,"name":"Miniatuurid"}]},{"@type":"WebSite","@id":"https:\/\/idakorea.ee\/#website","url":"https:\/\/idakorea.ee\/","name":"IDA.KOREA","description":"Korean kosmetiikan verkkokauppa","publisher":{"@id":"https:\/\/idakorea.ee\/#organization"},"alternateName":"Beauty Shop","potentialAction":[{"@type":"SearchAction","target":{"@type":"EntryPoint","urlTemplate":"https:\/\/idakorea.ee\/?s={search_term_string}"},"query-input":{"@type":"PropertyValueSpecification","valueRequired":true,"valueName":"search_term_string"}}],"inLanguage":"fi"},{"@type":"Organization","@id":"https:\/\/idakorea.ee\/#organization","name":"IDA.KOREA","url":"https:\/\/idakorea.ee\/","logo":{"@type":"ImageObject","inLanguage":"fi","@id":"https:\/\/idakorea.ee\/#\/schema\/logo\/image\/","url":"https:\/\/idakorea.ee\/wp-content\/uploads\/2024\/05\/cropped-korea3.png","contentUrl":"https:\/\/idakorea.ee\/wp-content\/uploads\/2024\/05\/cropped-korea3.png","width":688,"height":126,"caption":"IDA.KOREA"},"image":{"@id":"https:\/\/idakorea.ee\/#\/schema\/logo\/image\/"},"sameAs":["https:\/\/www.instagram.com\/ida.korea\/"]}]}},"jetpack_sharing_enabled":true,"_links":{"self":[{"href":"https:\/\/idakorea.ee\/fi\/wp-json\/wp\/v2\/pages\/9059","targetHints":{"allow":["GET"]}}],"collection":[{"href":"https:\/\/idakorea.ee\/fi\/wp-json\/wp\/v2\/pages"}],"about":[{"href":"https:\/\/idakorea.ee\/fi\/wp-json\/wp\/v2\/types\/page"}],"author":[{"embeddable":true,"href":"https:\/\/idakorea.ee\/fi\/wp-json\/wp\/v2\/users\/1"}],"replies":[{"embeddable":true,"href":"https:\/\/idakorea.ee\/fi\/wp-json\/wp\/v2\/comments?post=9059"}],"version-history":[{"count":3,"href":"https:\/\/idakorea.ee\/fi\/wp-json\/wp\/v2\/pages\/9059\/revisions"}],"predecessor-version":[{"id":13454,"href":"https:\/\/idakorea.ee\/fi\/wp-json\/wp\/v2\/pages\/9059\/revisions\/13454"}],"wp:featuredmedia":[{"embeddable":true,"href":"https:\/\/idakorea.ee\/fi\/wp-json\/wp\/v2\/media\/9070"}],"wp:attachment":[{"href":"https:\/\/idakorea.ee\/fi\/wp-json\/wp\/v2\/media?parent=9059"}],"curies":[{"name":"wp","href":"https:\/\/api.w.org\/{rel}","templated":true}]}}