{"id":9539,"date":"2024-07-20T11:08:29","date_gmt":"2024-07-20T08:08:29","guid":{"rendered":"https:\/\/idakorea.ee\/?page_id=9539"},"modified":"2024-09-04T12:48:33","modified_gmt":"2024-09-04T09:48:33","slug":"korea-naohooldusrutiin","status":"publish","type":"page","link":"https:\/\/idakorea.ee\/fi\/korea-naohooldusrutiin\/","title":{"rendered":"Korealainen kasvojen hoitorutiini"},"content":{"rendered":"<div data-elementor-type=\"wp-page\" data-elementor-id=\"9539\" class=\"elementor elementor-9539\" data-elementor-post-type=\"page\">\n\t\t\t\t<div class=\"elementor-element elementor-element-7fa87f53 e-flex e-con-boxed e-con e-parent\" data-id=\"7fa87f53\" data-element_type=\"container\" data-e-type=\"container\">\n\t\t\t\t\t<div class=\"e-con-inner\">\n\t\t\t\t<div class=\"elementor-element elementor-element-1dde243d elementor-widget elementor-widget-text-editor\" data-id=\"1dde243d\" data-element_type=\"widget\" data-e-type=\"widget\" data-widget_type=\"text-editor.default\">\n\t\t\t\t<div class=\"elementor-widget-container\">\n\t\t\t\t\t\t\t\t\t\n<p><\/p>\n\n\n\n<p class=\"has-text-align-center has-theme-palette-4-color has-text-color has-link-color has-larger-font-size wp-elements-da755e0d82690c72e06c78e44b84bac6\"><strong>Korealainen kasvojen hoitorutiini<\/strong><\/p>\n\n\n\n<p><\/p>\n\n\n\n<h4 class=\"wp-block-heading\"><strong>Korealainen kosmetiikka on saavuttanut suosiota kaikkialla maailmassa. Mutta mik\u00e4 tekee siit\u00e4 niin erityisen?<\/strong><\/h4>\n\n\n\n<p>Korealainen kosmetiikka, johon kuuluu sek\u00e4 koriste- ett\u00e4 ihonhoitotuotteita, on per\u00e4isin Etel\u00e4-Koreasta. Korealaiset ovat luoneet ainutlaatuisen filosofian kauneudesta, nuoruudesta ja terveest\u00e4 ihosta. Heid\u00e4n tuotteidensa tehokkuus perustuu paitsi valmistusteknologiaan my\u00f6s huolellisesti valittuihin ainesosiin. Joitakin korealaisissa tuotteissa k\u00e4ytetyist\u00e4 kasveista kasvatetaan vain Etel\u00e4-Koreassa, mik\u00e4 antaa niille erityist\u00e4 arvoa.<\/p>\n\n\n\n<p>Korealaisten naisten iho on maailman kateus - aina virheet\u00f6n: sile\u00e4, puhdas, kuin posliini. On kuitenkin syyt\u00e4 huomauttaa, ett\u00e4 t\u00e4t\u00e4 vaikutusta ei saavuteta geneettisill\u00e4 tekij\u00f6ill\u00e4 vaan oikealla ihonhoidolla, kuten korealaiset ovat osoittaneet maailmalle.<\/p>\n\n\n\n<p>On t\u00e4rke\u00e4\u00e4 tiet\u00e4\u00e4, ett\u00e4 kosmetiikka ei k\u00e4tke kaikkia ihon virheit\u00e4, vaan ne voidaan poistaa oikeilla korealaisilla ihonhoitotuotteilla. Korealaiset suorittavat joka ilta ihonhoitorituaalin, joka koostuu useista vaiheista.<\/p>\n\n\n\n<hr class=\"wp-block-separator has-alpha-channel-opacity is-style-default\"\/>\n\n\n\n<h4 class=\"wp-block-heading\"><strong>Korealainen kasvojen hoitorutiini<\/strong><\/h4>\n\n\n\n<p>Oikean ihonhoidon valitseminen korealaisilla tuotteilla riippuu ihotyypist\u00e4si. Korealainen kosmetiikka ei sis\u00e4ll\u00e4 saippuaa tai alkoholia, ja koko j\u00e4rjestelm\u00e4 sis\u00e4lt\u00e4\u00e4 jopa 10 hoitovaihetta. Korealaisen kosmetiikan s\u00e4\u00e4nn\u00f6llisell\u00e4 k\u00e4yt\u00f6ll\u00e4 ihosta tulee s\u00e4teilev\u00e4mpi, kimmoisampi ja nuorekkaampi.<\/p>\n\n\n\n<hr class=\"wp-block-separator has-alpha-channel-opacity\"\/>\n\n\n\n<h4 class=\"wp-block-heading\"><strong>Korealaista hoitokosmetiikkaa koskevat stereotypiat<\/strong><\/h4>\n\n\n\n<p>Korealaiset tuotteet ovat todella laadukkaita ja tehokkaita, kun ne valitaan ihotyypin ja ongelmien mukaan.<\/p>\n\n\n\n<p>Jotkin korealaista ihonhoitoa koskevat myytit kannattaa kuitenkin kumota:<\/p>\n\n\n\n<ul class=\"wp-block-list\">\n<li><strong>Korealaiset tuotteet ovat kalliita<\/strong> - se on myytti. Meilt\u00e4 l\u00f6yd\u00e4t huoltotuotteet jokaiseen budjettiin, ja laatu vastaa odotuksia.<\/li>\n\n\n\n<li><strong>Korean huoltorutiinit ovat liian monimutkaisia<\/strong> - t\u00e4m\u00e4kin on myytti. On t\u00e4rke\u00e4\u00e4 noudattaa tiettyj\u00e4 vaiheita, joista tulee nopeasti miellytt\u00e4v\u00e4 ja rentouttava p\u00e4ivitt\u00e4inen tapa.<\/li>\n\n\n\n<li><strong>Korealaisissa tuotteissa ei ole ik\u00e4indikaattoreita<\/strong> - se on totta. Korealainen kosmetiikka on suunniteltu hoitamaan ja ehk\u00e4isem\u00e4\u00e4n iho-ongelmia i\u00e4st\u00e4 riippumatta.<\/li>\n<\/ul>\n\n\n\n<hr class=\"wp-block-separator has-alpha-channel-opacity\"\/>\n\n\n\n<h4 class=\"wp-block-heading\"><strong>10 askelta itsest\u00e4 huolehtimiseen korealaisten naisten esimerkin mukaan:<\/strong><\/h4>\n\n\n\n<ol class=\"wp-block-list\">\n<li><strong>Meikin poisto<\/strong> hydrofiilisell\u00e4 \u00f6ljyll\u00e4 tai sorbetilla. Sorbetti on kiinte\u00e4 hydrofiilinen \u00f6ljy. Hydrofiilinen \u00f6ljy poistaa tehokkaasti meikin, lian, mustelmat ja ylim\u00e4\u00e4r\u00e4isen \u00f6ljyn.<\/li>\n\n\n\n<li><strong>Kasvojen puhdistaminen<\/strong> vaahto-, geeli- tai vaahtopuhdistusaineella. Oikean tuotteen valinta ehk\u00e4isee ihon rasvaesteen vaurioitumista, tulehduksia ja ihottumaa. Puhdistusaineen pH:n tulisi olla noin 5,5, se ei saisi kuivattaa ihoa ja sen tulisi antaa puhtauden ja kosteuden tunne.<\/li>\n\n\n\n<li><strong>Kuorinta<\/strong>  2-3 kertaa viikossa. K\u00e4yt\u00e4 puhdistustyynyj\u00e4, pehmeit\u00e4 kuorintalaitteita, kuorivia geelej\u00e4, entsyymijauheita, happoja ja naamioita. T\u00e4m\u00e4 vaihe poistaa kuolleet ihosolut, puhdistaa ihohuokoset ja ylim\u00e4\u00e4r\u00e4isen \u00f6ljyn ja valmistelee ihon seuraaville hoitotuotteille.<\/li>\n\n\n\n<li><strong>V\u00e4riaine<\/strong> - t\u00e4rke\u00e4 kasteluvaihe. Kuumina p\u00e4ivin\u00e4 kosteussuihkeita voidaan k\u00e4ytt\u00e4\u00e4 lis\u00e4kasteluun.<\/li>\n\n\n\n<li><strong>Kasvonaamio<\/strong> - valitse naamio sen aktiivisten ainesosien mukaan, olipa kyseess\u00e4 kangas- tai hydrogeelinaamio. T\u00e4m\u00e4 vaihe voi olla vapaaehtoinen.<\/li>\n\n\n\n<li><strong>Seerumi\/ampulli\/essentit<\/strong> - Korealaisen huollon avaintuote. K\u00e4yt\u00e4 peptidej\u00e4, kollageenia, antioksidantteja, C-vitamiinia ja retinolia ik\u00e4\u00e4ntymisen merkkej\u00e4 vastaan. Pigmentaation ja aknen v\u00e4hent\u00e4miseksi - niasiiniamidi, glutationi, C-vitamiini, retinoli, AHA-hapot. BHA-hapot auttavat tulehduksiin ja finneihin.<\/li>\n\n\n\n<li><strong>Emulsio<\/strong> - kevyt tuote, jonka koostumus on voiteen ja seerumin v\u00e4lilt\u00e4. T\u00e4m\u00e4n vaiheen voi j\u00e4tt\u00e4\u00e4 v\u00e4liin.<\/li>\n\n\n\n<li><strong>Silm\u00e4nymp\u00e4rysvoide<\/strong> - silm\u00e4nymp\u00e4rysalue tarvitsee erityist\u00e4 hoitoa. Usein k\u00e4ytet\u00e4\u00e4n kahta tuotetta: seerumia ja voidetta.<\/li>\n\n\n\n<li><strong>Kasvovoide\/rasvainen naamio<\/strong> - T\u00e4m\u00e4 vaihe \"sinet\u00f6i\" kaikki aiemmin k\u00e4ytetyt aktiiviset ainesosat ja s\u00e4ilytt\u00e4\u00e4 kosteuden ihossa. Y\u00f6naamiot, jotka ovat v\u00e4kev\u00e4mpi\u00e4, toimivat kuin seerumit.<\/li>\n\n\n\n<li><strong>Aurinkovoide<\/strong> - aurinkovoiteen p\u00e4ivitt\u00e4inen k\u00e4ytt\u00f6 on v\u00e4ltt\u00e4m\u00e4t\u00f6nt\u00e4. Kiinnit\u00e4 huomiota SPF- ja PA-arvoihin suojellaksesi ihoasi UVA- ja UVB-s\u00e4teilt\u00e4, jotka voivat vahingoittaa ihoasi jopa pilvisen\u00e4 p\u00e4iv\u00e4n\u00e4 ja lasin l\u00e4pi.<\/li>\n<\/ol>\n\n\n\n<hr class=\"wp-block-separator has-alpha-channel-opacity\"\/>\n\n\n\n<p><\/p>\n\n\n\n<h4 class=\"wp-block-heading\"><strong>N\u00e4it\u00e4 ohjeita noudattamalla voit saavuttaa terveen, hehkuvan ja kimmoisan ihon korealaisten kauneusstandardien mukaisesti.<\/strong><\/h4>\n\n\n\n<p><\/p>\n\n\n\n<p><\/p>\n\n\n\n<p><\/p>\n\n\n\n<p><\/p>\n\t\t\t\t\t\t\t\t<\/div>\n\t\t\t\t<\/div>\n\t\t\t\t\t<\/div>\n\t\t\t\t<\/div>\n\t\t<div class=\"elementor-element elementor-element-09d93e6 e-flex e-con-boxed e-con e-parent\" data-id=\"09d93e6\" data-element_type=\"container\" data-e-type=\"container\">\n\t\t\t\t\t<div class=\"e-con-inner\">\n\t\t\t\t<div class=\"elementor-element elementor-element-198a830 elementor-widget elementor-widget-image\" data-id=\"198a830\" data-element_type=\"widget\" data-e-type=\"widget\" data-widget_type=\"image.default\">\n\t\t\t\t<div class=\"elementor-widget-container\">\n\t\t\t\t\t\t\t\t\t\t\t\t\t\t\t<img fetchpriority=\"high\" decoding=\"async\" width=\"435\" height=\"298\" src=\"https:\/\/idakorea.ee\/wp-content\/uploads\/2024\/07\/ko-435x298.jpg\" class=\"attachment-thumbnail size-thumbnail wp-image-9554\" alt=\"Korea kosmeetika rutiin\" srcset=\"https:\/\/idakorea.ee\/wp-content\/uploads\/2024\/07\/ko-435x298.jpg 435w, https:\/\/idakorea.ee\/wp-content\/uploads\/2024\/07\/ko-555x380.jpg 555w, https:\/\/idakorea.ee\/wp-content\/uploads\/2024\/07\/ko-768x525.jpg 768w, https:\/\/idakorea.ee\/wp-content\/uploads\/2024\/07\/ko-675x462.jpg 675w, https:\/\/idakorea.ee\/wp-content\/uploads\/2024\/07\/ko-18x12.jpg 18w, https:\/\/idakorea.ee\/wp-content\/uploads\/2024\/07\/ko-600x411.jpg 600w, https:\/\/idakorea.ee\/wp-content\/uploads\/2024\/07\/ko-100x68.jpg 100w, https:\/\/idakorea.ee\/wp-content\/uploads\/2024\/07\/ko.jpg 1216w\" sizes=\"(max-width: 435px) 100vw, 435px\" \/>\t\t\t\t\t\t\t\t\t\t\t\t\t\t\t<\/div>\n\t\t\t\t<\/div>\n\t\t\t\t\t<\/div>\n\t\t\t\t<\/div>\n\t\t\t\t<\/div>","protected":false},"excerpt":{"rendered":"<p>Korealainen kasvojenhoitorutiini Korealainen kosmetiikka on saavuttanut suosiota kaikkialla maailmassa. Mutta mik\u00e4 tekee siit\u00e4 niin erityist\u00e4? Korealainen kosmetiikka, johon kuuluu sek\u00e4 koriste- ett\u00e4 hoitotuotteita, on per\u00e4isin Etel\u00e4-Koreasta. Korealaiset ovat luoneet ainutlaatuisen kauneuden, nuoruuden ja terveen ihon filosofian. Heid\u00e4n tuotteidensa tehokkuus perustuu paitsi tuotantoteknologiaan my\u00f6s huolellisesti valittuihin ainesosiin. Jotkut korealaisissa tuotteissa k\u00e4ytetyist\u00e4 kasveista\u2026<\/p>","protected":false},"author":1,"featured_media":9554,"parent":0,"menu_order":0,"comment_status":"closed","ping_status":"closed","template":"","meta":{"_uf_show_specific_survey":0,"_uf_disable_surveys":false,"_bst_post_transparent":"","_bst_post_title":"","_bst_post_layout":"","_bst_post_sidebar_id":"","_bst_post_content_style":"","_bst_post_vertical_padding":"","_bst_post_feature":"","_bst_post_feature_position":"","_bst_post_header":false,"_bst_post_footer":false,"footnotes":""},"class_list":["post-9539","page","type-page","status-publish","has-post-thumbnail","hentry"],"yoast_head":"<!-- This site is optimized with the Yoast SEO plugin v27.2 - https:\/\/yoast.com\/product\/yoast-seo-wordpress\/ -->\n<title>Korea n\u00e4ohooldusrutiin - IDA.KOREA<\/title>\n<meta name=\"description\" content=\"\u00d5ige nahahooldus Korea toodetega valitakse s\u00f5ltuvalt naha t\u00fc\u00fcbist. Korea kosmeetikas ei leidu seepi ega alkoholi sisaldavaid vahendeid, kogu s\u00fcsteem sisaldab kuni 10 hoolduse etappi.\" \/>\n<meta name=\"robots\" content=\"index, follow, max-snippet:-1, max-image-preview:large, max-video-preview:-1\" \/>\n<link rel=\"canonical\" href=\"https:\/\/idakorea.ee\/fi\/korea-naohooldusrutiin\/\" \/>\n<meta property=\"og:locale\" content=\"fi_FI\" \/>\n<meta property=\"og:type\" content=\"article\" \/>\n<meta property=\"og:title\" content=\"Korea n\u00e4ohooldusrutiin - IDA.KOREA\" \/>\n<meta property=\"og:description\" content=\"\u00d5ige nahahooldus Korea toodetega valitakse s\u00f5ltuvalt naha t\u00fc\u00fcbist. Korea kosmeetikas ei leidu seepi ega alkoholi sisaldavaid vahendeid, kogu s\u00fcsteem sisaldab kuni 10 hoolduse etappi.\" \/>\n<meta property=\"og:url\" content=\"https:\/\/idakorea.ee\/fi\/korea-naohooldusrutiin\/\" \/>\n<meta property=\"og:site_name\" content=\"IDA.KOREA\" \/>\n<meta property=\"article:modified_time\" content=\"2024-09-04T09:48:33+00:00\" \/>\n<meta property=\"og:image\" content=\"https:\/\/i0.wp.com\/idakorea.ee\/wp-content\/uploads\/2024\/07\/ko.jpg?fit=1216%2C832&ssl=1\" \/>\n\t<meta property=\"og:image:width\" content=\"1216\" \/>\n\t<meta property=\"og:image:height\" content=\"832\" \/>\n\t<meta property=\"og:image:type\" content=\"image\/jpeg\" \/>\n<meta name=\"twitter:card\" content=\"summary_large_image\" \/>\n<meta name=\"twitter:label1\" content=\"Arvioitu lukuaika\" \/>\n\t<meta name=\"twitter:data1\" content=\"3 minuuttia\" \/>\n<script type=\"application\/ld+json\" class=\"yoast-schema-graph\">{\"@context\":\"https:\/\/schema.org\",\"@graph\":[{\"@type\":\"WebPage\",\"@id\":\"https:\/\/idakorea.ee\/korea-naohooldusrutiin\/\",\"url\":\"https:\/\/idakorea.ee\/korea-naohooldusrutiin\/\",\"name\":\"Korea n\u00e4ohooldusrutiin - IDA.KOREA\",\"isPartOf\":{\"@id\":\"https:\/\/idakorea.ee\/#website\"},\"primaryImageOfPage\":{\"@id\":\"https:\/\/idakorea.ee\/korea-naohooldusrutiin\/#primaryimage\"},\"image\":{\"@id\":\"https:\/\/idakorea.ee\/korea-naohooldusrutiin\/#primaryimage\"},\"thumbnailUrl\":\"https:\/\/idakorea.ee\/wp-content\/uploads\/2024\/07\/ko.jpg\",\"datePublished\":\"2024-07-20T08:08:29+00:00\",\"dateModified\":\"2024-09-04T09:48:33+00:00\",\"description\":\"\u00d5ige nahahooldus Korea toodetega valitakse s\u00f5ltuvalt naha t\u00fc\u00fcbist. Korea kosmeetikas ei leidu seepi ega alkoholi sisaldavaid vahendeid, kogu s\u00fcsteem sisaldab kuni 10 hoolduse etappi.\",\"breadcrumb\":{\"@id\":\"https:\/\/idakorea.ee\/korea-naohooldusrutiin\/#breadcrumb\"},\"inLanguage\":\"fi\",\"potentialAction\":[{\"@type\":\"ReadAction\",\"target\":[\"https:\/\/idakorea.ee\/korea-naohooldusrutiin\/\"]}]},{\"@type\":\"ImageObject\",\"inLanguage\":\"fi\",\"@id\":\"https:\/\/idakorea.ee\/korea-naohooldusrutiin\/#primaryimage\",\"url\":\"https:\/\/idakorea.ee\/wp-content\/uploads\/2024\/07\/ko.jpg\",\"contentUrl\":\"https:\/\/idakorea.ee\/wp-content\/uploads\/2024\/07\/ko.jpg\",\"width\":1216,\"height\":832,\"caption\":\"Korea kosmeetika rutiin\"},{\"@type\":\"BreadcrumbList\",\"@id\":\"https:\/\/idakorea.ee\/korea-naohooldusrutiin\/#breadcrumb\",\"itemListElement\":[{\"@type\":\"ListItem\",\"position\":1,\"name\":\"\u0413\u043b\u0430\u0432\u043d\u0430\u044f \u0441\u0442\u0440\u0430\u043d\u0438\u0446\u0430\",\"item\":\"https:\/\/idakorea.ee\/\"},{\"@type\":\"ListItem\",\"position\":2,\"name\":\"Korea n\u00e4ohooldusrutiin\"}]},{\"@type\":\"WebSite\",\"@id\":\"https:\/\/idakorea.ee\/#website\",\"url\":\"https:\/\/idakorea.ee\/\",\"name\":\"IDA.KOREA\",\"description\":\"Korea kosmeetika e-pood\",\"publisher\":{\"@id\":\"https:\/\/idakorea.ee\/#organization\"},\"alternateName\":\"Beauty Shop\",\"potentialAction\":[{\"@type\":\"SearchAction\",\"target\":{\"@type\":\"EntryPoint\",\"urlTemplate\":\"https:\/\/idakorea.ee\/?s={search_term_string}\"},\"query-input\":{\"@type\":\"PropertyValueSpecification\",\"valueRequired\":true,\"valueName\":\"search_term_string\"}}],\"inLanguage\":\"fi\"},{\"@type\":\"Organization\",\"@id\":\"https:\/\/idakorea.ee\/#organization\",\"name\":\"IDA.KOREA\",\"url\":\"https:\/\/idakorea.ee\/\",\"logo\":{\"@type\":\"ImageObject\",\"inLanguage\":\"fi\",\"@id\":\"https:\/\/idakorea.ee\/#\/schema\/logo\/image\/\",\"url\":\"https:\/\/idakorea.ee\/wp-content\/uploads\/2024\/05\/cropped-korea3.png\",\"contentUrl\":\"https:\/\/idakorea.ee\/wp-content\/uploads\/2024\/05\/cropped-korea3.png\",\"width\":688,\"height\":126,\"caption\":\"IDA.KOREA\"},\"image\":{\"@id\":\"https:\/\/idakorea.ee\/#\/schema\/logo\/image\/\"},\"sameAs\":[\"https:\/\/www.instagram.com\/ida.korea\/\"]}]}<\/script>\n<!-- \/ Yoast SEO plugin. -->","yoast_head_json":{"title":"Korealainen kasvorutiini - IDA.KOREA","description":"Oikean ihonhoidon valitseminen korealaisilla tuotteilla riippuu ihotyypist\u00e4si. Korealainen kosmetiikka ei sis\u00e4ll\u00e4 saippuaa tai alkoholia, ja koko j\u00e4rjestelm\u00e4 sis\u00e4lt\u00e4\u00e4 jopa 10 hoitovaihetta.","robots":{"index":"index","follow":"follow","max-snippet":"max-snippet:-1","max-image-preview":"max-image-preview:large","max-video-preview":"max-video-preview:-1"},"canonical":"https:\/\/idakorea.ee\/fi\/korea-naohooldusrutiin\/","og_locale":"fi_FI","og_type":"article","og_title":"Korea n\u00e4ohooldusrutiin - IDA.KOREA","og_description":"\u00d5ige nahahooldus Korea toodetega valitakse s\u00f5ltuvalt naha t\u00fc\u00fcbist. Korea kosmeetikas ei leidu seepi ega alkoholi sisaldavaid vahendeid, kogu s\u00fcsteem sisaldab kuni 10 hoolduse etappi.","og_url":"https:\/\/idakorea.ee\/fi\/korea-naohooldusrutiin\/","og_site_name":"IDA.KOREA","article_modified_time":"2024-09-04T09:48:33+00:00","og_image":[{"width":1216,"height":832,"url":"https:\/\/i0.wp.com\/idakorea.ee\/wp-content\/uploads\/2024\/07\/ko.jpg?fit=1216%2C832&ssl=1","type":"image\/jpeg"}],"twitter_card":"summary_large_image","twitter_misc":{"Arvioitu lukuaika":"3 minuuttia"},"schema":{"@context":"https:\/\/schema.org","@graph":[{"@type":"WebPage","@id":"https:\/\/idakorea.ee\/korea-naohooldusrutiin\/","url":"https:\/\/idakorea.ee\/korea-naohooldusrutiin\/","name":"Korealainen kasvorutiini - IDA.KOREA","isPartOf":{"@id":"https:\/\/idakorea.ee\/#website"},"primaryImageOfPage":{"@id":"https:\/\/idakorea.ee\/korea-naohooldusrutiin\/#primaryimage"},"image":{"@id":"https:\/\/idakorea.ee\/korea-naohooldusrutiin\/#primaryimage"},"thumbnailUrl":"https:\/\/idakorea.ee\/wp-content\/uploads\/2024\/07\/ko.jpg","datePublished":"2024-07-20T08:08:29+00:00","dateModified":"2024-09-04T09:48:33+00:00","description":"Oikean ihonhoidon valitseminen korealaisilla tuotteilla riippuu ihotyypist\u00e4si. Korealainen kosmetiikka ei sis\u00e4ll\u00e4 saippuaa tai alkoholia, ja koko j\u00e4rjestelm\u00e4 sis\u00e4lt\u00e4\u00e4 jopa 10 hoitovaihetta.","breadcrumb":{"@id":"https:\/\/idakorea.ee\/korea-naohooldusrutiin\/#breadcrumb"},"inLanguage":"fi","potentialAction":[{"@type":"ReadAction","target":["https:\/\/idakorea.ee\/korea-naohooldusrutiin\/"]}]},{"@type":"ImageObject","inLanguage":"fi","@id":"https:\/\/idakorea.ee\/korea-naohooldusrutiin\/#primaryimage","url":"https:\/\/idakorea.ee\/wp-content\/uploads\/2024\/07\/ko.jpg","contentUrl":"https:\/\/idakorea.ee\/wp-content\/uploads\/2024\/07\/ko.jpg","width":1216,"height":832,"caption":"Korea kosmeetika rutiin"},{"@type":"BreadcrumbList","@id":"https:\/\/idakorea.ee\/korea-naohooldusrutiin\/#breadcrumb","itemListElement":[{"@type":"ListItem","position":1,"name":"\u0413\u043b\u0430\u0432\u043d\u0430\u044f \u0441\u0442\u0440\u0430\u043d\u0438\u0446\u0430","item":"https:\/\/idakorea.ee\/"},{"@type":"ListItem","position":2,"name":"Korea n\u00e4ohooldusrutiin"}]},{"@type":"WebSite","@id":"https:\/\/idakorea.ee\/#website","url":"https:\/\/idakorea.ee\/","name":"IDA.KOREA","description":"Korean kosmetiikan verkkokauppa","publisher":{"@id":"https:\/\/idakorea.ee\/#organization"},"alternateName":"Beauty Shop","potentialAction":[{"@type":"SearchAction","target":{"@type":"EntryPoint","urlTemplate":"https:\/\/idakorea.ee\/?s={search_term_string}"},"query-input":{"@type":"PropertyValueSpecification","valueRequired":true,"valueName":"search_term_string"}}],"inLanguage":"fi"},{"@type":"Organization","@id":"https:\/\/idakorea.ee\/#organization","name":"IDA.KOREA","url":"https:\/\/idakorea.ee\/","logo":{"@type":"ImageObject","inLanguage":"fi","@id":"https:\/\/idakorea.ee\/#\/schema\/logo\/image\/","url":"https:\/\/idakorea.ee\/wp-content\/uploads\/2024\/05\/cropped-korea3.png","contentUrl":"https:\/\/idakorea.ee\/wp-content\/uploads\/2024\/05\/cropped-korea3.png","width":688,"height":126,"caption":"IDA.KOREA"},"image":{"@id":"https:\/\/idakorea.ee\/#\/schema\/logo\/image\/"},"sameAs":["https:\/\/www.instagram.com\/ida.korea\/"]}]}},"jetpack_sharing_enabled":true,"_links":{"self":[{"href":"https:\/\/idakorea.ee\/fi\/wp-json\/wp\/v2\/pages\/9539","targetHints":{"allow":["GET"]}}],"collection":[{"href":"https:\/\/idakorea.ee\/fi\/wp-json\/wp\/v2\/pages"}],"about":[{"href":"https:\/\/idakorea.ee\/fi\/wp-json\/wp\/v2\/types\/page"}],"author":[{"embeddable":true,"href":"https:\/\/idakorea.ee\/fi\/wp-json\/wp\/v2\/users\/1"}],"replies":[{"embeddable":true,"href":"https:\/\/idakorea.ee\/fi\/wp-json\/wp\/v2\/comments?post=9539"}],"version-history":[{"count":14,"href":"https:\/\/idakorea.ee\/fi\/wp-json\/wp\/v2\/pages\/9539\/revisions"}],"predecessor-version":[{"id":9557,"href":"https:\/\/idakorea.ee\/fi\/wp-json\/wp\/v2\/pages\/9539\/revisions\/9557"}],"wp:featuredmedia":[{"embeddable":true,"href":"https:\/\/idakorea.ee\/fi\/wp-json\/wp\/v2\/media\/9554"}],"wp:attachment":[{"href":"https:\/\/idakorea.ee\/fi\/wp-json\/wp\/v2\/media?parent=9539"}],"curies":[{"name":"wp","href":"https:\/\/api.w.org\/{rel}","templated":true}]}}