{"id":10002,"date":"2024-08-21T13:32:48","date_gmt":"2024-08-21T10:32:48","guid":{"rendered":"https:\/\/idakorea.ee\/?post_type=product&#038;p=10002"},"modified":"2026-01-30T16:30:09","modified_gmt":"2026-01-30T14:30:09","slug":"minikomplekt-laneige-waterbank-blue-hyaluronic-5-step-essential-kit","status":"publish","type":"product","link":"https:\/\/idakorea.ee\/fi\/product\/minikomplekt-laneige-waterbank-blue-hyaluronic-5-step-essential-kit\/","title":{"rendered":"LANEIGE Waterbank Blue Hyaluronic 5 Step Essential Kit LANEIGE Waterbank Blue Hyaluronic 5 Step Essential Kit LANEIGE Waterbank Blue Hyaluronic 5 Step Essential Kit"},"content":{"rendered":"<p><strong>LANEIGE Waterbank Blue Hyaluronic 5 Step Essential Kit<\/strong> \u2013 T\u00e4ydellinen hoitosetti normaalille ja kuivalle iholle.<\/p>\n<p>Setti sis\u00e4lt\u00e4\u00e4 Laneigen ainutlaatuisen ainesosan \u2013 sinist\u00e4 hyaluronihappoa, joka tehokkaasti palauttaa ja kosteuttaa ihoa.<\/p>\n<p><strong>Sininen hyaluronihappo<\/strong> on Laneigen kehitt\u00e4m\u00e4 ja patentoima uusi kosteuttava ainesosa. Sen luomiseksi asiantuntijat k\u00e4yttiv\u00e4t kaksoisk\u00e4ymist\u00e4 fukoidaanin (syv\u00e4nmeren lev\u00e4st\u00e4 per\u00e4isin oleva kosteuttava aine) kanssa ja altistivat tuotteen 10-vaiheiselle mikrosuodatukselle. Tuloksena oleva mikrokokoinen sininen hyaluronihappo imeytyy nopeammin ja syvemm\u00e4lle varmistaen pitk\u00e4kestoisen kosteutuksen.<\/p>\n<p><strong>Skvala<\/strong> Poistaa kuivuutta, palauttaa ihon suojakerroksen ja sopii kaikille ihotyypeille, my\u00f6s ongelmaiholle ja herk\u00e4lle iholle.<\/p>\n<p><strong>Keramidit<\/strong> palauttaa ihon lipidikerroksen, suojaa sit\u00e4 ulkoisilta tekij\u00f6ilt\u00e4, s\u00e4ilytt\u00e4\u00e4 kosteuden ja lis\u00e4\u00e4 ihon kimmoisuutta ja kiinteytt\u00e4.<\/p>\n<p><strong>Pantenoli ja probiootit<\/strong> vahvistaa ihon suojakerrosta ja yll\u00e4pit\u00e4\u00e4 ihon terveytt\u00e4.<\/p>\n<p class=\"translation-block\"><strong>Maksimaalinen nesteytys<\/strong> on avain nuorekkuuden ja vieh\u00e4tt\u00e4vyyden yll\u00e4pit\u00e4miseen. Kliiniset tutkimukset vahvistavat, ett\u00e4 kaikkien setin tuotteiden k\u00e4ytt\u00f6 kosteuttaa ihoa tehokkaasti, parantaa sen rakennetta ja antaa iholle s\u00e4teilev\u00e4n s\u00e4vyn.<\/p>\n<p>&nbsp;<\/p>\n<p><strong>Setti sis\u00e4lt\u00e4\u00e4:<\/strong><\/p>\n<ol>\n<li><strong>Laneige Water Bank Blue Hyaluronic Essence -kasvovesi (25 ml)<\/strong> \u2013 rauhoittava kasvovesi, joka sis\u00e4lt\u00e4\u00e4 hyaluronihappoa ja antaa iholle ensimm\u00e4isen kosteuskerroksen puhdistuksen j\u00e4lkeen. Sininen hyaluronihappo, joka on fermentoitu syv\u00e4nmeren levill\u00e4 ja mikrosuodatettu, imeytyy v\u00e4litt\u00f6m\u00e4sti ja tarjoaa tehokasta kosteutta.<\/li>\n<li><strong>Laneige Water Bank Blue -hyaluronihappoemulsio (25 ml)<\/strong> \u2013 kosteuttava emulsio, joka palauttaa vaurioituneen ihon suojakerroksen, luo syv\u00e4n kosteuskerroksen ja antaa iholle hehkun.<\/li>\n<li><strong>Laneige Water Bank Blue Hyaluronic Serum (10 ml)<\/strong> \u2013 seerumi kuivalle iholle, joka imeytyy v\u00e4litt\u00f6m\u00e4sti ja antaa syv\u00e4\u00e4, pitk\u00e4kestoista kosteutusta. Peptidit vahvistavat ihoa, ja vihre\u00e4n teen entsyymit tukevat ihon kosteussuojaa.<\/li>\n<li><strong>Laneige Water Bank Blue Hyaluronic Cream (10 ml)<\/strong> \u2013 voide, joka vahvistaa ihon kosteussuojaa ja antaa syv\u00e4kosteutusta, sopii herk\u00e4lle iholle.<\/li>\n<li><strong>Laneige Water Bank Blue Hyaluronic -silm\u00e4nymp\u00e4rysvoide (3 ml)<\/strong> \u2013 silm\u00e4nymp\u00e4rysvoide, jossa on sinist\u00e4 hyaluronihappoa, niasiiniamidia ja kofeiinia, joka kirkastaa silm\u00e4nymp\u00e4rysihoa ja v\u00e4hent\u00e4\u00e4 turvotusta.<\/li>\n<\/ol>\n<p>&nbsp;<\/p>\n<p><strong>K\u00e4ytt\u00f6:<\/strong> Levit\u00e4 tuotteet puhdistetulle iholle seuraavassa j\u00e4rjestyksess\u00e4: 1 \u2013 2 \u2013 3 \u2013 4 \u2013 5.<\/p>","protected":false},"excerpt":{"rendered":"<p>LANEIGE Waterbank Blue Hyaluronic 5 Step Essential Kit - t\u00e4ydellinen hoitosarja normaalille ja kuivalle iholle. Pakkaus sis\u00e4lt\u00e4\u00e4 Laneigen eksklusiivista ainesosaa, Blue Hyaluronic Acidia, joka palauttaa ja kosteuttaa ihoa tehokkaasti. Blue Hyaluronic Acid on Laneigen kehitt\u00e4m\u00e4 ja patentoima uusi kosteuttava ainesosa. Sen luomiseksi asiantuntijat k\u00e4yttiv\u00e4t kaksinkertaista fermentointia fukaanin kanssa (syv\u00e4nmeren levist\u00e4 saatava kosteuttava aine) ja altistivat tuotteen...<\/p>","protected":false},"featured_media":10003,"comment_status":"open","ping_status":"closed","template":"","meta":{"_uf_show_specific_survey":0,"_uf_disable_surveys":false,"_bst_post_transparent":"default","_bst_post_title":"","_bst_post_layout":"default","_bst_post_sidebar_id":"","_bst_post_content_style":"default","_bst_post_vertical_padding":"default","_bst_post_feature":"","_bst_post_feature_position":"","_bst_post_header":false,"_bst_post_footer":false},"pwb-brand":[477],"product_brand":[],"product_cat":[95,92],"product_tag":[233,377,202,497,221,538],"class_list":{"0":"post-10002","1":"product","2":"type-product","3":"status-publish","4":"has-post-thumbnail","6":"pwb-brand-laneige","7":"product_cat-komplektid","8":"product_cat-nagu","9":"product_tag-internet-pood-eesti","10":"product_tag-k-beauty-2","11":"product_tag-korea-kosmeetika","12":"product_tag-laneige","13":"product_tag-tundlik-nahk","14":"product_tag-viral","16":"first","17":"outofstock","18":"sale","19":"shipping-taxable","20":"purchasable","21":"product-type-simple","22":"entry","23":"content-bg","24":"loop-entry"},"supplier_id":null,"supplier_sku":"","barcode":null,"atum_controlled":true,"out_stock_date":null,"out_stock_threshold":null,"inheritable":false,"inbound_stock":0,"stock_on_hold":0,"sold_today":0,"sales_last_days":0,"out_stock_days":0,"lost_sales":0,"has_location":false,"update_date":"2026-04-14T00:05:04","atum_locations":[],"atum_stock_status":"outofstock","restock_status":false,"low_stock_amount":"","sales_update_date":"2026-04-14T00:05:04","calc_backorders":null,"yoast_head":"<!-- This site is optimized with the Yoast SEO plugin v27.2 - https:\/\/yoast.com\/product\/yoast-seo-wordpress\/ -->\n<title>Minikomplekt LANEIGE Waterbank Blue Hyaluronic 5 Step Essential Kit - IDA.KOREA<\/title>\n<meta name=\"description\" content=\"Komplekt sisaldab Laneige\u2019i eksklusiivset koostisosa \u2013 sinist h\u00fcaluroonhapet, mis t\u00f5husalt taastab ja niisutab nahka.\" \/>\n<meta name=\"robots\" content=\"index, follow, max-snippet:-1, max-image-preview:large, max-video-preview:-1\" \/>\n<link rel=\"canonical\" href=\"https:\/\/idakorea.ee\/fi\/product\/minikomplekt-laneige-waterbank-blue-hyaluronic-5-step-essential-kit\/\" \/>\n<meta property=\"og:locale\" content=\"fi_FI\" \/>\n<meta property=\"og:type\" content=\"article\" \/>\n<meta property=\"og:title\" content=\"Minikomplekt LANEIGE Waterbank Blue Hyaluronic 5 Step Essential Kit - IDA.KOREA\" \/>\n<meta property=\"og:description\" content=\"Komplekt sisaldab Laneige\u2019i eksklusiivset koostisosa \u2013 sinist h\u00fcaluroonhapet, mis t\u00f5husalt taastab ja niisutab nahka.\" \/>\n<meta property=\"og:url\" content=\"https:\/\/idakorea.ee\/fi\/product\/minikomplekt-laneige-waterbank-blue-hyaluronic-5-step-essential-kit\/\" \/>\n<meta property=\"og:site_name\" content=\"IDA.KOREA\" \/>\n<meta property=\"article:modified_time\" content=\"2026-01-30T14:30:09+00:00\" \/>\n<meta property=\"og:image\" content=\"https:\/\/idakorea.ee\/wp-content\/uploads\/2024\/08\/max_48463.jpg\" \/>\n\t<meta property=\"og:image:width\" content=\"750\" \/>\n\t<meta property=\"og:image:height\" content=\"750\" \/>\n\t<meta property=\"og:image:type\" content=\"image\/jpeg\" \/>\n<meta name=\"twitter:card\" content=\"summary_large_image\" \/>\n<meta name=\"twitter:label1\" content=\"Arvioitu lukuaika\" \/>\n\t<meta name=\"twitter:data1\" content=\"2 minuuttia\" \/>\n<script type=\"application\/ld+json\" class=\"yoast-schema-graph\">{\"@context\":\"https:\/\/schema.org\",\"@graph\":[{\"@type\":\"WebPage\",\"@id\":\"https:\/\/idakorea.ee\/product\/minikomplekt-laneige-waterbank-blue-hyaluronic-5-step-essential-kit\/\",\"url\":\"https:\/\/idakorea.ee\/product\/minikomplekt-laneige-waterbank-blue-hyaluronic-5-step-essential-kit\/\",\"name\":\"Minikomplekt LANEIGE Waterbank Blue Hyaluronic 5 Step Essential Kit - IDA.KOREA\",\"isPartOf\":{\"@id\":\"https:\/\/idakorea.ee\/#website\"},\"primaryImageOfPage\":{\"@id\":\"https:\/\/idakorea.ee\/product\/minikomplekt-laneige-waterbank-blue-hyaluronic-5-step-essential-kit\/#primaryimage\"},\"image\":{\"@id\":\"https:\/\/idakorea.ee\/product\/minikomplekt-laneige-waterbank-blue-hyaluronic-5-step-essential-kit\/#primaryimage\"},\"thumbnailUrl\":\"https:\/\/idakorea.ee\/wp-content\/uploads\/2024\/08\/max_48463.jpg\",\"datePublished\":\"2024-08-21T10:32:48+00:00\",\"dateModified\":\"2026-01-30T14:30:09+00:00\",\"description\":\"Komplekt sisaldab Laneige\u2019i eksklusiivset koostisosa \u2013 sinist h\u00fcaluroonhapet, mis t\u00f5husalt taastab ja niisutab nahka.\",\"breadcrumb\":{\"@id\":\"https:\/\/idakorea.ee\/product\/minikomplekt-laneige-waterbank-blue-hyaluronic-5-step-essential-kit\/#breadcrumb\"},\"inLanguage\":\"fi\",\"potentialAction\":[{\"@type\":\"ReadAction\",\"target\":[\"https:\/\/idakorea.ee\/product\/minikomplekt-laneige-waterbank-blue-hyaluronic-5-step-essential-kit\/\"]}]},{\"@type\":\"ImageObject\",\"inLanguage\":\"fi\",\"@id\":\"https:\/\/idakorea.ee\/product\/minikomplekt-laneige-waterbank-blue-hyaluronic-5-step-essential-kit\/#primaryimage\",\"url\":\"https:\/\/idakorea.ee\/wp-content\/uploads\/2024\/08\/max_48463.jpg\",\"contentUrl\":\"https:\/\/idakorea.ee\/wp-content\/uploads\/2024\/08\/max_48463.jpg\",\"width\":750,\"height\":750},{\"@type\":\"BreadcrumbList\",\"@id\":\"https:\/\/idakorea.ee\/product\/minikomplekt-laneige-waterbank-blue-hyaluronic-5-step-essential-kit\/#breadcrumb\",\"itemListElement\":[{\"@type\":\"ListItem\",\"position\":1,\"name\":\"\u0413\u043b\u0430\u0432\u043d\u0430\u044f \u0441\u0442\u0440\u0430\u043d\u0438\u0446\u0430\",\"item\":\"https:\/\/idakorea.ee\/\"},{\"@type\":\"ListItem\",\"position\":2,\"name\":\"Shop\",\"item\":\"https:\/\/idakorea.ee\/shop-2\/\"},{\"@type\":\"ListItem\",\"position\":3,\"name\":\"Minikomplekt LANEIGE Waterbank Blue Hyaluronic 5 Step Essential Kit\"}]},{\"@type\":\"WebSite\",\"@id\":\"https:\/\/idakorea.ee\/#website\",\"url\":\"https:\/\/idakorea.ee\/\",\"name\":\"IDA.KOREA\",\"description\":\"Korea kosmeetika e-pood\",\"publisher\":{\"@id\":\"https:\/\/idakorea.ee\/#organization\"},\"alternateName\":\"Beauty Shop\",\"potentialAction\":[{\"@type\":\"SearchAction\",\"target\":{\"@type\":\"EntryPoint\",\"urlTemplate\":\"https:\/\/idakorea.ee\/?s={search_term_string}\"},\"query-input\":{\"@type\":\"PropertyValueSpecification\",\"valueRequired\":true,\"valueName\":\"search_term_string\"}}],\"inLanguage\":\"fi\"},{\"@type\":\"Organization\",\"@id\":\"https:\/\/idakorea.ee\/#organization\",\"name\":\"IDA.KOREA\",\"url\":\"https:\/\/idakorea.ee\/\",\"logo\":{\"@type\":\"ImageObject\",\"inLanguage\":\"fi\",\"@id\":\"https:\/\/idakorea.ee\/#\/schema\/logo\/image\/\",\"url\":\"https:\/\/idakorea.ee\/wp-content\/uploads\/2024\/05\/cropped-korea3.png\",\"contentUrl\":\"https:\/\/idakorea.ee\/wp-content\/uploads\/2024\/05\/cropped-korea3.png\",\"width\":688,\"height\":126,\"caption\":\"IDA.KOREA\"},\"image\":{\"@id\":\"https:\/\/idakorea.ee\/#\/schema\/logo\/image\/\"},\"sameAs\":[\"https:\/\/www.instagram.com\/ida.korea\/\"]}]}<\/script>\n<!-- \/ Yoast SEO plugin. -->","yoast_head_json":{"title":"LANEIGE Waterbank Blue Hyaluronic 5 Step Essential Kit - IDA.KOREA","description":"Setti sis\u00e4lt\u00e4\u00e4 Laneigen ainutlaatuisen ainesosan \u2013 sinist\u00e4 hyaluronihappoa, joka tehokkaasti palauttaa ja kosteuttaa ihoa.","robots":{"index":"index","follow":"follow","max-snippet":"max-snippet:-1","max-image-preview":"max-image-preview:large","max-video-preview":"max-video-preview:-1"},"canonical":"https:\/\/idakorea.ee\/fi\/product\/minikomplekt-laneige-waterbank-blue-hyaluronic-5-step-essential-kit\/","og_locale":"fi_FI","og_type":"article","og_title":"Minikomplekt LANEIGE Waterbank Blue Hyaluronic 5 Step Essential Kit - IDA.KOREA","og_description":"Komplekt sisaldab Laneige\u2019i eksklusiivset koostisosa \u2013 sinist h\u00fcaluroonhapet, mis t\u00f5husalt taastab ja niisutab nahka.","og_url":"https:\/\/idakorea.ee\/fi\/product\/minikomplekt-laneige-waterbank-blue-hyaluronic-5-step-essential-kit\/","og_site_name":"IDA.KOREA","article_modified_time":"2026-01-30T14:30:09+00:00","og_image":[{"width":750,"height":750,"url":"https:\/\/idakorea.ee\/wp-content\/uploads\/2024\/08\/max_48463.jpg","type":"image\/jpeg"}],"twitter_card":"summary_large_image","twitter_misc":{"Arvioitu lukuaika":"2 minuuttia"},"schema":{"@context":"https:\/\/schema.org","@graph":[{"@type":"WebPage","@id":"https:\/\/idakorea.ee\/product\/minikomplekt-laneige-waterbank-blue-hyaluronic-5-step-essential-kit\/","url":"https:\/\/idakorea.ee\/product\/minikomplekt-laneige-waterbank-blue-hyaluronic-5-step-essential-kit\/","name":"LANEIGE Waterbank Blue Hyaluronic 5 Step Essential Kit - IDA.KOREA","isPartOf":{"@id":"https:\/\/idakorea.ee\/#website"},"primaryImageOfPage":{"@id":"https:\/\/idakorea.ee\/product\/minikomplekt-laneige-waterbank-blue-hyaluronic-5-step-essential-kit\/#primaryimage"},"image":{"@id":"https:\/\/idakorea.ee\/product\/minikomplekt-laneige-waterbank-blue-hyaluronic-5-step-essential-kit\/#primaryimage"},"thumbnailUrl":"https:\/\/idakorea.ee\/wp-content\/uploads\/2024\/08\/max_48463.jpg","datePublished":"2024-08-21T10:32:48+00:00","dateModified":"2026-01-30T14:30:09+00:00","description":"Setti sis\u00e4lt\u00e4\u00e4 Laneigen ainutlaatuisen ainesosan \u2013 sinist\u00e4 hyaluronihappoa, joka tehokkaasti palauttaa ja kosteuttaa ihoa.","breadcrumb":{"@id":"https:\/\/idakorea.ee\/product\/minikomplekt-laneige-waterbank-blue-hyaluronic-5-step-essential-kit\/#breadcrumb"},"inLanguage":"fi","potentialAction":[{"@type":"ReadAction","target":["https:\/\/idakorea.ee\/product\/minikomplekt-laneige-waterbank-blue-hyaluronic-5-step-essential-kit\/"]}]},{"@type":"ImageObject","inLanguage":"fi","@id":"https:\/\/idakorea.ee\/product\/minikomplekt-laneige-waterbank-blue-hyaluronic-5-step-essential-kit\/#primaryimage","url":"https:\/\/idakorea.ee\/wp-content\/uploads\/2024\/08\/max_48463.jpg","contentUrl":"https:\/\/idakorea.ee\/wp-content\/uploads\/2024\/08\/max_48463.jpg","width":750,"height":750},{"@type":"BreadcrumbList","@id":"https:\/\/idakorea.ee\/product\/minikomplekt-laneige-waterbank-blue-hyaluronic-5-step-essential-kit\/#breadcrumb","itemListElement":[{"@type":"ListItem","position":1,"name":"\u0413\u043b\u0430\u0432\u043d\u0430\u044f \u0441\u0442\u0440\u0430\u043d\u0438\u0446\u0430","item":"https:\/\/idakorea.ee\/"},{"@type":"ListItem","position":2,"name":"Shop","item":"https:\/\/idakorea.ee\/shop-2\/"},{"@type":"ListItem","position":3,"name":"Minikomplekt LANEIGE Waterbank Blue Hyaluronic 5 Step Essential Kit"}]},{"@type":"WebSite","@id":"https:\/\/idakorea.ee\/#website","url":"https:\/\/idakorea.ee\/","name":"IDA.KOREA","description":"Korean kosmetiikan verkkokauppa","publisher":{"@id":"https:\/\/idakorea.ee\/#organization"},"alternateName":"Beauty Shop","potentialAction":[{"@type":"SearchAction","target":{"@type":"EntryPoint","urlTemplate":"https:\/\/idakorea.ee\/?s={search_term_string}"},"query-input":{"@type":"PropertyValueSpecification","valueRequired":true,"valueName":"search_term_string"}}],"inLanguage":"fi"},{"@type":"Organization","@id":"https:\/\/idakorea.ee\/#organization","name":"IDA.KOREA","url":"https:\/\/idakorea.ee\/","logo":{"@type":"ImageObject","inLanguage":"fi","@id":"https:\/\/idakorea.ee\/#\/schema\/logo\/image\/","url":"https:\/\/idakorea.ee\/wp-content\/uploads\/2024\/05\/cropped-korea3.png","contentUrl":"https:\/\/idakorea.ee\/wp-content\/uploads\/2024\/05\/cropped-korea3.png","width":688,"height":126,"caption":"IDA.KOREA"},"image":{"@id":"https:\/\/idakorea.ee\/#\/schema\/logo\/image\/"},"sameAs":["https:\/\/www.instagram.com\/ida.korea\/"]}]}},"jetpack_sharing_enabled":true,"brands":[{"id":477,"name":"LANEIGE","slug":"laneige"}],"_links":{"self":[{"href":"https:\/\/idakorea.ee\/fi\/wp-json\/wp\/v2\/product\/10002","targetHints":{"allow":["GET"]}}],"collection":[{"href":"https:\/\/idakorea.ee\/fi\/wp-json\/wp\/v2\/product"}],"about":[{"href":"https:\/\/idakorea.ee\/fi\/wp-json\/wp\/v2\/types\/product"}],"replies":[{"embeddable":true,"href":"https:\/\/idakorea.ee\/fi\/wp-json\/wp\/v2\/comments?post=10002"}],"version-history":[{"count":5,"href":"https:\/\/idakorea.ee\/fi\/wp-json\/wp\/v2\/product\/10002\/revisions"}],"predecessor-version":[{"id":13556,"href":"https:\/\/idakorea.ee\/fi\/wp-json\/wp\/v2\/product\/10002\/revisions\/13556"}],"wp:featuredmedia":[{"embeddable":true,"href":"https:\/\/idakorea.ee\/fi\/wp-json\/wp\/v2\/media\/10003"}],"wp:attachment":[{"href":"https:\/\/idakorea.ee\/fi\/wp-json\/wp\/v2\/media?parent=10002"}],"wp:term":[{"taxonomy":"pwb-brand","embeddable":true,"href":"https:\/\/idakorea.ee\/fi\/wp-json\/wp\/v2\/pwb-brand?post=10002"},{"taxonomy":"product_brand","embeddable":true,"href":"https:\/\/idakorea.ee\/fi\/wp-json\/wp\/v2\/product_brand?post=10002"},{"taxonomy":"product_cat","embeddable":true,"href":"https:\/\/idakorea.ee\/fi\/wp-json\/wp\/v2\/product_cat?post=10002"},{"taxonomy":"product_tag","embeddable":true,"href":"https:\/\/idakorea.ee\/fi\/wp-json\/wp\/v2\/product_tag?post=10002"}],"curies":[{"name":"wp","href":"https:\/\/api.w.org\/{rel}","templated":true}]}}