{"id":10192,"date":"2024-08-26T14:29:26","date_gmt":"2024-08-26T11:29:26","guid":{"rendered":"https:\/\/idakorea.ee\/?post_type=product&#038;p=10192"},"modified":"2026-01-30T16:28:14","modified_gmt":"2026-01-30T14:28:14","slug":"seerum-anua-7-rice-ceramide-hydrating-barrier-serum","status":"publish","type":"product","link":"https:\/\/idakorea.ee\/fi\/product\/seerum-anua-7-rice-ceramide-hydrating-barrier-serum\/","title":{"rendered":"Serum Anua 7 -riisikeramidi kosteuttava suojaseerumi, 50ml"},"content":{"rendered":"<p>Ravitseva suojakerros riisiuutteella ja keramideilla<\/p>\n<p><strong>Edut:<\/strong><br \/>\nPalauttaa ja vahvistaa ihon suojamuuria, suojaa sit\u00e4 ulkoisilta vaikutuksilta ja est\u00e4\u00e4 kosteuden haihtumista.<br \/>\nRavitsee, kosteuttaa ja pehment\u00e4\u00e4 ihoa syv\u00e4lt\u00e4, kyll\u00e4st\u00e4\u00e4 sen kosteudella, poistaa kuivuutta, kireyden tunnetta ja hilseily\u00e4 ja ehk\u00e4isee niiden syntymist\u00e4.<br \/>\nAuttaa tasoittamaan ihon s\u00e4vy\u00e4, ehk\u00e4isee hyperpigmentaatiota, antaa terveen sis\u00e4isen hehkun ja auttaa saavuttamaan lasi-ihoefektin.<\/p>\n<p><strong>T\u00e4rkeimm\u00e4t ainesosat:<\/strong><br \/>\n<strong>Riisikompleksi<\/strong>, joka koostuu proteiinista, hydrolaatista ja uutteista, tarjoaa syv\u00e4ravitsevan vaikutuksen, tasoittaa ihon s\u00e4vy\u00e4 ja antaa iholle terveen hehkun.<br \/>\n<strong>Niasiiniamidi<\/strong> auttaa tasoittamaan ihon s\u00e4vy\u00e4, kirkastaa hell\u00e4varaisesti ja ehk\u00e4isee hyperpigmentaatiota.<br \/>\n<strong>Keramidit<\/strong> palauttavat ja vahvistavat aktiivisesti ihon suojakerrosta, suojaavat negatiivisilta ymp\u00e4rist\u00f6vaikutuksilta ja est\u00e4v\u00e4t transdermaalista kosteuden menetyst\u00e4.<br \/>\n<strong>Hyaluronihappo<\/strong> Kosteuttaa ihoa syv\u00e4lt\u00e4, s\u00e4ilytt\u00e4\u00e4 kosteuden ihossa, ehk\u00e4isee kuivumista ja nestehukkaa sek\u00e4 auttaa yll\u00e4pit\u00e4m\u00e4\u00e4n ihon sileytt\u00e4 ja kimmoisuutta.<br \/>\n<strong>Pantenol<\/strong> rauhoittava ja palauttava vaikutus, v\u00e4hent\u00e4\u00e4 punoitusta ja \u00e4rsytyst\u00e4 sek\u00e4 alentaa ihon herkkyytt\u00e4.<br \/>\n<strong>E-vitamiini<\/strong> on voimakas antioksidantti, joka ehk\u00e4isee ik\u00e4\u00e4ntymisen merkkej\u00e4 ja suojaa ihoa vapailta radikaaleilta.<br \/>\n<strong>Lootusuute<\/strong> Kosteuttaa ja pehment\u00e4\u00e4 ihoa, suojaa ihon ik\u00e4\u00e4ntymist\u00e4 aiheuttavilta vapailta radikaaleilta ja est\u00e4\u00e4 oksidatiivista prosessia. Se v\u00e4hent\u00e4\u00e4 melaniinia tuottavan tyrosinaasin aktiivisuutta ja v\u00e4hent\u00e4\u00e4 pigmentaatiota.<br \/>\n<strong>Adenos<\/strong> sill\u00e4 on syv\u00e4kosteuttava ja uudistava vaikutus ja se stimuloi kollageenin tuotantoa.<br \/>\n<strong>Arbutiin<\/strong> kirkastaa tehokkaasti, v\u00e4hent\u00e4\u00e4 pigmenttil\u00e4iski\u00e4 ja ep\u00e4tasaista ihon s\u00e4vy\u00e4.<br \/>\n<b>Seerumi<\/b>on pehment\u00e4v\u00e4, antibakteerinen ja tulehdusta est\u00e4v\u00e4 vaikutus.<\/p>\n<p>&nbsp;<\/p>\n<p>Sopii kaikille ihotyypeille.<\/p>\n<p><strong>K\u00e4ytt\u00f6:<\/strong> Levit\u00e4 tarvittava m\u00e4\u00e4r\u00e4 tuotetta puhdistetulle ja kasvovedelle kasvojen iholle, levit\u00e4 tasaisesti, kunnes se on t\u00e4ysin imeytynyt, ja vahvista sitten hoito voiteella.<\/p>","protected":false},"excerpt":{"rendered":"<p>Nourishing Barrier Serum with Rice Extract and Ceramides Hy\u00f6dyt: Palauttaa ja vahvistaa ihon barrier-toimintaa, suojaa sit\u00e4 ulkoisilta aggressioilta ja est\u00e4\u00e4 kosteuden menetyst\u00e4. Ravitsee, kosteuttaa ja pehment\u00e4\u00e4 ihoa syv\u00e4sti, kyll\u00e4st\u00e4\u00e4 sen kosteudella, poistaa kuivuutta, kirist\u00e4vyytt\u00e4 ja hilseily\u00e4 sek\u00e4 ehk\u00e4isee niiden esiintymist\u00e4. Auttaa tasoittamaan ihon s\u00e4vy\u00e4, ehk\u00e4isee hyperpigmentaatiota, antaa terveen sis\u00e4isen hehkun ja auttaa saavuttamaan Glass Skin -efektin. T\u00e4rkeimm\u00e4t ainesosat:...<\/p>","protected":false},"featured_media":12336,"comment_status":"open","ping_status":"closed","template":"","meta":{"_uf_show_specific_survey":0,"_uf_disable_surveys":false,"_bst_post_transparent":"default","_bst_post_title":"","_bst_post_layout":"default","_bst_post_sidebar_id":"","_bst_post_content_style":"default","_bst_post_vertical_padding":"default","_bst_post_feature":"","_bst_post_feature_position":"","_bst_post_header":false,"_bst_post_footer":false},"pwb-brand":[104],"product_brand":[],"product_cat":[92,97],"product_tag":[102,233,202,586,221],"class_list":{"0":"post-10192","1":"product","2":"type-product","3":"status-publish","4":"has-post-thumbnail","6":"pwb-brand-anua","7":"product_cat-nagu","8":"product_cat-naoseerumid-ja-olid","9":"product_tag-anua","10":"product_tag-internet-pood-eesti","11":"product_tag-korea-kosmeetika","12":"product_tag-trend-serum","13":"product_tag-tundlik-nahk","15":"first","16":"instock","17":"sale","18":"shipping-taxable","19":"purchasable","20":"product-type-simple","21":"entry","22":"content-bg","23":"loop-entry"},"supplier_id":null,"supplier_sku":"","barcode":null,"atum_controlled":true,"out_stock_date":null,"out_stock_threshold":null,"inheritable":false,"inbound_stock":0,"stock_on_hold":0,"sold_today":0,"sales_last_days":0,"out_stock_days":0,"lost_sales":0,"has_location":false,"update_date":"2026-04-14T00:05:04","atum_locations":[],"atum_stock_status":"instock","restock_status":false,"low_stock_amount":"","sales_update_date":"2026-04-14T00:05:04","calc_backorders":null,"yoast_head":"<!-- This site is optimized with the Yoast SEO plugin v27.2 - https:\/\/yoast.com\/product\/yoast-seo-wordpress\/ -->\n<title>Anua 7 Rice Ceramide Hydrating Barrier Serum - IDA.KOREA<\/title>\n<meta name=\"description\" content=\"Toitev barj\u00e4\u00e4rseerum riisiekstrakti ja keraamiididega. Taastab ja tugevdab naha barj\u00e4\u00e4rifunktsiooni, kaitstes seda v\u00e4liste m\u00f5jutuste eest ja ennetades niiskuskadu.\" \/>\n<meta name=\"robots\" content=\"index, follow, max-snippet:-1, max-image-preview:large, max-video-preview:-1\" \/>\n<link rel=\"canonical\" href=\"https:\/\/idakorea.ee\/fi\/product\/seerum-anua-7-rice-ceramide-hydrating-barrier-serum\/\" \/>\n<meta property=\"og:locale\" content=\"fi_FI\" \/>\n<meta property=\"og:type\" content=\"article\" \/>\n<meta property=\"og:title\" content=\"Anua 7 Rice Ceramide Hydrating Barrier Serum - IDA.KOREA\" \/>\n<meta property=\"og:description\" content=\"Toitev barj\u00e4\u00e4rseerum riisiekstrakti ja keraamiididega. Taastab ja tugevdab naha barj\u00e4\u00e4rifunktsiooni, kaitstes seda v\u00e4liste m\u00f5jutuste eest ja ennetades niiskuskadu.\" \/>\n<meta property=\"og:url\" content=\"https:\/\/idakorea.ee\/fi\/product\/seerum-anua-7-rice-ceramide-hydrating-barrier-serum\/\" \/>\n<meta property=\"og:site_name\" content=\"IDA.KOREA\" \/>\n<meta property=\"article:modified_time\" content=\"2026-01-30T14:28:14+00:00\" \/>\n<meta property=\"og:image\" content=\"https:\/\/idakorea.ee\/wp-content\/uploads\/2024\/08\/anua-rice-7-ceramide-hydrating-barrier-serum.jpg\" \/>\n\t<meta property=\"og:image:width\" content=\"1000\" \/>\n\t<meta property=\"og:image:height\" content=\"1000\" \/>\n\t<meta property=\"og:image:type\" content=\"image\/jpeg\" \/>\n<meta name=\"twitter:card\" content=\"summary_large_image\" \/>\n<meta name=\"twitter:label1\" content=\"Arvioitu lukuaika\" \/>\n\t<meta name=\"twitter:data1\" content=\"2 minuuttia\" \/>\n<script type=\"application\/ld+json\" class=\"yoast-schema-graph\">{\"@context\":\"https:\/\/schema.org\",\"@graph\":[{\"@type\":\"WebPage\",\"@id\":\"https:\/\/idakorea.ee\/product\/seerum-anua-7-rice-ceramide-hydrating-barrier-serum\/\",\"url\":\"https:\/\/idakorea.ee\/product\/seerum-anua-7-rice-ceramide-hydrating-barrier-serum\/\",\"name\":\"Anua 7 Rice Ceramide Hydrating Barrier Serum - IDA.KOREA\",\"isPartOf\":{\"@id\":\"https:\/\/idakorea.ee\/#website\"},\"primaryImageOfPage\":{\"@id\":\"https:\/\/idakorea.ee\/product\/seerum-anua-7-rice-ceramide-hydrating-barrier-serum\/#primaryimage\"},\"image\":{\"@id\":\"https:\/\/idakorea.ee\/product\/seerum-anua-7-rice-ceramide-hydrating-barrier-serum\/#primaryimage\"},\"thumbnailUrl\":\"https:\/\/idakorea.ee\/wp-content\/uploads\/2024\/08\/anua-rice-7-ceramide-hydrating-barrier-serum.jpg\",\"datePublished\":\"2024-08-26T11:29:26+00:00\",\"dateModified\":\"2026-01-30T14:28:14+00:00\",\"description\":\"Toitev barj\u00e4\u00e4rseerum riisiekstrakti ja keraamiididega. Taastab ja tugevdab naha barj\u00e4\u00e4rifunktsiooni, kaitstes seda v\u00e4liste m\u00f5jutuste eest ja ennetades niiskuskadu.\",\"breadcrumb\":{\"@id\":\"https:\/\/idakorea.ee\/product\/seerum-anua-7-rice-ceramide-hydrating-barrier-serum\/#breadcrumb\"},\"inLanguage\":\"fi\",\"potentialAction\":[{\"@type\":\"ReadAction\",\"target\":[\"https:\/\/idakorea.ee\/product\/seerum-anua-7-rice-ceramide-hydrating-barrier-serum\/\"]}]},{\"@type\":\"ImageObject\",\"inLanguage\":\"fi\",\"@id\":\"https:\/\/idakorea.ee\/product\/seerum-anua-7-rice-ceramide-hydrating-barrier-serum\/#primaryimage\",\"url\":\"https:\/\/idakorea.ee\/wp-content\/uploads\/2024\/08\/anua-rice-7-ceramide-hydrating-barrier-serum.jpg\",\"contentUrl\":\"https:\/\/idakorea.ee\/wp-content\/uploads\/2024\/08\/anua-rice-7-ceramide-hydrating-barrier-serum.jpg\",\"width\":1000,\"height\":1000},{\"@type\":\"BreadcrumbList\",\"@id\":\"https:\/\/idakorea.ee\/product\/seerum-anua-7-rice-ceramide-hydrating-barrier-serum\/#breadcrumb\",\"itemListElement\":[{\"@type\":\"ListItem\",\"position\":1,\"name\":\"\u0413\u043b\u0430\u0432\u043d\u0430\u044f \u0441\u0442\u0440\u0430\u043d\u0438\u0446\u0430\",\"item\":\"https:\/\/idakorea.ee\/\"},{\"@type\":\"ListItem\",\"position\":2,\"name\":\"Shop\",\"item\":\"https:\/\/idakorea.ee\/shop-2\/\"},{\"@type\":\"ListItem\",\"position\":3,\"name\":\"Seerum Anua 7 Rice Ceramide Hydrating Barrier Serum, 50ml\"}]},{\"@type\":\"WebSite\",\"@id\":\"https:\/\/idakorea.ee\/#website\",\"url\":\"https:\/\/idakorea.ee\/\",\"name\":\"IDA.KOREA\",\"description\":\"Korea kosmeetika e-pood\",\"publisher\":{\"@id\":\"https:\/\/idakorea.ee\/#organization\"},\"alternateName\":\"Beauty Shop\",\"potentialAction\":[{\"@type\":\"SearchAction\",\"target\":{\"@type\":\"EntryPoint\",\"urlTemplate\":\"https:\/\/idakorea.ee\/?s={search_term_string}\"},\"query-input\":{\"@type\":\"PropertyValueSpecification\",\"valueRequired\":true,\"valueName\":\"search_term_string\"}}],\"inLanguage\":\"fi\"},{\"@type\":\"Organization\",\"@id\":\"https:\/\/idakorea.ee\/#organization\",\"name\":\"IDA.KOREA\",\"url\":\"https:\/\/idakorea.ee\/\",\"logo\":{\"@type\":\"ImageObject\",\"inLanguage\":\"fi\",\"@id\":\"https:\/\/idakorea.ee\/#\/schema\/logo\/image\/\",\"url\":\"https:\/\/idakorea.ee\/wp-content\/uploads\/2024\/05\/cropped-korea3.png\",\"contentUrl\":\"https:\/\/idakorea.ee\/wp-content\/uploads\/2024\/05\/cropped-korea3.png\",\"width\":688,\"height\":126,\"caption\":\"IDA.KOREA\"},\"image\":{\"@id\":\"https:\/\/idakorea.ee\/#\/schema\/logo\/image\/\"},\"sameAs\":[\"https:\/\/www.instagram.com\/ida.korea\/\"]}]}<\/script>\n<!-- \/ Yoast SEO plugin. -->","yoast_head_json":{"title":"Anua 7 Rice Ceramide Hydrating Barrier Serum - IDA.KOREA","description":"Ravitseva seerumi riisiuutteella ja keramideilla. Palauttaa ja vahvistaa ihon suojakerrosta, suojaa sit\u00e4 ulkoisilta vaikutuksilta ja est\u00e4\u00e4 kosteuden haihtumista.","robots":{"index":"index","follow":"follow","max-snippet":"max-snippet:-1","max-image-preview":"max-image-preview:large","max-video-preview":"max-video-preview:-1"},"canonical":"https:\/\/idakorea.ee\/fi\/product\/seerum-anua-7-rice-ceramide-hydrating-barrier-serum\/","og_locale":"fi_FI","og_type":"article","og_title":"Anua 7 Rice Ceramide Hydrating Barrier Serum - IDA.KOREA","og_description":"Toitev barj\u00e4\u00e4rseerum riisiekstrakti ja keraamiididega. Taastab ja tugevdab naha barj\u00e4\u00e4rifunktsiooni, kaitstes seda v\u00e4liste m\u00f5jutuste eest ja ennetades niiskuskadu.","og_url":"https:\/\/idakorea.ee\/fi\/product\/seerum-anua-7-rice-ceramide-hydrating-barrier-serum\/","og_site_name":"IDA.KOREA","article_modified_time":"2026-01-30T14:28:14+00:00","og_image":[{"width":1000,"height":1000,"url":"https:\/\/idakorea.ee\/wp-content\/uploads\/2024\/08\/anua-rice-7-ceramide-hydrating-barrier-serum.jpg","type":"image\/jpeg"}],"twitter_card":"summary_large_image","twitter_misc":{"Arvioitu lukuaika":"2 minuuttia"},"schema":{"@context":"https:\/\/schema.org","@graph":[{"@type":"WebPage","@id":"https:\/\/idakorea.ee\/product\/seerum-anua-7-rice-ceramide-hydrating-barrier-serum\/","url":"https:\/\/idakorea.ee\/product\/seerum-anua-7-rice-ceramide-hydrating-barrier-serum\/","name":"Anua 7 Rice Ceramide Hydrating Barrier Serum - IDA.KOREA","isPartOf":{"@id":"https:\/\/idakorea.ee\/#website"},"primaryImageOfPage":{"@id":"https:\/\/idakorea.ee\/product\/seerum-anua-7-rice-ceramide-hydrating-barrier-serum\/#primaryimage"},"image":{"@id":"https:\/\/idakorea.ee\/product\/seerum-anua-7-rice-ceramide-hydrating-barrier-serum\/#primaryimage"},"thumbnailUrl":"https:\/\/idakorea.ee\/wp-content\/uploads\/2024\/08\/anua-rice-7-ceramide-hydrating-barrier-serum.jpg","datePublished":"2024-08-26T11:29:26+00:00","dateModified":"2026-01-30T14:28:14+00:00","description":"Ravitseva seerumi riisiuutteella ja keramideilla. Palauttaa ja vahvistaa ihon suojakerrosta, suojaa sit\u00e4 ulkoisilta vaikutuksilta ja est\u00e4\u00e4 kosteuden haihtumista.","breadcrumb":{"@id":"https:\/\/idakorea.ee\/product\/seerum-anua-7-rice-ceramide-hydrating-barrier-serum\/#breadcrumb"},"inLanguage":"fi","potentialAction":[{"@type":"ReadAction","target":["https:\/\/idakorea.ee\/product\/seerum-anua-7-rice-ceramide-hydrating-barrier-serum\/"]}]},{"@type":"ImageObject","inLanguage":"fi","@id":"https:\/\/idakorea.ee\/product\/seerum-anua-7-rice-ceramide-hydrating-barrier-serum\/#primaryimage","url":"https:\/\/idakorea.ee\/wp-content\/uploads\/2024\/08\/anua-rice-7-ceramide-hydrating-barrier-serum.jpg","contentUrl":"https:\/\/idakorea.ee\/wp-content\/uploads\/2024\/08\/anua-rice-7-ceramide-hydrating-barrier-serum.jpg","width":1000,"height":1000},{"@type":"BreadcrumbList","@id":"https:\/\/idakorea.ee\/product\/seerum-anua-7-rice-ceramide-hydrating-barrier-serum\/#breadcrumb","itemListElement":[{"@type":"ListItem","position":1,"name":"\u0413\u043b\u0430\u0432\u043d\u0430\u044f \u0441\u0442\u0440\u0430\u043d\u0438\u0446\u0430","item":"https:\/\/idakorea.ee\/"},{"@type":"ListItem","position":2,"name":"Shop","item":"https:\/\/idakorea.ee\/shop-2\/"},{"@type":"ListItem","position":3,"name":"Seerum Anua 7 Rice Ceramide Hydrating Barrier Serum, 50ml"}]},{"@type":"WebSite","@id":"https:\/\/idakorea.ee\/#website","url":"https:\/\/idakorea.ee\/","name":"IDA.KOREA","description":"Korean kosmetiikan verkkokauppa","publisher":{"@id":"https:\/\/idakorea.ee\/#organization"},"alternateName":"Beauty Shop","potentialAction":[{"@type":"SearchAction","target":{"@type":"EntryPoint","urlTemplate":"https:\/\/idakorea.ee\/?s={search_term_string}"},"query-input":{"@type":"PropertyValueSpecification","valueRequired":true,"valueName":"search_term_string"}}],"inLanguage":"fi"},{"@type":"Organization","@id":"https:\/\/idakorea.ee\/#organization","name":"IDA.KOREA","url":"https:\/\/idakorea.ee\/","logo":{"@type":"ImageObject","inLanguage":"fi","@id":"https:\/\/idakorea.ee\/#\/schema\/logo\/image\/","url":"https:\/\/idakorea.ee\/wp-content\/uploads\/2024\/05\/cropped-korea3.png","contentUrl":"https:\/\/idakorea.ee\/wp-content\/uploads\/2024\/05\/cropped-korea3.png","width":688,"height":126,"caption":"IDA.KOREA"},"image":{"@id":"https:\/\/idakorea.ee\/#\/schema\/logo\/image\/"},"sameAs":["https:\/\/www.instagram.com\/ida.korea\/"]}]}},"jetpack_sharing_enabled":true,"brands":[{"id":104,"name":"ANUA","slug":"anua"}],"_links":{"self":[{"href":"https:\/\/idakorea.ee\/fi\/wp-json\/wp\/v2\/product\/10192","targetHints":{"allow":["GET"]}}],"collection":[{"href":"https:\/\/idakorea.ee\/fi\/wp-json\/wp\/v2\/product"}],"about":[{"href":"https:\/\/idakorea.ee\/fi\/wp-json\/wp\/v2\/types\/product"}],"replies":[{"embeddable":true,"href":"https:\/\/idakorea.ee\/fi\/wp-json\/wp\/v2\/comments?post=10192"}],"version-history":[{"count":3,"href":"https:\/\/idakorea.ee\/fi\/wp-json\/wp\/v2\/product\/10192\/revisions"}],"predecessor-version":[{"id":17308,"href":"https:\/\/idakorea.ee\/fi\/wp-json\/wp\/v2\/product\/10192\/revisions\/17308"}],"wp:featuredmedia":[{"embeddable":true,"href":"https:\/\/idakorea.ee\/fi\/wp-json\/wp\/v2\/media\/12336"}],"wp:attachment":[{"href":"https:\/\/idakorea.ee\/fi\/wp-json\/wp\/v2\/media?parent=10192"}],"wp:term":[{"taxonomy":"pwb-brand","embeddable":true,"href":"https:\/\/idakorea.ee\/fi\/wp-json\/wp\/v2\/pwb-brand?post=10192"},{"taxonomy":"product_brand","embeddable":true,"href":"https:\/\/idakorea.ee\/fi\/wp-json\/wp\/v2\/product_brand?post=10192"},{"taxonomy":"product_cat","embeddable":true,"href":"https:\/\/idakorea.ee\/fi\/wp-json\/wp\/v2\/product_cat?post=10192"},{"taxonomy":"product_tag","embeddable":true,"href":"https:\/\/idakorea.ee\/fi\/wp-json\/wp\/v2\/product_tag?post=10192"}],"curies":[{"name":"wp","href":"https:\/\/api.w.org\/{rel}","templated":true}]}}