{"id":10211,"date":"2024-08-27T13:50:10","date_gmt":"2024-08-27T10:50:10","guid":{"rendered":"https:\/\/idakorea.ee\/?post_type=product&#038;p=10211"},"modified":"2026-01-30T16:27:49","modified_gmt":"2026-01-30T14:27:49","slug":"kerge-mineraalne-paikesekaitsekreem-anua-airy-sun-cream-spf50-pa-50ml","status":"publish","type":"product","link":"https:\/\/idakorea.ee\/fi\/product\/kerge-mineraalne-paikesekaitsekreem-anua-airy-sun-cream-spf50-pa-50ml\/","title":{"rendered":"Kevyt mineraalinen aurinkosuojavoide Anua Airy Sun Cream SPF50+ PA++++, 50ml"},"content":{"rendered":"<p>Kevyt mineraalinen aurinkosuojavoide <strong>Anua Airy Sun Cream SPF50+ PA++++<\/strong>Fysikaalisiin suodattimiin perustuva tuote luo iholle suojaavan kerroksen. Sinkkioksidin ansiosta tuote heijastaa kaikenlaista auringons\u00e4teily\u00e4 peilin tavoin est\u00e4en valoik\u00e4\u00e4ntymist\u00e4 ja auringonpolttamia, my\u00f6s valoherk\u00e4ll\u00e4 iholla. Sinkkioksidilla on my\u00f6s tulehdusta est\u00e4v\u00e4 vaikutus, joka lievitt\u00e4\u00e4 ihon \u00e4rsytyst\u00e4 ja punoitusta.<\/p>\n<p>Tuote on eritt\u00e4in miellytt\u00e4v\u00e4 k\u00e4ytt\u00e4\u00e4 luonnollisten ainesosien ansiosta, jotka kosteuttavat ja pehment\u00e4v\u00e4t ihoa, v\u00e4hent\u00e4v\u00e4t sen herkkyytt\u00e4 ja est\u00e4v\u00e4t kuivumista. Kasviuutteet toimivat monimutkaisella tavalla normalisoiden talirauhasten tuotantoa ja ehk\u00e4isten aknen muodostumista.<\/p>\n<p><strong>T\u00e4rkeimm\u00e4t vaikuttavat aineet:<\/strong><\/p>\n<ul>\n<li><strong>Aasian vesikrassiuute<\/strong> v\u00e4hent\u00e4\u00e4 punoitusta ja \u00e4rsytyst\u00e4, vahvistaa verisuonten sein\u00e4mi\u00e4, v\u00e4hent\u00e4\u00e4 couperosan n\u00e4kyvyytt\u00e4 ja lis\u00e4\u00e4 ihon kimmoisuutta.<\/li>\n<li><strong>Houttuynia-uute<\/strong> poistaa tulehdusta, edist\u00e4\u00e4 mikrovaurioiden paranemista, rauhoittaa \u00e4rsytyst\u00e4 ja v\u00e4hent\u00e4\u00e4 ihon reagointikyky\u00e4.<\/li>\n<li><strong>Vihre\u00e4n teen uute<\/strong> auttaa ihoa torjumaan hapettumisprosesseja, suojaa soluja, v\u00e4hent\u00e4\u00e4 turvotusta ja normalisoi talin tuotantoa.<\/li>\n<li><strong>Voikukan uute<\/strong> Sill\u00e4 on bakteereja tappavia, antiseptisi\u00e4 ja tulehdusta ehk\u00e4isevi\u00e4 vaikutuksia. Normalisoi hydrolipiditasapainoa, hoitaa aknea ja toimii vahvana antioksidanttina.<\/li>\n<li><strong>Tokoferoli<\/strong> suojaa ihoa auringolta ja suojaa vapaiden radikaalien haitallisilta vaikutuksilta soluille.<\/li>\n<\/ul>\n<p>&nbsp;<\/p>\n<p>Sopii kaikille ihotyypeille.<\/p>\n<p><strong>K\u00e4ytt\u00f6opas:<\/strong> K\u00e4yt\u00e4 viimeisen\u00e4 vaiheena p\u00e4ivitt\u00e4isess\u00e4 ihonhoidossasi. Levit\u00e4 noin 1,2 ml tuotetta kasvoille ja kaulalle. Lis\u00e4\u00e4 levityst\u00e4 2\u20133 tunnin v\u00e4lein, erityisesti pitk\u00e4aikaisen auringossa oleskelun aikana.<\/p>","protected":false},"excerpt":{"rendered":"<p>Anua Airy Sun Cream SPF50+ PA++++, luonnon suodattimiin perustuva kevyt mineraalinen aurinkovoide luo iholle suojaavan suojakerroksen. Sinkkioksidin ansiosta tuote heijastaa kaikenlaisia auringons\u00e4teit\u00e4 kuin peili, mik\u00e4 ehk\u00e4isee valovaurioita ja auringonpolttamia my\u00f6s valoherk\u00e4ll\u00e4 iholla. Sinkkioksidilla on my\u00f6s anti-inflammatorinen vaikutus, joka rauhoittaa iho\u00e4rsytyst\u00e4 ja punoitusta. Mit\u00e4 tulee helppok\u00e4ytt\u00f6isyyteen, tuote tarjoaa maksimaalisen mukavuuden luonnollisten ainesosien ansiosta, jotka...<\/p>","protected":false},"featured_media":15506,"comment_status":"open","ping_status":"closed","template":"","meta":{"_uf_show_specific_survey":0,"_uf_disable_surveys":false,"_bst_post_transparent":"default","_bst_post_title":"","_bst_post_layout":"default","_bst_post_sidebar_id":"","_bst_post_content_style":"default","_bst_post_vertical_padding":"default","_bst_post_feature":"","_bst_post_feature_position":"","_bst_post_header":false,"_bst_post_footer":false},"pwb-brand":[104],"product_brand":[],"product_cat":[92,101],"product_tag":[590],"class_list":{"0":"post-10211","1":"product","2":"type-product","3":"status-publish","4":"has-post-thumbnail","6":"pwb-brand-anua","7":"product_cat-nagu","8":"product_cat-paikesekaitse","9":"product_tag-anua-sun-cream","11":"first","12":"instock","13":"sale","14":"shipping-taxable","15":"purchasable","16":"product-type-simple","17":"entry","18":"content-bg","19":"loop-entry"},"supplier_id":null,"supplier_sku":"","barcode":null,"atum_controlled":true,"out_stock_date":null,"out_stock_threshold":null,"inheritable":false,"inbound_stock":0,"stock_on_hold":0,"sold_today":0,"sales_last_days":0,"out_stock_days":0,"lost_sales":0,"has_location":false,"update_date":"2026-04-15T00:05:10","atum_locations":[],"atum_stock_status":"instock","restock_status":false,"low_stock_amount":"","sales_update_date":"2026-04-15T00:05:10","calc_backorders":null,"yoast_head":"<!-- This site is optimized with the Yoast SEO plugin v27.2 - https:\/\/yoast.com\/product\/yoast-seo-wordpress\/ -->\n<title>Kerge mineraalne p\u00e4ikesekaitsekreem Anua Airy Sun Cream SPF50+ PA++++, 50ml - IDA.KOREA<\/title>\n<meta name=\"robots\" content=\"index, follow, max-snippet:-1, max-image-preview:large, max-video-preview:-1\" \/>\n<link rel=\"canonical\" href=\"https:\/\/idakorea.ee\/fi\/product\/kerge-mineraalne-paikesekaitsekreem-anua-airy-sun-cream-spf50-pa-50ml\/\" \/>\n<meta property=\"og:locale\" content=\"fi_FI\" \/>\n<meta property=\"og:type\" content=\"article\" \/>\n<meta property=\"og:title\" content=\"Kerge mineraalne p\u00e4ikesekaitsekreem Anua Airy Sun Cream SPF50+ PA++++, 50ml - IDA.KOREA\" \/>\n<meta property=\"og:description\" content=\"Kerge mineraalne p\u00e4ikesekaitsekreem Anua Airy Sun Cream SPF50+ PA++++, mis p\u00f5hineb f\u00fc\u00fcsilistel filtritel, loob nahale kaitsebarj\u00e4\u00e4ri. T\u00e4nu tsinkoksiidile peegeldab toode nagu peegel k\u00f5iki p\u00e4ikese kiirguse t\u00fc\u00fcpe, ennetades fotovananemist ja p\u00e4ikesep\u00f5letusi, sealhulgas ka valgusele tundlikul nahal. Tsinkoksiidil on ka p\u00f5letikuvastane toime, leevendab naha \u00e4rritust ja punetust. Toode on kasutamismugavuse osas maksimaalselt mugav t\u00e4nu looduslikele koostisosadele, mis...\" \/>\n<meta property=\"og:url\" content=\"https:\/\/idakorea.ee\/fi\/product\/kerge-mineraalne-paikesekaitsekreem-anua-airy-sun-cream-spf50-pa-50ml\/\" \/>\n<meta property=\"og:site_name\" content=\"IDA.KOREA\" \/>\n<meta property=\"article:modified_time\" content=\"2026-01-30T14:27:49+00:00\" \/>\n<meta property=\"og:image\" content=\"https:\/\/idakorea.ee\/wp-content\/uploads\/2024\/08\/anua-spf50-airy-idakorea.webp\" \/>\n\t<meta property=\"og:image:width\" content=\"1024\" \/>\n\t<meta property=\"og:image:height\" content=\"1024\" \/>\n\t<meta property=\"og:image:type\" content=\"image\/webp\" \/>\n<meta name=\"twitter:card\" content=\"summary_large_image\" \/>\n<meta name=\"twitter:label1\" content=\"Arvioitu lukuaika\" \/>\n\t<meta name=\"twitter:data1\" content=\"2 minuuttia\" \/>\n<script type=\"application\/ld+json\" class=\"yoast-schema-graph\">{\"@context\":\"https:\/\/schema.org\",\"@graph\":[{\"@type\":\"WebPage\",\"@id\":\"https:\/\/idakorea.ee\/product\/kerge-mineraalne-paikesekaitsekreem-anua-airy-sun-cream-spf50-pa-50ml\/\",\"url\":\"https:\/\/idakorea.ee\/product\/kerge-mineraalne-paikesekaitsekreem-anua-airy-sun-cream-spf50-pa-50ml\/\",\"name\":\"Kerge mineraalne p\u00e4ikesekaitsekreem Anua Airy Sun Cream SPF50+ PA++++, 50ml - IDA.KOREA\",\"isPartOf\":{\"@id\":\"https:\/\/idakorea.ee\/#website\"},\"primaryImageOfPage\":{\"@id\":\"https:\/\/idakorea.ee\/product\/kerge-mineraalne-paikesekaitsekreem-anua-airy-sun-cream-spf50-pa-50ml\/#primaryimage\"},\"image\":{\"@id\":\"https:\/\/idakorea.ee\/product\/kerge-mineraalne-paikesekaitsekreem-anua-airy-sun-cream-spf50-pa-50ml\/#primaryimage\"},\"thumbnailUrl\":\"https:\/\/idakorea.ee\/wp-content\/uploads\/2024\/08\/anua-spf50-airy-idakorea.webp\",\"datePublished\":\"2024-08-27T10:50:10+00:00\",\"dateModified\":\"2026-01-30T14:27:49+00:00\",\"breadcrumb\":{\"@id\":\"https:\/\/idakorea.ee\/product\/kerge-mineraalne-paikesekaitsekreem-anua-airy-sun-cream-spf50-pa-50ml\/#breadcrumb\"},\"inLanguage\":\"fi\",\"potentialAction\":[{\"@type\":\"ReadAction\",\"target\":[\"https:\/\/idakorea.ee\/product\/kerge-mineraalne-paikesekaitsekreem-anua-airy-sun-cream-spf50-pa-50ml\/\"]}]},{\"@type\":\"ImageObject\",\"inLanguage\":\"fi\",\"@id\":\"https:\/\/idakorea.ee\/product\/kerge-mineraalne-paikesekaitsekreem-anua-airy-sun-cream-spf50-pa-50ml\/#primaryimage\",\"url\":\"https:\/\/idakorea.ee\/wp-content\/uploads\/2024\/08\/anua-spf50-airy-idakorea.webp\",\"contentUrl\":\"https:\/\/idakorea.ee\/wp-content\/uploads\/2024\/08\/anua-spf50-airy-idakorea.webp\",\"width\":1024,\"height\":1024},{\"@type\":\"BreadcrumbList\",\"@id\":\"https:\/\/idakorea.ee\/product\/kerge-mineraalne-paikesekaitsekreem-anua-airy-sun-cream-spf50-pa-50ml\/#breadcrumb\",\"itemListElement\":[{\"@type\":\"ListItem\",\"position\":1,\"name\":\"\u0413\u043b\u0430\u0432\u043d\u0430\u044f \u0441\u0442\u0440\u0430\u043d\u0438\u0446\u0430\",\"item\":\"https:\/\/idakorea.ee\/\"},{\"@type\":\"ListItem\",\"position\":2,\"name\":\"Shop\",\"item\":\"https:\/\/idakorea.ee\/shop-2\/\"},{\"@type\":\"ListItem\",\"position\":3,\"name\":\"Kerge mineraalne p\u00e4ikesekaitsekreem Anua Airy Sun Cream SPF50+ PA++++, 50ml\"}]},{\"@type\":\"WebSite\",\"@id\":\"https:\/\/idakorea.ee\/#website\",\"url\":\"https:\/\/idakorea.ee\/\",\"name\":\"IDA.KOREA\",\"description\":\"Korea kosmeetika e-pood\",\"publisher\":{\"@id\":\"https:\/\/idakorea.ee\/#organization\"},\"alternateName\":\"Beauty Shop\",\"potentialAction\":[{\"@type\":\"SearchAction\",\"target\":{\"@type\":\"EntryPoint\",\"urlTemplate\":\"https:\/\/idakorea.ee\/?s={search_term_string}\"},\"query-input\":{\"@type\":\"PropertyValueSpecification\",\"valueRequired\":true,\"valueName\":\"search_term_string\"}}],\"inLanguage\":\"fi\"},{\"@type\":\"Organization\",\"@id\":\"https:\/\/idakorea.ee\/#organization\",\"name\":\"IDA.KOREA\",\"url\":\"https:\/\/idakorea.ee\/\",\"logo\":{\"@type\":\"ImageObject\",\"inLanguage\":\"fi\",\"@id\":\"https:\/\/idakorea.ee\/#\/schema\/logo\/image\/\",\"url\":\"https:\/\/idakorea.ee\/wp-content\/uploads\/2024\/05\/cropped-korea3.png\",\"contentUrl\":\"https:\/\/idakorea.ee\/wp-content\/uploads\/2024\/05\/cropped-korea3.png\",\"width\":688,\"height\":126,\"caption\":\"IDA.KOREA\"},\"image\":{\"@id\":\"https:\/\/idakorea.ee\/#\/schema\/logo\/image\/\"},\"sameAs\":[\"https:\/\/www.instagram.com\/ida.korea\/\"]}]}<\/script>\n<!-- \/ Yoast SEO plugin. -->","yoast_head_json":{"title":"Kevyt mineraaliaurinkosuoja Anua Airy Sun Cream SPF50+ PA++++, 50ml - It\u00e4-Korea","robots":{"index":"index","follow":"follow","max-snippet":"max-snippet:-1","max-image-preview":"max-image-preview:large","max-video-preview":"max-video-preview:-1"},"canonical":"https:\/\/idakorea.ee\/fi\/product\/kerge-mineraalne-paikesekaitsekreem-anua-airy-sun-cream-spf50-pa-50ml\/","og_locale":"fi_FI","og_type":"article","og_title":"Kerge mineraalne p\u00e4ikesekaitsekreem Anua Airy Sun Cream SPF50+ PA++++, 50ml - IDA.KOREA","og_description":"Kerge mineraalne p\u00e4ikesekaitsekreem Anua Airy Sun Cream SPF50+ PA++++, mis p\u00f5hineb f\u00fc\u00fcsilistel filtritel, loob nahale kaitsebarj\u00e4\u00e4ri. T\u00e4nu tsinkoksiidile peegeldab toode nagu peegel k\u00f5iki p\u00e4ikese kiirguse t\u00fc\u00fcpe, ennetades fotovananemist ja p\u00e4ikesep\u00f5letusi, sealhulgas ka valgusele tundlikul nahal. Tsinkoksiidil on ka p\u00f5letikuvastane toime, leevendab naha \u00e4rritust ja punetust. Toode on kasutamismugavuse osas maksimaalselt mugav t\u00e4nu looduslikele koostisosadele, mis...","og_url":"https:\/\/idakorea.ee\/fi\/product\/kerge-mineraalne-paikesekaitsekreem-anua-airy-sun-cream-spf50-pa-50ml\/","og_site_name":"IDA.KOREA","article_modified_time":"2026-01-30T14:27:49+00:00","og_image":[{"width":1024,"height":1024,"url":"https:\/\/idakorea.ee\/wp-content\/uploads\/2024\/08\/anua-spf50-airy-idakorea.webp","type":"image\/webp"}],"twitter_card":"summary_large_image","twitter_misc":{"Arvioitu lukuaika":"2 minuuttia"},"schema":{"@context":"https:\/\/schema.org","@graph":[{"@type":"WebPage","@id":"https:\/\/idakorea.ee\/product\/kerge-mineraalne-paikesekaitsekreem-anua-airy-sun-cream-spf50-pa-50ml\/","url":"https:\/\/idakorea.ee\/product\/kerge-mineraalne-paikesekaitsekreem-anua-airy-sun-cream-spf50-pa-50ml\/","name":"Kevyt mineraaliaurinkosuoja Anua Airy Sun Cream SPF50+ PA++++, 50ml - It\u00e4-Korea","isPartOf":{"@id":"https:\/\/idakorea.ee\/#website"},"primaryImageOfPage":{"@id":"https:\/\/idakorea.ee\/product\/kerge-mineraalne-paikesekaitsekreem-anua-airy-sun-cream-spf50-pa-50ml\/#primaryimage"},"image":{"@id":"https:\/\/idakorea.ee\/product\/kerge-mineraalne-paikesekaitsekreem-anua-airy-sun-cream-spf50-pa-50ml\/#primaryimage"},"thumbnailUrl":"https:\/\/idakorea.ee\/wp-content\/uploads\/2024\/08\/anua-spf50-airy-idakorea.webp","datePublished":"2024-08-27T10:50:10+00:00","dateModified":"2026-01-30T14:27:49+00:00","breadcrumb":{"@id":"https:\/\/idakorea.ee\/product\/kerge-mineraalne-paikesekaitsekreem-anua-airy-sun-cream-spf50-pa-50ml\/#breadcrumb"},"inLanguage":"fi","potentialAction":[{"@type":"ReadAction","target":["https:\/\/idakorea.ee\/product\/kerge-mineraalne-paikesekaitsekreem-anua-airy-sun-cream-spf50-pa-50ml\/"]}]},{"@type":"ImageObject","inLanguage":"fi","@id":"https:\/\/idakorea.ee\/product\/kerge-mineraalne-paikesekaitsekreem-anua-airy-sun-cream-spf50-pa-50ml\/#primaryimage","url":"https:\/\/idakorea.ee\/wp-content\/uploads\/2024\/08\/anua-spf50-airy-idakorea.webp","contentUrl":"https:\/\/idakorea.ee\/wp-content\/uploads\/2024\/08\/anua-spf50-airy-idakorea.webp","width":1024,"height":1024},{"@type":"BreadcrumbList","@id":"https:\/\/idakorea.ee\/product\/kerge-mineraalne-paikesekaitsekreem-anua-airy-sun-cream-spf50-pa-50ml\/#breadcrumb","itemListElement":[{"@type":"ListItem","position":1,"name":"\u0413\u043b\u0430\u0432\u043d\u0430\u044f \u0441\u0442\u0440\u0430\u043d\u0438\u0446\u0430","item":"https:\/\/idakorea.ee\/"},{"@type":"ListItem","position":2,"name":"Shop","item":"https:\/\/idakorea.ee\/shop-2\/"},{"@type":"ListItem","position":3,"name":"Kerge mineraalne p\u00e4ikesekaitsekreem Anua Airy Sun Cream SPF50+ PA++++, 50ml"}]},{"@type":"WebSite","@id":"https:\/\/idakorea.ee\/#website","url":"https:\/\/idakorea.ee\/","name":"IDA.KOREA","description":"Korean kosmetiikan verkkokauppa","publisher":{"@id":"https:\/\/idakorea.ee\/#organization"},"alternateName":"Beauty Shop","potentialAction":[{"@type":"SearchAction","target":{"@type":"EntryPoint","urlTemplate":"https:\/\/idakorea.ee\/?s={search_term_string}"},"query-input":{"@type":"PropertyValueSpecification","valueRequired":true,"valueName":"search_term_string"}}],"inLanguage":"fi"},{"@type":"Organization","@id":"https:\/\/idakorea.ee\/#organization","name":"IDA.KOREA","url":"https:\/\/idakorea.ee\/","logo":{"@type":"ImageObject","inLanguage":"fi","@id":"https:\/\/idakorea.ee\/#\/schema\/logo\/image\/","url":"https:\/\/idakorea.ee\/wp-content\/uploads\/2024\/05\/cropped-korea3.png","contentUrl":"https:\/\/idakorea.ee\/wp-content\/uploads\/2024\/05\/cropped-korea3.png","width":688,"height":126,"caption":"IDA.KOREA"},"image":{"@id":"https:\/\/idakorea.ee\/#\/schema\/logo\/image\/"},"sameAs":["https:\/\/www.instagram.com\/ida.korea\/"]}]}},"jetpack_sharing_enabled":true,"brands":[{"id":104,"name":"ANUA","slug":"anua"}],"_links":{"self":[{"href":"https:\/\/idakorea.ee\/fi\/wp-json\/wp\/v2\/product\/10211","targetHints":{"allow":["GET"]}}],"collection":[{"href":"https:\/\/idakorea.ee\/fi\/wp-json\/wp\/v2\/product"}],"about":[{"href":"https:\/\/idakorea.ee\/fi\/wp-json\/wp\/v2\/types\/product"}],"replies":[{"embeddable":true,"href":"https:\/\/idakorea.ee\/fi\/wp-json\/wp\/v2\/comments?post=10211"}],"version-history":[{"count":1,"href":"https:\/\/idakorea.ee\/fi\/wp-json\/wp\/v2\/product\/10211\/revisions"}],"predecessor-version":[{"id":10215,"href":"https:\/\/idakorea.ee\/fi\/wp-json\/wp\/v2\/product\/10211\/revisions\/10215"}],"wp:featuredmedia":[{"embeddable":true,"href":"https:\/\/idakorea.ee\/fi\/wp-json\/wp\/v2\/media\/15506"}],"wp:attachment":[{"href":"https:\/\/idakorea.ee\/fi\/wp-json\/wp\/v2\/media?parent=10211"}],"wp:term":[{"taxonomy":"pwb-brand","embeddable":true,"href":"https:\/\/idakorea.ee\/fi\/wp-json\/wp\/v2\/pwb-brand?post=10211"},{"taxonomy":"product_brand","embeddable":true,"href":"https:\/\/idakorea.ee\/fi\/wp-json\/wp\/v2\/product_brand?post=10211"},{"taxonomy":"product_cat","embeddable":true,"href":"https:\/\/idakorea.ee\/fi\/wp-json\/wp\/v2\/product_cat?post=10211"},{"taxonomy":"product_tag","embeddable":true,"href":"https:\/\/idakorea.ee\/fi\/wp-json\/wp\/v2\/product_tag?post=10211"}],"curies":[{"name":"wp","href":"https:\/\/api.w.org\/{rel}","templated":true}]}}