{"id":10226,"date":"2024-08-27T16:02:10","date_gmt":"2024-08-27T13:02:10","guid":{"rendered":"https:\/\/idakorea.ee\/?post_type=product&#038;p=10226"},"modified":"2026-01-30T16:26:40","modified_gmt":"2026-01-30T14:26:40","slug":"niisutav-kreem-dalba-white-truffle-oil-55g","status":"publish","type":"product","link":"https:\/\/idakorea.ee\/fi\/product\/niisutav-kreem-dalba-white-truffle-oil-55g\/","title":{"rendered":"Kosteuttava voide d&#039;Alba White Truffle Oil -kapselivoide, 55 g"},"content":{"rendered":"<p>Maksimaalinen nesteytys<strong> d&#039;Alba Valkoinen tryffeli\u00f6ljykapselivoide <\/strong>kapselivoide, ylellinen kapseligeelivoide, joka on rikastettu italialaisten valkoisten tryffelien uutteella. T\u00e4m\u00e4 vegaaninen kosteusvoide sopii t\u00e4ydellisesti kaikkiin vuodenaikoihin ja tarjoaa tehokasta kosteutta j\u00e4tt\u00e4m\u00e4tt\u00e4 iholle tahmeaa j\u00e4\u00e4m\u00e4\u00e4, joten se on ihanteellinen p\u00e4ivitt\u00e4iseen k\u00e4ytt\u00f6\u00f6n. Voide yhdist\u00e4\u00e4 eritt\u00e4in tihe\u00e4n, kosteuttavan kermaisen pohjan \u00f6ljykapseleihin, jotka tarjoavat kaksinkertaisen kosteutuksen.<\/p>\n<p>Tuote imeytyy nopeasti ihoon, ja \u00f6ljykapselit luovat suojaavan kerroksen, joka s\u00e4ilytt\u00e4\u00e4 kosteuden ja varmistaa pitk\u00e4kestoisen kosteutuksen. Ainutlaatuinen sekoitus paksua voidetta ja hell\u00e4varaisia \u00f6ljykapseleita sulaa tasaisesti iholle ja luo rasvattoman pinnan, joka parantaa ihon hehkua. Vitamiineilla rikastetut Vita-Cera-kapselit antavat iholle hehkua ja ravinteita.<\/p>\n<p>Voide sopii k\u00e4ytett\u00e4v\u00e4ksi ymp\u00e4ri vuoden. Kevyen koostumuksensa ansiosta voide tarjoaa mukavuutta ja pit\u00e4\u00e4 ihon kosteutettuna j\u00e4tt\u00e4m\u00e4tt\u00e4 ihoa tahmeaksi tai raskaaksi. Voide on rikastettu glutationilla ja C-vitamiinilla (askorbiinihappo), jotka kirkastavat ja elvytt\u00e4v\u00e4t ihoa tehden siit\u00e4 kirkkaan ja s\u00e4teilev\u00e4n. Se torjuu sameutta ja ep\u00e4tasaista ihons\u00e4vy\u00e4 antaen terveemm\u00e4n ja s\u00e4teilev\u00e4mm\u00e4n ihon. Patentoidut \u00f6ljykapselit, jotka on t\u00e4ytetty keramideilla ja vitamiineilla, imeytyv\u00e4t ihoon tasaisesti ja tarjoavat poikkeuksellista kosteutta ja elinvoimaa.<\/p>\n<p>&nbsp;<\/p>\n<p><strong>K\u00e4ytt\u00f6:<\/strong> Ota tarvittava m\u00e4\u00e4r\u00e4 voidetta, levit\u00e4 se iholle ja odota, kunnes se on t\u00e4ysin imeytynyt.<\/p>","protected":false},"excerpt":{"rendered":"<p>Maksimaalista kosteutusta d'Alba White Truffle Oil Capsule Cream -\u00f6ljykapselivoiteella, joka on ylellinen kapseligeelivoide, jota on rikastettu italialaisten valkoisten tryffelien uutteella. T\u00e4m\u00e4 vegaaninen kosteusvoide sopii kaikkiin vuodenaikoihin ja antaa intensiivist\u00e4 kosteutusta j\u00e4tt\u00e4m\u00e4tt\u00e4 iholle tahmeaa j\u00e4lke\u00e4, joten se on ihanteellinen jokap\u00e4iv\u00e4iseen k\u00e4ytt\u00f6\u00f6n. Voiteessa yhdistyv\u00e4t eritt\u00e4in tiivis, kosteuspitoinen voidepohja ja \u00f6ljykapselit, jotka tarjoavat kaksinkertaisen kosteutuksen. Tuote imeytyy...<\/p>","protected":false},"featured_media":10227,"comment_status":"open","ping_status":"closed","template":"","meta":{"_uf_show_specific_survey":0,"_uf_disable_surveys":false,"_bst_post_transparent":"default","_bst_post_title":"","_bst_post_layout":"default","_bst_post_sidebar_id":"","_bst_post_content_style":"default","_bst_post_vertical_padding":"default","_bst_post_feature":"","_bst_post_feature_position":"","_bst_post_header":false,"_bst_post_footer":false},"pwb-brand":[105],"product_brand":[],"product_cat":[92,96],"product_tag":[127,465,473,595,221,559],"class_list":{"0":"post-10226","1":"product","2":"type-product","3":"status-publish","4":"has-post-thumbnail","6":"pwb-brand-dalba","7":"product_cat-nagu","8":"product_cat-naokreemid","9":"product_tag-dalba","10":"product_tag-korea-lux","11":"product_tag-korea-premium","12":"product_tag-korean-lux","13":"product_tag-tundlik-nahk","14":"product_tag-white-truffle","16":"first","17":"outofstock","18":"sale","19":"shipping-taxable","20":"purchasable","21":"product-type-simple","22":"entry","23":"content-bg","24":"loop-entry"},"supplier_id":null,"supplier_sku":"","barcode":null,"atum_controlled":true,"out_stock_date":"2025-10-29 16:23:49","out_stock_threshold":null,"inheritable":false,"inbound_stock":0,"stock_on_hold":0,"sold_today":0,"sales_last_days":0,"out_stock_days":166,"lost_sales":0,"has_location":false,"update_date":"2026-04-14T00:05:08","atum_locations":[],"atum_stock_status":"outofstock","restock_status":false,"low_stock_amount":"","sales_update_date":"2026-04-14T00:05:08","calc_backorders":null,"yoast_head":"<!-- This site is optimized with the Yoast SEO plugin v27.2 - https:\/\/yoast.com\/product\/yoast-seo-wordpress\/ -->\n<title>Niisutav kreem d&#039;Alba White Truffle Oil Capsule Cream, 55g - IDA.KOREA<\/title>\n<meta name=\"description\" content=\"Maksimaalne niisutus d&#039;Alba White Truffle Oil Capsule Cream kapslikreemiga, luksusliku kapselgeelkreemiga, mis on rikastatud Itaalia valgete tr\u00fchvlite essentsiga.\" \/>\n<meta name=\"robots\" content=\"index, follow, max-snippet:-1, max-image-preview:large, max-video-preview:-1\" \/>\n<link rel=\"canonical\" href=\"https:\/\/idakorea.ee\/fi\/product\/niisutav-kreem-dalba-white-truffle-oil-55g\/\" \/>\n<meta property=\"og:locale\" content=\"fi_FI\" \/>\n<meta property=\"og:type\" content=\"article\" \/>\n<meta property=\"og:title\" content=\"Niisutav kreem d&#039;Alba White Truffle Oil Capsule Cream, 55g - IDA.KOREA\" \/>\n<meta property=\"og:description\" content=\"Maksimaalne niisutus d&#039;Alba White Truffle Oil Capsule Cream kapslikreemiga, luksusliku kapselgeelkreemiga, mis on rikastatud Itaalia valgete tr\u00fchvlite essentsiga.\" \/>\n<meta property=\"og:url\" content=\"https:\/\/idakorea.ee\/fi\/product\/niisutav-kreem-dalba-white-truffle-oil-55g\/\" \/>\n<meta property=\"og:site_name\" content=\"IDA.KOREA\" \/>\n<meta property=\"article:modified_time\" content=\"2026-01-30T14:26:40+00:00\" \/>\n<meta property=\"og:image\" content=\"https:\/\/idakorea.ee\/wp-content\/uploads\/2024\/08\/dlb084-1-600x600-1.png\" \/>\n\t<meta property=\"og:image:width\" content=\"600\" \/>\n\t<meta property=\"og:image:height\" content=\"600\" \/>\n\t<meta property=\"og:image:type\" content=\"image\/png\" \/>\n<meta name=\"twitter:card\" content=\"summary_large_image\" \/>\n<meta name=\"twitter:label1\" content=\"Arvioitu lukuaika\" \/>\n\t<meta name=\"twitter:data1\" content=\"2 minuuttia\" \/>\n<script type=\"application\/ld+json\" class=\"yoast-schema-graph\">{\"@context\":\"https:\/\/schema.org\",\"@graph\":[{\"@type\":\"WebPage\",\"@id\":\"https:\/\/idakorea.ee\/product\/niisutav-kreem-dalba-white-truffle-oil-55g\/\",\"url\":\"https:\/\/idakorea.ee\/product\/niisutav-kreem-dalba-white-truffle-oil-55g\/\",\"name\":\"Niisutav kreem d'Alba White Truffle Oil Capsule Cream, 55g - IDA.KOREA\",\"isPartOf\":{\"@id\":\"https:\/\/idakorea.ee\/#website\"},\"primaryImageOfPage\":{\"@id\":\"https:\/\/idakorea.ee\/product\/niisutav-kreem-dalba-white-truffle-oil-55g\/#primaryimage\"},\"image\":{\"@id\":\"https:\/\/idakorea.ee\/product\/niisutav-kreem-dalba-white-truffle-oil-55g\/#primaryimage\"},\"thumbnailUrl\":\"https:\/\/idakorea.ee\/wp-content\/uploads\/2024\/08\/dlb084-1-600x600-1.png\",\"datePublished\":\"2024-08-27T13:02:10+00:00\",\"dateModified\":\"2026-01-30T14:26:40+00:00\",\"description\":\"Maksimaalne niisutus d'Alba White Truffle Oil Capsule Cream kapslikreemiga, luksusliku kapselgeelkreemiga, mis on rikastatud Itaalia valgete tr\u00fchvlite essentsiga.\",\"breadcrumb\":{\"@id\":\"https:\/\/idakorea.ee\/product\/niisutav-kreem-dalba-white-truffle-oil-55g\/#breadcrumb\"},\"inLanguage\":\"fi\",\"potentialAction\":[{\"@type\":\"ReadAction\",\"target\":[\"https:\/\/idakorea.ee\/product\/niisutav-kreem-dalba-white-truffle-oil-55g\/\"]}]},{\"@type\":\"ImageObject\",\"inLanguage\":\"fi\",\"@id\":\"https:\/\/idakorea.ee\/product\/niisutav-kreem-dalba-white-truffle-oil-55g\/#primaryimage\",\"url\":\"https:\/\/idakorea.ee\/wp-content\/uploads\/2024\/08\/dlb084-1-600x600-1.png\",\"contentUrl\":\"https:\/\/idakorea.ee\/wp-content\/uploads\/2024\/08\/dlb084-1-600x600-1.png\",\"width\":600,\"height\":600},{\"@type\":\"BreadcrumbList\",\"@id\":\"https:\/\/idakorea.ee\/product\/niisutav-kreem-dalba-white-truffle-oil-55g\/#breadcrumb\",\"itemListElement\":[{\"@type\":\"ListItem\",\"position\":1,\"name\":\"\u0413\u043b\u0430\u0432\u043d\u0430\u044f \u0441\u0442\u0440\u0430\u043d\u0438\u0446\u0430\",\"item\":\"https:\/\/idakorea.ee\/\"},{\"@type\":\"ListItem\",\"position\":2,\"name\":\"Shop\",\"item\":\"https:\/\/idakorea.ee\/shop-2\/\"},{\"@type\":\"ListItem\",\"position\":3,\"name\":\"Niisutav kreem d&#8217;Alba White Truffle Oil Capsule Cream, 55g\"}]},{\"@type\":\"WebSite\",\"@id\":\"https:\/\/idakorea.ee\/#website\",\"url\":\"https:\/\/idakorea.ee\/\",\"name\":\"IDA.KOREA\",\"description\":\"Korea kosmeetika e-pood\",\"publisher\":{\"@id\":\"https:\/\/idakorea.ee\/#organization\"},\"alternateName\":\"Beauty Shop\",\"potentialAction\":[{\"@type\":\"SearchAction\",\"target\":{\"@type\":\"EntryPoint\",\"urlTemplate\":\"https:\/\/idakorea.ee\/?s={search_term_string}\"},\"query-input\":{\"@type\":\"PropertyValueSpecification\",\"valueRequired\":true,\"valueName\":\"search_term_string\"}}],\"inLanguage\":\"fi\"},{\"@type\":\"Organization\",\"@id\":\"https:\/\/idakorea.ee\/#organization\",\"name\":\"IDA.KOREA\",\"url\":\"https:\/\/idakorea.ee\/\",\"logo\":{\"@type\":\"ImageObject\",\"inLanguage\":\"fi\",\"@id\":\"https:\/\/idakorea.ee\/#\/schema\/logo\/image\/\",\"url\":\"https:\/\/idakorea.ee\/wp-content\/uploads\/2024\/05\/cropped-korea3.png\",\"contentUrl\":\"https:\/\/idakorea.ee\/wp-content\/uploads\/2024\/05\/cropped-korea3.png\",\"width\":688,\"height\":126,\"caption\":\"IDA.KOREA\"},\"image\":{\"@id\":\"https:\/\/idakorea.ee\/#\/schema\/logo\/image\/\"},\"sameAs\":[\"https:\/\/www.instagram.com\/ida.korea\/\"]}]}<\/script>\n<!-- \/ Yoast SEO plugin. -->","yoast_head_json":{"title":"Kosteuttava voide d&#039;Alba White Truffle Oil Capsule Cream, 55g - IDA.KOREA","description":"Maksimaalinen kosteutus d&#039;Alba White Truffle Oil Capsule Creamilla, ylellisell\u00e4 kapseligeelivoiteella, joka on rikastettu italialaisten valkoisten tryffelien uutteella.","robots":{"index":"index","follow":"follow","max-snippet":"max-snippet:-1","max-image-preview":"max-image-preview:large","max-video-preview":"max-video-preview:-1"},"canonical":"https:\/\/idakorea.ee\/fi\/product\/niisutav-kreem-dalba-white-truffle-oil-55g\/","og_locale":"fi_FI","og_type":"article","og_title":"Niisutav kreem d'Alba White Truffle Oil Capsule Cream, 55g - IDA.KOREA","og_description":"Maksimaalne niisutus d'Alba White Truffle Oil Capsule Cream kapslikreemiga, luksusliku kapselgeelkreemiga, mis on rikastatud Itaalia valgete tr\u00fchvlite essentsiga.","og_url":"https:\/\/idakorea.ee\/fi\/product\/niisutav-kreem-dalba-white-truffle-oil-55g\/","og_site_name":"IDA.KOREA","article_modified_time":"2026-01-30T14:26:40+00:00","og_image":[{"width":600,"height":600,"url":"https:\/\/idakorea.ee\/wp-content\/uploads\/2024\/08\/dlb084-1-600x600-1.png","type":"image\/png"}],"twitter_card":"summary_large_image","twitter_misc":{"Arvioitu lukuaika":"2 minuuttia"},"schema":{"@context":"https:\/\/schema.org","@graph":[{"@type":"WebPage","@id":"https:\/\/idakorea.ee\/product\/niisutav-kreem-dalba-white-truffle-oil-55g\/","url":"https:\/\/idakorea.ee\/product\/niisutav-kreem-dalba-white-truffle-oil-55g\/","name":"Kosteuttava voide d&#039;Alba White Truffle Oil Capsule Cream, 55g - IDA.KOREA","isPartOf":{"@id":"https:\/\/idakorea.ee\/#website"},"primaryImageOfPage":{"@id":"https:\/\/idakorea.ee\/product\/niisutav-kreem-dalba-white-truffle-oil-55g\/#primaryimage"},"image":{"@id":"https:\/\/idakorea.ee\/product\/niisutav-kreem-dalba-white-truffle-oil-55g\/#primaryimage"},"thumbnailUrl":"https:\/\/idakorea.ee\/wp-content\/uploads\/2024\/08\/dlb084-1-600x600-1.png","datePublished":"2024-08-27T13:02:10+00:00","dateModified":"2026-01-30T14:26:40+00:00","description":"Maksimaalinen kosteutus d&#039;Alba White Truffle Oil Capsule Creamilla, ylellisell\u00e4 kapseligeelivoiteella, joka on rikastettu italialaisten valkoisten tryffelien uutteella.","breadcrumb":{"@id":"https:\/\/idakorea.ee\/product\/niisutav-kreem-dalba-white-truffle-oil-55g\/#breadcrumb"},"inLanguage":"fi","potentialAction":[{"@type":"ReadAction","target":["https:\/\/idakorea.ee\/product\/niisutav-kreem-dalba-white-truffle-oil-55g\/"]}]},{"@type":"ImageObject","inLanguage":"fi","@id":"https:\/\/idakorea.ee\/product\/niisutav-kreem-dalba-white-truffle-oil-55g\/#primaryimage","url":"https:\/\/idakorea.ee\/wp-content\/uploads\/2024\/08\/dlb084-1-600x600-1.png","contentUrl":"https:\/\/idakorea.ee\/wp-content\/uploads\/2024\/08\/dlb084-1-600x600-1.png","width":600,"height":600},{"@type":"BreadcrumbList","@id":"https:\/\/idakorea.ee\/product\/niisutav-kreem-dalba-white-truffle-oil-55g\/#breadcrumb","itemListElement":[{"@type":"ListItem","position":1,"name":"\u0413\u043b\u0430\u0432\u043d\u0430\u044f \u0441\u0442\u0440\u0430\u043d\u0438\u0446\u0430","item":"https:\/\/idakorea.ee\/"},{"@type":"ListItem","position":2,"name":"Shop","item":"https:\/\/idakorea.ee\/shop-2\/"},{"@type":"ListItem","position":3,"name":"Niisutav kreem d&#8217;Alba White Truffle Oil Capsule Cream, 55g"}]},{"@type":"WebSite","@id":"https:\/\/idakorea.ee\/#website","url":"https:\/\/idakorea.ee\/","name":"IDA.KOREA","description":"Korean kosmetiikan verkkokauppa","publisher":{"@id":"https:\/\/idakorea.ee\/#organization"},"alternateName":"Beauty Shop","potentialAction":[{"@type":"SearchAction","target":{"@type":"EntryPoint","urlTemplate":"https:\/\/idakorea.ee\/?s={search_term_string}"},"query-input":{"@type":"PropertyValueSpecification","valueRequired":true,"valueName":"search_term_string"}}],"inLanguage":"fi"},{"@type":"Organization","@id":"https:\/\/idakorea.ee\/#organization","name":"IDA.KOREA","url":"https:\/\/idakorea.ee\/","logo":{"@type":"ImageObject","inLanguage":"fi","@id":"https:\/\/idakorea.ee\/#\/schema\/logo\/image\/","url":"https:\/\/idakorea.ee\/wp-content\/uploads\/2024\/05\/cropped-korea3.png","contentUrl":"https:\/\/idakorea.ee\/wp-content\/uploads\/2024\/05\/cropped-korea3.png","width":688,"height":126,"caption":"IDA.KOREA"},"image":{"@id":"https:\/\/idakorea.ee\/#\/schema\/logo\/image\/"},"sameAs":["https:\/\/www.instagram.com\/ida.korea\/"]}]}},"jetpack_sharing_enabled":true,"brands":[{"id":105,"name":"d'ALBA","slug":"dalba"}],"_links":{"self":[{"href":"https:\/\/idakorea.ee\/fi\/wp-json\/wp\/v2\/product\/10226","targetHints":{"allow":["GET"]}}],"collection":[{"href":"https:\/\/idakorea.ee\/fi\/wp-json\/wp\/v2\/product"}],"about":[{"href":"https:\/\/idakorea.ee\/fi\/wp-json\/wp\/v2\/types\/product"}],"replies":[{"embeddable":true,"href":"https:\/\/idakorea.ee\/fi\/wp-json\/wp\/v2\/comments?post=10226"}],"version-history":[{"count":5,"href":"https:\/\/idakorea.ee\/fi\/wp-json\/wp\/v2\/product\/10226\/revisions"}],"predecessor-version":[{"id":10240,"href":"https:\/\/idakorea.ee\/fi\/wp-json\/wp\/v2\/product\/10226\/revisions\/10240"}],"wp:featuredmedia":[{"embeddable":true,"href":"https:\/\/idakorea.ee\/fi\/wp-json\/wp\/v2\/media\/10227"}],"wp:attachment":[{"href":"https:\/\/idakorea.ee\/fi\/wp-json\/wp\/v2\/media?parent=10226"}],"wp:term":[{"taxonomy":"pwb-brand","embeddable":true,"href":"https:\/\/idakorea.ee\/fi\/wp-json\/wp\/v2\/pwb-brand?post=10226"},{"taxonomy":"product_brand","embeddable":true,"href":"https:\/\/idakorea.ee\/fi\/wp-json\/wp\/v2\/product_brand?post=10226"},{"taxonomy":"product_cat","embeddable":true,"href":"https:\/\/idakorea.ee\/fi\/wp-json\/wp\/v2\/product_cat?post=10226"},{"taxonomy":"product_tag","embeddable":true,"href":"https:\/\/idakorea.ee\/fi\/wp-json\/wp\/v2\/product_tag?post=10226"}],"curies":[{"name":"wp","href":"https:\/\/api.w.org\/{rel}","templated":true}]}}