{"id":10268,"date":"2024-08-28T15:11:42","date_gmt":"2024-08-28T12:11:42","guid":{"rendered":"https:\/\/idakorea.ee\/?post_type=product&#038;p=10268"},"modified":"2026-02-05T17:53:54","modified_gmt":"2026-02-05T15:53:54","slug":"silmakreem-bioheal-boh-probioderm-3d-lifting-eye-wrinkle-cream","status":"publish","type":"product","link":"https:\/\/idakorea.ee\/fi\/product\/silmakreem-bioheal-boh-probioderm-3d-lifting-eye-wrinkle-cream\/","title":{"rendered":"Silm\u00e4nymp\u00e4rysvoide Bioheal Boh Probioderm 3D Lifting Eye &amp; Wrinkle Cream, 25ml"},"content":{"rendered":"<div class=\"flex-1 overflow-hidden\">\n<div class=\"h-full\">\n<div class=\"react-scroll-to-bottom--css-jvpsz-79elbk h-full\">\n<div class=\"react-scroll-to-bottom--css-jvpsz-1n7m0yu\">\n<div class=\"flex flex-col text-sm\">\n<article class=\"w-full text-token-text-primary focus-visible:outline-2 focus-visible:outline-offset-[-4px]\" dir=\"auto\" data-testid=\"conversation-turn-53\" data-scroll-anchor=\"true\">\n<div class=\"text-base py-[18px] px-3 md:px-4 m-auto md:px-5 lg:px-1 xl:px-5 w-full px-3 lg:px-0\">\n<div class=\"mx-auto flex flex-1 gap-4 text-base md:gap-5 lg:gap-6 md:max-w-3xl lg:max-w-[40rem] xl:max-w-[48rem]\">\n<div class=\"group\/conversation-turn relative flex w-full min-w-0 flex-col agent-turn\">\n<div class=\"flex-col gap-1 md:gap-3\">\n<div class=\"flex max-w-full flex-col flex-grow\">\n<div class=\"min-h-[20px] text-message flex w-full flex-col items-end gap-2 break-words [.text-message+&amp;]:mt-5 overflow-x-auto whitespace-normal\" dir=\"auto\" data-message-author-role=\"assistant\" data-message-id=\"1cd83546-f48e-4391-a257-ddd99f212759\">\n<div class=\"flex w-full flex-col gap-1 empty:hidden first:pt-[3px]\">\n<div class=\"markdown prose w-full break-words dark:prose-invert light\">\n<p>Uus versioon populaarseks saanud silmakreemist. Parim vahend silma\u00fcmbruse vananemisprotsessi aeglustamiseks. Kreem v\u00f5itleb vananemisega neljas suunas: peened jooned, tumedad ringid, naha elastsuse parandamine ja uute kortsude tekke v\u00e4ltimine. Nahk n\u00e4eb v\u00e4lja 10 aastat noorem, tulemused on kliiniliselt t\u00f5estatud.<\/p>\n<p>Koostises on <strong>Probioderm-kompleks<\/strong> \u2013 ainulaadne patenteeritud laktobatsillide kompleks, mille v\u00e4ljat\u00f6\u00f6tamine v\u00f5ttis aega rohkem kui aasta. Probioderm koosneb kolmest parimast laktobatsillide t\u00fc\u00fcbist, mis on n\u00e4idanud suurimat eluj\u00f5ulisust. Kompleks aitab taastada naha barj\u00e4\u00e4rifunktsioone ja elastsust.<\/p>\n<p>Ainulaadne <strong>Core 3d V-uilder<\/strong> kompleks \u2013 kahe pol\u00fcsahhariidi kombinatsioon \u2013 aeglustab vananemist, parandab elastsust ja muudab naha siledaks, luues sellele 3D-efekti.<\/p>\n<p>Patenteeritud komponent <strong>Eyeseryl<\/strong> \u2013 peptiid, mis aeglustab vananemist.<\/p>\n<p>Samuti sisaldab kreem 17 peptiidi, sealhulgas:<\/p>\n<ul>\n<li><strong>Acetyl Tetrapeptide-5<\/strong> \u2013 suurendab naha elastsust ja v\u00e4hendab silmade \u00fcmbruse turset.<\/li>\n<li><strong>Nonapeptide-1<\/strong> \u2013 bioloogiline peptiid, mis p\u00e4rsib melaniini tootmist ja \u00fchtlustab seel\u00e4bi naha tooni. See takistab t\u00fcrosiini (aminohappe, mis on naha pigmendi aluseks) ja melaniini s\u00fcnteesi, pidurdades melaniini moodustumist nahas. Valgendav aine, mis toimib naha tumenemise mehhanismi k\u00f5ige varasemas staadiumis.<\/li>\n<li><strong>Acetyl Tetrapeptide-9<\/strong> \u2013 toimib sihip\u00e4raselt naha struktuurile, stimuleerides lumicani ja kollageenide tootmist. Kliiniliselt t\u00f5estatud, et see parandab naha paksust ja tugevust.<\/li>\n<li><strong>Acetyl Hexapeptide-8 ehk Argireline<\/strong> l\u00f5dvestab lihaseid, matkides botoxi toimet ja aitab vabaneda kortsudest, lihaspingetest ja as\u00fcmmeetriast.<\/li>\n<li><strong>Palmitoyl Tripeptide-8<\/strong> \u2013 t\u00f5hus peptiid, mis reguleerib neurogeenset \u00e4rritust ja hoiab optimaalse naha tundlikkuse piiri. See p\u00e4rsib p\u00f5letikumediaatorite tootmist ja v\u00e4hendab veresoonte l\u00e4bilaskvust.<\/li>\n<li><strong>Dipeptiid<\/strong> Diamiinobut\u00fcro\u00fc\u00fcl Bens\u00fc\u00fclamiid Diatsetaat \u2013 peptiid, mis matkib templi r\u00e4stiku m\u00fcrgi toimet. Seda kasutatakse miimikakortsude vastu, siludes neid lihaskoe l\u00f5\u00f5gastamise teel.<\/li>\n<li><strong>COPPER TRIPEPTIDE-1<\/strong> \u2013 stimuleerib kollageeni ja elastiini s\u00fcnteesi rohkem kui peamised vananemisvastased ained nagu retinoidid (tretinoiin) ja C-vitamiin. Samuti koguvad need niiskust ja suurendavad epidermise paksust.<\/li>\n<li><strong>Tripeptide-1<\/strong> \u2013 aitab stimuleerida kollageeni tootmist. Kui kollageen nahas laguneb loomulikult, saadavad tekkivad peptiidi fragmendid signaali uue kollageeni tootmiseks. Kui selliseid kollageenfragmente otse nahale kanda, arvab nahk, et kollageen on h\u00e4vinud, ja hakkab tootma uut. Mida rohkem kollageeni, seda v\u00e4hem kortse ja seda noorem on naha v\u00e4limus. Samuti kiirendab see kudede taastumisprotsesse, mist\u00f5ttu aknej\u00e4rgsed armid paranevad kiiremini.<\/li>\n<li><strong>Palmitoyl Tetrapeptide-7<\/strong> \u2013 v\u00e4hendab interleukiin-6 (IL-6) tootmist, mis soodustab p\u00f5letiku tekkimist. Mida v\u00e4hem on p\u00f5letikku, seda aeglasemalt kulgeb oluliste nahaainete, n\u00e4iteks kollageeni, lagunemine. Selle peptiidi abil s\u00e4ilib naha noorus ja kvaliteet kauem.<\/li>\n<li><strong>Palmitoyl Tripeptide-1<\/strong> \u2013 t\u00f5hus signaalpeptiid. See kuulub ka tuntud peptiidi Matrixyl 3000 koostisesse, mis on laialdaselt kasutatav kosmetoloogias. Palmitoyl Tripeptide-1 funktsiooniks on anda fibroblastidele m\u00e4rku, et on aeg toota uus ports kollageeni, kui vana on h\u00e4vitatud spetsiaalsete ens\u00fc\u00fcmide v\u00f5i hapniku vabade radikaalide poolt. Peptiid aitab v\u00e4hendada kortsude s\u00fcgavust ja parandada naha tekstuuri.<\/li>\n<li><strong>Palmitoyl Tripeptide-5 ehk Syn-Coll<\/strong> on t\u00f5hus kollageenibuuster. See stimuleerib naha struktuurvalkude s\u00fcnteesi, mille tulemusena suureneb naha elastsus ja kortsud silenevad. Lisaks ei suurenda Syn-Coll ainult kollageeni ja elastiini tootmist, vaid p\u00e4rsib ka nende lagunemise eest vastutavate ens\u00fc\u00fcmide aktiivsust. Seega aitab peptiid kaitsta nahka enneaegse toonusekaotuse eest, ennetada kortsude teket ja pikendada naha nooruslikkust.<\/li>\n<li><strong>Palmitoyl Pentapeptide-4<\/strong> \u2013 stimuleerib kollageeni, elastiini ja gl\u00fckosaminogl\u00fckaani s\u00fcnteesi.<\/li>\n<li><strong>Palmitoyl Hexapeptide-12<\/strong> \u2013 peptiid, mis koosneb 6 aminohappest, suurendab naha elastsust ja parandab naha tooni.<\/li>\n<li><strong>Pentapeptide-3 (Vialox)<\/strong> \u2013 neurotransmitterite inhibiitor, mis on saadud maom\u00fcrgist. On t\u00f5estatud, et see v\u00e4hendab kortsude s\u00fcgavust ja parandab naha siledust p\u00e4rast 28-p\u00e4evast kasutamist.<\/li>\n<li><strong>Hexapeptide-9<\/strong> \u2013 noorendav peptiid, mis v\u00f5ib m\u00e4rgatavalt v\u00e4hendada kortsude pikkust ja s\u00fcgavust, suurendada epidermise regeneratsiooni, samuti kollageeni I ja III t\u00fc\u00fcbi ning teiste naha oluliste valkude s\u00fcnteesi.<\/li>\n<\/ul>\n<p>Samuti sisaldab kreem dekstraani, mis parandab l\u00fcmfiringet, eemaldab liigset vedelikku ja v\u00f5itleb t\u00f5husalt tursega.<\/p>\n<p>Kreemi v\u00f5ib kasutada ka teistel probleemsetel aladel, kus soovite n\u00e4ha liftinguefekti. Kohe p\u00e4rast kasutamist n\u00e4eb nahk rohkem pingul v\u00e4lja:<\/p>\n<ul>\n<li>silmade \u00fcmbruses 8,84%<\/li>\n<li>kaelal 8,6%<\/li>\n<li>nasolabiaalvoldis 7,6%<\/li>\n<\/ul>\n<p>Toode annab tulemusi juba kahe n\u00e4dalaga:<\/p>\n<ul>\n<li>naha elastsus on suurenenud 4,72%<\/li>\n<li>silma\u00fcmbruse kortsude hulk on v\u00e4henenud 5,46%<\/li>\n<li>nasolabiaalvoldi venitus on v\u00e4henenud 1,89%<\/li>\n<li>otsmikukortsude hulk on v\u00e4henenud 4,1%<\/li>\n<\/ul>\n<p>Nelja n\u00e4dalaga:<\/p>\n<ul>\n<li>silma\u00fcmbruse kortsude hulk v\u00e4heneb 25,21%<\/li>\n<li>silmade all olevate kortsude hulk v\u00e4heneb 18,6%<\/li>\n<li>nasolabiaalvoldi kortsude hulk v\u00e4heneb 13,54%<\/li>\n<li>otsmikukortsude hulk v\u00e4heneb 5,2%<\/li>\n<\/ul>\n<p>&nbsp;<\/p>\n<p>Kreem sobib igap\u00e4evaseks kasutamiseks ja uute kortsude ennetamiseks.<\/p>\n<p>Sobib k\u00f5ikidele nahat\u00fc\u00fcpidele.<\/p>\n<p>ILMA KARBITA<\/p>\n<\/div>\n<\/div>\n<\/div>\n<\/div>\n<\/div>\n<\/div>\n<\/div>\n<\/div>\n<\/article>\n<\/div>\n<\/div>\n<\/div>\n<\/div>\n<\/div>\n<div class=\"md:pt-0 dark:border-white\/20 md:border-transparent md:dark:border-transparent w-full\">\n<div class=\"\">\n<div class=\"text-base px-3 md:px-4 m-auto md:px-5 lg:px-1 xl:px-5 w-full px-3 lg:px-0\">\n<div class=\"mx-auto flex flex-1 gap-4 text-base md:gap-5 lg:gap-6 md:max-w-3xl lg:max-w-[40rem] xl:max-w-[48rem]\">\n<form class=\"w-full\" aria-haspopup=\"dialog\" aria-expanded=\"false\" aria-controls=\"radix-:r2:\" data-state=\"closed\">\n<div class=\"relative flex h-full max-w-full flex-1 flex-col\">\n<div class=\"group relative flex w-full items-center\">\n<div class=\"flex w-full flex-col gap-1.5 rounded-[26px] p-1.5 transition-colors bg-[#f4f4f4] dark:bg-token-main-surface-secondary\">\n<div class=\"flex items-end gap-1.5 md:gap-2\">\n<div class=\"flex min-w-0 flex-1 flex-col\"><\/div>\n<\/div>\n<\/div>\n<\/div>\n<\/div>\n<\/form>\n<\/div>\n<\/div>\n<\/div>\n<\/div>\n","protected":false},"excerpt":{"rendered":"<p>Uusi versio suositusta silm\u00e4nymp\u00e4rysvoiteesta. Paras keino hidastaa ik\u00e4\u00e4ntymisprosessia silmien ymp\u00e4rill\u00e4. Voide torjuu ik\u00e4\u00e4ntymist\u00e4 nelj\u00e4ll\u00e4 tavalla: juonteita, tummia silm\u00e4nalusia, parantaa ihon kimmoisuutta ja ehk\u00e4isee uusien ryppyjen muodostumista. Iho n\u00e4ytt\u00e4\u00e4 10 vuotta nuoremmalta, kliinisesti todistetuin tuloksin. Se sis\u00e4lt\u00e4\u00e4 Probioderm Complexia, ainutlaatuista omaa laktobasillikompleksia, jonka kehitt\u00e4minen kesti yli vuoden. Probioderm koostuu kolmesta...<\/p>","protected":false},"featured_media":10269,"comment_status":"open","ping_status":"closed","template":"","meta":{"_uf_show_specific_survey":0,"_uf_disable_surveys":false,"_bst_post_transparent":"default","_bst_post_title":"","_bst_post_layout":"default","_bst_post_sidebar_id":"","_bst_post_content_style":"default","_bst_post_vertical_padding":"default","_bst_post_feature":"","_bst_post_feature_position":"","_bst_post_header":false,"_bst_post_footer":false},"pwb-brand":[479],"product_brand":[],"product_cat":[92,99,201],"product_tag":[596,202,247],"class_list":{"0":"post-10268","1":"product","2":"type-product","3":"status-publish","4":"has-post-thumbnail","6":"pwb-brand-bioheal-boh","7":"product_cat-nagu","8":"product_cat-silmad-ja-huuled-2","9":"product_cat-silmakreem","10":"product_tag-bioheal-boh","11":"product_tag-korea-kosmeetika","12":"product_tag-korea-silmakreem","14":"first","15":"instock","16":"sale","17":"shipping-taxable","18":"purchasable","19":"product-type-simple","20":"entry","21":"content-bg","22":"loop-entry"},"supplier_id":null,"supplier_sku":"","barcode":null,"atum_controlled":true,"out_stock_date":null,"out_stock_threshold":null,"inheritable":false,"inbound_stock":0,"stock_on_hold":0,"sold_today":0,"sales_last_days":0,"out_stock_days":0,"lost_sales":0,"has_location":false,"update_date":"2026-04-14T00:05:07","atum_locations":[],"atum_stock_status":"instock","restock_status":false,"low_stock_amount":"","sales_update_date":"2026-04-14T00:05:07","calc_backorders":null,"yoast_head":"<!-- This site is optimized with the Yoast SEO plugin v27.2 - https:\/\/yoast.com\/product\/yoast-seo-wordpress\/ -->\n<title>Silmakreem Bioheal Boh Probioderm 3D Lifting Eye &amp; Wrinkle Cream, 25ml - IDA.KOREA<\/title>\n<meta name=\"description\" content=\"Uus versioon populaarseks saanud silmakreemist. Parim vahend silma\u00fcmbruse vananemisprotsessi aeglustamiseks.\" \/>\n<meta name=\"robots\" content=\"index, follow, max-snippet:-1, max-image-preview:large, max-video-preview:-1\" \/>\n<link rel=\"canonical\" href=\"https:\/\/idakorea.ee\/fi\/product\/silmakreem-bioheal-boh-probioderm-3d-lifting-eye-wrinkle-cream\/\" \/>\n<meta property=\"og:locale\" content=\"fi_FI\" \/>\n<meta property=\"og:type\" content=\"article\" \/>\n<meta property=\"og:title\" content=\"Silmakreem Bioheal Boh Probioderm 3D Lifting Eye &amp; Wrinkle Cream, 25ml - IDA.KOREA\" \/>\n<meta property=\"og:description\" content=\"Uus versioon populaarseks saanud silmakreemist. Parim vahend silma\u00fcmbruse vananemisprotsessi aeglustamiseks.\" \/>\n<meta property=\"og:url\" content=\"https:\/\/idakorea.ee\/fi\/product\/silmakreem-bioheal-boh-probioderm-3d-lifting-eye-wrinkle-cream\/\" \/>\n<meta property=\"og:site_name\" content=\"IDA.KOREA\" \/>\n<meta property=\"article:modified_time\" content=\"2026-02-05T15:53:54+00:00\" \/>\n<meta property=\"og:image\" content=\"https:\/\/idakorea.ee\/wp-content\/uploads\/2024\/08\/bioheal-boh-3d-eye-cream.png\" \/>\n\t<meta property=\"og:image:width\" content=\"800\" \/>\n\t<meta property=\"og:image:height\" content=\"800\" \/>\n\t<meta property=\"og:image:type\" content=\"image\/png\" \/>\n<meta name=\"twitter:card\" content=\"summary_large_image\" \/>\n<meta name=\"twitter:label1\" content=\"Arvioitu lukuaika\" \/>\n\t<meta name=\"twitter:data1\" content=\"4 minuuttia\" \/>\n<script type=\"application\/ld+json\" class=\"yoast-schema-graph\">{\"@context\":\"https:\/\/schema.org\",\"@graph\":[{\"@type\":\"WebPage\",\"@id\":\"https:\/\/idakorea.ee\/product\/silmakreem-bioheal-boh-probioderm-3d-lifting-eye-wrinkle-cream\/\",\"url\":\"https:\/\/idakorea.ee\/product\/silmakreem-bioheal-boh-probioderm-3d-lifting-eye-wrinkle-cream\/\",\"name\":\"Silmakreem Bioheal Boh Probioderm 3D Lifting Eye & Wrinkle Cream, 25ml - IDA.KOREA\",\"isPartOf\":{\"@id\":\"https:\/\/idakorea.ee\/#website\"},\"primaryImageOfPage\":{\"@id\":\"https:\/\/idakorea.ee\/product\/silmakreem-bioheal-boh-probioderm-3d-lifting-eye-wrinkle-cream\/#primaryimage\"},\"image\":{\"@id\":\"https:\/\/idakorea.ee\/product\/silmakreem-bioheal-boh-probioderm-3d-lifting-eye-wrinkle-cream\/#primaryimage\"},\"thumbnailUrl\":\"https:\/\/idakorea.ee\/wp-content\/uploads\/2024\/08\/bioheal-boh-3d-eye-cream.png\",\"datePublished\":\"2024-08-28T12:11:42+00:00\",\"dateModified\":\"2026-02-05T15:53:54+00:00\",\"description\":\"Uus versioon populaarseks saanud silmakreemist. Parim vahend silma\u00fcmbruse vananemisprotsessi aeglustamiseks.\",\"breadcrumb\":{\"@id\":\"https:\/\/idakorea.ee\/product\/silmakreem-bioheal-boh-probioderm-3d-lifting-eye-wrinkle-cream\/#breadcrumb\"},\"inLanguage\":\"fi\",\"potentialAction\":[{\"@type\":\"ReadAction\",\"target\":[\"https:\/\/idakorea.ee\/product\/silmakreem-bioheal-boh-probioderm-3d-lifting-eye-wrinkle-cream\/\"]}]},{\"@type\":\"ImageObject\",\"inLanguage\":\"fi\",\"@id\":\"https:\/\/idakorea.ee\/product\/silmakreem-bioheal-boh-probioderm-3d-lifting-eye-wrinkle-cream\/#primaryimage\",\"url\":\"https:\/\/idakorea.ee\/wp-content\/uploads\/2024\/08\/bioheal-boh-3d-eye-cream.png\",\"contentUrl\":\"https:\/\/idakorea.ee\/wp-content\/uploads\/2024\/08\/bioheal-boh-3d-eye-cream.png\",\"width\":800,\"height\":800,\"caption\":\"bioheal-boh-3d-eye-cream\"},{\"@type\":\"BreadcrumbList\",\"@id\":\"https:\/\/idakorea.ee\/product\/silmakreem-bioheal-boh-probioderm-3d-lifting-eye-wrinkle-cream\/#breadcrumb\",\"itemListElement\":[{\"@type\":\"ListItem\",\"position\":1,\"name\":\"\u0413\u043b\u0430\u0432\u043d\u0430\u044f \u0441\u0442\u0440\u0430\u043d\u0438\u0446\u0430\",\"item\":\"https:\/\/idakorea.ee\/\"},{\"@type\":\"ListItem\",\"position\":2,\"name\":\"Shop\",\"item\":\"https:\/\/idakorea.ee\/shop-2\/\"},{\"@type\":\"ListItem\",\"position\":3,\"name\":\"Silmakreem Bioheal Boh Probioderm 3D Lifting Eye &#038; Wrinkle Cream, 25ml\"}]},{\"@type\":\"WebSite\",\"@id\":\"https:\/\/idakorea.ee\/#website\",\"url\":\"https:\/\/idakorea.ee\/\",\"name\":\"IDA.KOREA\",\"description\":\"Korea kosmeetika e-pood\",\"publisher\":{\"@id\":\"https:\/\/idakorea.ee\/#organization\"},\"alternateName\":\"Beauty Shop\",\"potentialAction\":[{\"@type\":\"SearchAction\",\"target\":{\"@type\":\"EntryPoint\",\"urlTemplate\":\"https:\/\/idakorea.ee\/?s={search_term_string}\"},\"query-input\":{\"@type\":\"PropertyValueSpecification\",\"valueRequired\":true,\"valueName\":\"search_term_string\"}}],\"inLanguage\":\"fi\"},{\"@type\":\"Organization\",\"@id\":\"https:\/\/idakorea.ee\/#organization\",\"name\":\"IDA.KOREA\",\"url\":\"https:\/\/idakorea.ee\/\",\"logo\":{\"@type\":\"ImageObject\",\"inLanguage\":\"fi\",\"@id\":\"https:\/\/idakorea.ee\/#\/schema\/logo\/image\/\",\"url\":\"https:\/\/idakorea.ee\/wp-content\/uploads\/2024\/05\/cropped-korea3.png\",\"contentUrl\":\"https:\/\/idakorea.ee\/wp-content\/uploads\/2024\/05\/cropped-korea3.png\",\"width\":688,\"height\":126,\"caption\":\"IDA.KOREA\"},\"image\":{\"@id\":\"https:\/\/idakorea.ee\/#\/schema\/logo\/image\/\"},\"sameAs\":[\"https:\/\/www.instagram.com\/ida.korea\/\"]}]}<\/script>\n<!-- \/ Yoast SEO plugin. -->","yoast_head_json":{"title":"Silm\u00e4nymp\u00e4rysvoide Bioheal Boh Probioderm 3D Lifting Eye &amp; Wrinkle Cream, 25ml - IDA.KOREA","description":"Uusi versio suositusta silm\u00e4nymp\u00e4rysvoiteesta. Paras keino hidastaa ik\u00e4\u00e4ntymisprosessia silmien ymp\u00e4rill\u00e4.","robots":{"index":"index","follow":"follow","max-snippet":"max-snippet:-1","max-image-preview":"max-image-preview:large","max-video-preview":"max-video-preview:-1"},"canonical":"https:\/\/idakorea.ee\/fi\/product\/silmakreem-bioheal-boh-probioderm-3d-lifting-eye-wrinkle-cream\/","og_locale":"fi_FI","og_type":"article","og_title":"Silmakreem Bioheal Boh Probioderm 3D Lifting Eye & Wrinkle Cream, 25ml - IDA.KOREA","og_description":"Uus versioon populaarseks saanud silmakreemist. Parim vahend silma\u00fcmbruse vananemisprotsessi aeglustamiseks.","og_url":"https:\/\/idakorea.ee\/fi\/product\/silmakreem-bioheal-boh-probioderm-3d-lifting-eye-wrinkle-cream\/","og_site_name":"IDA.KOREA","article_modified_time":"2026-02-05T15:53:54+00:00","og_image":[{"width":800,"height":800,"url":"https:\/\/idakorea.ee\/wp-content\/uploads\/2024\/08\/bioheal-boh-3d-eye-cream.png","type":"image\/png"}],"twitter_card":"summary_large_image","twitter_misc":{"Arvioitu lukuaika":"4 minuuttia"},"schema":{"@context":"https:\/\/schema.org","@graph":[{"@type":"WebPage","@id":"https:\/\/idakorea.ee\/product\/silmakreem-bioheal-boh-probioderm-3d-lifting-eye-wrinkle-cream\/","url":"https:\/\/idakorea.ee\/product\/silmakreem-bioheal-boh-probioderm-3d-lifting-eye-wrinkle-cream\/","name":"Silm\u00e4nymp\u00e4rysvoide Bioheal Boh Probioderm 3D Lifting Eye &amp; Wrinkle Cream, 25ml - IDA.KOREA","isPartOf":{"@id":"https:\/\/idakorea.ee\/#website"},"primaryImageOfPage":{"@id":"https:\/\/idakorea.ee\/product\/silmakreem-bioheal-boh-probioderm-3d-lifting-eye-wrinkle-cream\/#primaryimage"},"image":{"@id":"https:\/\/idakorea.ee\/product\/silmakreem-bioheal-boh-probioderm-3d-lifting-eye-wrinkle-cream\/#primaryimage"},"thumbnailUrl":"https:\/\/idakorea.ee\/wp-content\/uploads\/2024\/08\/bioheal-boh-3d-eye-cream.png","datePublished":"2024-08-28T12:11:42+00:00","dateModified":"2026-02-05T15:53:54+00:00","description":"Uusi versio suositusta silm\u00e4nymp\u00e4rysvoiteesta. Paras keino hidastaa ik\u00e4\u00e4ntymisprosessia silmien ymp\u00e4rill\u00e4.","breadcrumb":{"@id":"https:\/\/idakorea.ee\/product\/silmakreem-bioheal-boh-probioderm-3d-lifting-eye-wrinkle-cream\/#breadcrumb"},"inLanguage":"fi","potentialAction":[{"@type":"ReadAction","target":["https:\/\/idakorea.ee\/product\/silmakreem-bioheal-boh-probioderm-3d-lifting-eye-wrinkle-cream\/"]}]},{"@type":"ImageObject","inLanguage":"fi","@id":"https:\/\/idakorea.ee\/product\/silmakreem-bioheal-boh-probioderm-3d-lifting-eye-wrinkle-cream\/#primaryimage","url":"https:\/\/idakorea.ee\/wp-content\/uploads\/2024\/08\/bioheal-boh-3d-eye-cream.png","contentUrl":"https:\/\/idakorea.ee\/wp-content\/uploads\/2024\/08\/bioheal-boh-3d-eye-cream.png","width":800,"height":800,"caption":"bioheal-boh-3d-eye-cream"},{"@type":"BreadcrumbList","@id":"https:\/\/idakorea.ee\/product\/silmakreem-bioheal-boh-probioderm-3d-lifting-eye-wrinkle-cream\/#breadcrumb","itemListElement":[{"@type":"ListItem","position":1,"name":"\u0413\u043b\u0430\u0432\u043d\u0430\u044f \u0441\u0442\u0440\u0430\u043d\u0438\u0446\u0430","item":"https:\/\/idakorea.ee\/"},{"@type":"ListItem","position":2,"name":"Shop","item":"https:\/\/idakorea.ee\/shop-2\/"},{"@type":"ListItem","position":3,"name":"Silmakreem Bioheal Boh Probioderm 3D Lifting Eye &#038; Wrinkle Cream, 25ml"}]},{"@type":"WebSite","@id":"https:\/\/idakorea.ee\/#website","url":"https:\/\/idakorea.ee\/","name":"IDA.KOREA","description":"Korean kosmetiikan verkkokauppa","publisher":{"@id":"https:\/\/idakorea.ee\/#organization"},"alternateName":"Beauty Shop","potentialAction":[{"@type":"SearchAction","target":{"@type":"EntryPoint","urlTemplate":"https:\/\/idakorea.ee\/?s={search_term_string}"},"query-input":{"@type":"PropertyValueSpecification","valueRequired":true,"valueName":"search_term_string"}}],"inLanguage":"fi"},{"@type":"Organization","@id":"https:\/\/idakorea.ee\/#organization","name":"IDA.KOREA","url":"https:\/\/idakorea.ee\/","logo":{"@type":"ImageObject","inLanguage":"fi","@id":"https:\/\/idakorea.ee\/#\/schema\/logo\/image\/","url":"https:\/\/idakorea.ee\/wp-content\/uploads\/2024\/05\/cropped-korea3.png","contentUrl":"https:\/\/idakorea.ee\/wp-content\/uploads\/2024\/05\/cropped-korea3.png","width":688,"height":126,"caption":"IDA.KOREA"},"image":{"@id":"https:\/\/idakorea.ee\/#\/schema\/logo\/image\/"},"sameAs":["https:\/\/www.instagram.com\/ida.korea\/"]}]}},"jetpack_sharing_enabled":true,"brands":[{"id":479,"name":"BIOHEAL BOH","slug":"bioheal-boh"}],"_links":{"self":[{"href":"https:\/\/idakorea.ee\/fi\/wp-json\/wp\/v2\/product\/10268","targetHints":{"allow":["GET"]}}],"collection":[{"href":"https:\/\/idakorea.ee\/fi\/wp-json\/wp\/v2\/product"}],"about":[{"href":"https:\/\/idakorea.ee\/fi\/wp-json\/wp\/v2\/types\/product"}],"replies":[{"embeddable":true,"href":"https:\/\/idakorea.ee\/fi\/wp-json\/wp\/v2\/comments?post=10268"}],"version-history":[{"count":2,"href":"https:\/\/idakorea.ee\/fi\/wp-json\/wp\/v2\/product\/10268\/revisions"}],"predecessor-version":[{"id":10272,"href":"https:\/\/idakorea.ee\/fi\/wp-json\/wp\/v2\/product\/10268\/revisions\/10272"}],"wp:featuredmedia":[{"embeddable":true,"href":"https:\/\/idakorea.ee\/fi\/wp-json\/wp\/v2\/media\/10269"}],"wp:attachment":[{"href":"https:\/\/idakorea.ee\/fi\/wp-json\/wp\/v2\/media?parent=10268"}],"wp:term":[{"taxonomy":"pwb-brand","embeddable":true,"href":"https:\/\/idakorea.ee\/fi\/wp-json\/wp\/v2\/pwb-brand?post=10268"},{"taxonomy":"product_brand","embeddable":true,"href":"https:\/\/idakorea.ee\/fi\/wp-json\/wp\/v2\/product_brand?post=10268"},{"taxonomy":"product_cat","embeddable":true,"href":"https:\/\/idakorea.ee\/fi\/wp-json\/wp\/v2\/product_cat?post=10268"},{"taxonomy":"product_tag","embeddable":true,"href":"https:\/\/idakorea.ee\/fi\/wp-json\/wp\/v2\/product_tag?post=10268"}],"curies":[{"name":"wp","href":"https:\/\/api.w.org\/{rel}","templated":true}]}}