{"id":10283,"date":"2024-08-29T10:26:23","date_gmt":"2024-08-29T07:26:23","guid":{"rendered":"https:\/\/idakorea.ee\/?post_type=product&#038;p=10283"},"modified":"2026-01-30T16:26:09","modified_gmt":"2026-01-30T14:26:09","slug":"toitev-toonik-anua-rice-70-glow-milky-toner","status":"publish","type":"product","link":"https:\/\/idakorea.ee\/fi\/product\/toitev-toonik-anua-rice-70-glow-milky-toner\/","title":{"rendered":"ANUA Rice 70 Glow Maitovesi, 250ml, ravitseva kasvovesi"},"content":{"rendered":"<p>Ravitseva maitomainen kasvovesi riisiuutteella antaa iholle pehmeytt\u00e4 ja tervett\u00e4 hehkua.<\/p>\n<p><strong>Edut:<\/strong><\/p>\n<ul>\n<li>Ravitsee, kosteuttaa ja pehment\u00e4\u00e4 ihoa syv\u00e4lt\u00e4, t\u00e4ytt\u00e4\u00e4 sen kosteudella, poistaa kuivuutta, kireyden tunnetta ja hilseily\u00e4 ja ehk\u00e4isee niiden muodostumista.<\/li>\n<li>Auttaa tasoittamaan ihon s\u00e4vy\u00e4, ehk\u00e4isee hyperpigmentaatiota, antaa iholle terveen sis\u00e4isen hehkun ja auttaa luomaan &quot;lasimaisen iho&quot; -efektin.<\/li>\n<li>Palauttaa ja vahvistaa ihon suojamuuria, suojaa sit\u00e4 ulkoisilta vaikutuksilta ja est\u00e4\u00e4 kosteuden haihtumista.<\/li>\n<\/ul>\n<p><strong>T\u00e4rkeimm\u00e4t ainesosat:<\/strong><\/p>\n<ul>\n<li>Proteiinista, hydrolaatista ja uutteista koostuva riisikompleksi ravitsee ihoa syv\u00e4sti, auttaa tasoittamaan ihon s\u00e4vy\u00e4 ja antaa sille terveen hehkun.<\/li>\n<li>Niasiiniamidi auttaa tasoittamaan ihon s\u00e4vy\u00e4, antaa hell\u00e4varaisen valkaisevan vaikutuksen ja ehk\u00e4isee hyperpigmentaatiota.<\/li>\n<li>Pantenoli rauhoittaa ja uudistaa ihoa, v\u00e4hent\u00e4\u00e4 punoitusta ja \u00e4rsytyst\u00e4 sek\u00e4 v\u00e4hent\u00e4\u00e4 ihon herkkyytt\u00e4.<\/li>\n<li>Hyaluronihappo kosteuttaa ihoa syv\u00e4lt\u00e4, s\u00e4ilytt\u00e4\u00e4 kosteuden ihossa, ehk\u00e4isee kuivumista ja auttaa yll\u00e4pit\u00e4m\u00e4\u00e4n ihon sileytt\u00e4 ja kimmoisuutta.<\/li>\n<li>Keramidit palauttavat ja vahvistavat aktiivisesti ihon suojakerrosta, suojaavat sit\u00e4 ulkoisen ymp\u00e4rist\u00f6n haitallisilta vaikutuksilta ja est\u00e4v\u00e4t kosteuden haihtumista ihon l\u00e4pi.<\/li>\n<\/ul>\n<p>&nbsp;<\/p>\n<p><strong>K\u00e4ytt\u00f6<\/strong>Hoidon ensimm\u00e4isess\u00e4 vaiheessa levit\u00e4 tarvittava m\u00e4\u00e4r\u00e4 tuotetta puhdistetulle kasvojen iholle vanulapulla tai k\u00e4sin, levit\u00e4 tasaisesti ja anna imeyty\u00e4 kokonaan, mink\u00e4 j\u00e4lkeen jatka hoidon seuraavilla vaiheilla.<\/p>\n<p>&nbsp;<\/p>\n<p>Tilavuus: 250 ml.<\/p>\n<p>Sopii: Kaikille ihotyypeille.<\/p>","protected":false},"excerpt":{"rendered":"<p>Ravitseva maitomainen kasvovesi, jossa on riisiuutetta ja joka antaa pehme\u00e4n ja terveen n\u00e4k\u00f6isen ihon. Hy\u00f6dyt. Auttaa tasoittamaan ihon s\u00e4vy\u00e4, ehk\u00e4isee hyperpigmentaatiota, antaa iholle terveen sis\u00e4isen hehkun ja auttaa luomaan \"lasisen ihon\" vaikutuksen. Palauttaa ja vahvistaa ihon barrier-toimintaa, suojaten sit\u00e4 ulkoisilta aggressioilta ja...<\/p>","protected":false},"featured_media":10284,"comment_status":"open","ping_status":"closed","template":"","meta":{"_uf_show_specific_survey":0,"_uf_disable_surveys":false,"_bst_post_transparent":"default","_bst_post_title":"","_bst_post_layout":"default","_bst_post_sidebar_id":"","_bst_post_content_style":"default","_bst_post_vertical_padding":"default","_bst_post_feature":"","_bst_post_feature_position":"","_bst_post_header":false,"_bst_post_footer":false},"pwb-brand":[104],"product_brand":[],"product_cat":[92,158],"product_tag":[597,203],"class_list":{"0":"post-10283","1":"product","2":"type-product","3":"status-publish","4":"has-post-thumbnail","6":"pwb-brand-anua","7":"product_cat-nagu","8":"product_cat-toonik","9":"product_tag-anua-rice-toner","10":"product_tag-korejskaya-kosmetika","12":"first","13":"outofstock","14":"sale","15":"shipping-taxable","16":"purchasable","17":"product-type-simple","18":"entry","19":"content-bg","20":"loop-entry"},"supplier_id":null,"supplier_sku":"","barcode":null,"atum_controlled":true,"out_stock_date":"2025-12-27 08:17:41","out_stock_threshold":null,"inheritable":false,"inbound_stock":0,"stock_on_hold":0,"sold_today":0,"sales_last_days":0,"out_stock_days":107,"lost_sales":380,"has_location":false,"update_date":"2026-04-14T00:05:07","atum_locations":[],"atum_stock_status":"outofstock","restock_status":false,"low_stock_amount":"","sales_update_date":"2026-04-14T00:05:07","calc_backorders":null,"yoast_head":"<!-- This site is optimized with the Yoast SEO plugin v27.2 - https:\/\/yoast.com\/product\/yoast-seo-wordpress\/ -->\n<title>Toitev toonik ANUA Rice 70 Glow Milky Toner, 250ml - IDA.KOREA<\/title>\n<meta name=\"description\" content=\"Toitev piimjas toonik riisiektraktiga tagab naha pehmuse ja tervisliku s\u00e4ra.\" \/>\n<meta name=\"robots\" content=\"index, follow, max-snippet:-1, max-image-preview:large, max-video-preview:-1\" \/>\n<link rel=\"canonical\" href=\"https:\/\/idakorea.ee\/fi\/product\/toitev-toonik-anua-rice-70-glow-milky-toner\/\" \/>\n<meta property=\"og:locale\" content=\"fi_FI\" \/>\n<meta property=\"og:type\" content=\"article\" \/>\n<meta property=\"og:title\" content=\"Toitev toonik ANUA Rice 70 Glow Milky Toner, 250ml - IDA.KOREA\" \/>\n<meta property=\"og:description\" content=\"Toitev piimjas toonik riisiektraktiga tagab naha pehmuse ja tervisliku s\u00e4ra.\" \/>\n<meta property=\"og:url\" content=\"https:\/\/idakorea.ee\/fi\/product\/toitev-toonik-anua-rice-70-glow-milky-toner\/\" \/>\n<meta property=\"og:site_name\" content=\"IDA.KOREA\" \/>\n<meta property=\"article:modified_time\" content=\"2026-01-30T14:26:09+00:00\" \/>\n<meta property=\"og:image\" content=\"https:\/\/idakorea.ee\/wp-content\/uploads\/2024\/08\/anua-rice-70-glow-milky-toner-250ml.png\" \/>\n\t<meta property=\"og:image:width\" content=\"524\" \/>\n\t<meta property=\"og:image:height\" content=\"544\" \/>\n\t<meta property=\"og:image:type\" content=\"image\/png\" \/>\n<meta name=\"twitter:card\" content=\"summary_large_image\" \/>\n<meta name=\"twitter:label1\" content=\"Arvioitu lukuaika\" \/>\n\t<meta name=\"twitter:data1\" content=\"2 minuuttia\" \/>\n<script type=\"application\/ld+json\" class=\"yoast-schema-graph\">{\"@context\":\"https:\/\/schema.org\",\"@graph\":[{\"@type\":\"WebPage\",\"@id\":\"https:\/\/idakorea.ee\/product\/toitev-toonik-anua-rice-70-glow-milky-toner\/\",\"url\":\"https:\/\/idakorea.ee\/product\/toitev-toonik-anua-rice-70-glow-milky-toner\/\",\"name\":\"Toitev toonik ANUA Rice 70 Glow Milky Toner, 250ml - IDA.KOREA\",\"isPartOf\":{\"@id\":\"https:\/\/idakorea.ee\/#website\"},\"primaryImageOfPage\":{\"@id\":\"https:\/\/idakorea.ee\/product\/toitev-toonik-anua-rice-70-glow-milky-toner\/#primaryimage\"},\"image\":{\"@id\":\"https:\/\/idakorea.ee\/product\/toitev-toonik-anua-rice-70-glow-milky-toner\/#primaryimage\"},\"thumbnailUrl\":\"https:\/\/idakorea.ee\/wp-content\/uploads\/2024\/08\/anua-rice-70-glow-milky-toner-250ml.png\",\"datePublished\":\"2024-08-29T07:26:23+00:00\",\"dateModified\":\"2026-01-30T14:26:09+00:00\",\"description\":\"Toitev piimjas toonik riisiektraktiga tagab naha pehmuse ja tervisliku s\u00e4ra.\",\"breadcrumb\":{\"@id\":\"https:\/\/idakorea.ee\/product\/toitev-toonik-anua-rice-70-glow-milky-toner\/#breadcrumb\"},\"inLanguage\":\"fi\",\"potentialAction\":[{\"@type\":\"ReadAction\",\"target\":[\"https:\/\/idakorea.ee\/product\/toitev-toonik-anua-rice-70-glow-milky-toner\/\"]}]},{\"@type\":\"ImageObject\",\"inLanguage\":\"fi\",\"@id\":\"https:\/\/idakorea.ee\/product\/toitev-toonik-anua-rice-70-glow-milky-toner\/#primaryimage\",\"url\":\"https:\/\/idakorea.ee\/wp-content\/uploads\/2024\/08\/anua-rice-70-glow-milky-toner-250ml.png\",\"contentUrl\":\"https:\/\/idakorea.ee\/wp-content\/uploads\/2024\/08\/anua-rice-70-glow-milky-toner-250ml.png\",\"width\":524,\"height\":544,\"caption\":\"anua rice toner\"},{\"@type\":\"BreadcrumbList\",\"@id\":\"https:\/\/idakorea.ee\/product\/toitev-toonik-anua-rice-70-glow-milky-toner\/#breadcrumb\",\"itemListElement\":[{\"@type\":\"ListItem\",\"position\":1,\"name\":\"\u0413\u043b\u0430\u0432\u043d\u0430\u044f \u0441\u0442\u0440\u0430\u043d\u0438\u0446\u0430\",\"item\":\"https:\/\/idakorea.ee\/\"},{\"@type\":\"ListItem\",\"position\":2,\"name\":\"Shop\",\"item\":\"https:\/\/idakorea.ee\/shop-2\/\"},{\"@type\":\"ListItem\",\"position\":3,\"name\":\"Toitev toonik ANUA Rice 70 Glow Milky Toner, 250ml\"}]},{\"@type\":\"WebSite\",\"@id\":\"https:\/\/idakorea.ee\/#website\",\"url\":\"https:\/\/idakorea.ee\/\",\"name\":\"IDA.KOREA\",\"description\":\"Korea kosmeetika e-pood\",\"publisher\":{\"@id\":\"https:\/\/idakorea.ee\/#organization\"},\"alternateName\":\"Beauty Shop\",\"potentialAction\":[{\"@type\":\"SearchAction\",\"target\":{\"@type\":\"EntryPoint\",\"urlTemplate\":\"https:\/\/idakorea.ee\/?s={search_term_string}\"},\"query-input\":{\"@type\":\"PropertyValueSpecification\",\"valueRequired\":true,\"valueName\":\"search_term_string\"}}],\"inLanguage\":\"fi\"},{\"@type\":\"Organization\",\"@id\":\"https:\/\/idakorea.ee\/#organization\",\"name\":\"IDA.KOREA\",\"url\":\"https:\/\/idakorea.ee\/\",\"logo\":{\"@type\":\"ImageObject\",\"inLanguage\":\"fi\",\"@id\":\"https:\/\/idakorea.ee\/#\/schema\/logo\/image\/\",\"url\":\"https:\/\/idakorea.ee\/wp-content\/uploads\/2024\/05\/cropped-korea3.png\",\"contentUrl\":\"https:\/\/idakorea.ee\/wp-content\/uploads\/2024\/05\/cropped-korea3.png\",\"width\":688,\"height\":126,\"caption\":\"IDA.KOREA\"},\"image\":{\"@id\":\"https:\/\/idakorea.ee\/#\/schema\/logo\/image\/\"},\"sameAs\":[\"https:\/\/www.instagram.com\/ida.korea\/\"]}]}<\/script>\n<!-- \/ Yoast SEO plugin. -->","yoast_head_json":{"title":"Ravitseva kasvovesi ANUA Rice 70 Glow Milky Toner, 250ml - It\u00e4-Korea","description":"Ravitseva maitomainen kasvovesi riisiuutteella antaa iholle pehmeytt\u00e4 ja tervett\u00e4 hehkua.","robots":{"index":"index","follow":"follow","max-snippet":"max-snippet:-1","max-image-preview":"max-image-preview:large","max-video-preview":"max-video-preview:-1"},"canonical":"https:\/\/idakorea.ee\/fi\/product\/toitev-toonik-anua-rice-70-glow-milky-toner\/","og_locale":"fi_FI","og_type":"article","og_title":"Toitev toonik ANUA Rice 70 Glow Milky Toner, 250ml - IDA.KOREA","og_description":"Toitev piimjas toonik riisiektraktiga tagab naha pehmuse ja tervisliku s\u00e4ra.","og_url":"https:\/\/idakorea.ee\/fi\/product\/toitev-toonik-anua-rice-70-glow-milky-toner\/","og_site_name":"IDA.KOREA","article_modified_time":"2026-01-30T14:26:09+00:00","og_image":[{"width":524,"height":544,"url":"https:\/\/idakorea.ee\/wp-content\/uploads\/2024\/08\/anua-rice-70-glow-milky-toner-250ml.png","type":"image\/png"}],"twitter_card":"summary_large_image","twitter_misc":{"Arvioitu lukuaika":"2 minuuttia"},"schema":{"@context":"https:\/\/schema.org","@graph":[{"@type":"WebPage","@id":"https:\/\/idakorea.ee\/product\/toitev-toonik-anua-rice-70-glow-milky-toner\/","url":"https:\/\/idakorea.ee\/product\/toitev-toonik-anua-rice-70-glow-milky-toner\/","name":"Ravitseva kasvovesi ANUA Rice 70 Glow Milky Toner, 250ml - It\u00e4-Korea","isPartOf":{"@id":"https:\/\/idakorea.ee\/#website"},"primaryImageOfPage":{"@id":"https:\/\/idakorea.ee\/product\/toitev-toonik-anua-rice-70-glow-milky-toner\/#primaryimage"},"image":{"@id":"https:\/\/idakorea.ee\/product\/toitev-toonik-anua-rice-70-glow-milky-toner\/#primaryimage"},"thumbnailUrl":"https:\/\/idakorea.ee\/wp-content\/uploads\/2024\/08\/anua-rice-70-glow-milky-toner-250ml.png","datePublished":"2024-08-29T07:26:23+00:00","dateModified":"2026-01-30T14:26:09+00:00","description":"Ravitseva maitomainen kasvovesi riisiuutteella antaa iholle pehmeytt\u00e4 ja tervett\u00e4 hehkua.","breadcrumb":{"@id":"https:\/\/idakorea.ee\/product\/toitev-toonik-anua-rice-70-glow-milky-toner\/#breadcrumb"},"inLanguage":"fi","potentialAction":[{"@type":"ReadAction","target":["https:\/\/idakorea.ee\/product\/toitev-toonik-anua-rice-70-glow-milky-toner\/"]}]},{"@type":"ImageObject","inLanguage":"fi","@id":"https:\/\/idakorea.ee\/product\/toitev-toonik-anua-rice-70-glow-milky-toner\/#primaryimage","url":"https:\/\/idakorea.ee\/wp-content\/uploads\/2024\/08\/anua-rice-70-glow-milky-toner-250ml.png","contentUrl":"https:\/\/idakorea.ee\/wp-content\/uploads\/2024\/08\/anua-rice-70-glow-milky-toner-250ml.png","width":524,"height":544,"caption":"anua rice toner"},{"@type":"BreadcrumbList","@id":"https:\/\/idakorea.ee\/product\/toitev-toonik-anua-rice-70-glow-milky-toner\/#breadcrumb","itemListElement":[{"@type":"ListItem","position":1,"name":"\u0413\u043b\u0430\u0432\u043d\u0430\u044f \u0441\u0442\u0440\u0430\u043d\u0438\u0446\u0430","item":"https:\/\/idakorea.ee\/"},{"@type":"ListItem","position":2,"name":"Shop","item":"https:\/\/idakorea.ee\/shop-2\/"},{"@type":"ListItem","position":3,"name":"Toitev toonik ANUA Rice 70 Glow Milky Toner, 250ml"}]},{"@type":"WebSite","@id":"https:\/\/idakorea.ee\/#website","url":"https:\/\/idakorea.ee\/","name":"IDA.KOREA","description":"Korean kosmetiikan verkkokauppa","publisher":{"@id":"https:\/\/idakorea.ee\/#organization"},"alternateName":"Beauty Shop","potentialAction":[{"@type":"SearchAction","target":{"@type":"EntryPoint","urlTemplate":"https:\/\/idakorea.ee\/?s={search_term_string}"},"query-input":{"@type":"PropertyValueSpecification","valueRequired":true,"valueName":"search_term_string"}}],"inLanguage":"fi"},{"@type":"Organization","@id":"https:\/\/idakorea.ee\/#organization","name":"IDA.KOREA","url":"https:\/\/idakorea.ee\/","logo":{"@type":"ImageObject","inLanguage":"fi","@id":"https:\/\/idakorea.ee\/#\/schema\/logo\/image\/","url":"https:\/\/idakorea.ee\/wp-content\/uploads\/2024\/05\/cropped-korea3.png","contentUrl":"https:\/\/idakorea.ee\/wp-content\/uploads\/2024\/05\/cropped-korea3.png","width":688,"height":126,"caption":"IDA.KOREA"},"image":{"@id":"https:\/\/idakorea.ee\/#\/schema\/logo\/image\/"},"sameAs":["https:\/\/www.instagram.com\/ida.korea\/"]}]}},"jetpack_sharing_enabled":true,"brands":[{"id":104,"name":"ANUA","slug":"anua"}],"_links":{"self":[{"href":"https:\/\/idakorea.ee\/fi\/wp-json\/wp\/v2\/product\/10283","targetHints":{"allow":["GET"]}}],"collection":[{"href":"https:\/\/idakorea.ee\/fi\/wp-json\/wp\/v2\/product"}],"about":[{"href":"https:\/\/idakorea.ee\/fi\/wp-json\/wp\/v2\/types\/product"}],"replies":[{"embeddable":true,"href":"https:\/\/idakorea.ee\/fi\/wp-json\/wp\/v2\/comments?post=10283"}],"version-history":[{"count":2,"href":"https:\/\/idakorea.ee\/fi\/wp-json\/wp\/v2\/product\/10283\/revisions"}],"predecessor-version":[{"id":10287,"href":"https:\/\/idakorea.ee\/fi\/wp-json\/wp\/v2\/product\/10283\/revisions\/10287"}],"wp:featuredmedia":[{"embeddable":true,"href":"https:\/\/idakorea.ee\/fi\/wp-json\/wp\/v2\/media\/10284"}],"wp:attachment":[{"href":"https:\/\/idakorea.ee\/fi\/wp-json\/wp\/v2\/media?parent=10283"}],"wp:term":[{"taxonomy":"pwb-brand","embeddable":true,"href":"https:\/\/idakorea.ee\/fi\/wp-json\/wp\/v2\/pwb-brand?post=10283"},{"taxonomy":"product_brand","embeddable":true,"href":"https:\/\/idakorea.ee\/fi\/wp-json\/wp\/v2\/product_brand?post=10283"},{"taxonomy":"product_cat","embeddable":true,"href":"https:\/\/idakorea.ee\/fi\/wp-json\/wp\/v2\/product_cat?post=10283"},{"taxonomy":"product_tag","embeddable":true,"href":"https:\/\/idakorea.ee\/fi\/wp-json\/wp\/v2\/product_tag?post=10283"}],"curies":[{"name":"wp","href":"https:\/\/api.w.org\/{rel}","templated":true}]}}