{"id":10344,"date":"2024-09-02T15:13:12","date_gmt":"2024-09-02T13:13:12","guid":{"rendered":"https:\/\/idakorea.ee\/?post_type=product&#038;p=10344"},"modified":"2026-04-03T14:25:59","modified_gmt":"2026-04-03T12:25:59","slug":"klavuu-blue-pearlsation-high-coverage-marine-collagen-aqua-cushion-spf-50-pa-refill","status":"publish","type":"product","link":"https:\/\/idakorea.ee\/fi\/product\/klavuu-blue-pearlsation-high-coverage-marine-collagen-aqua-cushion-spf-50-pa-refill\/","title":{"rendered":"KLAVUU Blue Pearlsation High Coverage Marine Collagen Aqua Cushion SPF 50+\/PA+++, + t\u00e4ydennysosa"},"content":{"rendered":"<p><strong>KLAVUU Blue Pearlsation High Coverage Marine Collagen Aqua Cushion SPF 50+\/PA+++<\/strong> toimii sek\u00e4 meikkivoiteena (peitt\u00e4\u00e4 ep\u00e4tasaisuudet tihe\u00e4ll\u00e4 koostumuksella, parantaa ja tasoittaa kasvojen s\u00e4vy\u00e4 ja mikroreliefi\u00e4) ett\u00e4 p\u00e4iv\u00e4voiteena (kosteuttaa, ravitsee, suojaa, palauttaa ja hidastaa ihon ik\u00e4\u00e4ntymist\u00e4).<\/p>\n<p>KLAVUU-pehmuste erottuu edukseen tihe\u00e4n koostumuksensa ansiosta, mutta pysyy kasvoilla huomaamattomana (ei luo naamioefekti\u00e4), on helppo levitt\u00e4\u00e4, ei valu tai kulu pois p\u00e4iv\u00e4n aikana ja sopii kaikille ihotyypeille, my\u00f6s herk\u00e4lle iholle.<\/p>\n<p>BB-tyynyn p\u00e4\u00e4ainesosa on hydrolysoitu merikollageeni:<\/p>\n<p>est\u00e4\u00e4 ihon kosteuden haihtumista;<br \/>\nedist\u00e4\u00e4 kollageenin ja elastiinin aktiivista synteesi\u00e4;<br \/>\ntorjuu olemassa olevia ik\u00e4\u00e4ntymisen merkkej\u00e4 ja est\u00e4\u00e4 uusien ilmestymist\u00e4;<br \/>\ntekee ihosta sile\u00e4n, joustavan ja t\u00e4ytel\u00e4isen.<br \/>\nHelmijauhe tasoittaa ihon s\u00e4vy\u00e4 ja mikroreliefi\u00e4, antaa kasvoille terveen ja luonnollisen hehkun, alginaattiuute kosteuttaa, ravitsee ja normalisoi talintuotantoa, mattapintaista ihoa, sinkkioksidi supistaa ihohuokosia, sill\u00e4 on tulehdusta ja bakteereja est\u00e4vi\u00e4 vaikutuksia ja se kuivattaa ihottumaa.<\/p>\n<p><strong>KLAVUU Blue Pearlsation High Coverage Marine Collagen Aqua -pehmuste auttaa:<\/strong><\/p>\n<p>peitt\u00e4\u00e4 pienet ep\u00e4tasaisuudet, luo tiivis, sile\u00e4 ja huomaamaton peitto kostealla\/kiilt\u00e4v\u00e4ll\u00e4 viimeistelyll\u00e4;<br \/>\nkosteuttaa, ravitsee, nuorentaa, palauttaa ja suojaa ihoa;<br \/>\ntorjua kuivuutta, \u00e4rsytyst\u00e4 ja ihottumaa;<br \/>\nnormalisoi talirauhasten tuotantoa, est\u00e4\u00e4 \u00f6ljyisen kiillon ja aknen;<br \/>\ntasoittaa ja virkist\u00e4\u00e4 kasvojen s\u00e4vy\u00e4, luo t\u00e4ydellinen meikki, joka kest\u00e4\u00e4 koko p\u00e4iv\u00e4n;<br \/>\nhidastaa ihon ik\u00e4\u00e4ntymist\u00e4.<\/p>\n<p><strong>K\u00e4ytt\u00f6opas:<\/strong> Levit\u00e4 KLAVUU BB-pehmustetta meikkisienell\u00e4 (kevyin taputtelevin liikkein) meikin viimeisess\u00e4 vaiheessa. Tarvittaessa voit my\u00f6s korjata ep\u00e4tasaisuudet KLAVUU Blue Pearlsation High Coverage Marine Collagen Aqua Cushionilla.<\/p>\n<p><strong>Mukana \u2013 tyyny + t\u00e4ytt\u00f6pakkaus\u00a0<\/strong><\/p>","protected":false},"excerpt":{"rendered":"<p>KLAVUU Blue Pearlsation High Coverage Marine Collagen Aqua Cushion SPF 50+\/PA+++ toimii sek\u00e4 meikkivoiteena (peitt\u00e4\u00e4 ep\u00e4tasaisuudet tiiviill\u00e4 koostumuksella, parantaa ja tasoittaa kasvojen s\u00e4vy\u00e4 ja mikrotekstuuria) ett\u00e4 p\u00e4iv\u00e4voiteena (kosteuttaa, ravitsee, suojaa, palauttaa ja hidastaa ihon ik\u00e4\u00e4ntymisprosessia). KLAVUU-tyyny erottuu tihe\u00e4st\u00e4 koostumuksestaan, mutta se pysyy n\u00e4kym\u00e4tt\u00f6miss\u00e4 kasvoilla (ei \"naamio\"-vaikutusta), se on helppo...<\/p>","protected":false},"featured_media":10347,"comment_status":"open","ping_status":"closed","template":"","meta":{"_uf_show_specific_survey":0,"_uf_disable_surveys":false,"_bst_post_transparent":"default","_bst_post_title":"","_bst_post_layout":"default","_bst_post_sidebar_id":"","_bst_post_content_style":"default","_bst_post_vertical_padding":"default","_bst_post_feature":"","_bst_post_feature_position":"","_bst_post_header":false,"_bst_post_footer":false},"pwb-brand":[488],"product_brand":[],"product_cat":[500,499],"product_tag":[593],"class_list":{"0":"post-10344","1":"product","2":"type-product","3":"status-publish","4":"has-post-thumbnail","6":"pwb-brand-klavuu","7":"product_cat-jumestuskreemid","8":"product_cat-meik","9":"product_tag-cushion","11":"first","12":"outofstock","13":"sale","14":"shipping-taxable","15":"purchasable","16":"product-type-variable","17":"has-default-attributes","18":"entry","19":"content-bg","20":"loop-entry"},"supplier_id":null,"supplier_sku":"","barcode":null,"atum_controlled":true,"out_stock_date":null,"out_stock_threshold":null,"inheritable":true,"inbound_stock":0,"stock_on_hold":0,"sold_today":0,"sales_last_days":0,"out_stock_days":0,"lost_sales":0,"has_location":false,"update_date":"2026-04-14T00:05:10","atum_locations":[],"atum_stock_status":"outofstock","restock_status":false,"low_stock_amount":"","sales_update_date":"2026-04-14T00:05:10","calc_backorders":null,"yoast_head":"<!-- This site is optimized with the Yoast SEO plugin v27.2 - https:\/\/yoast.com\/product\/yoast-seo-wordpress\/ -->\n<title>KLAVUU Blue Pearlsation High Coverage Marine Collagen Aqua Cushion SPF 50+\/PA+++, + refill - IDA.KOREA<\/title>\n<meta name=\"description\" content=\"KLAVUU cushion eristub oma tiheda konsistentsi poolest, kuid j\u00e4\u00e4b n\u00e4ol m\u00e4rkamatuks, seda on lihtne peale kanda, ei rullu ega kulu p\u00e4eva jooksul.\" \/>\n<meta name=\"robots\" content=\"index, follow, max-snippet:-1, max-image-preview:large, max-video-preview:-1\" \/>\n<link rel=\"canonical\" href=\"https:\/\/idakorea.ee\/fi\/product\/klavuu-blue-pearlsation-high-coverage-marine-collagen-aqua-cushion-spf-50-pa-refill\/\" \/>\n<meta property=\"og:locale\" content=\"fi_FI\" \/>\n<meta property=\"og:type\" content=\"article\" \/>\n<meta property=\"og:title\" content=\"KLAVUU Blue Pearlsation High Coverage Marine Collagen Aqua Cushion SPF 50+\/PA+++, + refill - IDA.KOREA\" \/>\n<meta property=\"og:description\" content=\"KLAVUU cushion eristub oma tiheda konsistentsi poolest, kuid j\u00e4\u00e4b n\u00e4ol m\u00e4rkamatuks, seda on lihtne peale kanda, ei rullu ega kulu p\u00e4eva jooksul.\" \/>\n<meta property=\"og:url\" content=\"https:\/\/idakorea.ee\/fi\/product\/klavuu-blue-pearlsation-high-coverage-marine-collagen-aqua-cushion-spf-50-pa-refill\/\" \/>\n<meta property=\"og:site_name\" content=\"IDA.KOREA\" \/>\n<meta property=\"article:modified_time\" content=\"2026-04-03T12:25:59+00:00\" \/>\n<meta property=\"og:image\" content=\"https:\/\/idakorea.ee\/wp-content\/uploads\/2024\/09\/klvm03p21.jpg\" \/>\n\t<meta property=\"og:image:width\" content=\"541\" \/>\n\t<meta property=\"og:image:height\" content=\"473\" \/>\n\t<meta property=\"og:image:type\" content=\"image\/jpeg\" \/>\n<meta name=\"twitter:card\" content=\"summary_large_image\" \/>\n<meta name=\"twitter:label1\" content=\"Arvioitu lukuaika\" \/>\n\t<meta name=\"twitter:data1\" content=\"2 minuuttia\" \/>\n<script type=\"application\/ld+json\" class=\"yoast-schema-graph\">{\"@context\":\"https:\/\/schema.org\",\"@graph\":[{\"@type\":\"WebPage\",\"@id\":\"https:\/\/idakorea.ee\/product\/klavuu-blue-pearlsation-high-coverage-marine-collagen-aqua-cushion-spf-50-pa-refill\/\",\"url\":\"https:\/\/idakorea.ee\/product\/klavuu-blue-pearlsation-high-coverage-marine-collagen-aqua-cushion-spf-50-pa-refill\/\",\"name\":\"KLAVUU Blue Pearlsation High Coverage Marine Collagen Aqua Cushion SPF 50+\/PA+++, + refill - IDA.KOREA\",\"isPartOf\":{\"@id\":\"https:\/\/idakorea.ee\/#website\"},\"primaryImageOfPage\":{\"@id\":\"https:\/\/idakorea.ee\/product\/klavuu-blue-pearlsation-high-coverage-marine-collagen-aqua-cushion-spf-50-pa-refill\/#primaryimage\"},\"image\":{\"@id\":\"https:\/\/idakorea.ee\/product\/klavuu-blue-pearlsation-high-coverage-marine-collagen-aqua-cushion-spf-50-pa-refill\/#primaryimage\"},\"thumbnailUrl\":\"https:\/\/idakorea.ee\/wp-content\/uploads\/2024\/09\/klvm03p21.jpg\",\"datePublished\":\"2024-09-02T13:13:12+00:00\",\"dateModified\":\"2026-04-03T12:25:59+00:00\",\"description\":\"KLAVUU cushion eristub oma tiheda konsistentsi poolest, kuid j\u00e4\u00e4b n\u00e4ol m\u00e4rkamatuks, seda on lihtne peale kanda, ei rullu ega kulu p\u00e4eva jooksul.\",\"breadcrumb\":{\"@id\":\"https:\/\/idakorea.ee\/product\/klavuu-blue-pearlsation-high-coverage-marine-collagen-aqua-cushion-spf-50-pa-refill\/#breadcrumb\"},\"inLanguage\":\"fi\",\"potentialAction\":[{\"@type\":\"ReadAction\",\"target\":[\"https:\/\/idakorea.ee\/product\/klavuu-blue-pearlsation-high-coverage-marine-collagen-aqua-cushion-spf-50-pa-refill\/\"]}]},{\"@type\":\"ImageObject\",\"inLanguage\":\"fi\",\"@id\":\"https:\/\/idakorea.ee\/product\/klavuu-blue-pearlsation-high-coverage-marine-collagen-aqua-cushion-spf-50-pa-refill\/#primaryimage\",\"url\":\"https:\/\/idakorea.ee\/wp-content\/uploads\/2024\/09\/klvm03p21.jpg\",\"contentUrl\":\"https:\/\/idakorea.ee\/wp-content\/uploads\/2024\/09\/klvm03p21.jpg\",\"width\":541,\"height\":473,\"caption\":\"klavuu cushion\"},{\"@type\":\"BreadcrumbList\",\"@id\":\"https:\/\/idakorea.ee\/product\/klavuu-blue-pearlsation-high-coverage-marine-collagen-aqua-cushion-spf-50-pa-refill\/#breadcrumb\",\"itemListElement\":[{\"@type\":\"ListItem\",\"position\":1,\"name\":\"\u0413\u043b\u0430\u0432\u043d\u0430\u044f \u0441\u0442\u0440\u0430\u043d\u0438\u0446\u0430\",\"item\":\"https:\/\/idakorea.ee\/\"},{\"@type\":\"ListItem\",\"position\":2,\"name\":\"Shop\",\"item\":\"https:\/\/idakorea.ee\/shop-2\/\"},{\"@type\":\"ListItem\",\"position\":3,\"name\":\"KLAVUU Blue Pearlsation High Coverage Marine Collagen Aqua Cushion SPF 50+\/PA+++, + refill\"}]},{\"@type\":\"WebSite\",\"@id\":\"https:\/\/idakorea.ee\/#website\",\"url\":\"https:\/\/idakorea.ee\/\",\"name\":\"IDA.KOREA\",\"description\":\"Korea kosmeetika e-pood\",\"publisher\":{\"@id\":\"https:\/\/idakorea.ee\/#organization\"},\"alternateName\":\"Beauty Shop\",\"potentialAction\":[{\"@type\":\"SearchAction\",\"target\":{\"@type\":\"EntryPoint\",\"urlTemplate\":\"https:\/\/idakorea.ee\/?s={search_term_string}\"},\"query-input\":{\"@type\":\"PropertyValueSpecification\",\"valueRequired\":true,\"valueName\":\"search_term_string\"}}],\"inLanguage\":\"fi\"},{\"@type\":\"Organization\",\"@id\":\"https:\/\/idakorea.ee\/#organization\",\"name\":\"IDA.KOREA\",\"url\":\"https:\/\/idakorea.ee\/\",\"logo\":{\"@type\":\"ImageObject\",\"inLanguage\":\"fi\",\"@id\":\"https:\/\/idakorea.ee\/#\/schema\/logo\/image\/\",\"url\":\"https:\/\/idakorea.ee\/wp-content\/uploads\/2024\/05\/cropped-korea3.png\",\"contentUrl\":\"https:\/\/idakorea.ee\/wp-content\/uploads\/2024\/05\/cropped-korea3.png\",\"width\":688,\"height\":126,\"caption\":\"IDA.KOREA\"},\"image\":{\"@id\":\"https:\/\/idakorea.ee\/#\/schema\/logo\/image\/\"},\"sameAs\":[\"https:\/\/www.instagram.com\/ida.korea\/\"]}]}<\/script>\n<!-- \/ Yoast SEO plugin. -->","yoast_head_json":{"title":"KLAVU Blue Pearlsation High Coverage Marine Collagen Aqua Cushion SPF 50+\/PA+++, + t\u00e4ytt\u00f6pakkaus - IDA.KOREA","description":"KLAVUU-pehmuste erottuu edukseen tihe\u00e4n koostumuksensa ansiosta, mutta pysyy huomaamattomana kasvoilla, on helppo levitt\u00e4\u00e4 eik\u00e4 valu tai kulu pois p\u00e4iv\u00e4n aikana.","robots":{"index":"index","follow":"follow","max-snippet":"max-snippet:-1","max-image-preview":"max-image-preview:large","max-video-preview":"max-video-preview:-1"},"canonical":"https:\/\/idakorea.ee\/fi\/product\/klavuu-blue-pearlsation-high-coverage-marine-collagen-aqua-cushion-spf-50-pa-refill\/","og_locale":"fi_FI","og_type":"article","og_title":"KLAVUU Blue Pearlsation High Coverage Marine Collagen Aqua Cushion SPF 50+\/PA+++, + refill - IDA.KOREA","og_description":"KLAVUU cushion eristub oma tiheda konsistentsi poolest, kuid j\u00e4\u00e4b n\u00e4ol m\u00e4rkamatuks, seda on lihtne peale kanda, ei rullu ega kulu p\u00e4eva jooksul.","og_url":"https:\/\/idakorea.ee\/fi\/product\/klavuu-blue-pearlsation-high-coverage-marine-collagen-aqua-cushion-spf-50-pa-refill\/","og_site_name":"IDA.KOREA","article_modified_time":"2026-04-03T12:25:59+00:00","og_image":[{"width":541,"height":473,"url":"https:\/\/idakorea.ee\/wp-content\/uploads\/2024\/09\/klvm03p21.jpg","type":"image\/jpeg"}],"twitter_card":"summary_large_image","twitter_misc":{"Arvioitu lukuaika":"2 minuuttia"},"schema":{"@context":"https:\/\/schema.org","@graph":[{"@type":"WebPage","@id":"https:\/\/idakorea.ee\/product\/klavuu-blue-pearlsation-high-coverage-marine-collagen-aqua-cushion-spf-50-pa-refill\/","url":"https:\/\/idakorea.ee\/product\/klavuu-blue-pearlsation-high-coverage-marine-collagen-aqua-cushion-spf-50-pa-refill\/","name":"KLAVU Blue Pearlsation High Coverage Marine Collagen Aqua Cushion SPF 50+\/PA+++, + t\u00e4ytt\u00f6pakkaus - IDA.KOREA","isPartOf":{"@id":"https:\/\/idakorea.ee\/#website"},"primaryImageOfPage":{"@id":"https:\/\/idakorea.ee\/product\/klavuu-blue-pearlsation-high-coverage-marine-collagen-aqua-cushion-spf-50-pa-refill\/#primaryimage"},"image":{"@id":"https:\/\/idakorea.ee\/product\/klavuu-blue-pearlsation-high-coverage-marine-collagen-aqua-cushion-spf-50-pa-refill\/#primaryimage"},"thumbnailUrl":"https:\/\/idakorea.ee\/wp-content\/uploads\/2024\/09\/klvm03p21.jpg","datePublished":"2024-09-02T13:13:12+00:00","dateModified":"2026-04-03T12:25:59+00:00","description":"KLAVUU-pehmuste erottuu edukseen tihe\u00e4n koostumuksensa ansiosta, mutta pysyy huomaamattomana kasvoilla, on helppo levitt\u00e4\u00e4 eik\u00e4 valu tai kulu pois p\u00e4iv\u00e4n aikana.","breadcrumb":{"@id":"https:\/\/idakorea.ee\/product\/klavuu-blue-pearlsation-high-coverage-marine-collagen-aqua-cushion-spf-50-pa-refill\/#breadcrumb"},"inLanguage":"fi","potentialAction":[{"@type":"ReadAction","target":["https:\/\/idakorea.ee\/product\/klavuu-blue-pearlsation-high-coverage-marine-collagen-aqua-cushion-spf-50-pa-refill\/"]}]},{"@type":"ImageObject","inLanguage":"fi","@id":"https:\/\/idakorea.ee\/product\/klavuu-blue-pearlsation-high-coverage-marine-collagen-aqua-cushion-spf-50-pa-refill\/#primaryimage","url":"https:\/\/idakorea.ee\/wp-content\/uploads\/2024\/09\/klvm03p21.jpg","contentUrl":"https:\/\/idakorea.ee\/wp-content\/uploads\/2024\/09\/klvm03p21.jpg","width":541,"height":473,"caption":"klavuu cushion"},{"@type":"BreadcrumbList","@id":"https:\/\/idakorea.ee\/product\/klavuu-blue-pearlsation-high-coverage-marine-collagen-aqua-cushion-spf-50-pa-refill\/#breadcrumb","itemListElement":[{"@type":"ListItem","position":1,"name":"\u0413\u043b\u0430\u0432\u043d\u0430\u044f \u0441\u0442\u0440\u0430\u043d\u0438\u0446\u0430","item":"https:\/\/idakorea.ee\/"},{"@type":"ListItem","position":2,"name":"Shop","item":"https:\/\/idakorea.ee\/shop-2\/"},{"@type":"ListItem","position":3,"name":"KLAVUU Blue Pearlsation High Coverage Marine Collagen Aqua Cushion SPF 50+\/PA+++, + refill"}]},{"@type":"WebSite","@id":"https:\/\/idakorea.ee\/#website","url":"https:\/\/idakorea.ee\/","name":"IDA.KOREA","description":"Korean kosmetiikan verkkokauppa","publisher":{"@id":"https:\/\/idakorea.ee\/#organization"},"alternateName":"Beauty Shop","potentialAction":[{"@type":"SearchAction","target":{"@type":"EntryPoint","urlTemplate":"https:\/\/idakorea.ee\/?s={search_term_string}"},"query-input":{"@type":"PropertyValueSpecification","valueRequired":true,"valueName":"search_term_string"}}],"inLanguage":"fi"},{"@type":"Organization","@id":"https:\/\/idakorea.ee\/#organization","name":"IDA.KOREA","url":"https:\/\/idakorea.ee\/","logo":{"@type":"ImageObject","inLanguage":"fi","@id":"https:\/\/idakorea.ee\/#\/schema\/logo\/image\/","url":"https:\/\/idakorea.ee\/wp-content\/uploads\/2024\/05\/cropped-korea3.png","contentUrl":"https:\/\/idakorea.ee\/wp-content\/uploads\/2024\/05\/cropped-korea3.png","width":688,"height":126,"caption":"IDA.KOREA"},"image":{"@id":"https:\/\/idakorea.ee\/#\/schema\/logo\/image\/"},"sameAs":["https:\/\/www.instagram.com\/ida.korea\/"]}]}},"jetpack_sharing_enabled":true,"brands":[{"id":488,"name":"KLAVUU","slug":"klavuu"}],"_links":{"self":[{"href":"https:\/\/idakorea.ee\/fi\/wp-json\/wp\/v2\/product\/10344","targetHints":{"allow":["GET"]}}],"collection":[{"href":"https:\/\/idakorea.ee\/fi\/wp-json\/wp\/v2\/product"}],"about":[{"href":"https:\/\/idakorea.ee\/fi\/wp-json\/wp\/v2\/types\/product"}],"replies":[{"embeddable":true,"href":"https:\/\/idakorea.ee\/fi\/wp-json\/wp\/v2\/comments?post=10344"}],"version-history":[{"count":4,"href":"https:\/\/idakorea.ee\/fi\/wp-json\/wp\/v2\/product\/10344\/revisions"}],"predecessor-version":[{"id":18332,"href":"https:\/\/idakorea.ee\/fi\/wp-json\/wp\/v2\/product\/10344\/revisions\/18332"}],"wp:featuredmedia":[{"embeddable":true,"href":"https:\/\/idakorea.ee\/fi\/wp-json\/wp\/v2\/media\/10347"}],"wp:attachment":[{"href":"https:\/\/idakorea.ee\/fi\/wp-json\/wp\/v2\/media?parent=10344"}],"wp:term":[{"taxonomy":"pwb-brand","embeddable":true,"href":"https:\/\/idakorea.ee\/fi\/wp-json\/wp\/v2\/pwb-brand?post=10344"},{"taxonomy":"product_brand","embeddable":true,"href":"https:\/\/idakorea.ee\/fi\/wp-json\/wp\/v2\/product_brand?post=10344"},{"taxonomy":"product_cat","embeddable":true,"href":"https:\/\/idakorea.ee\/fi\/wp-json\/wp\/v2\/product_cat?post=10344"},{"taxonomy":"product_tag","embeddable":true,"href":"https:\/\/idakorea.ee\/fi\/wp-json\/wp\/v2\/product_tag?post=10344"}],"curies":[{"name":"wp","href":"https:\/\/api.w.org\/{rel}","templated":true}]}}