{"id":10358,"date":"2024-09-03T11:01:53","date_gmt":"2024-09-03T08:01:53","guid":{"rendered":"https:\/\/idakorea.ee\/?post_type=product&#038;p=10358"},"modified":"2026-04-01T14:40:26","modified_gmt":"2026-04-01T12:40:26","slug":"ensuumipulber-anua-rice-enzyme-brightening-cleansing-powder-40g","status":"publish","type":"product","link":"https:\/\/idakorea.ee\/fi\/product\/ensuumipulber-anua-rice-enzyme-brightening-cleansing-powder-40g\/","title":{"rendered":"Entsyymipulveri ANUA Rice Enzyme Brightening Cleansing Powder, 40g"},"content":{"rendered":"<p>Pehment\u00e4v\u00e4 entsyymijauhe riisiuutteella varmistaa syv\u00e4puhdistuksen ja hell\u00e4varaisen kuorinnan ilman \u00e4rsytyst\u00e4.<\/p>\n<p><strong>Edut:<\/strong><\/p>\n<ul>\n<li>Poistaa hell\u00e4varaisesti kuolleita ihosoluja ja edist\u00e4\u00e4 uusiutumisprosesseja.<\/li>\n<li>Sill\u00e4 on pehment\u00e4v\u00e4 vaikutus, se auttaa tasoittamaan ihon rakennetta ja kiillottamaan sit\u00e4 hell\u00e4varaisesti.<\/li>\n<li>Auttaa tasoittamaan ihon s\u00e4vy\u00e4 ja torjumaan hyperpigmentaatiota.<\/li>\n<li>Puhdistaa ihoa ylim\u00e4\u00e4r\u00e4isest\u00e4 talista, auttaa sen imeytymisess\u00e4 ja s\u00e4\u00e4telee liiallista talintuotantoa.<\/li>\n<\/ul>\n<p><strong>Keskeiset osat:<\/strong><\/p>\n<ul>\n<li>Riisikompleksi (proteiini, hydrolaatti ja uutteet) tarjoaa syv\u00e4ravitsevan vaikutuksen, auttaa tasoittamaan ihon s\u00e4vy\u00e4 ja antaa terveen hehkun.<\/li>\n<li>Papaiinientsyymi kuorii kuolleita ihosoluja, tasoittaa ihon rakennetta, puhdistaa ja stimuloi uusiutumista.<\/li>\n<li>Kaoliini auttaa tehokkaasti s\u00e4\u00e4telem\u00e4\u00e4n talin erityst\u00e4, imee ylim\u00e4\u00e4r\u00e4ist\u00e4 talia ja tekee ihosta mattapintaisen.<\/li>\n<li>Keramidit palauttavat ja vahvistavat aktiivisesti ihon suojakerrosta, suojaavat sit\u00e4 ymp\u00e4rist\u00f6n vaikutuksilta ja est\u00e4v\u00e4t ihon l\u00e4pi tapahtuvaa kosteuden haihtumista.<\/li>\n<li>Arbutiinilla on voimakas valkaiseva vaikutus, joka ehk\u00e4isee aktiivisesti pigmenttil\u00e4iski\u00e4 ja ep\u00e4tasaista ihons\u00e4vy\u00e4.<\/li>\n<li>Proteaasi auttaa suojaamaan ihoa kosteuden haihtumiselta ja stimuloimaan uusiutumisprosesseja.<\/li>\n<li>Maitohapolla on hell\u00e4varaisin kuoriva vaikutus, se tasoittaa ihon s\u00e4vy\u00e4 ja poistaa hyperpigmentaation j\u00e4\u00e4mi\u00e4 sek\u00e4 auttaa silottamaan ihon rakennetta.<\/li>\n<\/ul>\n<p>Kaikille ihotyypeille.<\/p>\n<p><strong>K\u00e4ytt\u00f6:<\/strong> V\u00f5tke v\u00e4ike kogus pulbrit pihku ja h\u00f5\u00f5ruge m\u00e4rgade k\u00e4tega kuni vahu tekkimiseni. Kandke vaht \u00f5rnalt n\u00e4ole, masseerige ja loputage sooja veega.<\/p>","protected":false},"excerpt":{"rendered":"<p>Pehment\u00e4v\u00e4 entsyymijauhe riisiuutteella puhdistaa huokoset syv\u00e4lt\u00e4 ja kuorii hell\u00e4varaisesti ilman \u00e4rsytyst\u00e4. Hy\u00f6dyt. Sill\u00e4 on pehment\u00e4v\u00e4 vaikutus, se auttaa tasoittamaan ihon rakennetta ja kiillottaa sit\u00e4 hell\u00e4varaisesti. Auttaa tasoittamaan ihon s\u00e4vy\u00e4 ja auttaa torjumaan hyperpigmentaatiota. Puhdistaa ihon ylim\u00e4\u00e4r\u00e4isest\u00e4 \u00f6ljyst\u00e4, auttaa imeytym\u00e4\u00e4n ja s\u00e4\u00e4telee ylim\u00e4\u00e4r\u00e4ist\u00e4 \u00f6ljyntuotantoa. Keskeiset ainesosat: Hoitava iho, joka sis\u00e4lt\u00e4\u00e4 mm.<\/p>","protected":false},"featured_media":10359,"comment_status":"open","ping_status":"closed","template":"","meta":{"_uf_show_specific_survey":0,"_uf_disable_surveys":false,"_bst_post_transparent":"default","_bst_post_title":"","_bst_post_layout":"default","_bst_post_sidebar_id":"","_bst_post_content_style":"default","_bst_post_vertical_padding":"default","_bst_post_feature":"","_bst_post_feature_position":"","_bst_post_header":false,"_bst_post_footer":false},"pwb-brand":[104],"product_brand":[],"product_cat":[451,452,100],"product_tag":[102,598,599],"class_list":{"0":"post-10358","1":"product","2":"type-product","3":"status-publish","4":"has-post-thumbnail","6":"pwb-brand-anua","7":"product_cat-naokoorijad","8":"product_cat-naopuhastusgeelid","9":"product_cat-puhastusvahendid","10":"product_tag-anua","11":"product_tag-enzyme","12":"product_tag-powder","14":"first","15":"instock","16":"sale","17":"shipping-taxable","18":"purchasable","19":"product-type-simple","20":"entry","21":"content-bg","22":"loop-entry"},"supplier_id":null,"supplier_sku":"","barcode":null,"atum_controlled":true,"out_stock_date":null,"out_stock_threshold":null,"inheritable":false,"inbound_stock":0,"stock_on_hold":0,"sold_today":0,"sales_last_days":0,"out_stock_days":0,"lost_sales":0,"has_location":false,"update_date":"2026-04-14T00:05:09","atum_locations":[],"atum_stock_status":"instock","restock_status":false,"low_stock_amount":"","sales_update_date":"2026-04-14T00:05:09","calc_backorders":null,"yoast_head":"<!-- This site is optimized with the Yoast SEO plugin v27.2 - https:\/\/yoast.com\/product\/yoast-seo-wordpress\/ -->\n<title>Ens\u00fc\u00fcmipulber ANUA Rice Enzyme Brightening Cleansing Powder, 40g - IDA.KOREA<\/title>\n<meta name=\"description\" content=\"Pehmendav ens\u00fc\u00fcmipulber riisiektraktiga tagab pooride s\u00fcgava puhastuse ja \u00f5rna koorimise ilma \u00e4rritusteta.\" \/>\n<meta name=\"robots\" content=\"index, follow, max-snippet:-1, max-image-preview:large, max-video-preview:-1\" \/>\n<link rel=\"canonical\" href=\"https:\/\/idakorea.ee\/fi\/product\/ensuumipulber-anua-rice-enzyme-brightening-cleansing-powder-40g\/\" \/>\n<meta property=\"og:locale\" content=\"fi_FI\" \/>\n<meta property=\"og:type\" content=\"article\" \/>\n<meta property=\"og:title\" content=\"Ens\u00fc\u00fcmipulber ANUA Rice Enzyme Brightening Cleansing Powder, 40g - IDA.KOREA\" \/>\n<meta property=\"og:description\" content=\"Pehmendav ens\u00fc\u00fcmipulber riisiektraktiga tagab pooride s\u00fcgava puhastuse ja \u00f5rna koorimise ilma \u00e4rritusteta.\" \/>\n<meta property=\"og:url\" content=\"https:\/\/idakorea.ee\/fi\/product\/ensuumipulber-anua-rice-enzyme-brightening-cleansing-powder-40g\/\" \/>\n<meta property=\"og:site_name\" content=\"IDA.KOREA\" \/>\n<meta property=\"article:modified_time\" content=\"2026-04-01T12:40:26+00:00\" \/>\n<meta property=\"og:image\" content=\"https:\/\/idakorea.ee\/wp-content\/uploads\/2024\/09\/41l5b44ryyl.jpg\" \/>\n\t<meta property=\"og:image:width\" content=\"1000\" \/>\n\t<meta property=\"og:image:height\" content=\"1000\" \/>\n\t<meta property=\"og:image:type\" content=\"image\/jpeg\" \/>\n<meta name=\"twitter:card\" content=\"summary_large_image\" \/>\n<meta name=\"twitter:label1\" content=\"Arvioitu lukuaika\" \/>\n\t<meta name=\"twitter:data1\" content=\"2 minuuttia\" \/>\n<script type=\"application\/ld+json\" class=\"yoast-schema-graph\">{\"@context\":\"https:\/\/schema.org\",\"@graph\":[{\"@type\":\"WebPage\",\"@id\":\"https:\/\/idakorea.ee\/product\/ensuumipulber-anua-rice-enzyme-brightening-cleansing-powder-40g\/\",\"url\":\"https:\/\/idakorea.ee\/product\/ensuumipulber-anua-rice-enzyme-brightening-cleansing-powder-40g\/\",\"name\":\"Ens\u00fc\u00fcmipulber ANUA Rice Enzyme Brightening Cleansing Powder, 40g - IDA.KOREA\",\"isPartOf\":{\"@id\":\"https:\/\/idakorea.ee\/#website\"},\"primaryImageOfPage\":{\"@id\":\"https:\/\/idakorea.ee\/product\/ensuumipulber-anua-rice-enzyme-brightening-cleansing-powder-40g\/#primaryimage\"},\"image\":{\"@id\":\"https:\/\/idakorea.ee\/product\/ensuumipulber-anua-rice-enzyme-brightening-cleansing-powder-40g\/#primaryimage\"},\"thumbnailUrl\":\"https:\/\/idakorea.ee\/wp-content\/uploads\/2024\/09\/41l5b44ryyl.jpg\",\"datePublished\":\"2024-09-03T08:01:53+00:00\",\"dateModified\":\"2026-04-01T12:40:26+00:00\",\"description\":\"Pehmendav ens\u00fc\u00fcmipulber riisiektraktiga tagab pooride s\u00fcgava puhastuse ja \u00f5rna koorimise ilma \u00e4rritusteta.\",\"breadcrumb\":{\"@id\":\"https:\/\/idakorea.ee\/product\/ensuumipulber-anua-rice-enzyme-brightening-cleansing-powder-40g\/#breadcrumb\"},\"inLanguage\":\"fi\",\"potentialAction\":[{\"@type\":\"ReadAction\",\"target\":[\"https:\/\/idakorea.ee\/product\/ensuumipulber-anua-rice-enzyme-brightening-cleansing-powder-40g\/\"]}]},{\"@type\":\"ImageObject\",\"inLanguage\":\"fi\",\"@id\":\"https:\/\/idakorea.ee\/product\/ensuumipulber-anua-rice-enzyme-brightening-cleansing-powder-40g\/#primaryimage\",\"url\":\"https:\/\/idakorea.ee\/wp-content\/uploads\/2024\/09\/41l5b44ryyl.jpg\",\"contentUrl\":\"https:\/\/idakorea.ee\/wp-content\/uploads\/2024\/09\/41l5b44ryyl.jpg\",\"width\":1000,\"height\":1000,\"caption\":\"anua enzyme rice powder\"},{\"@type\":\"BreadcrumbList\",\"@id\":\"https:\/\/idakorea.ee\/product\/ensuumipulber-anua-rice-enzyme-brightening-cleansing-powder-40g\/#breadcrumb\",\"itemListElement\":[{\"@type\":\"ListItem\",\"position\":1,\"name\":\"\u0413\u043b\u0430\u0432\u043d\u0430\u044f \u0441\u0442\u0440\u0430\u043d\u0438\u0446\u0430\",\"item\":\"https:\/\/idakorea.ee\/\"},{\"@type\":\"ListItem\",\"position\":2,\"name\":\"Shop\",\"item\":\"https:\/\/idakorea.ee\/shop-2\/\"},{\"@type\":\"ListItem\",\"position\":3,\"name\":\"Ens\u00fc\u00fcmipulber ANUA Rice Enzyme Brightening Cleansing Powder, 40g\"}]},{\"@type\":\"WebSite\",\"@id\":\"https:\/\/idakorea.ee\/#website\",\"url\":\"https:\/\/idakorea.ee\/\",\"name\":\"IDA.KOREA\",\"description\":\"Korea kosmeetika e-pood\",\"publisher\":{\"@id\":\"https:\/\/idakorea.ee\/#organization\"},\"alternateName\":\"Beauty Shop\",\"potentialAction\":[{\"@type\":\"SearchAction\",\"target\":{\"@type\":\"EntryPoint\",\"urlTemplate\":\"https:\/\/idakorea.ee\/?s={search_term_string}\"},\"query-input\":{\"@type\":\"PropertyValueSpecification\",\"valueRequired\":true,\"valueName\":\"search_term_string\"}}],\"inLanguage\":\"fi\"},{\"@type\":\"Organization\",\"@id\":\"https:\/\/idakorea.ee\/#organization\",\"name\":\"IDA.KOREA\",\"url\":\"https:\/\/idakorea.ee\/\",\"logo\":{\"@type\":\"ImageObject\",\"inLanguage\":\"fi\",\"@id\":\"https:\/\/idakorea.ee\/#\/schema\/logo\/image\/\",\"url\":\"https:\/\/idakorea.ee\/wp-content\/uploads\/2024\/05\/cropped-korea3.png\",\"contentUrl\":\"https:\/\/idakorea.ee\/wp-content\/uploads\/2024\/05\/cropped-korea3.png\",\"width\":688,\"height\":126,\"caption\":\"IDA.KOREA\"},\"image\":{\"@id\":\"https:\/\/idakorea.ee\/#\/schema\/logo\/image\/\"},\"sameAs\":[\"https:\/\/www.instagram.com\/ida.korea\/\"]}]}<\/script>\n<!-- \/ Yoast SEO plugin. -->","yoast_head_json":{"title":"ANUA Rice Enzyme Brightening Cleansing Powder, 40g - It\u00e4-Korea","description":"Pehment\u00e4v\u00e4 entsyymijauhe riisiuutteella varmistaa syv\u00e4puhdistuksen ja hell\u00e4varaisen kuorinnan ilman \u00e4rsytyst\u00e4.","robots":{"index":"index","follow":"follow","max-snippet":"max-snippet:-1","max-image-preview":"max-image-preview:large","max-video-preview":"max-video-preview:-1"},"canonical":"https:\/\/idakorea.ee\/fi\/product\/ensuumipulber-anua-rice-enzyme-brightening-cleansing-powder-40g\/","og_locale":"fi_FI","og_type":"article","og_title":"Ens\u00fc\u00fcmipulber ANUA Rice Enzyme Brightening Cleansing Powder, 40g - IDA.KOREA","og_description":"Pehmendav ens\u00fc\u00fcmipulber riisiektraktiga tagab pooride s\u00fcgava puhastuse ja \u00f5rna koorimise ilma \u00e4rritusteta.","og_url":"https:\/\/idakorea.ee\/fi\/product\/ensuumipulber-anua-rice-enzyme-brightening-cleansing-powder-40g\/","og_site_name":"IDA.KOREA","article_modified_time":"2026-04-01T12:40:26+00:00","og_image":[{"width":1000,"height":1000,"url":"https:\/\/idakorea.ee\/wp-content\/uploads\/2024\/09\/41l5b44ryyl.jpg","type":"image\/jpeg"}],"twitter_card":"summary_large_image","twitter_misc":{"Arvioitu lukuaika":"2 minuuttia"},"schema":{"@context":"https:\/\/schema.org","@graph":[{"@type":"WebPage","@id":"https:\/\/idakorea.ee\/product\/ensuumipulber-anua-rice-enzyme-brightening-cleansing-powder-40g\/","url":"https:\/\/idakorea.ee\/product\/ensuumipulber-anua-rice-enzyme-brightening-cleansing-powder-40g\/","name":"ANUA Rice Enzyme Brightening Cleansing Powder, 40g - It\u00e4-Korea","isPartOf":{"@id":"https:\/\/idakorea.ee\/#website"},"primaryImageOfPage":{"@id":"https:\/\/idakorea.ee\/product\/ensuumipulber-anua-rice-enzyme-brightening-cleansing-powder-40g\/#primaryimage"},"image":{"@id":"https:\/\/idakorea.ee\/product\/ensuumipulber-anua-rice-enzyme-brightening-cleansing-powder-40g\/#primaryimage"},"thumbnailUrl":"https:\/\/idakorea.ee\/wp-content\/uploads\/2024\/09\/41l5b44ryyl.jpg","datePublished":"2024-09-03T08:01:53+00:00","dateModified":"2026-04-01T12:40:26+00:00","description":"Pehment\u00e4v\u00e4 entsyymijauhe riisiuutteella varmistaa syv\u00e4puhdistuksen ja hell\u00e4varaisen kuorinnan ilman \u00e4rsytyst\u00e4.","breadcrumb":{"@id":"https:\/\/idakorea.ee\/product\/ensuumipulber-anua-rice-enzyme-brightening-cleansing-powder-40g\/#breadcrumb"},"inLanguage":"fi","potentialAction":[{"@type":"ReadAction","target":["https:\/\/idakorea.ee\/product\/ensuumipulber-anua-rice-enzyme-brightening-cleansing-powder-40g\/"]}]},{"@type":"ImageObject","inLanguage":"fi","@id":"https:\/\/idakorea.ee\/product\/ensuumipulber-anua-rice-enzyme-brightening-cleansing-powder-40g\/#primaryimage","url":"https:\/\/idakorea.ee\/wp-content\/uploads\/2024\/09\/41l5b44ryyl.jpg","contentUrl":"https:\/\/idakorea.ee\/wp-content\/uploads\/2024\/09\/41l5b44ryyl.jpg","width":1000,"height":1000,"caption":"anua enzyme rice powder"},{"@type":"BreadcrumbList","@id":"https:\/\/idakorea.ee\/product\/ensuumipulber-anua-rice-enzyme-brightening-cleansing-powder-40g\/#breadcrumb","itemListElement":[{"@type":"ListItem","position":1,"name":"\u0413\u043b\u0430\u0432\u043d\u0430\u044f \u0441\u0442\u0440\u0430\u043d\u0438\u0446\u0430","item":"https:\/\/idakorea.ee\/"},{"@type":"ListItem","position":2,"name":"Shop","item":"https:\/\/idakorea.ee\/shop-2\/"},{"@type":"ListItem","position":3,"name":"Ens\u00fc\u00fcmipulber ANUA Rice Enzyme Brightening Cleansing Powder, 40g"}]},{"@type":"WebSite","@id":"https:\/\/idakorea.ee\/#website","url":"https:\/\/idakorea.ee\/","name":"IDA.KOREA","description":"Korean kosmetiikan verkkokauppa","publisher":{"@id":"https:\/\/idakorea.ee\/#organization"},"alternateName":"Beauty Shop","potentialAction":[{"@type":"SearchAction","target":{"@type":"EntryPoint","urlTemplate":"https:\/\/idakorea.ee\/?s={search_term_string}"},"query-input":{"@type":"PropertyValueSpecification","valueRequired":true,"valueName":"search_term_string"}}],"inLanguage":"fi"},{"@type":"Organization","@id":"https:\/\/idakorea.ee\/#organization","name":"IDA.KOREA","url":"https:\/\/idakorea.ee\/","logo":{"@type":"ImageObject","inLanguage":"fi","@id":"https:\/\/idakorea.ee\/#\/schema\/logo\/image\/","url":"https:\/\/idakorea.ee\/wp-content\/uploads\/2024\/05\/cropped-korea3.png","contentUrl":"https:\/\/idakorea.ee\/wp-content\/uploads\/2024\/05\/cropped-korea3.png","width":688,"height":126,"caption":"IDA.KOREA"},"image":{"@id":"https:\/\/idakorea.ee\/#\/schema\/logo\/image\/"},"sameAs":["https:\/\/www.instagram.com\/ida.korea\/"]}]}},"jetpack_sharing_enabled":true,"brands":[{"id":104,"name":"ANUA","slug":"anua"}],"_links":{"self":[{"href":"https:\/\/idakorea.ee\/fi\/wp-json\/wp\/v2\/product\/10358","targetHints":{"allow":["GET"]}}],"collection":[{"href":"https:\/\/idakorea.ee\/fi\/wp-json\/wp\/v2\/product"}],"about":[{"href":"https:\/\/idakorea.ee\/fi\/wp-json\/wp\/v2\/types\/product"}],"replies":[{"embeddable":true,"href":"https:\/\/idakorea.ee\/fi\/wp-json\/wp\/v2\/comments?post=10358"}],"version-history":[{"count":2,"href":"https:\/\/idakorea.ee\/fi\/wp-json\/wp\/v2\/product\/10358\/revisions"}],"predecessor-version":[{"id":18334,"href":"https:\/\/idakorea.ee\/fi\/wp-json\/wp\/v2\/product\/10358\/revisions\/18334"}],"wp:featuredmedia":[{"embeddable":true,"href":"https:\/\/idakorea.ee\/fi\/wp-json\/wp\/v2\/media\/10359"}],"wp:attachment":[{"href":"https:\/\/idakorea.ee\/fi\/wp-json\/wp\/v2\/media?parent=10358"}],"wp:term":[{"taxonomy":"pwb-brand","embeddable":true,"href":"https:\/\/idakorea.ee\/fi\/wp-json\/wp\/v2\/pwb-brand?post=10358"},{"taxonomy":"product_brand","embeddable":true,"href":"https:\/\/idakorea.ee\/fi\/wp-json\/wp\/v2\/product_brand?post=10358"},{"taxonomy":"product_cat","embeddable":true,"href":"https:\/\/idakorea.ee\/fi\/wp-json\/wp\/v2\/product_cat?post=10358"},{"taxonomy":"product_tag","embeddable":true,"href":"https:\/\/idakorea.ee\/fi\/wp-json\/wp\/v2\/product_tag?post=10358"}],"curies":[{"name":"wp","href":"https:\/\/api.w.org\/{rel}","templated":true}]}}