{"id":10520,"date":"2024-09-09T09:56:53","date_gmt":"2024-09-09T07:56:53","guid":{"rendered":"https:\/\/idakorea.ee\/?post_type=product&#038;p=10520"},"modified":"2026-04-01T14:24:35","modified_gmt":"2026-04-01T12:24:35","slug":"kooriv-geel-medi-peel-phyto-cica-nol-b5-aha-bha-vitamin-calming-peeling-gel-120ml","status":"publish","type":"product","link":"https:\/\/idakorea.ee\/fi\/product\/kooriv-geel-medi-peel-phyto-cica-nol-b5-aha-bha-vitamin-calming-peeling-gel-120ml\/","title":{"rendered":"Medi-Peel Phyto Cica-Nol B5 AHA BHA -vitamiini rauhoittava kuorintageeli, 120ml. Parasta ennen 24.04.2026."},"content":{"rendered":"<p><strong>Medi-Peel Phyto Cica-Nol B5 AHA BHA -vitamiinia rauhoittava kuorintageeli<\/strong> Happoja sis\u00e4lt\u00e4v\u00e4 kuorintageeli kuorii hell\u00e4varaisesti ihon sarveiskerrosta, poistaa ylim\u00e4\u00e4r\u00e4ist\u00e4 talirauhasta ja muita likahiukkasia. Se kiillottaa ihon pintaa hell\u00e4varaisesti, pehment\u00e4\u00e4 sit\u00e4, nopeuttaa uudistumisprosesseja ja parantaa hoitotuotteiden aktiiviaineiden imeytymist\u00e4.<\/p>\n<p>Tuotteen p\u00e4\u00e4komponentti on 5% \u201dCica-Nol\u201d -kompleksi, joka sis\u00e4lt\u00e4\u00e4 viitt\u00e4 erityyppist\u00e4 centella-uutetta (Centella asiatica -uute, madecassoside, asiaticoside, aasiahappo ja madecassic-happo) ja D-pantenolia. T\u00e4m\u00e4 kompleksi kuorii ihoa hell\u00e4varaisesti, nopeuttaa ihon uudistumis- ja paranemisprosesseja, kosteuttaa tehokkaasti ja auttaa yll\u00e4pit\u00e4m\u00e4\u00e4n tarvittavaa kosteustasoa epidermiksen soluissa. Se my\u00f6s rauhoittaa \u00e4rtynytt\u00e4 ihoa ja torjuu tulehdusta.<\/p>\n<p>AHA- ja BHA-hapot aktivoivat uusiutumisprosesseja ja poistavat kuolleita ihosoluja. T\u00e4m\u00e4 hell\u00e4varainen kuorinta palauttaa ihon optimaalisen pH-tasapainon, parantaa ihonv\u00e4ri\u00e4, v\u00e4hent\u00e4\u00e4 punoitusta ja sameutta, liuottaa komedoneja ja supistaa ihohuokosia.<\/p>\n<p>Kuorivien ja rauhoittavien aktiiviaineiden yhdistelm\u00e4 ei aiheuta tulehdusta, kutinaa tai kuivumista k\u00e4yt\u00f6n aikana. Tuote lievitt\u00e4\u00e4 \u00e4rsytyst\u00e4 ja stimuloi paranemisprosesseja.<\/p>\n<p>Tuotteella on V-Label-sertifikaatti, joka vahvistaa, ett\u00e4 tuotteen koostumus on 100% vegaaninen, ei aiheuta \u00e4rsytyst\u00e4 ja sopii herk\u00e4lle iholle.<\/p>\n<p>&nbsp;<\/p>\n<p>Sopii normaalille, sekaiholle ja herk\u00e4lle iholle.<\/p>\n<p>&nbsp;<\/p>\n<p><strong>K\u00e4ytt\u00f6:<\/strong> Levit\u00e4 tarvittava m\u00e4\u00e4r\u00e4 tuotetta puhtaalle ja kuivalle iholle, hiero kevyesti, kunnes kuorinta alkaa irrota, ja huuhtele sitten j\u00e4\u00e4m\u00e4t pois vedell\u00e4. Suositellaan k\u00e4ytett\u00e4v\u00e4ksi 1-2 kertaa viikossa.<\/p>","protected":false},"excerpt":{"rendered":"<p>Medi-Peel Phyto Cica-Nol B5 AHA BHA Vitamin Calming Exfoliating Peeling Gel -kuorintageeli kuorii happoja sis\u00e4lt\u00e4v\u00e4 kuorintageeli kuorii hell\u00e4varaisesti ihon sarveiskerrosta, poistaen ylim\u00e4\u00e4r\u00e4isen \u00f6ljyn ja muut ep\u00e4puhtaudet. Se kiillottaa hell\u00e4varaisesti ihon pintaa, pehment\u00e4\u00e4, nopeuttaa ihon uudistumisprosessia ja parantaa hoitotuotteiden aktiivisten ainesosien imeytymist\u00e4. Tuotteen t\u00e4rkein ainesosa on 5% \"Cica-Nol\" -kompleksi, joka sis\u00e4lt\u00e4\u00e4 5 erilaista sentellauutetta (Centella asiatica -uute, madecassoside, asiaticoside, asiatic acid...<\/p>","protected":false},"featured_media":10521,"comment_status":"open","ping_status":"closed","template":"","meta":{"_uf_show_specific_survey":0,"_uf_disable_surveys":false,"_bst_post_transparent":"default","_bst_post_title":"","_bst_post_layout":"default","_bst_post_sidebar_id":"","_bst_post_content_style":"default","_bst_post_vertical_padding":"default","_bst_post_feature":"","_bst_post_feature_position":"","_bst_post_header":false,"_bst_post_footer":false},"pwb-brand":[107],"product_brand":[],"product_cat":[92,451,100],"product_tag":[608],"class_list":{"0":"post-10520","1":"product","2":"type-product","3":"status-publish","4":"has-post-thumbnail","6":"pwb-brand-medipeel","7":"product_cat-nagu","8":"product_cat-naokoorijad","9":"product_cat-puhastusvahendid","10":"product_tag-medi-peel-phyto-cica-nol-b5-aha-bha-vitamin-calming-peeling-gel","12":"first","13":"instock","14":"sale","15":"shipping-taxable","16":"purchasable","17":"product-type-simple","18":"entry","19":"content-bg","20":"loop-entry"},"supplier_id":null,"supplier_sku":"","barcode":null,"atum_controlled":true,"out_stock_date":null,"out_stock_threshold":null,"inheritable":false,"inbound_stock":0,"stock_on_hold":0,"sold_today":0,"sales_last_days":1,"out_stock_days":0,"lost_sales":0,"has_location":false,"update_date":"2026-04-14T00:05:12","atum_locations":[],"atum_stock_status":"instock","restock_status":false,"low_stock_amount":"","sales_update_date":"2026-04-14T00:05:12","calc_backorders":null,"yoast_head":"<!-- This site is optimized with the Yoast SEO plugin v27.2 - https:\/\/yoast.com\/product\/yoast-seo-wordpress\/ -->\n<title>Kooriv geel Medi-Peel Phyto Cica-Nol B5 AHA BHA Vitamin Calming Peeling Gel, 120ml EXP 24.04.2026 - IDA.KOREA<\/title>\n<meta name=\"description\" content=\"Medi-Peel Phyto Cica-Nol B5 AHA BHA Vitamin Calming Peeling Gel kooriv geel hapetega koorib \u00f5rnalt epidermise sarvkihi, eemaldab liigse rasu ja muud mustuseosakesed. See \u00f5rnalt poleerib naha pinda, pehmendab, kiirendab taastumisprotsesse ja parandab hooldustoodete toimeainete imendumist.\" \/>\n<meta name=\"robots\" content=\"index, follow, max-snippet:-1, max-image-preview:large, max-video-preview:-1\" \/>\n<link rel=\"canonical\" href=\"https:\/\/idakorea.ee\/fi\/product\/kooriv-geel-medi-peel-phyto-cica-nol-b5-aha-bha-vitamin-calming-peeling-gel-120ml\/\" \/>\n<meta property=\"og:locale\" content=\"fi_FI\" \/>\n<meta property=\"og:type\" content=\"article\" \/>\n<meta property=\"og:title\" content=\"Kooriv geel Medi-Peel Phyto Cica-Nol B5 AHA BHA Vitamin Calming Peeling Gel, 120ml EXP 24.04.2026 - IDA.KOREA\" \/>\n<meta property=\"og:description\" content=\"Medi-Peel Phyto Cica-Nol B5 AHA BHA Vitamin Calming Peeling Gel kooriv geel hapetega koorib \u00f5rnalt epidermise sarvkihi, eemaldab liigse rasu ja muud mustuseosakesed. See \u00f5rnalt poleerib naha pinda, pehmendab, kiirendab taastumisprotsesse ja parandab hooldustoodete toimeainete imendumist.\" \/>\n<meta property=\"og:url\" content=\"https:\/\/idakorea.ee\/fi\/product\/kooriv-geel-medi-peel-phyto-cica-nol-b5-aha-bha-vitamin-calming-peeling-gel-120ml\/\" \/>\n<meta property=\"og:site_name\" content=\"IDA.KOREA\" \/>\n<meta property=\"article:modified_time\" content=\"2026-04-01T12:24:35+00:00\" \/>\n<meta property=\"og:image\" content=\"https:\/\/idakorea.ee\/wp-content\/uploads\/2024\/09\/medi_peel-phyto-cica_nol-b5-aha-bha-vitamin-calming-peeling-gel.jpg\" \/>\n\t<meta property=\"og:image:width\" content=\"1000\" \/>\n\t<meta property=\"og:image:height\" content=\"1000\" \/>\n\t<meta property=\"og:image:type\" content=\"image\/jpeg\" \/>\n<meta name=\"twitter:card\" content=\"summary_large_image\" \/>\n<meta name=\"twitter:label1\" content=\"Arvioitu lukuaika\" \/>\n\t<meta name=\"twitter:data1\" content=\"2 minuuttia\" \/>\n<script type=\"application\/ld+json\" class=\"yoast-schema-graph\">{\"@context\":\"https:\/\/schema.org\",\"@graph\":[{\"@type\":\"WebPage\",\"@id\":\"https:\/\/idakorea.ee\/product\/kooriv-geel-medi-peel-phyto-cica-nol-b5-aha-bha-vitamin-calming-peeling-gel-120ml\/\",\"url\":\"https:\/\/idakorea.ee\/product\/kooriv-geel-medi-peel-phyto-cica-nol-b5-aha-bha-vitamin-calming-peeling-gel-120ml\/\",\"name\":\"Kooriv geel Medi-Peel Phyto Cica-Nol B5 AHA BHA Vitamin Calming Peeling Gel, 120ml EXP 24.04.2026 - IDA.KOREA\",\"isPartOf\":{\"@id\":\"https:\/\/idakorea.ee\/#website\"},\"primaryImageOfPage\":{\"@id\":\"https:\/\/idakorea.ee\/product\/kooriv-geel-medi-peel-phyto-cica-nol-b5-aha-bha-vitamin-calming-peeling-gel-120ml\/#primaryimage\"},\"image\":{\"@id\":\"https:\/\/idakorea.ee\/product\/kooriv-geel-medi-peel-phyto-cica-nol-b5-aha-bha-vitamin-calming-peeling-gel-120ml\/#primaryimage\"},\"thumbnailUrl\":\"https:\/\/idakorea.ee\/wp-content\/uploads\/2024\/09\/medi_peel-phyto-cica_nol-b5-aha-bha-vitamin-calming-peeling-gel.jpg\",\"datePublished\":\"2024-09-09T07:56:53+00:00\",\"dateModified\":\"2026-04-01T12:24:35+00:00\",\"description\":\"Medi-Peel Phyto Cica-Nol B5 AHA BHA Vitamin Calming Peeling Gel kooriv geel hapetega koorib \u00f5rnalt epidermise sarvkihi, eemaldab liigse rasu ja muud mustuseosakesed. See \u00f5rnalt poleerib naha pinda, pehmendab, kiirendab taastumisprotsesse ja parandab hooldustoodete toimeainete imendumist.\",\"breadcrumb\":{\"@id\":\"https:\/\/idakorea.ee\/product\/kooriv-geel-medi-peel-phyto-cica-nol-b5-aha-bha-vitamin-calming-peeling-gel-120ml\/#breadcrumb\"},\"inLanguage\":\"fi\",\"potentialAction\":[{\"@type\":\"ReadAction\",\"target\":[\"https:\/\/idakorea.ee\/product\/kooriv-geel-medi-peel-phyto-cica-nol-b5-aha-bha-vitamin-calming-peeling-gel-120ml\/\"]}]},{\"@type\":\"ImageObject\",\"inLanguage\":\"fi\",\"@id\":\"https:\/\/idakorea.ee\/product\/kooriv-geel-medi-peel-phyto-cica-nol-b5-aha-bha-vitamin-calming-peeling-gel-120ml\/#primaryimage\",\"url\":\"https:\/\/idakorea.ee\/wp-content\/uploads\/2024\/09\/medi_peel-phyto-cica_nol-b5-aha-bha-vitamin-calming-peeling-gel.jpg\",\"contentUrl\":\"https:\/\/idakorea.ee\/wp-content\/uploads\/2024\/09\/medi_peel-phyto-cica_nol-b5-aha-bha-vitamin-calming-peeling-gel.jpg\",\"width\":1000,\"height\":1000,\"caption\":\"Medi_Peel-Phyto-Cica_Nol-B5-AHA-BHA-Vitamin-Calming-Peeling-Gel\"},{\"@type\":\"BreadcrumbList\",\"@id\":\"https:\/\/idakorea.ee\/product\/kooriv-geel-medi-peel-phyto-cica-nol-b5-aha-bha-vitamin-calming-peeling-gel-120ml\/#breadcrumb\",\"itemListElement\":[{\"@type\":\"ListItem\",\"position\":1,\"name\":\"\u0413\u043b\u0430\u0432\u043d\u0430\u044f \u0441\u0442\u0440\u0430\u043d\u0438\u0446\u0430\",\"item\":\"https:\/\/idakorea.ee\/\"},{\"@type\":\"ListItem\",\"position\":2,\"name\":\"Shop\",\"item\":\"https:\/\/idakorea.ee\/shop-2\/\"},{\"@type\":\"ListItem\",\"position\":3,\"name\":\"Kooriv geel Medi-Peel Phyto Cica-Nol B5 AHA BHA Vitamin Calming Peeling Gel, 120ml EXP 24.04.2026\"}]},{\"@type\":\"WebSite\",\"@id\":\"https:\/\/idakorea.ee\/#website\",\"url\":\"https:\/\/idakorea.ee\/\",\"name\":\"IDA.KOREA\",\"description\":\"Korea kosmeetika e-pood\",\"publisher\":{\"@id\":\"https:\/\/idakorea.ee\/#organization\"},\"alternateName\":\"Beauty Shop\",\"potentialAction\":[{\"@type\":\"SearchAction\",\"target\":{\"@type\":\"EntryPoint\",\"urlTemplate\":\"https:\/\/idakorea.ee\/?s={search_term_string}\"},\"query-input\":{\"@type\":\"PropertyValueSpecification\",\"valueRequired\":true,\"valueName\":\"search_term_string\"}}],\"inLanguage\":\"fi\"},{\"@type\":\"Organization\",\"@id\":\"https:\/\/idakorea.ee\/#organization\",\"name\":\"IDA.KOREA\",\"url\":\"https:\/\/idakorea.ee\/\",\"logo\":{\"@type\":\"ImageObject\",\"inLanguage\":\"fi\",\"@id\":\"https:\/\/idakorea.ee\/#\/schema\/logo\/image\/\",\"url\":\"https:\/\/idakorea.ee\/wp-content\/uploads\/2024\/05\/cropped-korea3.png\",\"contentUrl\":\"https:\/\/idakorea.ee\/wp-content\/uploads\/2024\/05\/cropped-korea3.png\",\"width\":688,\"height\":126,\"caption\":\"IDA.KOREA\"},\"image\":{\"@id\":\"https:\/\/idakorea.ee\/#\/schema\/logo\/image\/\"},\"sameAs\":[\"https:\/\/www.instagram.com\/ida.korea\/\"]}]}<\/script>\n<!-- \/ Yoast SEO plugin. -->","yoast_head_json":{"title":"Medi-Peel Phyto Cica-Nol B5 AHA BHA -vitamiini rauhoittava kuorintageeli, 120 ml Parasta ennen 24.04.2026 - It\u00e4-Korea","description":"Medi-Peel Phyto Cica-Nol B5 AHA BHA -vitamiini rauhoittava kuorintageeli kuorii hell\u00e4varaisesti ihon sarveiskerrosta, poistaa ylim\u00e4\u00e4r\u00e4ist\u00e4 talirauhasta ja muita likahiukkasia. Se kiillottaa ihon pintaa hell\u00e4varaisesti, pehment\u00e4\u00e4 sit\u00e4, nopeuttaa uudistumisprosesseja ja parantaa hoitotuotteiden aktiiviaineiden imeytymist\u00e4.","robots":{"index":"index","follow":"follow","max-snippet":"max-snippet:-1","max-image-preview":"max-image-preview:large","max-video-preview":"max-video-preview:-1"},"canonical":"https:\/\/idakorea.ee\/fi\/product\/kooriv-geel-medi-peel-phyto-cica-nol-b5-aha-bha-vitamin-calming-peeling-gel-120ml\/","og_locale":"fi_FI","og_type":"article","og_title":"Kooriv geel Medi-Peel Phyto Cica-Nol B5 AHA BHA Vitamin Calming Peeling Gel, 120ml EXP 24.04.2026 - IDA.KOREA","og_description":"Medi-Peel Phyto Cica-Nol B5 AHA BHA Vitamin Calming Peeling Gel kooriv geel hapetega koorib \u00f5rnalt epidermise sarvkihi, eemaldab liigse rasu ja muud mustuseosakesed. See \u00f5rnalt poleerib naha pinda, pehmendab, kiirendab taastumisprotsesse ja parandab hooldustoodete toimeainete imendumist.","og_url":"https:\/\/idakorea.ee\/fi\/product\/kooriv-geel-medi-peel-phyto-cica-nol-b5-aha-bha-vitamin-calming-peeling-gel-120ml\/","og_site_name":"IDA.KOREA","article_modified_time":"2026-04-01T12:24:35+00:00","og_image":[{"width":1000,"height":1000,"url":"https:\/\/idakorea.ee\/wp-content\/uploads\/2024\/09\/medi_peel-phyto-cica_nol-b5-aha-bha-vitamin-calming-peeling-gel.jpg","type":"image\/jpeg"}],"twitter_card":"summary_large_image","twitter_misc":{"Arvioitu lukuaika":"2 minuuttia"},"schema":{"@context":"https:\/\/schema.org","@graph":[{"@type":"WebPage","@id":"https:\/\/idakorea.ee\/product\/kooriv-geel-medi-peel-phyto-cica-nol-b5-aha-bha-vitamin-calming-peeling-gel-120ml\/","url":"https:\/\/idakorea.ee\/product\/kooriv-geel-medi-peel-phyto-cica-nol-b5-aha-bha-vitamin-calming-peeling-gel-120ml\/","name":"Medi-Peel Phyto Cica-Nol B5 AHA BHA -vitamiini rauhoittava kuorintageeli, 120 ml Parasta ennen 24.04.2026 - It\u00e4-Korea","isPartOf":{"@id":"https:\/\/idakorea.ee\/#website"},"primaryImageOfPage":{"@id":"https:\/\/idakorea.ee\/product\/kooriv-geel-medi-peel-phyto-cica-nol-b5-aha-bha-vitamin-calming-peeling-gel-120ml\/#primaryimage"},"image":{"@id":"https:\/\/idakorea.ee\/product\/kooriv-geel-medi-peel-phyto-cica-nol-b5-aha-bha-vitamin-calming-peeling-gel-120ml\/#primaryimage"},"thumbnailUrl":"https:\/\/idakorea.ee\/wp-content\/uploads\/2024\/09\/medi_peel-phyto-cica_nol-b5-aha-bha-vitamin-calming-peeling-gel.jpg","datePublished":"2024-09-09T07:56:53+00:00","dateModified":"2026-04-01T12:24:35+00:00","description":"Medi-Peel Phyto Cica-Nol B5 AHA BHA -vitamiini rauhoittava kuorintageeli kuorii hell\u00e4varaisesti ihon sarveiskerrosta, poistaa ylim\u00e4\u00e4r\u00e4ist\u00e4 talirauhasta ja muita likahiukkasia. Se kiillottaa ihon pintaa hell\u00e4varaisesti, pehment\u00e4\u00e4 sit\u00e4, nopeuttaa uudistumisprosesseja ja parantaa hoitotuotteiden aktiiviaineiden imeytymist\u00e4.","breadcrumb":{"@id":"https:\/\/idakorea.ee\/product\/kooriv-geel-medi-peel-phyto-cica-nol-b5-aha-bha-vitamin-calming-peeling-gel-120ml\/#breadcrumb"},"inLanguage":"fi","potentialAction":[{"@type":"ReadAction","target":["https:\/\/idakorea.ee\/product\/kooriv-geel-medi-peel-phyto-cica-nol-b5-aha-bha-vitamin-calming-peeling-gel-120ml\/"]}]},{"@type":"ImageObject","inLanguage":"fi","@id":"https:\/\/idakorea.ee\/product\/kooriv-geel-medi-peel-phyto-cica-nol-b5-aha-bha-vitamin-calming-peeling-gel-120ml\/#primaryimage","url":"https:\/\/idakorea.ee\/wp-content\/uploads\/2024\/09\/medi_peel-phyto-cica_nol-b5-aha-bha-vitamin-calming-peeling-gel.jpg","contentUrl":"https:\/\/idakorea.ee\/wp-content\/uploads\/2024\/09\/medi_peel-phyto-cica_nol-b5-aha-bha-vitamin-calming-peeling-gel.jpg","width":1000,"height":1000,"caption":"Medi_Peel-Phyto-Cica_Nol-B5-AHA-BHA-Vitamin-Calming-Peeling-Gel"},{"@type":"BreadcrumbList","@id":"https:\/\/idakorea.ee\/product\/kooriv-geel-medi-peel-phyto-cica-nol-b5-aha-bha-vitamin-calming-peeling-gel-120ml\/#breadcrumb","itemListElement":[{"@type":"ListItem","position":1,"name":"\u0413\u043b\u0430\u0432\u043d\u0430\u044f \u0441\u0442\u0440\u0430\u043d\u0438\u0446\u0430","item":"https:\/\/idakorea.ee\/"},{"@type":"ListItem","position":2,"name":"Shop","item":"https:\/\/idakorea.ee\/shop-2\/"},{"@type":"ListItem","position":3,"name":"Kooriv geel Medi-Peel Phyto Cica-Nol B5 AHA BHA Vitamin Calming Peeling Gel, 120ml EXP 24.04.2026"}]},{"@type":"WebSite","@id":"https:\/\/idakorea.ee\/#website","url":"https:\/\/idakorea.ee\/","name":"IDA.KOREA","description":"Korean kosmetiikan verkkokauppa","publisher":{"@id":"https:\/\/idakorea.ee\/#organization"},"alternateName":"Beauty Shop","potentialAction":[{"@type":"SearchAction","target":{"@type":"EntryPoint","urlTemplate":"https:\/\/idakorea.ee\/?s={search_term_string}"},"query-input":{"@type":"PropertyValueSpecification","valueRequired":true,"valueName":"search_term_string"}}],"inLanguage":"fi"},{"@type":"Organization","@id":"https:\/\/idakorea.ee\/#organization","name":"IDA.KOREA","url":"https:\/\/idakorea.ee\/","logo":{"@type":"ImageObject","inLanguage":"fi","@id":"https:\/\/idakorea.ee\/#\/schema\/logo\/image\/","url":"https:\/\/idakorea.ee\/wp-content\/uploads\/2024\/05\/cropped-korea3.png","contentUrl":"https:\/\/idakorea.ee\/wp-content\/uploads\/2024\/05\/cropped-korea3.png","width":688,"height":126,"caption":"IDA.KOREA"},"image":{"@id":"https:\/\/idakorea.ee\/#\/schema\/logo\/image\/"},"sameAs":["https:\/\/www.instagram.com\/ida.korea\/"]}]}},"jetpack_sharing_enabled":true,"brands":[{"id":107,"name":"MEDIPEEL+","slug":"medipeel"}],"_links":{"self":[{"href":"https:\/\/idakorea.ee\/fi\/wp-json\/wp\/v2\/product\/10520","targetHints":{"allow":["GET"]}}],"collection":[{"href":"https:\/\/idakorea.ee\/fi\/wp-json\/wp\/v2\/product"}],"about":[{"href":"https:\/\/idakorea.ee\/fi\/wp-json\/wp\/v2\/types\/product"}],"replies":[{"embeddable":true,"href":"https:\/\/idakorea.ee\/fi\/wp-json\/wp\/v2\/comments?post=10520"}],"version-history":[{"count":3,"href":"https:\/\/idakorea.ee\/fi\/wp-json\/wp\/v2\/product\/10520\/revisions"}],"predecessor-version":[{"id":16888,"href":"https:\/\/idakorea.ee\/fi\/wp-json\/wp\/v2\/product\/10520\/revisions\/16888"}],"wp:featuredmedia":[{"embeddable":true,"href":"https:\/\/idakorea.ee\/fi\/wp-json\/wp\/v2\/media\/10521"}],"wp:attachment":[{"href":"https:\/\/idakorea.ee\/fi\/wp-json\/wp\/v2\/media?parent=10520"}],"wp:term":[{"taxonomy":"pwb-brand","embeddable":true,"href":"https:\/\/idakorea.ee\/fi\/wp-json\/wp\/v2\/pwb-brand?post=10520"},{"taxonomy":"product_brand","embeddable":true,"href":"https:\/\/idakorea.ee\/fi\/wp-json\/wp\/v2\/product_brand?post=10520"},{"taxonomy":"product_cat","embeddable":true,"href":"https:\/\/idakorea.ee\/fi\/wp-json\/wp\/v2\/product_cat?post=10520"},{"taxonomy":"product_tag","embeddable":true,"href":"https:\/\/idakorea.ee\/fi\/wp-json\/wp\/v2\/product_tag?post=10520"}],"curies":[{"name":"wp","href":"https:\/\/api.w.org\/{rel}","templated":true}]}}