{"id":10535,"date":"2024-09-10T11:18:28","date_gmt":"2024-09-10T08:18:28","guid":{"rendered":"https:\/\/idakorea.ee\/?post_type=product&#038;p=10535"},"modified":"2026-03-15T03:03:49","modified_gmt":"2026-03-15T01:03:49","slug":"ooine-naomask-dalba-white-truffle-waterfull-sleeping-pack","status":"publish","type":"product","link":"https:\/\/idakorea.ee\/fi\/product\/ooine-naomask-dalba-white-truffle-waterfull-sleeping-pack\/","title":{"rendered":"d\u2019Alba White Truffle Waterfull Sleeping Pack, 4ml"},"content":{"rendered":"<p><strong>D&#039;ALBA Waterfull -makuupussi<\/strong> on k\u00e4tev\u00e4 kertak\u00e4ytt\u00f6inen y\u00f6naamio, joka on suunniteltu kosteuttamaan ja palauttamaan ihoa tehokkaasti nukkuessasi. Naamion kevyt geelim\u00e4inen koostumus imeytyy nopeasti, eik\u00e4 iho j\u00e4\u00e4 tahmeaksi eik\u00e4 rasvaiseksi. Sen aktiiviset ainesosat vaikuttavat koko y\u00f6n antaen iholle kimmoisuutta, tervett\u00e4 hehkua ja sileytt\u00e4.<\/p>\n<p>Jo yhden k\u00e4ytt\u00f6kerran j\u00e4lkeen iho on kosteutettu ja uudistunut, ihon kosteustasapaino palautuu, mik\u00e4 tekee ihosta aamulla sile\u00e4n ja joustavan. Naamion luonnolliset ainesosat edist\u00e4v\u00e4t solujen uusiutumista ja parantavat ihon yleiskuntoa.<\/p>\n<p><strong>Aktiiviset ainesosat:<\/strong><\/p>\n<ul>\n<li><strong>Italialainen valkoinen tryffeliuute<\/strong>: runsas vitamiinien, kivenn\u00e4isaineiden ja aminohappojen l\u00e4hde, joka silottaa ryppyj\u00e4, kiinteytt\u00e4\u00e4 ihoa, parantaa sen s\u00e4vy\u00e4 ja suojaa ulkoisilta tekij\u00f6ilt\u00e4.<\/li>\n<li><strong>Hyaluronihappo<\/strong>Kosteuttaa tehokkaasti, ehk\u00e4isee ihon kuivumista ja hilseily\u00e4, tekee ihosta pehme\u00e4n ja joustavan.<\/li>\n<li><strong>Adenos<\/strong>Stimuloi kollageenin tuotantoa, silottaa ryppyj\u00e4, parantaa ihon rakennetta ja sill\u00e4 on antioksidanttisia ja tulehdusta ehk\u00e4isevi\u00e4 ominaisuuksia.<\/li>\n<li><strong>Piparminttu-uute<\/strong>: raikastaa ihoa, auttaa torjumaan tulehdusta, parantaa ihonv\u00e4ri\u00e4 ja tasoittaa ep\u00e4tasaisuuksia.<\/li>\n<li><strong>Tyrniuute<\/strong>Ravitsee ihoa runsaalla C- ja E-vitamiinipitoisuudella, palauttaa ihon kimmoisuuden ja s\u00e4vyn.<\/li>\n<li><strong>Baobab-uute<\/strong>Runsaasti rasvahappoja ja vitamiineja sis\u00e4lt\u00e4v\u00e4, ravitsee ongelmaihoa, kirkastaa ja silottaa, v\u00e4hent\u00e4\u00e4 tulehdusta.<\/li>\n<li><strong>Sitruunauute<\/strong>vahva antioksidantti, stimuloi solujen aineenvaihduntaa, parantaa ihon kimmoisuutta ja raikkautta.<\/li>\n<li><strong>Propolis-uute<\/strong>: on tulehdusta est\u00e4vi\u00e4, antibakteerisia ja antioksidanttisia vaikutuksia, vahvistaa ihon vastustuskyky\u00e4.<\/li>\n<li><strong>Melissa-uute<\/strong>Ravitsee ihoa arvokkailla hapoilla ja flavonoideilla, rauhoittaa herkki\u00e4 alueita ja kiinteytt\u00e4\u00e4 v\u00e4synytt\u00e4 ihoa.<\/li>\n<li><strong>Vuohenmaitouute<\/strong>: toimittaa iholle laktobakteereja ja vitamiineja, palauttaa kimmoisuuden, parantaa solujen aineenvaihduntaa ja vaalentaa pigmenttil\u00e4iski\u00e4.<\/li>\n<\/ul>\n<p>&nbsp;<\/p>\n<p><strong>K\u00e4ytt\u00f6:<\/strong><\/p>\n<ol>\n<li>Avaa sis\u00e4lt\u00f6 ja levit\u00e4 naamio tasaisesti puhdistetulle kasvojen iholle illalla.<\/li>\n<li>Aamulla huuhtele naamio pois l\u00e4mpim\u00e4ll\u00e4 vedell\u00e4.<\/li>\n<\/ol>\n<p>T\u00e4m\u00e4 naamio sopii erinomaisesti tehohoitoon y\u00f6ll\u00e4, sill\u00e4 se antaa raikkauden ja pehmeyden aamulla.<\/p>","protected":false},"excerpt":{"rendered":"<p>D'ALBA Waterfull Sleeping Pack on k\u00e4tev\u00e4, yksitt\u00e4ispakattu y\u00f6naamio, joka on suunniteltu kosteuttamaan ja uudistamaan ihoa intensiivisesti unen aikana. Naamio on koostumukseltaan kevyt, geelim\u00e4inen, joka imeytyy nopeasti ja j\u00e4tt\u00e4\u00e4 ihon tahmeaksi ja rasvattomaksi. Sen aktiiviset ainesosat vaikuttavat koko y\u00f6n ajan antaen iholle kimmoisuutta, tervett\u00e4 hehkua ja sileytt\u00e4. Jo yhden k\u00e4ytt\u00f6kerran j\u00e4lkeen iho on kosteutettu ja uudistunut,...<\/p>","protected":false},"featured_media":10536,"comment_status":"open","ping_status":"closed","template":"","meta":{"_uf_show_specific_survey":0,"_uf_disable_surveys":false,"_bst_post_transparent":"default","_bst_post_title":"","_bst_post_layout":"default","_bst_post_sidebar_id":"","_bst_post_content_style":"default","_bst_post_vertical_padding":"default","_bst_post_feature":"","_bst_post_feature_position":"","_bst_post_header":false,"_bst_post_footer":false},"pwb-brand":[105],"product_brand":[],"product_cat":[92,98],"product_tag":[],"class_list":{"0":"post-10535","1":"product","2":"type-product","3":"status-publish","4":"has-post-thumbnail","6":"pwb-brand-dalba","7":"product_cat-nagu","8":"product_cat-naomaskid","10":"first","11":"instock","12":"sale","13":"shipping-taxable","14":"purchasable","15":"product-type-simple","16":"entry","17":"content-bg","18":"loop-entry"},"supplier_id":null,"supplier_sku":"","barcode":null,"atum_controlled":true,"out_stock_date":null,"out_stock_threshold":null,"inheritable":false,"inbound_stock":0,"stock_on_hold":0,"sold_today":0,"sales_last_days":2,"out_stock_days":0,"lost_sales":0,"has_location":false,"update_date":"2026-04-14T00:05:10","atum_locations":[],"atum_stock_status":"instock","restock_status":false,"low_stock_amount":"","sales_update_date":"2026-04-14T00:05:10","calc_backorders":null,"yoast_head":"<!-- This site is optimized with the Yoast SEO plugin v27.2 - https:\/\/yoast.com\/product\/yoast-seo-wordpress\/ -->\n<title>d\u2019Alba White Truffle Waterfull Sleeping Pack - IDA.KOREA<\/title>\n<meta name=\"description\" content=\"D&#039;ALBA Waterfull Sleeping Pack on mugavas \u00fchekordses pakendis \u00f6\u00f6mask, mis on loodud naha intensiivseks niisutamiseks ja taastamiseks une ajal.\" \/>\n<meta name=\"robots\" content=\"index, follow, max-snippet:-1, max-image-preview:large, max-video-preview:-1\" \/>\n<link rel=\"canonical\" href=\"https:\/\/idakorea.ee\/fi\/product\/ooine-naomask-dalba-white-truffle-waterfull-sleeping-pack\/\" \/>\n<meta property=\"og:locale\" content=\"fi_FI\" \/>\n<meta property=\"og:type\" content=\"article\" \/>\n<meta property=\"og:title\" content=\"d\u2019Alba White Truffle Waterfull Sleeping Pack - IDA.KOREA\" \/>\n<meta property=\"og:description\" content=\"D&#039;ALBA Waterfull Sleeping Pack on mugavas \u00fchekordses pakendis \u00f6\u00f6mask, mis on loodud naha intensiivseks niisutamiseks ja taastamiseks une ajal.\" \/>\n<meta property=\"og:url\" content=\"https:\/\/idakorea.ee\/fi\/product\/ooine-naomask-dalba-white-truffle-waterfull-sleeping-pack\/\" \/>\n<meta property=\"og:site_name\" content=\"IDA.KOREA\" \/>\n<meta property=\"article:modified_time\" content=\"2026-03-15T01:03:49+00:00\" \/>\n<meta property=\"og:image\" content=\"https:\/\/idakorea.ee\/wp-content\/uploads\/2024\/09\/dalba-sleeping-pack.jpg\" \/>\n\t<meta property=\"og:image:width\" content=\"1500\" \/>\n\t<meta property=\"og:image:height\" content=\"1500\" \/>\n\t<meta property=\"og:image:type\" content=\"image\/jpeg\" \/>\n<meta name=\"twitter:card\" content=\"summary_large_image\" \/>\n<meta name=\"twitter:label1\" content=\"Arvioitu lukuaika\" \/>\n\t<meta name=\"twitter:data1\" content=\"2 minuuttia\" \/>\n<script type=\"application\/ld+json\" class=\"yoast-schema-graph\">{\"@context\":\"https:\/\/schema.org\",\"@graph\":[{\"@type\":\"WebPage\",\"@id\":\"https:\/\/idakorea.ee\/product\/ooine-naomask-dalba-white-truffle-waterfull-sleeping-pack\/\",\"url\":\"https:\/\/idakorea.ee\/product\/ooine-naomask-dalba-white-truffle-waterfull-sleeping-pack\/\",\"name\":\"d\u2019Alba White Truffle Waterfull Sleeping Pack - IDA.KOREA\",\"isPartOf\":{\"@id\":\"https:\/\/idakorea.ee\/#website\"},\"primaryImageOfPage\":{\"@id\":\"https:\/\/idakorea.ee\/product\/ooine-naomask-dalba-white-truffle-waterfull-sleeping-pack\/#primaryimage\"},\"image\":{\"@id\":\"https:\/\/idakorea.ee\/product\/ooine-naomask-dalba-white-truffle-waterfull-sleeping-pack\/#primaryimage\"},\"thumbnailUrl\":\"https:\/\/idakorea.ee\/wp-content\/uploads\/2024\/09\/dalba-sleeping-pack.jpg\",\"datePublished\":\"2024-09-10T08:18:28+00:00\",\"dateModified\":\"2026-03-15T01:03:49+00:00\",\"description\":\"D'ALBA Waterfull Sleeping Pack on mugavas \u00fchekordses pakendis \u00f6\u00f6mask, mis on loodud naha intensiivseks niisutamiseks ja taastamiseks une ajal.\",\"breadcrumb\":{\"@id\":\"https:\/\/idakorea.ee\/product\/ooine-naomask-dalba-white-truffle-waterfull-sleeping-pack\/#breadcrumb\"},\"inLanguage\":\"fi\",\"potentialAction\":[{\"@type\":\"ReadAction\",\"target\":[\"https:\/\/idakorea.ee\/product\/ooine-naomask-dalba-white-truffle-waterfull-sleeping-pack\/\"]}]},{\"@type\":\"ImageObject\",\"inLanguage\":\"fi\",\"@id\":\"https:\/\/idakorea.ee\/product\/ooine-naomask-dalba-white-truffle-waterfull-sleeping-pack\/#primaryimage\",\"url\":\"https:\/\/idakorea.ee\/wp-content\/uploads\/2024\/09\/dalba-sleeping-pack.jpg\",\"contentUrl\":\"https:\/\/idakorea.ee\/wp-content\/uploads\/2024\/09\/dalba-sleeping-pack.jpg\",\"width\":1500,\"height\":1500,\"caption\":\"dalba sleeping pack\"},{\"@type\":\"BreadcrumbList\",\"@id\":\"https:\/\/idakorea.ee\/product\/ooine-naomask-dalba-white-truffle-waterfull-sleeping-pack\/#breadcrumb\",\"itemListElement\":[{\"@type\":\"ListItem\",\"position\":1,\"name\":\"\u0413\u043b\u0430\u0432\u043d\u0430\u044f \u0441\u0442\u0440\u0430\u043d\u0438\u0446\u0430\",\"item\":\"https:\/\/idakorea.ee\/\"},{\"@type\":\"ListItem\",\"position\":2,\"name\":\"Shop\",\"item\":\"https:\/\/idakorea.ee\/shop-2\/\"},{\"@type\":\"ListItem\",\"position\":3,\"name\":\"\u00d6\u00f6ine n\u00e4omask d\u2019Alba White Truffle Waterfull Sleeping Pack, 4ml\"}]},{\"@type\":\"WebSite\",\"@id\":\"https:\/\/idakorea.ee\/#website\",\"url\":\"https:\/\/idakorea.ee\/\",\"name\":\"IDA.KOREA\",\"description\":\"Korea kosmeetika e-pood\",\"publisher\":{\"@id\":\"https:\/\/idakorea.ee\/#organization\"},\"alternateName\":\"Beauty Shop\",\"potentialAction\":[{\"@type\":\"SearchAction\",\"target\":{\"@type\":\"EntryPoint\",\"urlTemplate\":\"https:\/\/idakorea.ee\/?s={search_term_string}\"},\"query-input\":{\"@type\":\"PropertyValueSpecification\",\"valueRequired\":true,\"valueName\":\"search_term_string\"}}],\"inLanguage\":\"fi\"},{\"@type\":\"Organization\",\"@id\":\"https:\/\/idakorea.ee\/#organization\",\"name\":\"IDA.KOREA\",\"url\":\"https:\/\/idakorea.ee\/\",\"logo\":{\"@type\":\"ImageObject\",\"inLanguage\":\"fi\",\"@id\":\"https:\/\/idakorea.ee\/#\/schema\/logo\/image\/\",\"url\":\"https:\/\/idakorea.ee\/wp-content\/uploads\/2024\/05\/cropped-korea3.png\",\"contentUrl\":\"https:\/\/idakorea.ee\/wp-content\/uploads\/2024\/05\/cropped-korea3.png\",\"width\":688,\"height\":126,\"caption\":\"IDA.KOREA\"},\"image\":{\"@id\":\"https:\/\/idakorea.ee\/#\/schema\/logo\/image\/\"},\"sameAs\":[\"https:\/\/www.instagram.com\/ida.korea\/\"]}]}<\/script>\n<!-- \/ Yoast SEO plugin. -->","yoast_head_json":{"title":"d&#039;Alba White Truffle Waterfull -makuupussi - IDA.KOREA","description":"D&#039;ALBA Waterfull Sleeping Pack on k\u00e4tev\u00e4 kertak\u00e4ytt\u00f6inen y\u00f6naamio, joka on suunniteltu kosteuttamaan ja palauttamaan ihoa tehokkaasti nukkuessasi.","robots":{"index":"index","follow":"follow","max-snippet":"max-snippet:-1","max-image-preview":"max-image-preview:large","max-video-preview":"max-video-preview:-1"},"canonical":"https:\/\/idakorea.ee\/fi\/product\/ooine-naomask-dalba-white-truffle-waterfull-sleeping-pack\/","og_locale":"fi_FI","og_type":"article","og_title":"d\u2019Alba White Truffle Waterfull Sleeping Pack - IDA.KOREA","og_description":"D'ALBA Waterfull Sleeping Pack on mugavas \u00fchekordses pakendis \u00f6\u00f6mask, mis on loodud naha intensiivseks niisutamiseks ja taastamiseks une ajal.","og_url":"https:\/\/idakorea.ee\/fi\/product\/ooine-naomask-dalba-white-truffle-waterfull-sleeping-pack\/","og_site_name":"IDA.KOREA","article_modified_time":"2026-03-15T01:03:49+00:00","og_image":[{"width":1500,"height":1500,"url":"https:\/\/idakorea.ee\/wp-content\/uploads\/2024\/09\/dalba-sleeping-pack.jpg","type":"image\/jpeg"}],"twitter_card":"summary_large_image","twitter_misc":{"Arvioitu lukuaika":"2 minuuttia"},"schema":{"@context":"https:\/\/schema.org","@graph":[{"@type":"WebPage","@id":"https:\/\/idakorea.ee\/product\/ooine-naomask-dalba-white-truffle-waterfull-sleeping-pack\/","url":"https:\/\/idakorea.ee\/product\/ooine-naomask-dalba-white-truffle-waterfull-sleeping-pack\/","name":"d&#039;Alba White Truffle Waterfull -makuupussi - IDA.KOREA","isPartOf":{"@id":"https:\/\/idakorea.ee\/#website"},"primaryImageOfPage":{"@id":"https:\/\/idakorea.ee\/product\/ooine-naomask-dalba-white-truffle-waterfull-sleeping-pack\/#primaryimage"},"image":{"@id":"https:\/\/idakorea.ee\/product\/ooine-naomask-dalba-white-truffle-waterfull-sleeping-pack\/#primaryimage"},"thumbnailUrl":"https:\/\/idakorea.ee\/wp-content\/uploads\/2024\/09\/dalba-sleeping-pack.jpg","datePublished":"2024-09-10T08:18:28+00:00","dateModified":"2026-03-15T01:03:49+00:00","description":"D&#039;ALBA Waterfull Sleeping Pack on k\u00e4tev\u00e4 kertak\u00e4ytt\u00f6inen y\u00f6naamio, joka on suunniteltu kosteuttamaan ja palauttamaan ihoa tehokkaasti nukkuessasi.","breadcrumb":{"@id":"https:\/\/idakorea.ee\/product\/ooine-naomask-dalba-white-truffle-waterfull-sleeping-pack\/#breadcrumb"},"inLanguage":"fi","potentialAction":[{"@type":"ReadAction","target":["https:\/\/idakorea.ee\/product\/ooine-naomask-dalba-white-truffle-waterfull-sleeping-pack\/"]}]},{"@type":"ImageObject","inLanguage":"fi","@id":"https:\/\/idakorea.ee\/product\/ooine-naomask-dalba-white-truffle-waterfull-sleeping-pack\/#primaryimage","url":"https:\/\/idakorea.ee\/wp-content\/uploads\/2024\/09\/dalba-sleeping-pack.jpg","contentUrl":"https:\/\/idakorea.ee\/wp-content\/uploads\/2024\/09\/dalba-sleeping-pack.jpg","width":1500,"height":1500,"caption":"dalba sleeping pack"},{"@type":"BreadcrumbList","@id":"https:\/\/idakorea.ee\/product\/ooine-naomask-dalba-white-truffle-waterfull-sleeping-pack\/#breadcrumb","itemListElement":[{"@type":"ListItem","position":1,"name":"\u0413\u043b\u0430\u0432\u043d\u0430\u044f \u0441\u0442\u0440\u0430\u043d\u0438\u0446\u0430","item":"https:\/\/idakorea.ee\/"},{"@type":"ListItem","position":2,"name":"Shop","item":"https:\/\/idakorea.ee\/shop-2\/"},{"@type":"ListItem","position":3,"name":"\u00d6\u00f6ine n\u00e4omask d\u2019Alba White Truffle Waterfull Sleeping Pack, 4ml"}]},{"@type":"WebSite","@id":"https:\/\/idakorea.ee\/#website","url":"https:\/\/idakorea.ee\/","name":"IDA.KOREA","description":"Korean kosmetiikan verkkokauppa","publisher":{"@id":"https:\/\/idakorea.ee\/#organization"},"alternateName":"Beauty Shop","potentialAction":[{"@type":"SearchAction","target":{"@type":"EntryPoint","urlTemplate":"https:\/\/idakorea.ee\/?s={search_term_string}"},"query-input":{"@type":"PropertyValueSpecification","valueRequired":true,"valueName":"search_term_string"}}],"inLanguage":"fi"},{"@type":"Organization","@id":"https:\/\/idakorea.ee\/#organization","name":"IDA.KOREA","url":"https:\/\/idakorea.ee\/","logo":{"@type":"ImageObject","inLanguage":"fi","@id":"https:\/\/idakorea.ee\/#\/schema\/logo\/image\/","url":"https:\/\/idakorea.ee\/wp-content\/uploads\/2024\/05\/cropped-korea3.png","contentUrl":"https:\/\/idakorea.ee\/wp-content\/uploads\/2024\/05\/cropped-korea3.png","width":688,"height":126,"caption":"IDA.KOREA"},"image":{"@id":"https:\/\/idakorea.ee\/#\/schema\/logo\/image\/"},"sameAs":["https:\/\/www.instagram.com\/ida.korea\/"]}]}},"jetpack_sharing_enabled":true,"brands":[{"id":105,"name":"d'ALBA","slug":"dalba"}],"_links":{"self":[{"href":"https:\/\/idakorea.ee\/fi\/wp-json\/wp\/v2\/product\/10535","targetHints":{"allow":["GET"]}}],"collection":[{"href":"https:\/\/idakorea.ee\/fi\/wp-json\/wp\/v2\/product"}],"about":[{"href":"https:\/\/idakorea.ee\/fi\/wp-json\/wp\/v2\/types\/product"}],"replies":[{"embeddable":true,"href":"https:\/\/idakorea.ee\/fi\/wp-json\/wp\/v2\/comments?post=10535"}],"version-history":[{"count":3,"href":"https:\/\/idakorea.ee\/fi\/wp-json\/wp\/v2\/product\/10535\/revisions"}],"predecessor-version":[{"id":15050,"href":"https:\/\/idakorea.ee\/fi\/wp-json\/wp\/v2\/product\/10535\/revisions\/15050"}],"wp:featuredmedia":[{"embeddable":true,"href":"https:\/\/idakorea.ee\/fi\/wp-json\/wp\/v2\/media\/10536"}],"wp:attachment":[{"href":"https:\/\/idakorea.ee\/fi\/wp-json\/wp\/v2\/media?parent=10535"}],"wp:term":[{"taxonomy":"pwb-brand","embeddable":true,"href":"https:\/\/idakorea.ee\/fi\/wp-json\/wp\/v2\/pwb-brand?post=10535"},{"taxonomy":"product_brand","embeddable":true,"href":"https:\/\/idakorea.ee\/fi\/wp-json\/wp\/v2\/product_brand?post=10535"},{"taxonomy":"product_cat","embeddable":true,"href":"https:\/\/idakorea.ee\/fi\/wp-json\/wp\/v2\/product_cat?post=10535"},{"taxonomy":"product_tag","embeddable":true,"href":"https:\/\/idakorea.ee\/fi\/wp-json\/wp\/v2\/product_tag?post=10535"}],"curies":[{"name":"wp","href":"https:\/\/api.w.org\/{rel}","templated":true}]}}