{"id":10541,"date":"2024-09-10T11:54:34","date_gmt":"2024-09-10T08:54:34","guid":{"rendered":"https:\/\/idakorea.ee\/?post_type=product&#038;p=10541"},"modified":"2026-04-06T21:14:26","modified_gmt":"2026-04-06T19:14:26","slug":"varskendav-hambapasta-tseoliidiga-median-dental-iq-93-remove-bad-breath-120g","status":"publish","type":"product","link":"https:\/\/idakorea.ee\/fi\/product\/varskendav-hambapasta-tseoliidiga-median-dental-iq-93-remove-bad-breath-120g\/","title":{"rendered":"Virkist\u00e4v\u00e4 hammastahna zeoliitilla Median Dental IQ 93% Poista pahanhajuinen hengitys, 120g"},"content":{"rendered":"<p>Virkist\u00e4v\u00e4 hammastahna zeoliitilla <strong>Mediaanihammas\u00e4lykkyysosam\u00e4\u00e4r\u00e4 93% Poistaa pahanhajuisen hengityksen<\/strong> Taistelee tehokkaasti pahanhajuista hengityst\u00e4 vastaan, antaa miellytt\u00e4v\u00e4n raikkauden ja sill\u00e4 on miellytt\u00e4v\u00e4 mintun maku. Hammastahna puhdistaa hampaat perusteellisesti ruokaj\u00e4\u00e4mist\u00e4 ja liasta, poistaa plakkia ja est\u00e4\u00e4 sen muodostumista.<\/p>\n<p><strong>Zeoliitti<\/strong>, vulkaanista alkuper\u00e4\u00e4 oleva mineraali, tehostaa raikastavia ja puhdistavia vaikutuksia, sill\u00e4 on imukykyinen ja antimikrobinen vaikutus. Kiillottaa hampaan pintaa hell\u00e4varaisesti vahingoittamatta emalia.<\/p>\n<p>Hammastahna on pehme\u00e4n ja kermaisen koostumukseltaan.<\/p>\n<p><strong>K\u00e4ytt\u00f6:<\/strong> Purista tarvittava m\u00e4\u00e4r\u00e4 tahnaa hammasharjaasi. Harjaa hampaitasi huolellisesti kahden minuutin ajan. Huuhtele suusi vedell\u00e4.<\/p>","protected":false},"excerpt":{"rendered":"<p>Virkist\u00e4v\u00e4 hammastahna zeoliitilla Median Dental IQ 93% Remove Bad Breath torjuu tehokkaasti pahanhajuista hengityst\u00e4, antaa miellytt\u00e4v\u00e4n raikkauden ja siin\u00e4 on miellytt\u00e4v\u00e4 mintun maku. Hammastahna puhdistaa hampaat perusteellisesti ruokaj\u00e4tteist\u00e4 ja liasta, poistaa plakin ja est\u00e4\u00e4 sen muodostumista. Zeoliitti, vulkaanista alkuper\u00e4\u00e4 oleva mineraali, vahvistaa hajunpoisto- ja puhdistusvaikutusta ja sill\u00e4 on imukykyinen ja antimikrobinen vaikutus. Kiillottaa hell\u00e4varaisesti hampaan pinnan vahingoittamatta kiillett\u00e4.....<\/p>","protected":false},"featured_media":10542,"comment_status":"open","ping_status":"closed","template":"","meta":{"_uf_show_specific_survey":0,"_uf_disable_surveys":false,"_bst_post_transparent":"default","_bst_post_title":"","_bst_post_layout":"default","_bst_post_sidebar_id":"","_bst_post_content_style":"default","_bst_post_vertical_padding":"default","_bst_post_feature":"","_bst_post_feature_position":"","_bst_post_header":false,"_bst_post_footer":false},"pwb-brand":[539],"product_brand":[],"product_cat":[371],"product_tag":[],"class_list":{"0":"post-10541","1":"product","2":"type-product","3":"status-publish","4":"has-post-thumbnail","6":"pwb-brand-median","7":"product_cat-suuhugieen","9":"first","10":"instock","11":"sale","12":"shipping-taxable","13":"purchasable","14":"product-type-simple","15":"entry","16":"content-bg","17":"loop-entry"},"supplier_id":null,"supplier_sku":"","barcode":null,"atum_controlled":true,"out_stock_date":null,"out_stock_threshold":null,"inheritable":false,"inbound_stock":0,"stock_on_hold":0,"sold_today":0,"sales_last_days":3,"out_stock_days":0,"lost_sales":0,"has_location":false,"update_date":"2026-04-14T00:05:04","atum_locations":[],"atum_stock_status":"instock","restock_status":false,"low_stock_amount":"","sales_update_date":"2026-04-14T00:05:04","calc_backorders":null,"yoast_head":"<!-- This site is optimized with the Yoast SEO plugin v27.2 - https:\/\/yoast.com\/product\/yoast-seo-wordpress\/ -->\n<title>Median Dental IQ 93% Remove Bad Breath<\/title>\n<meta name=\"description\" content=\"V\u00e4rskendav hambapasta tseoliidiga Median Dental IQ 93% v\u00f5itleb t\u00f5husalt halva hinge\u00f5hu vastu, annab meeldiva v\u00e4rskuse ja on m\u00f5nusa m\u00fcndimaitsega.\" \/>\n<meta name=\"robots\" content=\"index, follow, max-snippet:-1, max-image-preview:large, max-video-preview:-1\" \/>\n<link rel=\"canonical\" href=\"https:\/\/idakorea.ee\/fi\/product\/varskendav-hambapasta-tseoliidiga-median-dental-iq-93-remove-bad-breath-120g\/\" \/>\n<meta property=\"og:locale\" content=\"fi_FI\" \/>\n<meta property=\"og:type\" content=\"article\" \/>\n<meta property=\"og:title\" content=\"Median Dental IQ 93% Remove Bad Breath\" \/>\n<meta property=\"og:description\" content=\"V\u00e4rskendav hambapasta tseoliidiga Median Dental IQ 93% v\u00f5itleb t\u00f5husalt halva hinge\u00f5hu vastu, annab meeldiva v\u00e4rskuse ja on m\u00f5nusa m\u00fcndimaitsega.\" \/>\n<meta property=\"og:url\" content=\"https:\/\/idakorea.ee\/fi\/product\/varskendav-hambapasta-tseoliidiga-median-dental-iq-93-remove-bad-breath-120g\/\" \/>\n<meta property=\"og:site_name\" content=\"IDA.KOREA\" \/>\n<meta property=\"article:modified_time\" content=\"2026-04-06T19:14:26+00:00\" \/>\n<meta property=\"og:image\" content=\"https:\/\/idakorea.ee\/wp-content\/uploads\/2024\/09\/median.jpg\" \/>\n\t<meta property=\"og:image:width\" content=\"496\" \/>\n\t<meta property=\"og:image:height\" content=\"496\" \/>\n\t<meta property=\"og:image:type\" content=\"image\/jpeg\" \/>\n<meta name=\"twitter:card\" content=\"summary_large_image\" \/>\n<meta name=\"twitter:label1\" content=\"Arvioitu lukuaika\" \/>\n\t<meta name=\"twitter:data1\" content=\"1 minuutti\" \/>\n<script type=\"application\/ld+json\" class=\"yoast-schema-graph\">{\"@context\":\"https:\/\/schema.org\",\"@graph\":[{\"@type\":\"WebPage\",\"@id\":\"https:\/\/idakorea.ee\/product\/varskendav-hambapasta-tseoliidiga-median-dental-iq-93-remove-bad-breath-120g\/\",\"url\":\"https:\/\/idakorea.ee\/product\/varskendav-hambapasta-tseoliidiga-median-dental-iq-93-remove-bad-breath-120g\/\",\"name\":\"Median Dental IQ 93% Remove Bad Breath\",\"isPartOf\":{\"@id\":\"https:\/\/idakorea.ee\/#website\"},\"primaryImageOfPage\":{\"@id\":\"https:\/\/idakorea.ee\/product\/varskendav-hambapasta-tseoliidiga-median-dental-iq-93-remove-bad-breath-120g\/#primaryimage\"},\"image\":{\"@id\":\"https:\/\/idakorea.ee\/product\/varskendav-hambapasta-tseoliidiga-median-dental-iq-93-remove-bad-breath-120g\/#primaryimage\"},\"thumbnailUrl\":\"https:\/\/idakorea.ee\/wp-content\/uploads\/2024\/09\/median.jpg\",\"datePublished\":\"2024-09-10T08:54:34+00:00\",\"dateModified\":\"2026-04-06T19:14:26+00:00\",\"description\":\"V\u00e4rskendav hambapasta tseoliidiga Median Dental IQ 93% v\u00f5itleb t\u00f5husalt halva hinge\u00f5hu vastu, annab meeldiva v\u00e4rskuse ja on m\u00f5nusa m\u00fcndimaitsega.\",\"breadcrumb\":{\"@id\":\"https:\/\/idakorea.ee\/product\/varskendav-hambapasta-tseoliidiga-median-dental-iq-93-remove-bad-breath-120g\/#breadcrumb\"},\"inLanguage\":\"fi\",\"potentialAction\":[{\"@type\":\"ReadAction\",\"target\":[\"https:\/\/idakorea.ee\/product\/varskendav-hambapasta-tseoliidiga-median-dental-iq-93-remove-bad-breath-120g\/\"]}]},{\"@type\":\"ImageObject\",\"inLanguage\":\"fi\",\"@id\":\"https:\/\/idakorea.ee\/product\/varskendav-hambapasta-tseoliidiga-median-dental-iq-93-remove-bad-breath-120g\/#primaryimage\",\"url\":\"https:\/\/idakorea.ee\/wp-content\/uploads\/2024\/09\/median.jpg\",\"contentUrl\":\"https:\/\/idakorea.ee\/wp-content\/uploads\/2024\/09\/median.jpg\",\"width\":496,\"height\":496,\"caption\":\"median\"},{\"@type\":\"BreadcrumbList\",\"@id\":\"https:\/\/idakorea.ee\/product\/varskendav-hambapasta-tseoliidiga-median-dental-iq-93-remove-bad-breath-120g\/#breadcrumb\",\"itemListElement\":[{\"@type\":\"ListItem\",\"position\":1,\"name\":\"\u0413\u043b\u0430\u0432\u043d\u0430\u044f \u0441\u0442\u0440\u0430\u043d\u0438\u0446\u0430\",\"item\":\"https:\/\/idakorea.ee\/\"},{\"@type\":\"ListItem\",\"position\":2,\"name\":\"Shop\",\"item\":\"https:\/\/idakorea.ee\/shop-2\/\"},{\"@type\":\"ListItem\",\"position\":3,\"name\":\"V\u00e4rskendav hambapasta tseoliidiga Median Dental IQ 93% Remove Bad Breath, 120g\"}]},{\"@type\":\"WebSite\",\"@id\":\"https:\/\/idakorea.ee\/#website\",\"url\":\"https:\/\/idakorea.ee\/\",\"name\":\"IDA.KOREA\",\"description\":\"Korea kosmeetika e-pood\",\"publisher\":{\"@id\":\"https:\/\/idakorea.ee\/#organization\"},\"alternateName\":\"Beauty Shop\",\"potentialAction\":[{\"@type\":\"SearchAction\",\"target\":{\"@type\":\"EntryPoint\",\"urlTemplate\":\"https:\/\/idakorea.ee\/?s={search_term_string}\"},\"query-input\":{\"@type\":\"PropertyValueSpecification\",\"valueRequired\":true,\"valueName\":\"search_term_string\"}}],\"inLanguage\":\"fi\"},{\"@type\":\"Organization\",\"@id\":\"https:\/\/idakorea.ee\/#organization\",\"name\":\"IDA.KOREA\",\"url\":\"https:\/\/idakorea.ee\/\",\"logo\":{\"@type\":\"ImageObject\",\"inLanguage\":\"fi\",\"@id\":\"https:\/\/idakorea.ee\/#\/schema\/logo\/image\/\",\"url\":\"https:\/\/idakorea.ee\/wp-content\/uploads\/2024\/05\/cropped-korea3.png\",\"contentUrl\":\"https:\/\/idakorea.ee\/wp-content\/uploads\/2024\/05\/cropped-korea3.png\",\"width\":688,\"height\":126,\"caption\":\"IDA.KOREA\"},\"image\":{\"@id\":\"https:\/\/idakorea.ee\/#\/schema\/logo\/image\/\"},\"sameAs\":[\"https:\/\/www.instagram.com\/ida.korea\/\"]}]}<\/script>\n<!-- \/ Yoast SEO plugin. -->","yoast_head_json":{"title":"Mediaanihammas\u00e4lykkyysosam\u00e4\u00e4r\u00e4 93% Poistaa pahanhajuisen hengityksen","description":"Median Dental IQ 93% -virkist\u00e4v\u00e4 hammastahna zeoliittia sis\u00e4lt\u00e4v\u00e4ll\u00e4 hammastahnalla torjuu tehokkaasti pahanhajuista hengityst\u00e4, antaa miellytt\u00e4v\u00e4n raikkauden ja sill\u00e4 on miellytt\u00e4v\u00e4 mintun maku.","robots":{"index":"index","follow":"follow","max-snippet":"max-snippet:-1","max-image-preview":"max-image-preview:large","max-video-preview":"max-video-preview:-1"},"canonical":"https:\/\/idakorea.ee\/fi\/product\/varskendav-hambapasta-tseoliidiga-median-dental-iq-93-remove-bad-breath-120g\/","og_locale":"fi_FI","og_type":"article","og_title":"Median Dental IQ 93% Remove Bad Breath","og_description":"V\u00e4rskendav hambapasta tseoliidiga Median Dental IQ 93% v\u00f5itleb t\u00f5husalt halva hinge\u00f5hu vastu, annab meeldiva v\u00e4rskuse ja on m\u00f5nusa m\u00fcndimaitsega.","og_url":"https:\/\/idakorea.ee\/fi\/product\/varskendav-hambapasta-tseoliidiga-median-dental-iq-93-remove-bad-breath-120g\/","og_site_name":"IDA.KOREA","article_modified_time":"2026-04-06T19:14:26+00:00","og_image":[{"width":496,"height":496,"url":"https:\/\/idakorea.ee\/wp-content\/uploads\/2024\/09\/median.jpg","type":"image\/jpeg"}],"twitter_card":"summary_large_image","twitter_misc":{"Arvioitu lukuaika":"1 minuutti"},"schema":{"@context":"https:\/\/schema.org","@graph":[{"@type":"WebPage","@id":"https:\/\/idakorea.ee\/product\/varskendav-hambapasta-tseoliidiga-median-dental-iq-93-remove-bad-breath-120g\/","url":"https:\/\/idakorea.ee\/product\/varskendav-hambapasta-tseoliidiga-median-dental-iq-93-remove-bad-breath-120g\/","name":"Mediaanihammas\u00e4lykkyysosam\u00e4\u00e4r\u00e4 93% Poistaa pahanhajuisen hengityksen","isPartOf":{"@id":"https:\/\/idakorea.ee\/#website"},"primaryImageOfPage":{"@id":"https:\/\/idakorea.ee\/product\/varskendav-hambapasta-tseoliidiga-median-dental-iq-93-remove-bad-breath-120g\/#primaryimage"},"image":{"@id":"https:\/\/idakorea.ee\/product\/varskendav-hambapasta-tseoliidiga-median-dental-iq-93-remove-bad-breath-120g\/#primaryimage"},"thumbnailUrl":"https:\/\/idakorea.ee\/wp-content\/uploads\/2024\/09\/median.jpg","datePublished":"2024-09-10T08:54:34+00:00","dateModified":"2026-04-06T19:14:26+00:00","description":"Median Dental IQ 93% -virkist\u00e4v\u00e4 hammastahna zeoliittia sis\u00e4lt\u00e4v\u00e4ll\u00e4 hammastahnalla torjuu tehokkaasti pahanhajuista hengityst\u00e4, antaa miellytt\u00e4v\u00e4n raikkauden ja sill\u00e4 on miellytt\u00e4v\u00e4 mintun maku.","breadcrumb":{"@id":"https:\/\/idakorea.ee\/product\/varskendav-hambapasta-tseoliidiga-median-dental-iq-93-remove-bad-breath-120g\/#breadcrumb"},"inLanguage":"fi","potentialAction":[{"@type":"ReadAction","target":["https:\/\/idakorea.ee\/product\/varskendav-hambapasta-tseoliidiga-median-dental-iq-93-remove-bad-breath-120g\/"]}]},{"@type":"ImageObject","inLanguage":"fi","@id":"https:\/\/idakorea.ee\/product\/varskendav-hambapasta-tseoliidiga-median-dental-iq-93-remove-bad-breath-120g\/#primaryimage","url":"https:\/\/idakorea.ee\/wp-content\/uploads\/2024\/09\/median.jpg","contentUrl":"https:\/\/idakorea.ee\/wp-content\/uploads\/2024\/09\/median.jpg","width":496,"height":496,"caption":"median"},{"@type":"BreadcrumbList","@id":"https:\/\/idakorea.ee\/product\/varskendav-hambapasta-tseoliidiga-median-dental-iq-93-remove-bad-breath-120g\/#breadcrumb","itemListElement":[{"@type":"ListItem","position":1,"name":"\u0413\u043b\u0430\u0432\u043d\u0430\u044f \u0441\u0442\u0440\u0430\u043d\u0438\u0446\u0430","item":"https:\/\/idakorea.ee\/"},{"@type":"ListItem","position":2,"name":"Shop","item":"https:\/\/idakorea.ee\/shop-2\/"},{"@type":"ListItem","position":3,"name":"V\u00e4rskendav hambapasta tseoliidiga Median Dental IQ 93% Remove Bad Breath, 120g"}]},{"@type":"WebSite","@id":"https:\/\/idakorea.ee\/#website","url":"https:\/\/idakorea.ee\/","name":"IDA.KOREA","description":"Korean kosmetiikan verkkokauppa","publisher":{"@id":"https:\/\/idakorea.ee\/#organization"},"alternateName":"Beauty Shop","potentialAction":[{"@type":"SearchAction","target":{"@type":"EntryPoint","urlTemplate":"https:\/\/idakorea.ee\/?s={search_term_string}"},"query-input":{"@type":"PropertyValueSpecification","valueRequired":true,"valueName":"search_term_string"}}],"inLanguage":"fi"},{"@type":"Organization","@id":"https:\/\/idakorea.ee\/#organization","name":"IDA.KOREA","url":"https:\/\/idakorea.ee\/","logo":{"@type":"ImageObject","inLanguage":"fi","@id":"https:\/\/idakorea.ee\/#\/schema\/logo\/image\/","url":"https:\/\/idakorea.ee\/wp-content\/uploads\/2024\/05\/cropped-korea3.png","contentUrl":"https:\/\/idakorea.ee\/wp-content\/uploads\/2024\/05\/cropped-korea3.png","width":688,"height":126,"caption":"IDA.KOREA"},"image":{"@id":"https:\/\/idakorea.ee\/#\/schema\/logo\/image\/"},"sameAs":["https:\/\/www.instagram.com\/ida.korea\/"]}]}},"jetpack_sharing_enabled":true,"brands":[{"id":539,"name":"MEDIA","slug":"median"}],"_links":{"self":[{"href":"https:\/\/idakorea.ee\/fi\/wp-json\/wp\/v2\/product\/10541","targetHints":{"allow":["GET"]}}],"collection":[{"href":"https:\/\/idakorea.ee\/fi\/wp-json\/wp\/v2\/product"}],"about":[{"href":"https:\/\/idakorea.ee\/fi\/wp-json\/wp\/v2\/types\/product"}],"replies":[{"embeddable":true,"href":"https:\/\/idakorea.ee\/fi\/wp-json\/wp\/v2\/comments?post=10541"}],"version-history":[{"count":2,"href":"https:\/\/idakorea.ee\/fi\/wp-json\/wp\/v2\/product\/10541\/revisions"}],"predecessor-version":[{"id":15132,"href":"https:\/\/idakorea.ee\/fi\/wp-json\/wp\/v2\/product\/10541\/revisions\/15132"}],"wp:featuredmedia":[{"embeddable":true,"href":"https:\/\/idakorea.ee\/fi\/wp-json\/wp\/v2\/media\/10542"}],"wp:attachment":[{"href":"https:\/\/idakorea.ee\/fi\/wp-json\/wp\/v2\/media?parent=10541"}],"wp:term":[{"taxonomy":"pwb-brand","embeddable":true,"href":"https:\/\/idakorea.ee\/fi\/wp-json\/wp\/v2\/pwb-brand?post=10541"},{"taxonomy":"product_brand","embeddable":true,"href":"https:\/\/idakorea.ee\/fi\/wp-json\/wp\/v2\/product_brand?post=10541"},{"taxonomy":"product_cat","embeddable":true,"href":"https:\/\/idakorea.ee\/fi\/wp-json\/wp\/v2\/product_cat?post=10541"},{"taxonomy":"product_tag","embeddable":true,"href":"https:\/\/idakorea.ee\/fi\/wp-json\/wp\/v2\/product_tag?post=10541"}],"curies":[{"name":"wp","href":"https:\/\/api.w.org\/{rel}","templated":true}]}}