{"id":10548,"date":"2024-09-11T10:22:17","date_gmt":"2024-09-11T07:22:17","guid":{"rendered":"https:\/\/idakorea.ee\/?post_type=product&#038;p=10548"},"modified":"2026-04-13T17:30:58","modified_gmt":"2026-04-13T15:30:58","slug":"noorendav-kreem-tuvirakkudega-medi-peel-cell-toxing-dermajours-cream","status":"publish","type":"product","link":"https:\/\/idakorea.ee\/fi\/product\/noorendav-kreem-tuvirakkudega-medi-peel-cell-toxing-dermajours-cream\/","title":{"rendered":"Nuorentava voide kantasoluilla Medi-Peel Cell Toxing Dermajours -voide, 50ml"},"content":{"rendered":"<p>Nuorentava voide kantasoluilla <strong>Medi-Peel Cell Toxic Dermajours -voide<\/strong> Palauttaa tehokkaasti ihon s\u00e4vyn, lis\u00e4\u00e4 kudosten kimmoisuutta ja vahvuutta, kiinteytt\u00e4\u00e4 ja kohottaa kasvonpiirteit\u00e4. Voiteella on kohottava vaikutus, se torjuu aktiivisesti ihon ik\u00e4\u00e4ntymisen merkkej\u00e4, silottaa ja v\u00e4hent\u00e4\u00e4 ryppyjen syvyytt\u00e4 sek\u00e4 tukee ihon terveytt\u00e4. Tuote vahvistaa ihon vastustuskyky\u00e4, antaa energiaa, palauttaa s\u00e4vyn ja terveen hehkun.<\/p>\n<p>Voide taistelee aktiivisesti ihon ik\u00e4\u00e4ntymist\u00e4 vastaan: v\u00e4hent\u00e4\u00e4 ihon ryppyjen syvyytt\u00e4, silottaa hienoja matkimisryppyj\u00e4 ja v\u00e4hent\u00e4\u00e4 syvempi\u00e4, lis\u00e4\u00e4 kimmoisuutta ja hidastaa ik\u00e4\u00e4ntymisprosesseja s\u00e4ilytt\u00e4en nuoruuden ja terveyden. Kosteuttaa tehokkaasti ja yll\u00e4pit\u00e4\u00e4 optimaalista kosteustasoa epidermiksen soluissa, kirkastaa hieman ihon s\u00e4vy\u00e4, v\u00e4hent\u00e4\u00e4 ei-toivottujen pigmenttimuutosten ja maksal\u00e4iskien n\u00e4kymist\u00e4.<\/p>\n<p>Voiteen liposomit kuljettavat vaikuttavat aineosat syv\u00e4lle ihoon, jolloin ne toimivat nopeammin ja tehokkaammin.<\/p>\n<p><strong>T\u00e4rkeimm\u00e4t vaikuttavat aineet: <\/strong><\/p>\n<p><strong>Edelweiss-kantasolut<\/strong> niill\u00e4 on suuri potentiaali, joka moninkertaistaa uusien ihosolujen muodostumisnopeuden. Kantasolut her\u00e4tt\u00e4v\u00e4t kehon lepotilassa olevia soluja, kiihdytt\u00e4v\u00e4t aineenvaihduntaa ja mikroverenkiertoa hidastaen ik\u00e4\u00e4ntymisprosessia. Ne vahvistavat ihon vastustuskyky\u00e4, stimuloivat kollageenin ja elastiinin synteesi\u00e4 ja lis\u00e4\u00e4v\u00e4t kimmoisuutta.<\/p>\n<p><strong>4 peptidikompleksi:<\/strong><\/p>\n<ul>\n<li><strong>EGF<\/strong> vaikuttaa molekyyli- ja solutasolla hidastaen ihon ik\u00e4\u00e4ntymisprosessia, edist\u00e4en epidermiksen solujen uusiutumista ja yll\u00e4pit\u00e4en nuorekasta ihoa. Palauttaa ihon kimmoisuuden, parantaa kasvojen hiussuonten kuntoa ja tasoittaa ihonv\u00e4ri\u00e4.<\/li>\n<li><strong>IGF<\/strong> Yhdess\u00e4 muiden kasvutekij\u00f6iden kanssa se kosteuttaa tehokkaasti, hidastaa ik\u00e4\u00e4ntymisprosessia, v\u00e4hent\u00e4\u00e4 ihon sameutta ja kirkastaa sit\u00e4.<\/li>\n<li><strong>KGF<\/strong> Stimuloi ihosolujen kasvua ja aktiivisuutta, palauttaa ihon rakenteen ja saa sen ihanteelliseen kuntoon. Se on my\u00f6s ihon terveyden ja kauneuden l\u00e4hde, kosteuttaen syv\u00e4sti ja parantaen ihon kimmoisuutta varmistavien makromolekyyliproteiinien synteesi\u00e4.<\/li>\n<li><strong>FGF<\/strong> T\u00e4ydent\u00e4\u00e4 tehokkaasti ihosolujen kosteutta, auttaa yll\u00e4pit\u00e4m\u00e4\u00e4n sit\u00e4 ja ehk\u00e4isee kuivumista. Auttaa yll\u00e4pit\u00e4m\u00e4\u00e4n ihon vahvuutta ja kimmoisuutta.<\/li>\n<\/ul>\n<p><strong>Niasiiniamidi<\/strong> Stimuloi kollageenisynteesi\u00e4 ja parantaa ihon suojakerrosta, auttaa v\u00e4hent\u00e4m\u00e4\u00e4n transdermaalista kosteuden menetyst\u00e4 ja pigmentaatiota, kosteuttaa, supistaa ihohuokosia, rauhoittaa ja kirkastaa ihoa. Adenosiini on yksi yleisimmin k\u00e4ytetyist\u00e4 ainesosista ik\u00e4\u00e4ntymisen torjunnassa. Kiinteytt\u00e4\u00e4, silottaa ryppyj\u00e4, kiihdytt\u00e4\u00e4 aineenvaihduntaa ja ehk\u00e4isee ik\u00e4\u00e4ntymisen merkkej\u00e4.<\/p>\n<p>&nbsp;<\/p>\n<p>Suositellaan kyps\u00e4lle iholle.<\/p>\n<p><strong>K\u00e4ytt\u00f6:<\/strong> Levit\u00e4 tarvittava m\u00e4\u00e4r\u00e4 voidetta ihonhoidon viimeisess\u00e4 vaiheessa.<\/p>","protected":false},"excerpt":{"rendered":"<p>Medi-Peel Cell Toxing Dermajours -voide palauttaa tehokkaasti ihon s\u00e4vyn lis\u00e4\u00e4m\u00e4ll\u00e4 kudosten kimmoisuutta ja kiinteytt\u00e4, kiinteytt\u00e4en ja kohottaen kasvojen \u00e4\u00e4riviivoja. Voiteella on kohottava vaikutus, se torjuu aktiivisesti ik\u00e4\u00e4ntymisen merkkej\u00e4, tasoittaa ja v\u00e4hent\u00e4\u00e4 ryppyjen syvyytt\u00e4 sek\u00e4 tukee ihon terveytt\u00e4. Se vahvistaa ihon vastustuskyky\u00e4, energisoi, palauttaa ihon s\u00e4vyn ja terveen hehkun. Voide torjuu aktiivisesti...<\/p>","protected":false},"featured_media":10549,"comment_status":"open","ping_status":"closed","template":"","meta":{"_uf_show_specific_survey":0,"_uf_disable_surveys":false,"_bst_post_transparent":"default","_bst_post_title":"","_bst_post_layout":"default","_bst_post_sidebar_id":"","_bst_post_content_style":"default","_bst_post_vertical_padding":"default","_bst_post_feature":"","_bst_post_feature_position":"","_bst_post_header":false,"_bst_post_footer":false},"pwb-brand":[107],"product_brand":[],"product_cat":[92,96],"product_tag":[734,381],"class_list":{"0":"post-10548","1":"product","2":"type-product","3":"status-publish","4":"has-post-thumbnail","6":"pwb-brand-medipeel","7":"product_cat-nagu","8":"product_cat-naokreemid","9":"product_tag-cream","10":"product_tag-medipeel","12":"first","13":"instock","14":"sale","15":"shipping-taxable","16":"purchasable","17":"product-type-simple","18":"entry","19":"content-bg","20":"loop-entry"},"supplier_id":null,"supplier_sku":"","barcode":null,"atum_controlled":true,"out_stock_date":null,"out_stock_threshold":null,"inheritable":false,"inbound_stock":0,"stock_on_hold":0,"sold_today":0,"sales_last_days":1,"out_stock_days":0,"lost_sales":0,"has_location":false,"update_date":"2026-04-15T00:05:19","atum_locations":[],"atum_stock_status":"instock","restock_status":false,"low_stock_amount":"","sales_update_date":"2026-04-15T00:05:19","calc_backorders":null,"yoast_head":"<!-- This site is optimized with the Yoast SEO plugin v27.2 - https:\/\/yoast.com\/product\/yoast-seo-wordpress\/ -->\n<title>MediPeel Cell Toxing Dermajours Cream - IDA.KOREA<\/title>\n<meta name=\"description\" content=\"Noorendav kreem t\u00fcvirakkudega MediPeel Cell Toxing Dermajours Cream taastab t\u00f5husalt naha toonust, suurendades kudede elastsust ja tugevust, pinguldades ja t\u00f5stes n\u00e4o kontuure.\" \/>\n<meta name=\"robots\" content=\"index, follow, max-snippet:-1, max-image-preview:large, max-video-preview:-1\" \/>\n<link rel=\"canonical\" href=\"https:\/\/idakorea.ee\/fi\/product\/noorendav-kreem-tuvirakkudega-medi-peel-cell-toxing-dermajours-cream\/\" \/>\n<meta property=\"og:locale\" content=\"fi_FI\" \/>\n<meta property=\"og:type\" content=\"article\" \/>\n<meta property=\"og:title\" content=\"MediPeel Cell Toxing Dermajours Cream - IDA.KOREA\" \/>\n<meta property=\"og:description\" content=\"Noorendav kreem t\u00fcvirakkudega MediPeel Cell Toxing Dermajours Cream taastab t\u00f5husalt naha toonust, suurendades kudede elastsust ja tugevust, pinguldades ja t\u00f5stes n\u00e4o kontuure.\" \/>\n<meta property=\"og:url\" content=\"https:\/\/idakorea.ee\/fi\/product\/noorendav-kreem-tuvirakkudega-medi-peel-cell-toxing-dermajours-cream\/\" \/>\n<meta property=\"og:site_name\" content=\"IDA.KOREA\" \/>\n<meta property=\"article:modified_time\" content=\"2026-04-13T15:30:58+00:00\" \/>\n<meta property=\"og:image\" content=\"https:\/\/idakorea.ee\/wp-content\/uploads\/2024\/09\/medipeel-cell-tox.jpg\" \/>\n\t<meta property=\"og:image:width\" content=\"695\" \/>\n\t<meta property=\"og:image:height\" content=\"695\" \/>\n\t<meta property=\"og:image:type\" content=\"image\/jpeg\" \/>\n<meta name=\"twitter:card\" content=\"summary_large_image\" \/>\n<meta name=\"twitter:label1\" content=\"Arvioitu lukuaika\" \/>\n\t<meta name=\"twitter:data1\" content=\"2 minuuttia\" \/>\n<script type=\"application\/ld+json\" class=\"yoast-schema-graph\">{\"@context\":\"https:\/\/schema.org\",\"@graph\":[{\"@type\":\"WebPage\",\"@id\":\"https:\/\/idakorea.ee\/product\/noorendav-kreem-tuvirakkudega-medi-peel-cell-toxing-dermajours-cream\/\",\"url\":\"https:\/\/idakorea.ee\/product\/noorendav-kreem-tuvirakkudega-medi-peel-cell-toxing-dermajours-cream\/\",\"name\":\"MediPeel Cell Toxing Dermajours Cream - IDA.KOREA\",\"isPartOf\":{\"@id\":\"https:\/\/idakorea.ee\/#website\"},\"primaryImageOfPage\":{\"@id\":\"https:\/\/idakorea.ee\/product\/noorendav-kreem-tuvirakkudega-medi-peel-cell-toxing-dermajours-cream\/#primaryimage\"},\"image\":{\"@id\":\"https:\/\/idakorea.ee\/product\/noorendav-kreem-tuvirakkudega-medi-peel-cell-toxing-dermajours-cream\/#primaryimage\"},\"thumbnailUrl\":\"https:\/\/idakorea.ee\/wp-content\/uploads\/2024\/09\/medipeel-cell-tox.jpg\",\"datePublished\":\"2024-09-11T07:22:17+00:00\",\"dateModified\":\"2026-04-13T15:30:58+00:00\",\"description\":\"Noorendav kreem t\u00fcvirakkudega MediPeel Cell Toxing Dermajours Cream taastab t\u00f5husalt naha toonust, suurendades kudede elastsust ja tugevust, pinguldades ja t\u00f5stes n\u00e4o kontuure.\",\"breadcrumb\":{\"@id\":\"https:\/\/idakorea.ee\/product\/noorendav-kreem-tuvirakkudega-medi-peel-cell-toxing-dermajours-cream\/#breadcrumb\"},\"inLanguage\":\"fi\",\"potentialAction\":[{\"@type\":\"ReadAction\",\"target\":[\"https:\/\/idakorea.ee\/product\/noorendav-kreem-tuvirakkudega-medi-peel-cell-toxing-dermajours-cream\/\"]}]},{\"@type\":\"ImageObject\",\"inLanguage\":\"fi\",\"@id\":\"https:\/\/idakorea.ee\/product\/noorendav-kreem-tuvirakkudega-medi-peel-cell-toxing-dermajours-cream\/#primaryimage\",\"url\":\"https:\/\/idakorea.ee\/wp-content\/uploads\/2024\/09\/medipeel-cell-tox.jpg\",\"contentUrl\":\"https:\/\/idakorea.ee\/wp-content\/uploads\/2024\/09\/medipeel-cell-tox.jpg\",\"width\":695,\"height\":695,\"caption\":\"medipeel cell tox\"},{\"@type\":\"BreadcrumbList\",\"@id\":\"https:\/\/idakorea.ee\/product\/noorendav-kreem-tuvirakkudega-medi-peel-cell-toxing-dermajours-cream\/#breadcrumb\",\"itemListElement\":[{\"@type\":\"ListItem\",\"position\":1,\"name\":\"\u0413\u043b\u0430\u0432\u043d\u0430\u044f \u0441\u0442\u0440\u0430\u043d\u0438\u0446\u0430\",\"item\":\"https:\/\/idakorea.ee\/\"},{\"@type\":\"ListItem\",\"position\":2,\"name\":\"Shop\",\"item\":\"https:\/\/idakorea.ee\/shop-2\/\"},{\"@type\":\"ListItem\",\"position\":3,\"name\":\"Noorendav kreem t\u00fcvirakkudega Medi-Peel Cell Toxing Dermajours Cream, 50ml\"}]},{\"@type\":\"WebSite\",\"@id\":\"https:\/\/idakorea.ee\/#website\",\"url\":\"https:\/\/idakorea.ee\/\",\"name\":\"IDA.KOREA\",\"description\":\"Korea kosmeetika e-pood\",\"publisher\":{\"@id\":\"https:\/\/idakorea.ee\/#organization\"},\"alternateName\":\"Beauty Shop\",\"potentialAction\":[{\"@type\":\"SearchAction\",\"target\":{\"@type\":\"EntryPoint\",\"urlTemplate\":\"https:\/\/idakorea.ee\/?s={search_term_string}\"},\"query-input\":{\"@type\":\"PropertyValueSpecification\",\"valueRequired\":true,\"valueName\":\"search_term_string\"}}],\"inLanguage\":\"fi\"},{\"@type\":\"Organization\",\"@id\":\"https:\/\/idakorea.ee\/#organization\",\"name\":\"IDA.KOREA\",\"url\":\"https:\/\/idakorea.ee\/\",\"logo\":{\"@type\":\"ImageObject\",\"inLanguage\":\"fi\",\"@id\":\"https:\/\/idakorea.ee\/#\/schema\/logo\/image\/\",\"url\":\"https:\/\/idakorea.ee\/wp-content\/uploads\/2024\/05\/cropped-korea3.png\",\"contentUrl\":\"https:\/\/idakorea.ee\/wp-content\/uploads\/2024\/05\/cropped-korea3.png\",\"width\":688,\"height\":126,\"caption\":\"IDA.KOREA\"},\"image\":{\"@id\":\"https:\/\/idakorea.ee\/#\/schema\/logo\/image\/\"},\"sameAs\":[\"https:\/\/www.instagram.com\/ida.korea\/\"]}]}<\/script>\n<!-- \/ Yoast SEO plugin. -->","yoast_head_json":{"title":"MediPeel Cell Toxing Dermajours -voide - IDA.KOREA","description":"MediPeel Cell Toxing Dermajours Cream, kantasoluja sis\u00e4lt\u00e4v\u00e4 nuorentava voide, palauttaa tehokkaasti ihon s\u00e4vyn, lis\u00e4\u00e4 kudosten kimmoisuutta ja vahvuutta sek\u00e4 kiinteytt\u00e4\u00e4 ja kohottaa kasvojen piirteit\u00e4.","robots":{"index":"index","follow":"follow","max-snippet":"max-snippet:-1","max-image-preview":"max-image-preview:large","max-video-preview":"max-video-preview:-1"},"canonical":"https:\/\/idakorea.ee\/fi\/product\/noorendav-kreem-tuvirakkudega-medi-peel-cell-toxing-dermajours-cream\/","og_locale":"fi_FI","og_type":"article","og_title":"MediPeel Cell Toxing Dermajours Cream - IDA.KOREA","og_description":"Noorendav kreem t\u00fcvirakkudega MediPeel Cell Toxing Dermajours Cream taastab t\u00f5husalt naha toonust, suurendades kudede elastsust ja tugevust, pinguldades ja t\u00f5stes n\u00e4o kontuure.","og_url":"https:\/\/idakorea.ee\/fi\/product\/noorendav-kreem-tuvirakkudega-medi-peel-cell-toxing-dermajours-cream\/","og_site_name":"IDA.KOREA","article_modified_time":"2026-04-13T15:30:58+00:00","og_image":[{"width":695,"height":695,"url":"https:\/\/idakorea.ee\/wp-content\/uploads\/2024\/09\/medipeel-cell-tox.jpg","type":"image\/jpeg"}],"twitter_card":"summary_large_image","twitter_misc":{"Arvioitu lukuaika":"2 minuuttia"},"schema":{"@context":"https:\/\/schema.org","@graph":[{"@type":"WebPage","@id":"https:\/\/idakorea.ee\/product\/noorendav-kreem-tuvirakkudega-medi-peel-cell-toxing-dermajours-cream\/","url":"https:\/\/idakorea.ee\/product\/noorendav-kreem-tuvirakkudega-medi-peel-cell-toxing-dermajours-cream\/","name":"MediPeel Cell Toxing Dermajours -voide - IDA.KOREA","isPartOf":{"@id":"https:\/\/idakorea.ee\/#website"},"primaryImageOfPage":{"@id":"https:\/\/idakorea.ee\/product\/noorendav-kreem-tuvirakkudega-medi-peel-cell-toxing-dermajours-cream\/#primaryimage"},"image":{"@id":"https:\/\/idakorea.ee\/product\/noorendav-kreem-tuvirakkudega-medi-peel-cell-toxing-dermajours-cream\/#primaryimage"},"thumbnailUrl":"https:\/\/idakorea.ee\/wp-content\/uploads\/2024\/09\/medipeel-cell-tox.jpg","datePublished":"2024-09-11T07:22:17+00:00","dateModified":"2026-04-13T15:30:58+00:00","description":"MediPeel Cell Toxing Dermajours Cream, kantasoluja sis\u00e4lt\u00e4v\u00e4 nuorentava voide, palauttaa tehokkaasti ihon s\u00e4vyn, lis\u00e4\u00e4 kudosten kimmoisuutta ja vahvuutta sek\u00e4 kiinteytt\u00e4\u00e4 ja kohottaa kasvojen piirteit\u00e4.","breadcrumb":{"@id":"https:\/\/idakorea.ee\/product\/noorendav-kreem-tuvirakkudega-medi-peel-cell-toxing-dermajours-cream\/#breadcrumb"},"inLanguage":"fi","potentialAction":[{"@type":"ReadAction","target":["https:\/\/idakorea.ee\/product\/noorendav-kreem-tuvirakkudega-medi-peel-cell-toxing-dermajours-cream\/"]}]},{"@type":"ImageObject","inLanguage":"fi","@id":"https:\/\/idakorea.ee\/product\/noorendav-kreem-tuvirakkudega-medi-peel-cell-toxing-dermajours-cream\/#primaryimage","url":"https:\/\/idakorea.ee\/wp-content\/uploads\/2024\/09\/medipeel-cell-tox.jpg","contentUrl":"https:\/\/idakorea.ee\/wp-content\/uploads\/2024\/09\/medipeel-cell-tox.jpg","width":695,"height":695,"caption":"medipeel cell tox"},{"@type":"BreadcrumbList","@id":"https:\/\/idakorea.ee\/product\/noorendav-kreem-tuvirakkudega-medi-peel-cell-toxing-dermajours-cream\/#breadcrumb","itemListElement":[{"@type":"ListItem","position":1,"name":"\u0413\u043b\u0430\u0432\u043d\u0430\u044f \u0441\u0442\u0440\u0430\u043d\u0438\u0446\u0430","item":"https:\/\/idakorea.ee\/"},{"@type":"ListItem","position":2,"name":"Shop","item":"https:\/\/idakorea.ee\/shop-2\/"},{"@type":"ListItem","position":3,"name":"Noorendav kreem t\u00fcvirakkudega Medi-Peel Cell Toxing Dermajours Cream, 50ml"}]},{"@type":"WebSite","@id":"https:\/\/idakorea.ee\/#website","url":"https:\/\/idakorea.ee\/","name":"IDA.KOREA","description":"Korean kosmetiikan verkkokauppa","publisher":{"@id":"https:\/\/idakorea.ee\/#organization"},"alternateName":"Beauty Shop","potentialAction":[{"@type":"SearchAction","target":{"@type":"EntryPoint","urlTemplate":"https:\/\/idakorea.ee\/?s={search_term_string}"},"query-input":{"@type":"PropertyValueSpecification","valueRequired":true,"valueName":"search_term_string"}}],"inLanguage":"fi"},{"@type":"Organization","@id":"https:\/\/idakorea.ee\/#organization","name":"IDA.KOREA","url":"https:\/\/idakorea.ee\/","logo":{"@type":"ImageObject","inLanguage":"fi","@id":"https:\/\/idakorea.ee\/#\/schema\/logo\/image\/","url":"https:\/\/idakorea.ee\/wp-content\/uploads\/2024\/05\/cropped-korea3.png","contentUrl":"https:\/\/idakorea.ee\/wp-content\/uploads\/2024\/05\/cropped-korea3.png","width":688,"height":126,"caption":"IDA.KOREA"},"image":{"@id":"https:\/\/idakorea.ee\/#\/schema\/logo\/image\/"},"sameAs":["https:\/\/www.instagram.com\/ida.korea\/"]}]}},"jetpack_sharing_enabled":true,"brands":[{"id":107,"name":"MEDIPEEL+","slug":"medipeel"}],"_links":{"self":[{"href":"https:\/\/idakorea.ee\/fi\/wp-json\/wp\/v2\/product\/10548","targetHints":{"allow":["GET"]}}],"collection":[{"href":"https:\/\/idakorea.ee\/fi\/wp-json\/wp\/v2\/product"}],"about":[{"href":"https:\/\/idakorea.ee\/fi\/wp-json\/wp\/v2\/types\/product"}],"replies":[{"embeddable":true,"href":"https:\/\/idakorea.ee\/fi\/wp-json\/wp\/v2\/comments?post=10548"}],"version-history":[{"count":3,"href":"https:\/\/idakorea.ee\/fi\/wp-json\/wp\/v2\/product\/10548\/revisions"}],"predecessor-version":[{"id":17296,"href":"https:\/\/idakorea.ee\/fi\/wp-json\/wp\/v2\/product\/10548\/revisions\/17296"}],"wp:featuredmedia":[{"embeddable":true,"href":"https:\/\/idakorea.ee\/fi\/wp-json\/wp\/v2\/media\/10549"}],"wp:attachment":[{"href":"https:\/\/idakorea.ee\/fi\/wp-json\/wp\/v2\/media?parent=10548"}],"wp:term":[{"taxonomy":"pwb-brand","embeddable":true,"href":"https:\/\/idakorea.ee\/fi\/wp-json\/wp\/v2\/pwb-brand?post=10548"},{"taxonomy":"product_brand","embeddable":true,"href":"https:\/\/idakorea.ee\/fi\/wp-json\/wp\/v2\/product_brand?post=10548"},{"taxonomy":"product_cat","embeddable":true,"href":"https:\/\/idakorea.ee\/fi\/wp-json\/wp\/v2\/product_cat?post=10548"},{"taxonomy":"product_tag","embeddable":true,"href":"https:\/\/idakorea.ee\/fi\/wp-json\/wp\/v2\/product_tag?post=10548"}],"curies":[{"name":"wp","href":"https:\/\/api.w.org\/{rel}","templated":true}]}}