{"id":10556,"date":"2024-09-11T12:04:38","date_gmt":"2024-09-11T09:04:38","guid":{"rendered":"https:\/\/idakorea.ee\/?post_type=product&#038;p=10556"},"modified":"2026-04-03T10:59:58","modified_gmt":"2026-04-03T08:59:58","slug":"noorendav-tuvirakkudega-ampullseerum-medi-peel-cell-toxing-dermajou-ampoule","status":"publish","type":"product","link":"https:\/\/idakorea.ee\/fi\/product\/noorendav-tuvirakkudega-ampullseerum-medi-peel-cell-toxing-dermajou-ampoule\/","title":{"rendered":"Nuorentava kantasoluampulliseerumi Medi-Peel Cell Toxing Dermajou Ampoule, 100ml"},"content":{"rendered":"<p>Nuorentava kantasoluampulli seerumi <strong>Medi-Peel Cell Toxing Dermajou ampulli<\/strong> on suunniteltu torjumaan tehokkaasti ihon ik\u00e4\u00e4ntymist\u00e4 ja kimmoisuuden heikkenemist\u00e4. Seerumi v\u00e4hent\u00e4\u00e4 olemassa olevia ryppyj\u00e4 ja ehk\u00e4isee uusien syntymist\u00e4, mik\u00e4 pident\u00e4\u00e4 ihon nuorekkuutta. Tuote palauttaa ihon s\u00e4vy\u00e4, lis\u00e4\u00e4 kudosten kimmoisuutta ja kiinteytt\u00e4 sek\u00e4 kiinteytt\u00e4\u00e4 ja kirist\u00e4\u00e4 kasvojen \u00e4\u00e4riviivoja. Seerumilla on liev\u00e4sti kohottava vaikutus, joka tasoittaa ja v\u00e4hent\u00e4\u00e4 ryppyjen ja ihovirheiden syvyytt\u00e4.<\/p>\n<p>Tuote vahvistaa ihon vastustuskyky\u00e4, antaa energiaa, palauttaa s\u00e4vyn ja terveen hehkun. Seerumi kosteuttaa intensiivisesti ja yll\u00e4pit\u00e4\u00e4 optimaalisen kosteustasapainon epidermissoluissa. Se kirkastaa kevyesti ihon yleist\u00e4 s\u00e4vy\u00e4, v\u00e4hent\u00e4\u00e4 ei-toivottua pigmentaatiota ja ik\u00e4\u00e4ntymislaikkuja.<\/p>\n<p>Seerumin p\u00e4\u00e4komponentit ovat kasviper\u00e4isi\u00e4 kantasoluja, jotka rikastuttavat ihon soluja hapella, suojaavat ihoa vapailta radikaaleilta ja suojaavat DNA:ta ymp\u00e4rist\u00f6n vahingollisilta vaikutuksilta. N\u00e4m\u00e4 aineet tunkeutuvat ihon syvempiin kerroksiin ja edist\u00e4v\u00e4t kollageeni- ja elastiinikuitujen voimakasta kasvua. Lis\u00e4ksi seerumi sis\u00e4lt\u00e4\u00e4 erityisi\u00e4 liposomikapseleita, jotka muistuttavat solukalvojen rakennetta, jolloin aktiiviset ainesosat p\u00e4\u00e4sev\u00e4t tunkeutumaan syvemm\u00e4lle epidermikseen ja imeytym\u00e4\u00e4n tehokkaammin ihoon.<\/p>\n<p>&nbsp;<\/p>\n<p><strong>T\u00e4rkeimm\u00e4t vaikuttavat aineet: <\/strong><\/p>\n<ul>\n<li><strong>Edelweissi<\/strong> kantasoluilla on vahva potentiaali moninkertaistaa uusien ihosolujen muodostumisnopeus. Kantasolut her\u00e4tt\u00e4v\u00e4t lepotilassa olevat solut, nopeuttavat aineenvaihduntaa ja mikroverenkiertoa ja hidastavat ik\u00e4\u00e4ntymisprosessia. Ne vahvistavat ihon vastustuskyky\u00e4, stimuloivat kollageenin ja elastiinin tuotantoa ja parantavat ihon kimmoisuutta.<\/li>\n<li><strong>Niasiiniamidi<\/strong> Stimuloi kollageenisynteesi\u00e4 ja parantaa ihon suojaavia toimintoja, v\u00e4hent\u00e4\u00e4 transsepidermist\u00e4 kosteudenhukkaa, auttaa poistamaan pigmentaatiota, kosteuttaa, supistaa huokosia, rauhoittaa ja kirkastaa ihoa.<\/li>\n<li><strong>Adenos<\/strong> on yksi yleisimmin k\u00e4ytetyist\u00e4 ainesosista ik\u00e4\u00e4ntymisen torjunnassa. Se kiinteytt\u00e4\u00e4 ihoa, tasoittaa ryppyj\u00e4, nopeuttaa aineenvaihduntaa ja ehk\u00e4isee ik\u00e4\u00e4ntymisen merkkej\u00e4.<\/li>\n<li><strong>Viikunauute<\/strong> sis\u00e4lt\u00e4\u00e4 erityist\u00e4 entsyymi\u00e4, fisiini\u00e4, joka puhdistaa, kuorii hell\u00e4varaisesti sarveiskerrosta, tasoittaa ihon s\u00e4vy\u00e4 ja edist\u00e4\u00e4 ihon uudistumista aiheuttamatta \u00e4rsytyst\u00e4.<\/li>\n<\/ul>\n<p><strong>9-peptidikompleksi:<\/strong><\/p>\n<ul>\n<li>Rejuvenating (Palmitoyl Tripeptide-5, Copper Tripeptide-1, Tripeptide-1, Acetyl Octapeptide-3, Acetyl Hexapeptide-8, Palmitoyl Tripeptide-1) v\u00e4hent\u00e4v\u00e4t ryppyjen syvyytt\u00e4, lis\u00e4\u00e4v\u00e4t kollageenin tuotantoa, hidastavat ihon ik\u00e4\u00e4ntymisprosessia, edist\u00e4v\u00e4t ihon solujen uusiutumista, yll\u00e4pit\u00e4v\u00e4t ihon nuorekkuutta ja palauttavat sen kimmoisuuden. Boto-vaikutus ehk\u00e4isee mimisten ryppyjen muodostumista.<\/li>\n<li>Rauhoittavat (nonapeptidi-1, palmitoyylitetrapeptidi-7) v\u00e4hent\u00e4v\u00e4t tulehdusta ja lievitt\u00e4v\u00e4t punoitusta ja \u00e4rsytyst\u00e4 est\u00e4m\u00e4ll\u00e4 interleukiini-6:n signaalimolekyylin toimintaa.<\/li>\n<li>Suojaavat aineet (palmitoyylipentapeptidi-4, heksapeptidi-9) parantavat ihon rakennetta, stimuloivat kollageenikuitujen kasvua ja est\u00e4v\u00e4t hajoamista, nopeuttavat uudistumista ja vaikuttavat solujen uudelleenmuokkaukseen.<\/li>\n<\/ul>\n<p>&nbsp;<\/p>\n<p>Suositellaan kyps\u00e4lle iholle.<\/p>\n<p><strong>K\u00e4ytt\u00f6:<\/strong> Levit\u00e4 tarvittava m\u00e4\u00e4r\u00e4 seerumia kevyin hierovin liikkein puhtaalle, s\u00e4vytetylle iholle.<\/p>","protected":false},"excerpt":{"rendered":"<p>Medi-Peel Cell Toxing Dermajoule Ampoule -kantasoluampulliseerumi on suunniteltu torjumaan tehokkaasti ihon ik\u00e4\u00e4ntymist\u00e4 ja kimmoisuuden heikkenemist\u00e4. Seerumi v\u00e4hent\u00e4\u00e4 olemassa olevia ryppyj\u00e4 ja ehk\u00e4isee uusien syntymist\u00e4, mik\u00e4 pident\u00e4\u00e4 ihon nuorekkuutta. Tuote palauttaa ihon s\u00e4vy\u00e4, lis\u00e4\u00e4 kudosten kimmoisuutta ja kiinteytt\u00e4 sek\u00e4 kiinteytt\u00e4\u00e4 ja kirist\u00e4\u00e4 kasvojen \u00e4\u00e4riviivoja. Seerumilla on kevyt kohottava vaikutus, joka tasoittaa ja v\u00e4hent\u00e4\u00e4 ryppyjen ulkon\u00e4k\u00f6\u00e4,...<\/p>","protected":false},"featured_media":10557,"comment_status":"open","ping_status":"closed","template":"","meta":{"_uf_show_specific_survey":0,"_uf_disable_surveys":false,"_bst_post_transparent":"default","_bst_post_title":"","_bst_post_layout":"default","_bst_post_sidebar_id":"","_bst_post_content_style":"default","_bst_post_vertical_padding":"default","_bst_post_feature":"","_bst_post_feature_position":"","_bst_post_header":false,"_bst_post_footer":false},"pwb-brand":[107],"product_brand":[],"product_cat":[92,97],"product_tag":[692,381],"class_list":{"0":"post-10556","1":"product","2":"type-product","3":"status-publish","4":"has-post-thumbnail","6":"pwb-brand-medipeel","7":"product_cat-nagu","8":"product_cat-naoseerumid-ja-olid","9":"product_tag-cell-toxing-dermajou-ampoule","10":"product_tag-medipeel","12":"first","13":"instock","14":"sale","15":"featured","16":"shipping-taxable","17":"purchasable","18":"product-type-simple","19":"entry","20":"content-bg","21":"loop-entry"},"supplier_id":null,"supplier_sku":"","barcode":null,"atum_controlled":true,"out_stock_date":null,"out_stock_threshold":null,"inheritable":false,"inbound_stock":0,"stock_on_hold":0,"sold_today":0,"sales_last_days":0,"out_stock_days":0,"lost_sales":0,"has_location":false,"update_date":"2026-04-14T00:05:10","atum_locations":[],"atum_stock_status":"instock","restock_status":false,"low_stock_amount":"","sales_update_date":"2026-04-14T00:05:10","calc_backorders":null,"yoast_head":"<!-- This site is optimized with the Yoast SEO plugin v27.2 - https:\/\/yoast.com\/product\/yoast-seo-wordpress\/ -->\n<title>Medi-Peel Cell Toxing Dermajou Ampoule - IDA.KOREA<\/title>\n<meta name=\"description\" content=\"Noorendav t\u00fcvirakkudega ampullseerum Medi-Peel Cell Toxing Dermajou Ampoule on loodud t\u00f5husaks v\u00f5itluseks naha vananemise ja elastsuse v\u00e4henemise vastu.\" \/>\n<meta name=\"robots\" content=\"index, follow, max-snippet:-1, max-image-preview:large, max-video-preview:-1\" \/>\n<link rel=\"canonical\" href=\"https:\/\/idakorea.ee\/fi\/product\/noorendav-tuvirakkudega-ampullseerum-medi-peel-cell-toxing-dermajou-ampoule\/\" \/>\n<meta property=\"og:locale\" content=\"fi_FI\" \/>\n<meta property=\"og:type\" content=\"article\" \/>\n<meta property=\"og:title\" content=\"Medi-Peel Cell Toxing Dermajou Ampoule - IDA.KOREA\" \/>\n<meta property=\"og:description\" content=\"Noorendav t\u00fcvirakkudega ampullseerum Medi-Peel Cell Toxing Dermajou Ampoule on loodud t\u00f5husaks v\u00f5itluseks naha vananemise ja elastsuse v\u00e4henemise vastu.\" \/>\n<meta property=\"og:url\" content=\"https:\/\/idakorea.ee\/fi\/product\/noorendav-tuvirakkudega-ampullseerum-medi-peel-cell-toxing-dermajou-ampoule\/\" \/>\n<meta property=\"og:site_name\" content=\"IDA.KOREA\" \/>\n<meta property=\"article:modified_time\" content=\"2026-04-03T08:59:58+00:00\" \/>\n<meta property=\"og:image\" content=\"https:\/\/idakorea.ee\/wp-content\/uploads\/2024\/09\/cell-toxing-ampoule.jpg\" \/>\n\t<meta property=\"og:image:width\" content=\"1024\" \/>\n\t<meta property=\"og:image:height\" content=\"1024\" \/>\n\t<meta property=\"og:image:type\" content=\"image\/jpeg\" \/>\n<meta name=\"twitter:card\" content=\"summary_large_image\" \/>\n<meta name=\"twitter:label1\" content=\"Arvioitu lukuaika\" \/>\n\t<meta name=\"twitter:data1\" content=\"2 minuuttia\" \/>\n<script type=\"application\/ld+json\" class=\"yoast-schema-graph\">{\"@context\":\"https:\/\/schema.org\",\"@graph\":[{\"@type\":\"WebPage\",\"@id\":\"https:\/\/idakorea.ee\/product\/noorendav-tuvirakkudega-ampullseerum-medi-peel-cell-toxing-dermajou-ampoule\/\",\"url\":\"https:\/\/idakorea.ee\/product\/noorendav-tuvirakkudega-ampullseerum-medi-peel-cell-toxing-dermajou-ampoule\/\",\"name\":\"Medi-Peel Cell Toxing Dermajou Ampoule - IDA.KOREA\",\"isPartOf\":{\"@id\":\"https:\/\/idakorea.ee\/#website\"},\"primaryImageOfPage\":{\"@id\":\"https:\/\/idakorea.ee\/product\/noorendav-tuvirakkudega-ampullseerum-medi-peel-cell-toxing-dermajou-ampoule\/#primaryimage\"},\"image\":{\"@id\":\"https:\/\/idakorea.ee\/product\/noorendav-tuvirakkudega-ampullseerum-medi-peel-cell-toxing-dermajou-ampoule\/#primaryimage\"},\"thumbnailUrl\":\"https:\/\/idakorea.ee\/wp-content\/uploads\/2024\/09\/cell-toxing-ampoule.jpg\",\"datePublished\":\"2024-09-11T09:04:38+00:00\",\"dateModified\":\"2026-04-03T08:59:58+00:00\",\"description\":\"Noorendav t\u00fcvirakkudega ampullseerum Medi-Peel Cell Toxing Dermajou Ampoule on loodud t\u00f5husaks v\u00f5itluseks naha vananemise ja elastsuse v\u00e4henemise vastu.\",\"breadcrumb\":{\"@id\":\"https:\/\/idakorea.ee\/product\/noorendav-tuvirakkudega-ampullseerum-medi-peel-cell-toxing-dermajou-ampoule\/#breadcrumb\"},\"inLanguage\":\"fi\",\"potentialAction\":[{\"@type\":\"ReadAction\",\"target\":[\"https:\/\/idakorea.ee\/product\/noorendav-tuvirakkudega-ampullseerum-medi-peel-cell-toxing-dermajou-ampoule\/\"]}]},{\"@type\":\"ImageObject\",\"inLanguage\":\"fi\",\"@id\":\"https:\/\/idakorea.ee\/product\/noorendav-tuvirakkudega-ampullseerum-medi-peel-cell-toxing-dermajou-ampoule\/#primaryimage\",\"url\":\"https:\/\/idakorea.ee\/wp-content\/uploads\/2024\/09\/cell-toxing-ampoule.jpg\",\"contentUrl\":\"https:\/\/idakorea.ee\/wp-content\/uploads\/2024\/09\/cell-toxing-ampoule.jpg\",\"width\":1024,\"height\":1024,\"caption\":\"medipeel cel toxing ampoule\"},{\"@type\":\"BreadcrumbList\",\"@id\":\"https:\/\/idakorea.ee\/product\/noorendav-tuvirakkudega-ampullseerum-medi-peel-cell-toxing-dermajou-ampoule\/#breadcrumb\",\"itemListElement\":[{\"@type\":\"ListItem\",\"position\":1,\"name\":\"\u0413\u043b\u0430\u0432\u043d\u0430\u044f \u0441\u0442\u0440\u0430\u043d\u0438\u0446\u0430\",\"item\":\"https:\/\/idakorea.ee\/\"},{\"@type\":\"ListItem\",\"position\":2,\"name\":\"Shop\",\"item\":\"https:\/\/idakorea.ee\/shop-2\/\"},{\"@type\":\"ListItem\",\"position\":3,\"name\":\"Noorendav t\u00fcvirakkudega ampullseerum Medi-Peel Cell Toxing Dermajou Ampoule, 100ml\"}]},{\"@type\":\"WebSite\",\"@id\":\"https:\/\/idakorea.ee\/#website\",\"url\":\"https:\/\/idakorea.ee\/\",\"name\":\"IDA.KOREA\",\"description\":\"Korea kosmeetika e-pood\",\"publisher\":{\"@id\":\"https:\/\/idakorea.ee\/#organization\"},\"alternateName\":\"Beauty Shop\",\"potentialAction\":[{\"@type\":\"SearchAction\",\"target\":{\"@type\":\"EntryPoint\",\"urlTemplate\":\"https:\/\/idakorea.ee\/?s={search_term_string}\"},\"query-input\":{\"@type\":\"PropertyValueSpecification\",\"valueRequired\":true,\"valueName\":\"search_term_string\"}}],\"inLanguage\":\"fi\"},{\"@type\":\"Organization\",\"@id\":\"https:\/\/idakorea.ee\/#organization\",\"name\":\"IDA.KOREA\",\"url\":\"https:\/\/idakorea.ee\/\",\"logo\":{\"@type\":\"ImageObject\",\"inLanguage\":\"fi\",\"@id\":\"https:\/\/idakorea.ee\/#\/schema\/logo\/image\/\",\"url\":\"https:\/\/idakorea.ee\/wp-content\/uploads\/2024\/05\/cropped-korea3.png\",\"contentUrl\":\"https:\/\/idakorea.ee\/wp-content\/uploads\/2024\/05\/cropped-korea3.png\",\"width\":688,\"height\":126,\"caption\":\"IDA.KOREA\"},\"image\":{\"@id\":\"https:\/\/idakorea.ee\/#\/schema\/logo\/image\/\"},\"sameAs\":[\"https:\/\/www.instagram.com\/ida.korea\/\"]}]}<\/script>\n<!-- \/ Yoast SEO plugin. -->","yoast_head_json":{"title":"Medi-Peel Cell Toxing Dermajou -ampulli - IDA.KOREA","description":"Medi-Peel Cell Toxing Dermajou Ampoule, nuorentava kantasoluampulliseerumi, on suunniteltu torjumaan tehokkaasti ihon ik\u00e4\u00e4ntymist\u00e4 ja kimmoisuuden menetyst\u00e4.","robots":{"index":"index","follow":"follow","max-snippet":"max-snippet:-1","max-image-preview":"max-image-preview:large","max-video-preview":"max-video-preview:-1"},"canonical":"https:\/\/idakorea.ee\/fi\/product\/noorendav-tuvirakkudega-ampullseerum-medi-peel-cell-toxing-dermajou-ampoule\/","og_locale":"fi_FI","og_type":"article","og_title":"Medi-Peel Cell Toxing Dermajou Ampoule - IDA.KOREA","og_description":"Noorendav t\u00fcvirakkudega ampullseerum Medi-Peel Cell Toxing Dermajou Ampoule on loodud t\u00f5husaks v\u00f5itluseks naha vananemise ja elastsuse v\u00e4henemise vastu.","og_url":"https:\/\/idakorea.ee\/fi\/product\/noorendav-tuvirakkudega-ampullseerum-medi-peel-cell-toxing-dermajou-ampoule\/","og_site_name":"IDA.KOREA","article_modified_time":"2026-04-03T08:59:58+00:00","og_image":[{"width":1024,"height":1024,"url":"https:\/\/idakorea.ee\/wp-content\/uploads\/2024\/09\/cell-toxing-ampoule.jpg","type":"image\/jpeg"}],"twitter_card":"summary_large_image","twitter_misc":{"Arvioitu lukuaika":"2 minuuttia"},"schema":{"@context":"https:\/\/schema.org","@graph":[{"@type":"WebPage","@id":"https:\/\/idakorea.ee\/product\/noorendav-tuvirakkudega-ampullseerum-medi-peel-cell-toxing-dermajou-ampoule\/","url":"https:\/\/idakorea.ee\/product\/noorendav-tuvirakkudega-ampullseerum-medi-peel-cell-toxing-dermajou-ampoule\/","name":"Medi-Peel Cell Toxing Dermajou -ampulli - IDA.KOREA","isPartOf":{"@id":"https:\/\/idakorea.ee\/#website"},"primaryImageOfPage":{"@id":"https:\/\/idakorea.ee\/product\/noorendav-tuvirakkudega-ampullseerum-medi-peel-cell-toxing-dermajou-ampoule\/#primaryimage"},"image":{"@id":"https:\/\/idakorea.ee\/product\/noorendav-tuvirakkudega-ampullseerum-medi-peel-cell-toxing-dermajou-ampoule\/#primaryimage"},"thumbnailUrl":"https:\/\/idakorea.ee\/wp-content\/uploads\/2024\/09\/cell-toxing-ampoule.jpg","datePublished":"2024-09-11T09:04:38+00:00","dateModified":"2026-04-03T08:59:58+00:00","description":"Medi-Peel Cell Toxing Dermajou Ampoule, nuorentava kantasoluampulliseerumi, on suunniteltu torjumaan tehokkaasti ihon ik\u00e4\u00e4ntymist\u00e4 ja kimmoisuuden menetyst\u00e4.","breadcrumb":{"@id":"https:\/\/idakorea.ee\/product\/noorendav-tuvirakkudega-ampullseerum-medi-peel-cell-toxing-dermajou-ampoule\/#breadcrumb"},"inLanguage":"fi","potentialAction":[{"@type":"ReadAction","target":["https:\/\/idakorea.ee\/product\/noorendav-tuvirakkudega-ampullseerum-medi-peel-cell-toxing-dermajou-ampoule\/"]}]},{"@type":"ImageObject","inLanguage":"fi","@id":"https:\/\/idakorea.ee\/product\/noorendav-tuvirakkudega-ampullseerum-medi-peel-cell-toxing-dermajou-ampoule\/#primaryimage","url":"https:\/\/idakorea.ee\/wp-content\/uploads\/2024\/09\/cell-toxing-ampoule.jpg","contentUrl":"https:\/\/idakorea.ee\/wp-content\/uploads\/2024\/09\/cell-toxing-ampoule.jpg","width":1024,"height":1024,"caption":"medipeel cel toxing ampoule"},{"@type":"BreadcrumbList","@id":"https:\/\/idakorea.ee\/product\/noorendav-tuvirakkudega-ampullseerum-medi-peel-cell-toxing-dermajou-ampoule\/#breadcrumb","itemListElement":[{"@type":"ListItem","position":1,"name":"\u0413\u043b\u0430\u0432\u043d\u0430\u044f \u0441\u0442\u0440\u0430\u043d\u0438\u0446\u0430","item":"https:\/\/idakorea.ee\/"},{"@type":"ListItem","position":2,"name":"Shop","item":"https:\/\/idakorea.ee\/shop-2\/"},{"@type":"ListItem","position":3,"name":"Noorendav t\u00fcvirakkudega ampullseerum Medi-Peel Cell Toxing Dermajou Ampoule, 100ml"}]},{"@type":"WebSite","@id":"https:\/\/idakorea.ee\/#website","url":"https:\/\/idakorea.ee\/","name":"IDA.KOREA","description":"Korean kosmetiikan verkkokauppa","publisher":{"@id":"https:\/\/idakorea.ee\/#organization"},"alternateName":"Beauty Shop","potentialAction":[{"@type":"SearchAction","target":{"@type":"EntryPoint","urlTemplate":"https:\/\/idakorea.ee\/?s={search_term_string}"},"query-input":{"@type":"PropertyValueSpecification","valueRequired":true,"valueName":"search_term_string"}}],"inLanguage":"fi"},{"@type":"Organization","@id":"https:\/\/idakorea.ee\/#organization","name":"IDA.KOREA","url":"https:\/\/idakorea.ee\/","logo":{"@type":"ImageObject","inLanguage":"fi","@id":"https:\/\/idakorea.ee\/#\/schema\/logo\/image\/","url":"https:\/\/idakorea.ee\/wp-content\/uploads\/2024\/05\/cropped-korea3.png","contentUrl":"https:\/\/idakorea.ee\/wp-content\/uploads\/2024\/05\/cropped-korea3.png","width":688,"height":126,"caption":"IDA.KOREA"},"image":{"@id":"https:\/\/idakorea.ee\/#\/schema\/logo\/image\/"},"sameAs":["https:\/\/www.instagram.com\/ida.korea\/"]}]}},"jetpack_sharing_enabled":true,"brands":[{"id":107,"name":"MEDIPEEL+","slug":"medipeel"}],"_links":{"self":[{"href":"https:\/\/idakorea.ee\/fi\/wp-json\/wp\/v2\/product\/10556","targetHints":{"allow":["GET"]}}],"collection":[{"href":"https:\/\/idakorea.ee\/fi\/wp-json\/wp\/v2\/product"}],"about":[{"href":"https:\/\/idakorea.ee\/fi\/wp-json\/wp\/v2\/types\/product"}],"replies":[{"embeddable":true,"href":"https:\/\/idakorea.ee\/fi\/wp-json\/wp\/v2\/comments?post=10556"}],"version-history":[{"count":3,"href":"https:\/\/idakorea.ee\/fi\/wp-json\/wp\/v2\/product\/10556\/revisions"}],"predecessor-version":[{"id":17301,"href":"https:\/\/idakorea.ee\/fi\/wp-json\/wp\/v2\/product\/10556\/revisions\/17301"}],"wp:featuredmedia":[{"embeddable":true,"href":"https:\/\/idakorea.ee\/fi\/wp-json\/wp\/v2\/media\/10557"}],"wp:attachment":[{"href":"https:\/\/idakorea.ee\/fi\/wp-json\/wp\/v2\/media?parent=10556"}],"wp:term":[{"taxonomy":"pwb-brand","embeddable":true,"href":"https:\/\/idakorea.ee\/fi\/wp-json\/wp\/v2\/pwb-brand?post=10556"},{"taxonomy":"product_brand","embeddable":true,"href":"https:\/\/idakorea.ee\/fi\/wp-json\/wp\/v2\/product_brand?post=10556"},{"taxonomy":"product_cat","embeddable":true,"href":"https:\/\/idakorea.ee\/fi\/wp-json\/wp\/v2\/product_cat?post=10556"},{"taxonomy":"product_tag","embeddable":true,"href":"https:\/\/idakorea.ee\/fi\/wp-json\/wp\/v2\/product_tag?post=10556"}],"curies":[{"name":"wp","href":"https:\/\/api.w.org\/{rel}","templated":true}]}}