{"id":10595,"date":"2024-09-16T13:14:35","date_gmt":"2024-09-16T10:14:35","guid":{"rendered":"https:\/\/idakorea.ee\/?post_type=product&#038;p=10595"},"modified":"2026-02-08T19:02:45","modified_gmt":"2026-02-08T17:02:45","slug":"silmaplaastrid-c-vitamiiniga-ckd-vita-c-teca-triple-blemish-patch-60tk","status":"publish","type":"product","link":"https:\/\/idakorea.ee\/fi\/product\/silmaplaastrid-c-vitamiiniga-ckd-vita-c-teca-triple-blemish-patch-60tk\/","title":{"rendered":"C-vitamiinia sis\u00e4lt\u00e4v\u00e4t silm\u00e4laastarit CKD Vita C Teca Triple Blemish Patch, 60kpl"},"content":{"rendered":"<p><strong>CKD Vita C Teca -kolmoisvirhelaastari<\/strong> Valkaisevat silm\u00e4laastarit kosteuttavat herkk\u00e4\u00e4 silm\u00e4nymp\u00e4rysihoa, poistavat sameuden ja v\u00e4symyksen merkkej\u00e4. Niill\u00e4 on kiinteytt\u00e4v\u00e4 vaikutus ja ne tukevat ihon kimmoisuutta.<\/p>\n<p>Hydrogeelilaastari v\u00e4hent\u00e4\u00e4 ruskeiden ja kellert\u00e4vien pigmenttil\u00e4iskien voimakkuutta, torjuu tummia silm\u00e4nalusia, tasoittaa ihon s\u00e4vy\u00e4 ja antaa luonnollisen hehkun.<\/p>\n<p>Sis\u00e4lt\u00e4\u00e4 askorbiinihappoa, ep\u00e4stabiilia mutta eritt\u00e4in tehokasta C-vitamiinin muotoa, sek\u00e4 viitt\u00e4 stabiilia C-vitamiinin muotoa: magnesiumaskorbyylifosfaattia, askorbyyliglukosidia, natriumaskorbyylifosfaattia, etyyliaskorbiinihappoa ja askorbyylitetraisopalmitaattia.<\/p>\n<p><strong>C-vitamiini<\/strong> vaalentaa hyperpigmentaatiota, ehk\u00e4isee sen muodostumista, stimuloi kollageenin tuotantoa ja tarjoaa antioksidanttisuojan soluille.<\/p>\n<p><strong>Muut vaikuttavat aineet:<\/strong><\/p>\n<ul>\n<li>Arbutiini auttaa v\u00e4hent\u00e4m\u00e4\u00e4n ik\u00e4l\u00e4iski\u00e4 ja tasoittamaan ihon s\u00e4vy\u00e4 vaikuttamalla melaniinisynteesiin, suojaa ultraviolettis\u00e4teilylt\u00e4 ja vahvistaa ihon suojamuuria.<\/li>\n<li>Glutationi on voimakas antioksidantti, joka suojaa ulkoisen ymp\u00e4rist\u00f6n haitallisilta vaikutuksilta. Se hidastaa ik\u00e4\u00e4ntymisprosessia, kiinteytt\u00e4\u00e4, tasoittaa ihon s\u00e4vy\u00e4, v\u00e4hent\u00e4\u00e4 punoitusta ja valkaisee pigmenttialueita.<\/li>\n<li>Traneksaamihappo on valkaiseva aine, joka est\u00e4\u00e4 tyrosinaasia, melaniinin tuotantoa aktivoivaa entsyymi\u00e4. Se ei aiheuta valoherkkyytt\u00e4 ja sopii k\u00e4ytett\u00e4v\u00e4ksi p\u00e4iv\u00e4saikaan.<\/li>\n<li>Centella-kompleksi sis\u00e4lt\u00e4\u00e4 aasianlumpeen uutteen, asiatikosidin, aasialaisen hapon, madekassosidin ja madekassosidihapon. Rauhoittaa \u00e4rsytyst\u00e4 ja punoitusta, v\u00e4hent\u00e4\u00e4 herkkyytt\u00e4 ja auttaa torjumaan ruusufinnin oireita.<\/li>\n<li>Niasiiniamidi (B3-vitamiini) tarjoaa monivaikutteisen vaikutuksen: kirkastaa ja ehk\u00e4isee pigmentaation muodostumista sek\u00e4 stimuloi kollageenin tuotantoa, mik\u00e4 lis\u00e4\u00e4 ihon kimmoisuutta. Viisi erilaista hyaluronihappoa sitovat kosteutta ja luovat kosteutta pid\u00e4tt\u00e4v\u00e4n esteen epidermiksen pinnalle, poistaen kuivuutta ja kireytt\u00e4 sek\u00e4 tukien ihon kimmoisuutta ja kiinteytt\u00e4.<\/li>\n<\/ul>\n<p><strong>K\u00e4ytt\u00f6:<\/strong> Pesun ja kasvoveden j\u00e4lkeen ota laastarit pakkauksesta lastalla ja levit\u00e4 silmien alle tai muille hoitoa tarvitseville alueille, kuten poskille tai nen\u00e4n ja suun poimuille. Poista laastarit 30\u201340 minuutin kuluttua, kun ne muuttuvat l\u00e4pin\u00e4kyviksi, ja taputtele kevyesti sormenp\u00e4ill\u00e4, jotta j\u00e4ljelle j\u00e4\u00e4nyt voide imeytyy ihoon.<\/p>","protected":false},"excerpt":{"rendered":"<p>CKD Vita C Teca Triple Blemish Patch -valkaisevat silm\u00e4laastarit kosteuttavat herkk\u00e4\u00e4 silm\u00e4nymp\u00e4rysihoa ja poistavat sameuden ja v\u00e4symyksen j\u00e4ljet. Niill\u00e4 on kiinteytt\u00e4v\u00e4 vaikutus ja ne tukevat ihon kimmoisuutta. Hydrogeelilaastarit v\u00e4hent\u00e4v\u00e4t ruskean ja keltaisen pigmentaation voimakkuutta, torjuvat tummia silm\u00e4nalusia, tasoittavat ihon s\u00e4vy\u00e4 ja antavat luonnollisen hehkun. Sis\u00e4lt\u00e4v\u00e4t askorbiinihappoa, ep\u00e4vakaata mutta eritt\u00e4in tehokasta C-vitamiinia.....<\/p>","protected":false},"featured_media":10596,"comment_status":"open","ping_status":"closed","template":"","meta":{"_uf_show_specific_survey":0,"_uf_disable_surveys":false,"_bst_post_transparent":"default","_bst_post_title":"","_bst_post_layout":"default","_bst_post_sidebar_id":"","_bst_post_content_style":"default","_bst_post_vertical_padding":"default","_bst_post_feature":"","_bst_post_feature_position":"","_bst_post_header":false,"_bst_post_footer":false},"pwb-brand":[560],"product_brand":[],"product_cat":[92,99,385],"product_tag":[617,561],"class_list":{"0":"post-10595","1":"product","2":"type-product","3":"status-publish","4":"has-post-thumbnail","6":"pwb-brand-ckd","7":"product_cat-nagu","8":"product_cat-silmad-ja-huuled-2","9":"product_cat-silmapadjad","10":"product_tag-c-vitamin","11":"product_tag-ckd","13":"first","14":"instock","15":"sale","16":"shipping-taxable","17":"purchasable","18":"product-type-simple","19":"entry","20":"content-bg","21":"loop-entry"},"supplier_id":null,"supplier_sku":"","barcode":null,"atum_controlled":true,"out_stock_date":null,"out_stock_threshold":null,"inheritable":false,"inbound_stock":0,"stock_on_hold":0,"sold_today":0,"sales_last_days":0,"out_stock_days":0,"lost_sales":0,"has_location":false,"update_date":"2026-04-14T00:05:07","atum_locations":[],"atum_stock_status":"instock","restock_status":false,"low_stock_amount":"","sales_update_date":"2026-04-14T00:05:07","calc_backorders":null,"yoast_head":"<!-- This site is optimized with the Yoast SEO plugin v27.2 - https:\/\/yoast.com\/product\/yoast-seo-wordpress\/ -->\n<title>Silmaplaastrid C-vitamiiniga CKD Vita C Teca Triple Blemish Patch, 60tk - IDA.KOREA<\/title>\n<meta name=\"robots\" content=\"index, follow, max-snippet:-1, max-image-preview:large, max-video-preview:-1\" \/>\n<link rel=\"canonical\" href=\"https:\/\/idakorea.ee\/fi\/product\/silmaplaastrid-c-vitamiiniga-ckd-vita-c-teca-triple-blemish-patch-60tk\/\" \/>\n<meta property=\"og:locale\" content=\"fi_FI\" \/>\n<meta property=\"og:type\" content=\"article\" \/>\n<meta property=\"og:title\" content=\"Silmaplaastrid C-vitamiiniga CKD Vita C Teca Triple Blemish Patch, 60tk - IDA.KOREA\" \/>\n<meta property=\"og:description\" content=\"CKD Vita C Teca Triple Blemish Patch valgendavad silmaplaastreid niisutavad \u00f5rna silma\u00fcmbruse nahka, eemaldavad tuhmuse ja v\u00e4simuse j\u00e4ljed. Neil on tugevdav toime ja need toetavad naha elastsust. H\u00fcdrogeelplaaster v\u00e4hendab pruunide ja kollakate pigmendilaikude intensiivsust, v\u00f5itleb tumedate ringide vastu, muudab naha tooni \u00fchtlaseks ja annab loomuliku s\u00e4ra. Sisaldavad askorbiinhapet, mis on ebastabiilne, kuid v\u00e4ga t\u00f5hus C-vitamiini...\" \/>\n<meta property=\"og:url\" content=\"https:\/\/idakorea.ee\/fi\/product\/silmaplaastrid-c-vitamiiniga-ckd-vita-c-teca-triple-blemish-patch-60tk\/\" \/>\n<meta property=\"og:site_name\" content=\"IDA.KOREA\" \/>\n<meta property=\"article:modified_time\" content=\"2026-02-08T17:02:45+00:00\" \/>\n<meta property=\"og:image\" content=\"https:\/\/idakorea.ee\/wp-content\/uploads\/2024\/09\/ckd-vita-c-teca-triple-blemish-patch.jpg\" \/>\n\t<meta property=\"og:image:width\" content=\"1000\" \/>\n\t<meta property=\"og:image:height\" content=\"1000\" \/>\n\t<meta property=\"og:image:type\" content=\"image\/jpeg\" \/>\n<meta name=\"twitter:card\" content=\"summary_large_image\" \/>\n<meta name=\"twitter:label1\" content=\"Arvioitu lukuaika\" \/>\n\t<meta name=\"twitter:data1\" content=\"2 minuuttia\" \/>\n<script type=\"application\/ld+json\" class=\"yoast-schema-graph\">{\"@context\":\"https:\/\/schema.org\",\"@graph\":[{\"@type\":\"WebPage\",\"@id\":\"https:\/\/idakorea.ee\/product\/silmaplaastrid-c-vitamiiniga-ckd-vita-c-teca-triple-blemish-patch-60tk\/\",\"url\":\"https:\/\/idakorea.ee\/product\/silmaplaastrid-c-vitamiiniga-ckd-vita-c-teca-triple-blemish-patch-60tk\/\",\"name\":\"Silmaplaastrid C-vitamiiniga CKD Vita C Teca Triple Blemish Patch, 60tk - IDA.KOREA\",\"isPartOf\":{\"@id\":\"https:\/\/idakorea.ee\/#website\"},\"primaryImageOfPage\":{\"@id\":\"https:\/\/idakorea.ee\/product\/silmaplaastrid-c-vitamiiniga-ckd-vita-c-teca-triple-blemish-patch-60tk\/#primaryimage\"},\"image\":{\"@id\":\"https:\/\/idakorea.ee\/product\/silmaplaastrid-c-vitamiiniga-ckd-vita-c-teca-triple-blemish-patch-60tk\/#primaryimage\"},\"thumbnailUrl\":\"https:\/\/idakorea.ee\/wp-content\/uploads\/2024\/09\/ckd-vita-c-teca-triple-blemish-patch.jpg\",\"datePublished\":\"2024-09-16T10:14:35+00:00\",\"dateModified\":\"2026-02-08T17:02:45+00:00\",\"breadcrumb\":{\"@id\":\"https:\/\/idakorea.ee\/product\/silmaplaastrid-c-vitamiiniga-ckd-vita-c-teca-triple-blemish-patch-60tk\/#breadcrumb\"},\"inLanguage\":\"fi\",\"potentialAction\":[{\"@type\":\"ReadAction\",\"target\":[\"https:\/\/idakorea.ee\/product\/silmaplaastrid-c-vitamiiniga-ckd-vita-c-teca-triple-blemish-patch-60tk\/\"]}]},{\"@type\":\"ImageObject\",\"inLanguage\":\"fi\",\"@id\":\"https:\/\/idakorea.ee\/product\/silmaplaastrid-c-vitamiiniga-ckd-vita-c-teca-triple-blemish-patch-60tk\/#primaryimage\",\"url\":\"https:\/\/idakorea.ee\/wp-content\/uploads\/2024\/09\/ckd-vita-c-teca-triple-blemish-patch.jpg\",\"contentUrl\":\"https:\/\/idakorea.ee\/wp-content\/uploads\/2024\/09\/ckd-vita-c-teca-triple-blemish-patch.jpg\",\"width\":1000,\"height\":1000,\"caption\":\"CKD-Vita-C-Teca-Triple-Blemish-Patch\"},{\"@type\":\"BreadcrumbList\",\"@id\":\"https:\/\/idakorea.ee\/product\/silmaplaastrid-c-vitamiiniga-ckd-vita-c-teca-triple-blemish-patch-60tk\/#breadcrumb\",\"itemListElement\":[{\"@type\":\"ListItem\",\"position\":1,\"name\":\"\u0413\u043b\u0430\u0432\u043d\u0430\u044f \u0441\u0442\u0440\u0430\u043d\u0438\u0446\u0430\",\"item\":\"https:\/\/idakorea.ee\/\"},{\"@type\":\"ListItem\",\"position\":2,\"name\":\"Shop\",\"item\":\"https:\/\/idakorea.ee\/shop-2\/\"},{\"@type\":\"ListItem\",\"position\":3,\"name\":\"Silmaplaastrid C-vitamiiniga CKD Vita C Teca Triple Blemish Patch, 60tk\"}]},{\"@type\":\"WebSite\",\"@id\":\"https:\/\/idakorea.ee\/#website\",\"url\":\"https:\/\/idakorea.ee\/\",\"name\":\"IDA.KOREA\",\"description\":\"Korea kosmeetika e-pood\",\"publisher\":{\"@id\":\"https:\/\/idakorea.ee\/#organization\"},\"alternateName\":\"Beauty Shop\",\"potentialAction\":[{\"@type\":\"SearchAction\",\"target\":{\"@type\":\"EntryPoint\",\"urlTemplate\":\"https:\/\/idakorea.ee\/?s={search_term_string}\"},\"query-input\":{\"@type\":\"PropertyValueSpecification\",\"valueRequired\":true,\"valueName\":\"search_term_string\"}}],\"inLanguage\":\"fi\"},{\"@type\":\"Organization\",\"@id\":\"https:\/\/idakorea.ee\/#organization\",\"name\":\"IDA.KOREA\",\"url\":\"https:\/\/idakorea.ee\/\",\"logo\":{\"@type\":\"ImageObject\",\"inLanguage\":\"fi\",\"@id\":\"https:\/\/idakorea.ee\/#\/schema\/logo\/image\/\",\"url\":\"https:\/\/idakorea.ee\/wp-content\/uploads\/2024\/05\/cropped-korea3.png\",\"contentUrl\":\"https:\/\/idakorea.ee\/wp-content\/uploads\/2024\/05\/cropped-korea3.png\",\"width\":688,\"height\":126,\"caption\":\"IDA.KOREA\"},\"image\":{\"@id\":\"https:\/\/idakorea.ee\/#\/schema\/logo\/image\/\"},\"sameAs\":[\"https:\/\/www.instagram.com\/ida.korea\/\"]}]}<\/script>\n<!-- \/ Yoast SEO plugin. -->","yoast_head_json":{"title":"C-vitamiinilla varustetut silm\u00e4laput CKD Vita C Teca Triple Blemish Patch, 60 kpl - It\u00e4-Korea","robots":{"index":"index","follow":"follow","max-snippet":"max-snippet:-1","max-image-preview":"max-image-preview:large","max-video-preview":"max-video-preview:-1"},"canonical":"https:\/\/idakorea.ee\/fi\/product\/silmaplaastrid-c-vitamiiniga-ckd-vita-c-teca-triple-blemish-patch-60tk\/","og_locale":"fi_FI","og_type":"article","og_title":"Silmaplaastrid C-vitamiiniga CKD Vita C Teca Triple Blemish Patch, 60tk - IDA.KOREA","og_description":"CKD Vita C Teca Triple Blemish Patch valgendavad silmaplaastreid niisutavad \u00f5rna silma\u00fcmbruse nahka, eemaldavad tuhmuse ja v\u00e4simuse j\u00e4ljed. Neil on tugevdav toime ja need toetavad naha elastsust. H\u00fcdrogeelplaaster v\u00e4hendab pruunide ja kollakate pigmendilaikude intensiivsust, v\u00f5itleb tumedate ringide vastu, muudab naha tooni \u00fchtlaseks ja annab loomuliku s\u00e4ra. Sisaldavad askorbiinhapet, mis on ebastabiilne, kuid v\u00e4ga t\u00f5hus C-vitamiini...","og_url":"https:\/\/idakorea.ee\/fi\/product\/silmaplaastrid-c-vitamiiniga-ckd-vita-c-teca-triple-blemish-patch-60tk\/","og_site_name":"IDA.KOREA","article_modified_time":"2026-02-08T17:02:45+00:00","og_image":[{"width":1000,"height":1000,"url":"https:\/\/idakorea.ee\/wp-content\/uploads\/2024\/09\/ckd-vita-c-teca-triple-blemish-patch.jpg","type":"image\/jpeg"}],"twitter_card":"summary_large_image","twitter_misc":{"Arvioitu lukuaika":"2 minuuttia"},"schema":{"@context":"https:\/\/schema.org","@graph":[{"@type":"WebPage","@id":"https:\/\/idakorea.ee\/product\/silmaplaastrid-c-vitamiiniga-ckd-vita-c-teca-triple-blemish-patch-60tk\/","url":"https:\/\/idakorea.ee\/product\/silmaplaastrid-c-vitamiiniga-ckd-vita-c-teca-triple-blemish-patch-60tk\/","name":"C-vitamiinilla varustetut silm\u00e4laput CKD Vita C Teca Triple Blemish Patch, 60 kpl - It\u00e4-Korea","isPartOf":{"@id":"https:\/\/idakorea.ee\/#website"},"primaryImageOfPage":{"@id":"https:\/\/idakorea.ee\/product\/silmaplaastrid-c-vitamiiniga-ckd-vita-c-teca-triple-blemish-patch-60tk\/#primaryimage"},"image":{"@id":"https:\/\/idakorea.ee\/product\/silmaplaastrid-c-vitamiiniga-ckd-vita-c-teca-triple-blemish-patch-60tk\/#primaryimage"},"thumbnailUrl":"https:\/\/idakorea.ee\/wp-content\/uploads\/2024\/09\/ckd-vita-c-teca-triple-blemish-patch.jpg","datePublished":"2024-09-16T10:14:35+00:00","dateModified":"2026-02-08T17:02:45+00:00","breadcrumb":{"@id":"https:\/\/idakorea.ee\/product\/silmaplaastrid-c-vitamiiniga-ckd-vita-c-teca-triple-blemish-patch-60tk\/#breadcrumb"},"inLanguage":"fi","potentialAction":[{"@type":"ReadAction","target":["https:\/\/idakorea.ee\/product\/silmaplaastrid-c-vitamiiniga-ckd-vita-c-teca-triple-blemish-patch-60tk\/"]}]},{"@type":"ImageObject","inLanguage":"fi","@id":"https:\/\/idakorea.ee\/product\/silmaplaastrid-c-vitamiiniga-ckd-vita-c-teca-triple-blemish-patch-60tk\/#primaryimage","url":"https:\/\/idakorea.ee\/wp-content\/uploads\/2024\/09\/ckd-vita-c-teca-triple-blemish-patch.jpg","contentUrl":"https:\/\/idakorea.ee\/wp-content\/uploads\/2024\/09\/ckd-vita-c-teca-triple-blemish-patch.jpg","width":1000,"height":1000,"caption":"CKD-Vita-C-Teca-Triple-Blemish-Patch"},{"@type":"BreadcrumbList","@id":"https:\/\/idakorea.ee\/product\/silmaplaastrid-c-vitamiiniga-ckd-vita-c-teca-triple-blemish-patch-60tk\/#breadcrumb","itemListElement":[{"@type":"ListItem","position":1,"name":"\u0413\u043b\u0430\u0432\u043d\u0430\u044f \u0441\u0442\u0440\u0430\u043d\u0438\u0446\u0430","item":"https:\/\/idakorea.ee\/"},{"@type":"ListItem","position":2,"name":"Shop","item":"https:\/\/idakorea.ee\/shop-2\/"},{"@type":"ListItem","position":3,"name":"Silmaplaastrid C-vitamiiniga CKD Vita C Teca Triple Blemish Patch, 60tk"}]},{"@type":"WebSite","@id":"https:\/\/idakorea.ee\/#website","url":"https:\/\/idakorea.ee\/","name":"IDA.KOREA","description":"Korean kosmetiikan verkkokauppa","publisher":{"@id":"https:\/\/idakorea.ee\/#organization"},"alternateName":"Beauty Shop","potentialAction":[{"@type":"SearchAction","target":{"@type":"EntryPoint","urlTemplate":"https:\/\/idakorea.ee\/?s={search_term_string}"},"query-input":{"@type":"PropertyValueSpecification","valueRequired":true,"valueName":"search_term_string"}}],"inLanguage":"fi"},{"@type":"Organization","@id":"https:\/\/idakorea.ee\/#organization","name":"IDA.KOREA","url":"https:\/\/idakorea.ee\/","logo":{"@type":"ImageObject","inLanguage":"fi","@id":"https:\/\/idakorea.ee\/#\/schema\/logo\/image\/","url":"https:\/\/idakorea.ee\/wp-content\/uploads\/2024\/05\/cropped-korea3.png","contentUrl":"https:\/\/idakorea.ee\/wp-content\/uploads\/2024\/05\/cropped-korea3.png","width":688,"height":126,"caption":"IDA.KOREA"},"image":{"@id":"https:\/\/idakorea.ee\/#\/schema\/logo\/image\/"},"sameAs":["https:\/\/www.instagram.com\/ida.korea\/"]}]}},"jetpack_sharing_enabled":true,"brands":[{"id":560,"name":"CKD","slug":"ckd"}],"_links":{"self":[{"href":"https:\/\/idakorea.ee\/fi\/wp-json\/wp\/v2\/product\/10595","targetHints":{"allow":["GET"]}}],"collection":[{"href":"https:\/\/idakorea.ee\/fi\/wp-json\/wp\/v2\/product"}],"about":[{"href":"https:\/\/idakorea.ee\/fi\/wp-json\/wp\/v2\/types\/product"}],"replies":[{"embeddable":true,"href":"https:\/\/idakorea.ee\/fi\/wp-json\/wp\/v2\/comments?post=10595"}],"version-history":[{"count":1,"href":"https:\/\/idakorea.ee\/fi\/wp-json\/wp\/v2\/product\/10595\/revisions"}],"predecessor-version":[{"id":10600,"href":"https:\/\/idakorea.ee\/fi\/wp-json\/wp\/v2\/product\/10595\/revisions\/10600"}],"wp:featuredmedia":[{"embeddable":true,"href":"https:\/\/idakorea.ee\/fi\/wp-json\/wp\/v2\/media\/10596"}],"wp:attachment":[{"href":"https:\/\/idakorea.ee\/fi\/wp-json\/wp\/v2\/media?parent=10595"}],"wp:term":[{"taxonomy":"pwb-brand","embeddable":true,"href":"https:\/\/idakorea.ee\/fi\/wp-json\/wp\/v2\/pwb-brand?post=10595"},{"taxonomy":"product_brand","embeddable":true,"href":"https:\/\/idakorea.ee\/fi\/wp-json\/wp\/v2\/product_brand?post=10595"},{"taxonomy":"product_cat","embeddable":true,"href":"https:\/\/idakorea.ee\/fi\/wp-json\/wp\/v2\/product_cat?post=10595"},{"taxonomy":"product_tag","embeddable":true,"href":"https:\/\/idakorea.ee\/fi\/wp-json\/wp\/v2\/product_tag?post=10595"}],"curies":[{"name":"wp","href":"https:\/\/api.w.org\/{rel}","templated":true}]}}