{"id":10601,"date":"2024-09-16T15:18:53","date_gmt":"2024-09-16T12:18:53","guid":{"rendered":"https:\/\/idakorea.ee\/?post_type=product&#038;p=10601"},"modified":"2026-03-18T14:37:03","modified_gmt":"2026-03-18T12:37:03","slug":"hudrogeelmask-c-vitamiiniga-ckd-vita-c-teca-blemish-shot-mask","status":"publish","type":"product","link":"https:\/\/idakorea.ee\/fi\/product\/hudrogeelmask-c-vitamiiniga-ckd-vita-c-teca-blemish-shot-mask\/","title":{"rendered":"C-vitamiinia sis\u00e4lt\u00e4v\u00e4 hydrogeelinaamio CKD Vita C Teca Blemish Shot -naamio"},"content":{"rendered":"<p><strong>CKD Vita C Teca -finnien hoitoshot-naamio<\/strong> on kirkastava hydrogeelinaamio, joka sis\u00e4lt\u00e4\u00e4 C-vitamiinia ja jolla on kattava korjausvaikutus iholle. Hydrogeelipohja parantaa kosteuden ja aktiiviaineiden imeytymist\u00e4.<\/p>\n<p>Naamion kyll\u00e4st\u00e4v\u00e4 essenssi kirkastaa hell\u00e4varaisesti eri syist\u00e4 per\u00e4isin olevia pigmenttil\u00e4iski\u00e4 korkean C-vitamiini- ja sen johdannaispitoisuuden ansiosta. T\u00e4m\u00e4 ainesosa on my\u00f6s voimakas antioksidantti, joka suojaa vapaiden radikaalien tuhoisilta vaikutuksilta \u2013 ennenaikaisen ik\u00e4\u00e4ntymisen p\u00e4\u00e4syylt\u00e4.<\/p>\n<p>Koostumus sis\u00e4lt\u00e4\u00e4 Cica Teca Shot -teknologiaa \u2013 puhdistettuja limen siemeni\u00e4 yhdistettyn\u00e4 aasialaiseen lumpeenuutekompleksiin, joka kuorii hell\u00e4varaisesti kuolleita ihosoluja ja palauttaa epidermiksen sarveiskerroksen. Tuloksena on ihon tasoittuminen, luonnollisen hehkun, kimmoisuuden ja sile\u00e4n rakenteen palautuminen.<\/p>\n<p><strong>Lis\u00e4komponentit:<\/strong><\/p>\n<ul>\n<li>Niasiiniamidi (B3-vitamiini) hidastaa melaniinin kulkeutumista ihoon, mik\u00e4 est\u00e4\u00e4 ik\u00e4l\u00e4iskien muodostumista. S\u00e4\u00e4telee talirauhasten tuotantoa, v\u00e4hent\u00e4\u00e4 rasvaista kiiltoa ja supistaa ihohuokosia. V\u00e4hent\u00e4\u00e4 ihon herkkyytt\u00e4 ulkoisille \u00e4rsykkeille ja vahvistaa paikallista vastustuskyky\u00e4.<\/li>\n<li>Glutationilla on nuorentava vaikutus, se parantaa ihon s\u00e4vy\u00e4, silottaa ryppyj\u00e4 ja poistaa v\u00e4symyksen merkkej\u00e4. Tasoittaa ihonv\u00e4ri\u00e4, v\u00e4hent\u00e4\u00e4 ik\u00e4\u00e4n liittyv\u00e4\u00e4 pigmentaatiota ja aknearpia.<\/li>\n<li>Traneksaamihappo on valkaiseva aine, joka est\u00e4\u00e4 tyrosinaasin, melaniinin tuotantoa k\u00e4ynnist\u00e4v\u00e4n entsyymin, toimintaa. Se ei aiheuta valoherkkyytt\u00e4, joten se sopii k\u00e4ytett\u00e4v\u00e4ksi my\u00f6s p\u00e4iv\u00e4hoidossa.<\/li>\n<li>Arbutiini rauhoittaa tulehdusta ja v\u00e4hent\u00e4\u00e4 kudosten turvotusta, lis\u00e4\u00e4 ihon s\u00e4vy\u00e4 ja antiseptisten ominaisuuksiensa ansiosta ehk\u00e4isee aknea.<\/li>\n<\/ul>\n<p>&nbsp;<\/p>\n<p>Sopii normaalille, sekaiholle, ongelmaiholle ja rasvoittuvalle iholle.<\/p>\n<p><strong>K\u00e4ytt\u00f6:<\/strong> Puhdista ihosi ja kosteuta se kasvovedell\u00e4. Poista naamion hydrogeelipohjainen osa suojakalvosta. Aseta naamion molemmat osat kasvoillesi, silota ja painele kevyesti. Anna naamion vaikuttaa 30\u201340 minuuttia, kunnes koostumus on imeytynyt ja naamiosta tulee l\u00e4pin\u00e4kyv\u00e4, mink\u00e4 j\u00e4lkeen poista naamio. Hiero j\u00e4ljell\u00e4 oleva tuote hell\u00e4varaisesti ihoon. K\u00e4yt\u00e4 SPF50+ PA++++ aurinkosuojaa p\u00e4iv\u00e4ll\u00e4.<\/p>\n<p><strong>Huomio!<\/strong> CKD Vita C Teca Blemish Shot Mask C-vitamiinilla voi aiheuttaa pistely\u00e4 levityksen j\u00e4lkeen. Ei suositella k\u00e4ytett\u00e4v\u00e4ksi ihotautitoimenpiteiden j\u00e4lkeen, jotka vaurioittavat ihon sarveiskerrosta: kuorinnat, konekosmetiikka, injektiot.<\/p>","protected":false},"excerpt":{"rendered":"<p>CKD Vita C Teca Blemish Shot Mask on C-vitamiinia sis\u00e4lt\u00e4v\u00e4 hohtava hydrogeelinaamio, joka antaa iholle t\u00e4ydellisen korjaavan vaikutuksen. Hydrogeelipohja parantaa kosteuden ja aktiivisten ainesosien imeytymist\u00e4. Naamion imukykyinen ydin kirkastaa hell\u00e4varaisesti eri alkuper\u00e4\u00e4 olevia pigmenttil\u00e4iski\u00e4 korkean C-vitamiini- ja sen johdannaispitoisuuden ansiosta. T\u00e4m\u00e4 ainesosa on my\u00f6s voimakas antioksidantti, joka suojaa vapailta radikaaleilta, jotka ovat t\u00e4rkein syy ennenaikaiseen ik\u00e4\u00e4ntymiseen.....<\/p>","protected":false},"featured_media":10602,"comment_status":"open","ping_status":"closed","template":"","meta":{"_uf_show_specific_survey":0,"_uf_disable_surveys":false,"_bst_post_transparent":"default","_bst_post_title":"","_bst_post_layout":"default","_bst_post_sidebar_id":"","_bst_post_content_style":"default","_bst_post_vertical_padding":"default","_bst_post_feature":"","_bst_post_feature_position":"","_bst_post_header":false,"_bst_post_footer":false},"pwb-brand":[560],"product_brand":[],"product_cat":[98],"product_tag":[],"class_list":{"0":"post-10601","1":"product","2":"type-product","3":"status-publish","4":"has-post-thumbnail","6":"pwb-brand-ckd","7":"product_cat-naomaskid","9":"first","10":"instock","11":"sale","12":"shipping-taxable","13":"purchasable","14":"product-type-simple","15":"entry","16":"content-bg","17":"loop-entry"},"supplier_id":null,"supplier_sku":"","barcode":null,"atum_controlled":true,"out_stock_date":null,"out_stock_threshold":null,"inheritable":false,"inbound_stock":0,"stock_on_hold":0,"sold_today":0,"sales_last_days":2,"out_stock_days":0,"lost_sales":0,"has_location":false,"update_date":"2026-04-14T00:05:04","atum_locations":[],"atum_stock_status":"instock","restock_status":false,"low_stock_amount":"","sales_update_date":"2026-04-14T00:05:04","calc_backorders":null,"yoast_head":"<!-- This site is optimized with the Yoast SEO plugin v27.2 - https:\/\/yoast.com\/product\/yoast-seo-wordpress\/ -->\n<title>H\u00fcdrogeelmask C-vitamiiniga CKD Vita C Teca Blemish Shot Mask - IDA.KOREA<\/title>\n<meta name=\"robots\" content=\"index, follow, max-snippet:-1, max-image-preview:large, max-video-preview:-1\" \/>\n<link rel=\"canonical\" href=\"https:\/\/idakorea.ee\/fi\/product\/hudrogeelmask-c-vitamiiniga-ckd-vita-c-teca-blemish-shot-mask\/\" \/>\n<meta property=\"og:locale\" content=\"fi_FI\" \/>\n<meta property=\"og:type\" content=\"article\" \/>\n<meta property=\"og:title\" content=\"H\u00fcdrogeelmask C-vitamiiniga CKD Vita C Teca Blemish Shot Mask - IDA.KOREA\" \/>\n<meta property=\"og:description\" content=\"CKD Vita C Teca Blemish Shot Mask on C-vitamiini sisaldav helendav h\u00fcdrogeelmask, mis tagab nahale tervikliku taastava toime. H\u00fcdrogeelne alus parandab niiskuse ja aktiivsete koostisosade imendumist. Maski immutav essents helendab \u00f5rnalt erineva p\u00e4ritoluga pigmendilaike t\u00e4nu C-vitamiini ja selle derivaatide suurele sisaldusele. See koostisosa on ka v\u00f5imas antioks\u00fcdant, mis kaitseb vabu radikaale \u2013 enneaegse vananemise peamist...\" \/>\n<meta property=\"og:url\" content=\"https:\/\/idakorea.ee\/fi\/product\/hudrogeelmask-c-vitamiiniga-ckd-vita-c-teca-blemish-shot-mask\/\" \/>\n<meta property=\"og:site_name\" content=\"IDA.KOREA\" \/>\n<meta property=\"article:modified_time\" content=\"2026-03-18T12:37:03+00:00\" \/>\n<meta property=\"og:image\" content=\"https:\/\/idakorea.ee\/wp-content\/uploads\/2024\/09\/ckd-blemish-spot-mask.jpg\" \/>\n\t<meta property=\"og:image:width\" content=\"1000\" \/>\n\t<meta property=\"og:image:height\" content=\"1000\" \/>\n\t<meta property=\"og:image:type\" content=\"image\/jpeg\" \/>\n<meta name=\"twitter:card\" content=\"summary_large_image\" \/>\n<meta name=\"twitter:label1\" content=\"Arvioitu lukuaika\" \/>\n\t<meta name=\"twitter:data1\" content=\"2 minuuttia\" \/>\n<script type=\"application\/ld+json\" class=\"yoast-schema-graph\">{\"@context\":\"https:\/\/schema.org\",\"@graph\":[{\"@type\":\"WebPage\",\"@id\":\"https:\/\/idakorea.ee\/product\/hudrogeelmask-c-vitamiiniga-ckd-vita-c-teca-blemish-shot-mask\/\",\"url\":\"https:\/\/idakorea.ee\/product\/hudrogeelmask-c-vitamiiniga-ckd-vita-c-teca-blemish-shot-mask\/\",\"name\":\"H\u00fcdrogeelmask C-vitamiiniga CKD Vita C Teca Blemish Shot Mask - IDA.KOREA\",\"isPartOf\":{\"@id\":\"https:\/\/idakorea.ee\/#website\"},\"primaryImageOfPage\":{\"@id\":\"https:\/\/idakorea.ee\/product\/hudrogeelmask-c-vitamiiniga-ckd-vita-c-teca-blemish-shot-mask\/#primaryimage\"},\"image\":{\"@id\":\"https:\/\/idakorea.ee\/product\/hudrogeelmask-c-vitamiiniga-ckd-vita-c-teca-blemish-shot-mask\/#primaryimage\"},\"thumbnailUrl\":\"https:\/\/idakorea.ee\/wp-content\/uploads\/2024\/09\/ckd-blemish-spot-mask.jpg\",\"datePublished\":\"2024-09-16T12:18:53+00:00\",\"dateModified\":\"2026-03-18T12:37:03+00:00\",\"breadcrumb\":{\"@id\":\"https:\/\/idakorea.ee\/product\/hudrogeelmask-c-vitamiiniga-ckd-vita-c-teca-blemish-shot-mask\/#breadcrumb\"},\"inLanguage\":\"fi\",\"potentialAction\":[{\"@type\":\"ReadAction\",\"target\":[\"https:\/\/idakorea.ee\/product\/hudrogeelmask-c-vitamiiniga-ckd-vita-c-teca-blemish-shot-mask\/\"]}]},{\"@type\":\"ImageObject\",\"inLanguage\":\"fi\",\"@id\":\"https:\/\/idakorea.ee\/product\/hudrogeelmask-c-vitamiiniga-ckd-vita-c-teca-blemish-shot-mask\/#primaryimage\",\"url\":\"https:\/\/idakorea.ee\/wp-content\/uploads\/2024\/09\/ckd-blemish-spot-mask.jpg\",\"contentUrl\":\"https:\/\/idakorea.ee\/wp-content\/uploads\/2024\/09\/ckd-blemish-spot-mask.jpg\",\"width\":1000,\"height\":1000,\"caption\":\"ckd blemish spot mask\"},{\"@type\":\"BreadcrumbList\",\"@id\":\"https:\/\/idakorea.ee\/product\/hudrogeelmask-c-vitamiiniga-ckd-vita-c-teca-blemish-shot-mask\/#breadcrumb\",\"itemListElement\":[{\"@type\":\"ListItem\",\"position\":1,\"name\":\"\u0413\u043b\u0430\u0432\u043d\u0430\u044f \u0441\u0442\u0440\u0430\u043d\u0438\u0446\u0430\",\"item\":\"https:\/\/idakorea.ee\/\"},{\"@type\":\"ListItem\",\"position\":2,\"name\":\"Shop\",\"item\":\"https:\/\/idakorea.ee\/shop-2\/\"},{\"@type\":\"ListItem\",\"position\":3,\"name\":\"H\u00fcdrogeelmask C-vitamiiniga CKD Vita C Teca Blemish Shot Mask\"}]},{\"@type\":\"WebSite\",\"@id\":\"https:\/\/idakorea.ee\/#website\",\"url\":\"https:\/\/idakorea.ee\/\",\"name\":\"IDA.KOREA\",\"description\":\"Korea kosmeetika e-pood\",\"publisher\":{\"@id\":\"https:\/\/idakorea.ee\/#organization\"},\"alternateName\":\"Beauty Shop\",\"potentialAction\":[{\"@type\":\"SearchAction\",\"target\":{\"@type\":\"EntryPoint\",\"urlTemplate\":\"https:\/\/idakorea.ee\/?s={search_term_string}\"},\"query-input\":{\"@type\":\"PropertyValueSpecification\",\"valueRequired\":true,\"valueName\":\"search_term_string\"}}],\"inLanguage\":\"fi\"},{\"@type\":\"Organization\",\"@id\":\"https:\/\/idakorea.ee\/#organization\",\"name\":\"IDA.KOREA\",\"url\":\"https:\/\/idakorea.ee\/\",\"logo\":{\"@type\":\"ImageObject\",\"inLanguage\":\"fi\",\"@id\":\"https:\/\/idakorea.ee\/#\/schema\/logo\/image\/\",\"url\":\"https:\/\/idakorea.ee\/wp-content\/uploads\/2024\/05\/cropped-korea3.png\",\"contentUrl\":\"https:\/\/idakorea.ee\/wp-content\/uploads\/2024\/05\/cropped-korea3.png\",\"width\":688,\"height\":126,\"caption\":\"IDA.KOREA\"},\"image\":{\"@id\":\"https:\/\/idakorea.ee\/#\/schema\/logo\/image\/\"},\"sameAs\":[\"https:\/\/www.instagram.com\/ida.korea\/\"]}]}<\/script>\n<!-- \/ Yoast SEO plugin. -->","yoast_head_json":{"title":"C-vitamiinihydrogeelinaamio CKD Vita C Teca Blemish Shot Mask - It\u00e4-Korea","robots":{"index":"index","follow":"follow","max-snippet":"max-snippet:-1","max-image-preview":"max-image-preview:large","max-video-preview":"max-video-preview:-1"},"canonical":"https:\/\/idakorea.ee\/fi\/product\/hudrogeelmask-c-vitamiiniga-ckd-vita-c-teca-blemish-shot-mask\/","og_locale":"fi_FI","og_type":"article","og_title":"H\u00fcdrogeelmask C-vitamiiniga CKD Vita C Teca Blemish Shot Mask - IDA.KOREA","og_description":"CKD Vita C Teca Blemish Shot Mask on C-vitamiini sisaldav helendav h\u00fcdrogeelmask, mis tagab nahale tervikliku taastava toime. H\u00fcdrogeelne alus parandab niiskuse ja aktiivsete koostisosade imendumist. Maski immutav essents helendab \u00f5rnalt erineva p\u00e4ritoluga pigmendilaike t\u00e4nu C-vitamiini ja selle derivaatide suurele sisaldusele. See koostisosa on ka v\u00f5imas antioks\u00fcdant, mis kaitseb vabu radikaale \u2013 enneaegse vananemise peamist...","og_url":"https:\/\/idakorea.ee\/fi\/product\/hudrogeelmask-c-vitamiiniga-ckd-vita-c-teca-blemish-shot-mask\/","og_site_name":"IDA.KOREA","article_modified_time":"2026-03-18T12:37:03+00:00","og_image":[{"width":1000,"height":1000,"url":"https:\/\/idakorea.ee\/wp-content\/uploads\/2024\/09\/ckd-blemish-spot-mask.jpg","type":"image\/jpeg"}],"twitter_card":"summary_large_image","twitter_misc":{"Arvioitu lukuaika":"2 minuuttia"},"schema":{"@context":"https:\/\/schema.org","@graph":[{"@type":"WebPage","@id":"https:\/\/idakorea.ee\/product\/hudrogeelmask-c-vitamiiniga-ckd-vita-c-teca-blemish-shot-mask\/","url":"https:\/\/idakorea.ee\/product\/hudrogeelmask-c-vitamiiniga-ckd-vita-c-teca-blemish-shot-mask\/","name":"C-vitamiinihydrogeelinaamio CKD Vita C Teca Blemish Shot Mask - It\u00e4-Korea","isPartOf":{"@id":"https:\/\/idakorea.ee\/#website"},"primaryImageOfPage":{"@id":"https:\/\/idakorea.ee\/product\/hudrogeelmask-c-vitamiiniga-ckd-vita-c-teca-blemish-shot-mask\/#primaryimage"},"image":{"@id":"https:\/\/idakorea.ee\/product\/hudrogeelmask-c-vitamiiniga-ckd-vita-c-teca-blemish-shot-mask\/#primaryimage"},"thumbnailUrl":"https:\/\/idakorea.ee\/wp-content\/uploads\/2024\/09\/ckd-blemish-spot-mask.jpg","datePublished":"2024-09-16T12:18:53+00:00","dateModified":"2026-03-18T12:37:03+00:00","breadcrumb":{"@id":"https:\/\/idakorea.ee\/product\/hudrogeelmask-c-vitamiiniga-ckd-vita-c-teca-blemish-shot-mask\/#breadcrumb"},"inLanguage":"fi","potentialAction":[{"@type":"ReadAction","target":["https:\/\/idakorea.ee\/product\/hudrogeelmask-c-vitamiiniga-ckd-vita-c-teca-blemish-shot-mask\/"]}]},{"@type":"ImageObject","inLanguage":"fi","@id":"https:\/\/idakorea.ee\/product\/hudrogeelmask-c-vitamiiniga-ckd-vita-c-teca-blemish-shot-mask\/#primaryimage","url":"https:\/\/idakorea.ee\/wp-content\/uploads\/2024\/09\/ckd-blemish-spot-mask.jpg","contentUrl":"https:\/\/idakorea.ee\/wp-content\/uploads\/2024\/09\/ckd-blemish-spot-mask.jpg","width":1000,"height":1000,"caption":"ckd blemish spot mask"},{"@type":"BreadcrumbList","@id":"https:\/\/idakorea.ee\/product\/hudrogeelmask-c-vitamiiniga-ckd-vita-c-teca-blemish-shot-mask\/#breadcrumb","itemListElement":[{"@type":"ListItem","position":1,"name":"\u0413\u043b\u0430\u0432\u043d\u0430\u044f \u0441\u0442\u0440\u0430\u043d\u0438\u0446\u0430","item":"https:\/\/idakorea.ee\/"},{"@type":"ListItem","position":2,"name":"Shop","item":"https:\/\/idakorea.ee\/shop-2\/"},{"@type":"ListItem","position":3,"name":"H\u00fcdrogeelmask C-vitamiiniga CKD Vita C Teca Blemish Shot Mask"}]},{"@type":"WebSite","@id":"https:\/\/idakorea.ee\/#website","url":"https:\/\/idakorea.ee\/","name":"IDA.KOREA","description":"Korean kosmetiikan verkkokauppa","publisher":{"@id":"https:\/\/idakorea.ee\/#organization"},"alternateName":"Beauty Shop","potentialAction":[{"@type":"SearchAction","target":{"@type":"EntryPoint","urlTemplate":"https:\/\/idakorea.ee\/?s={search_term_string}"},"query-input":{"@type":"PropertyValueSpecification","valueRequired":true,"valueName":"search_term_string"}}],"inLanguage":"fi"},{"@type":"Organization","@id":"https:\/\/idakorea.ee\/#organization","name":"IDA.KOREA","url":"https:\/\/idakorea.ee\/","logo":{"@type":"ImageObject","inLanguage":"fi","@id":"https:\/\/idakorea.ee\/#\/schema\/logo\/image\/","url":"https:\/\/idakorea.ee\/wp-content\/uploads\/2024\/05\/cropped-korea3.png","contentUrl":"https:\/\/idakorea.ee\/wp-content\/uploads\/2024\/05\/cropped-korea3.png","width":688,"height":126,"caption":"IDA.KOREA"},"image":{"@id":"https:\/\/idakorea.ee\/#\/schema\/logo\/image\/"},"sameAs":["https:\/\/www.instagram.com\/ida.korea\/"]}]}},"jetpack_sharing_enabled":true,"brands":[{"id":560,"name":"CKD","slug":"ckd"}],"_links":{"self":[{"href":"https:\/\/idakorea.ee\/fi\/wp-json\/wp\/v2\/product\/10601","targetHints":{"allow":["GET"]}}],"collection":[{"href":"https:\/\/idakorea.ee\/fi\/wp-json\/wp\/v2\/product"}],"about":[{"href":"https:\/\/idakorea.ee\/fi\/wp-json\/wp\/v2\/types\/product"}],"replies":[{"embeddable":true,"href":"https:\/\/idakorea.ee\/fi\/wp-json\/wp\/v2\/comments?post=10601"}],"version-history":[{"count":1,"href":"https:\/\/idakorea.ee\/fi\/wp-json\/wp\/v2\/product\/10601\/revisions"}],"predecessor-version":[{"id":10607,"href":"https:\/\/idakorea.ee\/fi\/wp-json\/wp\/v2\/product\/10601\/revisions\/10607"}],"wp:featuredmedia":[{"embeddable":true,"href":"https:\/\/idakorea.ee\/fi\/wp-json\/wp\/v2\/media\/10602"}],"wp:attachment":[{"href":"https:\/\/idakorea.ee\/fi\/wp-json\/wp\/v2\/media?parent=10601"}],"wp:term":[{"taxonomy":"pwb-brand","embeddable":true,"href":"https:\/\/idakorea.ee\/fi\/wp-json\/wp\/v2\/pwb-brand?post=10601"},{"taxonomy":"product_brand","embeddable":true,"href":"https:\/\/idakorea.ee\/fi\/wp-json\/wp\/v2\/product_brand?post=10601"},{"taxonomy":"product_cat","embeddable":true,"href":"https:\/\/idakorea.ee\/fi\/wp-json\/wp\/v2\/product_cat?post=10601"},{"taxonomy":"product_tag","embeddable":true,"href":"https:\/\/idakorea.ee\/fi\/wp-json\/wp\/v2\/product_tag?post=10601"}],"curies":[{"name":"wp","href":"https:\/\/api.w.org\/{rel}","templated":true}]}}