{"id":10609,"date":"2024-09-17T14:01:54","date_gmt":"2024-09-17T11:01:54","guid":{"rendered":"https:\/\/idakorea.ee\/?post_type=product&#038;p=10609"},"modified":"2026-02-10T14:16:27","modified_gmt":"2026-02-10T12:16:27","slug":"niisutav-mask-ahc-premium-hydra-soother-cellulose-mask","status":"publish","type":"product","link":"https:\/\/idakorea.ee\/fi\/product\/niisutav-mask-ahc-premium-hydra-soother-cellulose-mask\/","title":{"rendered":"Kosteuttava naamio AHC Premium Hydra Soother Cellulose Mask - selluloosanaamio"},"content":{"rendered":"<p><strong>AHC Premium Hydra Soother -selluloosa-naamio<\/strong> Kosteuttaa tehokkaasti, rauhoittaa ja palauttaa ihoa: tuote kyll\u00e4st\u00e4\u00e4 ihon kosteudella, poistaa kuivuutta ja hilseily\u00e4, ravitsee, pehment\u00e4\u00e4, tasoittaa ihon s\u00e4vy\u00e4 ja silottaa ihon rakennetta.<\/p>\n<p>100%-luonnonkankaasta valmistettu naamio on valmistettu ohuesta hypoallergeenisesta selluloosasta, joka istuu tiiviisti ja mukavasti kasvoille, jolloin aktiiviset aineosat p\u00e4\u00e4sev\u00e4t tunkeutumaan syv\u00e4lle sarveiskerrokseen.<\/p>\n<p>Naamion aktiivisilla ainesosilla on rauhoittava, pehment\u00e4v\u00e4 ja uudistava vaikutus, ne edist\u00e4v\u00e4t paranemista ja lievitt\u00e4v\u00e4t \u00e4rsytyst\u00e4.<\/p>\n<p>Naamio auttaa yll\u00e4pit\u00e4m\u00e4\u00e4n ihon kimmoisuutta ja nuorekkuutta syv\u00e4kosteutuksen ja ravitsemuksen avulla. Tuote pehment\u00e4\u00e4 karheaa ja s\u00e4\u00e4n vaurioittamaa ihoa ja ehk\u00e4isee kuivumista.<\/p>\n<p>&nbsp;<\/p>\n<p><strong>T\u00e4rkeimm\u00e4t vaikuttavat aineet:<\/strong><\/p>\n<ul>\n<li>Hydrolysoitu kollageeni kosteuttaa ja s\u00e4ilytt\u00e4\u00e4 kosteutta ihossa, yll\u00e4pit\u00e4en sen kimmoisuutta ja vahvuutta sek\u00e4 v\u00e4hent\u00e4en ik\u00e4\u00e4ntymisen merkkej\u00e4.<\/li>\n<li>Hyaluronihappo kosteuttaa, est\u00e4\u00e4 vesimolekyylien haihtumista, vahvistaa hydrolipidisuojaa, parantaa elastisuutta ja tasoittaa mikroreliefi\u00e4.<\/li>\n<li>Valkopajun kuoriuute on luonnollinen salisyylihapon l\u00e4hde, joka ehk\u00e4isee mustap\u00e4it\u00e4 ja poistaa rasvaista kiiltoa. Se supistaa laajentuneita ihohuokosia, kuorii ja tekee ihosta mattapintaisen.<\/li>\n<li>Kofeiini torjuu turvotusta, parantaa mikroverenkiertoa, kiinteytt\u00e4\u00e4 ihoa, nopeuttaa uudistumisprosessia ja sill\u00e4 on antioksidanttinen vaikutus.<\/li>\n<li>Pantenoli (B5-vitamiini) nopeuttaa mikrovaurioiden paranemista, palauttaa ja pehment\u00e4\u00e4 ihoa, rauhoittaa, lievitt\u00e4\u00e4 \u00e4rsytyst\u00e4 ja punoitusta.<\/li>\n<li>Merivesi palauttaa pH-tasapainon, s\u00e4\u00e4telee talin erityst\u00e4, kuivattaa tulehduksia ja kyll\u00e4st\u00e4\u00e4 ihoa mineraaleilla.<\/li>\n<li>Keramidit integroituvat ihon lipidikerrokseen ja vahvistavat sit\u00e4, parantaen kosteustasoja, est\u00e4en haitallisten aineiden tunkeutumisen ja tehostaen ihon suojatoimintoja.<\/li>\n<\/ul>\n<p>&nbsp;<\/p>\n<p>Sopii kaikille ihotyypeille.<\/p>\n<p><strong>K\u00e4ytt\u00f6<\/strong>Kasvoveden ja seerumin levitt\u00e4misen j\u00e4lkeen anna naamion vaikuttaa 10\u201320 minuuttia, poista se ja taputtele kevyesti, jotta j\u00e4ljelle j\u00e4\u00e4nyt seerumi imeytyy.<\/p>","protected":false},"excerpt":{"rendered":"<p>AHC Premium Hydra Soother Cellulose Mask -kasvonaamio kosteuttaa, rauhoittaa ja elvytt\u00e4\u00e4 ihoa intensiivisesti: tuote kyll\u00e4st\u00e4\u00e4 ihon kosteudella, poistaa kuivuutta ja hilseily\u00e4, ravitsee, pehment\u00e4\u00e4, tasoittaa ihoa ja tasoittaa ihon rakennetta. 100% Natural Fabric Mask on valmistettu ohuesta hypoallergeenisest\u00e4 selluloosasta, joka istuu tiiviisti ja mukavasti kasvoille, jolloin aktiiviset ainesosat p\u00e4\u00e4sev\u00e4t tunkeutumaan syv\u00e4lle sarveiskerrokseen. Naamion aktiivisilla ainesosilla on rauhoittavia, pehment\u00e4vi\u00e4 ja palauttavia...<\/p>","protected":false},"featured_media":10612,"comment_status":"open","ping_status":"closed","template":"","meta":{"_uf_show_specific_survey":0,"_uf_disable_surveys":false,"_bst_post_transparent":"default","_bst_post_title":"","_bst_post_layout":"default","_bst_post_sidebar_id":"","_bst_post_content_style":"default","_bst_post_vertical_padding":"default","_bst_post_feature":"","_bst_post_feature_position":"","_bst_post_header":false,"_bst_post_footer":false},"pwb-brand":[236],"product_brand":[],"product_cat":[92,98],"product_tag":[526,568,614,466],"class_list":{"0":"post-10609","1":"product","2":"type-product","3":"status-publish","4":"has-post-thumbnail","6":"pwb-brand-ahc","7":"product_cat-nagu","8":"product_cat-naomaskid","9":"product_tag-ahc","10":"product_tag-korea","11":"product_tag-mask","12":"product_tag-premium","14":"first","15":"instock","16":"sale","17":"shipping-taxable","18":"purchasable","19":"product-type-simple","20":"entry","21":"content-bg","22":"loop-entry"},"supplier_id":null,"supplier_sku":"","barcode":null,"atum_controlled":true,"out_stock_date":null,"out_stock_threshold":null,"inheritable":false,"inbound_stock":0,"stock_on_hold":0,"sold_today":0,"sales_last_days":0,"out_stock_days":0,"lost_sales":0,"has_location":false,"update_date":"2026-04-14T00:05:06","atum_locations":[],"atum_stock_status":"instock","restock_status":false,"low_stock_amount":"","sales_update_date":"2026-04-14T00:05:06","calc_backorders":null,"yoast_head":"<!-- This site is optimized with the Yoast SEO plugin v27.2 - https:\/\/yoast.com\/product\/yoast-seo-wordpress\/ -->\n<title>Niisutav mask AHC Premium Hydra Soother Cellulose Mask - IDA.KOREA<\/title>\n<meta name=\"robots\" content=\"index, follow, max-snippet:-1, max-image-preview:large, max-video-preview:-1\" \/>\n<link rel=\"canonical\" href=\"https:\/\/idakorea.ee\/fi\/product\/niisutav-mask-ahc-premium-hydra-soother-cellulose-mask\/\" \/>\n<meta property=\"og:locale\" content=\"fi_FI\" \/>\n<meta property=\"og:type\" content=\"article\" \/>\n<meta property=\"og:title\" content=\"Niisutav mask AHC Premium Hydra Soother Cellulose Mask - IDA.KOREA\" \/>\n<meta property=\"og:description\" content=\"AHC Premium Hydra Soother Cellulose Mask niisutab intensiivselt, rahustab ja taastab nahka: toode k\u00fcllastab naha niiskusega, k\u00f5rvaldab kuivuse ja ketenduse, toidab, pehmendab, \u00fchtlustab jumet ja silub naha tekstuuri. 100% looduslik kangasmask on valmistatud \u00f5hukesest h\u00fcpoallergeenilisest tselluloosist, mis sobitub tihedalt ja mugavalt n\u00e4ole, v\u00f5imaldades aktiivsetel koostisosadel tungida s\u00fcgavale sarvkihti. Maski toimeained avaldavad rahustavat, pehmendavat ja taastavat...\" \/>\n<meta property=\"og:url\" content=\"https:\/\/idakorea.ee\/fi\/product\/niisutav-mask-ahc-premium-hydra-soother-cellulose-mask\/\" \/>\n<meta property=\"og:site_name\" content=\"IDA.KOREA\" \/>\n<meta property=\"article:modified_time\" content=\"2026-02-10T12:16:27+00:00\" \/>\n<meta property=\"og:image\" content=\"https:\/\/idakorea.ee\/wp-content\/uploads\/2024\/09\/premium-hydra-soother-cellulose-mask.jpg\" \/>\n\t<meta property=\"og:image:width\" content=\"1000\" \/>\n\t<meta property=\"og:image:height\" content=\"1000\" \/>\n\t<meta property=\"og:image:type\" content=\"image\/jpeg\" \/>\n<meta name=\"twitter:card\" content=\"summary_large_image\" \/>\n<meta name=\"twitter:label1\" content=\"Arvioitu lukuaika\" \/>\n\t<meta name=\"twitter:data1\" content=\"2 minuuttia\" \/>\n<script type=\"application\/ld+json\" class=\"yoast-schema-graph\">{\"@context\":\"https:\/\/schema.org\",\"@graph\":[{\"@type\":\"WebPage\",\"@id\":\"https:\/\/idakorea.ee\/product\/niisutav-mask-ahc-premium-hydra-soother-cellulose-mask\/\",\"url\":\"https:\/\/idakorea.ee\/product\/niisutav-mask-ahc-premium-hydra-soother-cellulose-mask\/\",\"name\":\"Niisutav mask AHC Premium Hydra Soother Cellulose Mask - IDA.KOREA\",\"isPartOf\":{\"@id\":\"https:\/\/idakorea.ee\/#website\"},\"primaryImageOfPage\":{\"@id\":\"https:\/\/idakorea.ee\/product\/niisutav-mask-ahc-premium-hydra-soother-cellulose-mask\/#primaryimage\"},\"image\":{\"@id\":\"https:\/\/idakorea.ee\/product\/niisutav-mask-ahc-premium-hydra-soother-cellulose-mask\/#primaryimage\"},\"thumbnailUrl\":\"https:\/\/idakorea.ee\/wp-content\/uploads\/2024\/09\/premium-hydra-soother-cellulose-mask.jpg\",\"datePublished\":\"2024-09-17T11:01:54+00:00\",\"dateModified\":\"2026-02-10T12:16:27+00:00\",\"breadcrumb\":{\"@id\":\"https:\/\/idakorea.ee\/product\/niisutav-mask-ahc-premium-hydra-soother-cellulose-mask\/#breadcrumb\"},\"inLanguage\":\"fi\",\"potentialAction\":[{\"@type\":\"ReadAction\",\"target\":[\"https:\/\/idakorea.ee\/product\/niisutav-mask-ahc-premium-hydra-soother-cellulose-mask\/\"]}]},{\"@type\":\"ImageObject\",\"inLanguage\":\"fi\",\"@id\":\"https:\/\/idakorea.ee\/product\/niisutav-mask-ahc-premium-hydra-soother-cellulose-mask\/#primaryimage\",\"url\":\"https:\/\/idakorea.ee\/wp-content\/uploads\/2024\/09\/premium-hydra-soother-cellulose-mask.jpg\",\"contentUrl\":\"https:\/\/idakorea.ee\/wp-content\/uploads\/2024\/09\/premium-hydra-soother-cellulose-mask.jpg\",\"width\":1000,\"height\":1000,\"caption\":\"PREMIUM-HYDRA-SOOTHER-CELLULOSE-MASK\"},{\"@type\":\"BreadcrumbList\",\"@id\":\"https:\/\/idakorea.ee\/product\/niisutav-mask-ahc-premium-hydra-soother-cellulose-mask\/#breadcrumb\",\"itemListElement\":[{\"@type\":\"ListItem\",\"position\":1,\"name\":\"\u0413\u043b\u0430\u0432\u043d\u0430\u044f \u0441\u0442\u0440\u0430\u043d\u0438\u0446\u0430\",\"item\":\"https:\/\/idakorea.ee\/\"},{\"@type\":\"ListItem\",\"position\":2,\"name\":\"Shop\",\"item\":\"https:\/\/idakorea.ee\/shop-2\/\"},{\"@type\":\"ListItem\",\"position\":3,\"name\":\"Niisutav mask AHC Premium Hydra Soother Cellulose Mask\"}]},{\"@type\":\"WebSite\",\"@id\":\"https:\/\/idakorea.ee\/#website\",\"url\":\"https:\/\/idakorea.ee\/\",\"name\":\"IDA.KOREA\",\"description\":\"Korea kosmeetika e-pood\",\"publisher\":{\"@id\":\"https:\/\/idakorea.ee\/#organization\"},\"alternateName\":\"Beauty Shop\",\"potentialAction\":[{\"@type\":\"SearchAction\",\"target\":{\"@type\":\"EntryPoint\",\"urlTemplate\":\"https:\/\/idakorea.ee\/?s={search_term_string}\"},\"query-input\":{\"@type\":\"PropertyValueSpecification\",\"valueRequired\":true,\"valueName\":\"search_term_string\"}}],\"inLanguage\":\"fi\"},{\"@type\":\"Organization\",\"@id\":\"https:\/\/idakorea.ee\/#organization\",\"name\":\"IDA.KOREA\",\"url\":\"https:\/\/idakorea.ee\/\",\"logo\":{\"@type\":\"ImageObject\",\"inLanguage\":\"fi\",\"@id\":\"https:\/\/idakorea.ee\/#\/schema\/logo\/image\/\",\"url\":\"https:\/\/idakorea.ee\/wp-content\/uploads\/2024\/05\/cropped-korea3.png\",\"contentUrl\":\"https:\/\/idakorea.ee\/wp-content\/uploads\/2024\/05\/cropped-korea3.png\",\"width\":688,\"height\":126,\"caption\":\"IDA.KOREA\"},\"image\":{\"@id\":\"https:\/\/idakorea.ee\/#\/schema\/logo\/image\/\"},\"sameAs\":[\"https:\/\/www.instagram.com\/ida.korea\/\"]}]}<\/script>\n<!-- \/ Yoast SEO plugin. -->","yoast_head_json":{"title":"Kosteuttava naamio AHC Premium Hydra Soother selluloosa-naamio - IDA.KOREA","robots":{"index":"index","follow":"follow","max-snippet":"max-snippet:-1","max-image-preview":"max-image-preview:large","max-video-preview":"max-video-preview:-1"},"canonical":"https:\/\/idakorea.ee\/fi\/product\/niisutav-mask-ahc-premium-hydra-soother-cellulose-mask\/","og_locale":"fi_FI","og_type":"article","og_title":"Niisutav mask AHC Premium Hydra Soother Cellulose Mask - IDA.KOREA","og_description":"AHC Premium Hydra Soother Cellulose Mask niisutab intensiivselt, rahustab ja taastab nahka: toode k\u00fcllastab naha niiskusega, k\u00f5rvaldab kuivuse ja ketenduse, toidab, pehmendab, \u00fchtlustab jumet ja silub naha tekstuuri. 100% looduslik kangasmask on valmistatud \u00f5hukesest h\u00fcpoallergeenilisest tselluloosist, mis sobitub tihedalt ja mugavalt n\u00e4ole, v\u00f5imaldades aktiivsetel koostisosadel tungida s\u00fcgavale sarvkihti. Maski toimeained avaldavad rahustavat, pehmendavat ja taastavat...","og_url":"https:\/\/idakorea.ee\/fi\/product\/niisutav-mask-ahc-premium-hydra-soother-cellulose-mask\/","og_site_name":"IDA.KOREA","article_modified_time":"2026-02-10T12:16:27+00:00","og_image":[{"width":1000,"height":1000,"url":"https:\/\/idakorea.ee\/wp-content\/uploads\/2024\/09\/premium-hydra-soother-cellulose-mask.jpg","type":"image\/jpeg"}],"twitter_card":"summary_large_image","twitter_misc":{"Arvioitu lukuaika":"2 minuuttia"},"schema":{"@context":"https:\/\/schema.org","@graph":[{"@type":"WebPage","@id":"https:\/\/idakorea.ee\/product\/niisutav-mask-ahc-premium-hydra-soother-cellulose-mask\/","url":"https:\/\/idakorea.ee\/product\/niisutav-mask-ahc-premium-hydra-soother-cellulose-mask\/","name":"Kosteuttava naamio AHC Premium Hydra Soother selluloosa-naamio - IDA.KOREA","isPartOf":{"@id":"https:\/\/idakorea.ee\/#website"},"primaryImageOfPage":{"@id":"https:\/\/idakorea.ee\/product\/niisutav-mask-ahc-premium-hydra-soother-cellulose-mask\/#primaryimage"},"image":{"@id":"https:\/\/idakorea.ee\/product\/niisutav-mask-ahc-premium-hydra-soother-cellulose-mask\/#primaryimage"},"thumbnailUrl":"https:\/\/idakorea.ee\/wp-content\/uploads\/2024\/09\/premium-hydra-soother-cellulose-mask.jpg","datePublished":"2024-09-17T11:01:54+00:00","dateModified":"2026-02-10T12:16:27+00:00","breadcrumb":{"@id":"https:\/\/idakorea.ee\/product\/niisutav-mask-ahc-premium-hydra-soother-cellulose-mask\/#breadcrumb"},"inLanguage":"fi","potentialAction":[{"@type":"ReadAction","target":["https:\/\/idakorea.ee\/product\/niisutav-mask-ahc-premium-hydra-soother-cellulose-mask\/"]}]},{"@type":"ImageObject","inLanguage":"fi","@id":"https:\/\/idakorea.ee\/product\/niisutav-mask-ahc-premium-hydra-soother-cellulose-mask\/#primaryimage","url":"https:\/\/idakorea.ee\/wp-content\/uploads\/2024\/09\/premium-hydra-soother-cellulose-mask.jpg","contentUrl":"https:\/\/idakorea.ee\/wp-content\/uploads\/2024\/09\/premium-hydra-soother-cellulose-mask.jpg","width":1000,"height":1000,"caption":"PREMIUM-HYDRA-SOOTHER-CELLULOSE-MASK"},{"@type":"BreadcrumbList","@id":"https:\/\/idakorea.ee\/product\/niisutav-mask-ahc-premium-hydra-soother-cellulose-mask\/#breadcrumb","itemListElement":[{"@type":"ListItem","position":1,"name":"\u0413\u043b\u0430\u0432\u043d\u0430\u044f \u0441\u0442\u0440\u0430\u043d\u0438\u0446\u0430","item":"https:\/\/idakorea.ee\/"},{"@type":"ListItem","position":2,"name":"Shop","item":"https:\/\/idakorea.ee\/shop-2\/"},{"@type":"ListItem","position":3,"name":"Niisutav mask AHC Premium Hydra Soother Cellulose Mask"}]},{"@type":"WebSite","@id":"https:\/\/idakorea.ee\/#website","url":"https:\/\/idakorea.ee\/","name":"IDA.KOREA","description":"Korean kosmetiikan verkkokauppa","publisher":{"@id":"https:\/\/idakorea.ee\/#organization"},"alternateName":"Beauty Shop","potentialAction":[{"@type":"SearchAction","target":{"@type":"EntryPoint","urlTemplate":"https:\/\/idakorea.ee\/?s={search_term_string}"},"query-input":{"@type":"PropertyValueSpecification","valueRequired":true,"valueName":"search_term_string"}}],"inLanguage":"fi"},{"@type":"Organization","@id":"https:\/\/idakorea.ee\/#organization","name":"IDA.KOREA","url":"https:\/\/idakorea.ee\/","logo":{"@type":"ImageObject","inLanguage":"fi","@id":"https:\/\/idakorea.ee\/#\/schema\/logo\/image\/","url":"https:\/\/idakorea.ee\/wp-content\/uploads\/2024\/05\/cropped-korea3.png","contentUrl":"https:\/\/idakorea.ee\/wp-content\/uploads\/2024\/05\/cropped-korea3.png","width":688,"height":126,"caption":"IDA.KOREA"},"image":{"@id":"https:\/\/idakorea.ee\/#\/schema\/logo\/image\/"},"sameAs":["https:\/\/www.instagram.com\/ida.korea\/"]}]}},"jetpack_sharing_enabled":true,"brands":[{"id":236,"name":"AHC","slug":"ahc"}],"_links":{"self":[{"href":"https:\/\/idakorea.ee\/fi\/wp-json\/wp\/v2\/product\/10609","targetHints":{"allow":["GET"]}}],"collection":[{"href":"https:\/\/idakorea.ee\/fi\/wp-json\/wp\/v2\/product"}],"about":[{"href":"https:\/\/idakorea.ee\/fi\/wp-json\/wp\/v2\/types\/product"}],"replies":[{"embeddable":true,"href":"https:\/\/idakorea.ee\/fi\/wp-json\/wp\/v2\/comments?post=10609"}],"version-history":[{"count":1,"href":"https:\/\/idakorea.ee\/fi\/wp-json\/wp\/v2\/product\/10609\/revisions"}],"predecessor-version":[{"id":10610,"href":"https:\/\/idakorea.ee\/fi\/wp-json\/wp\/v2\/product\/10609\/revisions\/10610"}],"wp:featuredmedia":[{"embeddable":true,"href":"https:\/\/idakorea.ee\/fi\/wp-json\/wp\/v2\/media\/10612"}],"wp:attachment":[{"href":"https:\/\/idakorea.ee\/fi\/wp-json\/wp\/v2\/media?parent=10609"}],"wp:term":[{"taxonomy":"pwb-brand","embeddable":true,"href":"https:\/\/idakorea.ee\/fi\/wp-json\/wp\/v2\/pwb-brand?post=10609"},{"taxonomy":"product_brand","embeddable":true,"href":"https:\/\/idakorea.ee\/fi\/wp-json\/wp\/v2\/product_brand?post=10609"},{"taxonomy":"product_cat","embeddable":true,"href":"https:\/\/idakorea.ee\/fi\/wp-json\/wp\/v2\/product_cat?post=10609"},{"taxonomy":"product_tag","embeddable":true,"href":"https:\/\/idakorea.ee\/fi\/wp-json\/wp\/v2\/product_tag?post=10609"}],"curies":[{"name":"wp","href":"https:\/\/api.w.org\/{rel}","templated":true}]}}