{"id":10636,"date":"2024-09-18T16:16:05","date_gmt":"2024-09-18T13:16:05","guid":{"rendered":"https:\/\/idakorea.ee\/?post_type=product&#038;p=10636"},"modified":"2026-04-13T14:54:02","modified_gmt":"2026-04-13T12:54:02","slug":"puhastusvaht-skin1004-madagascar-centella-ampoule-125ml","status":"publish","type":"product","link":"https:\/\/idakorea.ee\/fi\/product\/puhastusvaht-skin1004-madagascar-centella-ampoule-125ml\/","title":{"rendered":"Puhdistusvaahto SKIN1004 Madagaskar Centella Ampulli, 125ml"},"content":{"rendered":"<p><strong>SKIN1004 Madagaskar Centella ampulli<\/strong> Puhdistusvaahto puhdistaa hell\u00e4varaisesti poistaen likaa, kuolleita ihosoluja ja ylim\u00e4\u00e4r\u00e4ist\u00e4 talia ihohuokosista aiheuttamatta kuivuutta tai kirist\u00e4v\u00e4n tunnetta.<\/p>\n<p>Tuote puhdistaa hienot p\u00f6lyhiukkaset, pehment\u00e4\u00e4 ja rauhoittaa ihoa, tasoittaa ihon s\u00e4vy\u00e4 ja yll\u00e4pit\u00e4\u00e4 optimaalista kosteustasoa.<\/p>\n<p>Liev\u00e4sti hapan koostumus, joka sis\u00e4lt\u00e4\u00e4 luonnollisia kookospohjaisia pinta-aktiivisia aineita, ei vahingoita ihon luonnollista suojakerrosta eik\u00e4 \u00e4rsyt\u00e4 ihoa. Kaikki ainesosat on sertifioitu EWG-turvallisuusluokan mukaisesti.<\/p>\n<p>Vaahdolla on kermainen koostumus, joka levittyy helposti iholle ja muuttuu veden kanssa kosketuksissa olevaksi hienovaraiseksi vaahdoksi.<\/p>\n<p>P\u00e4\u00e4ainesosa on 30%-aasialainen lumpeen uute, jota saadaan Madagaskarin ekologiselta alueelta kotoisin olevista kasveista. Se sis\u00e4lt\u00e4\u00e4 seitsem\u00e4n kertaa enemm\u00e4n asiatikosidia, ainetta, joka lis\u00e4\u00e4 ihon kimmoisuutta, tasapainottaa hydrolipiditasapainoa ja stimuloi kollageenin ja elastiinin tuotantoa.<\/p>\n<p>Aasialainen lumpeen uute hoitaa herkk\u00e4\u00e4 ja vaurioitunutta ihoa: rauhoittaa \u00e4rsytyst\u00e4 ja punoitusta, ehk\u00e4isee hiussuonten laajenemista, v\u00e4hent\u00e4\u00e4 ekseeman ja couperosan oireita sek\u00e4 v\u00e4hent\u00e4\u00e4 ihon herkkyytt\u00e4 ulkoisille vaikutuksille.<\/p>\n<p><strong>Lis\u00e4komponentit:<\/strong><\/p>\n<ul>\n<li>Kaakaovoiuute kiinteytt\u00e4\u00e4 ja v\u00e4hent\u00e4\u00e4 turvotusta. Sill\u00e4 on antioksidanttisia ominaisuuksia ja se nopeuttaa ihon paranemista ja uusiutumista.<\/li>\n<li>Coco-betaiini on hell\u00e4varainen puhdistusaine, jolla on bakteereja tappavia ominaisuuksia. Se poistaa likaa iholta kuivattamatta tai \u00e4rsytt\u00e4m\u00e4tt\u00e4 sit\u00e4 muodostaen pehme\u00e4n vaahdon.<\/li>\n<li>Ruokasooda (natriumbikarbonaatti) imee ylim\u00e4\u00e4r\u00e4ist\u00e4 talia ja on tehokas mustap\u00e4it\u00e4 vastaan. Sill\u00e4 on neutraali happo-em\u00e4stasapaino ja kemialliset ominaisuudet, joten se sopii kaikille ihotyypeille.<\/li>\n<li>Natriumhyaluronaatti, hyaluronihapon muoto, joka pienen molekyylipainonsa ansiosta tunkeutuu syvemm\u00e4lle, kosteuttaa, lis\u00e4\u00e4 ihon luonnollista kosteustasoa (NMF) ja parantaa kimmoisuutta.<\/li>\n<\/ul>\n<p>Sopii kaikille ihotyypeille.<\/p>\n<p><strong>K\u00e4ytt\u00f6:<\/strong> Vaahdota tuotetta k\u00e4sien v\u00e4liss\u00e4, levit\u00e4 kasvoille ja hiero ihoon py\u00f6rivin liikkein. Huuhtele l\u00e4mpim\u00e4ll\u00e4 vedell\u00e4 ja jatka normaalia ihonhoitorutiiniasi.<\/p>","protected":false},"excerpt":{"rendered":"<p>SKIN1004 Madagascar Centella Ampoule Cleansing Foam -puhdistusvaahto puhdistaa hell\u00e4varaisesti ja poistaa lian, kuolleet ihosolut ja ylim\u00e4\u00e4r\u00e4isen \u00f6ljyn huokosista ilman kuivuutta tai kiristyst\u00e4. Tuote puhdistaa pois hienot p\u00f6lyhiukkaset, pehment\u00e4\u00e4 ja rauhoittaa ihoa, tasoittaa ihon ilmett\u00e4 ja yll\u00e4pit\u00e4\u00e4 optimaalisen kosteustasapainon. Luonnollisia kookosp\u00e4hkin\u00e4pohjaisia tensidej\u00e4 sis\u00e4lt\u00e4v\u00e4 heikosti hapan koostumus ei vahingoita ihon luonnollista suojaverkkoa eik\u00e4 \u00e4rsyt\u00e4 ihoa. Kaikki ainesosat ovat EWG...<\/p>","protected":false},"featured_media":10637,"comment_status":"open","ping_status":"closed","template":"","meta":{"_uf_show_specific_survey":0,"_uf_disable_surveys":false,"_bst_post_transparent":"default","_bst_post_title":"","_bst_post_layout":"default","_bst_post_sidebar_id":"","_bst_post_content_style":"default","_bst_post_vertical_padding":"default","_bst_post_feature":"","_bst_post_feature_position":"","_bst_post_header":false,"_bst_post_footer":false},"pwb-brand":[186],"product_brand":[],"product_cat":[452,100],"product_tag":[441],"class_list":{"0":"post-10636","1":"product","2":"type-product","3":"status-publish","4":"has-post-thumbnail","6":"pwb-brand-skin1004","7":"product_cat-naopuhastusgeelid","8":"product_cat-puhastusvahendid","9":"product_tag-skin1004","11":"first","12":"instock","13":"sale","14":"shipping-taxable","15":"purchasable","16":"product-type-simple","17":"entry","18":"content-bg","19":"loop-entry"},"supplier_id":null,"supplier_sku":"","barcode":null,"atum_controlled":true,"out_stock_date":null,"out_stock_threshold":null,"inheritable":false,"inbound_stock":0,"stock_on_hold":0,"sold_today":0,"sales_last_days":2,"out_stock_days":0,"lost_sales":0,"has_location":false,"update_date":"2026-04-14T09:07:39","atum_locations":[],"atum_stock_status":"instock","restock_status":false,"low_stock_amount":"","sales_update_date":"2026-04-14T09:07:39","calc_backorders":null,"yoast_head":"<!-- This site is optimized with the Yoast SEO plugin v27.2 - https:\/\/yoast.com\/product\/yoast-seo-wordpress\/ -->\n<title>Puhastusvaht SKIN1004 Madagascar Centella Ampoule, 125ml - IDA.KOREA<\/title>\n<meta name=\"description\" content=\"SKIN1004 Madagascar Centella Ampoule puhastusvaht puhastab \u00f5rnalt, eemaldades pooridest mustuse, surnud naharakud ja liigse rasu, ilma et see tekitaks kuivust v\u00f5i pingulolekutunnet.\" \/>\n<meta name=\"robots\" content=\"index, follow, max-snippet:-1, max-image-preview:large, max-video-preview:-1\" \/>\n<link rel=\"canonical\" href=\"https:\/\/idakorea.ee\/fi\/product\/puhastusvaht-skin1004-madagascar-centella-ampoule-125ml\/\" \/>\n<meta property=\"og:locale\" content=\"fi_FI\" \/>\n<meta property=\"og:type\" content=\"article\" \/>\n<meta property=\"og:title\" content=\"Puhastusvaht SKIN1004 Madagascar Centella Ampoule, 125ml - IDA.KOREA\" \/>\n<meta property=\"og:description\" content=\"SKIN1004 Madagascar Centella Ampoule puhastusvaht puhastab \u00f5rnalt, eemaldades pooridest mustuse, surnud naharakud ja liigse rasu, ilma et see tekitaks kuivust v\u00f5i pingulolekutunnet.\" \/>\n<meta property=\"og:url\" content=\"https:\/\/idakorea.ee\/fi\/product\/puhastusvaht-skin1004-madagascar-centella-ampoule-125ml\/\" \/>\n<meta property=\"og:site_name\" content=\"IDA.KOREA\" \/>\n<meta property=\"article:modified_time\" content=\"2026-04-13T12:54:02+00:00\" \/>\n<meta property=\"og:image\" content=\"https:\/\/idakorea.ee\/wp-content\/uploads\/2024\/09\/skin1004_madagascar_centella_ampoule_foam.jpg\" \/>\n\t<meta property=\"og:image:width\" content=\"1000\" \/>\n\t<meta property=\"og:image:height\" content=\"1000\" \/>\n\t<meta property=\"og:image:type\" content=\"image\/jpeg\" \/>\n<meta name=\"twitter:card\" content=\"summary_large_image\" \/>\n<meta name=\"twitter:label1\" content=\"Arvioitu lukuaika\" \/>\n\t<meta name=\"twitter:data1\" content=\"2 minuuttia\" \/>\n<script type=\"application\/ld+json\" class=\"yoast-schema-graph\">{\"@context\":\"https:\/\/schema.org\",\"@graph\":[{\"@type\":\"WebPage\",\"@id\":\"https:\/\/idakorea.ee\/product\/puhastusvaht-skin1004-madagascar-centella-ampoule-125ml\/\",\"url\":\"https:\/\/idakorea.ee\/product\/puhastusvaht-skin1004-madagascar-centella-ampoule-125ml\/\",\"name\":\"Puhastusvaht SKIN1004 Madagascar Centella Ampoule, 125ml - IDA.KOREA\",\"isPartOf\":{\"@id\":\"https:\/\/idakorea.ee\/#website\"},\"primaryImageOfPage\":{\"@id\":\"https:\/\/idakorea.ee\/product\/puhastusvaht-skin1004-madagascar-centella-ampoule-125ml\/#primaryimage\"},\"image\":{\"@id\":\"https:\/\/idakorea.ee\/product\/puhastusvaht-skin1004-madagascar-centella-ampoule-125ml\/#primaryimage\"},\"thumbnailUrl\":\"https:\/\/idakorea.ee\/wp-content\/uploads\/2024\/09\/skin1004_madagascar_centella_ampoule_foam.jpg\",\"datePublished\":\"2024-09-18T13:16:05+00:00\",\"dateModified\":\"2026-04-13T12:54:02+00:00\",\"description\":\"SKIN1004 Madagascar Centella Ampoule puhastusvaht puhastab \u00f5rnalt, eemaldades pooridest mustuse, surnud naharakud ja liigse rasu, ilma et see tekitaks kuivust v\u00f5i pingulolekutunnet.\",\"breadcrumb\":{\"@id\":\"https:\/\/idakorea.ee\/product\/puhastusvaht-skin1004-madagascar-centella-ampoule-125ml\/#breadcrumb\"},\"inLanguage\":\"fi\",\"potentialAction\":[{\"@type\":\"ReadAction\",\"target\":[\"https:\/\/idakorea.ee\/product\/puhastusvaht-skin1004-madagascar-centella-ampoule-125ml\/\"]}]},{\"@type\":\"ImageObject\",\"inLanguage\":\"fi\",\"@id\":\"https:\/\/idakorea.ee\/product\/puhastusvaht-skin1004-madagascar-centella-ampoule-125ml\/#primaryimage\",\"url\":\"https:\/\/idakorea.ee\/wp-content\/uploads\/2024\/09\/skin1004_madagascar_centella_ampoule_foam.jpg\",\"contentUrl\":\"https:\/\/idakorea.ee\/wp-content\/uploads\/2024\/09\/skin1004_madagascar_centella_ampoule_foam.jpg\",\"width\":1000,\"height\":1000,\"caption\":\"SKIN1004_Madagascar_Centella_Ampoule_Foam\"},{\"@type\":\"BreadcrumbList\",\"@id\":\"https:\/\/idakorea.ee\/product\/puhastusvaht-skin1004-madagascar-centella-ampoule-125ml\/#breadcrumb\",\"itemListElement\":[{\"@type\":\"ListItem\",\"position\":1,\"name\":\"\u0413\u043b\u0430\u0432\u043d\u0430\u044f \u0441\u0442\u0440\u0430\u043d\u0438\u0446\u0430\",\"item\":\"https:\/\/idakorea.ee\/\"},{\"@type\":\"ListItem\",\"position\":2,\"name\":\"Shop\",\"item\":\"https:\/\/idakorea.ee\/shop-2\/\"},{\"@type\":\"ListItem\",\"position\":3,\"name\":\"Puhastusvaht SKIN1004 Madagascar Centella Ampoule, 125ml\"}]},{\"@type\":\"WebSite\",\"@id\":\"https:\/\/idakorea.ee\/#website\",\"url\":\"https:\/\/idakorea.ee\/\",\"name\":\"IDA.KOREA\",\"description\":\"Korea kosmeetika e-pood\",\"publisher\":{\"@id\":\"https:\/\/idakorea.ee\/#organization\"},\"alternateName\":\"Beauty Shop\",\"potentialAction\":[{\"@type\":\"SearchAction\",\"target\":{\"@type\":\"EntryPoint\",\"urlTemplate\":\"https:\/\/idakorea.ee\/?s={search_term_string}\"},\"query-input\":{\"@type\":\"PropertyValueSpecification\",\"valueRequired\":true,\"valueName\":\"search_term_string\"}}],\"inLanguage\":\"fi\"},{\"@type\":\"Organization\",\"@id\":\"https:\/\/idakorea.ee\/#organization\",\"name\":\"IDA.KOREA\",\"url\":\"https:\/\/idakorea.ee\/\",\"logo\":{\"@type\":\"ImageObject\",\"inLanguage\":\"fi\",\"@id\":\"https:\/\/idakorea.ee\/#\/schema\/logo\/image\/\",\"url\":\"https:\/\/idakorea.ee\/wp-content\/uploads\/2024\/05\/cropped-korea3.png\",\"contentUrl\":\"https:\/\/idakorea.ee\/wp-content\/uploads\/2024\/05\/cropped-korea3.png\",\"width\":688,\"height\":126,\"caption\":\"IDA.KOREA\"},\"image\":{\"@id\":\"https:\/\/idakorea.ee\/#\/schema\/logo\/image\/\"},\"sameAs\":[\"https:\/\/www.instagram.com\/ida.korea\/\"]}]}<\/script>\n<!-- \/ Yoast SEO plugin. -->","yoast_head_json":{"title":"Puhdistusvaahto SKIN1004 Madagascar Centella Ampulli, 125 ml - IDA.KOREA","description":"SKIN1004 Madagaskarin Centella Ampoule -puhdistusvaahto puhdistaa hell\u00e4varaisesti poistaen lian, kuolleet ihosolut ja ylim\u00e4\u00e4r\u00e4isen \u00f6ljyn ihohuokosista kuivattamatta tai kirist\u00e4v\u00e4n tunteen vuoksi.","robots":{"index":"index","follow":"follow","max-snippet":"max-snippet:-1","max-image-preview":"max-image-preview:large","max-video-preview":"max-video-preview:-1"},"canonical":"https:\/\/idakorea.ee\/fi\/product\/puhastusvaht-skin1004-madagascar-centella-ampoule-125ml\/","og_locale":"fi_FI","og_type":"article","og_title":"Puhastusvaht SKIN1004 Madagascar Centella Ampoule, 125ml - IDA.KOREA","og_description":"SKIN1004 Madagascar Centella Ampoule puhastusvaht puhastab \u00f5rnalt, eemaldades pooridest mustuse, surnud naharakud ja liigse rasu, ilma et see tekitaks kuivust v\u00f5i pingulolekutunnet.","og_url":"https:\/\/idakorea.ee\/fi\/product\/puhastusvaht-skin1004-madagascar-centella-ampoule-125ml\/","og_site_name":"IDA.KOREA","article_modified_time":"2026-04-13T12:54:02+00:00","og_image":[{"width":1000,"height":1000,"url":"https:\/\/idakorea.ee\/wp-content\/uploads\/2024\/09\/skin1004_madagascar_centella_ampoule_foam.jpg","type":"image\/jpeg"}],"twitter_card":"summary_large_image","twitter_misc":{"Arvioitu lukuaika":"2 minuuttia"},"schema":{"@context":"https:\/\/schema.org","@graph":[{"@type":"WebPage","@id":"https:\/\/idakorea.ee\/product\/puhastusvaht-skin1004-madagascar-centella-ampoule-125ml\/","url":"https:\/\/idakorea.ee\/product\/puhastusvaht-skin1004-madagascar-centella-ampoule-125ml\/","name":"Puhdistusvaahto SKIN1004 Madagascar Centella Ampulli, 125 ml - IDA.KOREA","isPartOf":{"@id":"https:\/\/idakorea.ee\/#website"},"primaryImageOfPage":{"@id":"https:\/\/idakorea.ee\/product\/puhastusvaht-skin1004-madagascar-centella-ampoule-125ml\/#primaryimage"},"image":{"@id":"https:\/\/idakorea.ee\/product\/puhastusvaht-skin1004-madagascar-centella-ampoule-125ml\/#primaryimage"},"thumbnailUrl":"https:\/\/idakorea.ee\/wp-content\/uploads\/2024\/09\/skin1004_madagascar_centella_ampoule_foam.jpg","datePublished":"2024-09-18T13:16:05+00:00","dateModified":"2026-04-13T12:54:02+00:00","description":"SKIN1004 Madagaskarin Centella Ampoule -puhdistusvaahto puhdistaa hell\u00e4varaisesti poistaen lian, kuolleet ihosolut ja ylim\u00e4\u00e4r\u00e4isen \u00f6ljyn ihohuokosista kuivattamatta tai kirist\u00e4v\u00e4n tunteen vuoksi.","breadcrumb":{"@id":"https:\/\/idakorea.ee\/product\/puhastusvaht-skin1004-madagascar-centella-ampoule-125ml\/#breadcrumb"},"inLanguage":"fi","potentialAction":[{"@type":"ReadAction","target":["https:\/\/idakorea.ee\/product\/puhastusvaht-skin1004-madagascar-centella-ampoule-125ml\/"]}]},{"@type":"ImageObject","inLanguage":"fi","@id":"https:\/\/idakorea.ee\/product\/puhastusvaht-skin1004-madagascar-centella-ampoule-125ml\/#primaryimage","url":"https:\/\/idakorea.ee\/wp-content\/uploads\/2024\/09\/skin1004_madagascar_centella_ampoule_foam.jpg","contentUrl":"https:\/\/idakorea.ee\/wp-content\/uploads\/2024\/09\/skin1004_madagascar_centella_ampoule_foam.jpg","width":1000,"height":1000,"caption":"SKIN1004_Madagascar_Centella_Ampoule_Foam"},{"@type":"BreadcrumbList","@id":"https:\/\/idakorea.ee\/product\/puhastusvaht-skin1004-madagascar-centella-ampoule-125ml\/#breadcrumb","itemListElement":[{"@type":"ListItem","position":1,"name":"\u0413\u043b\u0430\u0432\u043d\u0430\u044f \u0441\u0442\u0440\u0430\u043d\u0438\u0446\u0430","item":"https:\/\/idakorea.ee\/"},{"@type":"ListItem","position":2,"name":"Shop","item":"https:\/\/idakorea.ee\/shop-2\/"},{"@type":"ListItem","position":3,"name":"Puhastusvaht SKIN1004 Madagascar Centella Ampoule, 125ml"}]},{"@type":"WebSite","@id":"https:\/\/idakorea.ee\/#website","url":"https:\/\/idakorea.ee\/","name":"IDA.KOREA","description":"Korean kosmetiikan verkkokauppa","publisher":{"@id":"https:\/\/idakorea.ee\/#organization"},"alternateName":"Beauty Shop","potentialAction":[{"@type":"SearchAction","target":{"@type":"EntryPoint","urlTemplate":"https:\/\/idakorea.ee\/?s={search_term_string}"},"query-input":{"@type":"PropertyValueSpecification","valueRequired":true,"valueName":"search_term_string"}}],"inLanguage":"fi"},{"@type":"Organization","@id":"https:\/\/idakorea.ee\/#organization","name":"IDA.KOREA","url":"https:\/\/idakorea.ee\/","logo":{"@type":"ImageObject","inLanguage":"fi","@id":"https:\/\/idakorea.ee\/#\/schema\/logo\/image\/","url":"https:\/\/idakorea.ee\/wp-content\/uploads\/2024\/05\/cropped-korea3.png","contentUrl":"https:\/\/idakorea.ee\/wp-content\/uploads\/2024\/05\/cropped-korea3.png","width":688,"height":126,"caption":"IDA.KOREA"},"image":{"@id":"https:\/\/idakorea.ee\/#\/schema\/logo\/image\/"},"sameAs":["https:\/\/www.instagram.com\/ida.korea\/"]}]}},"jetpack_sharing_enabled":true,"brands":[{"id":186,"name":"SKIN1004","slug":"skin1004"}],"_links":{"self":[{"href":"https:\/\/idakorea.ee\/fi\/wp-json\/wp\/v2\/product\/10636","targetHints":{"allow":["GET"]}}],"collection":[{"href":"https:\/\/idakorea.ee\/fi\/wp-json\/wp\/v2\/product"}],"about":[{"href":"https:\/\/idakorea.ee\/fi\/wp-json\/wp\/v2\/types\/product"}],"replies":[{"embeddable":true,"href":"https:\/\/idakorea.ee\/fi\/wp-json\/wp\/v2\/comments?post=10636"}],"version-history":[{"count":1,"href":"https:\/\/idakorea.ee\/fi\/wp-json\/wp\/v2\/product\/10636\/revisions"}],"predecessor-version":[{"id":10640,"href":"https:\/\/idakorea.ee\/fi\/wp-json\/wp\/v2\/product\/10636\/revisions\/10640"}],"wp:featuredmedia":[{"embeddable":true,"href":"https:\/\/idakorea.ee\/fi\/wp-json\/wp\/v2\/media\/10637"}],"wp:attachment":[{"href":"https:\/\/idakorea.ee\/fi\/wp-json\/wp\/v2\/media?parent=10636"}],"wp:term":[{"taxonomy":"pwb-brand","embeddable":true,"href":"https:\/\/idakorea.ee\/fi\/wp-json\/wp\/v2\/pwb-brand?post=10636"},{"taxonomy":"product_brand","embeddable":true,"href":"https:\/\/idakorea.ee\/fi\/wp-json\/wp\/v2\/product_brand?post=10636"},{"taxonomy":"product_cat","embeddable":true,"href":"https:\/\/idakorea.ee\/fi\/wp-json\/wp\/v2\/product_cat?post=10636"},{"taxonomy":"product_tag","embeddable":true,"href":"https:\/\/idakorea.ee\/fi\/wp-json\/wp\/v2\/product_tag?post=10636"}],"curies":[{"name":"wp","href":"https:\/\/api.w.org\/{rel}","templated":true}]}}