{"id":10648,"date":"2024-09-20T14:19:33","date_gmt":"2024-09-20T11:19:33","guid":{"rendered":"https:\/\/idakorea.ee\/?post_type=product&#038;p=10648"},"modified":"2026-01-30T16:18:17","modified_gmt":"2026-01-30T14:18:17","slug":"toonik-axis-y-daily-purifying-treatment-toner-200ml","status":"publish","type":"product","link":"https:\/\/idakorea.ee\/fi\/product\/toonik-axis-y-daily-purifying-treatment-toner-200ml\/","title":{"rendered":"Toonik AXIS-Y Daily Purifying Treatment Toner, 200ml"},"content":{"rendered":"<p><strong>AXIS-Y P\u00e4ivitt\u00e4inen puhdistava hoitovesi<\/strong> Sopii ongelmaihon hell\u00e4varaiseen p\u00e4ivitt\u00e4iseen kuorintaan. Tuote puhdistaa ihohuokoset ja est\u00e4\u00e4 niiden tukkeutumisen, ehk\u00e4isee tulehduksia ja mustap\u00e4it\u00e4 sek\u00e4 tukee ihon puhtautta ja tasaista rakennetta.<\/p>\n<p>Poistaa hell\u00e4varaisesti ihon sarveiskerrosta, supistaa laajentuneita ihohuokosia, kosteuttaa ja rauhoittaa ihoa \u00e4rsytt\u00e4m\u00e4tt\u00e4. Stimuloi solujen uusiutumista, tasoittaa ihon rakennetta, v\u00e4hent\u00e4\u00e4 v\u00e4hitellen aknen j\u00e4lkeisi\u00e4 ihovaurioita ja ehk\u00e4isee liiallista talin erityst\u00e4. Kasvovedell\u00e4 on vetinen koostumus.<\/p>\n<p><strong>T\u00e4rkeimm\u00e4t vaikuttavat aineet:<\/strong><\/p>\n<ul>\n<li>0.5% Salisyylihappo (BHA) \u2013 rasvaliukoinen happo. Puhdistaa ihohuokosia, kirkastaa mustap\u00e4it\u00e4 ja talia, ehk\u00e4isee ihohuokosten tukkeutumista ja tulehdusta, v\u00e4hent\u00e4\u00e4 T-alueen kiiltoa.<\/li>\n<li>Glykolihappo (AHA) \u2013 poistaa kuolleita ihosoluja, stimuloi epidermiksen uusiutumista, tasoittaa ja kirkastaa ihoa sek\u00e4 puhdistaa syv\u00e4lt\u00e4 sarveiskerrosta.<\/li>\n<li>Glukonolaktoni (PHA) \u2013 suurempien molekyylien ansiosta kuin AHA-hapot, sopii herk\u00e4lle iholle. Poistaa hell\u00e4varaisesti kuolleita ihosoluja, tasoittaa ihon pintaa ja kirkastaa pigmenttil\u00e4iski\u00e4.<\/li>\n<li>Aasialainen lumpeen uute \u2013 rauhoittaa, v\u00e4hent\u00e4\u00e4 punoitusta ja \u00e4rsytyst\u00e4, vahvistaa verisuonten sein\u00e4mi\u00e4 ja lievitt\u00e4\u00e4 couperosaa, parantaa ihon kimmoisuutta.<\/li>\n<li>Teepuuuute ja -\u00f6ljy \u2013 normalisoivat talirauhasten erityst\u00e4, niill\u00e4 on voimakas antimikrobinen vaikutus. Ne ovat hyvi\u00e4 tulehdukseen ja \u00e4rsytykseen sek\u00e4 v\u00e4hent\u00e4v\u00e4t punoitusta ja kutinaa.<\/li>\n<li>Aloe vera -uute \u2013 virkist\u00e4\u00e4 ja kiinteytt\u00e4\u00e4, poistaa ihon kuivumista, v\u00e4hent\u00e4\u00e4 tulehdusta, silottaa ja pehment\u00e4\u00e4 ihoa.<\/li>\n<li>M\u00e4kikuismauute \u2013 rauhoittaa tulehdusta, nopeuttaa haavan paranemista, lis\u00e4\u00e4 ihon vastustuskyky\u00e4 ja v\u00e4hent\u00e4\u00e4 herkkyytt\u00e4 ulkoisille \u00e4rsykkeille.<\/li>\n<li>Koiruohouute \u2013 lievitt\u00e4\u00e4 tulehdusta, rauhoittaa, sill\u00e4 on antiseptinen vaikutus ja se auttaa aknen ja couperosa-ihon hoidossa.<\/li>\n<li>Lootusuute \u2013 kirkastaa hell\u00e4varaisesti, antaa iholle luonnollisen hehkun, pit\u00e4\u00e4 ihon t\u00e4ytel\u00e4isen\u00e4 ja sile\u00e4n\u00e4 sek\u00e4 puhdistaa ihoa.<\/li>\n<\/ul>\n<p>Sopii sekaiholle, rasvoittuvalle ja ongelmaiholle.<\/p>\n<p><strong>K\u00e4ytt\u00f6:<\/strong> Kasvojen pesun j\u00e4lkeen levit\u00e4 kasvovett\u00e4 kasvoillesi k\u00e4sin tai vanulapulla ja jatka normaalia hoitoa.<\/p>","protected":false},"excerpt":{"rendered":"<p>AXIS-Y Daily Purifying Treatment Toner ongelmaiholle sopii hell\u00e4varaiseen p\u00e4ivitt\u00e4iseen kuorintaan. Se puhdistaa ja ehk\u00e4isee huokosten tukkeutumista, ehk\u00e4isee tulehduksia ja mustelmia sek\u00e4 edist\u00e4\u00e4 ihon puhdasta ja tasaista koostumusta. Poistaa hell\u00e4varaisesti sarveiskerrosta, supistaa laajentuneita huokosia, kosteuttaa ja rauhoittaa ihoa aiheuttamatta \u00e4rsytyst\u00e4. Stimuloi solujen uusiutumista, tasoittaa ihon rakennetta, v\u00e4hent\u00e4\u00e4 v\u00e4hitellen aknen j\u00e4lkeisi\u00e4 vaurioita ja ehk\u00e4isee...<\/p>","protected":false},"featured_media":10653,"comment_status":"open","ping_status":"closed","template":"","meta":{"_uf_show_specific_survey":0,"_uf_disable_surveys":false,"_bst_post_transparent":"default","_bst_post_title":"","_bst_post_layout":"default","_bst_post_sidebar_id":"","_bst_post_content_style":"default","_bst_post_vertical_padding":"default","_bst_post_feature":"","_bst_post_feature_position":"","_bst_post_header":false,"_bst_post_footer":false},"pwb-brand":[565],"product_brand":[],"product_cat":[92,158],"product_tag":[618],"class_list":{"0":"post-10648","1":"product","2":"type-product","3":"status-publish","4":"has-post-thumbnail","6":"pwb-brand-axis-y","7":"product_cat-nagu","8":"product_cat-toonik","9":"product_tag-axis-y","11":"first","12":"outofstock","13":"sale","14":"shipping-taxable","15":"purchasable","16":"product-type-simple","17":"entry","18":"content-bg","19":"loop-entry"},"supplier_id":null,"supplier_sku":"","barcode":null,"atum_controlled":true,"out_stock_date":null,"out_stock_threshold":null,"inheritable":false,"inbound_stock":0,"stock_on_hold":0,"sold_today":0,"sales_last_days":0,"out_stock_days":0,"lost_sales":0,"has_location":false,"update_date":"2026-04-14T00:05:06","atum_locations":[],"atum_stock_status":"outofstock","restock_status":false,"low_stock_amount":"","sales_update_date":"2026-04-14T00:05:06","calc_backorders":null,"yoast_head":"<!-- This site is optimized with the Yoast SEO plugin v27.2 - https:\/\/yoast.com\/product\/yoast-seo-wordpress\/ -->\n<title>Toonik AXIS-Y Daily Purifying Treatment Toner, 200ml - IDA.KOREA<\/title>\n<meta name=\"description\" content=\"AXIS-Y Daily Purifying Treatment Toner probleemse naha jaoks sobib \u00f5rnaks igap\u00e4evaseks koorimiseks. Toode puhastab poore ja ennetab nende ummistumist, hoiab \u00e4ra p\u00f5letike ja mustpeade tekke, toetab naha puhtust ja \u00fchtlast tekstuuri.\" \/>\n<meta name=\"robots\" content=\"index, follow, max-snippet:-1, max-image-preview:large, max-video-preview:-1\" \/>\n<link rel=\"canonical\" href=\"https:\/\/idakorea.ee\/fi\/product\/toonik-axis-y-daily-purifying-treatment-toner-200ml\/\" \/>\n<meta property=\"og:locale\" content=\"fi_FI\" \/>\n<meta property=\"og:type\" content=\"article\" \/>\n<meta property=\"og:title\" content=\"Toonik AXIS-Y Daily Purifying Treatment Toner, 200ml - IDA.KOREA\" \/>\n<meta property=\"og:description\" content=\"AXIS-Y Daily Purifying Treatment Toner probleemse naha jaoks sobib \u00f5rnaks igap\u00e4evaseks koorimiseks. Toode puhastab poore ja ennetab nende ummistumist, hoiab \u00e4ra p\u00f5letike ja mustpeade tekke, toetab naha puhtust ja \u00fchtlast tekstuuri.\" \/>\n<meta property=\"og:url\" content=\"https:\/\/idakorea.ee\/fi\/product\/toonik-axis-y-daily-purifying-treatment-toner-200ml\/\" \/>\n<meta property=\"og:site_name\" content=\"IDA.KOREA\" \/>\n<meta property=\"article:modified_time\" content=\"2026-01-30T14:18:17+00:00\" \/>\n<meta property=\"og:image\" content=\"https:\/\/idakorea.ee\/wp-content\/uploads\/2024\/09\/axis_y-daily-purifying-treatment-toner.jpg\" \/>\n\t<meta property=\"og:image:width\" content=\"1000\" \/>\n\t<meta property=\"og:image:height\" content=\"1000\" \/>\n\t<meta property=\"og:image:type\" content=\"image\/jpeg\" \/>\n<meta name=\"twitter:card\" content=\"summary_large_image\" \/>\n<meta name=\"twitter:label1\" content=\"Arvioitu lukuaika\" \/>\n\t<meta name=\"twitter:data1\" content=\"2 minuuttia\" \/>\n<script type=\"application\/ld+json\" class=\"yoast-schema-graph\">{\"@context\":\"https:\/\/schema.org\",\"@graph\":[{\"@type\":\"WebPage\",\"@id\":\"https:\/\/idakorea.ee\/product\/toonik-axis-y-daily-purifying-treatment-toner-200ml\/\",\"url\":\"https:\/\/idakorea.ee\/product\/toonik-axis-y-daily-purifying-treatment-toner-200ml\/\",\"name\":\"Toonik AXIS-Y Daily Purifying Treatment Toner, 200ml - IDA.KOREA\",\"isPartOf\":{\"@id\":\"https:\/\/idakorea.ee\/#website\"},\"primaryImageOfPage\":{\"@id\":\"https:\/\/idakorea.ee\/product\/toonik-axis-y-daily-purifying-treatment-toner-200ml\/#primaryimage\"},\"image\":{\"@id\":\"https:\/\/idakorea.ee\/product\/toonik-axis-y-daily-purifying-treatment-toner-200ml\/#primaryimage\"},\"thumbnailUrl\":\"https:\/\/idakorea.ee\/wp-content\/uploads\/2024\/09\/axis_y-daily-purifying-treatment-toner.jpg\",\"datePublished\":\"2024-09-20T11:19:33+00:00\",\"dateModified\":\"2026-01-30T14:18:17+00:00\",\"description\":\"AXIS-Y Daily Purifying Treatment Toner probleemse naha jaoks sobib \u00f5rnaks igap\u00e4evaseks koorimiseks. Toode puhastab poore ja ennetab nende ummistumist, hoiab \u00e4ra p\u00f5letike ja mustpeade tekke, toetab naha puhtust ja \u00fchtlast tekstuuri.\",\"breadcrumb\":{\"@id\":\"https:\/\/idakorea.ee\/product\/toonik-axis-y-daily-purifying-treatment-toner-200ml\/#breadcrumb\"},\"inLanguage\":\"fi\",\"potentialAction\":[{\"@type\":\"ReadAction\",\"target\":[\"https:\/\/idakorea.ee\/product\/toonik-axis-y-daily-purifying-treatment-toner-200ml\/\"]}]},{\"@type\":\"ImageObject\",\"inLanguage\":\"fi\",\"@id\":\"https:\/\/idakorea.ee\/product\/toonik-axis-y-daily-purifying-treatment-toner-200ml\/#primaryimage\",\"url\":\"https:\/\/idakorea.ee\/wp-content\/uploads\/2024\/09\/axis_y-daily-purifying-treatment-toner.jpg\",\"contentUrl\":\"https:\/\/idakorea.ee\/wp-content\/uploads\/2024\/09\/axis_y-daily-purifying-treatment-toner.jpg\",\"width\":1000,\"height\":1000},{\"@type\":\"BreadcrumbList\",\"@id\":\"https:\/\/idakorea.ee\/product\/toonik-axis-y-daily-purifying-treatment-toner-200ml\/#breadcrumb\",\"itemListElement\":[{\"@type\":\"ListItem\",\"position\":1,\"name\":\"\u0413\u043b\u0430\u0432\u043d\u0430\u044f \u0441\u0442\u0440\u0430\u043d\u0438\u0446\u0430\",\"item\":\"https:\/\/idakorea.ee\/\"},{\"@type\":\"ListItem\",\"position\":2,\"name\":\"Shop\",\"item\":\"https:\/\/idakorea.ee\/shop-2\/\"},{\"@type\":\"ListItem\",\"position\":3,\"name\":\"Toonik AXIS-Y Daily Purifying Treatment Toner, 200ml\"}]},{\"@type\":\"WebSite\",\"@id\":\"https:\/\/idakorea.ee\/#website\",\"url\":\"https:\/\/idakorea.ee\/\",\"name\":\"IDA.KOREA\",\"description\":\"Korea kosmeetika e-pood\",\"publisher\":{\"@id\":\"https:\/\/idakorea.ee\/#organization\"},\"alternateName\":\"Beauty Shop\",\"potentialAction\":[{\"@type\":\"SearchAction\",\"target\":{\"@type\":\"EntryPoint\",\"urlTemplate\":\"https:\/\/idakorea.ee\/?s={search_term_string}\"},\"query-input\":{\"@type\":\"PropertyValueSpecification\",\"valueRequired\":true,\"valueName\":\"search_term_string\"}}],\"inLanguage\":\"fi\"},{\"@type\":\"Organization\",\"@id\":\"https:\/\/idakorea.ee\/#organization\",\"name\":\"IDA.KOREA\",\"url\":\"https:\/\/idakorea.ee\/\",\"logo\":{\"@type\":\"ImageObject\",\"inLanguage\":\"fi\",\"@id\":\"https:\/\/idakorea.ee\/#\/schema\/logo\/image\/\",\"url\":\"https:\/\/idakorea.ee\/wp-content\/uploads\/2024\/05\/cropped-korea3.png\",\"contentUrl\":\"https:\/\/idakorea.ee\/wp-content\/uploads\/2024\/05\/cropped-korea3.png\",\"width\":688,\"height\":126,\"caption\":\"IDA.KOREA\"},\"image\":{\"@id\":\"https:\/\/idakorea.ee\/#\/schema\/logo\/image\/\"},\"sameAs\":[\"https:\/\/www.instagram.com\/ida.korea\/\"]}]}<\/script>\n<!-- \/ Yoast SEO plugin. -->","yoast_head_json":{"title":"AXIS-Y P\u00e4ivitt\u00e4inen Puhdistava Kasvovesi, 200ml - IDA.KOREA","description":"AXIS-Y Daily Purifying Treatment Toner sopii ongelmaiholle hell\u00e4varaiseen p\u00e4ivitt\u00e4iseen kuorintaan. Tuote puhdistaa ihohuokoset ja est\u00e4\u00e4 niiden tukkeutumista, ehk\u00e4isee tulehduksia ja mustap\u00e4it\u00e4, tukee ihon puhtautta ja tasaista rakennetta.","robots":{"index":"index","follow":"follow","max-snippet":"max-snippet:-1","max-image-preview":"max-image-preview:large","max-video-preview":"max-video-preview:-1"},"canonical":"https:\/\/idakorea.ee\/fi\/product\/toonik-axis-y-daily-purifying-treatment-toner-200ml\/","og_locale":"fi_FI","og_type":"article","og_title":"Toonik AXIS-Y Daily Purifying Treatment Toner, 200ml - IDA.KOREA","og_description":"AXIS-Y Daily Purifying Treatment Toner probleemse naha jaoks sobib \u00f5rnaks igap\u00e4evaseks koorimiseks. Toode puhastab poore ja ennetab nende ummistumist, hoiab \u00e4ra p\u00f5letike ja mustpeade tekke, toetab naha puhtust ja \u00fchtlast tekstuuri.","og_url":"https:\/\/idakorea.ee\/fi\/product\/toonik-axis-y-daily-purifying-treatment-toner-200ml\/","og_site_name":"IDA.KOREA","article_modified_time":"2026-01-30T14:18:17+00:00","og_image":[{"width":1000,"height":1000,"url":"https:\/\/idakorea.ee\/wp-content\/uploads\/2024\/09\/axis_y-daily-purifying-treatment-toner.jpg","type":"image\/jpeg"}],"twitter_card":"summary_large_image","twitter_misc":{"Arvioitu lukuaika":"2 minuuttia"},"schema":{"@context":"https:\/\/schema.org","@graph":[{"@type":"WebPage","@id":"https:\/\/idakorea.ee\/product\/toonik-axis-y-daily-purifying-treatment-toner-200ml\/","url":"https:\/\/idakorea.ee\/product\/toonik-axis-y-daily-purifying-treatment-toner-200ml\/","name":"AXIS-Y P\u00e4ivitt\u00e4inen Puhdistava Kasvovesi, 200ml - IDA.KOREA","isPartOf":{"@id":"https:\/\/idakorea.ee\/#website"},"primaryImageOfPage":{"@id":"https:\/\/idakorea.ee\/product\/toonik-axis-y-daily-purifying-treatment-toner-200ml\/#primaryimage"},"image":{"@id":"https:\/\/idakorea.ee\/product\/toonik-axis-y-daily-purifying-treatment-toner-200ml\/#primaryimage"},"thumbnailUrl":"https:\/\/idakorea.ee\/wp-content\/uploads\/2024\/09\/axis_y-daily-purifying-treatment-toner.jpg","datePublished":"2024-09-20T11:19:33+00:00","dateModified":"2026-01-30T14:18:17+00:00","description":"AXIS-Y Daily Purifying Treatment Toner sopii ongelmaiholle hell\u00e4varaiseen p\u00e4ivitt\u00e4iseen kuorintaan. Tuote puhdistaa ihohuokoset ja est\u00e4\u00e4 niiden tukkeutumista, ehk\u00e4isee tulehduksia ja mustap\u00e4it\u00e4, tukee ihon puhtautta ja tasaista rakennetta.","breadcrumb":{"@id":"https:\/\/idakorea.ee\/product\/toonik-axis-y-daily-purifying-treatment-toner-200ml\/#breadcrumb"},"inLanguage":"fi","potentialAction":[{"@type":"ReadAction","target":["https:\/\/idakorea.ee\/product\/toonik-axis-y-daily-purifying-treatment-toner-200ml\/"]}]},{"@type":"ImageObject","inLanguage":"fi","@id":"https:\/\/idakorea.ee\/product\/toonik-axis-y-daily-purifying-treatment-toner-200ml\/#primaryimage","url":"https:\/\/idakorea.ee\/wp-content\/uploads\/2024\/09\/axis_y-daily-purifying-treatment-toner.jpg","contentUrl":"https:\/\/idakorea.ee\/wp-content\/uploads\/2024\/09\/axis_y-daily-purifying-treatment-toner.jpg","width":1000,"height":1000},{"@type":"BreadcrumbList","@id":"https:\/\/idakorea.ee\/product\/toonik-axis-y-daily-purifying-treatment-toner-200ml\/#breadcrumb","itemListElement":[{"@type":"ListItem","position":1,"name":"\u0413\u043b\u0430\u0432\u043d\u0430\u044f \u0441\u0442\u0440\u0430\u043d\u0438\u0446\u0430","item":"https:\/\/idakorea.ee\/"},{"@type":"ListItem","position":2,"name":"Shop","item":"https:\/\/idakorea.ee\/shop-2\/"},{"@type":"ListItem","position":3,"name":"Toonik AXIS-Y Daily Purifying Treatment Toner, 200ml"}]},{"@type":"WebSite","@id":"https:\/\/idakorea.ee\/#website","url":"https:\/\/idakorea.ee\/","name":"IDA.KOREA","description":"Korean kosmetiikan verkkokauppa","publisher":{"@id":"https:\/\/idakorea.ee\/#organization"},"alternateName":"Beauty Shop","potentialAction":[{"@type":"SearchAction","target":{"@type":"EntryPoint","urlTemplate":"https:\/\/idakorea.ee\/?s={search_term_string}"},"query-input":{"@type":"PropertyValueSpecification","valueRequired":true,"valueName":"search_term_string"}}],"inLanguage":"fi"},{"@type":"Organization","@id":"https:\/\/idakorea.ee\/#organization","name":"IDA.KOREA","url":"https:\/\/idakorea.ee\/","logo":{"@type":"ImageObject","inLanguage":"fi","@id":"https:\/\/idakorea.ee\/#\/schema\/logo\/image\/","url":"https:\/\/idakorea.ee\/wp-content\/uploads\/2024\/05\/cropped-korea3.png","contentUrl":"https:\/\/idakorea.ee\/wp-content\/uploads\/2024\/05\/cropped-korea3.png","width":688,"height":126,"caption":"IDA.KOREA"},"image":{"@id":"https:\/\/idakorea.ee\/#\/schema\/logo\/image\/"},"sameAs":["https:\/\/www.instagram.com\/ida.korea\/"]}]}},"jetpack_sharing_enabled":true,"brands":[{"id":565,"name":"AXIS-Y","slug":"axis-y"}],"_links":{"self":[{"href":"https:\/\/idakorea.ee\/fi\/wp-json\/wp\/v2\/product\/10648","targetHints":{"allow":["GET"]}}],"collection":[{"href":"https:\/\/idakorea.ee\/fi\/wp-json\/wp\/v2\/product"}],"about":[{"href":"https:\/\/idakorea.ee\/fi\/wp-json\/wp\/v2\/types\/product"}],"replies":[{"embeddable":true,"href":"https:\/\/idakorea.ee\/fi\/wp-json\/wp\/v2\/comments?post=10648"}],"version-history":[{"count":3,"href":"https:\/\/idakorea.ee\/fi\/wp-json\/wp\/v2\/product\/10648\/revisions"}],"predecessor-version":[{"id":11824,"href":"https:\/\/idakorea.ee\/fi\/wp-json\/wp\/v2\/product\/10648\/revisions\/11824"}],"wp:featuredmedia":[{"embeddable":true,"href":"https:\/\/idakorea.ee\/fi\/wp-json\/wp\/v2\/media\/10653"}],"wp:attachment":[{"href":"https:\/\/idakorea.ee\/fi\/wp-json\/wp\/v2\/media?parent=10648"}],"wp:term":[{"taxonomy":"pwb-brand","embeddable":true,"href":"https:\/\/idakorea.ee\/fi\/wp-json\/wp\/v2\/pwb-brand?post=10648"},{"taxonomy":"product_brand","embeddable":true,"href":"https:\/\/idakorea.ee\/fi\/wp-json\/wp\/v2\/product_brand?post=10648"},{"taxonomy":"product_cat","embeddable":true,"href":"https:\/\/idakorea.ee\/fi\/wp-json\/wp\/v2\/product_cat?post=10648"},{"taxonomy":"product_tag","embeddable":true,"href":"https:\/\/idakorea.ee\/fi\/wp-json\/wp\/v2\/product_tag?post=10648"}],"curies":[{"name":"wp","href":"https:\/\/api.w.org\/{rel}","templated":true}]}}