{"id":10665,"date":"2024-09-23T10:07:47","date_gmt":"2024-09-23T07:07:47","guid":{"rendered":"https:\/\/idakorea.ee\/?post_type=product&#038;p=10665"},"modified":"2026-03-20T10:19:53","modified_gmt":"2026-03-20T08:19:53","slug":"geel-kreem-skin1004-madagascar-centella-poremizing-light-gel-cream-75ml","status":"publish","type":"product","link":"https:\/\/idakorea.ee\/fi\/product\/geel-kreem-skin1004-madagascar-centella-poremizing-light-gel-cream-75ml\/","title":{"rendered":"Geelivoide SKIN1004 Madagascar Centella Poremizing Light Gel Cream, 75 ml"},"content":{"rendered":"<div class=\"flex-shrink-0 flex flex-col relative items-end\">\n<div>\n<div class=\"pt-0\">\n<div class=\"gizmo-bot-avatar flex h-8 w-8 items-center justify-center overflow-hidden rounded-full\">\n<div class=\"relative p-1 rounded-sm flex items-center justify-center bg-token-main-surface-primary text-token-text-primary h-8 w-8\"><span style=\"font-family: var(--global-body-font-family);\">Geel-kreem <strong>SKIN1004 Madagascar Centella Poremizing Light Gel Cream<\/strong> pooride ahendamiseks normaliseerib rasun\u00e4\u00e4rmete t\u00f6\u00f6d ja rasu tootmist p\u00e4eva jooksul, matistab nahka ega p\u00f5hjusta kuivust. Rahustab nahka, v\u00e4hendab punetust ja s\u00fcgelust, soodustab p\u00f5letike paranemist.<\/span><\/div>\n<\/div>\n<\/div>\n<\/div>\n<\/div>\n<div class=\"group\/conversation-turn relative flex w-full min-w-0 flex-col agent-turn\">\n<div class=\"flex-col gap-1 md:gap-3\">\n<div class=\"flex max-w-full flex-col flex-grow\">\n<div class=\"min-h-[20px] text-message flex w-full flex-col items-end gap-2 whitespace-normal break-words [.text-message+&amp;]:mt-5\" dir=\"auto\" data-message-author-role=\"assistant\" data-message-id=\"73ed284f-0748-49d2-a3a1-d3007db65b53\">\n<div class=\"flex w-full flex-col gap-1 empty:hidden first:pt-[3px]\">\n<div class=\"markdown prose w-full break-words dark:prose-invert light\">\n<p>Stimuleerib naha taastumist, helendab rasun\u00e4\u00e4rmeid ja v\u00e4hendab mustade t\u00e4ppide esinemist. Tugevdab nahka, parandab veresoonte elastsust, mis aitab ahendada laienenud poore. Vegan koostis on \u00f5rn ega \u00e4rrita nahka.<\/p>\n<p>Tootel on geeljas konsistents ja kerge jahutav efekt, mis niisutab koheselt ja imendub ilma kleepuva tundeta.<\/p>\n<p><strong>Peamised toimeained:<\/strong><\/p>\n<ul>\n<li>Aasia vesinaba ekstrakt parandab naha elastsust ja pinguldatust, k\u00fcllastab naharakke niiskusega. Moodustab kaitsekihi, mis hoiab ultraviolettkiirte ja keskkonnasaaste m\u00f5ju eest.<\/li>\n<li>Kaoliin puhastab t\u00f5husalt, kuivatab ja leevendab p\u00f5letikke, stimuleerib rakkude taastumist, imab toksiine ja muid kahjulikke aineid naha pinnalt. Pehmendab nahka, parandab jumet ja varustab nahka kasulike mineraalidega.<\/li>\n<li>Roosa Himaalaja sool eemaldab mustuse, tolmu, surnud naharakud ja liigse rasu nii naha pinnalt kui ka s\u00fcgavamatest kihtidest, tugevdab naha kaitsev\u00f5imet ja varustab seda mineraalide ja mikroelementidega.<\/li>\n<li>Merevesi on rikas mineraalide ja kasulike mikroelementide poolest, stimuleerib naha uuenemist ja taastumist. Toonib ja niisutab aktiivselt.<\/li>\n<li>Aaloe vera ekstrakt omab tugevat niisutavat toimet, mis mitte ainult ei niisuta s\u00fcgavalt, vaid aitab ka niiskust s\u00e4ilitada, taastada rakustruktuuri, leevendada \u00e4rritusi ning parandada v\u00e4iksemaid haavu ja kahjustusi.<\/li>\n<li>N\u00f5iapuu ekstrakt omab antibakteriaalset ja rahustavat toimet, v\u00e4hendab p\u00f5letikke ja aknet. Reguleerib rasueritust, ahendab poore ja v\u00e4hendab naha rasusust.<\/li>\n<\/ul>\n<p>&nbsp;<\/p>\n<p>Sobib kombineeritud ja rasusele nahale.<\/p>\n<p><strong>Kasutamine:<\/strong> kandke vajalik kogus kreemi hoolduse viimase etapina nahale.<\/p>\n<\/div>\n<\/div>\n<\/div>\n<\/div>\n<\/div>\n<\/div>\n","protected":false},"excerpt":{"rendered":"<p>SKIN1004 Madagascar Centella Poremizing Light Gel Cream -geelivoide huokosten kirist\u00e4miseen normalisoi talirauhasia ja talintuotantoa p\u00e4iv\u00e4n aikana, matistaa ihoa eik\u00e4 aiheuta kuivuutta. Rauhoittaa ihoa, v\u00e4hent\u00e4\u00e4 punoitusta ja kutinaa, edist\u00e4\u00e4 tulehdusten paranemista. Stimuloi ihon uudistumista, kirkastaa talirauhasia ja v\u00e4hent\u00e4\u00e4 mustap\u00e4iden esiintymist\u00e4. Kiinteytt\u00e4\u00e4 ihoa, parantaa verisuonten kimmoisuutta, mik\u00e4 auttaa kirist\u00e4m\u00e4\u00e4n laajentuneita ihohuokosia. Vegaaninen koostumus...<\/p>","protected":false},"featured_media":10666,"comment_status":"open","ping_status":"closed","template":"","meta":{"_uf_show_specific_survey":0,"_uf_disable_surveys":false,"_bst_post_transparent":"default","_bst_post_title":"","_bst_post_layout":"default","_bst_post_sidebar_id":"","_bst_post_content_style":"default","_bst_post_vertical_padding":"default","_bst_post_feature":"","_bst_post_feature_position":"","_bst_post_header":false,"_bst_post_footer":false},"pwb-brand":[186],"product_brand":[],"product_cat":[92,96],"product_tag":[],"class_list":{"0":"post-10665","1":"product","2":"type-product","3":"status-publish","4":"has-post-thumbnail","6":"pwb-brand-skin1004","7":"product_cat-nagu","8":"product_cat-naokreemid","10":"first","11":"instock","12":"sale","13":"shipping-taxable","14":"purchasable","15":"product-type-simple","16":"entry","17":"content-bg","18":"loop-entry"},"supplier_id":null,"supplier_sku":"","barcode":null,"atum_controlled":true,"out_stock_date":null,"out_stock_threshold":null,"inheritable":false,"inbound_stock":0,"stock_on_hold":0,"sold_today":0,"sales_last_days":1,"out_stock_days":0,"lost_sales":0,"has_location":false,"update_date":"2026-04-14T00:05:09","atum_locations":[],"atum_stock_status":"instock","restock_status":false,"low_stock_amount":"","sales_update_date":"2026-04-14T00:05:09","calc_backorders":null,"yoast_head":"<!-- This site is optimized with the Yoast SEO plugin v27.2 - https:\/\/yoast.com\/product\/yoast-seo-wordpress\/ -->\n<title>Geel-kreem SKIN1004 Madagascar Centella Poremizing Light Gel Cream, 75ml - IDA.KOREA<\/title>\n<meta name=\"description\" content=\"Geel-kreem SKIN1004 Madagascar Centella Poremizing Light Gel Cream pooride ahendamiseks normaliseerib rasun\u00e4\u00e4rmete t\u00f6\u00f6d ja rasu tootmist p\u00e4eva jooksul, matistab nahka ega p\u00f5hjusta kuivust. Rahustab nahka, v\u00e4hendab punetust ja s\u00fcgelust, soodustab p\u00f5letike paranemist.\" \/>\n<meta name=\"robots\" content=\"index, follow, max-snippet:-1, max-image-preview:large, max-video-preview:-1\" \/>\n<link rel=\"canonical\" href=\"https:\/\/idakorea.ee\/fi\/product\/geel-kreem-skin1004-madagascar-centella-poremizing-light-gel-cream-75ml\/\" \/>\n<meta property=\"og:locale\" content=\"fi_FI\" \/>\n<meta property=\"og:type\" content=\"article\" \/>\n<meta property=\"og:title\" content=\"Geel-kreem SKIN1004 Madagascar Centella Poremizing Light Gel Cream, 75ml - IDA.KOREA\" \/>\n<meta property=\"og:description\" content=\"Geel-kreem SKIN1004 Madagascar Centella Poremizing Light Gel Cream pooride ahendamiseks normaliseerib rasun\u00e4\u00e4rmete t\u00f6\u00f6d ja rasu tootmist p\u00e4eva jooksul, matistab nahka ega p\u00f5hjusta kuivust. Rahustab nahka, v\u00e4hendab punetust ja s\u00fcgelust, soodustab p\u00f5letike paranemist.\" \/>\n<meta property=\"og:url\" content=\"https:\/\/idakorea.ee\/fi\/product\/geel-kreem-skin1004-madagascar-centella-poremizing-light-gel-cream-75ml\/\" \/>\n<meta property=\"og:site_name\" content=\"IDA.KOREA\" \/>\n<meta property=\"article:modified_time\" content=\"2026-03-20T08:19:53+00:00\" \/>\n<meta property=\"og:image\" content=\"https:\/\/idakorea.ee\/wp-content\/uploads\/2024\/09\/skin1004-madagascar-centella-poremizing-light-gel-cream-_1_.png\" \/>\n\t<meta property=\"og:image:width\" content=\"1000\" \/>\n\t<meta property=\"og:image:height\" content=\"1000\" \/>\n\t<meta property=\"og:image:type\" content=\"image\/png\" \/>\n<meta name=\"twitter:card\" content=\"summary_large_image\" \/>\n<meta name=\"twitter:label1\" content=\"Arvioitu lukuaika\" \/>\n\t<meta name=\"twitter:data1\" content=\"2 minuuttia\" \/>\n<script type=\"application\/ld+json\" class=\"yoast-schema-graph\">{\"@context\":\"https:\/\/schema.org\",\"@graph\":[{\"@type\":\"WebPage\",\"@id\":\"https:\/\/idakorea.ee\/product\/geel-kreem-skin1004-madagascar-centella-poremizing-light-gel-cream-75ml\/\",\"url\":\"https:\/\/idakorea.ee\/product\/geel-kreem-skin1004-madagascar-centella-poremizing-light-gel-cream-75ml\/\",\"name\":\"Geel-kreem SKIN1004 Madagascar Centella Poremizing Light Gel Cream, 75ml - IDA.KOREA\",\"isPartOf\":{\"@id\":\"https:\/\/idakorea.ee\/#website\"},\"primaryImageOfPage\":{\"@id\":\"https:\/\/idakorea.ee\/product\/geel-kreem-skin1004-madagascar-centella-poremizing-light-gel-cream-75ml\/#primaryimage\"},\"image\":{\"@id\":\"https:\/\/idakorea.ee\/product\/geel-kreem-skin1004-madagascar-centella-poremizing-light-gel-cream-75ml\/#primaryimage\"},\"thumbnailUrl\":\"https:\/\/idakorea.ee\/wp-content\/uploads\/2024\/09\/skin1004-madagascar-centella-poremizing-light-gel-cream-_1_.png\",\"datePublished\":\"2024-09-23T07:07:47+00:00\",\"dateModified\":\"2026-03-20T08:19:53+00:00\",\"description\":\"Geel-kreem SKIN1004 Madagascar Centella Poremizing Light Gel Cream pooride ahendamiseks normaliseerib rasun\u00e4\u00e4rmete t\u00f6\u00f6d ja rasu tootmist p\u00e4eva jooksul, matistab nahka ega p\u00f5hjusta kuivust. Rahustab nahka, v\u00e4hendab punetust ja s\u00fcgelust, soodustab p\u00f5letike paranemist.\",\"breadcrumb\":{\"@id\":\"https:\/\/idakorea.ee\/product\/geel-kreem-skin1004-madagascar-centella-poremizing-light-gel-cream-75ml\/#breadcrumb\"},\"inLanguage\":\"fi\",\"potentialAction\":[{\"@type\":\"ReadAction\",\"target\":[\"https:\/\/idakorea.ee\/product\/geel-kreem-skin1004-madagascar-centella-poremizing-light-gel-cream-75ml\/\"]}]},{\"@type\":\"ImageObject\",\"inLanguage\":\"fi\",\"@id\":\"https:\/\/idakorea.ee\/product\/geel-kreem-skin1004-madagascar-centella-poremizing-light-gel-cream-75ml\/#primaryimage\",\"url\":\"https:\/\/idakorea.ee\/wp-content\/uploads\/2024\/09\/skin1004-madagascar-centella-poremizing-light-gel-cream-_1_.png\",\"contentUrl\":\"https:\/\/idakorea.ee\/wp-content\/uploads\/2024\/09\/skin1004-madagascar-centella-poremizing-light-gel-cream-_1_.png\",\"width\":1000,\"height\":1000,\"caption\":\"SKIN1004-Madagascar-Centella-Poremizing-Light-Gel-Cream\"},{\"@type\":\"BreadcrumbList\",\"@id\":\"https:\/\/idakorea.ee\/product\/geel-kreem-skin1004-madagascar-centella-poremizing-light-gel-cream-75ml\/#breadcrumb\",\"itemListElement\":[{\"@type\":\"ListItem\",\"position\":1,\"name\":\"\u0413\u043b\u0430\u0432\u043d\u0430\u044f \u0441\u0442\u0440\u0430\u043d\u0438\u0446\u0430\",\"item\":\"https:\/\/idakorea.ee\/\"},{\"@type\":\"ListItem\",\"position\":2,\"name\":\"Shop\",\"item\":\"https:\/\/idakorea.ee\/shop-2\/\"},{\"@type\":\"ListItem\",\"position\":3,\"name\":\"Geel-kreem SKIN1004 Madagascar Centella Poremizing Light Gel Cream, 75ml\"}]},{\"@type\":\"WebSite\",\"@id\":\"https:\/\/idakorea.ee\/#website\",\"url\":\"https:\/\/idakorea.ee\/\",\"name\":\"IDA.KOREA\",\"description\":\"Korea kosmeetika e-pood\",\"publisher\":{\"@id\":\"https:\/\/idakorea.ee\/#organization\"},\"alternateName\":\"Beauty Shop\",\"potentialAction\":[{\"@type\":\"SearchAction\",\"target\":{\"@type\":\"EntryPoint\",\"urlTemplate\":\"https:\/\/idakorea.ee\/?s={search_term_string}\"},\"query-input\":{\"@type\":\"PropertyValueSpecification\",\"valueRequired\":true,\"valueName\":\"search_term_string\"}}],\"inLanguage\":\"fi\"},{\"@type\":\"Organization\",\"@id\":\"https:\/\/idakorea.ee\/#organization\",\"name\":\"IDA.KOREA\",\"url\":\"https:\/\/idakorea.ee\/\",\"logo\":{\"@type\":\"ImageObject\",\"inLanguage\":\"fi\",\"@id\":\"https:\/\/idakorea.ee\/#\/schema\/logo\/image\/\",\"url\":\"https:\/\/idakorea.ee\/wp-content\/uploads\/2024\/05\/cropped-korea3.png\",\"contentUrl\":\"https:\/\/idakorea.ee\/wp-content\/uploads\/2024\/05\/cropped-korea3.png\",\"width\":688,\"height\":126,\"caption\":\"IDA.KOREA\"},\"image\":{\"@id\":\"https:\/\/idakorea.ee\/#\/schema\/logo\/image\/\"},\"sameAs\":[\"https:\/\/www.instagram.com\/ida.korea\/\"]}]}<\/script>\n<!-- \/ Yoast SEO plugin. -->","yoast_head_json":{"title":"Geelivoide SKIN1004 Madagaskarin Centella Poremizing Light Gel Cream, 75ml - IDA.KOREA","description":"Geelivoide SKIN1004 Madagaskarin Centella Poremizing Light Gel Cream supistaa ihohuokosia. Normalisoi talirauhasten toimintaa ja talintuotantoa p\u00e4iv\u00e4n aikana, tekee ihosta mattapintaisen eik\u00e4 kuivata sit\u00e4. Rauhoittaa ihoa, v\u00e4hent\u00e4\u00e4 punoitusta ja kutinaa sek\u00e4 edist\u00e4\u00e4 tulehduksen paranemista.","robots":{"index":"index","follow":"follow","max-snippet":"max-snippet:-1","max-image-preview":"max-image-preview:large","max-video-preview":"max-video-preview:-1"},"canonical":"https:\/\/idakorea.ee\/fi\/product\/geel-kreem-skin1004-madagascar-centella-poremizing-light-gel-cream-75ml\/","og_locale":"fi_FI","og_type":"article","og_title":"Geel-kreem SKIN1004 Madagascar Centella Poremizing Light Gel Cream, 75ml - IDA.KOREA","og_description":"Geel-kreem SKIN1004 Madagascar Centella Poremizing Light Gel Cream pooride ahendamiseks normaliseerib rasun\u00e4\u00e4rmete t\u00f6\u00f6d ja rasu tootmist p\u00e4eva jooksul, matistab nahka ega p\u00f5hjusta kuivust. Rahustab nahka, v\u00e4hendab punetust ja s\u00fcgelust, soodustab p\u00f5letike paranemist.","og_url":"https:\/\/idakorea.ee\/fi\/product\/geel-kreem-skin1004-madagascar-centella-poremizing-light-gel-cream-75ml\/","og_site_name":"IDA.KOREA","article_modified_time":"2026-03-20T08:19:53+00:00","og_image":[{"width":1000,"height":1000,"url":"https:\/\/idakorea.ee\/wp-content\/uploads\/2024\/09\/skin1004-madagascar-centella-poremizing-light-gel-cream-_1_.png","type":"image\/png"}],"twitter_card":"summary_large_image","twitter_misc":{"Arvioitu lukuaika":"2 minuuttia"},"schema":{"@context":"https:\/\/schema.org","@graph":[{"@type":"WebPage","@id":"https:\/\/idakorea.ee\/product\/geel-kreem-skin1004-madagascar-centella-poremizing-light-gel-cream-75ml\/","url":"https:\/\/idakorea.ee\/product\/geel-kreem-skin1004-madagascar-centella-poremizing-light-gel-cream-75ml\/","name":"Geelivoide SKIN1004 Madagaskarin Centella Poremizing Light Gel Cream, 75ml - IDA.KOREA","isPartOf":{"@id":"https:\/\/idakorea.ee\/#website"},"primaryImageOfPage":{"@id":"https:\/\/idakorea.ee\/product\/geel-kreem-skin1004-madagascar-centella-poremizing-light-gel-cream-75ml\/#primaryimage"},"image":{"@id":"https:\/\/idakorea.ee\/product\/geel-kreem-skin1004-madagascar-centella-poremizing-light-gel-cream-75ml\/#primaryimage"},"thumbnailUrl":"https:\/\/idakorea.ee\/wp-content\/uploads\/2024\/09\/skin1004-madagascar-centella-poremizing-light-gel-cream-_1_.png","datePublished":"2024-09-23T07:07:47+00:00","dateModified":"2026-03-20T08:19:53+00:00","description":"Geelivoide SKIN1004 Madagaskarin Centella Poremizing Light Gel Cream supistaa ihohuokosia. Normalisoi talirauhasten toimintaa ja talintuotantoa p\u00e4iv\u00e4n aikana, tekee ihosta mattapintaisen eik\u00e4 kuivata sit\u00e4. Rauhoittaa ihoa, v\u00e4hent\u00e4\u00e4 punoitusta ja kutinaa sek\u00e4 edist\u00e4\u00e4 tulehduksen paranemista.","breadcrumb":{"@id":"https:\/\/idakorea.ee\/product\/geel-kreem-skin1004-madagascar-centella-poremizing-light-gel-cream-75ml\/#breadcrumb"},"inLanguage":"fi","potentialAction":[{"@type":"ReadAction","target":["https:\/\/idakorea.ee\/product\/geel-kreem-skin1004-madagascar-centella-poremizing-light-gel-cream-75ml\/"]}]},{"@type":"ImageObject","inLanguage":"fi","@id":"https:\/\/idakorea.ee\/product\/geel-kreem-skin1004-madagascar-centella-poremizing-light-gel-cream-75ml\/#primaryimage","url":"https:\/\/idakorea.ee\/wp-content\/uploads\/2024\/09\/skin1004-madagascar-centella-poremizing-light-gel-cream-_1_.png","contentUrl":"https:\/\/idakorea.ee\/wp-content\/uploads\/2024\/09\/skin1004-madagascar-centella-poremizing-light-gel-cream-_1_.png","width":1000,"height":1000,"caption":"SKIN1004-Madagascar-Centella-Poremizing-Light-Gel-Cream"},{"@type":"BreadcrumbList","@id":"https:\/\/idakorea.ee\/product\/geel-kreem-skin1004-madagascar-centella-poremizing-light-gel-cream-75ml\/#breadcrumb","itemListElement":[{"@type":"ListItem","position":1,"name":"\u0413\u043b\u0430\u0432\u043d\u0430\u044f \u0441\u0442\u0440\u0430\u043d\u0438\u0446\u0430","item":"https:\/\/idakorea.ee\/"},{"@type":"ListItem","position":2,"name":"Shop","item":"https:\/\/idakorea.ee\/shop-2\/"},{"@type":"ListItem","position":3,"name":"Geel-kreem SKIN1004 Madagascar Centella Poremizing Light Gel Cream, 75ml"}]},{"@type":"WebSite","@id":"https:\/\/idakorea.ee\/#website","url":"https:\/\/idakorea.ee\/","name":"IDA.KOREA","description":"Korean kosmetiikan verkkokauppa","publisher":{"@id":"https:\/\/idakorea.ee\/#organization"},"alternateName":"Beauty Shop","potentialAction":[{"@type":"SearchAction","target":{"@type":"EntryPoint","urlTemplate":"https:\/\/idakorea.ee\/?s={search_term_string}"},"query-input":{"@type":"PropertyValueSpecification","valueRequired":true,"valueName":"search_term_string"}}],"inLanguage":"fi"},{"@type":"Organization","@id":"https:\/\/idakorea.ee\/#organization","name":"IDA.KOREA","url":"https:\/\/idakorea.ee\/","logo":{"@type":"ImageObject","inLanguage":"fi","@id":"https:\/\/idakorea.ee\/#\/schema\/logo\/image\/","url":"https:\/\/idakorea.ee\/wp-content\/uploads\/2024\/05\/cropped-korea3.png","contentUrl":"https:\/\/idakorea.ee\/wp-content\/uploads\/2024\/05\/cropped-korea3.png","width":688,"height":126,"caption":"IDA.KOREA"},"image":{"@id":"https:\/\/idakorea.ee\/#\/schema\/logo\/image\/"},"sameAs":["https:\/\/www.instagram.com\/ida.korea\/"]}]}},"jetpack_sharing_enabled":true,"brands":[{"id":186,"name":"SKIN1004","slug":"skin1004"}],"_links":{"self":[{"href":"https:\/\/idakorea.ee\/fi\/wp-json\/wp\/v2\/product\/10665","targetHints":{"allow":["GET"]}}],"collection":[{"href":"https:\/\/idakorea.ee\/fi\/wp-json\/wp\/v2\/product"}],"about":[{"href":"https:\/\/idakorea.ee\/fi\/wp-json\/wp\/v2\/types\/product"}],"replies":[{"embeddable":true,"href":"https:\/\/idakorea.ee\/fi\/wp-json\/wp\/v2\/comments?post=10665"}],"version-history":[{"count":1,"href":"https:\/\/idakorea.ee\/fi\/wp-json\/wp\/v2\/product\/10665\/revisions"}],"predecessor-version":[{"id":10669,"href":"https:\/\/idakorea.ee\/fi\/wp-json\/wp\/v2\/product\/10665\/revisions\/10669"}],"wp:featuredmedia":[{"embeddable":true,"href":"https:\/\/idakorea.ee\/fi\/wp-json\/wp\/v2\/media\/10666"}],"wp:attachment":[{"href":"https:\/\/idakorea.ee\/fi\/wp-json\/wp\/v2\/media?parent=10665"}],"wp:term":[{"taxonomy":"pwb-brand","embeddable":true,"href":"https:\/\/idakorea.ee\/fi\/wp-json\/wp\/v2\/pwb-brand?post=10665"},{"taxonomy":"product_brand","embeddable":true,"href":"https:\/\/idakorea.ee\/fi\/wp-json\/wp\/v2\/product_brand?post=10665"},{"taxonomy":"product_cat","embeddable":true,"href":"https:\/\/idakorea.ee\/fi\/wp-json\/wp\/v2\/product_cat?post=10665"},{"taxonomy":"product_tag","embeddable":true,"href":"https:\/\/idakorea.ee\/fi\/wp-json\/wp\/v2\/product_tag?post=10665"}],"curies":[{"name":"wp","href":"https:\/\/api.w.org\/{rel}","templated":true}]}}