{"id":10670,"date":"2024-09-23T10:22:57","date_gmt":"2024-09-23T07:22:57","guid":{"rendered":"https:\/\/idakorea.ee\/?post_type=product&#038;p=10670"},"modified":"2026-04-10T19:21:02","modified_gmt":"2026-04-10T17:21:02","slug":"sugavpuhastav-vaht-pooride-ahendamiseks-skin1004-madagascar-centella-poremizing-deep-cleansing-foam-125ml","status":"publish","type":"product","link":"https:\/\/idakorea.ee\/fi\/product\/sugavpuhastav-vaht-pooride-ahendamiseks-skin1004-madagascar-centella-poremizing-deep-cleansing-foam-125ml\/","title":{"rendered":"Syv\u00e4puhdistava huokosia kirist\u00e4v\u00e4 vaahto SKIN1004 Madagascar Centella Poremizing Deep Cleansing Foam, 125ml"},"content":{"rendered":"<p>Syv\u00e4puhdistava vaahto huokosten kirist\u00e4miseen <strong>SKIN1004 Madagascar Centella Poremizing Deep Cleansing Foam - syv\u00e4puhdistusvaahto<\/strong> poistaa tehokkaasti kaiken lian ja ylim\u00e4\u00e4r\u00e4isen \u00f6ljyn, liuottaa talirakeita ja kiillottaa ja kuorii ihoa hell\u00e4varaisesti. Pehment\u00e4\u00e4 karheita alueita ja kirkastaa \u00f6ljyrauhasia, jolloin mustap\u00e4it\u00e4 on v\u00e4hemm\u00e4n havaittavissa.<\/p>\n<p>S\u00e4\u00e4telee talintuotantoa, v\u00e4hent\u00e4\u00e4 rasvoittumista p\u00e4iv\u00e4n aikana ja mattaa ihoa. Auttaa vahvistamaan epidermiksen suojaavia toimintoja ja parantaa verisuonten kimmoisuutta. Yrttiuutteet rauhoittavat \u00e4rtynytt\u00e4 ihoa, lievitt\u00e4v\u00e4t kutinaa ja edist\u00e4v\u00e4t tulehdusten paranemista.<\/p>\n<p><strong>T\u00e4rkeimm\u00e4t vaikuttavat aineet: <\/strong><\/p>\n<ul>\n<li>Aasialainen Water Naba -uute (20,97%) parantaa ihon kimmoisuutta ja kiinteytt\u00e4, kyll\u00e4st\u00e4\u00e4 ihosolut kosteudella. Muodostaa suojaavan suojakerroksen, joka suojaa ihoa ultraviolettis\u00e4teilt\u00e4 ja ymp\u00e4rist\u00f6n saastumiselta.<\/li>\n<li>Papaiini on luonnollinen kasvientsyymi, joka on per\u00e4isin papaijamehusta. Se on hell\u00e4varainen kuoriva ainesosa, joka puhdistaa huokoset luonnollisesti. Sill\u00e4 on kirkastava vaikutus, se tasoittaa ihon s\u00e4vy\u00e4 ja parantaa ihon s\u00e4vy\u00e4.<\/li>\n<li>Kaoliini puhdistaa tehokkaasti, kuivattaa ja rauhoittaa tulehdusta, stimuloi solujen uudistumista ja imee myrkkyj\u00e4 ja muita haitallisia aineita ihon pinnalta. Pehment\u00e4\u00e4 ihoa, parantaa ihon ilmett\u00e4 ja antaa iholle hy\u00f6dyllisi\u00e4 mineraaleja.<\/li>\n<li>Vaaleanpunainen himalajansuola poistaa likaa, p\u00f6ly\u00e4, kuolleita ihosoluja ja ylim\u00e4\u00e4r\u00e4ist\u00e4 \u00f6ljy\u00e4 ihon pinnalta ja syvemmilt\u00e4 kerroksilta, vahvistaa ihon puolustuskyky\u00e4 ja antaa sille mineraaleja ja hivenaineita.<\/li>\n<li>Rosmariiniuute edist\u00e4\u00e4 solujen uusiutumista, kiinteytt\u00e4\u00e4, parantaa verenkiertoa, tasoittaa ihon rakennetta ja sopii erinomaisesti kyps\u00e4lle iholle ja ik\u00e4\u00e4ntymisen merkkien torjuntaan.<\/li>\n<li>Iltaimarreuute sis\u00e4lt\u00e4\u00e4 runsaasti vitamiineja, aminohappoja ja kivenn\u00e4isaineita. Se toimii antioksidanttina, korjaa ihoa ja stimuloi solujen uudistumista ja uusiutumista.<\/li>\n<\/ul>\n<p>&nbsp;<\/p>\n<p>Sopii normaalille, sekaiholle ja rasvaiselle iholle.<\/p>\n<p><strong>K\u00e4ytt\u00f6:<\/strong> vaahdota pieni m\u00e4\u00e4r\u00e4 tuotetta m\u00e4rkien k\u00e4sien v\u00e4liss\u00e4. Hiero vaahto varovasti kasvoille ja huuhtele sitten kylm\u00e4ll\u00e4 vedell\u00e4.<\/p>","protected":false},"excerpt":{"rendered":"<p>Syv\u00e4puhdistava huokosia kirist\u00e4v\u00e4 vaahto SKIN1004 Madagascar Centella Poremizing Deep Cleansing Foam poistaa tehokkaasti kaiken lian ja ylim\u00e4\u00e4r\u00e4isen \u00f6ljyn, liuottaa \u00f6ljyrakeet ja kiillottaa ja kuorii ihoa hell\u00e4varaisesti. Pehment\u00e4\u00e4 karheita ihoalueita ja kirkastaa \u00f6ljyrauhasia, jolloin mustap\u00e4it\u00e4 on v\u00e4hemm\u00e4n havaittavissa. S\u00e4\u00e4telee \u00f6ljyntuotantoa, v\u00e4hent\u00e4\u00e4 rasvoittumista p\u00e4iv\u00e4n aikana ja matistaa ihoa. Auttaa vahvistamaan epidermiksen suojaavia toimintoja ja parantaa verisuonten...<\/p>","protected":false},"featured_media":10671,"comment_status":"open","ping_status":"closed","template":"","meta":{"_uf_show_specific_survey":0,"_uf_disable_surveys":false,"_bst_post_transparent":"default","_bst_post_title":"","_bst_post_layout":"default","_bst_post_sidebar_id":"","_bst_post_content_style":"default","_bst_post_vertical_padding":"default","_bst_post_feature":"","_bst_post_feature_position":"","_bst_post_header":false,"_bst_post_footer":false},"pwb-brand":[186],"product_brand":[],"product_cat":[452,100],"product_tag":[],"class_list":{"0":"post-10670","1":"product","2":"type-product","3":"status-publish","4":"has-post-thumbnail","6":"pwb-brand-skin1004","7":"product_cat-naopuhastusgeelid","8":"product_cat-puhastusvahendid","10":"first","11":"instock","12":"sale","13":"shipping-taxable","14":"purchasable","15":"product-type-simple","16":"entry","17":"content-bg","18":"loop-entry"},"supplier_id":null,"supplier_sku":"","barcode":null,"atum_controlled":true,"out_stock_date":null,"out_stock_threshold":null,"inheritable":false,"inbound_stock":0,"stock_on_hold":0,"sold_today":0,"sales_last_days":1,"out_stock_days":0,"lost_sales":0,"has_location":false,"update_date":"2026-04-15T00:05:21","atum_locations":[],"atum_stock_status":"instock","restock_status":false,"low_stock_amount":"","sales_update_date":"2026-04-15T00:05:21","calc_backorders":null,"yoast_head":"<!-- This site is optimized with the Yoast SEO plugin v27.2 - https:\/\/yoast.com\/product\/yoast-seo-wordpress\/ -->\n<title>S\u00fcgavpuhastav vaht pooride ahendamiseks SKIN1004 Madagascar Centella Poremizing Deep Cleansing Foam, 125ml - IDA.KOREA<\/title>\n<meta name=\"description\" content=\"S\u00fcgavpuhastav vaht pooride ahendamiseks SKIN1004 Madagascar Centella Poremizing Deep Cleansing Foam eemaldab t\u00f5husalt k\u00f5ik mustuse ja liigse rasu, lahustab rasukorgid ning \u00f5rnalt poleerib ja koorib nahka. Pehmendab karedaid nahapiirkondi ja helendab rasun\u00e4\u00e4rmeid, muutes mustad t\u00e4pid v\u00e4hem m\u00e4rgatavaks.\" \/>\n<meta name=\"robots\" content=\"index, follow, max-snippet:-1, max-image-preview:large, max-video-preview:-1\" \/>\n<link rel=\"canonical\" href=\"https:\/\/idakorea.ee\/fi\/product\/sugavpuhastav-vaht-pooride-ahendamiseks-skin1004-madagascar-centella-poremizing-deep-cleansing-foam-125ml\/\" \/>\n<meta property=\"og:locale\" content=\"fi_FI\" \/>\n<meta property=\"og:type\" content=\"article\" \/>\n<meta property=\"og:title\" content=\"S\u00fcgavpuhastav vaht pooride ahendamiseks SKIN1004 Madagascar Centella Poremizing Deep Cleansing Foam, 125ml - IDA.KOREA\" \/>\n<meta property=\"og:description\" content=\"S\u00fcgavpuhastav vaht pooride ahendamiseks SKIN1004 Madagascar Centella Poremizing Deep Cleansing Foam eemaldab t\u00f5husalt k\u00f5ik mustuse ja liigse rasu, lahustab rasukorgid ning \u00f5rnalt poleerib ja koorib nahka. Pehmendab karedaid nahapiirkondi ja helendab rasun\u00e4\u00e4rmeid, muutes mustad t\u00e4pid v\u00e4hem m\u00e4rgatavaks.\" \/>\n<meta property=\"og:url\" content=\"https:\/\/idakorea.ee\/fi\/product\/sugavpuhastav-vaht-pooride-ahendamiseks-skin1004-madagascar-centella-poremizing-deep-cleansing-foam-125ml\/\" \/>\n<meta property=\"og:site_name\" content=\"IDA.KOREA\" \/>\n<meta property=\"article:modified_time\" content=\"2026-04-10T17:21:02+00:00\" \/>\n<meta property=\"og:image\" content=\"https:\/\/idakorea.ee\/wp-content\/uploads\/2024\/09\/hollyshop-_63_-_1_.png\" \/>\n\t<meta property=\"og:image:width\" content=\"1000\" \/>\n\t<meta property=\"og:image:height\" content=\"1000\" \/>\n\t<meta property=\"og:image:type\" content=\"image\/png\" \/>\n<meta name=\"twitter:card\" content=\"summary_large_image\" \/>\n<meta name=\"twitter:label1\" content=\"Arvioitu lukuaika\" \/>\n\t<meta name=\"twitter:data1\" content=\"2 minuuttia\" \/>\n<script type=\"application\/ld+json\" class=\"yoast-schema-graph\">{\"@context\":\"https:\/\/schema.org\",\"@graph\":[{\"@type\":\"WebPage\",\"@id\":\"https:\/\/idakorea.ee\/product\/sugavpuhastav-vaht-pooride-ahendamiseks-skin1004-madagascar-centella-poremizing-deep-cleansing-foam-125ml\/\",\"url\":\"https:\/\/idakorea.ee\/product\/sugavpuhastav-vaht-pooride-ahendamiseks-skin1004-madagascar-centella-poremizing-deep-cleansing-foam-125ml\/\",\"name\":\"S\u00fcgavpuhastav vaht pooride ahendamiseks SKIN1004 Madagascar Centella Poremizing Deep Cleansing Foam, 125ml - IDA.KOREA\",\"isPartOf\":{\"@id\":\"https:\/\/idakorea.ee\/#website\"},\"primaryImageOfPage\":{\"@id\":\"https:\/\/idakorea.ee\/product\/sugavpuhastav-vaht-pooride-ahendamiseks-skin1004-madagascar-centella-poremizing-deep-cleansing-foam-125ml\/#primaryimage\"},\"image\":{\"@id\":\"https:\/\/idakorea.ee\/product\/sugavpuhastav-vaht-pooride-ahendamiseks-skin1004-madagascar-centella-poremizing-deep-cleansing-foam-125ml\/#primaryimage\"},\"thumbnailUrl\":\"https:\/\/idakorea.ee\/wp-content\/uploads\/2024\/09\/hollyshop-_63_-_1_.png\",\"datePublished\":\"2024-09-23T07:22:57+00:00\",\"dateModified\":\"2026-04-10T17:21:02+00:00\",\"description\":\"S\u00fcgavpuhastav vaht pooride ahendamiseks SKIN1004 Madagascar Centella Poremizing Deep Cleansing Foam eemaldab t\u00f5husalt k\u00f5ik mustuse ja liigse rasu, lahustab rasukorgid ning \u00f5rnalt poleerib ja koorib nahka. Pehmendab karedaid nahapiirkondi ja helendab rasun\u00e4\u00e4rmeid, muutes mustad t\u00e4pid v\u00e4hem m\u00e4rgatavaks.\",\"breadcrumb\":{\"@id\":\"https:\/\/idakorea.ee\/product\/sugavpuhastav-vaht-pooride-ahendamiseks-skin1004-madagascar-centella-poremizing-deep-cleansing-foam-125ml\/#breadcrumb\"},\"inLanguage\":\"fi\",\"potentialAction\":[{\"@type\":\"ReadAction\",\"target\":[\"https:\/\/idakorea.ee\/product\/sugavpuhastav-vaht-pooride-ahendamiseks-skin1004-madagascar-centella-poremizing-deep-cleansing-foam-125ml\/\"]}]},{\"@type\":\"ImageObject\",\"inLanguage\":\"fi\",\"@id\":\"https:\/\/idakorea.ee\/product\/sugavpuhastav-vaht-pooride-ahendamiseks-skin1004-madagascar-centella-poremizing-deep-cleansing-foam-125ml\/#primaryimage\",\"url\":\"https:\/\/idakorea.ee\/wp-content\/uploads\/2024\/09\/hollyshop-_63_-_1_.png\",\"contentUrl\":\"https:\/\/idakorea.ee\/wp-content\/uploads\/2024\/09\/hollyshop-_63_-_1_.png\",\"width\":1000,\"height\":1000,\"caption\":\"skin1004 deep foam\"},{\"@type\":\"BreadcrumbList\",\"@id\":\"https:\/\/idakorea.ee\/product\/sugavpuhastav-vaht-pooride-ahendamiseks-skin1004-madagascar-centella-poremizing-deep-cleansing-foam-125ml\/#breadcrumb\",\"itemListElement\":[{\"@type\":\"ListItem\",\"position\":1,\"name\":\"\u0413\u043b\u0430\u0432\u043d\u0430\u044f \u0441\u0442\u0440\u0430\u043d\u0438\u0446\u0430\",\"item\":\"https:\/\/idakorea.ee\/\"},{\"@type\":\"ListItem\",\"position\":2,\"name\":\"Shop\",\"item\":\"https:\/\/idakorea.ee\/shop-2\/\"},{\"@type\":\"ListItem\",\"position\":3,\"name\":\"S\u00fcgavpuhastav vaht pooride ahendamiseks SKIN1004 Madagascar Centella Poremizing Deep Cleansing Foam, 125ml\"}]},{\"@type\":\"WebSite\",\"@id\":\"https:\/\/idakorea.ee\/#website\",\"url\":\"https:\/\/idakorea.ee\/\",\"name\":\"IDA.KOREA\",\"description\":\"Korea kosmeetika e-pood\",\"publisher\":{\"@id\":\"https:\/\/idakorea.ee\/#organization\"},\"alternateName\":\"Beauty Shop\",\"potentialAction\":[{\"@type\":\"SearchAction\",\"target\":{\"@type\":\"EntryPoint\",\"urlTemplate\":\"https:\/\/idakorea.ee\/?s={search_term_string}\"},\"query-input\":{\"@type\":\"PropertyValueSpecification\",\"valueRequired\":true,\"valueName\":\"search_term_string\"}}],\"inLanguage\":\"fi\"},{\"@type\":\"Organization\",\"@id\":\"https:\/\/idakorea.ee\/#organization\",\"name\":\"IDA.KOREA\",\"url\":\"https:\/\/idakorea.ee\/\",\"logo\":{\"@type\":\"ImageObject\",\"inLanguage\":\"fi\",\"@id\":\"https:\/\/idakorea.ee\/#\/schema\/logo\/image\/\",\"url\":\"https:\/\/idakorea.ee\/wp-content\/uploads\/2024\/05\/cropped-korea3.png\",\"contentUrl\":\"https:\/\/idakorea.ee\/wp-content\/uploads\/2024\/05\/cropped-korea3.png\",\"width\":688,\"height\":126,\"caption\":\"IDA.KOREA\"},\"image\":{\"@id\":\"https:\/\/idakorea.ee\/#\/schema\/logo\/image\/\"},\"sameAs\":[\"https:\/\/www.instagram.com\/ida.korea\/\"]}]}<\/script>\n<!-- \/ Yoast SEO plugin. -->","yoast_head_json":{"title":"Syv\u00e4puhdistava huokosia kirist\u00e4v\u00e4 vaahto SKIN1004 Madagascar Centella Poremizing Deep Cleansing Foam, 125ml - IDA.KOREA","description":"Syv\u00e4puhdistava huokosia kirist\u00e4v\u00e4 vaahto SKIN1004 Madagascar Centella Poremizing Deep Cleansing Foam poistaa tehokkaasti kaiken lian ja ylim\u00e4\u00e4r\u00e4isen \u00f6ljyn, liuottaa \u00f6ljyrakeet ja kiillottaa ja kuorii ihoa hell\u00e4varaisesti. Pehment\u00e4\u00e4 karheita ihoalueita ja kirkastaa \u00f6ljyrauhasia, jolloin mustap\u00e4it\u00e4 on v\u00e4hemm\u00e4n havaittavissa.","robots":{"index":"index","follow":"follow","max-snippet":"max-snippet:-1","max-image-preview":"max-image-preview:large","max-video-preview":"max-video-preview:-1"},"canonical":"https:\/\/idakorea.ee\/fi\/product\/sugavpuhastav-vaht-pooride-ahendamiseks-skin1004-madagascar-centella-poremizing-deep-cleansing-foam-125ml\/","og_locale":"fi_FI","og_type":"article","og_title":"S\u00fcgavpuhastav vaht pooride ahendamiseks SKIN1004 Madagascar Centella Poremizing Deep Cleansing Foam, 125ml - IDA.KOREA","og_description":"S\u00fcgavpuhastav vaht pooride ahendamiseks SKIN1004 Madagascar Centella Poremizing Deep Cleansing Foam eemaldab t\u00f5husalt k\u00f5ik mustuse ja liigse rasu, lahustab rasukorgid ning \u00f5rnalt poleerib ja koorib nahka. Pehmendab karedaid nahapiirkondi ja helendab rasun\u00e4\u00e4rmeid, muutes mustad t\u00e4pid v\u00e4hem m\u00e4rgatavaks.","og_url":"https:\/\/idakorea.ee\/fi\/product\/sugavpuhastav-vaht-pooride-ahendamiseks-skin1004-madagascar-centella-poremizing-deep-cleansing-foam-125ml\/","og_site_name":"IDA.KOREA","article_modified_time":"2026-04-10T17:21:02+00:00","og_image":[{"width":1000,"height":1000,"url":"https:\/\/idakorea.ee\/wp-content\/uploads\/2024\/09\/hollyshop-_63_-_1_.png","type":"image\/png"}],"twitter_card":"summary_large_image","twitter_misc":{"Arvioitu lukuaika":"2 minuuttia"},"schema":{"@context":"https:\/\/schema.org","@graph":[{"@type":"WebPage","@id":"https:\/\/idakorea.ee\/product\/sugavpuhastav-vaht-pooride-ahendamiseks-skin1004-madagascar-centella-poremizing-deep-cleansing-foam-125ml\/","url":"https:\/\/idakorea.ee\/product\/sugavpuhastav-vaht-pooride-ahendamiseks-skin1004-madagascar-centella-poremizing-deep-cleansing-foam-125ml\/","name":"Syv\u00e4puhdistava huokosia kirist\u00e4v\u00e4 vaahto SKIN1004 Madagascar Centella Poremizing Deep Cleansing Foam, 125ml - IDA.KOREA","isPartOf":{"@id":"https:\/\/idakorea.ee\/#website"},"primaryImageOfPage":{"@id":"https:\/\/idakorea.ee\/product\/sugavpuhastav-vaht-pooride-ahendamiseks-skin1004-madagascar-centella-poremizing-deep-cleansing-foam-125ml\/#primaryimage"},"image":{"@id":"https:\/\/idakorea.ee\/product\/sugavpuhastav-vaht-pooride-ahendamiseks-skin1004-madagascar-centella-poremizing-deep-cleansing-foam-125ml\/#primaryimage"},"thumbnailUrl":"https:\/\/idakorea.ee\/wp-content\/uploads\/2024\/09\/hollyshop-_63_-_1_.png","datePublished":"2024-09-23T07:22:57+00:00","dateModified":"2026-04-10T17:21:02+00:00","description":"Syv\u00e4puhdistava huokosia kirist\u00e4v\u00e4 vaahto SKIN1004 Madagascar Centella Poremizing Deep Cleansing Foam poistaa tehokkaasti kaiken lian ja ylim\u00e4\u00e4r\u00e4isen \u00f6ljyn, liuottaa \u00f6ljyrakeet ja kiillottaa ja kuorii ihoa hell\u00e4varaisesti. Pehment\u00e4\u00e4 karheita ihoalueita ja kirkastaa \u00f6ljyrauhasia, jolloin mustap\u00e4it\u00e4 on v\u00e4hemm\u00e4n havaittavissa.","breadcrumb":{"@id":"https:\/\/idakorea.ee\/product\/sugavpuhastav-vaht-pooride-ahendamiseks-skin1004-madagascar-centella-poremizing-deep-cleansing-foam-125ml\/#breadcrumb"},"inLanguage":"fi","potentialAction":[{"@type":"ReadAction","target":["https:\/\/idakorea.ee\/product\/sugavpuhastav-vaht-pooride-ahendamiseks-skin1004-madagascar-centella-poremizing-deep-cleansing-foam-125ml\/"]}]},{"@type":"ImageObject","inLanguage":"fi","@id":"https:\/\/idakorea.ee\/product\/sugavpuhastav-vaht-pooride-ahendamiseks-skin1004-madagascar-centella-poremizing-deep-cleansing-foam-125ml\/#primaryimage","url":"https:\/\/idakorea.ee\/wp-content\/uploads\/2024\/09\/hollyshop-_63_-_1_.png","contentUrl":"https:\/\/idakorea.ee\/wp-content\/uploads\/2024\/09\/hollyshop-_63_-_1_.png","width":1000,"height":1000,"caption":"skin1004 deep foam"},{"@type":"BreadcrumbList","@id":"https:\/\/idakorea.ee\/product\/sugavpuhastav-vaht-pooride-ahendamiseks-skin1004-madagascar-centella-poremizing-deep-cleansing-foam-125ml\/#breadcrumb","itemListElement":[{"@type":"ListItem","position":1,"name":"\u0413\u043b\u0430\u0432\u043d\u0430\u044f \u0441\u0442\u0440\u0430\u043d\u0438\u0446\u0430","item":"https:\/\/idakorea.ee\/"},{"@type":"ListItem","position":2,"name":"Shop","item":"https:\/\/idakorea.ee\/shop-2\/"},{"@type":"ListItem","position":3,"name":"S\u00fcgavpuhastav vaht pooride ahendamiseks SKIN1004 Madagascar Centella Poremizing Deep Cleansing Foam, 125ml"}]},{"@type":"WebSite","@id":"https:\/\/idakorea.ee\/#website","url":"https:\/\/idakorea.ee\/","name":"IDA.KOREA","description":"Korean kosmetiikan verkkokauppa","publisher":{"@id":"https:\/\/idakorea.ee\/#organization"},"alternateName":"Beauty Shop","potentialAction":[{"@type":"SearchAction","target":{"@type":"EntryPoint","urlTemplate":"https:\/\/idakorea.ee\/?s={search_term_string}"},"query-input":{"@type":"PropertyValueSpecification","valueRequired":true,"valueName":"search_term_string"}}],"inLanguage":"fi"},{"@type":"Organization","@id":"https:\/\/idakorea.ee\/#organization","name":"IDA.KOREA","url":"https:\/\/idakorea.ee\/","logo":{"@type":"ImageObject","inLanguage":"fi","@id":"https:\/\/idakorea.ee\/#\/schema\/logo\/image\/","url":"https:\/\/idakorea.ee\/wp-content\/uploads\/2024\/05\/cropped-korea3.png","contentUrl":"https:\/\/idakorea.ee\/wp-content\/uploads\/2024\/05\/cropped-korea3.png","width":688,"height":126,"caption":"IDA.KOREA"},"image":{"@id":"https:\/\/idakorea.ee\/#\/schema\/logo\/image\/"},"sameAs":["https:\/\/www.instagram.com\/ida.korea\/"]}]}},"jetpack_sharing_enabled":true,"brands":[{"id":186,"name":"SKIN1004","slug":"skin1004"}],"_links":{"self":[{"href":"https:\/\/idakorea.ee\/fi\/wp-json\/wp\/v2\/product\/10670","targetHints":{"allow":["GET"]}}],"collection":[{"href":"https:\/\/idakorea.ee\/fi\/wp-json\/wp\/v2\/product"}],"about":[{"href":"https:\/\/idakorea.ee\/fi\/wp-json\/wp\/v2\/types\/product"}],"replies":[{"embeddable":true,"href":"https:\/\/idakorea.ee\/fi\/wp-json\/wp\/v2\/comments?post=10670"}],"version-history":[{"count":1,"href":"https:\/\/idakorea.ee\/fi\/wp-json\/wp\/v2\/product\/10670\/revisions"}],"predecessor-version":[{"id":10673,"href":"https:\/\/idakorea.ee\/fi\/wp-json\/wp\/v2\/product\/10670\/revisions\/10673"}],"wp:featuredmedia":[{"embeddable":true,"href":"https:\/\/idakorea.ee\/fi\/wp-json\/wp\/v2\/media\/10671"}],"wp:attachment":[{"href":"https:\/\/idakorea.ee\/fi\/wp-json\/wp\/v2\/media?parent=10670"}],"wp:term":[{"taxonomy":"pwb-brand","embeddable":true,"href":"https:\/\/idakorea.ee\/fi\/wp-json\/wp\/v2\/pwb-brand?post=10670"},{"taxonomy":"product_brand","embeddable":true,"href":"https:\/\/idakorea.ee\/fi\/wp-json\/wp\/v2\/product_brand?post=10670"},{"taxonomy":"product_cat","embeddable":true,"href":"https:\/\/idakorea.ee\/fi\/wp-json\/wp\/v2\/product_cat?post=10670"},{"taxonomy":"product_tag","embeddable":true,"href":"https:\/\/idakorea.ee\/fi\/wp-json\/wp\/v2\/product_tag?post=10670"}],"curies":[{"name":"wp","href":"https:\/\/api.w.org\/{rel}","templated":true}]}}