{"id":10674,"date":"2024-09-23T10:42:42","date_gmt":"2024-09-23T07:42:42","guid":{"rendered":"https:\/\/idakorea.ee\/?post_type=product&#038;p=10674"},"modified":"2026-03-13T18:41:22","modified_gmt":"2026-03-13T16:41:22","slug":"ampull-skin1004-madagascar-centella-poremizing-fresh-ampoule","status":"publish","type":"product","link":"https:\/\/idakorea.ee\/fi\/product\/ampull-skin1004-madagascar-centella-poremizing-fresh-ampoule\/","title":{"rendered":"Ampulli SKIN1004 Madagaskar Centella Poremizing Fresh Ampulli Madagaskar Centella Poremizing Fresh Ampuli"},"content":{"rendered":"<p>Ampulli <strong>SKIN1004 Madagaskarin Centella -huokosia poistava raikas ampulli<\/strong> kaventaa laajentuneita ihohuokosia, kiinteytt\u00e4\u00e4 ja vahvistaa ihoa sek\u00e4 pit\u00e4\u00e4 ihohuokoset puhtaina est\u00e4en niit\u00e4 tukkeutumasta ja rasvaisen kiillon muodostumisesta.<\/p>\n<p>Tuote v\u00e4hent\u00e4\u00e4 ihohuokosten syvyytt\u00e4 ja leveytt\u00e4, tekee niist\u00e4 v\u00e4hemm\u00e4n n\u00e4kyvi\u00e4, pit\u00e4\u00e4 ihon puhtaana, rauhoittaa ja pehment\u00e4\u00e4 ihoa, tasoittaa sen rakennetta, antaa kimmoisuutta ja kiinteytt\u00e4 sek\u00e4 ehk\u00e4isee ennenaikaista ik\u00e4\u00e4ntymist\u00e4.<\/p>\n<p>Tihe\u00e4 geelim\u00e4inen koostumus raikastaa, kosteuttaa t\u00e4ydellisesti eik\u00e4 j\u00e4t\u00e4 tahmeaa tunnetta, normalisoi ihon hydrolipiditasapainoa.<\/p>\n<p><strong>T\u00e4rkeimm\u00e4t vaikuttavat aineet: <\/strong><\/p>\n<ul>\n<li>Aasian lumpeen uute (50,47%), joka on ker\u00e4tty Madagaskarin ekologisesti puhtaalta alueelta, rauhoittaa, v\u00e4hent\u00e4\u00e4 \u00e4rsytyst\u00e4 ja punoitusta, vahvistaa verisuonten sein\u00e4mi\u00e4, torjuu turvotusta ja lievitt\u00e4\u00e4 couperosaa lis\u00e4\u00e4m\u00e4ll\u00e4 ihon kimmoisuutta.<\/li>\n<li>9 peptidin kompleksi kiinteytt\u00e4\u00e4, silottaa ja kiinteytt\u00e4\u00e4 ihoa parantaen sen kimmoisuutta, mik\u00e4 puolestaan supistaa ja pienent\u00e4\u00e4 ihohuokosia.<\/li>\n<li>Peptidikompleksi sis\u00e4lt\u00e4\u00e4 my\u00f6s argireliinia \u2013 botuliinia muistuttavaa peptidi\u00e4, joka rentouttaa kasvolihaksia ja auttaa ehk\u00e4isem\u00e4\u00e4n ilmejuonteiden muodostumista.<\/li>\n<li>Vaaleanpunainen Himalajan suola poistaa likaa, p\u00f6ly\u00e4, kuolleita ihosoluja ja ylim\u00e4\u00e4r\u00e4ist\u00e4 talia ihon pinnalta ja syvemmilt\u00e4 kerroksilta, vahvistaa ihon puolustuskyky\u00e4 ja toimittaa sille mineraaleja ja hivenaineita.<\/li>\n<li>Aloe vera -lehtiuute kosteuttaa, rauhoittaa ja pehment\u00e4\u00e4 ihoa, sill\u00e4 on tulehdusta est\u00e4v\u00e4 vaikutus ja se nopeuttaa mikrovaurioiden paranemista.<\/li>\n<li>Pantenoli (B5-vitamiini) v\u00e4hent\u00e4\u00e4 punoitusta ja kutinaa, vahvistaa hydrolipidisuojaa, est\u00e4\u00e4 kosteuden haihtumista ja edist\u00e4\u00e4 ihon uudistumista.<\/li>\n<\/ul>\n<p>&nbsp;<\/p>\n<p>Sopii kaikille ihotyypeille, joilla on laajentuneet ihohuokoset.<\/p>\n<p><strong>K\u00e4ytt\u00f6:<\/strong> Puhdistettuasi ja kasvoveden ihosi, levit\u00e4 ampulli pipetin avulla kasvoille, levit\u00e4 tasaisesti iholle, anna imeyty\u00e4 ja jatka ihonhoitorutiiniasi.<\/p>","protected":false},"excerpt":{"rendered":"<p>SKIN1004 Madagascar Centella Poremizing Fresh Ampoule kirist\u00e4\u00e4 ja tiivist\u00e4\u00e4 laajentuneita ihohuokosia, kiinteytt\u00e4\u00e4 ja vahvistaa ihoa sek\u00e4 pit\u00e4\u00e4 ihohuokoset puhtaina, ehk\u00e4isee tukkeutumista ja rasvaista kiiltoa. Tuote pienent\u00e4\u00e4 huokosten syvyytt\u00e4 ja leveytt\u00e4 tehden niist\u00e4 v\u00e4hemm\u00e4n n\u00e4kyvi\u00e4, pit\u00e4\u00e4 ihon puhtaana, rauhoittaa ja pehment\u00e4\u00e4 ihoa, tasoittaa ihotekstuuria, antaa iholle kimmoisuutta ja kiinteytt\u00e4 sek\u00e4 ehk\u00e4isee ennenaikaista ik\u00e4\u00e4ntymist\u00e4. Tihe\u00e4 geelim\u00e4inen...<\/p>","protected":false},"featured_media":10678,"comment_status":"open","ping_status":"closed","template":"","meta":{"_uf_show_specific_survey":0,"_uf_disable_surveys":false,"_bst_post_transparent":"default","_bst_post_title":"","_bst_post_layout":"default","_bst_post_sidebar_id":"","_bst_post_content_style":"default","_bst_post_vertical_padding":"default","_bst_post_feature":"","_bst_post_feature_position":"","_bst_post_header":false,"_bst_post_footer":false},"pwb-brand":[186],"product_brand":[],"product_cat":[92,97],"product_tag":[619],"class_list":{"0":"post-10674","1":"product","2":"type-product","3":"status-publish","4":"has-post-thumbnail","6":"pwb-brand-skin1004","7":"product_cat-nagu","8":"product_cat-naoseerumid-ja-olid","9":"product_tag-skin-1004-poremziming","11":"first","12":"instock","13":"sale","14":"shipping-taxable","15":"purchasable","16":"product-type-variable","17":"entry","18":"content-bg","19":"loop-entry"},"supplier_id":null,"supplier_sku":"","barcode":null,"atum_controlled":true,"out_stock_date":null,"out_stock_threshold":null,"inheritable":true,"inbound_stock":0,"stock_on_hold":0,"sold_today":0,"sales_last_days":0,"out_stock_days":0,"lost_sales":0,"has_location":false,"update_date":"2026-04-14T00:05:10","atum_locations":[],"atum_stock_status":"instock","restock_status":false,"low_stock_amount":"","sales_update_date":"2026-04-14T00:05:10","calc_backorders":null,"yoast_head":"<!-- This site is optimized with the Yoast SEO plugin v27.2 - https:\/\/yoast.com\/product\/yoast-seo-wordpress\/ -->\n<title>Ampull SKIN1004 Madagascar Centella Poremizing Fresh Ampoule - IDA.KOREA<\/title>\n<meta name=\"description\" content=\"Ampull SKIN1004 Madagascar Centella Poremizing Fresh Ampoule ahendab laienenud poore, pinguldab ja tugevdab nahka, samuti hoiab poorid puhtana, ennetades nende ummistumist ja rasuse l\u00e4ike teket.\" \/>\n<meta name=\"robots\" content=\"index, follow, max-snippet:-1, max-image-preview:large, max-video-preview:-1\" \/>\n<link rel=\"canonical\" href=\"https:\/\/idakorea.ee\/fi\/product\/ampull-skin1004-madagascar-centella-poremizing-fresh-ampoule\/\" \/>\n<meta property=\"og:locale\" content=\"fi_FI\" \/>\n<meta property=\"og:type\" content=\"article\" \/>\n<meta property=\"og:title\" content=\"Ampull SKIN1004 Madagascar Centella Poremizing Fresh Ampoule - IDA.KOREA\" \/>\n<meta property=\"og:description\" content=\"Ampull SKIN1004 Madagascar Centella Poremizing Fresh Ampoule ahendab laienenud poore, pinguldab ja tugevdab nahka, samuti hoiab poorid puhtana, ennetades nende ummistumist ja rasuse l\u00e4ike teket.\" \/>\n<meta property=\"og:url\" content=\"https:\/\/idakorea.ee\/fi\/product\/ampull-skin1004-madagascar-centella-poremizing-fresh-ampoule\/\" \/>\n<meta property=\"og:site_name\" content=\"IDA.KOREA\" \/>\n<meta property=\"article:modified_time\" content=\"2026-03-13T16:41:22+00:00\" \/>\n<meta property=\"og:image\" content=\"https:\/\/idakorea.ee\/wp-content\/uploads\/2024\/09\/madagascar-centella-poremizing-fresh-ampoule_-2.jpg\" \/>\n\t<meta property=\"og:image:width\" content=\"1000\" \/>\n\t<meta property=\"og:image:height\" content=\"1000\" \/>\n\t<meta property=\"og:image:type\" content=\"image\/jpeg\" \/>\n<meta name=\"twitter:card\" content=\"summary_large_image\" \/>\n<meta name=\"twitter:label1\" content=\"Arvioitu lukuaika\" \/>\n\t<meta name=\"twitter:data1\" content=\"2 minuuttia\" \/>\n<script type=\"application\/ld+json\" class=\"yoast-schema-graph\">{\"@context\":\"https:\/\/schema.org\",\"@graph\":[{\"@type\":\"WebPage\",\"@id\":\"https:\/\/idakorea.ee\/product\/ampull-skin1004-madagascar-centella-poremizing-fresh-ampoule\/\",\"url\":\"https:\/\/idakorea.ee\/product\/ampull-skin1004-madagascar-centella-poremizing-fresh-ampoule\/\",\"name\":\"Ampull SKIN1004 Madagascar Centella Poremizing Fresh Ampoule - IDA.KOREA\",\"isPartOf\":{\"@id\":\"https:\/\/idakorea.ee\/#website\"},\"primaryImageOfPage\":{\"@id\":\"https:\/\/idakorea.ee\/product\/ampull-skin1004-madagascar-centella-poremizing-fresh-ampoule\/#primaryimage\"},\"image\":{\"@id\":\"https:\/\/idakorea.ee\/product\/ampull-skin1004-madagascar-centella-poremizing-fresh-ampoule\/#primaryimage\"},\"thumbnailUrl\":\"https:\/\/idakorea.ee\/wp-content\/uploads\/2024\/09\/madagascar-centella-poremizing-fresh-ampoule_-2.jpg\",\"datePublished\":\"2024-09-23T07:42:42+00:00\",\"dateModified\":\"2026-03-13T16:41:22+00:00\",\"description\":\"Ampull SKIN1004 Madagascar Centella Poremizing Fresh Ampoule ahendab laienenud poore, pinguldab ja tugevdab nahka, samuti hoiab poorid puhtana, ennetades nende ummistumist ja rasuse l\u00e4ike teket.\",\"breadcrumb\":{\"@id\":\"https:\/\/idakorea.ee\/product\/ampull-skin1004-madagascar-centella-poremizing-fresh-ampoule\/#breadcrumb\"},\"inLanguage\":\"fi\",\"potentialAction\":[{\"@type\":\"ReadAction\",\"target\":[\"https:\/\/idakorea.ee\/product\/ampull-skin1004-madagascar-centella-poremizing-fresh-ampoule\/\"]}]},{\"@type\":\"ImageObject\",\"inLanguage\":\"fi\",\"@id\":\"https:\/\/idakorea.ee\/product\/ampull-skin1004-madagascar-centella-poremizing-fresh-ampoule\/#primaryimage\",\"url\":\"https:\/\/idakorea.ee\/wp-content\/uploads\/2024\/09\/madagascar-centella-poremizing-fresh-ampoule_-2.jpg\",\"contentUrl\":\"https:\/\/idakorea.ee\/wp-content\/uploads\/2024\/09\/madagascar-centella-poremizing-fresh-ampoule_-2.jpg\",\"width\":1000,\"height\":1000,\"caption\":\"Madagascar-Centella-Poremizing-Fresh-Ampoule\"},{\"@type\":\"BreadcrumbList\",\"@id\":\"https:\/\/idakorea.ee\/product\/ampull-skin1004-madagascar-centella-poremizing-fresh-ampoule\/#breadcrumb\",\"itemListElement\":[{\"@type\":\"ListItem\",\"position\":1,\"name\":\"\u0413\u043b\u0430\u0432\u043d\u0430\u044f \u0441\u0442\u0440\u0430\u043d\u0438\u0446\u0430\",\"item\":\"https:\/\/idakorea.ee\/\"},{\"@type\":\"ListItem\",\"position\":2,\"name\":\"Shop\",\"item\":\"https:\/\/idakorea.ee\/shop-2\/\"},{\"@type\":\"ListItem\",\"position\":3,\"name\":\"Ampull SKIN1004 Madagascar Centella Poremizing Fresh Ampoule\"}]},{\"@type\":\"WebSite\",\"@id\":\"https:\/\/idakorea.ee\/#website\",\"url\":\"https:\/\/idakorea.ee\/\",\"name\":\"IDA.KOREA\",\"description\":\"Korea kosmeetika e-pood\",\"publisher\":{\"@id\":\"https:\/\/idakorea.ee\/#organization\"},\"alternateName\":\"Beauty Shop\",\"potentialAction\":[{\"@type\":\"SearchAction\",\"target\":{\"@type\":\"EntryPoint\",\"urlTemplate\":\"https:\/\/idakorea.ee\/?s={search_term_string}\"},\"query-input\":{\"@type\":\"PropertyValueSpecification\",\"valueRequired\":true,\"valueName\":\"search_term_string\"}}],\"inLanguage\":\"fi\"},{\"@type\":\"Organization\",\"@id\":\"https:\/\/idakorea.ee\/#organization\",\"name\":\"IDA.KOREA\",\"url\":\"https:\/\/idakorea.ee\/\",\"logo\":{\"@type\":\"ImageObject\",\"inLanguage\":\"fi\",\"@id\":\"https:\/\/idakorea.ee\/#\/schema\/logo\/image\/\",\"url\":\"https:\/\/idakorea.ee\/wp-content\/uploads\/2024\/05\/cropped-korea3.png\",\"contentUrl\":\"https:\/\/idakorea.ee\/wp-content\/uploads\/2024\/05\/cropped-korea3.png\",\"width\":688,\"height\":126,\"caption\":\"IDA.KOREA\"},\"image\":{\"@id\":\"https:\/\/idakorea.ee\/#\/schema\/logo\/image\/\"},\"sameAs\":[\"https:\/\/www.instagram.com\/ida.korea\/\"]}]}<\/script>\n<!-- \/ Yoast SEO plugin. -->","yoast_head_json":{"title":"Ampulli SKIN1004 Madagascar Centella Poremizing Fresh Ampulli - IDA.KOREA","description":"SKIN1004 Madagaskarin Centella Poremizing Fresh -ampulli supistaa laajentuneita ihohuokosia, kiinteytt\u00e4\u00e4 ja vahvistaa ihoa sek\u00e4 pit\u00e4\u00e4 ihohuokoset puhtaina est\u00e4en niit\u00e4 tukkeutumasta ja rasvaisen kiillon muodostumisesta.","robots":{"index":"index","follow":"follow","max-snippet":"max-snippet:-1","max-image-preview":"max-image-preview:large","max-video-preview":"max-video-preview:-1"},"canonical":"https:\/\/idakorea.ee\/fi\/product\/ampull-skin1004-madagascar-centella-poremizing-fresh-ampoule\/","og_locale":"fi_FI","og_type":"article","og_title":"Ampull SKIN1004 Madagascar Centella Poremizing Fresh Ampoule - IDA.KOREA","og_description":"Ampull SKIN1004 Madagascar Centella Poremizing Fresh Ampoule ahendab laienenud poore, pinguldab ja tugevdab nahka, samuti hoiab poorid puhtana, ennetades nende ummistumist ja rasuse l\u00e4ike teket.","og_url":"https:\/\/idakorea.ee\/fi\/product\/ampull-skin1004-madagascar-centella-poremizing-fresh-ampoule\/","og_site_name":"IDA.KOREA","article_modified_time":"2026-03-13T16:41:22+00:00","og_image":[{"width":1000,"height":1000,"url":"https:\/\/idakorea.ee\/wp-content\/uploads\/2024\/09\/madagascar-centella-poremizing-fresh-ampoule_-2.jpg","type":"image\/jpeg"}],"twitter_card":"summary_large_image","twitter_misc":{"Arvioitu lukuaika":"2 minuuttia"},"schema":{"@context":"https:\/\/schema.org","@graph":[{"@type":"WebPage","@id":"https:\/\/idakorea.ee\/product\/ampull-skin1004-madagascar-centella-poremizing-fresh-ampoule\/","url":"https:\/\/idakorea.ee\/product\/ampull-skin1004-madagascar-centella-poremizing-fresh-ampoule\/","name":"Ampulli SKIN1004 Madagascar Centella Poremizing Fresh Ampulli - IDA.KOREA","isPartOf":{"@id":"https:\/\/idakorea.ee\/#website"},"primaryImageOfPage":{"@id":"https:\/\/idakorea.ee\/product\/ampull-skin1004-madagascar-centella-poremizing-fresh-ampoule\/#primaryimage"},"image":{"@id":"https:\/\/idakorea.ee\/product\/ampull-skin1004-madagascar-centella-poremizing-fresh-ampoule\/#primaryimage"},"thumbnailUrl":"https:\/\/idakorea.ee\/wp-content\/uploads\/2024\/09\/madagascar-centella-poremizing-fresh-ampoule_-2.jpg","datePublished":"2024-09-23T07:42:42+00:00","dateModified":"2026-03-13T16:41:22+00:00","description":"SKIN1004 Madagaskarin Centella Poremizing Fresh -ampulli supistaa laajentuneita ihohuokosia, kiinteytt\u00e4\u00e4 ja vahvistaa ihoa sek\u00e4 pit\u00e4\u00e4 ihohuokoset puhtaina est\u00e4en niit\u00e4 tukkeutumasta ja rasvaisen kiillon muodostumisesta.","breadcrumb":{"@id":"https:\/\/idakorea.ee\/product\/ampull-skin1004-madagascar-centella-poremizing-fresh-ampoule\/#breadcrumb"},"inLanguage":"fi","potentialAction":[{"@type":"ReadAction","target":["https:\/\/idakorea.ee\/product\/ampull-skin1004-madagascar-centella-poremizing-fresh-ampoule\/"]}]},{"@type":"ImageObject","inLanguage":"fi","@id":"https:\/\/idakorea.ee\/product\/ampull-skin1004-madagascar-centella-poremizing-fresh-ampoule\/#primaryimage","url":"https:\/\/idakorea.ee\/wp-content\/uploads\/2024\/09\/madagascar-centella-poremizing-fresh-ampoule_-2.jpg","contentUrl":"https:\/\/idakorea.ee\/wp-content\/uploads\/2024\/09\/madagascar-centella-poremizing-fresh-ampoule_-2.jpg","width":1000,"height":1000,"caption":"Madagascar-Centella-Poremizing-Fresh-Ampoule"},{"@type":"BreadcrumbList","@id":"https:\/\/idakorea.ee\/product\/ampull-skin1004-madagascar-centella-poremizing-fresh-ampoule\/#breadcrumb","itemListElement":[{"@type":"ListItem","position":1,"name":"\u0413\u043b\u0430\u0432\u043d\u0430\u044f \u0441\u0442\u0440\u0430\u043d\u0438\u0446\u0430","item":"https:\/\/idakorea.ee\/"},{"@type":"ListItem","position":2,"name":"Shop","item":"https:\/\/idakorea.ee\/shop-2\/"},{"@type":"ListItem","position":3,"name":"Ampull SKIN1004 Madagascar Centella Poremizing Fresh Ampoule"}]},{"@type":"WebSite","@id":"https:\/\/idakorea.ee\/#website","url":"https:\/\/idakorea.ee\/","name":"IDA.KOREA","description":"Korean kosmetiikan verkkokauppa","publisher":{"@id":"https:\/\/idakorea.ee\/#organization"},"alternateName":"Beauty Shop","potentialAction":[{"@type":"SearchAction","target":{"@type":"EntryPoint","urlTemplate":"https:\/\/idakorea.ee\/?s={search_term_string}"},"query-input":{"@type":"PropertyValueSpecification","valueRequired":true,"valueName":"search_term_string"}}],"inLanguage":"fi"},{"@type":"Organization","@id":"https:\/\/idakorea.ee\/#organization","name":"IDA.KOREA","url":"https:\/\/idakorea.ee\/","logo":{"@type":"ImageObject","inLanguage":"fi","@id":"https:\/\/idakorea.ee\/#\/schema\/logo\/image\/","url":"https:\/\/idakorea.ee\/wp-content\/uploads\/2024\/05\/cropped-korea3.png","contentUrl":"https:\/\/idakorea.ee\/wp-content\/uploads\/2024\/05\/cropped-korea3.png","width":688,"height":126,"caption":"IDA.KOREA"},"image":{"@id":"https:\/\/idakorea.ee\/#\/schema\/logo\/image\/"},"sameAs":["https:\/\/www.instagram.com\/ida.korea\/"]}]}},"jetpack_sharing_enabled":true,"brands":[{"id":186,"name":"SKIN1004","slug":"skin1004"}],"_links":{"self":[{"href":"https:\/\/idakorea.ee\/fi\/wp-json\/wp\/v2\/product\/10674","targetHints":{"allow":["GET"]}}],"collection":[{"href":"https:\/\/idakorea.ee\/fi\/wp-json\/wp\/v2\/product"}],"about":[{"href":"https:\/\/idakorea.ee\/fi\/wp-json\/wp\/v2\/types\/product"}],"replies":[{"embeddable":true,"href":"https:\/\/idakorea.ee\/fi\/wp-json\/wp\/v2\/comments?post=10674"}],"version-history":[{"count":1,"href":"https:\/\/idakorea.ee\/fi\/wp-json\/wp\/v2\/product\/10674\/revisions"}],"predecessor-version":[{"id":10682,"href":"https:\/\/idakorea.ee\/fi\/wp-json\/wp\/v2\/product\/10674\/revisions\/10682"}],"wp:featuredmedia":[{"embeddable":true,"href":"https:\/\/idakorea.ee\/fi\/wp-json\/wp\/v2\/media\/10678"}],"wp:attachment":[{"href":"https:\/\/idakorea.ee\/fi\/wp-json\/wp\/v2\/media?parent=10674"}],"wp:term":[{"taxonomy":"pwb-brand","embeddable":true,"href":"https:\/\/idakorea.ee\/fi\/wp-json\/wp\/v2\/pwb-brand?post=10674"},{"taxonomy":"product_brand","embeddable":true,"href":"https:\/\/idakorea.ee\/fi\/wp-json\/wp\/v2\/product_brand?post=10674"},{"taxonomy":"product_cat","embeddable":true,"href":"https:\/\/idakorea.ee\/fi\/wp-json\/wp\/v2\/product_cat?post=10674"},{"taxonomy":"product_tag","embeddable":true,"href":"https:\/\/idakorea.ee\/fi\/wp-json\/wp\/v2\/product_tag?post=10674"}],"curies":[{"name":"wp","href":"https:\/\/api.w.org\/{rel}","templated":true}]}}