{"id":10685,"date":"2024-09-23T15:15:07","date_gmt":"2024-09-23T12:15:07","guid":{"rendered":"https:\/\/idakorea.ee\/?post_type=product&#038;p=10685"},"modified":"2026-04-14T13:35:36","modified_gmt":"2026-04-14T11:35:36","slug":"ampull-skin1004-madagascar-centella-ampoule","status":"publish","type":"product","link":"https:\/\/idakorea.ee\/fi\/product\/ampull-skin1004-madagascar-centella-ampoule\/","title":{"rendered":"Ampulli SKIN1004 Madagaskar Centella Ampulli Madagaskar Centella Ampulli"},"content":{"rendered":"<p>Ampulli <strong>SKIN1004 Madagaskar Centella ampulli<\/strong> on eritt\u00e4in tiivis rauhoittava tuote, joka nopeuttaa haavojen ja vaurioiden paranemista, kosteuttaa intensiivisesti, lievitt\u00e4\u00e4 \u00e4rsytyst\u00e4, kuivuutta, punoitusta ja tulehdusta sek\u00e4 v\u00e4hent\u00e4\u00e4 aknea.<\/p>\n<p>Liev\u00e4sti hapan hypoallergeeninen koostumus, jonka pH vastaa terveen ihon pH:ta, ei hajota ihon luonnollista suojaverkkoa ja normalisoi kosteus- ja lipiditasapainoa ihon pinnalla.<\/p>\n<p>Seerumin ainoa ja t\u00e4rkein ainesosa on 100% Aasian vesililjauute, joka on per\u00e4isin Madagaskarin ekologisesti puhtaalla alueella kasvatetuista kasveista. Madagaskarin vesililja sis\u00e4lt\u00e4\u00e4 7 kertaa enemm\u00e4n asiaticosidia.<\/p>\n<p>Aasialainen vesililjauute vahvistaa verisuonia, v\u00e4hent\u00e4\u00e4 tulehdusta, auttaa torjumaan ekseemaa ja couperoosia, ehk\u00e4isee kapillaarien laajentumista ja v\u00e4hent\u00e4\u00e4 ihon herkkyytt\u00e4.<\/p>\n<p>Kevyt koostumus imeytyy t\u00e4ydellisesti, ei j\u00e4t\u00e4 tahmeaa tunnetta ja tarjoaa miellytt\u00e4v\u00e4\u00e4 mukavuutta ja kosteutusta levityksen j\u00e4lkeen.<\/p>\n<p><strong>K\u00e4ytt\u00f6<\/strong>: Kun iho on puhdistettu ja s\u00e4vytetty, levit\u00e4 ampulli kasvoille ja levit\u00e4 se tasaisesti. Levit\u00e4 2-3 kerrosta syvemp\u00e4\u00e4n kosteutukseen.<\/p>","protected":false},"excerpt":{"rendered":"<p>Ampoule SKIN1004 Madagascar Centella Ampoule on eritt\u00e4in tiivis rauhoittava tuote, joka nopeuttaa haavojen ja vaurioiden paranemista, kosteuttaa intensiivisesti, lievitt\u00e4\u00e4 \u00e4rsytyst\u00e4, kuivuutta, punoitusta ja tulehdusta sek\u00e4 v\u00e4hent\u00e4\u00e4 aknea. Liev\u00e4sti hapan hypoallergeeninen koostumus, jonka pH vastaa terveen ihon pH:ta, ei h\u00e4iritse ihon luonnollista suojaverkkoa ja normalisoi kosteus- ja lipiditasapainoa epidermiksen pinnalla. Seerumin ainoa ja t\u00e4rkein...<\/p>","protected":false},"featured_media":12704,"comment_status":"open","ping_status":"closed","template":"","meta":{"_uf_show_specific_survey":0,"_uf_disable_surveys":false,"_bst_post_transparent":"default","_bst_post_title":"","_bst_post_layout":"default","_bst_post_sidebar_id":"","_bst_post_content_style":"default","_bst_post_vertical_padding":"default","_bst_post_feature":"","_bst_post_feature_position":"","_bst_post_header":false,"_bst_post_footer":false},"pwb-brand":[186],"product_brand":[],"product_cat":[97],"product_tag":[],"class_list":{"0":"post-10685","1":"product","2":"type-product","3":"status-publish","4":"has-post-thumbnail","6":"pwb-brand-skin1004","7":"product_cat-naoseerumid-ja-olid","9":"first","10":"instock","11":"sale","12":"shipping-taxable","13":"purchasable","14":"product-type-variable","15":"has-default-attributes","16":"entry","17":"content-bg","18":"loop-entry"},"supplier_id":null,"supplier_sku":"","barcode":null,"atum_controlled":true,"out_stock_date":null,"out_stock_threshold":null,"inheritable":true,"inbound_stock":0,"stock_on_hold":0,"sold_today":1,"sales_last_days":1,"out_stock_days":0,"lost_sales":0,"has_location":false,"update_date":"2026-04-14T11:44:51","atum_locations":[],"atum_stock_status":"instock","restock_status":false,"low_stock_amount":"","sales_update_date":"2026-04-14T00:05:06","calc_backorders":null,"yoast_head":"<!-- This site is optimized with the Yoast SEO plugin v27.2 - https:\/\/yoast.com\/product\/yoast-seo-wordpress\/ -->\n<title>SKIN1004 Madagascar Centella Ampoule - IDA.KOREA<\/title>\n<meta name=\"description\" content=\"Ampull SKIN1004 Madagascar Centella Ampoule on k\u00f5rge kontsentratsiooniga rahustav toode, niisutab intensiivselt, leevendab \u00e4rritust, kuivust, punetust ja p\u00f5letikke ning v\u00e4hendab aknet.\" \/>\n<meta name=\"robots\" content=\"index, follow, max-snippet:-1, max-image-preview:large, max-video-preview:-1\" \/>\n<link rel=\"canonical\" href=\"https:\/\/idakorea.ee\/fi\/product\/ampull-skin1004-madagascar-centella-ampoule\/\" \/>\n<meta property=\"og:locale\" content=\"fi_FI\" \/>\n<meta property=\"og:type\" content=\"article\" \/>\n<meta property=\"og:title\" content=\"SKIN1004 Madagascar Centella Ampoule - IDA.KOREA\" \/>\n<meta property=\"og:description\" content=\"Ampull SKIN1004 Madagascar Centella Ampoule on k\u00f5rge kontsentratsiooniga rahustav toode, niisutab intensiivselt, leevendab \u00e4rritust, kuivust, punetust ja p\u00f5letikke ning v\u00e4hendab aknet.\" \/>\n<meta property=\"og:url\" content=\"https:\/\/idakorea.ee\/fi\/product\/ampull-skin1004-madagascar-centella-ampoule\/\" \/>\n<meta property=\"og:site_name\" content=\"IDA.KOREA\" \/>\n<meta property=\"article:modified_time\" content=\"2026-04-14T11:35:36+00:00\" \/>\n<meta property=\"og:image\" content=\"https:\/\/idakorea.ee\/wp-content\/uploads\/2024\/09\/4239c58634102.jpg\" \/>\n\t<meta property=\"og:image:width\" content=\"800\" \/>\n\t<meta property=\"og:image:height\" content=\"800\" \/>\n\t<meta property=\"og:image:type\" content=\"image\/jpeg\" \/>\n<meta name=\"twitter:card\" content=\"summary_large_image\" \/>\n<meta name=\"twitter:label1\" content=\"Arvioitu lukuaika\" \/>\n\t<meta name=\"twitter:data1\" content=\"1 minuutti\" \/>\n<script type=\"application\/ld+json\" class=\"yoast-schema-graph\">{\"@context\":\"https:\/\/schema.org\",\"@graph\":[{\"@type\":\"WebPage\",\"@id\":\"https:\/\/idakorea.ee\/product\/ampull-skin1004-madagascar-centella-ampoule\/\",\"url\":\"https:\/\/idakorea.ee\/product\/ampull-skin1004-madagascar-centella-ampoule\/\",\"name\":\"SKIN1004 Madagascar Centella Ampoule - IDA.KOREA\",\"isPartOf\":{\"@id\":\"https:\/\/idakorea.ee\/#website\"},\"primaryImageOfPage\":{\"@id\":\"https:\/\/idakorea.ee\/product\/ampull-skin1004-madagascar-centella-ampoule\/#primaryimage\"},\"image\":{\"@id\":\"https:\/\/idakorea.ee\/product\/ampull-skin1004-madagascar-centella-ampoule\/#primaryimage\"},\"thumbnailUrl\":\"https:\/\/idakorea.ee\/wp-content\/uploads\/2024\/09\/4239c58634102.jpg\",\"datePublished\":\"2024-09-23T12:15:07+00:00\",\"dateModified\":\"2026-04-14T11:35:36+00:00\",\"description\":\"Ampull SKIN1004 Madagascar Centella Ampoule on k\u00f5rge kontsentratsiooniga rahustav toode, niisutab intensiivselt, leevendab \u00e4rritust, kuivust, punetust ja p\u00f5letikke ning v\u00e4hendab aknet.\",\"breadcrumb\":{\"@id\":\"https:\/\/idakorea.ee\/product\/ampull-skin1004-madagascar-centella-ampoule\/#breadcrumb\"},\"inLanguage\":\"fi\",\"potentialAction\":[{\"@type\":\"ReadAction\",\"target\":[\"https:\/\/idakorea.ee\/product\/ampull-skin1004-madagascar-centella-ampoule\/\"]}]},{\"@type\":\"ImageObject\",\"inLanguage\":\"fi\",\"@id\":\"https:\/\/idakorea.ee\/product\/ampull-skin1004-madagascar-centella-ampoule\/#primaryimage\",\"url\":\"https:\/\/idakorea.ee\/wp-content\/uploads\/2024\/09\/4239c58634102.jpg\",\"contentUrl\":\"https:\/\/idakorea.ee\/wp-content\/uploads\/2024\/09\/4239c58634102.jpg\",\"width\":800,\"height\":800},{\"@type\":\"BreadcrumbList\",\"@id\":\"https:\/\/idakorea.ee\/product\/ampull-skin1004-madagascar-centella-ampoule\/#breadcrumb\",\"itemListElement\":[{\"@type\":\"ListItem\",\"position\":1,\"name\":\"\u0413\u043b\u0430\u0432\u043d\u0430\u044f \u0441\u0442\u0440\u0430\u043d\u0438\u0446\u0430\",\"item\":\"https:\/\/idakorea.ee\/\"},{\"@type\":\"ListItem\",\"position\":2,\"name\":\"Shop\",\"item\":\"https:\/\/idakorea.ee\/shop-2\/\"},{\"@type\":\"ListItem\",\"position\":3,\"name\":\"Ampull SKIN1004 Madagascar Centella Ampoule\"}]},{\"@type\":\"WebSite\",\"@id\":\"https:\/\/idakorea.ee\/#website\",\"url\":\"https:\/\/idakorea.ee\/\",\"name\":\"IDA.KOREA\",\"description\":\"Korea kosmeetika e-pood\",\"publisher\":{\"@id\":\"https:\/\/idakorea.ee\/#organization\"},\"alternateName\":\"Beauty Shop\",\"potentialAction\":[{\"@type\":\"SearchAction\",\"target\":{\"@type\":\"EntryPoint\",\"urlTemplate\":\"https:\/\/idakorea.ee\/?s={search_term_string}\"},\"query-input\":{\"@type\":\"PropertyValueSpecification\",\"valueRequired\":true,\"valueName\":\"search_term_string\"}}],\"inLanguage\":\"fi\"},{\"@type\":\"Organization\",\"@id\":\"https:\/\/idakorea.ee\/#organization\",\"name\":\"IDA.KOREA\",\"url\":\"https:\/\/idakorea.ee\/\",\"logo\":{\"@type\":\"ImageObject\",\"inLanguage\":\"fi\",\"@id\":\"https:\/\/idakorea.ee\/#\/schema\/logo\/image\/\",\"url\":\"https:\/\/idakorea.ee\/wp-content\/uploads\/2024\/05\/cropped-korea3.png\",\"contentUrl\":\"https:\/\/idakorea.ee\/wp-content\/uploads\/2024\/05\/cropped-korea3.png\",\"width\":688,\"height\":126,\"caption\":\"IDA.KOREA\"},\"image\":{\"@id\":\"https:\/\/idakorea.ee\/#\/schema\/logo\/image\/\"},\"sameAs\":[\"https:\/\/www.instagram.com\/ida.korea\/\"]}]}<\/script>\n<!-- \/ Yoast SEO plugin. -->","yoast_head_json":{"title":"SKIN1004 Madagascar Centella Ampulli - IT\u00c4.KOREA","description":"SKIN1004 Madagaskarin Centella-ampulli on eritt\u00e4in tiivistetty rauhoittava tuote, joka kosteuttaa tehokkaasti, lievitt\u00e4\u00e4 \u00e4rsytyst\u00e4, kuivuutta, punoitusta ja tulehdusta sek\u00e4 v\u00e4hent\u00e4\u00e4 aknea.","robots":{"index":"index","follow":"follow","max-snippet":"max-snippet:-1","max-image-preview":"max-image-preview:large","max-video-preview":"max-video-preview:-1"},"canonical":"https:\/\/idakorea.ee\/fi\/product\/ampull-skin1004-madagascar-centella-ampoule\/","og_locale":"fi_FI","og_type":"article","og_title":"SKIN1004 Madagascar Centella Ampoule - IDA.KOREA","og_description":"Ampull SKIN1004 Madagascar Centella Ampoule on k\u00f5rge kontsentratsiooniga rahustav toode, niisutab intensiivselt, leevendab \u00e4rritust, kuivust, punetust ja p\u00f5letikke ning v\u00e4hendab aknet.","og_url":"https:\/\/idakorea.ee\/fi\/product\/ampull-skin1004-madagascar-centella-ampoule\/","og_site_name":"IDA.KOREA","article_modified_time":"2026-04-14T11:35:36+00:00","og_image":[{"width":800,"height":800,"url":"https:\/\/idakorea.ee\/wp-content\/uploads\/2024\/09\/4239c58634102.jpg","type":"image\/jpeg"}],"twitter_card":"summary_large_image","twitter_misc":{"Arvioitu lukuaika":"1 minuutti"},"schema":{"@context":"https:\/\/schema.org","@graph":[{"@type":"WebPage","@id":"https:\/\/idakorea.ee\/product\/ampull-skin1004-madagascar-centella-ampoule\/","url":"https:\/\/idakorea.ee\/product\/ampull-skin1004-madagascar-centella-ampoule\/","name":"SKIN1004 Madagascar Centella Ampulli - IT\u00c4.KOREA","isPartOf":{"@id":"https:\/\/idakorea.ee\/#website"},"primaryImageOfPage":{"@id":"https:\/\/idakorea.ee\/product\/ampull-skin1004-madagascar-centella-ampoule\/#primaryimage"},"image":{"@id":"https:\/\/idakorea.ee\/product\/ampull-skin1004-madagascar-centella-ampoule\/#primaryimage"},"thumbnailUrl":"https:\/\/idakorea.ee\/wp-content\/uploads\/2024\/09\/4239c58634102.jpg","datePublished":"2024-09-23T12:15:07+00:00","dateModified":"2026-04-14T11:35:36+00:00","description":"SKIN1004 Madagaskarin Centella-ampulli on eritt\u00e4in tiivistetty rauhoittava tuote, joka kosteuttaa tehokkaasti, lievitt\u00e4\u00e4 \u00e4rsytyst\u00e4, kuivuutta, punoitusta ja tulehdusta sek\u00e4 v\u00e4hent\u00e4\u00e4 aknea.","breadcrumb":{"@id":"https:\/\/idakorea.ee\/product\/ampull-skin1004-madagascar-centella-ampoule\/#breadcrumb"},"inLanguage":"fi","potentialAction":[{"@type":"ReadAction","target":["https:\/\/idakorea.ee\/product\/ampull-skin1004-madagascar-centella-ampoule\/"]}]},{"@type":"ImageObject","inLanguage":"fi","@id":"https:\/\/idakorea.ee\/product\/ampull-skin1004-madagascar-centella-ampoule\/#primaryimage","url":"https:\/\/idakorea.ee\/wp-content\/uploads\/2024\/09\/4239c58634102.jpg","contentUrl":"https:\/\/idakorea.ee\/wp-content\/uploads\/2024\/09\/4239c58634102.jpg","width":800,"height":800},{"@type":"BreadcrumbList","@id":"https:\/\/idakorea.ee\/product\/ampull-skin1004-madagascar-centella-ampoule\/#breadcrumb","itemListElement":[{"@type":"ListItem","position":1,"name":"\u0413\u043b\u0430\u0432\u043d\u0430\u044f \u0441\u0442\u0440\u0430\u043d\u0438\u0446\u0430","item":"https:\/\/idakorea.ee\/"},{"@type":"ListItem","position":2,"name":"Shop","item":"https:\/\/idakorea.ee\/shop-2\/"},{"@type":"ListItem","position":3,"name":"Ampull SKIN1004 Madagascar Centella Ampoule"}]},{"@type":"WebSite","@id":"https:\/\/idakorea.ee\/#website","url":"https:\/\/idakorea.ee\/","name":"IDA.KOREA","description":"Korean kosmetiikan verkkokauppa","publisher":{"@id":"https:\/\/idakorea.ee\/#organization"},"alternateName":"Beauty Shop","potentialAction":[{"@type":"SearchAction","target":{"@type":"EntryPoint","urlTemplate":"https:\/\/idakorea.ee\/?s={search_term_string}"},"query-input":{"@type":"PropertyValueSpecification","valueRequired":true,"valueName":"search_term_string"}}],"inLanguage":"fi"},{"@type":"Organization","@id":"https:\/\/idakorea.ee\/#organization","name":"IDA.KOREA","url":"https:\/\/idakorea.ee\/","logo":{"@type":"ImageObject","inLanguage":"fi","@id":"https:\/\/idakorea.ee\/#\/schema\/logo\/image\/","url":"https:\/\/idakorea.ee\/wp-content\/uploads\/2024\/05\/cropped-korea3.png","contentUrl":"https:\/\/idakorea.ee\/wp-content\/uploads\/2024\/05\/cropped-korea3.png","width":688,"height":126,"caption":"IDA.KOREA"},"image":{"@id":"https:\/\/idakorea.ee\/#\/schema\/logo\/image\/"},"sameAs":["https:\/\/www.instagram.com\/ida.korea\/"]}]}},"jetpack_sharing_enabled":true,"brands":[{"id":186,"name":"SKIN1004","slug":"skin1004"}],"_links":{"self":[{"href":"https:\/\/idakorea.ee\/fi\/wp-json\/wp\/v2\/product\/10685","targetHints":{"allow":["GET"]}}],"collection":[{"href":"https:\/\/idakorea.ee\/fi\/wp-json\/wp\/v2\/product"}],"about":[{"href":"https:\/\/idakorea.ee\/fi\/wp-json\/wp\/v2\/types\/product"}],"replies":[{"embeddable":true,"href":"https:\/\/idakorea.ee\/fi\/wp-json\/wp\/v2\/comments?post=10685"}],"version-history":[{"count":2,"href":"https:\/\/idakorea.ee\/fi\/wp-json\/wp\/v2\/product\/10685\/revisions"}],"predecessor-version":[{"id":14576,"href":"https:\/\/idakorea.ee\/fi\/wp-json\/wp\/v2\/product\/10685\/revisions\/14576"}],"wp:featuredmedia":[{"embeddable":true,"href":"https:\/\/idakorea.ee\/fi\/wp-json\/wp\/v2\/media\/12704"}],"wp:attachment":[{"href":"https:\/\/idakorea.ee\/fi\/wp-json\/wp\/v2\/media?parent=10685"}],"wp:term":[{"taxonomy":"pwb-brand","embeddable":true,"href":"https:\/\/idakorea.ee\/fi\/wp-json\/wp\/v2\/pwb-brand?post=10685"},{"taxonomy":"product_brand","embeddable":true,"href":"https:\/\/idakorea.ee\/fi\/wp-json\/wp\/v2\/product_brand?post=10685"},{"taxonomy":"product_cat","embeddable":true,"href":"https:\/\/idakorea.ee\/fi\/wp-json\/wp\/v2\/product_cat?post=10685"},{"taxonomy":"product_tag","embeddable":true,"href":"https:\/\/idakorea.ee\/fi\/wp-json\/wp\/v2\/product_tag?post=10685"}],"curies":[{"name":"wp","href":"https:\/\/api.w.org\/{rel}","templated":true}]}}