{"id":10710,"date":"2024-09-28T14:23:23","date_gmt":"2024-09-28T11:23:23","guid":{"rendered":"https:\/\/idakorea.ee\/?post_type=product&#038;p=10710"},"modified":"2026-03-28T11:22:05","modified_gmt":"2026-03-28T09:22:05","slug":"booster-seerum-vt-cosmetics-reedle-shot-100","status":"publish","type":"product","link":"https:\/\/idakorea.ee\/fi\/product\/booster-seerum-vt-cosmetics-reedle-shot-100\/","title":{"rendered":"Booster-seerumi mikroneuloilla VT Cosmetics Reedle Shot 100"},"content":{"rendered":"<div class=\"flex max-w-full flex-col flex-grow\">\n<div class=\"min-h-8 text-message flex w-full flex-col items-end gap-2 whitespace-normal break-words [.text-message+&amp;]:mt-5\" dir=\"auto\" data-message-author-role=\"assistant\" data-message-id=\"2dd99b8f-0de4-4a4a-947c-31f9b95528dc\">\n<div class=\"flex w-full flex-col gap-1 empty:hidden first:pt-[3px]\">\n<div class=\"markdown prose w-full break-words dark:prose-invert light\">\n<p><strong>VT Cosmetics Reedle Shot 100<\/strong> mikron\u00f5eltega booster-seerum on m\u00f5eldud aknele kalduva ja tundliku naha taastamiseks ja tervendamiseks. Toode silub naha mikrotekstuuri, v\u00e4hendab pooride suurust ja s\u00fcgavust, heledab \u00f5rnalt aknej\u00e4rgsed laigud, tedret\u00e4pid, pruunid ja kollased pigmendilaigud ning v\u00f5itleb tuhmuse vastu.<\/p>\n<p>Seerumi valem on rikastatud Cicahyalon\u2122 kompleksiga, mis sisaldab h\u00fcaluroonhapet, Aasia vesinaba derivaate ja rohelise taruvaigu ekstrakti. Toode tugevdab naha kaitsefunktsioone, pehmendab ja toidab, pakkudes pikaajalist niisutust.<\/p>\n<p>CicaReedle mikron\u00f5elte tehnoloogia (95 000 ppm) tagab toimeainete j\u00f5udmise s\u00fcgavale epidermise kihtidesse ja stimuleerib rakkude uuenemisprotsesse. Mikrookkad on 14 korda v\u00e4iksemad kui poorid ning nende kest sisaldab 14 erinevat mineraali, mis on vajalikud p\u00f5letikuliste protsesside p\u00e4rssimiseks ja paranemise kiirendamiseks t\u00e4nu hapnikuvahetuse paranemisele.<\/p>\n<p><strong>Peamised toimeained:<\/strong><\/p>\n<ul>\n<li><span style=\"font-family: var(--global-body-font-family);\">17 aminohappe kompleks toimib antioks\u00fcdandina, tugevdab kaitsebarj\u00e4\u00e4ri ja v\u00e4hendab naha \u00fclitundlikkust. Taastab rakkude struktuuri, t\u00e4ites keratiini, kollageeni ja elastiini puuduj\u00e4\u00e4ke. V\u00e4hendab pigmenteerumist, m\u00f5jutades ainevahetusprotsesse.<\/span><\/li>\n<li>Aasia vesinaba kompleks (asiatikosiid, asiathape, madecassohape, madecassosiid) omab p\u00f5letikuvastast ja haavu parandavat toimet, soodustab kaitsebarj\u00e4\u00e4ri taastamist ja niiskuse hoidmist, v\u00e4hendab tundlikkust, turset ning tugevdab veresooni, pakkudes kuperoosivastast toimet.<\/li>\n<li>Rohelise taruvaigu ekstrakt ennetab akne teket, taastab h\u00fcdrolipiidide tasakaalu, tugevdab naha kaitsebarj\u00e4\u00e4ri ja v\u00e4hendab v\u00e4liskeskkonna kahjulikke m\u00f5jusid. V\u00f5itleb ketenduse ja kuivuse vastu, toidab ja pehmendab nahka.<\/li>\n<li>H\u00fcaluroonhape moodustab nahale n\u00e4htamatu barj\u00e4\u00e4ri, mis takistab niiskuse aurustumist, kiirendab rakkude taastumist ja silub kortse.<\/li>\n<li>Adenosiin neutraliseerib vabade radikaalide m\u00f5ju, hoiab \u00e4ra enneaegse vananemise, stimuleerib kollageeni ja elastiini loomulikku tootmist ning \u00fchtlustab naha tooni, andes v\u00e4rske ja s\u00e4rava ilme.<\/li>\n<\/ul>\n<p>&nbsp;<\/p>\n<p>Sobib normaalsele, rasusele, kombineeritud, probleemsele ja tundlikule nahale.<\/p>\n<p>&nbsp;<\/p>\n<p><strong>Kasutamisjuhend:<\/strong> \u00f5htuse hoolduse k\u00e4igus kandke vajalik kogus toodet eelnevalt puhastatud nahale, jaotage \u00fchtlaselt ning oodake, kuni see t\u00e4ielikult imendub. J\u00e4tkake tooniku ja niisutava kreemiga. P\u00e4evasel ajal kasutage p\u00e4ikesekaitsevahendit SPF50 PA++++.<\/p>\n<p><strong>T\u00e4helepanu!<\/strong> VT Cosmetics Reedle Shot 100 mikron\u00f5eltega booster-seerum v\u00f5ib p\u00f5hjustada kipitustunnet p\u00e4rast pealekandmist.<\/p>\n<p><strong>Ettevaatusabin\u00f5ud:<\/strong> \u00e4rge kasutage koos koorijate v\u00f5i eksfoliantidega, samuti k\u00f5rge kontsentratsiooniga retinooli, AHA, BHA v\u00f5i C-vitamiini sisaldavate toodetega. Ei ole soovitatav kasutada p\u00e4rast nahka kahjustavaid dermatoloogilisi protseduure nagu koorimine, aparaatkosmeetika v\u00f5i s\u00fcstid.<\/p>\n<\/div>\n<\/div>\n<\/div>\n<\/div>\n","protected":false},"excerpt":{"rendered":"<p>VT Cosmetics Reedle Shot 100 Microneedle Booster Serum on suunniteltu palauttamaan ja parantamaan aknealtista ja herkk\u00e4\u00e4 ihoa. Tuote tasoittaa ihon mikrorakennetta, pienent\u00e4\u00e4 ihohuokosten kokoa ja syvyytt\u00e4, vaalentaa hell\u00e4varaisesti aknen j\u00e4lkeisi\u00e4 l\u00e4iski\u00e4, mustap\u00e4it\u00e4, ruskeita ja keltaisia pigmenttil\u00e4iski\u00e4 sek\u00e4 taistelee sameutta vastaan. Seerumin koostumus on rikastettu Cicahyalon\u2122 Complexilla, joka sis\u00e4lt\u00e4\u00e4 hyaluronihappoa, Aasian vesibobab- johdannaisia ja vihre\u00e4\u00e4 hevosenkorentouutetta.....<\/p>","protected":false},"featured_media":10713,"comment_status":"open","ping_status":"closed","template":"","meta":{"_uf_show_specific_survey":0,"_uf_disable_surveys":false,"_bst_post_transparent":"default","_bst_post_title":"","_bst_post_layout":"default","_bst_post_sidebar_id":"","_bst_post_content_style":"default","_bst_post_vertical_padding":"default","_bst_post_feature":"","_bst_post_feature_position":"","_bst_post_header":false,"_bst_post_footer":false},"pwb-brand":[493],"product_brand":[],"product_cat":[92,97],"product_tag":[625,624,543,626],"class_list":{"0":"post-10710","1":"product","2":"type-product","3":"status-publish","4":"has-post-thumbnail","6":"pwb-brand-vt","7":"product_cat-nagu","8":"product_cat-naoseerumid-ja-olid","9":"product_tag-needle","10":"product_tag-reedle","11":"product_tag-trend","12":"product_tag-vt-cosmetics","14":"first","15":"instock","16":"sale","17":"shipping-taxable","18":"purchasable","19":"product-type-variable","20":"entry","21":"content-bg","22":"loop-entry"},"supplier_id":null,"supplier_sku":"","barcode":null,"atum_controlled":true,"out_stock_date":null,"out_stock_threshold":null,"inheritable":true,"inbound_stock":0,"stock_on_hold":0,"sold_today":0,"sales_last_days":2,"out_stock_days":0,"lost_sales":0,"has_location":false,"update_date":"2026-04-14T00:05:10","atum_locations":[],"atum_stock_status":"instock","restock_status":false,"low_stock_amount":"","sales_update_date":"2026-04-14T00:05:10","calc_backorders":null,"yoast_head":"<!-- This site is optimized with the Yoast SEO plugin v27.2 - https:\/\/yoast.com\/product\/yoast-seo-wordpress\/ -->\n<title>VT Cosmetics Reedle Shot 100 - IDA.KOREA<\/title>\n<meta name=\"description\" content=\"Toode silub naha mikrotekstuuri, v\u00e4hendab pooride suurust ja s\u00fcgavust, heledab \u00f5rnalt aknej\u00e4rgsed laigud, tedret\u00e4pid, pruunid ja kollased pigmendilaigud.\" \/>\n<meta name=\"robots\" content=\"index, follow, max-snippet:-1, max-image-preview:large, max-video-preview:-1\" \/>\n<link rel=\"canonical\" href=\"https:\/\/idakorea.ee\/fi\/product\/booster-seerum-vt-cosmetics-reedle-shot-100\/\" \/>\n<meta property=\"og:locale\" content=\"fi_FI\" \/>\n<meta property=\"og:type\" content=\"article\" \/>\n<meta property=\"og:title\" content=\"VT Cosmetics Reedle Shot 100 - IDA.KOREA\" \/>\n<meta property=\"og:description\" content=\"Toode silub naha mikrotekstuuri, v\u00e4hendab pooride suurust ja s\u00fcgavust, heledab \u00f5rnalt aknej\u00e4rgsed laigud, tedret\u00e4pid, pruunid ja kollased pigmendilaigud.\" \/>\n<meta property=\"og:url\" content=\"https:\/\/idakorea.ee\/fi\/product\/booster-seerum-vt-cosmetics-reedle-shot-100\/\" \/>\n<meta property=\"og:site_name\" content=\"IDA.KOREA\" \/>\n<meta property=\"article:modified_time\" content=\"2026-03-28T09:22:05+00:00\" \/>\n<meta property=\"og:image\" content=\"https:\/\/idakorea.ee\/wp-content\/uploads\/2024\/09\/sdffsdf.jpg\" \/>\n\t<meta property=\"og:image:width\" content=\"600\" \/>\n\t<meta property=\"og:image:height\" content=\"600\" \/>\n\t<meta property=\"og:image:type\" content=\"image\/jpeg\" \/>\n<meta name=\"twitter:card\" content=\"summary_large_image\" \/>\n<meta name=\"twitter:label1\" content=\"Arvioitu lukuaika\" \/>\n\t<meta name=\"twitter:data1\" content=\"2 minuuttia\" \/>\n<script type=\"application\/ld+json\" class=\"yoast-schema-graph\">{\"@context\":\"https:\/\/schema.org\",\"@graph\":[{\"@type\":\"WebPage\",\"@id\":\"https:\/\/idakorea.ee\/product\/booster-seerum-vt-cosmetics-reedle-shot-100\/\",\"url\":\"https:\/\/idakorea.ee\/product\/booster-seerum-vt-cosmetics-reedle-shot-100\/\",\"name\":\"VT Cosmetics Reedle Shot 100 - IDA.KOREA\",\"isPartOf\":{\"@id\":\"https:\/\/idakorea.ee\/#website\"},\"primaryImageOfPage\":{\"@id\":\"https:\/\/idakorea.ee\/product\/booster-seerum-vt-cosmetics-reedle-shot-100\/#primaryimage\"},\"image\":{\"@id\":\"https:\/\/idakorea.ee\/product\/booster-seerum-vt-cosmetics-reedle-shot-100\/#primaryimage\"},\"thumbnailUrl\":\"https:\/\/idakorea.ee\/wp-content\/uploads\/2024\/09\/sdffsdf.jpg\",\"datePublished\":\"2024-09-28T11:23:23+00:00\",\"dateModified\":\"2026-03-28T09:22:05+00:00\",\"description\":\"Toode silub naha mikrotekstuuri, v\u00e4hendab pooride suurust ja s\u00fcgavust, heledab \u00f5rnalt aknej\u00e4rgsed laigud, tedret\u00e4pid, pruunid ja kollased pigmendilaigud.\",\"breadcrumb\":{\"@id\":\"https:\/\/idakorea.ee\/product\/booster-seerum-vt-cosmetics-reedle-shot-100\/#breadcrumb\"},\"inLanguage\":\"fi\",\"potentialAction\":[{\"@type\":\"ReadAction\",\"target\":[\"https:\/\/idakorea.ee\/product\/booster-seerum-vt-cosmetics-reedle-shot-100\/\"]}]},{\"@type\":\"ImageObject\",\"inLanguage\":\"fi\",\"@id\":\"https:\/\/idakorea.ee\/product\/booster-seerum-vt-cosmetics-reedle-shot-100\/#primaryimage\",\"url\":\"https:\/\/idakorea.ee\/wp-content\/uploads\/2024\/09\/sdffsdf.jpg\",\"contentUrl\":\"https:\/\/idakorea.ee\/wp-content\/uploads\/2024\/09\/sdffsdf.jpg\",\"width\":600,\"height\":600,\"caption\":\"Reedle shot 100 VT cosmetics\"},{\"@type\":\"BreadcrumbList\",\"@id\":\"https:\/\/idakorea.ee\/product\/booster-seerum-vt-cosmetics-reedle-shot-100\/#breadcrumb\",\"itemListElement\":[{\"@type\":\"ListItem\",\"position\":1,\"name\":\"\u0413\u043b\u0430\u0432\u043d\u0430\u044f \u0441\u0442\u0440\u0430\u043d\u0438\u0446\u0430\",\"item\":\"https:\/\/idakorea.ee\/\"},{\"@type\":\"ListItem\",\"position\":2,\"name\":\"Shop\",\"item\":\"https:\/\/idakorea.ee\/shop-2\/\"},{\"@type\":\"ListItem\",\"position\":3,\"name\":\"Booster-seerum mikron\u00f5eltega VT Cosmetics Reedle Shot 100\"}]},{\"@type\":\"WebSite\",\"@id\":\"https:\/\/idakorea.ee\/#website\",\"url\":\"https:\/\/idakorea.ee\/\",\"name\":\"IDA.KOREA\",\"description\":\"Korea kosmeetika e-pood\",\"publisher\":{\"@id\":\"https:\/\/idakorea.ee\/#organization\"},\"alternateName\":\"Beauty Shop\",\"potentialAction\":[{\"@type\":\"SearchAction\",\"target\":{\"@type\":\"EntryPoint\",\"urlTemplate\":\"https:\/\/idakorea.ee\/?s={search_term_string}\"},\"query-input\":{\"@type\":\"PropertyValueSpecification\",\"valueRequired\":true,\"valueName\":\"search_term_string\"}}],\"inLanguage\":\"fi\"},{\"@type\":\"Organization\",\"@id\":\"https:\/\/idakorea.ee\/#organization\",\"name\":\"IDA.KOREA\",\"url\":\"https:\/\/idakorea.ee\/\",\"logo\":{\"@type\":\"ImageObject\",\"inLanguage\":\"fi\",\"@id\":\"https:\/\/idakorea.ee\/#\/schema\/logo\/image\/\",\"url\":\"https:\/\/idakorea.ee\/wp-content\/uploads\/2024\/05\/cropped-korea3.png\",\"contentUrl\":\"https:\/\/idakorea.ee\/wp-content\/uploads\/2024\/05\/cropped-korea3.png\",\"width\":688,\"height\":126,\"caption\":\"IDA.KOREA\"},\"image\":{\"@id\":\"https:\/\/idakorea.ee\/#\/schema\/logo\/image\/\"},\"sameAs\":[\"https:\/\/www.instagram.com\/ida.korea\/\"]}]}<\/script>\n<!-- \/ Yoast SEO plugin. -->","yoast_head_json":{"title":"VT Cosmetics Reedle Shot 100 - IDA.KOREA","description":"Tuote tasoittaa ihon mikrorakennetta, pienent\u00e4\u00e4 ihohuokosten kokoa ja syvyytt\u00e4 sek\u00e4 vaalentaa hell\u00e4varaisesti aknen j\u00e4lkeisi\u00e4 l\u00e4iski\u00e4, pisamia sek\u00e4 ruskeita ja keltaisia pigmenttil\u00e4iski\u00e4.","robots":{"index":"index","follow":"follow","max-snippet":"max-snippet:-1","max-image-preview":"max-image-preview:large","max-video-preview":"max-video-preview:-1"},"canonical":"https:\/\/idakorea.ee\/fi\/product\/booster-seerum-vt-cosmetics-reedle-shot-100\/","og_locale":"fi_FI","og_type":"article","og_title":"VT Cosmetics Reedle Shot 100 - IDA.KOREA","og_description":"Toode silub naha mikrotekstuuri, v\u00e4hendab pooride suurust ja s\u00fcgavust, heledab \u00f5rnalt aknej\u00e4rgsed laigud, tedret\u00e4pid, pruunid ja kollased pigmendilaigud.","og_url":"https:\/\/idakorea.ee\/fi\/product\/booster-seerum-vt-cosmetics-reedle-shot-100\/","og_site_name":"IDA.KOREA","article_modified_time":"2026-03-28T09:22:05+00:00","og_image":[{"width":600,"height":600,"url":"https:\/\/idakorea.ee\/wp-content\/uploads\/2024\/09\/sdffsdf.jpg","type":"image\/jpeg"}],"twitter_card":"summary_large_image","twitter_misc":{"Arvioitu lukuaika":"2 minuuttia"},"schema":{"@context":"https:\/\/schema.org","@graph":[{"@type":"WebPage","@id":"https:\/\/idakorea.ee\/product\/booster-seerum-vt-cosmetics-reedle-shot-100\/","url":"https:\/\/idakorea.ee\/product\/booster-seerum-vt-cosmetics-reedle-shot-100\/","name":"VT Cosmetics Reedle Shot 100 - IDA.KOREA","isPartOf":{"@id":"https:\/\/idakorea.ee\/#website"},"primaryImageOfPage":{"@id":"https:\/\/idakorea.ee\/product\/booster-seerum-vt-cosmetics-reedle-shot-100\/#primaryimage"},"image":{"@id":"https:\/\/idakorea.ee\/product\/booster-seerum-vt-cosmetics-reedle-shot-100\/#primaryimage"},"thumbnailUrl":"https:\/\/idakorea.ee\/wp-content\/uploads\/2024\/09\/sdffsdf.jpg","datePublished":"2024-09-28T11:23:23+00:00","dateModified":"2026-03-28T09:22:05+00:00","description":"Tuote tasoittaa ihon mikrorakennetta, pienent\u00e4\u00e4 ihohuokosten kokoa ja syvyytt\u00e4 sek\u00e4 vaalentaa hell\u00e4varaisesti aknen j\u00e4lkeisi\u00e4 l\u00e4iski\u00e4, pisamia sek\u00e4 ruskeita ja keltaisia pigmenttil\u00e4iski\u00e4.","breadcrumb":{"@id":"https:\/\/idakorea.ee\/product\/booster-seerum-vt-cosmetics-reedle-shot-100\/#breadcrumb"},"inLanguage":"fi","potentialAction":[{"@type":"ReadAction","target":["https:\/\/idakorea.ee\/product\/booster-seerum-vt-cosmetics-reedle-shot-100\/"]}]},{"@type":"ImageObject","inLanguage":"fi","@id":"https:\/\/idakorea.ee\/product\/booster-seerum-vt-cosmetics-reedle-shot-100\/#primaryimage","url":"https:\/\/idakorea.ee\/wp-content\/uploads\/2024\/09\/sdffsdf.jpg","contentUrl":"https:\/\/idakorea.ee\/wp-content\/uploads\/2024\/09\/sdffsdf.jpg","width":600,"height":600,"caption":"Reedle shot 100 VT cosmetics"},{"@type":"BreadcrumbList","@id":"https:\/\/idakorea.ee\/product\/booster-seerum-vt-cosmetics-reedle-shot-100\/#breadcrumb","itemListElement":[{"@type":"ListItem","position":1,"name":"\u0413\u043b\u0430\u0432\u043d\u0430\u044f \u0441\u0442\u0440\u0430\u043d\u0438\u0446\u0430","item":"https:\/\/idakorea.ee\/"},{"@type":"ListItem","position":2,"name":"Shop","item":"https:\/\/idakorea.ee\/shop-2\/"},{"@type":"ListItem","position":3,"name":"Booster-seerum mikron\u00f5eltega VT Cosmetics Reedle Shot 100"}]},{"@type":"WebSite","@id":"https:\/\/idakorea.ee\/#website","url":"https:\/\/idakorea.ee\/","name":"IDA.KOREA","description":"Korean kosmetiikan verkkokauppa","publisher":{"@id":"https:\/\/idakorea.ee\/#organization"},"alternateName":"Beauty Shop","potentialAction":[{"@type":"SearchAction","target":{"@type":"EntryPoint","urlTemplate":"https:\/\/idakorea.ee\/?s={search_term_string}"},"query-input":{"@type":"PropertyValueSpecification","valueRequired":true,"valueName":"search_term_string"}}],"inLanguage":"fi"},{"@type":"Organization","@id":"https:\/\/idakorea.ee\/#organization","name":"IDA.KOREA","url":"https:\/\/idakorea.ee\/","logo":{"@type":"ImageObject","inLanguage":"fi","@id":"https:\/\/idakorea.ee\/#\/schema\/logo\/image\/","url":"https:\/\/idakorea.ee\/wp-content\/uploads\/2024\/05\/cropped-korea3.png","contentUrl":"https:\/\/idakorea.ee\/wp-content\/uploads\/2024\/05\/cropped-korea3.png","width":688,"height":126,"caption":"IDA.KOREA"},"image":{"@id":"https:\/\/idakorea.ee\/#\/schema\/logo\/image\/"},"sameAs":["https:\/\/www.instagram.com\/ida.korea\/"]}]}},"jetpack_sharing_enabled":true,"brands":[{"id":493,"name":"VT COSMETICS","slug":"vt"}],"_links":{"self":[{"href":"https:\/\/idakorea.ee\/fi\/wp-json\/wp\/v2\/product\/10710","targetHints":{"allow":["GET"]}}],"collection":[{"href":"https:\/\/idakorea.ee\/fi\/wp-json\/wp\/v2\/product"}],"about":[{"href":"https:\/\/idakorea.ee\/fi\/wp-json\/wp\/v2\/types\/product"}],"replies":[{"embeddable":true,"href":"https:\/\/idakorea.ee\/fi\/wp-json\/wp\/v2\/comments?post=10710"}],"version-history":[{"count":5,"href":"https:\/\/idakorea.ee\/fi\/wp-json\/wp\/v2\/product\/10710\/revisions"}],"predecessor-version":[{"id":10725,"href":"https:\/\/idakorea.ee\/fi\/wp-json\/wp\/v2\/product\/10710\/revisions\/10725"}],"wp:featuredmedia":[{"embeddable":true,"href":"https:\/\/idakorea.ee\/fi\/wp-json\/wp\/v2\/media\/10713"}],"wp:attachment":[{"href":"https:\/\/idakorea.ee\/fi\/wp-json\/wp\/v2\/media?parent=10710"}],"wp:term":[{"taxonomy":"pwb-brand","embeddable":true,"href":"https:\/\/idakorea.ee\/fi\/wp-json\/wp\/v2\/pwb-brand?post=10710"},{"taxonomy":"product_brand","embeddable":true,"href":"https:\/\/idakorea.ee\/fi\/wp-json\/wp\/v2\/product_brand?post=10710"},{"taxonomy":"product_cat","embeddable":true,"href":"https:\/\/idakorea.ee\/fi\/wp-json\/wp\/v2\/product_cat?post=10710"},{"taxonomy":"product_tag","embeddable":true,"href":"https:\/\/idakorea.ee\/fi\/wp-json\/wp\/v2\/product_tag?post=10710"}],"curies":[{"name":"wp","href":"https:\/\/api.w.org\/{rel}","templated":true}]}}