{"id":10717,"date":"2024-09-28T15:00:09","date_gmt":"2024-09-28T12:00:09","guid":{"rendered":"https:\/\/idakorea.ee\/?post_type=product&#038;p=10717"},"modified":"2026-04-10T16:32:33","modified_gmt":"2026-04-10T14:32:33","slug":"intensiivne-booster-seerum-mikrookastega-vt-cosmetics-reedle-shot-300","status":"publish","type":"product","link":"https:\/\/idakorea.ee\/fi\/product\/intensiivne-booster-seerum-mikrookastega-vt-cosmetics-reedle-shot-300\/","title":{"rendered":"Intensiivinen tehoseerumi mikroneuloilla VT Cosmetics Reedle Shot 300"},"content":{"rendered":"<p>Tehokas tehoseerumi mikroneuloilla<span style=\"font-family: var(--global-body-font-family);\">\u00a0<\/span><strong style=\"font-family: var(--global-body-font-family);\">VT Cosmetics Reedle Shot 300<\/strong><span style=\"font-family: var(--global-body-font-family);\"> laukaisee ihon uudistumis- ja paranemismekanismit hell\u00e4varaisesti kuorimalla ja uudistamalla ihoa. Tuotteen vaikutus pyrkii parantamaan ihon rakennetta ja tasoittamaan ihon s\u00e4vy\u00e4. S\u00e4\u00e4nn\u00f6llinen k\u00e4ytt\u00f6 auttaa tasoittamaan ihon mikrorakennetta \u2013 v\u00e4hent\u00e4en ihohuokosten kokoa ja syvyytt\u00e4 sek\u00e4 hyperkeratoosin esiintyvyytt\u00e4. Seerumi vaalentaa asteittain eri syist\u00e4 johtuvaa pigmentaatiota, kuten pisamia, aknen j\u00e4lkeisi\u00e4 l\u00e4iski\u00e4 ja ruskeita tai keltaisia pigmenttil\u00e4iski\u00e4. Tuote palauttaa sarveiskerroksen kosteustasapainon, antaen iholle kimmoisuutta, kiinteytt\u00e4 ja hehkua.<\/span><\/p>\n<p><strong>Cicahyalon\u2122-kompleksi<\/strong> (4 erilaista hyaluronihappoa, aasialaisten lumpeiden johdannaisia, vihre\u00e4\u00e4 propolista) kosteuttaa tehokkaasti, sill\u00e4 on tulehdusta est\u00e4v\u00e4 vaikutus, se v\u00e4hent\u00e4\u00e4 ihon herkkyytt\u00e4 ja vahvistaa sen luonnollista suojakerrosta.<\/p>\n<p><strong>CicaReedle\u2122-mikroneulateknologia<\/strong> (237 000 ppm) varmistaa, ett\u00e4 aktiiviset ainesosat p\u00e4\u00e4sev\u00e4t syv\u00e4lle epidermiksen kerroksiin ja stimuloivat solujen uusiutumisprosesseja. Mikroneulat ovat 14 kertaa pienempi\u00e4 kuin ihohuokoset, ja niiden kuori sis\u00e4lt\u00e4\u00e4 14 erilaista mineraalia, jotka ovat v\u00e4ltt\u00e4m\u00e4tt\u00f6mi\u00e4 tulehduksen v\u00e4hent\u00e4miseksi ja paranemisen nopeuttamiseksi parantamalla hapenvaihtoa.<\/p>\n<p><strong>T\u00e4rkeimm\u00e4t vaikuttavat aineet:<\/strong><\/p>\n<ul>\n<li><strong>17 aminohapon kompleksi<\/strong> Toimii antioksidanttina, vahvistaa suojakerrosta ja v\u00e4hent\u00e4\u00e4 ihon yliherkkyytt\u00e4. Palauttaa solurakenteen, t\u00e4ytt\u00e4\u00e4 keratiinin, kollageenin ja elastiinin puutteita. Vaalentaa pigmenttil\u00e4iski\u00e4 vaikuttamalla aineenvaihduntaan.<\/li>\n<li><strong>Aasian vesinavan kompleksi<\/strong> (asiatikosidi, aasiahappo, madekassosidi, madekassosidi) on tulehdusta est\u00e4v\u00e4 ja haavan paranemista edist\u00e4v\u00e4, edist\u00e4\u00e4 suojakerroksen palautumista ja kosteuden s\u00e4ilymist\u00e4, v\u00e4hent\u00e4\u00e4 herkkyytt\u00e4 ja turvotusta sek\u00e4 vahvistaa verisuonia, tarjoten kuperoosia ehk\u00e4isev\u00e4n vaikutuksen.<\/li>\n<li><strong>Vihre\u00e4n propoliksen uute<\/strong> Ehk\u00e4isee aknea, palauttaa hydrolipiditasapainon, vahvistaa ihon suojakerrosta ja v\u00e4hent\u00e4\u00e4 ulkoisen ymp\u00e4rist\u00f6n haitallisia vaikutuksia. Taistelee hilseily\u00e4 ja kuivuutta vastaan, ravitsee ja pehment\u00e4\u00e4 ihoa.<\/li>\n<li><strong>4 erilaista hyaluronihappoa<\/strong> Muodostaa iholle n\u00e4kym\u00e4tt\u00f6m\u00e4n suojakerroksen, joka est\u00e4\u00e4 kosteuden haihtumista, nopeuttaa solujen uudistumista ja silottaa ryppyj\u00e4.<\/li>\n<li><strong>Niasiiniamidi (B3-vitamiini)<\/strong> hidastaa melaniinin tunkeutumista ihoon, est\u00e4\u00e4 ik\u00e4l\u00e4iskien muodostumista, v\u00e4hent\u00e4\u00e4 herkkyytt\u00e4 ulkoisille \u00e4rsykkeille, tasoittaa ihon s\u00e4vy\u00e4, edist\u00e4\u00e4 kollageenin tuotantoa ja lis\u00e4\u00e4 ihon tiheytt\u00e4.<\/li>\n<\/ul>\n<p>&nbsp;<\/p>\n<p>Sopii normaalille, rasvoittuvalle, sekaiholle ja ongelmaiholle.<\/p>\n<p><strong>K\u00e4ytt\u00f6opas:<\/strong> Iltahoidon aikana levit\u00e4 tarvittava m\u00e4\u00e4r\u00e4 tuotetta aiemmin puhdistetulle iholle, levit\u00e4 tasaisesti ja odota, kunnes se on t\u00e4ysin imeytynyt. Jatka kasvovedell\u00e4 ja kosteusvoiteella. Seerumia suositellaan k\u00e4ytett\u00e4v\u00e4ksi 2\u20133 kertaa viikossa. P\u00e4iv\u00e4ll\u00e4 k\u00e4yt\u00e4 aurinkovoidetta SPF50 PA++++.<\/p>\n<p><strong>Huomio!<\/strong> VT Cosmeticsin Reedle Shot 300 Microneedle Booster Serum saattaa aiheuttaa pistely\u00e4 levityksen j\u00e4lkeen.<\/p>\n<p><strong>Varotoimenpiteet:<\/strong> \u00c4l\u00e4 k\u00e4yt\u00e4 kuorinnan tai exfolianttien kanssa eik\u00e4 tuotteiden kanssa, jotka sis\u00e4lt\u00e4v\u00e4t runsaasti retinolia, AHA:ta, BHA:ta tai C-vitamiinia. Ei ole suositeltavaa k\u00e4ytt\u00e4\u00e4 ihoa vaurioittavien ihotautitoimenpiteiden, kuten kuorinnan, konekosmetiikkak\u00e4sittelyjen tai injektioiden j\u00e4lkeen.<\/p>","protected":false},"excerpt":{"rendered":"<p>VT Cosmetics Reedle Shot 300, intensiivinen tehoseerumi, jossa on mikroneuloja, k\u00e4ynnist\u00e4\u00e4 ihon uudistumis- ja paranemismekanismit ja tarjoaa hell\u00e4varaista kuorintaa ja palautumista. Tuotteen vaikutus on kohdistettu ihon rakenteen parantamiseen ja ihonhoidon tasoittamiseen. S\u00e4\u00e4nn\u00f6llinen k\u00e4ytt\u00f6 auttaa tasoittamaan ihon mikrorakennetta - v\u00e4hent\u00e4\u00e4 huokosten kokoa ja syvyytt\u00e4 sek\u00e4 hyperkeratoosin esiintymist\u00e4. Seerumi v\u00e4hent\u00e4\u00e4 asteittain eri alkuper\u00e4\u00e4 olevia pigmenttil\u00e4iski\u00e4, kuten mustap\u00e4it\u00e4, aknepilkkuja ja ruskeita pilkkuja.....<\/p>","protected":false},"featured_media":10718,"comment_status":"open","ping_status":"closed","template":"","meta":{"_uf_show_specific_survey":0,"_uf_disable_surveys":false,"_bst_post_transparent":"default","_bst_post_title":"","_bst_post_layout":"default","_bst_post_sidebar_id":"","_bst_post_content_style":"default","_bst_post_vertical_padding":"default","_bst_post_feature":"","_bst_post_feature_position":"","_bst_post_header":false,"_bst_post_footer":false},"pwb-brand":[493],"product_brand":[],"product_cat":[92,97],"product_tag":[625,624,543,626],"class_list":{"0":"post-10717","1":"product","2":"type-product","3":"status-publish","4":"has-post-thumbnail","6":"pwb-brand-vt","7":"product_cat-nagu","8":"product_cat-naoseerumid-ja-olid","9":"product_tag-needle","10":"product_tag-reedle","11":"product_tag-trend","12":"product_tag-vt-cosmetics","14":"first","15":"instock","16":"sale","17":"featured","18":"shipping-taxable","19":"purchasable","20":"product-type-variable","21":"has-default-attributes","22":"entry","23":"content-bg","24":"loop-entry"},"supplier_id":null,"supplier_sku":"","barcode":null,"atum_controlled":true,"out_stock_date":null,"out_stock_threshold":null,"inheritable":true,"inbound_stock":0,"stock_on_hold":0,"sold_today":0,"sales_last_days":8,"out_stock_days":0,"lost_sales":0,"has_location":false,"update_date":"2026-04-14T00:05:13","atum_locations":[],"atum_stock_status":"instock","restock_status":false,"low_stock_amount":"","sales_update_date":"2026-04-14T00:05:13","calc_backorders":null,"yoast_head":"<!-- This site is optimized with the Yoast SEO plugin v27.2 - https:\/\/yoast.com\/product\/yoast-seo-wordpress\/ -->\n<title>VT Cosmetics Reedle Shot 300 - IDA.KOREA<\/title>\n<meta name=\"description\" content=\"Intensiivne\u00a0 booster-seerum\u00a0mikrookastega VT Cosmetics Reedle Shot 300 k\u00e4ivitab naha taastamise ja tervendamise mehhanismid. - Kiire tarne!\" \/>\n<meta name=\"robots\" content=\"index, follow, max-snippet:-1, max-image-preview:large, max-video-preview:-1\" \/>\n<link rel=\"canonical\" href=\"https:\/\/idakorea.ee\/fi\/product\/intensiivne-booster-seerum-mikrookastega-vt-cosmetics-reedle-shot-300\/\" \/>\n<meta property=\"og:locale\" content=\"fi_FI\" \/>\n<meta property=\"og:type\" content=\"article\" \/>\n<meta property=\"og:title\" content=\"VT Cosmetics Reedle Shot 300 - IDA.KOREA\" \/>\n<meta property=\"og:description\" content=\"Intensiivne\u00a0 booster-seerum\u00a0mikrookastega VT Cosmetics Reedle Shot 300 k\u00e4ivitab naha taastamise ja tervendamise mehhanismid. - Kiire tarne!\" \/>\n<meta property=\"og:url\" content=\"https:\/\/idakorea.ee\/fi\/product\/intensiivne-booster-seerum-mikrookastega-vt-cosmetics-reedle-shot-300\/\" \/>\n<meta property=\"og:site_name\" content=\"IDA.KOREA\" \/>\n<meta property=\"article:modified_time\" content=\"2026-04-10T14:32:33+00:00\" \/>\n<meta property=\"og:image\" content=\"https:\/\/idakorea.ee\/wp-content\/uploads\/2024\/09\/384451_9.jpg\" \/>\n\t<meta property=\"og:image:width\" content=\"736\" \/>\n\t<meta property=\"og:image:height\" content=\"711\" \/>\n\t<meta property=\"og:image:type\" content=\"image\/jpeg\" \/>\n<meta name=\"twitter:card\" content=\"summary_large_image\" \/>\n<meta name=\"twitter:label1\" content=\"Arvioitu lukuaika\" \/>\n\t<meta name=\"twitter:data1\" content=\"3 minuuttia\" \/>\n<script type=\"application\/ld+json\" class=\"yoast-schema-graph\">{\"@context\":\"https:\/\/schema.org\",\"@graph\":[{\"@type\":\"WebPage\",\"@id\":\"https:\/\/idakorea.ee\/product\/intensiivne-booster-seerum-mikrookastega-vt-cosmetics-reedle-shot-300\/\",\"url\":\"https:\/\/idakorea.ee\/product\/intensiivne-booster-seerum-mikrookastega-vt-cosmetics-reedle-shot-300\/\",\"name\":\"VT Cosmetics Reedle Shot 300 - IDA.KOREA\",\"isPartOf\":{\"@id\":\"https:\/\/idakorea.ee\/#website\"},\"primaryImageOfPage\":{\"@id\":\"https:\/\/idakorea.ee\/product\/intensiivne-booster-seerum-mikrookastega-vt-cosmetics-reedle-shot-300\/#primaryimage\"},\"image\":{\"@id\":\"https:\/\/idakorea.ee\/product\/intensiivne-booster-seerum-mikrookastega-vt-cosmetics-reedle-shot-300\/#primaryimage\"},\"thumbnailUrl\":\"https:\/\/idakorea.ee\/wp-content\/uploads\/2024\/09\/384451_9.jpg\",\"datePublished\":\"2024-09-28T12:00:09+00:00\",\"dateModified\":\"2026-04-10T14:32:33+00:00\",\"description\":\"Intensiivne\u00a0 booster-seerum\u00a0mikrookastega VT Cosmetics Reedle Shot 300 k\u00e4ivitab naha taastamise ja tervendamise mehhanismid. - Kiire tarne!\",\"breadcrumb\":{\"@id\":\"https:\/\/idakorea.ee\/product\/intensiivne-booster-seerum-mikrookastega-vt-cosmetics-reedle-shot-300\/#breadcrumb\"},\"inLanguage\":\"fi\",\"potentialAction\":[{\"@type\":\"ReadAction\",\"target\":[\"https:\/\/idakorea.ee\/product\/intensiivne-booster-seerum-mikrookastega-vt-cosmetics-reedle-shot-300\/\"]}]},{\"@type\":\"ImageObject\",\"inLanguage\":\"fi\",\"@id\":\"https:\/\/idakorea.ee\/product\/intensiivne-booster-seerum-mikrookastega-vt-cosmetics-reedle-shot-300\/#primaryimage\",\"url\":\"https:\/\/idakorea.ee\/wp-content\/uploads\/2024\/09\/384451_9.jpg\",\"contentUrl\":\"https:\/\/idakorea.ee\/wp-content\/uploads\/2024\/09\/384451_9.jpg\",\"width\":736,\"height\":711,\"caption\":\"needle shot 300\"},{\"@type\":\"BreadcrumbList\",\"@id\":\"https:\/\/idakorea.ee\/product\/intensiivne-booster-seerum-mikrookastega-vt-cosmetics-reedle-shot-300\/#breadcrumb\",\"itemListElement\":[{\"@type\":\"ListItem\",\"position\":1,\"name\":\"\u0413\u043b\u0430\u0432\u043d\u0430\u044f \u0441\u0442\u0440\u0430\u043d\u0438\u0446\u0430\",\"item\":\"https:\/\/idakorea.ee\/\"},{\"@type\":\"ListItem\",\"position\":2,\"name\":\"Shop\",\"item\":\"https:\/\/idakorea.ee\/shop-2\/\"},{\"@type\":\"ListItem\",\"position\":3,\"name\":\"Intensiivne booster-seerum mikron\u00f5eltega VT Cosmetics Reedle Shot 300\"}]},{\"@type\":\"WebSite\",\"@id\":\"https:\/\/idakorea.ee\/#website\",\"url\":\"https:\/\/idakorea.ee\/\",\"name\":\"IDA.KOREA\",\"description\":\"Korea kosmeetika e-pood\",\"publisher\":{\"@id\":\"https:\/\/idakorea.ee\/#organization\"},\"alternateName\":\"Beauty Shop\",\"potentialAction\":[{\"@type\":\"SearchAction\",\"target\":{\"@type\":\"EntryPoint\",\"urlTemplate\":\"https:\/\/idakorea.ee\/?s={search_term_string}\"},\"query-input\":{\"@type\":\"PropertyValueSpecification\",\"valueRequired\":true,\"valueName\":\"search_term_string\"}}],\"inLanguage\":\"fi\"},{\"@type\":\"Organization\",\"@id\":\"https:\/\/idakorea.ee\/#organization\",\"name\":\"IDA.KOREA\",\"url\":\"https:\/\/idakorea.ee\/\",\"logo\":{\"@type\":\"ImageObject\",\"inLanguage\":\"fi\",\"@id\":\"https:\/\/idakorea.ee\/#\/schema\/logo\/image\/\",\"url\":\"https:\/\/idakorea.ee\/wp-content\/uploads\/2024\/05\/cropped-korea3.png\",\"contentUrl\":\"https:\/\/idakorea.ee\/wp-content\/uploads\/2024\/05\/cropped-korea3.png\",\"width\":688,\"height\":126,\"caption\":\"IDA.KOREA\"},\"image\":{\"@id\":\"https:\/\/idakorea.ee\/#\/schema\/logo\/image\/\"},\"sameAs\":[\"https:\/\/www.instagram.com\/ida.korea\/\"]}]}<\/script>\n<!-- \/ Yoast SEO plugin. -->","yoast_head_json":{"title":"VT Cosmetics Reedle Shot 300 - IDA.KOREA","description":"Tehokas tehoseerumi mikroneuloilla VT Cosmetics Reedle Shot 300 k\u00e4ynnist\u00e4\u00e4 ihon uusiutumis- ja paranemismekanismit. - Nopea toimitus!","robots":{"index":"index","follow":"follow","max-snippet":"max-snippet:-1","max-image-preview":"max-image-preview:large","max-video-preview":"max-video-preview:-1"},"canonical":"https:\/\/idakorea.ee\/fi\/product\/intensiivne-booster-seerum-mikrookastega-vt-cosmetics-reedle-shot-300\/","og_locale":"fi_FI","og_type":"article","og_title":"VT Cosmetics Reedle Shot 300 - IDA.KOREA","og_description":"Intensiivne\u00a0 booster-seerum\u00a0mikrookastega VT Cosmetics Reedle Shot 300 k\u00e4ivitab naha taastamise ja tervendamise mehhanismid. - Kiire tarne!","og_url":"https:\/\/idakorea.ee\/fi\/product\/intensiivne-booster-seerum-mikrookastega-vt-cosmetics-reedle-shot-300\/","og_site_name":"IDA.KOREA","article_modified_time":"2026-04-10T14:32:33+00:00","og_image":[{"width":736,"height":711,"url":"https:\/\/idakorea.ee\/wp-content\/uploads\/2024\/09\/384451_9.jpg","type":"image\/jpeg"}],"twitter_card":"summary_large_image","twitter_misc":{"Arvioitu lukuaika":"3 minuuttia"},"schema":{"@context":"https:\/\/schema.org","@graph":[{"@type":"WebPage","@id":"https:\/\/idakorea.ee\/product\/intensiivne-booster-seerum-mikrookastega-vt-cosmetics-reedle-shot-300\/","url":"https:\/\/idakorea.ee\/product\/intensiivne-booster-seerum-mikrookastega-vt-cosmetics-reedle-shot-300\/","name":"VT Cosmetics Reedle Shot 300 - IDA.KOREA","isPartOf":{"@id":"https:\/\/idakorea.ee\/#website"},"primaryImageOfPage":{"@id":"https:\/\/idakorea.ee\/product\/intensiivne-booster-seerum-mikrookastega-vt-cosmetics-reedle-shot-300\/#primaryimage"},"image":{"@id":"https:\/\/idakorea.ee\/product\/intensiivne-booster-seerum-mikrookastega-vt-cosmetics-reedle-shot-300\/#primaryimage"},"thumbnailUrl":"https:\/\/idakorea.ee\/wp-content\/uploads\/2024\/09\/384451_9.jpg","datePublished":"2024-09-28T12:00:09+00:00","dateModified":"2026-04-10T14:32:33+00:00","description":"Tehokas tehoseerumi mikroneuloilla VT Cosmetics Reedle Shot 300 k\u00e4ynnist\u00e4\u00e4 ihon uusiutumis- ja paranemismekanismit. - Nopea toimitus!","breadcrumb":{"@id":"https:\/\/idakorea.ee\/product\/intensiivne-booster-seerum-mikrookastega-vt-cosmetics-reedle-shot-300\/#breadcrumb"},"inLanguage":"fi","potentialAction":[{"@type":"ReadAction","target":["https:\/\/idakorea.ee\/product\/intensiivne-booster-seerum-mikrookastega-vt-cosmetics-reedle-shot-300\/"]}]},{"@type":"ImageObject","inLanguage":"fi","@id":"https:\/\/idakorea.ee\/product\/intensiivne-booster-seerum-mikrookastega-vt-cosmetics-reedle-shot-300\/#primaryimage","url":"https:\/\/idakorea.ee\/wp-content\/uploads\/2024\/09\/384451_9.jpg","contentUrl":"https:\/\/idakorea.ee\/wp-content\/uploads\/2024\/09\/384451_9.jpg","width":736,"height":711,"caption":"needle shot 300"},{"@type":"BreadcrumbList","@id":"https:\/\/idakorea.ee\/product\/intensiivne-booster-seerum-mikrookastega-vt-cosmetics-reedle-shot-300\/#breadcrumb","itemListElement":[{"@type":"ListItem","position":1,"name":"\u0413\u043b\u0430\u0432\u043d\u0430\u044f \u0441\u0442\u0440\u0430\u043d\u0438\u0446\u0430","item":"https:\/\/idakorea.ee\/"},{"@type":"ListItem","position":2,"name":"Shop","item":"https:\/\/idakorea.ee\/shop-2\/"},{"@type":"ListItem","position":3,"name":"Intensiivne booster-seerum mikron\u00f5eltega VT Cosmetics Reedle Shot 300"}]},{"@type":"WebSite","@id":"https:\/\/idakorea.ee\/#website","url":"https:\/\/idakorea.ee\/","name":"IDA.KOREA","description":"Korean kosmetiikan verkkokauppa","publisher":{"@id":"https:\/\/idakorea.ee\/#organization"},"alternateName":"Beauty Shop","potentialAction":[{"@type":"SearchAction","target":{"@type":"EntryPoint","urlTemplate":"https:\/\/idakorea.ee\/?s={search_term_string}"},"query-input":{"@type":"PropertyValueSpecification","valueRequired":true,"valueName":"search_term_string"}}],"inLanguage":"fi"},{"@type":"Organization","@id":"https:\/\/idakorea.ee\/#organization","name":"IDA.KOREA","url":"https:\/\/idakorea.ee\/","logo":{"@type":"ImageObject","inLanguage":"fi","@id":"https:\/\/idakorea.ee\/#\/schema\/logo\/image\/","url":"https:\/\/idakorea.ee\/wp-content\/uploads\/2024\/05\/cropped-korea3.png","contentUrl":"https:\/\/idakorea.ee\/wp-content\/uploads\/2024\/05\/cropped-korea3.png","width":688,"height":126,"caption":"IDA.KOREA"},"image":{"@id":"https:\/\/idakorea.ee\/#\/schema\/logo\/image\/"},"sameAs":["https:\/\/www.instagram.com\/ida.korea\/"]}]}},"jetpack_sharing_enabled":true,"brands":[{"id":493,"name":"VT COSMETICS","slug":"vt"}],"_links":{"self":[{"href":"https:\/\/idakorea.ee\/fi\/wp-json\/wp\/v2\/product\/10717","targetHints":{"allow":["GET"]}}],"collection":[{"href":"https:\/\/idakorea.ee\/fi\/wp-json\/wp\/v2\/product"}],"about":[{"href":"https:\/\/idakorea.ee\/fi\/wp-json\/wp\/v2\/types\/product"}],"replies":[{"embeddable":true,"href":"https:\/\/idakorea.ee\/fi\/wp-json\/wp\/v2\/comments?post=10717"}],"version-history":[{"count":6,"href":"https:\/\/idakorea.ee\/fi\/wp-json\/wp\/v2\/product\/10717\/revisions"}],"predecessor-version":[{"id":10728,"href":"https:\/\/idakorea.ee\/fi\/wp-json\/wp\/v2\/product\/10717\/revisions\/10728"}],"wp:featuredmedia":[{"embeddable":true,"href":"https:\/\/idakorea.ee\/fi\/wp-json\/wp\/v2\/media\/10718"}],"wp:attachment":[{"href":"https:\/\/idakorea.ee\/fi\/wp-json\/wp\/v2\/media?parent=10717"}],"wp:term":[{"taxonomy":"pwb-brand","embeddable":true,"href":"https:\/\/idakorea.ee\/fi\/wp-json\/wp\/v2\/pwb-brand?post=10717"},{"taxonomy":"product_brand","embeddable":true,"href":"https:\/\/idakorea.ee\/fi\/wp-json\/wp\/v2\/product_brand?post=10717"},{"taxonomy":"product_cat","embeddable":true,"href":"https:\/\/idakorea.ee\/fi\/wp-json\/wp\/v2\/product_cat?post=10717"},{"taxonomy":"product_tag","embeddable":true,"href":"https:\/\/idakorea.ee\/fi\/wp-json\/wp\/v2\/product_tag?post=10717"}],"curies":[{"name":"wp","href":"https:\/\/api.w.org\/{rel}","templated":true}]}}