{"id":10802,"date":"2024-10-05T15:52:00","date_gmt":"2024-10-05T12:52:00","guid":{"rendered":"https:\/\/idakorea.ee\/?post_type=product&#038;p=10802"},"modified":"2026-02-05T23:44:46","modified_gmt":"2026-02-05T21:44:46","slug":"intensiivne-taastav-naoessents-the-history-of-whoo-intensive-revitalizing-essence","status":"publish","type":"product","link":"https:\/\/idakorea.ee\/fi\/product\/intensiivne-taastav-naoessents-the-history-of-whoo-intensive-revitalizing-essence\/","title":{"rendered":"Intensive Revitalizing Facial Essence Whoo Intensive Revitalizing Essence -tehoseoksen historia"},"content":{"rendered":"<p>Intensiivinen palauttava kasvovoide <strong>Whoo Intensive Revitalizing Essencen historia.<\/strong><\/p>\n<p>Punaiseen ginsengiin perustuva tiivistetty uute auttaa ehk\u00e4isem\u00e4\u00e4n ik\u00e4\u00e4ntymist\u00e4.<\/p>\n<p>T\u00e4m\u00e4 hoitoaine sis\u00e4lt\u00e4\u00e4 fermentoituja yrttej\u00e4 ja hedelmi\u00e4. Granaattiomenansiemen\u00f6ljyuute, soija\u00f6ljy, unikonsiemen\u00f6ljy, ginsenginjuuriuute, pioninjuuriuute ja Baikalin timjamiuute palauttavat energiaa ja verenkiertoa, elvytt\u00e4v\u00e4t soluja sek\u00e4 vahvistavat ja kiinteytt\u00e4v\u00e4t kasvojen ja kaulan ihoa.<\/p>\n<p>Intensive Revitalizing Essence on korvaamaton hoitotuote ik\u00e4\u00e4ntyv\u00e4lle ja ohentuneelle iholle. Se ravitsee ja uudistaa ihoa, auttaa tasoittamaan ryppyj\u00e4 ja ehk\u00e4isee uusien syntymist\u00e4. Essence parantaa mikroverenkiertoa ja sill\u00e4 on antioksidanttinen vaikutus. Tasapainoinen koostumus parantaa ihon rakennetta, palauttaa sen luonnollisen v\u00e4rin, antaa tarvittavaa kosteutta ja luo rentouttavan vaikutuksen rauhoittavan tuoksun ansiosta.<\/p>\n<p>T\u00e4m\u00e4 tuote on osa uudistettua Jinyulhyang Jinyul \u2013 Intensive Revitalizing -sarjaa, joka on luotu fytoestrogeeneill\u00e4. Jinyul-elvytt\u00e4v\u00e4 sarja on suunniteltu yli 40-vuotiaille naisille ja auttaa hidastamaan solujen ik\u00e4\u00e4ntymisprosessia. T\u00e4m\u00e4 kompleksi tekee ihosta kiinte\u00e4mm\u00e4n, vahvemman ja kimmoisamman, palauttaen elinvoiman ja luonnollisen hehkun, parantaen verenkiertoa ja yll\u00e4pit\u00e4en ihon kosteustasapainoa.<\/p>\n<p>History Of Whoo -sarja tarjoaa ylellist\u00e4 ihonhoitoa ja auttaa pident\u00e4m\u00e4\u00e4n ihon nuoruutta ja terveytt\u00e4.<\/p>\n<p>Suositellaan k\u00e4ytett\u00e4v\u00e4ksi 40-vuotiaille ja sit\u00e4 vanhemmille. Sopii kaikille ihotyypeille.<\/p>\n<p><strong>K\u00e4ytt\u00f6opas:<\/strong> Levit\u00e4 voidetta kasvoille ja kaulalle ennen kasvovoiteen levitt\u00e4mist\u00e4.<\/p>","protected":false},"excerpt":{"rendered":"<p>Intensive Revitalizing Facial Essence Historia Whoo Intensive Revitalizing Essence. Punaiseen ginsengiin perustuva tiivistetty uute, joka auttaa ehk\u00e4isem\u00e4\u00e4n ik\u00e4\u00e4ntymist\u00e4. Esseess\u00e4 on k\u00e4ytetty yrttej\u00e4 ja hedelmi\u00e4, jotka ovat k\u00e4ymisprosessin l\u00e4pik\u00e4yneet. Granaattiomenansiemen\u00f6ljyuute, soija\u00f6ljy, punaisen unikon siemen\u00f6ljy, ginsengjuuriuute, joulut\u00e4htijuuriuute ja Baikal sarviapilan uute palauttavat energiaa ja verenkiertoa, elvytt\u00e4v\u00e4t soluja ja vahvistavat ja...<\/p>","protected":false},"featured_media":10803,"comment_status":"open","ping_status":"closed","template":"","meta":{"_uf_show_specific_survey":0,"_uf_disable_surveys":false,"_bst_post_transparent":"default","_bst_post_title":"","_bst_post_layout":"default","_bst_post_sidebar_id":"","_bst_post_content_style":"default","_bst_post_vertical_padding":"default","_bst_post_feature":"","_bst_post_feature_position":"","_bst_post_header":false,"_bst_post_footer":false},"pwb-brand":[494],"product_brand":[],"product_cat":[92,97],"product_tag":[554,466,555],"class_list":{"0":"post-10802","1":"product","2":"type-product","3":"status-publish","4":"has-post-thumbnail","6":"pwb-brand-the-history-of-whoo","7":"product_cat-nagu","8":"product_cat-naoseerumid-ja-olid","9":"product_tag-lux","10":"product_tag-premium","11":"product_tag-the-history-of-whoo","13":"first","14":"instock","15":"sale","16":"shipping-taxable","17":"purchasable","18":"product-type-variable","19":"entry","20":"content-bg","21":"loop-entry"},"supplier_id":null,"supplier_sku":"","barcode":null,"atum_controlled":true,"out_stock_date":null,"out_stock_threshold":null,"inheritable":true,"inbound_stock":0,"stock_on_hold":0,"sold_today":0,"sales_last_days":0,"out_stock_days":0,"lost_sales":0,"has_location":false,"update_date":"2026-04-15T00:05:12","atum_locations":[],"atum_stock_status":"instock","restock_status":false,"low_stock_amount":"","sales_update_date":"2026-04-15T00:05:12","calc_backorders":null,"yoast_head":"<!-- This site is optimized with the Yoast SEO plugin v27.2 - https:\/\/yoast.com\/product\/yoast-seo-wordpress\/ -->\n<title>The History of Whoo Intensive Revitalizing Essence - IDA.KOREA<\/title>\n<meta name=\"description\" content=\"Intensiivne taastav n\u00e4oessents The History of Whoo Intensive Revitalizing Essence.Kontsentreeritud essents, mis p\u00f5hineb punasel \u017een\u0161ennil, aitab ennetada vananemist.\" \/>\n<meta name=\"robots\" content=\"index, follow, max-snippet:-1, max-image-preview:large, max-video-preview:-1\" \/>\n<link rel=\"canonical\" href=\"https:\/\/idakorea.ee\/fi\/product\/intensiivne-taastav-naoessents-the-history-of-whoo-intensive-revitalizing-essence\/\" \/>\n<meta property=\"og:locale\" content=\"fi_FI\" \/>\n<meta property=\"og:type\" content=\"article\" \/>\n<meta property=\"og:title\" content=\"The History of Whoo Intensive Revitalizing Essence - IDA.KOREA\" \/>\n<meta property=\"og:description\" content=\"Intensiivne taastav n\u00e4oessents The History of Whoo Intensive Revitalizing Essence.Kontsentreeritud essents, mis p\u00f5hineb punasel \u017een\u0161ennil, aitab ennetada vananemist.\" \/>\n<meta property=\"og:url\" content=\"https:\/\/idakorea.ee\/fi\/product\/intensiivne-taastav-naoessents-the-history-of-whoo-intensive-revitalizing-essence\/\" \/>\n<meta property=\"og:site_name\" content=\"IDA.KOREA\" \/>\n<meta property=\"article:modified_time\" content=\"2026-02-05T21:44:46+00:00\" \/>\n<meta property=\"og:image\" content=\"https:\/\/idakorea.ee\/wp-content\/uploads\/2024\/10\/51104736_1.jpg\" \/>\n\t<meta property=\"og:image:width\" content=\"807\" \/>\n\t<meta property=\"og:image:height\" content=\"754\" \/>\n\t<meta property=\"og:image:type\" content=\"image\/jpeg\" \/>\n<meta name=\"twitter:card\" content=\"summary_large_image\" \/>\n<meta name=\"twitter:label1\" content=\"Arvioitu lukuaika\" \/>\n\t<meta name=\"twitter:data1\" content=\"2 minuuttia\" \/>\n<script type=\"application\/ld+json\" class=\"yoast-schema-graph\">{\"@context\":\"https:\/\/schema.org\",\"@graph\":[{\"@type\":\"WebPage\",\"@id\":\"https:\/\/idakorea.ee\/product\/intensiivne-taastav-naoessents-the-history-of-whoo-intensive-revitalizing-essence\/\",\"url\":\"https:\/\/idakorea.ee\/product\/intensiivne-taastav-naoessents-the-history-of-whoo-intensive-revitalizing-essence\/\",\"name\":\"The History of Whoo Intensive Revitalizing Essence - IDA.KOREA\",\"isPartOf\":{\"@id\":\"https:\/\/idakorea.ee\/#website\"},\"primaryImageOfPage\":{\"@id\":\"https:\/\/idakorea.ee\/product\/intensiivne-taastav-naoessents-the-history-of-whoo-intensive-revitalizing-essence\/#primaryimage\"},\"image\":{\"@id\":\"https:\/\/idakorea.ee\/product\/intensiivne-taastav-naoessents-the-history-of-whoo-intensive-revitalizing-essence\/#primaryimage\"},\"thumbnailUrl\":\"https:\/\/idakorea.ee\/wp-content\/uploads\/2024\/10\/51104736_1.jpg\",\"datePublished\":\"2024-10-05T12:52:00+00:00\",\"dateModified\":\"2026-02-05T21:44:46+00:00\",\"description\":\"Intensiivne taastav n\u00e4oessents The History of Whoo Intensive Revitalizing Essence.Kontsentreeritud essents, mis p\u00f5hineb punasel \u017een\u0161ennil, aitab ennetada vananemist.\",\"breadcrumb\":{\"@id\":\"https:\/\/idakorea.ee\/product\/intensiivne-taastav-naoessents-the-history-of-whoo-intensive-revitalizing-essence\/#breadcrumb\"},\"inLanguage\":\"fi\",\"potentialAction\":[{\"@type\":\"ReadAction\",\"target\":[\"https:\/\/idakorea.ee\/product\/intensiivne-taastav-naoessents-the-history-of-whoo-intensive-revitalizing-essence\/\"]}]},{\"@type\":\"ImageObject\",\"inLanguage\":\"fi\",\"@id\":\"https:\/\/idakorea.ee\/product\/intensiivne-taastav-naoessents-the-history-of-whoo-intensive-revitalizing-essence\/#primaryimage\",\"url\":\"https:\/\/idakorea.ee\/wp-content\/uploads\/2024\/10\/51104736_1.jpg\",\"contentUrl\":\"https:\/\/idakorea.ee\/wp-content\/uploads\/2024\/10\/51104736_1.jpg\",\"width\":807,\"height\":754,\"caption\":\"the history of whoo essence\"},{\"@type\":\"BreadcrumbList\",\"@id\":\"https:\/\/idakorea.ee\/product\/intensiivne-taastav-naoessents-the-history-of-whoo-intensive-revitalizing-essence\/#breadcrumb\",\"itemListElement\":[{\"@type\":\"ListItem\",\"position\":1,\"name\":\"\u0413\u043b\u0430\u0432\u043d\u0430\u044f \u0441\u0442\u0440\u0430\u043d\u0438\u0446\u0430\",\"item\":\"https:\/\/idakorea.ee\/\"},{\"@type\":\"ListItem\",\"position\":2,\"name\":\"Shop\",\"item\":\"https:\/\/idakorea.ee\/shop-2\/\"},{\"@type\":\"ListItem\",\"position\":3,\"name\":\"Intensiivne taastav n\u00e4oessents The History of Whoo Intensive Revitalizing Essence\"}]},{\"@type\":\"WebSite\",\"@id\":\"https:\/\/idakorea.ee\/#website\",\"url\":\"https:\/\/idakorea.ee\/\",\"name\":\"IDA.KOREA\",\"description\":\"Korea kosmeetika e-pood\",\"publisher\":{\"@id\":\"https:\/\/idakorea.ee\/#organization\"},\"alternateName\":\"Beauty Shop\",\"potentialAction\":[{\"@type\":\"SearchAction\",\"target\":{\"@type\":\"EntryPoint\",\"urlTemplate\":\"https:\/\/idakorea.ee\/?s={search_term_string}\"},\"query-input\":{\"@type\":\"PropertyValueSpecification\",\"valueRequired\":true,\"valueName\":\"search_term_string\"}}],\"inLanguage\":\"fi\"},{\"@type\":\"Organization\",\"@id\":\"https:\/\/idakorea.ee\/#organization\",\"name\":\"IDA.KOREA\",\"url\":\"https:\/\/idakorea.ee\/\",\"logo\":{\"@type\":\"ImageObject\",\"inLanguage\":\"fi\",\"@id\":\"https:\/\/idakorea.ee\/#\/schema\/logo\/image\/\",\"url\":\"https:\/\/idakorea.ee\/wp-content\/uploads\/2024\/05\/cropped-korea3.png\",\"contentUrl\":\"https:\/\/idakorea.ee\/wp-content\/uploads\/2024\/05\/cropped-korea3.png\",\"width\":688,\"height\":126,\"caption\":\"IDA.KOREA\"},\"image\":{\"@id\":\"https:\/\/idakorea.ee\/#\/schema\/logo\/image\/\"},\"sameAs\":[\"https:\/\/www.instagram.com\/ida.korea\/\"]}]}<\/script>\n<!-- \/ Yoast SEO plugin. -->","yoast_head_json":{"title":"Whoo Intensive Revitalizing Essencen historia - IDA.KOREA","description":"Whoo Intensive Revitalizing Essencen historia. Punaiseen ginsengiin perustuva tiivistetty essenssi auttaa ehk\u00e4isem\u00e4\u00e4n ik\u00e4\u00e4ntymist\u00e4.","robots":{"index":"index","follow":"follow","max-snippet":"max-snippet:-1","max-image-preview":"max-image-preview:large","max-video-preview":"max-video-preview:-1"},"canonical":"https:\/\/idakorea.ee\/fi\/product\/intensiivne-taastav-naoessents-the-history-of-whoo-intensive-revitalizing-essence\/","og_locale":"fi_FI","og_type":"article","og_title":"The History of Whoo Intensive Revitalizing Essence - IDA.KOREA","og_description":"Intensiivne taastav n\u00e4oessents The History of Whoo Intensive Revitalizing Essence.Kontsentreeritud essents, mis p\u00f5hineb punasel \u017een\u0161ennil, aitab ennetada vananemist.","og_url":"https:\/\/idakorea.ee\/fi\/product\/intensiivne-taastav-naoessents-the-history-of-whoo-intensive-revitalizing-essence\/","og_site_name":"IDA.KOREA","article_modified_time":"2026-02-05T21:44:46+00:00","og_image":[{"width":807,"height":754,"url":"https:\/\/idakorea.ee\/wp-content\/uploads\/2024\/10\/51104736_1.jpg","type":"image\/jpeg"}],"twitter_card":"summary_large_image","twitter_misc":{"Arvioitu lukuaika":"2 minuuttia"},"schema":{"@context":"https:\/\/schema.org","@graph":[{"@type":"WebPage","@id":"https:\/\/idakorea.ee\/product\/intensiivne-taastav-naoessents-the-history-of-whoo-intensive-revitalizing-essence\/","url":"https:\/\/idakorea.ee\/product\/intensiivne-taastav-naoessents-the-history-of-whoo-intensive-revitalizing-essence\/","name":"Whoo Intensive Revitalizing Essencen historia - IDA.KOREA","isPartOf":{"@id":"https:\/\/idakorea.ee\/#website"},"primaryImageOfPage":{"@id":"https:\/\/idakorea.ee\/product\/intensiivne-taastav-naoessents-the-history-of-whoo-intensive-revitalizing-essence\/#primaryimage"},"image":{"@id":"https:\/\/idakorea.ee\/product\/intensiivne-taastav-naoessents-the-history-of-whoo-intensive-revitalizing-essence\/#primaryimage"},"thumbnailUrl":"https:\/\/idakorea.ee\/wp-content\/uploads\/2024\/10\/51104736_1.jpg","datePublished":"2024-10-05T12:52:00+00:00","dateModified":"2026-02-05T21:44:46+00:00","description":"Whoo Intensive Revitalizing Essencen historia. Punaiseen ginsengiin perustuva tiivistetty essenssi auttaa ehk\u00e4isem\u00e4\u00e4n ik\u00e4\u00e4ntymist\u00e4.","breadcrumb":{"@id":"https:\/\/idakorea.ee\/product\/intensiivne-taastav-naoessents-the-history-of-whoo-intensive-revitalizing-essence\/#breadcrumb"},"inLanguage":"fi","potentialAction":[{"@type":"ReadAction","target":["https:\/\/idakorea.ee\/product\/intensiivne-taastav-naoessents-the-history-of-whoo-intensive-revitalizing-essence\/"]}]},{"@type":"ImageObject","inLanguage":"fi","@id":"https:\/\/idakorea.ee\/product\/intensiivne-taastav-naoessents-the-history-of-whoo-intensive-revitalizing-essence\/#primaryimage","url":"https:\/\/idakorea.ee\/wp-content\/uploads\/2024\/10\/51104736_1.jpg","contentUrl":"https:\/\/idakorea.ee\/wp-content\/uploads\/2024\/10\/51104736_1.jpg","width":807,"height":754,"caption":"the history of whoo essence"},{"@type":"BreadcrumbList","@id":"https:\/\/idakorea.ee\/product\/intensiivne-taastav-naoessents-the-history-of-whoo-intensive-revitalizing-essence\/#breadcrumb","itemListElement":[{"@type":"ListItem","position":1,"name":"\u0413\u043b\u0430\u0432\u043d\u0430\u044f \u0441\u0442\u0440\u0430\u043d\u0438\u0446\u0430","item":"https:\/\/idakorea.ee\/"},{"@type":"ListItem","position":2,"name":"Shop","item":"https:\/\/idakorea.ee\/shop-2\/"},{"@type":"ListItem","position":3,"name":"Intensiivne taastav n\u00e4oessents The History of Whoo Intensive Revitalizing Essence"}]},{"@type":"WebSite","@id":"https:\/\/idakorea.ee\/#website","url":"https:\/\/idakorea.ee\/","name":"IDA.KOREA","description":"Korean kosmetiikan verkkokauppa","publisher":{"@id":"https:\/\/idakorea.ee\/#organization"},"alternateName":"Beauty Shop","potentialAction":[{"@type":"SearchAction","target":{"@type":"EntryPoint","urlTemplate":"https:\/\/idakorea.ee\/?s={search_term_string}"},"query-input":{"@type":"PropertyValueSpecification","valueRequired":true,"valueName":"search_term_string"}}],"inLanguage":"fi"},{"@type":"Organization","@id":"https:\/\/idakorea.ee\/#organization","name":"IDA.KOREA","url":"https:\/\/idakorea.ee\/","logo":{"@type":"ImageObject","inLanguage":"fi","@id":"https:\/\/idakorea.ee\/#\/schema\/logo\/image\/","url":"https:\/\/idakorea.ee\/wp-content\/uploads\/2024\/05\/cropped-korea3.png","contentUrl":"https:\/\/idakorea.ee\/wp-content\/uploads\/2024\/05\/cropped-korea3.png","width":688,"height":126,"caption":"IDA.KOREA"},"image":{"@id":"https:\/\/idakorea.ee\/#\/schema\/logo\/image\/"},"sameAs":["https:\/\/www.instagram.com\/ida.korea\/"]}]}},"jetpack_sharing_enabled":true,"brands":[{"id":494,"name":"WHOON HISTORIA","slug":"the-history-of-whoo"}],"_links":{"self":[{"href":"https:\/\/idakorea.ee\/fi\/wp-json\/wp\/v2\/product\/10802","targetHints":{"allow":["GET"]}}],"collection":[{"href":"https:\/\/idakorea.ee\/fi\/wp-json\/wp\/v2\/product"}],"about":[{"href":"https:\/\/idakorea.ee\/fi\/wp-json\/wp\/v2\/types\/product"}],"replies":[{"embeddable":true,"href":"https:\/\/idakorea.ee\/fi\/wp-json\/wp\/v2\/comments?post=10802"}],"version-history":[{"count":2,"href":"https:\/\/idakorea.ee\/fi\/wp-json\/wp\/v2\/product\/10802\/revisions"}],"predecessor-version":[{"id":10810,"href":"https:\/\/idakorea.ee\/fi\/wp-json\/wp\/v2\/product\/10802\/revisions\/10810"}],"wp:featuredmedia":[{"embeddable":true,"href":"https:\/\/idakorea.ee\/fi\/wp-json\/wp\/v2\/media\/10803"}],"wp:attachment":[{"href":"https:\/\/idakorea.ee\/fi\/wp-json\/wp\/v2\/media?parent=10802"}],"wp:term":[{"taxonomy":"pwb-brand","embeddable":true,"href":"https:\/\/idakorea.ee\/fi\/wp-json\/wp\/v2\/pwb-brand?post=10802"},{"taxonomy":"product_brand","embeddable":true,"href":"https:\/\/idakorea.ee\/fi\/wp-json\/wp\/v2\/product_brand?post=10802"},{"taxonomy":"product_cat","embeddable":true,"href":"https:\/\/idakorea.ee\/fi\/wp-json\/wp\/v2\/product_cat?post=10802"},{"taxonomy":"product_tag","embeddable":true,"href":"https:\/\/idakorea.ee\/fi\/wp-json\/wp\/v2\/product_tag?post=10802"}],"curies":[{"name":"wp","href":"https:\/\/api.w.org\/{rel}","templated":true}]}}