{"id":10854,"date":"2024-10-13T15:53:40","date_gmt":"2024-10-13T12:53:40","guid":{"rendered":"https:\/\/idakorea.ee\/?post_type=product&#038;p=10854"},"modified":"2026-04-08T13:06:27","modified_gmt":"2026-04-08T11:06:27","slug":"the-history-of-whoo-jinyulhyang-intensive-wrinkle-concentrate","status":"publish","type":"product","link":"https:\/\/idakorea.ee\/fi\/product\/the-history-of-whoo-jinyulhyang-intensive-wrinkle-concentrate\/","title":{"rendered":"Cream filler Whoo Jinyulhyang Intensive Wrinkle Concentrate -valmisteen historiaa"},"content":{"rendered":"<p><strong>Jinyulhyang Intensive Wrinkle Concentrate (intensiivinen ryppykeskittym\u00e4)<\/strong> on paras ratkaisu kosteuden menetyksen aiheuttamiin syviin ryppyihin. Konsentraatti on muotoiltu ligusticum chuanxiongilla, joka parantaa Qi:t\u00e4 (verenkiertoa) ja auttaa tehokkaasti v\u00e4hent\u00e4m\u00e4\u00e4n kasvojen juonteita, joita esiintyy usein kulmakarvojen v\u00e4liss\u00e4, silmien ymp\u00e4rill\u00e4, poskilla ja suun kulmissa.<\/p>\n<p>Tiivistetty ryppyj\u00e4 ehk\u00e4isev\u00e4 uute silm\u00e4nymp\u00e4rysihon ja nen\u00e4nymp\u00e4rysihon hoitoon. Intensiivinen t\u00e4yteaine, joka silottaa ryppyj\u00e4. Sis\u00e4lt\u00e4\u00e4 punaista ginsengi\u00e4, joka parantaa ihon verenkiertoa, lis\u00e4\u00e4 kimmoisuutta, kiinteytt\u00e4\u00e4 ihon pintaa ja tekee ryppyist\u00e4 v\u00e4hemm\u00e4n n\u00e4kyvi\u00e4. Eteesi imeytyy hyvin, kiinteytt\u00e4\u00e4 heikentynytt\u00e4 ihoa ja sit\u00e4 suositellaan k\u00e4ytett\u00e4v\u00e4ksi 40 ik\u00e4vuoden j\u00e4lkeen.<\/p>\n<p><strong>K\u00e4ytt\u00f6<\/strong>: K\u00e4yt\u00e4 ihonhoidon loppuvaiheessa. Levit\u00e4 silm\u00e4nymp\u00e4rysiholle ja nen\u00e4nymp\u00e4rysiholle. On suositeltavaa levitt\u00e4\u00e4 tarkemmin k\u00e4ytt\u00e4en hell\u00e4varaisia taputtelevia liikkeit\u00e4 imeytymisen parantamiseksi.<\/p>","protected":false},"excerpt":{"rendered":"<p>Jinyulhyang Intensive Wrinkle Concentrate on paras ratkaisu syviin ryppyihin, jotka johtuvat kosteuden menetyksest\u00e4. Tiivisteen koostumus sis\u00e4lt\u00e4\u00e4 ligusticum chuanxiongi -kasvirohdosta, joka parantaa Qi:t\u00e4 (verenkiertoa) ja auttaa tehokkaasti v\u00e4hent\u00e4m\u00e4\u00e4n kasvojen juonteita, joita esiintyy usein kulmakarvojen v\u00e4liss\u00e4, silmien ymp\u00e4rill\u00e4, poskilla ja suun kulmissa. Tiivistetty ryppyj\u00e4 ehk\u00e4isev\u00e4 uute silm\u00e4nymp\u00e4rysihon ja nasolabiaalialueen hoitoon. Intensiivinen t\u00e4yteaine, joka silottaa ryppyj\u00e4. Sis\u00e4lt\u00e4\u00e4 punaista ginsengi\u00e4, joka...<\/p>","protected":false},"featured_media":10855,"comment_status":"open","ping_status":"closed","template":"","meta":{"_uf_show_specific_survey":0,"_uf_disable_surveys":false,"_bst_post_transparent":"default","_bst_post_title":"","_bst_post_layout":"default","_bst_post_sidebar_id":"","_bst_post_content_style":"default","_bst_post_vertical_padding":"default","_bst_post_feature":"","_bst_post_feature_position":"","_bst_post_header":false,"_bst_post_footer":false},"pwb-brand":[494],"product_brand":[],"product_cat":[92,99,201],"product_tag":[554,466,555,640],"class_list":{"0":"post-10854","1":"product","2":"type-product","3":"status-publish","4":"has-post-thumbnail","6":"pwb-brand-the-history-of-whoo","7":"product_cat-nagu","8":"product_cat-silmad-ja-huuled-2","9":"product_cat-silmakreem","10":"product_tag-lux","11":"product_tag-premium","12":"product_tag-the-history-of-whoo","13":"product_tag-wrinkle","15":"first","16":"instock","17":"sale","18":"shipping-taxable","19":"purchasable","20":"product-type-variable","21":"entry","22":"content-bg","23":"loop-entry"},"supplier_id":null,"supplier_sku":"","barcode":null,"atum_controlled":true,"out_stock_date":null,"out_stock_threshold":null,"inheritable":true,"inbound_stock":0,"stock_on_hold":0,"sold_today":0,"sales_last_days":15,"out_stock_days":0,"lost_sales":0,"has_location":false,"update_date":"2026-04-14T00:05:12","atum_locations":[],"atum_stock_status":"instock","restock_status":false,"low_stock_amount":"","sales_update_date":"2026-04-14T00:05:12","calc_backorders":null,"yoast_head":"<!-- This site is optimized with the Yoast SEO plugin v27.2 - https:\/\/yoast.com\/product\/yoast-seo-wordpress\/ -->\n<title>The History of Whoo Jinyulhyang Intensive Wrinkle Concentrate - IDA.KOREA<\/title>\n<meta name=\"description\" content=\"Kontsentreeritud kortsudevastane essents silmade \u00fcmbruse ja nasolabiaalse piirkonna hoolduseks. Intensiivne t\u00e4iteaine, mis silub kortse. Kiire tarne!\" \/>\n<meta name=\"robots\" content=\"index, follow, max-snippet:-1, max-image-preview:large, max-video-preview:-1\" \/>\n<link rel=\"canonical\" href=\"https:\/\/idakorea.ee\/fi\/product\/the-history-of-whoo-jinyulhyang-intensive-wrinkle-concentrate\/\" \/>\n<meta property=\"og:locale\" content=\"fi_FI\" \/>\n<meta property=\"og:type\" content=\"article\" \/>\n<meta property=\"og:title\" content=\"The History of Whoo Jinyulhyang Intensive Wrinkle Concentrate - IDA.KOREA\" \/>\n<meta property=\"og:description\" content=\"Kontsentreeritud kortsudevastane essents silmade \u00fcmbruse ja nasolabiaalse piirkonna hoolduseks. Intensiivne t\u00e4iteaine, mis silub kortse. Kiire tarne!\" \/>\n<meta property=\"og:url\" content=\"https:\/\/idakorea.ee\/fi\/product\/the-history-of-whoo-jinyulhyang-intensive-wrinkle-concentrate\/\" \/>\n<meta property=\"og:site_name\" content=\"IDA.KOREA\" \/>\n<meta property=\"article:modified_time\" content=\"2026-04-08T11:06:27+00:00\" \/>\n<meta property=\"og:image\" content=\"https:\/\/idakorea.ee\/wp-content\/uploads\/2024\/10\/intensive-wrinkle-concentrate.jpg\" \/>\n\t<meta property=\"og:image:width\" content=\"1000\" \/>\n\t<meta property=\"og:image:height\" content=\"1000\" \/>\n\t<meta property=\"og:image:type\" content=\"image\/jpeg\" \/>\n<meta name=\"twitter:card\" content=\"summary_large_image\" \/>\n<meta name=\"twitter:label1\" content=\"Arvioitu lukuaika\" \/>\n\t<meta name=\"twitter:data1\" content=\"1 minuutti\" \/>\n<script type=\"application\/ld+json\" class=\"yoast-schema-graph\">{\"@context\":\"https:\/\/schema.org\",\"@graph\":[{\"@type\":\"WebPage\",\"@id\":\"https:\/\/idakorea.ee\/product\/the-history-of-whoo-jinyulhyang-intensive-wrinkle-concentrate\/\",\"url\":\"https:\/\/idakorea.ee\/product\/the-history-of-whoo-jinyulhyang-intensive-wrinkle-concentrate\/\",\"name\":\"The History of Whoo Jinyulhyang Intensive Wrinkle Concentrate - IDA.KOREA\",\"isPartOf\":{\"@id\":\"https:\/\/idakorea.ee\/#website\"},\"primaryImageOfPage\":{\"@id\":\"https:\/\/idakorea.ee\/product\/the-history-of-whoo-jinyulhyang-intensive-wrinkle-concentrate\/#primaryimage\"},\"image\":{\"@id\":\"https:\/\/idakorea.ee\/product\/the-history-of-whoo-jinyulhyang-intensive-wrinkle-concentrate\/#primaryimage\"},\"thumbnailUrl\":\"https:\/\/idakorea.ee\/wp-content\/uploads\/2024\/10\/intensive-wrinkle-concentrate.jpg\",\"datePublished\":\"2024-10-13T12:53:40+00:00\",\"dateModified\":\"2026-04-08T11:06:27+00:00\",\"description\":\"Kontsentreeritud kortsudevastane essents silmade \u00fcmbruse ja nasolabiaalse piirkonna hoolduseks. Intensiivne t\u00e4iteaine, mis silub kortse. Kiire tarne!\",\"breadcrumb\":{\"@id\":\"https:\/\/idakorea.ee\/product\/the-history-of-whoo-jinyulhyang-intensive-wrinkle-concentrate\/#breadcrumb\"},\"inLanguage\":\"fi\",\"potentialAction\":[{\"@type\":\"ReadAction\",\"target\":[\"https:\/\/idakorea.ee\/product\/the-history-of-whoo-jinyulhyang-intensive-wrinkle-concentrate\/\"]}]},{\"@type\":\"ImageObject\",\"inLanguage\":\"fi\",\"@id\":\"https:\/\/idakorea.ee\/product\/the-history-of-whoo-jinyulhyang-intensive-wrinkle-concentrate\/#primaryimage\",\"url\":\"https:\/\/idakorea.ee\/wp-content\/uploads\/2024\/10\/intensive-wrinkle-concentrate.jpg\",\"contentUrl\":\"https:\/\/idakorea.ee\/wp-content\/uploads\/2024\/10\/intensive-wrinkle-concentrate.jpg\",\"width\":1000,\"height\":1000,\"caption\":\"the history of whoo intensive-wrinkle-concentrate\"},{\"@type\":\"BreadcrumbList\",\"@id\":\"https:\/\/idakorea.ee\/product\/the-history-of-whoo-jinyulhyang-intensive-wrinkle-concentrate\/#breadcrumb\",\"itemListElement\":[{\"@type\":\"ListItem\",\"position\":1,\"name\":\"\u0413\u043b\u0430\u0432\u043d\u0430\u044f \u0441\u0442\u0440\u0430\u043d\u0438\u0446\u0430\",\"item\":\"https:\/\/idakorea.ee\/\"},{\"@type\":\"ListItem\",\"position\":2,\"name\":\"Shop\",\"item\":\"https:\/\/idakorea.ee\/shop-2\/\"},{\"@type\":\"ListItem\",\"position\":3,\"name\":\"Kreem-filler The History of Whoo Jinyulhyang Intensive Wrinkle Concentrate\"}]},{\"@type\":\"WebSite\",\"@id\":\"https:\/\/idakorea.ee\/#website\",\"url\":\"https:\/\/idakorea.ee\/\",\"name\":\"IDA.KOREA\",\"description\":\"Korea kosmeetika e-pood\",\"publisher\":{\"@id\":\"https:\/\/idakorea.ee\/#organization\"},\"alternateName\":\"Beauty Shop\",\"potentialAction\":[{\"@type\":\"SearchAction\",\"target\":{\"@type\":\"EntryPoint\",\"urlTemplate\":\"https:\/\/idakorea.ee\/?s={search_term_string}\"},\"query-input\":{\"@type\":\"PropertyValueSpecification\",\"valueRequired\":true,\"valueName\":\"search_term_string\"}}],\"inLanguage\":\"fi\"},{\"@type\":\"Organization\",\"@id\":\"https:\/\/idakorea.ee\/#organization\",\"name\":\"IDA.KOREA\",\"url\":\"https:\/\/idakorea.ee\/\",\"logo\":{\"@type\":\"ImageObject\",\"inLanguage\":\"fi\",\"@id\":\"https:\/\/idakorea.ee\/#\/schema\/logo\/image\/\",\"url\":\"https:\/\/idakorea.ee\/wp-content\/uploads\/2024\/05\/cropped-korea3.png\",\"contentUrl\":\"https:\/\/idakorea.ee\/wp-content\/uploads\/2024\/05\/cropped-korea3.png\",\"width\":688,\"height\":126,\"caption\":\"IDA.KOREA\"},\"image\":{\"@id\":\"https:\/\/idakorea.ee\/#\/schema\/logo\/image\/\"},\"sameAs\":[\"https:\/\/www.instagram.com\/ida.korea\/\"]}]}<\/script>\n<!-- \/ Yoast SEO plugin. -->","yoast_head_json":{"title":"Whoo Jinyulhyang Intensive Wrinkle Concentrate -voiteen historia - IDA.KOREA","description":"Tiivistetty ryppyj\u00e4 ehk\u00e4isev\u00e4 voide silm\u00e4nymp\u00e4rysiholle ja nen\u00e4n ja huulien poimuille. Tehokas t\u00e4yteaine, joka silottaa ryppyj\u00e4. Nopea toimitus!","robots":{"index":"index","follow":"follow","max-snippet":"max-snippet:-1","max-image-preview":"max-image-preview:large","max-video-preview":"max-video-preview:-1"},"canonical":"https:\/\/idakorea.ee\/fi\/product\/the-history-of-whoo-jinyulhyang-intensive-wrinkle-concentrate\/","og_locale":"fi_FI","og_type":"article","og_title":"The History of Whoo Jinyulhyang Intensive Wrinkle Concentrate - IDA.KOREA","og_description":"Kontsentreeritud kortsudevastane essents silmade \u00fcmbruse ja nasolabiaalse piirkonna hoolduseks. Intensiivne t\u00e4iteaine, mis silub kortse. Kiire tarne!","og_url":"https:\/\/idakorea.ee\/fi\/product\/the-history-of-whoo-jinyulhyang-intensive-wrinkle-concentrate\/","og_site_name":"IDA.KOREA","article_modified_time":"2026-04-08T11:06:27+00:00","og_image":[{"width":1000,"height":1000,"url":"https:\/\/idakorea.ee\/wp-content\/uploads\/2024\/10\/intensive-wrinkle-concentrate.jpg","type":"image\/jpeg"}],"twitter_card":"summary_large_image","twitter_misc":{"Arvioitu lukuaika":"1 minuutti"},"schema":{"@context":"https:\/\/schema.org","@graph":[{"@type":"WebPage","@id":"https:\/\/idakorea.ee\/product\/the-history-of-whoo-jinyulhyang-intensive-wrinkle-concentrate\/","url":"https:\/\/idakorea.ee\/product\/the-history-of-whoo-jinyulhyang-intensive-wrinkle-concentrate\/","name":"Whoo Jinyulhyang Intensive Wrinkle Concentrate -voiteen historia - IDA.KOREA","isPartOf":{"@id":"https:\/\/idakorea.ee\/#website"},"primaryImageOfPage":{"@id":"https:\/\/idakorea.ee\/product\/the-history-of-whoo-jinyulhyang-intensive-wrinkle-concentrate\/#primaryimage"},"image":{"@id":"https:\/\/idakorea.ee\/product\/the-history-of-whoo-jinyulhyang-intensive-wrinkle-concentrate\/#primaryimage"},"thumbnailUrl":"https:\/\/idakorea.ee\/wp-content\/uploads\/2024\/10\/intensive-wrinkle-concentrate.jpg","datePublished":"2024-10-13T12:53:40+00:00","dateModified":"2026-04-08T11:06:27+00:00","description":"Tiivistetty ryppyj\u00e4 ehk\u00e4isev\u00e4 voide silm\u00e4nymp\u00e4rysiholle ja nen\u00e4n ja huulien poimuille. Tehokas t\u00e4yteaine, joka silottaa ryppyj\u00e4. Nopea toimitus!","breadcrumb":{"@id":"https:\/\/idakorea.ee\/product\/the-history-of-whoo-jinyulhyang-intensive-wrinkle-concentrate\/#breadcrumb"},"inLanguage":"fi","potentialAction":[{"@type":"ReadAction","target":["https:\/\/idakorea.ee\/product\/the-history-of-whoo-jinyulhyang-intensive-wrinkle-concentrate\/"]}]},{"@type":"ImageObject","inLanguage":"fi","@id":"https:\/\/idakorea.ee\/product\/the-history-of-whoo-jinyulhyang-intensive-wrinkle-concentrate\/#primaryimage","url":"https:\/\/idakorea.ee\/wp-content\/uploads\/2024\/10\/intensive-wrinkle-concentrate.jpg","contentUrl":"https:\/\/idakorea.ee\/wp-content\/uploads\/2024\/10\/intensive-wrinkle-concentrate.jpg","width":1000,"height":1000,"caption":"the history of whoo intensive-wrinkle-concentrate"},{"@type":"BreadcrumbList","@id":"https:\/\/idakorea.ee\/product\/the-history-of-whoo-jinyulhyang-intensive-wrinkle-concentrate\/#breadcrumb","itemListElement":[{"@type":"ListItem","position":1,"name":"\u0413\u043b\u0430\u0432\u043d\u0430\u044f \u0441\u0442\u0440\u0430\u043d\u0438\u0446\u0430","item":"https:\/\/idakorea.ee\/"},{"@type":"ListItem","position":2,"name":"Shop","item":"https:\/\/idakorea.ee\/shop-2\/"},{"@type":"ListItem","position":3,"name":"Kreem-filler The History of Whoo Jinyulhyang Intensive Wrinkle Concentrate"}]},{"@type":"WebSite","@id":"https:\/\/idakorea.ee\/#website","url":"https:\/\/idakorea.ee\/","name":"IDA.KOREA","description":"Korean kosmetiikan verkkokauppa","publisher":{"@id":"https:\/\/idakorea.ee\/#organization"},"alternateName":"Beauty Shop","potentialAction":[{"@type":"SearchAction","target":{"@type":"EntryPoint","urlTemplate":"https:\/\/idakorea.ee\/?s={search_term_string}"},"query-input":{"@type":"PropertyValueSpecification","valueRequired":true,"valueName":"search_term_string"}}],"inLanguage":"fi"},{"@type":"Organization","@id":"https:\/\/idakorea.ee\/#organization","name":"IDA.KOREA","url":"https:\/\/idakorea.ee\/","logo":{"@type":"ImageObject","inLanguage":"fi","@id":"https:\/\/idakorea.ee\/#\/schema\/logo\/image\/","url":"https:\/\/idakorea.ee\/wp-content\/uploads\/2024\/05\/cropped-korea3.png","contentUrl":"https:\/\/idakorea.ee\/wp-content\/uploads\/2024\/05\/cropped-korea3.png","width":688,"height":126,"caption":"IDA.KOREA"},"image":{"@id":"https:\/\/idakorea.ee\/#\/schema\/logo\/image\/"},"sameAs":["https:\/\/www.instagram.com\/ida.korea\/"]}]}},"jetpack_sharing_enabled":true,"brands":[{"id":494,"name":"WHOON HISTORIA","slug":"the-history-of-whoo"}],"_links":{"self":[{"href":"https:\/\/idakorea.ee\/fi\/wp-json\/wp\/v2\/product\/10854","targetHints":{"allow":["GET"]}}],"collection":[{"href":"https:\/\/idakorea.ee\/fi\/wp-json\/wp\/v2\/product"}],"about":[{"href":"https:\/\/idakorea.ee\/fi\/wp-json\/wp\/v2\/types\/product"}],"replies":[{"embeddable":true,"href":"https:\/\/idakorea.ee\/fi\/wp-json\/wp\/v2\/comments?post=10854"}],"version-history":[{"count":1,"href":"https:\/\/idakorea.ee\/fi\/wp-json\/wp\/v2\/product\/10854\/revisions"}],"predecessor-version":[{"id":10861,"href":"https:\/\/idakorea.ee\/fi\/wp-json\/wp\/v2\/product\/10854\/revisions\/10861"}],"wp:featuredmedia":[{"embeddable":true,"href":"https:\/\/idakorea.ee\/fi\/wp-json\/wp\/v2\/media\/10855"}],"wp:attachment":[{"href":"https:\/\/idakorea.ee\/fi\/wp-json\/wp\/v2\/media?parent=10854"}],"wp:term":[{"taxonomy":"pwb-brand","embeddable":true,"href":"https:\/\/idakorea.ee\/fi\/wp-json\/wp\/v2\/pwb-brand?post=10854"},{"taxonomy":"product_brand","embeddable":true,"href":"https:\/\/idakorea.ee\/fi\/wp-json\/wp\/v2\/product_brand?post=10854"},{"taxonomy":"product_cat","embeddable":true,"href":"https:\/\/idakorea.ee\/fi\/wp-json\/wp\/v2\/product_cat?post=10854"},{"taxonomy":"product_tag","embeddable":true,"href":"https:\/\/idakorea.ee\/fi\/wp-json\/wp\/v2\/product_tag?post=10854"}],"curies":[{"name":"wp","href":"https:\/\/api.w.org\/{rel}","templated":true}]}}