{"id":10867,"date":"2024-10-14T09:47:28","date_gmt":"2024-10-14T06:47:28","guid":{"rendered":"https:\/\/idakorea.ee\/?post_type=product&#038;p=10867"},"modified":"2026-03-28T11:22:05","modified_gmt":"2026-03-28T09:22:05","slug":"booster-seerum-mikronoeltega-vt-cosmetics-collagen-reedle-shot-s50","status":"publish","type":"product","link":"https:\/\/idakorea.ee\/fi\/product\/booster-seerum-mikronoeltega-vt-cosmetics-collagen-reedle-shot-s50\/","title":{"rendered":"Booster-seerumi mikroneuloilla VT Cosmetics Collagen Reedle Shot S50"},"content":{"rendered":"<p><strong>VT Cosmetics Kollageeni Reedle Shot S50<\/strong> Booster-seerumi lis\u00e4\u00e4 ihon kimmoisuutta ja kiinteytt\u00e4, v\u00e4hent\u00e4\u00e4 ryppyj\u00e4 ja supistaa laajentuneita ihohuokosia.<\/p>\n<p>Tuote hidastaa ensimm\u00e4isi\u00e4 ik\u00e4\u00e4ntymisen merkkej\u00e4 ja antaa iholle terveen hehkun. Tasoittaa ihon rakennetta, tekee siit\u00e4 kiinte\u00e4mm\u00e4n ja tasaisemman. Ravitseva koostumus kosteuttaa ihoa heti levityksen j\u00e4lkeen.<\/p>\n<p>Vaikuttavat ainesosat tunkeutuvat syv\u00e4lle ihoon erityisen koostumuksen ansiosta. <strong>CicaReedle\u2122-teknologia<\/strong>, joka koostuu mikroneuloista, joissa on mineraalikuori. Ne eiv\u00e4t ainoastaan kuljeta aktiivisia ainesosia vaan my\u00f6s stimuloivat solujen uudistumista.<\/p>\n<h3>T\u00e4rkeimm\u00e4t vaikuttavat aineet:<\/h3>\n<ul>\n<li><strong>Kollaasit<\/strong> pehment\u00e4\u00e4 ihoa, parantaa sen mikrorakennetta, antaa pitk\u00e4kestoista kosteutusta ja auttaa silottamaan ryppyj\u00e4. VT Cosmeticsin kollageenin molekyylipaino on matala, 500 Da, mik\u00e4 mahdollistaa syvemm\u00e4n imeytymisen.<\/li>\n<li><strong>Aasia centella complex<\/strong> v\u00e4hent\u00e4\u00e4 herkkyytt\u00e4, vahvistaa verisuonia ja ehk\u00e4isee couperoosia. Lievitt\u00e4\u00e4 punoitusta ja \u00e4rsytyst\u00e4, edist\u00e4\u00e4 ihoesteen uusiutumista.<\/li>\n<li><strong>Maidon proteiinit<\/strong> Tasoittaa ihon rakennetta, ravitsee ja rikastuttaa aminohapoilla, antaa iholle sis\u00e4ist\u00e4 hehkua ja torjuu ihon kuivumista.<\/li>\n<li><strong>Adenos<\/strong> on ik\u00e4\u00e4ntymist\u00e4 ehk\u00e4isev\u00e4 ainesosa, joka stimuloi kollageenin tuotantoa, takaa ihon kiinteyden ja v\u00e4hent\u00e4\u00e4 ryppyj\u00e4.<\/li>\n<li><strong>Niasiiniamidi (B3-vitamiini)<\/strong> s\u00e4\u00e4telee \u00f6ljyntuotantoa, poistaa rasvaisen kiillon, kirkastaa ja ehk\u00e4isee pigmentaatiota sek\u00e4 stimuloi kollageenin tuotantoa, parantaa ihon kimmoisuutta ja kiinteytt\u00e4.<\/li>\n<li><strong>Macadamia\u00f6ljy<\/strong> ravitsee, antaa vitamiineja ja rasvahappoja, hoitaa ja imeytyy t\u00e4ydellisesti.<\/li>\n<li><strong>Natriumhyaluronaatti<\/strong> - pienimolekyylipainoinen hyaluronihappo. Tunkeutuu syv\u00e4lle sarveiskerrokseen, kosteuttaa intensiivisesti, parantaa kimmoisuutta ja tasoittaa koostumusta.<\/li>\n<li><strong>Tokoferoli (E-vitamiini)<\/strong> suojaa soluja vapaiden radikaalien aiheuttamilta vaurioilta, ehk\u00e4isee ryppyj\u00e4 ja tukee ihon kiinteytt\u00e4 ja sileytt\u00e4.<\/li>\n<\/ul>\n<p>Sopii kaikille ihotyypeille.<\/p>\n<p><strong>K\u00e4ytt\u00f6:<\/strong> Levit\u00e4 tarvittava m\u00e4\u00e4r\u00e4 tuotetta aiemmin puhdistetulle iholle, levit\u00e4 tasaisesti sormilla ja anna imeyty\u00e4 kokonaan. K\u00e4yt\u00e4 sen j\u00e4lkeen kasvovett\u00e4 ja kosteusvoidetta.<\/p>\n<p><strong>Huomio!<\/strong> Booster-seerumi saattaa aiheuttaa liev\u00e4\u00e4 pistely\u00e4 levityksen j\u00e4lkeen. Sit\u00e4 ei suositella k\u00e4ytett\u00e4v\u00e4ksi sarveiskerrosta vahingoittavien dermatologisten toimenpiteiden, kuten kuorinnan, ihohionnan tai injektioiden j\u00e4lkeen.<\/p>","protected":false},"excerpt":{"rendered":"<p>VT Cosmetics Collagen Reedle Shot S50 Booster Serum lis\u00e4\u00e4 ihon kimmoisuutta ja kiinteytt\u00e4, v\u00e4hent\u00e4\u00e4 ryppyj\u00e4 ja supistaa laajentuneita ihohuokosia. Tuote hidastaa ensimm\u00e4isi\u00e4 ik\u00e4\u00e4ntymisen merkkej\u00e4 ja antaa iholle terveen hehkun. Tasoittaa ihon rakennetta tehden siit\u00e4 kiinte\u00e4mm\u00e4n ja tasaisemman. Ravitseva koostumus kosteuttaa ihoa heti levityksen j\u00e4lkeen. Vaikuttavat aineet tunkeutuvat syv\u00e4lle epidermikseen mikroneuloista koostuvan erityisen CicaReedle\u2122-teknologian ansiosta.....<\/p>","protected":false},"featured_media":10869,"comment_status":"open","ping_status":"closed","template":"","meta":{"_uf_show_specific_survey":0,"_uf_disable_surveys":false,"_bst_post_transparent":"default","_bst_post_title":"","_bst_post_layout":"default","_bst_post_sidebar_id":"","_bst_post_content_style":"default","_bst_post_vertical_padding":"default","_bst_post_feature":"","_bst_post_feature_position":"","_bst_post_header":false,"_bst_post_footer":false},"pwb-brand":[493],"product_brand":[],"product_cat":[92,97],"product_tag":[641,626],"class_list":{"0":"post-10867","1":"product","2":"type-product","3":"status-publish","4":"has-post-thumbnail","6":"pwb-brand-vt","7":"product_cat-nagu","8":"product_cat-naoseerumid-ja-olid","9":"product_tag-reedle-shot","10":"product_tag-vt-cosmetics","12":"first","13":"instock","14":"sale","15":"shipping-taxable","16":"purchasable","17":"product-type-variable","18":"has-default-attributes","19":"entry","20":"content-bg","21":"loop-entry"},"supplier_id":null,"supplier_sku":"","barcode":null,"atum_controlled":true,"out_stock_date":null,"out_stock_threshold":null,"inheritable":true,"inbound_stock":0,"stock_on_hold":0,"sold_today":0,"sales_last_days":1,"out_stock_days":0,"lost_sales":0,"has_location":false,"update_date":"2026-04-15T00:05:16","atum_locations":[],"atum_stock_status":"instock","restock_status":false,"low_stock_amount":"","sales_update_date":"2026-04-15T00:05:16","calc_backorders":null,"yoast_head":"<!-- This site is optimized with the Yoast SEO plugin v27.2 - https:\/\/yoast.com\/product\/yoast-seo-wordpress\/ -->\n<title>VT Cosmetics Collagen Reedle Shot S50 - IDA.KOREA<\/title>\n<meta name=\"description\" content=\"VT Cosmetics Collagen Reedle Shot S50 Booster-seerum suurendab naha elastsust ja tugevust, v\u00e4hendab kortsude n\u00e4htavust ja ahendab laienenud poore.\" \/>\n<meta name=\"robots\" content=\"index, follow, max-snippet:-1, max-image-preview:large, max-video-preview:-1\" \/>\n<link rel=\"canonical\" href=\"https:\/\/idakorea.ee\/fi\/product\/booster-seerum-mikronoeltega-vt-cosmetics-collagen-reedle-shot-s50\/\" \/>\n<meta property=\"og:locale\" content=\"fi_FI\" \/>\n<meta property=\"og:type\" content=\"article\" \/>\n<meta property=\"og:title\" content=\"VT Cosmetics Collagen Reedle Shot S50 - IDA.KOREA\" \/>\n<meta property=\"og:description\" content=\"VT Cosmetics Collagen Reedle Shot S50 Booster-seerum suurendab naha elastsust ja tugevust, v\u00e4hendab kortsude n\u00e4htavust ja ahendab laienenud poore.\" \/>\n<meta property=\"og:url\" content=\"https:\/\/idakorea.ee\/fi\/product\/booster-seerum-mikronoeltega-vt-cosmetics-collagen-reedle-shot-s50\/\" \/>\n<meta property=\"og:site_name\" content=\"IDA.KOREA\" \/>\n<meta property=\"article:modified_time\" content=\"2026-03-28T09:22:05+00:00\" \/>\n<meta property=\"og:image\" content=\"https:\/\/idakorea.ee\/wp-content\/uploads\/2024\/10\/s50.jpg\" \/>\n\t<meta property=\"og:image:width\" content=\"800\" \/>\n\t<meta property=\"og:image:height\" content=\"800\" \/>\n\t<meta property=\"og:image:type\" content=\"image\/jpeg\" \/>\n<meta name=\"twitter:card\" content=\"summary_large_image\" \/>\n<meta name=\"twitter:label1\" content=\"Arvioitu lukuaika\" \/>\n\t<meta name=\"twitter:data1\" content=\"2 minuuttia\" \/>\n<script type=\"application\/ld+json\" class=\"yoast-schema-graph\">{\"@context\":\"https:\/\/schema.org\",\"@graph\":[{\"@type\":\"WebPage\",\"@id\":\"https:\/\/idakorea.ee\/product\/booster-seerum-mikronoeltega-vt-cosmetics-collagen-reedle-shot-s50\/\",\"url\":\"https:\/\/idakorea.ee\/product\/booster-seerum-mikronoeltega-vt-cosmetics-collagen-reedle-shot-s50\/\",\"name\":\"VT Cosmetics Collagen Reedle Shot S50 - IDA.KOREA\",\"isPartOf\":{\"@id\":\"https:\/\/idakorea.ee\/#website\"},\"primaryImageOfPage\":{\"@id\":\"https:\/\/idakorea.ee\/product\/booster-seerum-mikronoeltega-vt-cosmetics-collagen-reedle-shot-s50\/#primaryimage\"},\"image\":{\"@id\":\"https:\/\/idakorea.ee\/product\/booster-seerum-mikronoeltega-vt-cosmetics-collagen-reedle-shot-s50\/#primaryimage\"},\"thumbnailUrl\":\"https:\/\/idakorea.ee\/wp-content\/uploads\/2024\/10\/s50.jpg\",\"datePublished\":\"2024-10-14T06:47:28+00:00\",\"dateModified\":\"2026-03-28T09:22:05+00:00\",\"description\":\"VT Cosmetics Collagen Reedle Shot S50 Booster-seerum suurendab naha elastsust ja tugevust, v\u00e4hendab kortsude n\u00e4htavust ja ahendab laienenud poore.\",\"breadcrumb\":{\"@id\":\"https:\/\/idakorea.ee\/product\/booster-seerum-mikronoeltega-vt-cosmetics-collagen-reedle-shot-s50\/#breadcrumb\"},\"inLanguage\":\"fi\",\"potentialAction\":[{\"@type\":\"ReadAction\",\"target\":[\"https:\/\/idakorea.ee\/product\/booster-seerum-mikronoeltega-vt-cosmetics-collagen-reedle-shot-s50\/\"]}]},{\"@type\":\"ImageObject\",\"inLanguage\":\"fi\",\"@id\":\"https:\/\/idakorea.ee\/product\/booster-seerum-mikronoeltega-vt-cosmetics-collagen-reedle-shot-s50\/#primaryimage\",\"url\":\"https:\/\/idakorea.ee\/wp-content\/uploads\/2024\/10\/s50.jpg\",\"contentUrl\":\"https:\/\/idakorea.ee\/wp-content\/uploads\/2024\/10\/s50.jpg\",\"width\":800,\"height\":800,\"caption\":\"vt cosmetics reedle shot\"},{\"@type\":\"BreadcrumbList\",\"@id\":\"https:\/\/idakorea.ee\/product\/booster-seerum-mikronoeltega-vt-cosmetics-collagen-reedle-shot-s50\/#breadcrumb\",\"itemListElement\":[{\"@type\":\"ListItem\",\"position\":1,\"name\":\"\u0413\u043b\u0430\u0432\u043d\u0430\u044f \u0441\u0442\u0440\u0430\u043d\u0438\u0446\u0430\",\"item\":\"https:\/\/idakorea.ee\/\"},{\"@type\":\"ListItem\",\"position\":2,\"name\":\"Shop\",\"item\":\"https:\/\/idakorea.ee\/shop-2\/\"},{\"@type\":\"ListItem\",\"position\":3,\"name\":\"Booster-seerum mikron\u00f5eltega VT Cosmetics Collagen Reedle Shot S50\"}]},{\"@type\":\"WebSite\",\"@id\":\"https:\/\/idakorea.ee\/#website\",\"url\":\"https:\/\/idakorea.ee\/\",\"name\":\"IDA.KOREA\",\"description\":\"Korea kosmeetika e-pood\",\"publisher\":{\"@id\":\"https:\/\/idakorea.ee\/#organization\"},\"alternateName\":\"Beauty Shop\",\"potentialAction\":[{\"@type\":\"SearchAction\",\"target\":{\"@type\":\"EntryPoint\",\"urlTemplate\":\"https:\/\/idakorea.ee\/?s={search_term_string}\"},\"query-input\":{\"@type\":\"PropertyValueSpecification\",\"valueRequired\":true,\"valueName\":\"search_term_string\"}}],\"inLanguage\":\"fi\"},{\"@type\":\"Organization\",\"@id\":\"https:\/\/idakorea.ee\/#organization\",\"name\":\"IDA.KOREA\",\"url\":\"https:\/\/idakorea.ee\/\",\"logo\":{\"@type\":\"ImageObject\",\"inLanguage\":\"fi\",\"@id\":\"https:\/\/idakorea.ee\/#\/schema\/logo\/image\/\",\"url\":\"https:\/\/idakorea.ee\/wp-content\/uploads\/2024\/05\/cropped-korea3.png\",\"contentUrl\":\"https:\/\/idakorea.ee\/wp-content\/uploads\/2024\/05\/cropped-korea3.png\",\"width\":688,\"height\":126,\"caption\":\"IDA.KOREA\"},\"image\":{\"@id\":\"https:\/\/idakorea.ee\/#\/schema\/logo\/image\/\"},\"sameAs\":[\"https:\/\/www.instagram.com\/ida.korea\/\"]}]}<\/script>\n<!-- \/ Yoast SEO plugin. -->","yoast_head_json":{"title":"VT Cosmetics Kollageenishotti S50 - IDA.KOREA","description":"VT Cosmetics Collagen Reedle Shot S50 Booster Serum lis\u00e4\u00e4 ihon kimmoisuutta ja kiinteytt\u00e4, v\u00e4hent\u00e4\u00e4 ryppyj\u00e4 ja supistaa laajentuneita ihohuokosia.","robots":{"index":"index","follow":"follow","max-snippet":"max-snippet:-1","max-image-preview":"max-image-preview:large","max-video-preview":"max-video-preview:-1"},"canonical":"https:\/\/idakorea.ee\/fi\/product\/booster-seerum-mikronoeltega-vt-cosmetics-collagen-reedle-shot-s50\/","og_locale":"fi_FI","og_type":"article","og_title":"VT Cosmetics Collagen Reedle Shot S50 - IDA.KOREA","og_description":"VT Cosmetics Collagen Reedle Shot S50 Booster-seerum suurendab naha elastsust ja tugevust, v\u00e4hendab kortsude n\u00e4htavust ja ahendab laienenud poore.","og_url":"https:\/\/idakorea.ee\/fi\/product\/booster-seerum-mikronoeltega-vt-cosmetics-collagen-reedle-shot-s50\/","og_site_name":"IDA.KOREA","article_modified_time":"2026-03-28T09:22:05+00:00","og_image":[{"width":800,"height":800,"url":"https:\/\/idakorea.ee\/wp-content\/uploads\/2024\/10\/s50.jpg","type":"image\/jpeg"}],"twitter_card":"summary_large_image","twitter_misc":{"Arvioitu lukuaika":"2 minuuttia"},"schema":{"@context":"https:\/\/schema.org","@graph":[{"@type":"WebPage","@id":"https:\/\/idakorea.ee\/product\/booster-seerum-mikronoeltega-vt-cosmetics-collagen-reedle-shot-s50\/","url":"https:\/\/idakorea.ee\/product\/booster-seerum-mikronoeltega-vt-cosmetics-collagen-reedle-shot-s50\/","name":"VT Cosmetics Kollageenishotti S50 - IDA.KOREA","isPartOf":{"@id":"https:\/\/idakorea.ee\/#website"},"primaryImageOfPage":{"@id":"https:\/\/idakorea.ee\/product\/booster-seerum-mikronoeltega-vt-cosmetics-collagen-reedle-shot-s50\/#primaryimage"},"image":{"@id":"https:\/\/idakorea.ee\/product\/booster-seerum-mikronoeltega-vt-cosmetics-collagen-reedle-shot-s50\/#primaryimage"},"thumbnailUrl":"https:\/\/idakorea.ee\/wp-content\/uploads\/2024\/10\/s50.jpg","datePublished":"2024-10-14T06:47:28+00:00","dateModified":"2026-03-28T09:22:05+00:00","description":"VT Cosmetics Collagen Reedle Shot S50 Booster Serum lis\u00e4\u00e4 ihon kimmoisuutta ja kiinteytt\u00e4, v\u00e4hent\u00e4\u00e4 ryppyj\u00e4 ja supistaa laajentuneita ihohuokosia.","breadcrumb":{"@id":"https:\/\/idakorea.ee\/product\/booster-seerum-mikronoeltega-vt-cosmetics-collagen-reedle-shot-s50\/#breadcrumb"},"inLanguage":"fi","potentialAction":[{"@type":"ReadAction","target":["https:\/\/idakorea.ee\/product\/booster-seerum-mikronoeltega-vt-cosmetics-collagen-reedle-shot-s50\/"]}]},{"@type":"ImageObject","inLanguage":"fi","@id":"https:\/\/idakorea.ee\/product\/booster-seerum-mikronoeltega-vt-cosmetics-collagen-reedle-shot-s50\/#primaryimage","url":"https:\/\/idakorea.ee\/wp-content\/uploads\/2024\/10\/s50.jpg","contentUrl":"https:\/\/idakorea.ee\/wp-content\/uploads\/2024\/10\/s50.jpg","width":800,"height":800,"caption":"vt cosmetics reedle shot"},{"@type":"BreadcrumbList","@id":"https:\/\/idakorea.ee\/product\/booster-seerum-mikronoeltega-vt-cosmetics-collagen-reedle-shot-s50\/#breadcrumb","itemListElement":[{"@type":"ListItem","position":1,"name":"\u0413\u043b\u0430\u0432\u043d\u0430\u044f \u0441\u0442\u0440\u0430\u043d\u0438\u0446\u0430","item":"https:\/\/idakorea.ee\/"},{"@type":"ListItem","position":2,"name":"Shop","item":"https:\/\/idakorea.ee\/shop-2\/"},{"@type":"ListItem","position":3,"name":"Booster-seerum mikron\u00f5eltega VT Cosmetics Collagen Reedle Shot S50"}]},{"@type":"WebSite","@id":"https:\/\/idakorea.ee\/#website","url":"https:\/\/idakorea.ee\/","name":"IDA.KOREA","description":"Korean kosmetiikan verkkokauppa","publisher":{"@id":"https:\/\/idakorea.ee\/#organization"},"alternateName":"Beauty Shop","potentialAction":[{"@type":"SearchAction","target":{"@type":"EntryPoint","urlTemplate":"https:\/\/idakorea.ee\/?s={search_term_string}"},"query-input":{"@type":"PropertyValueSpecification","valueRequired":true,"valueName":"search_term_string"}}],"inLanguage":"fi"},{"@type":"Organization","@id":"https:\/\/idakorea.ee\/#organization","name":"IDA.KOREA","url":"https:\/\/idakorea.ee\/","logo":{"@type":"ImageObject","inLanguage":"fi","@id":"https:\/\/idakorea.ee\/#\/schema\/logo\/image\/","url":"https:\/\/idakorea.ee\/wp-content\/uploads\/2024\/05\/cropped-korea3.png","contentUrl":"https:\/\/idakorea.ee\/wp-content\/uploads\/2024\/05\/cropped-korea3.png","width":688,"height":126,"caption":"IDA.KOREA"},"image":{"@id":"https:\/\/idakorea.ee\/#\/schema\/logo\/image\/"},"sameAs":["https:\/\/www.instagram.com\/ida.korea\/"]}]}},"jetpack_sharing_enabled":true,"brands":[{"id":493,"name":"VT COSMETICS","slug":"vt"}],"_links":{"self":[{"href":"https:\/\/idakorea.ee\/fi\/wp-json\/wp\/v2\/product\/10867","targetHints":{"allow":["GET"]}}],"collection":[{"href":"https:\/\/idakorea.ee\/fi\/wp-json\/wp\/v2\/product"}],"about":[{"href":"https:\/\/idakorea.ee\/fi\/wp-json\/wp\/v2\/types\/product"}],"replies":[{"embeddable":true,"href":"https:\/\/idakorea.ee\/fi\/wp-json\/wp\/v2\/comments?post=10867"}],"version-history":[{"count":1,"href":"https:\/\/idakorea.ee\/fi\/wp-json\/wp\/v2\/product\/10867\/revisions"}],"predecessor-version":[{"id":10873,"href":"https:\/\/idakorea.ee\/fi\/wp-json\/wp\/v2\/product\/10867\/revisions\/10873"}],"wp:featuredmedia":[{"embeddable":true,"href":"https:\/\/idakorea.ee\/fi\/wp-json\/wp\/v2\/media\/10869"}],"wp:attachment":[{"href":"https:\/\/idakorea.ee\/fi\/wp-json\/wp\/v2\/media?parent=10867"}],"wp:term":[{"taxonomy":"pwb-brand","embeddable":true,"href":"https:\/\/idakorea.ee\/fi\/wp-json\/wp\/v2\/pwb-brand?post=10867"},{"taxonomy":"product_brand","embeddable":true,"href":"https:\/\/idakorea.ee\/fi\/wp-json\/wp\/v2\/product_brand?post=10867"},{"taxonomy":"product_cat","embeddable":true,"href":"https:\/\/idakorea.ee\/fi\/wp-json\/wp\/v2\/product_cat?post=10867"},{"taxonomy":"product_tag","embeddable":true,"href":"https:\/\/idakorea.ee\/fi\/wp-json\/wp\/v2\/product_tag?post=10867"}],"curies":[{"name":"wp","href":"https:\/\/api.w.org\/{rel}","templated":true}]}}