{"id":10876,"date":"2024-10-14T14:11:04","date_gmt":"2024-10-14T12:11:04","guid":{"rendered":"https:\/\/idakorea.ee\/?post_type=product&#038;p=10876"},"modified":"2026-04-13T14:54:02","modified_gmt":"2026-04-13T12:54:02","slug":"noorendav-oomask-snp-birds-nest-water-sleeping-pack-4ml","status":"publish","type":"product","link":"https:\/\/idakorea.ee\/fi\/product\/noorendav-oomask-snp-birds-nest-water-sleeping-pack-4ml\/","title":{"rendered":"Nuorentava y\u00f6maski SNP Bird's Nest Water Sleeping Pack, 4ml"},"content":{"rendered":"<p>Nuorentava y\u00f6naamio <strong>SNP Bird&#039;s Nest -vesimakuupussi<\/strong> edist\u00e4\u00e4 ihon nuorentamista ja uudistumista k\u00e4ynnist\u00e4m\u00e4ll\u00e4 solunsis\u00e4isi\u00e4 uudistumisprosesseja.<\/p>\n<p>Naamio kirkastaa ihoa hell\u00e4varaisesti ja ehk\u00e4isee ik\u00e4l\u00e4iskien muodostumista rikastamalla ihoa erilaisilla hy\u00f6dyllisill\u00e4 ainesosilla, hivenaineilla ja aminohapoilla.<\/p>\n<p>Naamio kosteuttaa syv\u00e4lt\u00e4, lis\u00e4\u00e4 ihon kimmoisuutta ja kiinteytt\u00e4, rauhoittaa \u00e4rtynytt\u00e4 ihoa, v\u00e4hent\u00e4\u00e4 punoitusta ja ehk\u00e4isee tulehdusta. S\u00e4\u00e4nn\u00f6llinen k\u00e4ytt\u00f6 auttaa tasoittamaan ihon s\u00e4vy\u00e4 ja rakennetta, lis\u00e4\u00e4m\u00e4\u00e4n tervett\u00e4 hehkua ja parantamaan ihon yleisilmett\u00e4.<\/p>\n<p>Maski on saatavana k\u00e4teviss\u00e4 kertak\u00e4ytt\u00f6pakkauksissa, jotka on suunniteltu yhdelle k\u00e4ytt\u00f6kerralle.<\/p>\n<p>Naamion geelim\u00e4inen koostumus imeytyy nopeasti ja takaa miellytt\u00e4v\u00e4n unen.<\/p>\n<p><strong>Mik\u00e4 on p\u00e4\u00e4skynpes\u00e4?<\/strong><\/p>\n<p>P\u00e4\u00e4skynpes\u00e4 on seurausta p\u00e4\u00e4skyn, Etel\u00e4-Kiinan meren ja Bengalinlahden rannikolla el\u00e4v\u00e4n pikaripsilajin, el\u00e4m\u00e4ntavasta. Lintu rakentaa pes\u00e4ns\u00e4 merellisist\u00e4 tuotteista - levist\u00e4, pienist\u00e4 kaloista, nilvi\u00e4isist\u00e4 ja marjoista. N\u00e4m\u00e4 pes\u00e4t puhdistetaan huolellisesti my\u00f6hemp\u00e4\u00e4 k\u00e4ytt\u00f6\u00e4 varten. P\u00e4\u00e4skynpes\u00e4t ovat ainutlaatuisten hivenaineiden - jodin, fosforin, kaliumin, rikin, entsyymien, aminohappojen ja proteiinien - varasto. T\u00e4m\u00e4 on yksi arvokkaimmista kosmeettisista ainesosista, joka auttaa ihoa palauttamaan nuoruuden ja raikkauden.<\/p>\n<p><strong>T\u00e4rkeimm\u00e4t vaikuttavat aineet:<\/strong><br \/>\n\u2013 P\u00e4\u00e4skysenpes\u00e4uute (1250 Pdd) \u2013 hoitaa ihoa kokonaisvaltaisesti ja parantaa sen ulkon\u00e4k\u00f6\u00e4. Tasoittaa ihon mikroreliefi\u00e4, v\u00e4hent\u00e4\u00e4 ryppyjen syvyytt\u00e4 ja est\u00e4\u00e4 uusien muodostumista. Tarjoaa liev\u00e4n kiinteytt\u00e4v\u00e4n vaikutuksen. Ravitsee, pehment\u00e4\u00e4 ja raikastaa ihoa, parantaa ihonv\u00e4ri\u00e4 ja v\u00e4hent\u00e4\u00e4 sameutta. Nopeuttaa ihon uusiutumista ja palauttaa sen eheyden, lis\u00e4\u00e4 ihon kimmoisuutta ja kiinteytt\u00e4.<br \/>\n\u2013 Tokoferoli \u2013 suojaa ihoa ulkoisilta haitallisilta tekij\u00f6ilt\u00e4, est\u00e4\u00e4 tyydyttym\u00e4tt\u00f6mien lipidien hapettumista. Kyll\u00e4st\u00e4\u00e4 ihoa tehokkaasti vitamiineilla ja pystyy tunkeutumaan ihon syvempiin kerroksiin, miss\u00e4 se muuttuu E-vitamiiniksi.<\/p>\n<p>&nbsp;<\/p>\n<p>Sopii kaikille ihotyypeille.<\/p>\n<p><strong>K\u00e4ytt\u00f6:<\/strong> Levit\u00e4 tarvittava m\u00e4\u00e4r\u00e4 naamiota puhtaalle iholle iltahoidon viimeisen\u00e4 vaiheena.<\/p>","protected":false},"excerpt":{"rendered":"<p>Nuorentava SNP Bird's Nest Water Sleeping Pack auttaa nuorentamaan ja uudistamaan ihoa k\u00e4ynnist\u00e4m\u00e4ll\u00e4 solunsis\u00e4isi\u00e4 uudistumisprosesseja. Naamio kirkastaa ihoa hell\u00e4varaisesti ja ehk\u00e4isee pigmenttil\u00e4iski\u00e4 rikastamalla ihoa monilla hy\u00f6dyllisill\u00e4 ainesosilla, hivenaineilla ja aminohapoilla. Naamio kosteuttaa syv\u00e4sti, lis\u00e4\u00e4 ihon kimmoisuutta ja kiinteytt\u00e4, rauhoittaa \u00e4rtynytt\u00e4 ihoa, v\u00e4hent\u00e4\u00e4 punoitusta ja ehk\u00e4isee tulehduksia. S\u00e4\u00e4nn\u00f6llinen k\u00e4ytt\u00f6 auttaa tasoittamaan ihoa...<\/p>","protected":false},"featured_media":10877,"comment_status":"open","ping_status":"closed","template":"","meta":{"_uf_show_specific_survey":0,"_uf_disable_surveys":false,"_bst_post_transparent":"default","_bst_post_title":"","_bst_post_layout":"default","_bst_post_sidebar_id":"","_bst_post_content_style":"default","_bst_post_vertical_padding":"default","_bst_post_feature":"","_bst_post_feature_position":"","_bst_post_header":false,"_bst_post_footer":false},"pwb-brand":[642],"product_brand":[],"product_cat":[92,98],"product_tag":[643],"class_list":{"0":"post-10876","1":"product","2":"type-product","3":"status-publish","4":"has-post-thumbnail","6":"pwb-brand-snp","7":"product_cat-nagu","8":"product_cat-naomaskid","9":"product_tag-birds-nest","11":"first","12":"instock","13":"sale","14":"shipping-taxable","15":"purchasable","16":"product-type-simple","17":"entry","18":"content-bg","19":"loop-entry"},"supplier_id":null,"supplier_sku":"","barcode":null,"atum_controlled":true,"out_stock_date":null,"out_stock_threshold":null,"inheritable":false,"inbound_stock":0,"stock_on_hold":0,"sold_today":0,"sales_last_days":3,"out_stock_days":0,"lost_sales":0,"has_location":false,"update_date":"2026-04-14T09:07:39","atum_locations":[],"atum_stock_status":"instock","restock_status":false,"low_stock_amount":"","sales_update_date":"2026-04-14T09:07:39","calc_backorders":null,"yoast_head":"<!-- This site is optimized with the Yoast SEO plugin v27.2 - https:\/\/yoast.com\/product\/yoast-seo-wordpress\/ -->\n<title>Noorendav \u00f6\u00f6mask SNP Bird&#039;s Nest Water Sleeping Pack, 4ml - IDA.KOREA<\/title>\n<meta name=\"robots\" content=\"index, follow, max-snippet:-1, max-image-preview:large, max-video-preview:-1\" \/>\n<link rel=\"canonical\" href=\"https:\/\/idakorea.ee\/fi\/product\/noorendav-oomask-snp-birds-nest-water-sleeping-pack-4ml\/\" \/>\n<meta property=\"og:locale\" content=\"fi_FI\" \/>\n<meta property=\"og:type\" content=\"article\" \/>\n<meta property=\"og:title\" content=\"Noorendav \u00f6\u00f6mask SNP Bird&#039;s Nest Water Sleeping Pack, 4ml - IDA.KOREA\" \/>\n<meta property=\"og:description\" content=\"Noorendav \u00f6\u00f6mask SNP Bird&#8217;s Nest Water Sleeping Pack aitab kaasa naha noorendamisele ja uuenemisele, k\u00e4ivitades rakusisese regenereerimise protsessid. Mask heledab nahka \u00f5rnalt ja hoiab \u00e4ra pigmendilaikude tekkimise, rikastades nahka erinevate kasulike koostisosade, mikroelementide ja aminohapetega. Mask niisutab s\u00fcgavuti, suurendab naha elastsust ja tugevust, rahustab \u00e4rritunud nahka, v\u00e4hendab punetust ja ennetab p\u00f5letikke. Regulaarne kasutamine aitab \u00fchtlustada...\" \/>\n<meta property=\"og:url\" content=\"https:\/\/idakorea.ee\/fi\/product\/noorendav-oomask-snp-birds-nest-water-sleeping-pack-4ml\/\" \/>\n<meta property=\"og:site_name\" content=\"IDA.KOREA\" \/>\n<meta property=\"article:modified_time\" content=\"2026-04-13T12:54:02+00:00\" \/>\n<meta property=\"og:image\" content=\"https:\/\/idakorea.ee\/wp-content\/uploads\/2024\/10\/snp-bit.png\" \/>\n\t<meta property=\"og:image:width\" content=\"800\" \/>\n\t<meta property=\"og:image:height\" content=\"800\" \/>\n\t<meta property=\"og:image:type\" content=\"image\/png\" \/>\n<meta name=\"twitter:card\" content=\"summary_large_image\" \/>\n<meta name=\"twitter:label1\" content=\"Arvioitu lukuaika\" \/>\n\t<meta name=\"twitter:data1\" content=\"2 minuuttia\" \/>\n<script type=\"application\/ld+json\" class=\"yoast-schema-graph\">{\"@context\":\"https:\/\/schema.org\",\"@graph\":[{\"@type\":\"WebPage\",\"@id\":\"https:\/\/idakorea.ee\/product\/noorendav-oomask-snp-birds-nest-water-sleeping-pack-4ml\/\",\"url\":\"https:\/\/idakorea.ee\/product\/noorendav-oomask-snp-birds-nest-water-sleeping-pack-4ml\/\",\"name\":\"Noorendav \u00f6\u00f6mask SNP Bird's Nest Water Sleeping Pack, 4ml - IDA.KOREA\",\"isPartOf\":{\"@id\":\"https:\/\/idakorea.ee\/#website\"},\"primaryImageOfPage\":{\"@id\":\"https:\/\/idakorea.ee\/product\/noorendav-oomask-snp-birds-nest-water-sleeping-pack-4ml\/#primaryimage\"},\"image\":{\"@id\":\"https:\/\/idakorea.ee\/product\/noorendav-oomask-snp-birds-nest-water-sleeping-pack-4ml\/#primaryimage\"},\"thumbnailUrl\":\"https:\/\/idakorea.ee\/wp-content\/uploads\/2024\/10\/snp-bit.png\",\"datePublished\":\"2024-10-14T12:11:04+00:00\",\"dateModified\":\"2026-04-13T12:54:02+00:00\",\"breadcrumb\":{\"@id\":\"https:\/\/idakorea.ee\/product\/noorendav-oomask-snp-birds-nest-water-sleeping-pack-4ml\/#breadcrumb\"},\"inLanguage\":\"fi\",\"potentialAction\":[{\"@type\":\"ReadAction\",\"target\":[\"https:\/\/idakorea.ee\/product\/noorendav-oomask-snp-birds-nest-water-sleeping-pack-4ml\/\"]}]},{\"@type\":\"ImageObject\",\"inLanguage\":\"fi\",\"@id\":\"https:\/\/idakorea.ee\/product\/noorendav-oomask-snp-birds-nest-water-sleeping-pack-4ml\/#primaryimage\",\"url\":\"https:\/\/idakorea.ee\/wp-content\/uploads\/2024\/10\/snp-bit.png\",\"contentUrl\":\"https:\/\/idakorea.ee\/wp-content\/uploads\/2024\/10\/snp-bit.png\",\"width\":800,\"height\":800,\"caption\":\"snp birds nest sleeping pack\"},{\"@type\":\"BreadcrumbList\",\"@id\":\"https:\/\/idakorea.ee\/product\/noorendav-oomask-snp-birds-nest-water-sleeping-pack-4ml\/#breadcrumb\",\"itemListElement\":[{\"@type\":\"ListItem\",\"position\":1,\"name\":\"\u0413\u043b\u0430\u0432\u043d\u0430\u044f \u0441\u0442\u0440\u0430\u043d\u0438\u0446\u0430\",\"item\":\"https:\/\/idakorea.ee\/\"},{\"@type\":\"ListItem\",\"position\":2,\"name\":\"Shop\",\"item\":\"https:\/\/idakorea.ee\/shop-2\/\"},{\"@type\":\"ListItem\",\"position\":3,\"name\":\"Noorendav \u00f6\u00f6mask SNP Bird&#8217;s Nest Water Sleeping Pack, 4ml\"}]},{\"@type\":\"WebSite\",\"@id\":\"https:\/\/idakorea.ee\/#website\",\"url\":\"https:\/\/idakorea.ee\/\",\"name\":\"IDA.KOREA\",\"description\":\"Korea kosmeetika e-pood\",\"publisher\":{\"@id\":\"https:\/\/idakorea.ee\/#organization\"},\"alternateName\":\"Beauty Shop\",\"potentialAction\":[{\"@type\":\"SearchAction\",\"target\":{\"@type\":\"EntryPoint\",\"urlTemplate\":\"https:\/\/idakorea.ee\/?s={search_term_string}\"},\"query-input\":{\"@type\":\"PropertyValueSpecification\",\"valueRequired\":true,\"valueName\":\"search_term_string\"}}],\"inLanguage\":\"fi\"},{\"@type\":\"Organization\",\"@id\":\"https:\/\/idakorea.ee\/#organization\",\"name\":\"IDA.KOREA\",\"url\":\"https:\/\/idakorea.ee\/\",\"logo\":{\"@type\":\"ImageObject\",\"inLanguage\":\"fi\",\"@id\":\"https:\/\/idakorea.ee\/#\/schema\/logo\/image\/\",\"url\":\"https:\/\/idakorea.ee\/wp-content\/uploads\/2024\/05\/cropped-korea3.png\",\"contentUrl\":\"https:\/\/idakorea.ee\/wp-content\/uploads\/2024\/05\/cropped-korea3.png\",\"width\":688,\"height\":126,\"caption\":\"IDA.KOREA\"},\"image\":{\"@id\":\"https:\/\/idakorea.ee\/#\/schema\/logo\/image\/\"},\"sameAs\":[\"https:\/\/www.instagram.com\/ida.korea\/\"]}]}<\/script>\n<!-- \/ Yoast SEO plugin. -->","yoast_head_json":{"title":"Nuorentava y\u00f6naamio SNP Bird&#039;s Nest Water Sleeping Pack, 4ml - IDA.KOREA","robots":{"index":"index","follow":"follow","max-snippet":"max-snippet:-1","max-image-preview":"max-image-preview:large","max-video-preview":"max-video-preview:-1"},"canonical":"https:\/\/idakorea.ee\/fi\/product\/noorendav-oomask-snp-birds-nest-water-sleeping-pack-4ml\/","og_locale":"fi_FI","og_type":"article","og_title":"Noorendav \u00f6\u00f6mask SNP Bird's Nest Water Sleeping Pack, 4ml - IDA.KOREA","og_description":"Noorendav \u00f6\u00f6mask SNP Bird&#8217;s Nest Water Sleeping Pack aitab kaasa naha noorendamisele ja uuenemisele, k\u00e4ivitades rakusisese regenereerimise protsessid. Mask heledab nahka \u00f5rnalt ja hoiab \u00e4ra pigmendilaikude tekkimise, rikastades nahka erinevate kasulike koostisosade, mikroelementide ja aminohapetega. Mask niisutab s\u00fcgavuti, suurendab naha elastsust ja tugevust, rahustab \u00e4rritunud nahka, v\u00e4hendab punetust ja ennetab p\u00f5letikke. Regulaarne kasutamine aitab \u00fchtlustada...","og_url":"https:\/\/idakorea.ee\/fi\/product\/noorendav-oomask-snp-birds-nest-water-sleeping-pack-4ml\/","og_site_name":"IDA.KOREA","article_modified_time":"2026-04-13T12:54:02+00:00","og_image":[{"width":800,"height":800,"url":"https:\/\/idakorea.ee\/wp-content\/uploads\/2024\/10\/snp-bit.png","type":"image\/png"}],"twitter_card":"summary_large_image","twitter_misc":{"Arvioitu lukuaika":"2 minuuttia"},"schema":{"@context":"https:\/\/schema.org","@graph":[{"@type":"WebPage","@id":"https:\/\/idakorea.ee\/product\/noorendav-oomask-snp-birds-nest-water-sleeping-pack-4ml\/","url":"https:\/\/idakorea.ee\/product\/noorendav-oomask-snp-birds-nest-water-sleeping-pack-4ml\/","name":"Nuorentava y\u00f6naamio SNP Bird&#039;s Nest Water Sleeping Pack, 4ml - IDA.KOREA","isPartOf":{"@id":"https:\/\/idakorea.ee\/#website"},"primaryImageOfPage":{"@id":"https:\/\/idakorea.ee\/product\/noorendav-oomask-snp-birds-nest-water-sleeping-pack-4ml\/#primaryimage"},"image":{"@id":"https:\/\/idakorea.ee\/product\/noorendav-oomask-snp-birds-nest-water-sleeping-pack-4ml\/#primaryimage"},"thumbnailUrl":"https:\/\/idakorea.ee\/wp-content\/uploads\/2024\/10\/snp-bit.png","datePublished":"2024-10-14T12:11:04+00:00","dateModified":"2026-04-13T12:54:02+00:00","breadcrumb":{"@id":"https:\/\/idakorea.ee\/product\/noorendav-oomask-snp-birds-nest-water-sleeping-pack-4ml\/#breadcrumb"},"inLanguage":"fi","potentialAction":[{"@type":"ReadAction","target":["https:\/\/idakorea.ee\/product\/noorendav-oomask-snp-birds-nest-water-sleeping-pack-4ml\/"]}]},{"@type":"ImageObject","inLanguage":"fi","@id":"https:\/\/idakorea.ee\/product\/noorendav-oomask-snp-birds-nest-water-sleeping-pack-4ml\/#primaryimage","url":"https:\/\/idakorea.ee\/wp-content\/uploads\/2024\/10\/snp-bit.png","contentUrl":"https:\/\/idakorea.ee\/wp-content\/uploads\/2024\/10\/snp-bit.png","width":800,"height":800,"caption":"snp birds nest sleeping pack"},{"@type":"BreadcrumbList","@id":"https:\/\/idakorea.ee\/product\/noorendav-oomask-snp-birds-nest-water-sleeping-pack-4ml\/#breadcrumb","itemListElement":[{"@type":"ListItem","position":1,"name":"\u0413\u043b\u0430\u0432\u043d\u0430\u044f \u0441\u0442\u0440\u0430\u043d\u0438\u0446\u0430","item":"https:\/\/idakorea.ee\/"},{"@type":"ListItem","position":2,"name":"Shop","item":"https:\/\/idakorea.ee\/shop-2\/"},{"@type":"ListItem","position":3,"name":"Noorendav \u00f6\u00f6mask SNP Bird&#8217;s Nest Water Sleeping Pack, 4ml"}]},{"@type":"WebSite","@id":"https:\/\/idakorea.ee\/#website","url":"https:\/\/idakorea.ee\/","name":"IDA.KOREA","description":"Korean kosmetiikan verkkokauppa","publisher":{"@id":"https:\/\/idakorea.ee\/#organization"},"alternateName":"Beauty Shop","potentialAction":[{"@type":"SearchAction","target":{"@type":"EntryPoint","urlTemplate":"https:\/\/idakorea.ee\/?s={search_term_string}"},"query-input":{"@type":"PropertyValueSpecification","valueRequired":true,"valueName":"search_term_string"}}],"inLanguage":"fi"},{"@type":"Organization","@id":"https:\/\/idakorea.ee\/#organization","name":"IDA.KOREA","url":"https:\/\/idakorea.ee\/","logo":{"@type":"ImageObject","inLanguage":"fi","@id":"https:\/\/idakorea.ee\/#\/schema\/logo\/image\/","url":"https:\/\/idakorea.ee\/wp-content\/uploads\/2024\/05\/cropped-korea3.png","contentUrl":"https:\/\/idakorea.ee\/wp-content\/uploads\/2024\/05\/cropped-korea3.png","width":688,"height":126,"caption":"IDA.KOREA"},"image":{"@id":"https:\/\/idakorea.ee\/#\/schema\/logo\/image\/"},"sameAs":["https:\/\/www.instagram.com\/ida.korea\/"]}]}},"jetpack_sharing_enabled":true,"brands":[{"id":642,"name":"SNP","slug":"snp"}],"_links":{"self":[{"href":"https:\/\/idakorea.ee\/fi\/wp-json\/wp\/v2\/product\/10876","targetHints":{"allow":["GET"]}}],"collection":[{"href":"https:\/\/idakorea.ee\/fi\/wp-json\/wp\/v2\/product"}],"about":[{"href":"https:\/\/idakorea.ee\/fi\/wp-json\/wp\/v2\/types\/product"}],"replies":[{"embeddable":true,"href":"https:\/\/idakorea.ee\/fi\/wp-json\/wp\/v2\/comments?post=10876"}],"version-history":[{"count":2,"href":"https:\/\/idakorea.ee\/fi\/wp-json\/wp\/v2\/product\/10876\/revisions"}],"predecessor-version":[{"id":15611,"href":"https:\/\/idakorea.ee\/fi\/wp-json\/wp\/v2\/product\/10876\/revisions\/15611"}],"wp:featuredmedia":[{"embeddable":true,"href":"https:\/\/idakorea.ee\/fi\/wp-json\/wp\/v2\/media\/10877"}],"wp:attachment":[{"href":"https:\/\/idakorea.ee\/fi\/wp-json\/wp\/v2\/media?parent=10876"}],"wp:term":[{"taxonomy":"pwb-brand","embeddable":true,"href":"https:\/\/idakorea.ee\/fi\/wp-json\/wp\/v2\/pwb-brand?post=10876"},{"taxonomy":"product_brand","embeddable":true,"href":"https:\/\/idakorea.ee\/fi\/wp-json\/wp\/v2\/product_brand?post=10876"},{"taxonomy":"product_cat","embeddable":true,"href":"https:\/\/idakorea.ee\/fi\/wp-json\/wp\/v2\/product_cat?post=10876"},{"taxonomy":"product_tag","embeddable":true,"href":"https:\/\/idakorea.ee\/fi\/wp-json\/wp\/v2\/product_tag?post=10876"}],"curies":[{"name":"wp","href":"https:\/\/api.w.org\/{rel}","templated":true}]}}